{"id":1804,"date":"2020-06-03T11:20:58","date_gmt":"2020-06-03T09:20:58","guid":{"rendered":"http:\/\/demainlargentiere.fr\/?page_id=1804"},"modified":"2020-12-20T12:04:56","modified_gmt":"2020-12-20T11:04:56","slug":"le-premier-conseil-municipal-dinstallation-25-mai-2020","status":"publish","type":"page","link":"https:\/\/demainlargentiere.fr\/index.php\/le-premier-conseil-municipal-dinstallation-25-mai-2020\/","title":{"rendered":"Le premier conseil municipal d&rsquo;installation &#8211; 25 mai 2020"},"content":{"rendered":"\n<figure class=\"wp-block-gallery columns-2 is-cropped wp-block-gallery-1 is-layout-flex wp-block-gallery-is-layout-flex\"><ul class=\"blocks-gallery-grid\"><li class=\"blocks-gallery-item\"><figure><img loading=\"lazy\" decoding=\"async\" width=\"599\" height=\"851\" src=\"http:\/\/demainlargentiere.fr\/wp-content\/uploads\/2020\/05\/Convocation-pour-CM-du-25.05.2020.pdf-Adobe-Acrobat-Pro.jpg\" alt=\"\" data-id=\"1737\" data-full-url=\"http:\/\/demainlargentiere.fr\/wp-content\/uploads\/2020\/05\/Convocation-pour-CM-du-25.05.2020.pdf-Adobe-Acrobat-Pro.jpg\" data-link=\"http:\/\/demainlargentiere.fr\/index.php\/les-conseils-municipaux\/convocation-pour-cm-du-25-05-2020-pdf-adobe-acrobat-pro\/\" class=\"wp-image-1737\" srcset=\"https:\/\/demainlargentiere.fr\/wp-content\/uploads\/2020\/05\/Convocation-pour-CM-du-25.05.2020.pdf-Adobe-Acrobat-Pro.jpg 599w, https:\/\/demainlargentiere.fr\/wp-content\/uploads\/2020\/05\/Convocation-pour-CM-du-25.05.2020.pdf-Adobe-Acrobat-Pro-211x300.jpg 211w\" sizes=\"auto, (max-width: 599px) 100vw, 599px\" \/><\/figure><\/li><li class=\"blocks-gallery-item\"><figure><img loading=\"lazy\" decoding=\"async\" width=\"720\" height=\"748\" src=\"http:\/\/demainlargentiere.fr\/wp-content\/uploads\/2020\/05\/CharteAmf.jpg\" alt=\"\" data-id=\"1762\" data-full-url=\"http:\/\/demainlargentiere.fr\/wp-content\/uploads\/2020\/05\/CharteAmf.jpg\" data-link=\"http:\/\/demainlargentiere.fr\/index.php\/les-conseils-municipaux\/charteamf\/\" class=\"wp-image-1762\" srcset=\"https:\/\/demainlargentiere.fr\/wp-content\/uploads\/2020\/05\/CharteAmf.jpg 720w, https:\/\/demainlargentiere.fr\/wp-content\/uploads\/2020\/05\/CharteAmf-289x300.jpg 289w\" sizes=\"auto, (max-width: 720px) 100vw, 720px\" \/><figcaption class=\"blocks-gallery-item__caption\">Lire la <a rel=\"noreferrer noopener\" href=\"https:\/\/www.amf.asso.fr\/documents-la-charte-elue-locale\/inc\/fichier.php?FTP=76a474cff65f67bb221536593591bc9c.pdf&amp;ID_DOC=39654\" target=\"_blank\">Charte et ses 7 r\u00e8gles d&rsquo;or <\/a><\/figcaption><\/figure><\/li><\/ul><\/figure>\n\n\n\n<p>Le Maire sortant, Jean-Roger Durand, a \u00e9t\u00e9 renouvel\u00e9 dans ses fonctions pour son quatri\u00e8me mandat. Les adjoints \u00e9lus sont Mme Hugette Anjolras, Mr Cl\u00e9ment Emmanuel, Mme Agn\u00e8s Maigron, Mr Alban Guillemin. 15 votes en faveur de ces candidats et 4 blancs. <\/p>\n\n\n\n<h4 class=\"wp-block-heading\">Nos prises de paroles <img loading=\"lazy\" decoding=\"async\" width=\"40\" height=\"40\" class=\"wp-image-1132\" style=\"width: 40px;\" src=\"http:\/\/demainlargentiere.fr\/wp-content\/uploads\/2020\/02\/rencontre.png\" alt=\"Picto rencontre Largenti\u00e8re\" srcset=\"https:\/\/demainlargentiere.fr\/wp-content\/uploads\/2020\/02\/rencontre.png 418w, https:\/\/demainlargentiere.fr\/wp-content\/uploads\/2020\/02\/rencontre-300x300.png 300w, https:\/\/demainlargentiere.fr\/wp-content\/uploads\/2020\/02\/rencontre-150x150.png 150w\" sizes=\"auto, (max-width: 40px) 100vw, 40px\" \/><\/h4>\n\n\n\n<p>Claudine Fournet, Jean-Philippe Smadja, Mil\u00e8ne Villard et Bruno Descombe, \u00e9lu\u00b7e\u00b7s de Demain Largenti\u00e8re ont pris la parole pour :<\/p>\n\n\n\n<p>1. <strong>d\u00e9clarer nos engagements<\/strong> : <a href=\"http:\/\/demainlargentiere.fr\/index.php\/declaration-dengagement-de-lexercice-2020-2026\/\" target=\"_blank\" rel=\"noreferrer noopener\">consulter la d\u00e9claration d&rsquo;engagement<\/a> qui constitue la colonne vert\u00e9brale de notre travail pour ces 6 ans \u00e0 venir.<\/p>\n\n\n\n<p>2. informer que nous <strong>enregistrerons* tous les conseils municipaux<\/strong> afin de pouvoir ult\u00e9rieurement les<strong> retranscrire et\/ou en faire un r\u00e9sum\u00e9 exhaustif <\/strong>pour les citoyennes et citoyens de Largenti\u00e8re car la transparence et l&rsquo;information sont au c\u0153ur de nos pr\u00e9occupations. <em>(*Retranscription et\/ou audio ci-dessous)<\/em><\/p>\n\n\n\n<p>3.<strong> questionner sur un d\u00e9faut d&rsquo;information <\/strong>: la loi a pr\u00e9vu que Monsieur le Maire nous donne lecture et copie de la \u00ab\u00a0charte de l&rsquo;\u00e9lu local\u00a0\u00bb &#8211; <em>ce qui fut fait <\/em>&#8211; mais \u00e9galement le chapitre du CGCT &#8211; <em>qui lui a \u00e9t\u00e9 omis<\/em> &#8211; consacr\u00e9 aux \u00ab&nbsp;Conditions d\u2019exercice des mandats locaux<strong>&nbsp;<\/strong>\u00bb qui stipule notamment que tout employeur se doit d\u2019accorder le temps n\u00e9cessaire \u00e0 l\u2019exercice \u00e0 tous employ\u00e9s membre d\u2019un CM. (<a href=\"https:\/\/www.legifrance.gouv.fr\/affichCode.do?idArticle=LEGIARTI000041412034&amp;idSectionTA=LEGISCTA000006192258&amp;cidTexte=LEGITEXT000006070633&amp;dateTexte=20191229\">articles L2123-1 \u00e0 L2123- 35 et R2123-1 \u00e0 D2123-28<\/a>).<\/p>\n\n\n\n<p>4. <strong>proposer de signer la charte de l&rsquo;\u00e9lu local<\/strong>, dont le maire a fait la lecture, <strong>que les \u00e9lus \u00ab\u00a0pour une cit\u00e9e d&rsquo;avenir\u00a0\u00bb ont refus\u00e9<\/strong>, or cette charte instaure un cadre de pr\u00e9vention du risque d&rsquo;infraction au sein des collectivit\u00e9s, au travers de 7 r\u00e8gles d\u2019or que tout \u00e9lu est tenu de respecter. Un acte symbolique qu&rsquo;il aurait \u00e9t\u00e9 bon de faire pour r\u00e9tablir le lien de confiance avec les habitants.<\/p>\n\n\n\n<p>5.<em> <\/em>interroger sur le <strong>choix du nombre d&rsquo;adjoints<\/strong>.<\/p>\n\n\n\n<h4 class=\"wp-block-heading\">La retranscription, quelques phrases cl\u00e9s des \u00e9lu\u00b7e\u00b7s d&rsquo; \u00ab\u00a0Une cit\u00e9 d&rsquo;avenir\u00a0\u00bb :<\/h4>\n\n\n\n<p><strong>Jean-Roger Durand : <\/strong>\u00ab\u00a0Et je prends acte du fait que la liste Demain Largenti\u00e8re veut participer \u00e0 l&rsquo;action communale et elle en est la bienvenue au nom de tout le conseil municipal.\u00a0\u00bb [ 23&rsquo;56]<\/p>\n\n\n\n<p><strong>Jean-Roger Durand&nbsp;:<\/strong>&nbsp;\u00ab\u00a0Le r\u00e8glement int\u00e9rieur on va y travailler mais s&rsquo;il vous plait ce n&rsquo;est pas \u00e0 l&rsquo;ordre du jour ce soir. C&rsquo;est dans les 6 mois. Donc&#8230;On va le faire on va le faire.\u00a0\u00bb<\/p>\n\n\n\n<p><strong>Bernard Lacroix :<\/strong><em>&nbsp;\u00ab\u00a0<\/em>J&rsquo;voudrais dire, la Charte bon c&rsquo;est bien, aller plus loin pourquoi pas.&nbsp;Bon moi personnellement \u00e7a fait mon 5\u00e8me mandat, j&rsquo;ai rien \u00e0 me reprocher, et la plupart d&rsquo;ailleurs y&rsquo;en a pas mal aussi des comme \u00e7a\u00a0\u00bb.<\/p>\n\n\n\n<p><strong>Huguette Anjolras&nbsp;:<\/strong><em>&nbsp;<\/em>\u00ab\u00a0Vous savez, l&rsquo;acte symbolique elle est dans les actes du quotidien et tous les jours. Signer un document pour le signer, moi j&rsquo;en vois pas l&rsquo;int\u00e9r\u00eat. Je rejoins un petit peu Bernard dans ce sens l\u00e0, o\u00f9, on s&rsquo;est engag\u00e9s, on a \u00e9t\u00e9 \u00e9lus, notre engagement il est fort, et c&rsquo;est pas de signer un document ou de pas le signer qui changera notre engagement, voil\u00e0. Apr\u00e8s que ce soit un acte symbolique euh oui mais je pense qu&rsquo;on a tous \u00e0 c\u0153ur de mener \u00e0 bien notre mandat et il n&rsquo; y a pas de raison qu&rsquo;on aille pas dans ce sens l\u00e0. L\u00e0 dessus on est tr\u00e8s clairs.\u00a0\u00bb<\/p>\n\n\n\n<h4 class=\"has-text-align-left wp-block-heading\">La retranscription, dans son int\u00e9gralit\u00e9, du CM <img loading=\"lazy\" decoding=\"async\" width=\"40\" height=\"40\" class=\"wp-image-1131\" style=\"width: 40px;\" src=\"http:\/\/demainlargentiere.fr\/wp-content\/uploads\/2020\/02\/programme.png\" alt=\"Picto campagne Demain Largenti\u00e8re\" srcset=\"https:\/\/demainlargentiere.fr\/wp-content\/uploads\/2020\/02\/programme.png 417w, https:\/\/demainlargentiere.fr\/wp-content\/uploads\/2020\/02\/programme-300x300.png 300w, https:\/\/demainlargentiere.fr\/wp-content\/uploads\/2020\/02\/programme-150x150.png 150w\" sizes=\"auto, (max-width: 40px) 100vw, 40px\" \/><\/h4>\n\n\n\n<p class=\"has-text-align-right\"><div class=\"sdm_download_button_box_default\"><div class=\"sdm_download_link\"><a href=\"https:\/\/demainlargentiere.fr\/?sdm_process_download=1&download_id=2100\" class=\"sdm_download green\" title=\"Retranscription conseil-municipal-dinstallation-25-mai-2020\" target=&quot;_blank&quot;>T\u00e9l\u00e9charger la retranscription<\/a><\/div><\/div><\/p>\n\n\n\n<h4 class=\"has-text-align-left wp-block-heading\">Le podcast du CM <img loading=\"lazy\" decoding=\"async\" width=\"40\" height=\"40\" class=\"wp-image-1128\" style=\"width: 40px;\" src=\"http:\/\/demainlargentiere.fr\/wp-content\/uploads\/2020\/02\/conference.png\" alt=\"Picto conf \u00e9lection\" srcset=\"https:\/\/demainlargentiere.fr\/wp-content\/uploads\/2020\/02\/conference.png 417w, https:\/\/demainlargentiere.fr\/wp-content\/uploads\/2020\/02\/conference-300x300.png 300w, https:\/\/demainlargentiere.fr\/wp-content\/uploads\/2020\/02\/conference-150x150.png 150w\" sizes=\"auto, (max-width: 40px) 100vw, 40px\" \/><\/h4>\n\n\n\n<figure class=\"wp-block-audio\"><audio controls src=\"http:\/\/demainlargentiere.fr\/wp-content\/uploads\/2020\/06\/conseil-muni.-25-05-20.mp3\"><\/audio><\/figure>\n\n\n\n<h4 class=\"wp-block-heading\">La presse <img loading=\"lazy\" decoding=\"async\" width=\"40\" height=\"40\" class=\"wp-image-1127\" style=\"width: 40px;\" src=\"http:\/\/demainlargentiere.fr\/wp-content\/uploads\/2020\/02\/agenda.png\" alt=\"Picto programme Demain Largenti\u00e8re\" srcset=\"https:\/\/demainlargentiere.fr\/wp-content\/uploads\/2020\/02\/agenda.png 418w, https:\/\/demainlargentiere.fr\/wp-content\/uploads\/2020\/02\/agenda-300x300.png 300w, https:\/\/demainlargentiere.fr\/wp-content\/uploads\/2020\/02\/agenda-150x150.png 150w\" sizes=\"auto, (max-width: 40px) 100vw, 40px\" \/><\/h4>\n\n\n\n<figure class=\"wp-block-image size-large is-resized\"><img loading=\"lazy\" decoding=\"async\" src=\"http:\/\/demainlargentiere.fr\/wp-content\/uploads\/2020\/06\/dauphin\u00e9-28.05.jpg\" alt=\"Tribune\" class=\"wp-image-2001\" width=\"450\" height=\"385\" srcset=\"https:\/\/demainlargentiere.fr\/wp-content\/uploads\/2020\/06\/dauphin\u00e9-28.05.jpg 675w, https:\/\/demainlargentiere.fr\/wp-content\/uploads\/2020\/06\/dauphin\u00e9-28.05-300x256.jpg 300w\" sizes=\"auto, (max-width: 450px) 100vw, 450px\" \/><figcaption>Lire l&rsquo;article dans son int\u00e9gralit\u00e9 sur la Tribune 28.05.2020 <\/figcaption><\/figure>\n\n\n\n<hr class=\"wp-block-separator\"\/>\n\n\n\n<p>Le&nbsp;<a href=\"https:\/\/www.largentiere.fr\/mairie\/comptes-rendus-des-conseils-municipaux\/\">compte rendu du conseil municipa<\/a>l dans son int\u00e9gralit\u00e9&nbsp;sur le site de la commune de Largenti\u00e8re.<\/p>\n\n\n\n<hr class=\"wp-block-separator\"\/>\n\n\n\n<p><\/p>\n","protected":false},"excerpt":{"rendered":"<p>Le Maire sortant, Jean-Roger Durand, a \u00e9t\u00e9 renouvel\u00e9 dans ses fonctions pour son quatri\u00e8me mandat. Les adjoints \u00e9lus sont Mme Hugette Anjolras, Mr Cl\u00e9ment Emmanuel, Mme Agn\u00e8s Maigron, Mr Alban Guillemin. 15 votes en faveur de ces candidats et 4 blancs. Nos prises de paroles Claudine Fournet, Jean-Philippe Smadja, Mil\u00e8ne Villard et Bruno Descombe, \u00e9lu\u00b7e\u00b7s &hellip; <\/p>\n<p class=\"link-more\"><a href=\"https:\/\/demainlargentiere.fr\/index.php\/le-premier-conseil-municipal-dinstallation-25-mai-2020\/\" class=\"more-link\">Continuer la lecture <span class=\"screen-reader-text\"> \u00ab\u00a0Le premier conseil municipal d&rsquo;installation &#8211; 25 mai 2020\u00a0\u00bb<\/span><\/a><\/p>\n","protected":false},"author":2,"featured_media":0,"parent":0,"menu_order":0,"comment_status":"closed","ping_status":"closed","template":"","meta":{"ngg_post_thumbnail":0,"footnotes":""},"class_list":["post-1804","page","type-page","status-publish","hentry","entry"],"yoast_head":"<!-- This site is optimized with the Yoast SEO plugin v27.4 - https:\/\/yoast.com\/product\/yoast-seo-wordpress\/ -->\n<title>Le premier conseil municipal d&#039;installation - 25 mai 2020 - Demain LARGENTIERE !<\/title>\n<meta name=\"robots\" content=\"index, follow, max-snippet:-1, max-image-preview:large, max-video-preview:-1\" \/>\n<link rel=\"canonical\" href=\"https:\/\/demainlargentiere.fr\/index.php\/le-premier-conseil-municipal-dinstallation-25-mai-2020\/\" \/>\n<meta property=\"og:locale\" content=\"fr_FR\" \/>\n<meta property=\"og:type\" content=\"article\" \/>\n<meta property=\"og:title\" content=\"Le premier conseil municipal d&#039;installation - 25 mai 2020 - Demain LARGENTIERE !\" \/>\n<meta property=\"og:description\" content=\"Le Maire sortant, Jean-Roger Durand, a \u00e9t\u00e9 renouvel\u00e9 dans ses fonctions pour son quatri\u00e8me mandat. Les adjoints \u00e9lus sont Mme Hugette Anjolras, Mr Cl\u00e9ment Emmanuel, Mme Agn\u00e8s Maigron, Mr Alban Guillemin. 15 votes en faveur de ces candidats et 4 blancs. Nos prises de paroles Claudine Fournet, Jean-Philippe Smadja, Mil\u00e8ne Villard et Bruno Descombe, \u00e9lu\u00b7e\u00b7s &hellip; Continuer la lecture \u00ab\u00a0Le premier conseil municipal d&rsquo;installation &#8211; 25 mai 2020\u00a0\u00bb\" \/>\n<meta property=\"og:url\" content=\"https:\/\/demainlargentiere.fr\/index.php\/le-premier-conseil-municipal-dinstallation-25-mai-2020\/\" \/>\n<meta property=\"og:site_name\" content=\"Demain LARGENTIERE !\" \/>\n<meta property=\"article:publisher\" content=\"https:\/\/www.facebook.com\/DemainLargentiere\/\" \/>\n<meta property=\"article:modified_time\" content=\"2020-12-20T11:04:56+00:00\" \/>\n<meta property=\"og:image\" content=\"http:\/\/demainlargentiere.fr\/wp-content\/uploads\/2020\/05\/Convocation-pour-CM-du-25.05.2020.pdf-Adobe-Acrobat-Pro.jpg\" \/>\n<meta name=\"twitter:card\" content=\"summary_large_image\" \/>\n<meta name=\"twitter:label1\" content=\"Dur\u00e9e de lecture estim\u00e9e\" \/>\n\t<meta name=\"twitter:data1\" content=\"3 minutes\" \/>\n<script type=\"application\/ld+json\" class=\"yoast-schema-graph\">{\"@context\":\"https:\\\/\\\/schema.org\",\"@graph\":[{\"@type\":\"WebPage\",\"@id\":\"https:\\\/\\\/demainlargentiere.fr\\\/index.php\\\/le-premier-conseil-municipal-dinstallation-25-mai-2020\\\/\",\"url\":\"https:\\\/\\\/demainlargentiere.fr\\\/index.php\\\/le-premier-conseil-municipal-dinstallation-25-mai-2020\\\/\",\"name\":\"Le premier conseil municipal d'installation - 25 mai 2020 - Demain LARGENTIERE !\",\"isPartOf\":{\"@id\":\"http:\\\/\\\/demainlargentiere.fr\\\/#website\"},\"primaryImageOfPage\":{\"@id\":\"https:\\\/\\\/demainlargentiere.fr\\\/index.php\\\/le-premier-conseil-municipal-dinstallation-25-mai-2020\\\/#primaryimage\"},\"image\":{\"@id\":\"https:\\\/\\\/demainlargentiere.fr\\\/index.php\\\/le-premier-conseil-municipal-dinstallation-25-mai-2020\\\/#primaryimage\"},\"thumbnailUrl\":\"http:\\\/\\\/demainlargentiere.fr\\\/wp-content\\\/uploads\\\/2020\\\/05\\\/Convocation-pour-CM-du-25.05.2020.pdf-Adobe-Acrobat-Pro.jpg\",\"datePublished\":\"2020-06-03T09:20:58+00:00\",\"dateModified\":\"2020-12-20T11:04:56+00:00\",\"breadcrumb\":{\"@id\":\"https:\\\/\\\/demainlargentiere.fr\\\/index.php\\\/le-premier-conseil-municipal-dinstallation-25-mai-2020\\\/#breadcrumb\"},\"inLanguage\":\"fr-FR\",\"potentialAction\":[{\"@type\":\"ReadAction\",\"target\":[\"https:\\\/\\\/demainlargentiere.fr\\\/index.php\\\/le-premier-conseil-municipal-dinstallation-25-mai-2020\\\/\"]}]},{\"@type\":\"ImageObject\",\"inLanguage\":\"fr-FR\",\"@id\":\"https:\\\/\\\/demainlargentiere.fr\\\/index.php\\\/le-premier-conseil-municipal-dinstallation-25-mai-2020\\\/#primaryimage\",\"url\":\"https:\\\/\\\/demainlargentiere.fr\\\/wp-content\\\/uploads\\\/2020\\\/05\\\/Convocation-pour-CM-du-25.05.2020.pdf-Adobe-Acrobat-Pro.jpg\",\"contentUrl\":\"https:\\\/\\\/demainlargentiere.fr\\\/wp-content\\\/uploads\\\/2020\\\/05\\\/Convocation-pour-CM-du-25.05.2020.pdf-Adobe-Acrobat-Pro.jpg\",\"width\":599,\"height\":851},{\"@type\":\"BreadcrumbList\",\"@id\":\"https:\\\/\\\/demainlargentiere.fr\\\/index.php\\\/le-premier-conseil-municipal-dinstallation-25-mai-2020\\\/#breadcrumb\",\"itemListElement\":[{\"@type\":\"ListItem\",\"position\":1,\"name\":\"Accueil\",\"item\":\"https:\\\/\\\/demainlargentiere.fr\\\/\"},{\"@type\":\"ListItem\",\"position\":2,\"name\":\"Le premier conseil municipal d&rsquo;installation &#8211; 25 mai 2020\"}]},{\"@type\":\"WebSite\",\"@id\":\"http:\\\/\\\/demainlargentiere.fr\\\/#website\",\"url\":\"http:\\\/\\\/demainlargentiere.fr\\\/\",\"name\":\"Demain LARGENTIERE !\",\"description\":\"Ensemble, cr\u00e9ons demain.\",\"publisher\":{\"@id\":\"http:\\\/\\\/demainlargentiere.fr\\\/#organization\"},\"potentialAction\":[{\"@type\":\"SearchAction\",\"target\":{\"@type\":\"EntryPoint\",\"urlTemplate\":\"http:\\\/\\\/demainlargentiere.fr\\\/?s={search_term_string}\"},\"query-input\":{\"@type\":\"PropertyValueSpecification\",\"valueRequired\":true,\"valueName\":\"search_term_string\"}}],\"inLanguage\":\"fr-FR\"},{\"@type\":\"Organization\",\"@id\":\"http:\\\/\\\/demainlargentiere.fr\\\/#organization\",\"name\":\"DemainLargentiere\",\"url\":\"http:\\\/\\\/demainlargentiere.fr\\\/\",\"logo\":{\"@type\":\"ImageObject\",\"inLanguage\":\"fr-FR\",\"@id\":\"http:\\\/\\\/demainlargentiere.fr\\\/#\\\/schema\\\/logo\\\/image\\\/\",\"url\":\"http:\\\/\\\/demainlargentiere.fr\\\/wp-content\\\/uploads\\\/2020\\\/02\\\/logo-250x250-1.png\",\"contentUrl\":\"http:\\\/\\\/demainlargentiere.fr\\\/wp-content\\\/uploads\\\/2020\\\/02\\\/logo-250x250-1.png\",\"width\":250,\"height\":250,\"caption\":\"DemainLargentiere\"},\"image\":{\"@id\":\"http:\\\/\\\/demainlargentiere.fr\\\/#\\\/schema\\\/logo\\\/image\\\/\"},\"sameAs\":[\"https:\\\/\\\/www.facebook.com\\\/DemainLargentiere\\\/\"]}]}<\/script>\n<!-- \/ Yoast SEO plugin. -->","yoast_head_json":{"title":"Le premier conseil municipal d'installation - 25 mai 2020 - Demain LARGENTIERE !","robots":{"index":"index","follow":"follow","max-snippet":"max-snippet:-1","max-image-preview":"max-image-preview:large","max-video-preview":"max-video-preview:-1"},"canonical":"https:\/\/demainlargentiere.fr\/index.php\/le-premier-conseil-municipal-dinstallation-25-mai-2020\/","og_locale":"fr_FR","og_type":"article","og_title":"Le premier conseil municipal d'installation - 25 mai 2020 - Demain LARGENTIERE !","og_description":"Le Maire sortant, Jean-Roger Durand, a \u00e9t\u00e9 renouvel\u00e9 dans ses fonctions pour son quatri\u00e8me mandat. Les adjoints \u00e9lus sont Mme Hugette Anjolras, Mr Cl\u00e9ment Emmanuel, Mme Agn\u00e8s Maigron, Mr Alban Guillemin. 15 votes en faveur de ces candidats et 4 blancs. Nos prises de paroles Claudine Fournet, Jean-Philippe Smadja, Mil\u00e8ne Villard et Bruno Descombe, \u00e9lu\u00b7e\u00b7s &hellip; Continuer la lecture \u00ab\u00a0Le premier conseil municipal d&rsquo;installation &#8211; 25 mai 2020\u00a0\u00bb","og_url":"https:\/\/demainlargentiere.fr\/index.php\/le-premier-conseil-municipal-dinstallation-25-mai-2020\/","og_site_name":"Demain LARGENTIERE !","article_publisher":"https:\/\/www.facebook.com\/DemainLargentiere\/","article_modified_time":"2020-12-20T11:04:56+00:00","og_image":[{"url":"http:\/\/demainlargentiere.fr\/wp-content\/uploads\/2020\/05\/Convocation-pour-CM-du-25.05.2020.pdf-Adobe-Acrobat-Pro.jpg","type":"","width":"","height":""}],"twitter_card":"summary_large_image","twitter_misc":{"Dur\u00e9e de lecture estim\u00e9e":"3 minutes"},"schema":{"@context":"https:\/\/schema.org","@graph":[{"@type":"WebPage","@id":"https:\/\/demainlargentiere.fr\/index.php\/le-premier-conseil-municipal-dinstallation-25-mai-2020\/","url":"https:\/\/demainlargentiere.fr\/index.php\/le-premier-conseil-municipal-dinstallation-25-mai-2020\/","name":"Le premier conseil municipal d'installation - 25 mai 2020 - Demain LARGENTIERE !","isPartOf":{"@id":"http:\/\/demainlargentiere.fr\/#website"},"primaryImageOfPage":{"@id":"https:\/\/demainlargentiere.fr\/index.php\/le-premier-conseil-municipal-dinstallation-25-mai-2020\/#primaryimage"},"image":{"@id":"https:\/\/demainlargentiere.fr\/index.php\/le-premier-conseil-municipal-dinstallation-25-mai-2020\/#primaryimage"},"thumbnailUrl":"http:\/\/demainlargentiere.fr\/wp-content\/uploads\/2020\/05\/Convocation-pour-CM-du-25.05.2020.pdf-Adobe-Acrobat-Pro.jpg","datePublished":"2020-06-03T09:20:58+00:00","dateModified":"2020-12-20T11:04:56+00:00","breadcrumb":{"@id":"https:\/\/demainlargentiere.fr\/index.php\/le-premier-conseil-municipal-dinstallation-25-mai-2020\/#breadcrumb"},"inLanguage":"fr-FR","potentialAction":[{"@type":"ReadAction","target":["https:\/\/demainlargentiere.fr\/index.php\/le-premier-conseil-municipal-dinstallation-25-mai-2020\/"]}]},{"@type":"ImageObject","inLanguage":"fr-FR","@id":"https:\/\/demainlargentiere.fr\/index.php\/le-premier-conseil-municipal-dinstallation-25-mai-2020\/#primaryimage","url":"https:\/\/demainlargentiere.fr\/wp-content\/uploads\/2020\/05\/Convocation-pour-CM-du-25.05.2020.pdf-Adobe-Acrobat-Pro.jpg","contentUrl":"https:\/\/demainlargentiere.fr\/wp-content\/uploads\/2020\/05\/Convocation-pour-CM-du-25.05.2020.pdf-Adobe-Acrobat-Pro.jpg","width":599,"height":851},{"@type":"BreadcrumbList","@id":"https:\/\/demainlargentiere.fr\/index.php\/le-premier-conseil-municipal-dinstallation-25-mai-2020\/#breadcrumb","itemListElement":[{"@type":"ListItem","position":1,"name":"Accueil","item":"https:\/\/demainlargentiere.fr\/"},{"@type":"ListItem","position":2,"name":"Le premier conseil municipal d&rsquo;installation &#8211; 25 mai 2020"}]},{"@type":"WebSite","@id":"http:\/\/demainlargentiere.fr\/#website","url":"http:\/\/demainlargentiere.fr\/","name":"Demain LARGENTIERE !","description":"Ensemble, cr\u00e9ons demain.","publisher":{"@id":"http:\/\/demainlargentiere.fr\/#organization"},"potentialAction":[{"@type":"SearchAction","target":{"@type":"EntryPoint","urlTemplate":"http:\/\/demainlargentiere.fr\/?s={search_term_string}"},"query-input":{"@type":"PropertyValueSpecification","valueRequired":true,"valueName":"search_term_string"}}],"inLanguage":"fr-FR"},{"@type":"Organization","@id":"http:\/\/demainlargentiere.fr\/#organization","name":"DemainLargentiere","url":"http:\/\/demainlargentiere.fr\/","logo":{"@type":"ImageObject","inLanguage":"fr-FR","@id":"http:\/\/demainlargentiere.fr\/#\/schema\/logo\/image\/","url":"http:\/\/demainlargentiere.fr\/wp-content\/uploads\/2020\/02\/logo-250x250-1.png","contentUrl":"http:\/\/demainlargentiere.fr\/wp-content\/uploads\/2020\/02\/logo-250x250-1.png","width":250,"height":250,"caption":"DemainLargentiere"},"image":{"@id":"http:\/\/demainlargentiere.fr\/#\/schema\/logo\/image\/"},"sameAs":["https:\/\/www.facebook.com\/DemainLargentiere\/"]}]}},"_links":{"self":[{"href":"https:\/\/demainlargentiere.fr\/index.php\/wp-json\/wp\/v2\/pages\/1804","targetHints":{"allow":["GET"]}}],"collection":[{"href":"https:\/\/demainlargentiere.fr\/index.php\/wp-json\/wp\/v2\/pages"}],"about":[{"href":"https:\/\/demainlargentiere.fr\/index.php\/wp-json\/wp\/v2\/types\/page"}],"author":[{"embeddable":true,"href":"https:\/\/demainlargentiere.fr\/index.php\/wp-json\/wp\/v2\/users\/2"}],"replies":[{"embeddable":true,"href":"https:\/\/demainlargentiere.fr\/index.php\/wp-json\/wp\/v2\/comments?post=1804"}],"version-history":[{"count":26,"href":"https:\/\/demainlargentiere.fr\/index.php\/wp-json\/wp\/v2\/pages\/1804\/revisions"}],"predecessor-version":[{"id":2850,"href":"https:\/\/demainlargentiere.fr\/index.php\/wp-json\/wp\/v2\/pages\/1804\/revisions\/2850"}],"wp:attachment":[{"href":"https:\/\/demainlargentiere.fr\/index.php\/wp-json\/wp\/v2\/media?parent=1804"}],"curies":[{"name":"wp","href":"https:\/\/api.w.org\/{rel}","templated":true}]}}