{"id":1825,"date":"2020-06-03T13:04:20","date_gmt":"2020-06-03T11:04:20","guid":{"rendered":"http:\/\/demainlargentiere.fr\/?page_id=1825"},"modified":"2026-03-20T12:29:59","modified_gmt":"2026-03-20T11:29:59","slug":"gestion-communale","status":"publish","type":"page","link":"https:\/\/demainlargentiere.fr\/index.php\/gestion-communale\/","title":{"rendered":"Gestion communale : les conseils municipaux"},"content":{"rendered":"\n<h4 class=\"wp-block-heading\">Les Conseils Municipaux en 2026 apr\u00e8s l&rsquo;\u00e9lection de mars <\/h4>\n\n\n\n<h4 class=\"wp-block-heading\"><a href=\"https:\/\/demainlargentiere.fr\/index.php\/cm-du-21-mars-2026-conseil-dinstallation\/\">CM du 21 mars 2026 : conseil d&rsquo;installation<\/a><\/h4>\n\n\n\n<h4 class=\"wp-block-heading\">Les Conseils Municipaux en 2026 avant l&rsquo;\u00e9lection de mars<\/h4>\n\n\n\n<h4 class=\"wp-block-heading\"><a href=\"https:\/\/demainlargentiere.fr\/index.php\/cm-du-23-fevrier-2026-les-comptes\/\">CM du 23 f\u00e9vrier 2026 : les comptes<\/a><\/h4>\n\n\n\n<h4 class=\"wp-block-heading\"><a href=\"https:\/\/demainlargentiere.fr\/index.php\/conseil-municipal-du-19-janvier-2026\/\">CM du 19 janvier 2026<\/a><\/h4>\n\n\n\n<h4 class=\"wp-block-heading\">Les Conseils Municipaux en 2025 <\/h4>\n\n\n\n<h4 class=\"wp-block-heading\"><a href=\"https:\/\/demainlargentiere.fr\/index.php\/cm-du-15-decembre-2025-convention-bibliotheque\/\">CM du 15 d\u00e9cembre 2025 : convention biblioth\u00e8que<\/a><\/h4>\n\n\n\n<h4 class=\"wp-block-heading\"><a href=\"https:\/\/demainlargentiere.fr\/index.php\/cm-du-17-novembre-2025-subventions-aux-associations-plui\/\">CM du 17 novembre 2025 : subventions aux associations, PLUI&#8230;<\/a><\/h4>\n\n\n\n<h4 class=\"wp-block-heading\"><a href=\"https:\/\/demainlargentiere.fr\/wp-admin\/post.php?post=5378&amp;action=edit\">CM du 06 octobre 2025 : un d\u00e9bat budg\u00e9taire <\/a><\/h4>\n\n\n\n<h4 class=\"wp-block-heading\"><a href=\"https:\/\/demainlargentiere.fr\/index.php\/2025\/06\/26\/cm-du-23-juin-2025-parvis-du-tribunal-et-presentation-de-lapd-du-projet-chateau\/\" target=\"_blank\" rel=\"noreferrer noopener\">CM du 23 juin 2025 : parvis du tribunal et convention pour la r\u00e9habilitation du ch\u00e2teau<\/a><\/h4>\n\n\n\n<h4 class=\"wp-block-heading\"><a href=\"https:\/\/demainlargentiere.fr\/index.php\/cm-du-14-avril-2025-quelles-orientations-le-budget-primitif-2025\/\" target=\"_blank\" rel=\"noreferrer noopener\">CM du 14 avril 2025 : quelles orientations : le budget primitif 2025<\/a><\/h4>\n\n\n\n<h4 class=\"wp-block-heading\"><a href=\"https:\/\/demainlargentiere.fr\/index.php\/cm-du-31-mars-2025-compte-admin-et-impots-locaux\/\" target=\"_blank\" rel=\"noreferrer noopener\">CM du 31 mars 2025 : compte admin et imp\u00f4ts locaux<\/a><\/h4>\n\n\n\n<h4 class=\"wp-block-heading\"><a href=\"http:\/\/demainlargentiere.fr\/index.php\/cm-du-27janvier-2025\/\" target=\"_blank\" rel=\"noreferrer noopener\">CM du 27 janvier 2025 : mandater d\u00e9penses d&rsquo;investissement<\/a><\/h4>\n\n\n\n<h4 class=\"wp-block-heading\">Les Conseils Municipaux en 2024 <\/h4>\n\n\n\n<h4 class=\"wp-block-heading\"><a href=\"http:\/\/demainlargentiere.fr\/index.php\/cm-du-17-decembre-2024-demandes-et-convention-petits-dej\/\" target=\"_blank\" rel=\"noreferrer noopener\">CM du  17 d\u00e9cembre 2024 : demandes et convention petits d\u00e9j.<\/a><\/h4>\n\n\n\n<h4 class=\"wp-block-heading\"><a href=\"http:\/\/demainlargentiere.fr\/index.php\/cm-du-18-novembre-2024-subventions-aux-associations\/\" target=\"_blank\" rel=\"noreferrer noopener\">CM du 18 novembre 2024 : subventions aux associations<\/a><\/h4>\n\n\n\n<h4 class=\"wp-block-heading\"><a href=\"http:\/\/demainlargentiere.fr\/index.php\/cm-du-16-septembre-2024-subvention-chateau-et-stade-de-la-prade\/\" target=\"_blank\" rel=\"noreferrer noopener\">CM du 16 septembre 2024 : subvention Ch\u00e2teau et stade de la Prade<\/a><\/h4>\n\n\n\n<h4 class=\"wp-block-heading\"><a href=\"http:\/\/demainlargentiere.fr\/index.php\/cm-du-22-juillet-2024-creation-dun-post-asvp\/\" target=\"_blank\" rel=\"noreferrer noopener\">CM du 22 juillet 2024 : cr\u00e9ation d&rsquo;un post ASVP<\/a><\/h4>\n\n\n\n<h4 class=\"wp-block-heading\"><a href=\"https:\/\/demainlargentiere.fr\/index.php\/cm-du-10-juin-2024-quel-devenir-pour-le-projet-chateau\/\" target=\"_blank\" rel=\"noreferrer noopener\">CM du 10 juin 2024 : quel devenir pour le projet ch\u00e2teau ?<\/a><\/h4>\n\n\n\n<h4 class=\"wp-block-heading\"><a href=\"http:\/\/demainlargentiere.fr\/index.php\/cm-du-12-avril-2024-quelles-orientations-le-budget-primitif-2024\/\" target=\"_blank\" rel=\"noreferrer noopener\">CM du 12 avril 2024  &#8211; Quelles orientations : le budget primitif 2024<\/a><\/h4>\n\n\n\n<h4 class=\"wp-block-heading\"><a href=\"http:\/\/demainlargentiere.fr\/index.php\/cm-du-26-mars-2024-vote-des-taux-dimposition\/\" target=\"_blank\" rel=\"noreferrer noopener\">CM du 26 mars 2024 : vote des taux d&rsquo;imposition<\/a><\/h4>\n\n\n\n<h4 class=\"wp-block-heading\"><a href=\"http:\/\/demainlargentiere.fr\/index.php\/cm-du-19-fevrier-2024-une-association-a-lecole\/\" target=\"_blank\" rel=\"noreferrer noopener\">CM du 19 f\u00e9vrier 2024 : une association sportive \u00e0 l&rsquo;\u00e9cole ?<\/a><\/h4>\n\n\n\n<h4 class=\"wp-block-heading\"><a href=\"http:\/\/demainlargentiere.fr\/index.php\/2024\/01\/22\/cm-du-15-janvier-2024-recensement-de-la-population-et-questions-div\/\" target=\"_blank\" rel=\"noreferrer noopener\">CM du 15 janvier 2024 : recensement de la population et questions div<\/a><\/h4>\n\n\n\n<h4 class=\"wp-block-heading\">Les Conseils Municipaux en 2023 <\/h4>\n\n\n\n<h4 class=\"wp-block-heading\"><a href=\"https:\/\/demainlargentiere.fr\/index.php\/cm-du-27-novembre-2023-subvention-aux-associations\/\" target=\"_blank\" rel=\"noreferrer noopener\">CM du 27 novembre 2023 : subventions aux associations<\/a><\/h4>\n\n\n\n<h4 class=\"wp-block-heading\"><a href=\"https:\/\/demainlargentiere.fr\/index.php\/cm-du-25-septembre-2023-demission-dun-elu-de-la-majorite\/\" target=\"_blank\" rel=\"noreferrer noopener\">CM du 25 septembre 2023 : d\u00e9mission d&rsquo;un \u00e9lu de la majorit\u00e9<\/a><\/h4>\n\n\n\n<h4 class=\"wp-block-heading\"><a href=\"http:\/\/demainlargentiere.fr\/index.php\/cm-du-13-juin-2023-nombreuses-questions\/\" target=\"_blank\" rel=\"noreferrer noopener\">CM du 13 juin 2023 : nombreuses questions diverses<\/a><\/h4>\n\n\n\n<h4 class=\"wp-block-heading\"><a href=\"http:\/\/demainlargentiere.fr\/index.php\/cm-du-12-avril-2023-taxes-et-budget-primitif-2023\/\" target=\"_blank\" rel=\"noreferrer noopener\">CM du 12 avril 2023 : taxes et budget primitif 2023<\/a><\/h4>\n\n\n\n<h4 class=\"wp-block-heading\"><a href=\"http:\/\/demainlargentiere.fr\/index.php\/cm-du-15-fevrier-2023-compte-administratif-2022\/\" target=\"_blank\" rel=\"noreferrer noopener\">CM du 15 mars 2023 : compte administratif 2022<\/a><\/h4>\n\n\n\n<h4 class=\"wp-block-heading\"><a href=\"http:\/\/demainlargentiere.fr\/index.php\/2023\/03\/02\/cm-du-27-fevrier-2023-fermeture-hopital-et-association\/\" target=\"_blank\" rel=\"noreferrer noopener\">CM du 27 f\u00e9vrier 2023 : h\u00f4pital local et forum des associations<\/a><\/h4>\n\n\n\n<h4 class=\"wp-block-heading\"><a href=\"http:\/\/demainlargentiere.fr\/index.php\/cm-du-30-janvier-2023-convention-petite-ville-de-demain\/\" target=\"_blank\" rel=\"noreferrer noopener\">CM du 30 janvier 2023 : convention petite ville de demain<\/a><\/h4>\n\n\n\n<h4 class=\"wp-block-heading\">Les Conseils Municipaux en 2022 <\/h4>\n\n\n\n<h4 class=\"wp-block-heading\"><a href=\"http:\/\/demainlargentiere.fr\/index.php\/cm-du-13-decembre-2022-projets-communaux-et-demande-de-subvention\/\" target=\"_blank\" rel=\"noreferrer noopener\">CM du 13 d\u00e9cembre 2022 &#8211; projets communaux et demande de subvention<\/a><\/h4>\n\n\n\n<h4 class=\"wp-block-heading\"><a href=\"http:\/\/demainlargentiere.fr\/index.php\/cm-du-17-octobre-2022-bilan-videoprotection-et-subvention-aux-associations\/\">CM du 17 octobre 2022 &#8211; bilan vid\u00e9oprotection et subventions aux associations<\/a><\/h4>\n\n\n\n<h4 class=\"wp-block-heading\"><a href=\"http:\/\/demainlargentiere.fr\/index.php\/cm-du-12-septembre-2022-plu-credits\/\" target=\"_blank\" rel=\"noreferrer noopener\">CM du 12 septembre 2022 &#8211; quelques formalit\u00e9s mais nombreuses questions diverses<\/a><\/h4>\n\n\n\n<h4 class=\"wp-block-heading\"><a href=\"http:\/\/demainlargentiere.fr\/index.php\/cm-du-23-mai-2022-sujets-divers-mais-non-sans-importance\/\" target=\"_blank\" rel=\"noreferrer noopener\">CM du 23 mai 2022 &#8211; Sujets divers, mais non sans importance !<\/a><\/h4>\n\n\n\n<h4 class=\"wp-block-heading\"><a href=\"http:\/\/demainlargentiere.fr\/index.php\/cm-du-14-avril-2022-quelles-orientations-et-budget-primitif-2022\/\" target=\"_blank\" rel=\"noreferrer noopener\">CM du 14 avril 2022 &#8211; Quelles orientations et budget primitif 2022 ? Quelles subventions aux asso ?<\/a><\/h4>\n\n\n\n<h4 class=\"wp-block-heading\"><a href=\"http:\/\/demainlargentiere.fr\/index.php\/cm-du-21-mars-2022-compte-administratif-et-de-resultat-2021\/\" target=\"_blank\" rel=\"noreferrer noopener\">CM du 21 mars 2022 &#8211; Compte administratif et de r\u00e9sultat 2021<\/a><\/h4>\n\n\n\n<h4 class=\"wp-block-heading\"><a href=\"http:\/\/demainlargentiere.fr\/index.php\/cm-du-31-janvier-2022-transfert-de-propriete-du-chateau\/\" target=\"_blank\" rel=\"noreferrer noopener\">CM du 31 janvier 2022 &#8211; l&rsquo;avenir de notre ch\u00e2teau : transfert de propri\u00e9t\u00e9 \u00e0 la r\u00e9gion AURA !<\/a><\/h4>\n\n\n\n<h4 class=\"wp-block-heading\">Les Conseil Municipaux en 2021 <\/h4>\n\n\n\n<h4 class=\"wp-block-heading\"><a href=\"http:\/\/demainlargentiere.fr\/index.php\/cm-du-13-decembre-2021-aides-subventions-et-reglement-interieur-du-gymnase\/\" target=\"_blank\" rel=\"noreferrer noopener\">CM du 13 d\u00e9cembre 2021 &#8211; aides, subventions et r\u00e8glement int\u00e9rieur du gymnase<\/a><\/h4>\n\n\n\n<h4 class=\"wp-block-heading\"><a href=\"http:\/\/demainlargentiere.fr\/index.php\/cm-du-18-octobre-2021-2-postes-parking-et-aires-de-jeux-comment-seront-construit-les-projets-de-demain\/\" target=\"_blank\" rel=\"noreferrer noopener\">CM du 18 octobre 2021 &#8211; 2 postes, parking et aires de jeux, comment seront construits les projets de demain ?<\/a><\/h4>\n\n\n\n<h4 class=\"wp-block-heading\"><a href=\"http:\/\/demainlargentiere.fr\/index.php\/cm-du-09-aout-2021-quelles-subventions-2021-pour-les-associations-vers-une-convention-epora-pour-lilot-st-vincent\/\" target=\"_blank\" rel=\"noreferrer noopener\">CM du 09 ao\u00fbt 2021 &#8211; Quelles subventions 2021 pour les associations ? Vers une convention EPORA pour l&rsquo;ilot St Vincent ? <\/a><\/h4>\n\n\n\n<h4 class=\"wp-block-heading\"><a href=\"http:\/\/demainlargentiere.fr\/index.php\/cm-du-16-juin-2021-quelle-aide-pour-ecole-prive-pour-lembauche-dun-manager-centre-bourg\/\" target=\"_blank\" rel=\"noreferrer noopener\">CM du 16 juin 2021 &#8211; Quelle aide pour \u00e9cole priv\u00e9e ? Pour l&#8217;embauche d&rsquo;un manager centre bourg ?<\/a><\/h4>\n\n\n\n<h4 class=\"wp-block-heading\"><a href=\"http:\/\/demainlargentiere.fr\/index.php\/cm-du-19-mai-2021-largenitere-prochainement-sous-video-surveillance\/\" target=\"_blank\" rel=\"noreferrer noopener\">CM du 19 mai 2021 &#8211; Largenti\u00e8re prochainement sous vid\u00e9o surveillance ? Acqu\u00e9reurs Maison Fargier et PLUI<\/a><\/h4>\n\n\n\n<h4 class=\"wp-block-heading\"><a href=\"http:\/\/demainlargentiere.fr\/index.php\/cm-du-16-avril-2021-quelles-orientations-quel-budget-primitif-2021\/\" target=\"_blank\" rel=\"noreferrer noopener\">CM du 16 avril 2021 &#8211; Quelles orientations ? Quel budget primitif 2021 ? Quelles taxes pour les Largenti\u00e9roi\u00b7e\u00b7s ?<\/a><\/h4>\n\n\n\n<h4 class=\"wp-block-heading\"><a href=\"http:\/\/demainlargentiere.fr\/index.php\/cm-du-30-mars-2021-quels-ont-ete-les-recettes-et-depenses-2020\/\" target=\"_blank\" rel=\"noreferrer noopener\">CM du 30 mars 2021 &#8211; Quels ont \u00e9t\u00e9 les recettes et d\u00e9penses 2020 ?<\/a><\/h4>\n\n\n\n<h4 class=\"wp-block-heading\"><a href=\"http:\/\/demainlargentiere.fr\/index.php\/cm-du-01-mars-2021-des-bonnes-resolutions-pour-la-majorite\/\" target=\"_blank\" rel=\"noreferrer noopener\">CM du 01 mars 2021 &#8211; Quelles r\u00e9solutions ? Immeuble Casino, maison Fargier, la chemin\u00e9e&#8230;<\/a><\/h4>\n\n\n\n<h4 class=\"wp-block-heading\">Les Conseil Municipaux en 2020 <\/h4>\n\n\n\n<h4 class=\"wp-block-heading\"><a href=\"http:\/\/demainlargentiere.fr\/index.php\/cm-du-09-decembre-2020-quel-reglement-interieur-pour-le-fonctionnement-du-conseil\/\" target=\"_blank\" rel=\"noreferrer noopener\">CM du 09 d\u00e9cembre 2020 &#8211; Quel R\u00e8glement Int\u00e9rieur pour le fonctionnement du Conseil ?<\/a><\/h4>\n\n\n\n<h4 class=\"wp-block-heading\"><a href=\"http:\/\/demainlargentiere.fr\/index.php\/cm-du-21-octobre-2020-question-irregularite-huis-clos-et-divers-sujets\/\" target=\"_blank\" rel=\"noreferrer noopener\">CM du 21 octobre 2020 &#8211; Question irr\u00e9gularit\u00e9 huis clos et projets (liaisons pi\u00e9tonnes, parking, aire de jeux, gymnase)<\/a><\/h4>\n\n\n\n<h4 class=\"wp-block-heading\"><a aria-label=\"undefined (s\u2019ouvre dans un nouvel onglet)\" rel=\"noreferrer noopener\" href=\"http:\/\/demainlargentiere.fr\/index.php\/cm-du-27-juillet-2020\/\" target=\"_blank\">CM du 27 juillet 2020 &#8211; Quels pouvoirs d\u00e9l\u00e9gu\u00e9s au maire ?<\/a><\/h4>\n\n\n\n<h4 class=\"wp-block-heading\"><a aria-label=\"undefined (s\u2019ouvre dans un nouvel onglet)\" href=\"http:\/\/demainlargentiere.fr\/index.php\/cm-du-20-juillet-2020\/\" target=\"_blank\" rel=\"noreferrer noopener\">CM du 20 juillet 2020 &#8211; Quel architecte pour le projet Ch\u00e2teau ?<\/a><\/h4>\n\n\n\n<h4 class=\"wp-block-heading\"><a aria-label=\"undefined (s\u2019ouvre dans un nouvel onglet)\" href=\"http:\/\/demainlargentiere.fr\/index.php\/cm-du-10-juillet-2020-quels-delegues-pour-les-elections-des-senateurs\/\" target=\"_blank\" rel=\"noreferrer noopener\">CM du 10 juillet 2020 &#8211; Quels d\u00e9l\u00e9gu\u00e9s pour les \u00e9lections des s\u00e9nateurs ?<\/a><\/h4>\n\n\n\n<h4 class=\"wp-block-heading\"><a href=\"http:\/\/demainlargentiere.fr\/index.php\/conseil-municipal-25-juin-2020\/\" target=\"_blank\" aria-label=\"undefined (s\u2019ouvre dans un nouvel onglet)\" rel=\"noreferrer noopener\">CM du 3 juillet 2020 &#8211; Quelles orientations ? Quel sera le budget primitif 2020 ? Quelles taxes ?<\/a><\/h4>\n\n\n\n<h4 class=\"wp-block-heading\"><a rel=\"noreferrer noopener\" href=\"http:\/\/demainlargentiere.fr\/index.php\/conseil-municipal-16-juin-2020\/\" target=\"_blank\">CM du 16 juin 2020 &#8211; Quelle place pour les \u00e9lu\u00b7e\u00b7<\/a><a rel=\"noreferrer noopener\" href=\"http:\/\/demainlargentiere.fr\/index.php\/conseil-municipal-16-juin-2020\/\" target=\"_blank\">s<\/a><a rel=\"noreferrer noopener\" href=\"http:\/\/demainlargentiere.fr\/index.php\/conseil-municipal-16-juin-2020\/\" target=\"_blank\"> minoritaires ? Quels pouvoirs d\u00e9l\u00e9gu\u00e9s au Maire ?<\/a><\/h4>\n\n\n\n<h4 class=\"wp-block-heading\"><a href=\"http:\/\/demainlargentiere.fr\/index.php\/le-premier-conseil-municipal-dinstallation-25-mai-2020\/\" target=\"_blank\" rel=\"noreferrer noopener\">CM du 25 mai 2020 &#8211; Conseil Municipal d&rsquo;installation, quelle gouvernance ?<\/a><\/h4>\n\n\n\n<hr class=\"wp-block-separator has-css-opacity\"\/>\n\n\n\n<hr class=\"wp-block-separator has-css-opacity\"\/>\n\n\n\n<!-- PAGE VISITS COUNTER - LIGHT -->\n<div id=\"strcpv-page-counter\">N\/A<\/div>\n<style>\n#strcpv-page-counter {\ntext-align: right;\n}\n#strcpv-page-counter p {\ndisplay: inline-block !important;\npadding-top: 0 !important;\npadding-bottom: 0 !important;\npadding-left: 5px !important;\npadding-right: 1px !important;\nletter-spacing: 5px !important;\nbackground-color: #d8d8d8 !important;\ncolor: #333333 !important;\nborder-radius: 4px !important;\nfont-weight: bold !important;\nfont-size: 12px !important;\n}\n<\/style>\n","protected":false},"excerpt":{"rendered":"<p>Les Conseils Municipaux en 2026 apr\u00e8s l&rsquo;\u00e9lection de mars CM du 21 mars 2026 : conseil d&rsquo;installation Les Conseils Municipaux en 2026 avant l&rsquo;\u00e9lection de mars CM du 23 f\u00e9vrier 2026 : les comptes CM du 19 janvier 2026 Les Conseils Municipaux en 2025 CM du 15 d\u00e9cembre 2025 : convention biblioth\u00e8que CM du 17 &hellip; <\/p>\n<p class=\"link-more\"><a href=\"https:\/\/demainlargentiere.fr\/index.php\/gestion-communale\/\" class=\"more-link\">Continuer la lecture <span class=\"screen-reader-text\"> \u00ab\u00a0Gestion communale : les conseils municipaux\u00a0\u00bb<\/span><\/a><\/p>\n","protected":false},"author":2,"featured_media":0,"parent":0,"menu_order":0,"comment_status":"closed","ping_status":"closed","template":"","meta":{"ngg_post_thumbnail":0,"footnotes":""},"class_list":["post-1825","page","type-page","status-publish","hentry","entry"],"yoast_head":"<!-- This site is optimized with the Yoast SEO plugin v27.4 - https:\/\/yoast.com\/product\/yoast-seo-wordpress\/ -->\n<title>Gestion communale : les conseils municipaux - Demain LARGENTIERE !<\/title>\n<meta name=\"robots\" content=\"index, follow, max-snippet:-1, max-image-preview:large, max-video-preview:-1\" \/>\n<link rel=\"canonical\" href=\"https:\/\/demainlargentiere.fr\/index.php\/gestion-communale\/\" \/>\n<meta property=\"og:locale\" content=\"fr_FR\" \/>\n<meta property=\"og:type\" content=\"article\" \/>\n<meta property=\"og:title\" content=\"Gestion communale : les conseils municipaux - Demain LARGENTIERE !\" \/>\n<meta property=\"og:description\" content=\"Les Conseils Municipaux en 2026 apr\u00e8s l&rsquo;\u00e9lection de mars CM du 21 mars 2026 : conseil d&rsquo;installation Les Conseils Municipaux en 2026 avant l&rsquo;\u00e9lection de mars CM du 23 f\u00e9vrier 2026 : les comptes CM du 19 janvier 2026 Les Conseils Municipaux en 2025 CM du 15 d\u00e9cembre 2025 : convention biblioth\u00e8que CM du 17 &hellip; Continuer la lecture \u00ab\u00a0Gestion communale : les conseils municipaux\u00a0\u00bb\" \/>\n<meta property=\"og:url\" content=\"https:\/\/demainlargentiere.fr\/index.php\/gestion-communale\/\" \/>\n<meta property=\"og:site_name\" content=\"Demain LARGENTIERE !\" \/>\n<meta property=\"article:publisher\" content=\"https:\/\/www.facebook.com\/DemainLargentiere\/\" \/>\n<meta property=\"article:modified_time\" content=\"2026-03-20T11:29:59+00:00\" \/>\n<meta name=\"twitter:card\" content=\"summary_large_image\" \/>\n<meta name=\"twitter:label1\" content=\"Dur\u00e9e de lecture estim\u00e9e\" \/>\n\t<meta name=\"twitter:data1\" content=\"4 minutes\" \/>\n<script type=\"application\/ld+json\" class=\"yoast-schema-graph\">{\"@context\":\"https:\\\/\\\/schema.org\",\"@graph\":[{\"@type\":\"WebPage\",\"@id\":\"https:\\\/\\\/demainlargentiere.fr\\\/index.php\\\/gestion-communale\\\/\",\"url\":\"https:\\\/\\\/demainlargentiere.fr\\\/index.php\\\/gestion-communale\\\/\",\"name\":\"Gestion communale : les conseils municipaux - Demain LARGENTIERE !\",\"isPartOf\":{\"@id\":\"http:\\\/\\\/demainlargentiere.fr\\\/#website\"},\"datePublished\":\"2020-06-03T11:04:20+00:00\",\"dateModified\":\"2026-03-20T11:29:59+00:00\",\"breadcrumb\":{\"@id\":\"https:\\\/\\\/demainlargentiere.fr\\\/index.php\\\/gestion-communale\\\/#breadcrumb\"},\"inLanguage\":\"fr-FR\",\"potentialAction\":[{\"@type\":\"ReadAction\",\"target\":[\"https:\\\/\\\/demainlargentiere.fr\\\/index.php\\\/gestion-communale\\\/\"]}]},{\"@type\":\"BreadcrumbList\",\"@id\":\"https:\\\/\\\/demainlargentiere.fr\\\/index.php\\\/gestion-communale\\\/#breadcrumb\",\"itemListElement\":[{\"@type\":\"ListItem\",\"position\":1,\"name\":\"Accueil\",\"item\":\"https:\\\/\\\/demainlargentiere.fr\\\/\"},{\"@type\":\"ListItem\",\"position\":2,\"name\":\"Gestion communale : les conseils municipaux\"}]},{\"@type\":\"WebSite\",\"@id\":\"http:\\\/\\\/demainlargentiere.fr\\\/#website\",\"url\":\"http:\\\/\\\/demainlargentiere.fr\\\/\",\"name\":\"Demain LARGENTIERE !\",\"description\":\"Ensemble, cr\u00e9ons demain.\",\"publisher\":{\"@id\":\"http:\\\/\\\/demainlargentiere.fr\\\/#organization\"},\"potentialAction\":[{\"@type\":\"SearchAction\",\"target\":{\"@type\":\"EntryPoint\",\"urlTemplate\":\"http:\\\/\\\/demainlargentiere.fr\\\/?s={search_term_string}\"},\"query-input\":{\"@type\":\"PropertyValueSpecification\",\"valueRequired\":true,\"valueName\":\"search_term_string\"}}],\"inLanguage\":\"fr-FR\"},{\"@type\":\"Organization\",\"@id\":\"http:\\\/\\\/demainlargentiere.fr\\\/#organization\",\"name\":\"DemainLargentiere\",\"url\":\"http:\\\/\\\/demainlargentiere.fr\\\/\",\"logo\":{\"@type\":\"ImageObject\",\"inLanguage\":\"fr-FR\",\"@id\":\"http:\\\/\\\/demainlargentiere.fr\\\/#\\\/schema\\\/logo\\\/image\\\/\",\"url\":\"http:\\\/\\\/demainlargentiere.fr\\\/wp-content\\\/uploads\\\/2020\\\/02\\\/logo-250x250-1.png\",\"contentUrl\":\"http:\\\/\\\/demainlargentiere.fr\\\/wp-content\\\/uploads\\\/2020\\\/02\\\/logo-250x250-1.png\",\"width\":250,\"height\":250,\"caption\":\"DemainLargentiere\"},\"image\":{\"@id\":\"http:\\\/\\\/demainlargentiere.fr\\\/#\\\/schema\\\/logo\\\/image\\\/\"},\"sameAs\":[\"https:\\\/\\\/www.facebook.com\\\/DemainLargentiere\\\/\"]}]}<\/script>\n<!-- \/ Yoast SEO plugin. -->","yoast_head_json":{"title":"Gestion communale : les conseils municipaux - Demain LARGENTIERE !","robots":{"index":"index","follow":"follow","max-snippet":"max-snippet:-1","max-image-preview":"max-image-preview:large","max-video-preview":"max-video-preview:-1"},"canonical":"https:\/\/demainlargentiere.fr\/index.php\/gestion-communale\/","og_locale":"fr_FR","og_type":"article","og_title":"Gestion communale : les conseils municipaux - Demain LARGENTIERE !","og_description":"Les Conseils Municipaux en 2026 apr\u00e8s l&rsquo;\u00e9lection de mars CM du 21 mars 2026 : conseil d&rsquo;installation Les Conseils Municipaux en 2026 avant l&rsquo;\u00e9lection de mars CM du 23 f\u00e9vrier 2026 : les comptes CM du 19 janvier 2026 Les Conseils Municipaux en 2025 CM du 15 d\u00e9cembre 2025 : convention biblioth\u00e8que CM du 17 &hellip; Continuer la lecture \u00ab\u00a0Gestion communale : les conseils municipaux\u00a0\u00bb","og_url":"https:\/\/demainlargentiere.fr\/index.php\/gestion-communale\/","og_site_name":"Demain LARGENTIERE !","article_publisher":"https:\/\/www.facebook.com\/DemainLargentiere\/","article_modified_time":"2026-03-20T11:29:59+00:00","twitter_card":"summary_large_image","twitter_misc":{"Dur\u00e9e de lecture estim\u00e9e":"4 minutes"},"schema":{"@context":"https:\/\/schema.org","@graph":[{"@type":"WebPage","@id":"https:\/\/demainlargentiere.fr\/index.php\/gestion-communale\/","url":"https:\/\/demainlargentiere.fr\/index.php\/gestion-communale\/","name":"Gestion communale : les conseils municipaux - Demain LARGENTIERE !","isPartOf":{"@id":"http:\/\/demainlargentiere.fr\/#website"},"datePublished":"2020-06-03T11:04:20+00:00","dateModified":"2026-03-20T11:29:59+00:00","breadcrumb":{"@id":"https:\/\/demainlargentiere.fr\/index.php\/gestion-communale\/#breadcrumb"},"inLanguage":"fr-FR","potentialAction":[{"@type":"ReadAction","target":["https:\/\/demainlargentiere.fr\/index.php\/gestion-communale\/"]}]},{"@type":"BreadcrumbList","@id":"https:\/\/demainlargentiere.fr\/index.php\/gestion-communale\/#breadcrumb","itemListElement":[{"@type":"ListItem","position":1,"name":"Accueil","item":"https:\/\/demainlargentiere.fr\/"},{"@type":"ListItem","position":2,"name":"Gestion communale : les conseils municipaux"}]},{"@type":"WebSite","@id":"http:\/\/demainlargentiere.fr\/#website","url":"http:\/\/demainlargentiere.fr\/","name":"Demain LARGENTIERE !","description":"Ensemble, cr\u00e9ons demain.","publisher":{"@id":"http:\/\/demainlargentiere.fr\/#organization"},"potentialAction":[{"@type":"SearchAction","target":{"@type":"EntryPoint","urlTemplate":"http:\/\/demainlargentiere.fr\/?s={search_term_string}"},"query-input":{"@type":"PropertyValueSpecification","valueRequired":true,"valueName":"search_term_string"}}],"inLanguage":"fr-FR"},{"@type":"Organization","@id":"http:\/\/demainlargentiere.fr\/#organization","name":"DemainLargentiere","url":"http:\/\/demainlargentiere.fr\/","logo":{"@type":"ImageObject","inLanguage":"fr-FR","@id":"http:\/\/demainlargentiere.fr\/#\/schema\/logo\/image\/","url":"http:\/\/demainlargentiere.fr\/wp-content\/uploads\/2020\/02\/logo-250x250-1.png","contentUrl":"http:\/\/demainlargentiere.fr\/wp-content\/uploads\/2020\/02\/logo-250x250-1.png","width":250,"height":250,"caption":"DemainLargentiere"},"image":{"@id":"http:\/\/demainlargentiere.fr\/#\/schema\/logo\/image\/"},"sameAs":["https:\/\/www.facebook.com\/DemainLargentiere\/"]}]}},"_links":{"self":[{"href":"https:\/\/demainlargentiere.fr\/index.php\/wp-json\/wp\/v2\/pages\/1825","targetHints":{"allow":["GET"]}}],"collection":[{"href":"https:\/\/demainlargentiere.fr\/index.php\/wp-json\/wp\/v2\/pages"}],"about":[{"href":"https:\/\/demainlargentiere.fr\/index.php\/wp-json\/wp\/v2\/types\/page"}],"author":[{"embeddable":true,"href":"https:\/\/demainlargentiere.fr\/index.php\/wp-json\/wp\/v2\/users\/2"}],"replies":[{"embeddable":true,"href":"https:\/\/demainlargentiere.fr\/index.php\/wp-json\/wp\/v2\/comments?post=1825"}],"version-history":[{"count":200,"href":"https:\/\/demainlargentiere.fr\/index.php\/wp-json\/wp\/v2\/pages\/1825\/revisions"}],"predecessor-version":[{"id":5971,"href":"https:\/\/demainlargentiere.fr\/index.php\/wp-json\/wp\/v2\/pages\/1825\/revisions\/5971"}],"wp:attachment":[{"href":"https:\/\/demainlargentiere.fr\/index.php\/wp-json\/wp\/v2\/media?parent=1825"}],"curies":[{"name":"wp","href":"https:\/\/api.w.org\/{rel}","templated":true}]}}