{"id":1901,"date":"2020-06-04T10:12:42","date_gmt":"2020-06-04T08:12:42","guid":{"rendered":"http:\/\/demainlargentiere.fr\/?page_id=1901"},"modified":"2020-06-11T21:41:35","modified_gmt":"2020-06-11T19:41:35","slug":"declaration-dengagement-de-lexercice-2020-2026","status":"publish","type":"page","link":"https:\/\/demainlargentiere.fr\/index.php\/declaration-dengagement-de-lexercice-2020-2026\/","title":{"rendered":"D\u00e9claration d&rsquo;engagement pour l&rsquo;exercice 2020-2026"},"content":{"rendered":"\n<p>\u2727\u2727\u2727\u2727\u2727\u2727\u2727\u2727\u2727\u2727\u2727\u2727\u2727\u2727\u2727\u2727\u2727\u2727\u2727\u2727<br><strong>D\u00c9CLARATION D\u2019ENGAGEMENT DES \u00c9LU\u00b7E\u00b7S DE \u201cDEMAIN LARGENTI\u00c8RE LISTE CITOYENNE\u201d<\/strong><\/p>\n\n\n\n<p>Nous sommes heureux d\u2019avoir \u00e9t\u00e9 \u00e9lus pour faire partie de ce nouveau conseil municipal.<\/p>\n\n\n\n<p>Nous repr\u00e9sentons un mouvement citoyen port\u00e9 par un collectif d\u2019habitants et soutenu par 43 % des votes exprim\u00e9s lors des derni\u00e8res \u00e9lections.<\/p>\n\n\n\n<p>Nous ne pr\u00e9sentons pas de candidats aux postes d\u2019adjoints mais nous nous impliquerons activement dans les projets de la commune et ce, de fa\u00e7on constructive.<\/p>\n\n\n\n<p>Nous nous engageons \u00e0 \u00eatre force de propositions au sein du conseil municipal.<\/p>\n\n\n\n<p>Nous nous engageons \u00e0 participer aux commissions de travail de la municipalit\u00e9 et de la communaut\u00e9 de communes du Val De Ligne.<\/p>\n\n\n\n<p>Nous nous engageons \u00e0 travailler dans la transparence, notamment \u00e0 communiquer les d\u00e9bats et les d\u00e9cisions de l\u2019\u00e9quipe municipale \u00e0 la population de la commune.<\/p>\n\n\n\n<p>Nous nous engageons \u00e0 porter la parole et les questions des habitants au c\u0153ur de ces d\u00e9bats et d\u00e9cisions.<\/p>\n\n\n\n<p>\u2727\u2727\u2727\u2727\u2727\u2727\u2727\u2727\u2727\u2727\u2727\u2727\u2727\u2727\u2727\u2727\u2727\u2727\u2727\u2727<\/p>\n","protected":false},"excerpt":{"rendered":"<p>\u2727\u2727\u2727\u2727\u2727\u2727\u2727\u2727\u2727\u2727\u2727\u2727\u2727\u2727\u2727\u2727\u2727\u2727\u2727\u2727D\u00c9CLARATION D\u2019ENGAGEMENT DES \u00c9LU\u00b7E\u00b7S DE \u201cDEMAIN LARGENTI\u00c8RE LISTE CITOYENNE\u201d Nous sommes heureux d\u2019avoir \u00e9t\u00e9 \u00e9lus pour faire partie de ce nouveau conseil municipal. Nous repr\u00e9sentons un mouvement citoyen port\u00e9 par un collectif d\u2019habitants et soutenu par 43 % des votes exprim\u00e9s lors des derni\u00e8res \u00e9lections. Nous ne pr\u00e9sentons pas de candidats aux postes d\u2019adjoints mais &hellip; <\/p>\n<p class=\"link-more\"><a href=\"https:\/\/demainlargentiere.fr\/index.php\/declaration-dengagement-de-lexercice-2020-2026\/\" class=\"more-link\">Continuer la lecture <span class=\"screen-reader-text\"> \u00ab\u00a0D\u00e9claration d&rsquo;engagement pour l&rsquo;exercice 2020-2026\u00a0\u00bb<\/span><\/a><\/p>\n","protected":false},"author":2,"featured_media":0,"parent":0,"menu_order":0,"comment_status":"closed","ping_status":"closed","template":"","meta":{"ngg_post_thumbnail":0,"footnotes":""},"class_list":["post-1901","page","type-page","status-publish","hentry","entry"],"yoast_head":"<!-- This site is optimized with the Yoast SEO plugin v27.4 - https:\/\/yoast.com\/product\/yoast-seo-wordpress\/ -->\n<title>D\u00e9claration d&#039;engagement pour l&#039;exercice 2020-2026 - Demain LARGENTIERE !<\/title>\n<meta name=\"robots\" content=\"index, follow, max-snippet:-1, max-image-preview:large, max-video-preview:-1\" \/>\n<link rel=\"canonical\" href=\"https:\/\/demainlargentiere.fr\/index.php\/declaration-dengagement-de-lexercice-2020-2026\/\" \/>\n<meta property=\"og:locale\" content=\"fr_FR\" \/>\n<meta property=\"og:type\" content=\"article\" \/>\n<meta property=\"og:title\" content=\"D\u00e9claration d&#039;engagement pour l&#039;exercice 2020-2026 - Demain LARGENTIERE !\" \/>\n<meta property=\"og:description\" content=\"\u2727\u2727\u2727\u2727\u2727\u2727\u2727\u2727\u2727\u2727\u2727\u2727\u2727\u2727\u2727\u2727\u2727\u2727\u2727\u2727D\u00c9CLARATION D\u2019ENGAGEMENT DES \u00c9LU\u00b7E\u00b7S DE \u201cDEMAIN LARGENTI\u00c8RE LISTE CITOYENNE\u201d Nous sommes heureux d\u2019avoir \u00e9t\u00e9 \u00e9lus pour faire partie de ce nouveau conseil municipal. Nous repr\u00e9sentons un mouvement citoyen port\u00e9 par un collectif d\u2019habitants et soutenu par 43 % des votes exprim\u00e9s lors des derni\u00e8res \u00e9lections. Nous ne pr\u00e9sentons pas de candidats aux postes d\u2019adjoints mais &hellip; Continuer la lecture \u00ab\u00a0D\u00e9claration d&rsquo;engagement pour l&rsquo;exercice 2020-2026\u00a0\u00bb\" \/>\n<meta property=\"og:url\" content=\"https:\/\/demainlargentiere.fr\/index.php\/declaration-dengagement-de-lexercice-2020-2026\/\" \/>\n<meta property=\"og:site_name\" content=\"Demain LARGENTIERE !\" \/>\n<meta property=\"article:publisher\" content=\"https:\/\/www.facebook.com\/DemainLargentiere\/\" \/>\n<meta property=\"article:modified_time\" content=\"2020-06-11T19:41:35+00:00\" \/>\n<meta name=\"twitter:card\" content=\"summary_large_image\" \/>\n<meta name=\"twitter:label1\" content=\"Dur\u00e9e de lecture estim\u00e9e\" \/>\n\t<meta name=\"twitter:data1\" content=\"1 minute\" \/>\n<script type=\"application\/ld+json\" class=\"yoast-schema-graph\">{\"@context\":\"https:\\\/\\\/schema.org\",\"@graph\":[{\"@type\":\"WebPage\",\"@id\":\"https:\\\/\\\/demainlargentiere.fr\\\/index.php\\\/declaration-dengagement-de-lexercice-2020-2026\\\/\",\"url\":\"https:\\\/\\\/demainlargentiere.fr\\\/index.php\\\/declaration-dengagement-de-lexercice-2020-2026\\\/\",\"name\":\"D\u00e9claration d'engagement pour l'exercice 2020-2026 - Demain LARGENTIERE !\",\"isPartOf\":{\"@id\":\"http:\\\/\\\/demainlargentiere.fr\\\/#website\"},\"datePublished\":\"2020-06-04T08:12:42+00:00\",\"dateModified\":\"2020-06-11T19:41:35+00:00\",\"breadcrumb\":{\"@id\":\"https:\\\/\\\/demainlargentiere.fr\\\/index.php\\\/declaration-dengagement-de-lexercice-2020-2026\\\/#breadcrumb\"},\"inLanguage\":\"fr-FR\",\"potentialAction\":[{\"@type\":\"ReadAction\",\"target\":[\"https:\\\/\\\/demainlargentiere.fr\\\/index.php\\\/declaration-dengagement-de-lexercice-2020-2026\\\/\"]}]},{\"@type\":\"BreadcrumbList\",\"@id\":\"https:\\\/\\\/demainlargentiere.fr\\\/index.php\\\/declaration-dengagement-de-lexercice-2020-2026\\\/#breadcrumb\",\"itemListElement\":[{\"@type\":\"ListItem\",\"position\":1,\"name\":\"Accueil\",\"item\":\"https:\\\/\\\/demainlargentiere.fr\\\/\"},{\"@type\":\"ListItem\",\"position\":2,\"name\":\"D\u00e9claration d&rsquo;engagement pour l&rsquo;exercice 2020-2026\"}]},{\"@type\":\"WebSite\",\"@id\":\"http:\\\/\\\/demainlargentiere.fr\\\/#website\",\"url\":\"http:\\\/\\\/demainlargentiere.fr\\\/\",\"name\":\"Demain LARGENTIERE !\",\"description\":\"Ensemble, cr\u00e9ons demain.\",\"publisher\":{\"@id\":\"http:\\\/\\\/demainlargentiere.fr\\\/#organization\"},\"potentialAction\":[{\"@type\":\"SearchAction\",\"target\":{\"@type\":\"EntryPoint\",\"urlTemplate\":\"http:\\\/\\\/demainlargentiere.fr\\\/?s={search_term_string}\"},\"query-input\":{\"@type\":\"PropertyValueSpecification\",\"valueRequired\":true,\"valueName\":\"search_term_string\"}}],\"inLanguage\":\"fr-FR\"},{\"@type\":\"Organization\",\"@id\":\"http:\\\/\\\/demainlargentiere.fr\\\/#organization\",\"name\":\"DemainLargentiere\",\"url\":\"http:\\\/\\\/demainlargentiere.fr\\\/\",\"logo\":{\"@type\":\"ImageObject\",\"inLanguage\":\"fr-FR\",\"@id\":\"http:\\\/\\\/demainlargentiere.fr\\\/#\\\/schema\\\/logo\\\/image\\\/\",\"url\":\"http:\\\/\\\/demainlargentiere.fr\\\/wp-content\\\/uploads\\\/2020\\\/02\\\/logo-250x250-1.png\",\"contentUrl\":\"http:\\\/\\\/demainlargentiere.fr\\\/wp-content\\\/uploads\\\/2020\\\/02\\\/logo-250x250-1.png\",\"width\":250,\"height\":250,\"caption\":\"DemainLargentiere\"},\"image\":{\"@id\":\"http:\\\/\\\/demainlargentiere.fr\\\/#\\\/schema\\\/logo\\\/image\\\/\"},\"sameAs\":[\"https:\\\/\\\/www.facebook.com\\\/DemainLargentiere\\\/\"]}]}<\/script>\n<!-- \/ Yoast SEO plugin. -->","yoast_head_json":{"title":"D\u00e9claration d'engagement pour l'exercice 2020-2026 - Demain LARGENTIERE !","robots":{"index":"index","follow":"follow","max-snippet":"max-snippet:-1","max-image-preview":"max-image-preview:large","max-video-preview":"max-video-preview:-1"},"canonical":"https:\/\/demainlargentiere.fr\/index.php\/declaration-dengagement-de-lexercice-2020-2026\/","og_locale":"fr_FR","og_type":"article","og_title":"D\u00e9claration d'engagement pour l'exercice 2020-2026 - Demain LARGENTIERE !","og_description":"\u2727\u2727\u2727\u2727\u2727\u2727\u2727\u2727\u2727\u2727\u2727\u2727\u2727\u2727\u2727\u2727\u2727\u2727\u2727\u2727D\u00c9CLARATION D\u2019ENGAGEMENT DES \u00c9LU\u00b7E\u00b7S DE \u201cDEMAIN LARGENTI\u00c8RE LISTE CITOYENNE\u201d Nous sommes heureux d\u2019avoir \u00e9t\u00e9 \u00e9lus pour faire partie de ce nouveau conseil municipal. Nous repr\u00e9sentons un mouvement citoyen port\u00e9 par un collectif d\u2019habitants et soutenu par 43 % des votes exprim\u00e9s lors des derni\u00e8res \u00e9lections. Nous ne pr\u00e9sentons pas de candidats aux postes d\u2019adjoints mais &hellip; Continuer la lecture \u00ab\u00a0D\u00e9claration d&rsquo;engagement pour l&rsquo;exercice 2020-2026\u00a0\u00bb","og_url":"https:\/\/demainlargentiere.fr\/index.php\/declaration-dengagement-de-lexercice-2020-2026\/","og_site_name":"Demain LARGENTIERE !","article_publisher":"https:\/\/www.facebook.com\/DemainLargentiere\/","article_modified_time":"2020-06-11T19:41:35+00:00","twitter_card":"summary_large_image","twitter_misc":{"Dur\u00e9e de lecture estim\u00e9e":"1 minute"},"schema":{"@context":"https:\/\/schema.org","@graph":[{"@type":"WebPage","@id":"https:\/\/demainlargentiere.fr\/index.php\/declaration-dengagement-de-lexercice-2020-2026\/","url":"https:\/\/demainlargentiere.fr\/index.php\/declaration-dengagement-de-lexercice-2020-2026\/","name":"D\u00e9claration d'engagement pour l'exercice 2020-2026 - Demain LARGENTIERE !","isPartOf":{"@id":"http:\/\/demainlargentiere.fr\/#website"},"datePublished":"2020-06-04T08:12:42+00:00","dateModified":"2020-06-11T19:41:35+00:00","breadcrumb":{"@id":"https:\/\/demainlargentiere.fr\/index.php\/declaration-dengagement-de-lexercice-2020-2026\/#breadcrumb"},"inLanguage":"fr-FR","potentialAction":[{"@type":"ReadAction","target":["https:\/\/demainlargentiere.fr\/index.php\/declaration-dengagement-de-lexercice-2020-2026\/"]}]},{"@type":"BreadcrumbList","@id":"https:\/\/demainlargentiere.fr\/index.php\/declaration-dengagement-de-lexercice-2020-2026\/#breadcrumb","itemListElement":[{"@type":"ListItem","position":1,"name":"Accueil","item":"https:\/\/demainlargentiere.fr\/"},{"@type":"ListItem","position":2,"name":"D\u00e9claration d&rsquo;engagement pour l&rsquo;exercice 2020-2026"}]},{"@type":"WebSite","@id":"http:\/\/demainlargentiere.fr\/#website","url":"http:\/\/demainlargentiere.fr\/","name":"Demain LARGENTIERE !","description":"Ensemble, cr\u00e9ons demain.","publisher":{"@id":"http:\/\/demainlargentiere.fr\/#organization"},"potentialAction":[{"@type":"SearchAction","target":{"@type":"EntryPoint","urlTemplate":"http:\/\/demainlargentiere.fr\/?s={search_term_string}"},"query-input":{"@type":"PropertyValueSpecification","valueRequired":true,"valueName":"search_term_string"}}],"inLanguage":"fr-FR"},{"@type":"Organization","@id":"http:\/\/demainlargentiere.fr\/#organization","name":"DemainLargentiere","url":"http:\/\/demainlargentiere.fr\/","logo":{"@type":"ImageObject","inLanguage":"fr-FR","@id":"http:\/\/demainlargentiere.fr\/#\/schema\/logo\/image\/","url":"http:\/\/demainlargentiere.fr\/wp-content\/uploads\/2020\/02\/logo-250x250-1.png","contentUrl":"http:\/\/demainlargentiere.fr\/wp-content\/uploads\/2020\/02\/logo-250x250-1.png","width":250,"height":250,"caption":"DemainLargentiere"},"image":{"@id":"http:\/\/demainlargentiere.fr\/#\/schema\/logo\/image\/"},"sameAs":["https:\/\/www.facebook.com\/DemainLargentiere\/"]}]}},"_links":{"self":[{"href":"https:\/\/demainlargentiere.fr\/index.php\/wp-json\/wp\/v2\/pages\/1901","targetHints":{"allow":["GET"]}}],"collection":[{"href":"https:\/\/demainlargentiere.fr\/index.php\/wp-json\/wp\/v2\/pages"}],"about":[{"href":"https:\/\/demainlargentiere.fr\/index.php\/wp-json\/wp\/v2\/types\/page"}],"author":[{"embeddable":true,"href":"https:\/\/demainlargentiere.fr\/index.php\/wp-json\/wp\/v2\/users\/2"}],"replies":[{"embeddable":true,"href":"https:\/\/demainlargentiere.fr\/index.php\/wp-json\/wp\/v2\/comments?post=1901"}],"version-history":[{"count":3,"href":"https:\/\/demainlargentiere.fr\/index.php\/wp-json\/wp\/v2\/pages\/1901\/revisions"}],"predecessor-version":[{"id":2094,"href":"https:\/\/demainlargentiere.fr\/index.php\/wp-json\/wp\/v2\/pages\/1901\/revisions\/2094"}],"wp:attachment":[{"href":"https:\/\/demainlargentiere.fr\/index.php\/wp-json\/wp\/v2\/media?parent=1901"}],"curies":[{"name":"wp","href":"https:\/\/api.w.org\/{rel}","templated":true}]}}