{"id":1941,"date":"2020-06-09T22:55:07","date_gmt":"2020-06-09T20:55:07","guid":{"rendered":"http:\/\/demainlargentiere.fr\/?page_id=1941"},"modified":"2020-06-30T12:27:00","modified_gmt":"2020-06-30T10:27:00","slug":"le-premier-conseil-communautaire-8-juin-2020","status":"publish","type":"page","link":"https:\/\/demainlargentiere.fr\/index.php\/le-premier-conseil-communautaire-8-juin-2020\/","title":{"rendered":"Le premier Conseil Communautaire &#8211; 8 juin 2020"},"content":{"rendered":"\n<div class=\"wp-block-image\"><figure class=\"aligncenter size-large is-resized\"><img loading=\"lazy\" decoding=\"async\" src=\"http:\/\/demainlargentiere.fr\/wp-content\/uploads\/2020\/06\/note-de-synth\u00e8se-pour-le-CC-du-8-juin-2020_Page_1-724x1024.jpg\" alt=\"convocation conseil communautaire interco\" class=\"wp-image-1821\" width=\"413\" height=\"585\" srcset=\"https:\/\/demainlargentiere.fr\/wp-content\/uploads\/2020\/06\/note-de-synth\u00e8se-pour-le-CC-du-8-juin-2020_Page_1-724x1024.jpg 724w, https:\/\/demainlargentiere.fr\/wp-content\/uploads\/2020\/06\/note-de-synth\u00e8se-pour-le-CC-du-8-juin-2020_Page_1-212x300.jpg 212w, https:\/\/demainlargentiere.fr\/wp-content\/uploads\/2020\/06\/note-de-synth\u00e8se-pour-le-CC-du-8-juin-2020_Page_1-768x1086.jpg 768w, https:\/\/demainlargentiere.fr\/wp-content\/uploads\/2020\/06\/note-de-synth\u00e8se-pour-le-CC-du-8-juin-2020_Page_1-1086x1536.jpg 1086w, https:\/\/demainlargentiere.fr\/wp-content\/uploads\/2020\/06\/note-de-synth\u00e8se-pour-le-CC-du-8-juin-2020_Page_1-1448x2048.jpg 1448w, https:\/\/demainlargentiere.fr\/wp-content\/uploads\/2020\/06\/note-de-synth\u00e8se-pour-le-CC-du-8-juin-2020_Page_1-1568x2217.jpg 1568w, https:\/\/demainlargentiere.fr\/wp-content\/uploads\/2020\/06\/note-de-synth\u00e8se-pour-le-CC-du-8-juin-2020_Page_1.jpg 1654w\" sizes=\"auto, (max-width: 413px) 100vw, 413px\" \/><\/figure><\/div>\n\n\n\n<p>Le 8 juin 2020, les 25 d\u00e9l\u00e9gu\u00e9\u00b7e\u00b7s des 11 communes composant le Val de Ligne \u00e9taient r\u00e9uni\u00b7e\u00b7s pour le premier conseil communautaire du mandat.<\/p>\n\n\n\n<p>L&rsquo;ordre du jour portait sur l&rsquo;\u00e9lection du ou de la pr\u00e9sident\u00b7e et vices-pr\u00e9sident\u00b7e\u00b7s.<\/p>\n\n\n\n<p>En voici les r\u00e9sultats :<\/p>\n\n\n\n<blockquote class=\"wp-block-quote is-layout-flow wp-block-quote-is-layout-flow\"><p><em>Vote \u00e0 bulletin secret<\/em><\/p><p><strong>Pr\u00e9sidence<\/strong> : 2 candidats: R. Vielfaure (Maire de Rocher et pr\u00e9sident sortant) et B. Bauland (ancienne Maire de Tauriers et suppl\u00e9ante du d\u00e9put\u00e9 LR de la troisi\u00e8me circonscription de l&rsquo;Ard\u00e8che, Fabrice Brun)<\/p><p>25 votants, 3 blancs, 9 voix pour R.Vielfaure, 13 voix pour&nbsp;<strong><em>B.&nbsp;Bauland<\/em><\/strong><\/p><p>&gt; Brigitte Bauland est \u00e9lue pr\u00e9sidente de la communaut\u00e9 de communes du Val de Ligne.<\/p><p><strong>Vices Pr\u00e9sidences:<\/strong><\/p><p><strong>Economie\/Finances<\/strong>:&nbsp;&nbsp;<em><strong>R.Vielfaure<\/strong><\/em>&nbsp;(Rocher) \u00e9lu contre H. Rose (Largenti\u00e8re)<\/p><p><strong>Am\u00e9nagement du territoire<\/strong>:&nbsp;&nbsp;<em><strong>Y. Deleuze<\/strong><\/em>&nbsp;(Laurac) \u00e9lu, pas d&rsquo;autre candidat<\/p><p><strong>Services \u00e0 la personne<\/strong>&nbsp;(petite enfance, jeunesse, maison m\u00e9dicale)<em><strong>&nbsp; H. Rose<\/strong><\/em>&nbsp;\u00e9lu, pas d&rsquo;autre candidat<\/p><p><strong>Services \u00e0 la collectivit\u00e9<\/strong>&nbsp;(ordures m\u00e9nag\u00e8res,&#8230;)&nbsp;&nbsp;<strong><em>B. Boiron<\/em><\/strong>&nbsp;(Maire de Sanilhac) \u00e9lu, pas d&rsquo;autre candidat<\/p><p><strong>Tourisme<\/strong>:&nbsp;&nbsp;<em><strong>B. Vedovato<\/strong><\/em>&nbsp;(Maire de Joannas) \u00e9lu contre C. Hernandez (Chassiers)<\/p><p><strong>Elections des d\u00e9l\u00e9gu\u00e9-e-s dans les diff\u00e9rents syndicats<\/strong><\/p><p><em>Vote \u00e0 main lev\u00e9e<\/em><\/p><p><strong>Sidomsa<\/strong>:&nbsp;&nbsp;<strong>H. Mouterde<\/strong>&nbsp;(Maire de Chassiers)&nbsp;<strong>B. Vedovato, B. Boiron , D. Nury<\/strong>&nbsp;(Maire de Laurac)<\/p><p><strong>Sympam:&nbsp; L. Allefresde<\/strong>&nbsp;(Maire de Prunet),&nbsp;<strong>Y. Deleuze, R. Vielfaure, B. Chaniol<\/strong>&nbsp;(Maire de Montr\u00e9al),&nbsp;<span class=\"has-inline-color has-primary-color\"><strong>C. Fournet&nbsp;<\/strong>(Largenti\u00e8re)<\/span><\/p><p><strong>SDEA:&nbsp; JM. Knokaert<\/strong>&nbsp;(Chassiers)<\/p><p><strong>EPTB:&nbsp; Y. Aubert<\/strong>&nbsp;(Maire d&rsquo;Uzer),&nbsp;<strong>C. Cauvin-Caucatre<\/strong>&nbsp;(Laurac)<\/p><p><strong>PNR:&nbsp; D. Molen<\/strong>&nbsp;(Chassiers),&nbsp;<span class=\"has-inline-color has-primary-color\"><strong>C. Fournet<\/strong> (Largenti\u00e8re)<\/span><\/p><p><strong>SMAM<\/strong>&nbsp;(piscine):&nbsp;<strong>B. Bauland<\/strong><\/p><p>A l&rsquo;issue des votes,&nbsp; Mr J.R. Durand (Maire de Largenti\u00e8re) a donn\u00e9 sa d\u00e9mission en faveur de J. Villalonga.<\/p><\/blockquote>\n\n\n\n<div class=\"wp-block-columns is-layout-flex wp-container-core-columns-is-layout-9d6595d7 wp-block-columns-is-layout-flex\">\n<div class=\"wp-block-column is-layout-flow wp-block-column-is-layout-flow\" style=\"flex-basis:33.33%\">\n<div class=\"wp-block-group\"><div class=\"wp-block-group__inner-container is-layout-flow wp-block-group-is-layout-flow\">\n<figure class=\"wp-block-image size-large is-resized\"><img loading=\"lazy\" decoding=\"async\" src=\"http:\/\/demainlargentiere.fr\/wp-content\/uploads\/2020\/06\/FullSizeRender.jpg\" alt=\"\" class=\"wp-image-1998\" width=\"163\" height=\"171\" srcset=\"https:\/\/demainlargentiere.fr\/wp-content\/uploads\/2020\/06\/FullSizeRender.jpg 485w, https:\/\/demainlargentiere.fr\/wp-content\/uploads\/2020\/06\/FullSizeRender-284x300.jpg 284w\" sizes=\"auto, (max-width: 163px) 100vw, 163px\" \/><\/figure>\n<\/div><\/div>\n<\/div>\n\n\n\n<div class=\"wp-block-column is-layout-flow wp-block-column-is-layout-flow\" style=\"flex-basis:66.66%\">\n<figure class=\"wp-block-image size-large\"><img loading=\"lazy\" decoding=\"async\" width=\"1024\" height=\"381\" src=\"http:\/\/demainlargentiere.fr\/wp-content\/uploads\/2020\/06\/FullSizeRender-1-1024x381.jpg\" alt=\"\" class=\"wp-image-1999\" srcset=\"https:\/\/demainlargentiere.fr\/wp-content\/uploads\/2020\/06\/FullSizeRender-1-1024x381.jpg 1024w, https:\/\/demainlargentiere.fr\/wp-content\/uploads\/2020\/06\/FullSizeRender-1-300x112.jpg 300w, https:\/\/demainlargentiere.fr\/wp-content\/uploads\/2020\/06\/FullSizeRender-1-768x286.jpg 768w, https:\/\/demainlargentiere.fr\/wp-content\/uploads\/2020\/06\/FullSizeRender-1.jpg 1139w\" sizes=\"auto, (max-width: 1024px) 100vw, 1024px\" \/><\/figure>\n<\/div>\n<\/div>\n\n\n\n<p><em>Lire l&rsquo;<a rel=\"noreferrer noopener\" href=\"https:\/\/www.ledauphine.com\/edition-drome-ardeche-sud\/largentiere\" target=\"_blank\">Article du Dauphin\u00e9 du 10.05.2020<\/a> dans son int\u00e9gralit\u00e9<\/em><\/p>\n\n\n\n<p>Le prochain conseil communautaire se tiendra le mardi 23 juin \u00e0 19h.<\/p>\n\n\n\n<p>A l&rsquo;ordre du jour : le vote sur les indemnit\u00e9s des \u00e9lu-e-s, la composition des diff\u00e9rentes commissions.<\/p>\n\n\n\n<p>Info et comptes rendus sur la page<a rel=\"noreferrer noopener\" href=\"https:\/\/cc-valdeligne.fr\/le-conseil-communautaire\/\" target=\"_blank\">\u00a0Le Conseil Communautaire\u00a0<\/a>du site du Val de ligne<\/p>\n","protected":false},"excerpt":{"rendered":"<p>Le 8 juin 2020, les 25 d\u00e9l\u00e9gu\u00e9\u00b7e\u00b7s des 11 communes composant le Val de Ligne \u00e9taient r\u00e9uni\u00b7e\u00b7s pour le premier conseil communautaire du mandat. L&rsquo;ordre du jour portait sur l&rsquo;\u00e9lection du ou de la pr\u00e9sident\u00b7e et vices-pr\u00e9sident\u00b7e\u00b7s. En voici les r\u00e9sultats : Vote \u00e0 bulletin secret Pr\u00e9sidence : 2 candidats: R. Vielfaure (Maire de Rocher &hellip; <\/p>\n<p class=\"link-more\"><a href=\"https:\/\/demainlargentiere.fr\/index.php\/le-premier-conseil-communautaire-8-juin-2020\/\" class=\"more-link\">Continuer la lecture <span class=\"screen-reader-text\"> \u00ab\u00a0Le premier Conseil Communautaire &#8211; 8 juin 2020\u00a0\u00bb<\/span><\/a><\/p>\n","protected":false},"author":2,"featured_media":0,"parent":0,"menu_order":0,"comment_status":"closed","ping_status":"closed","template":"","meta":{"ngg_post_thumbnail":0,"footnotes":""},"class_list":["post-1941","page","type-page","status-publish","hentry","entry"],"yoast_head":"<!-- This site is optimized with the Yoast SEO plugin v27.4 - https:\/\/yoast.com\/product\/yoast-seo-wordpress\/ -->\n<title>Le premier Conseil Communautaire - 8 juin 2020 - Demain LARGENTIERE !<\/title>\n<meta name=\"robots\" content=\"index, follow, max-snippet:-1, max-image-preview:large, max-video-preview:-1\" \/>\n<link rel=\"canonical\" href=\"https:\/\/demainlargentiere.fr\/index.php\/le-premier-conseil-communautaire-8-juin-2020\/\" \/>\n<meta property=\"og:locale\" content=\"fr_FR\" \/>\n<meta property=\"og:type\" content=\"article\" \/>\n<meta property=\"og:title\" content=\"Le premier Conseil Communautaire - 8 juin 2020 - Demain LARGENTIERE !\" \/>\n<meta property=\"og:description\" content=\"Le 8 juin 2020, les 25 d\u00e9l\u00e9gu\u00e9\u00b7e\u00b7s des 11 communes composant le Val de Ligne \u00e9taient r\u00e9uni\u00b7e\u00b7s pour le premier conseil communautaire du mandat. L&rsquo;ordre du jour portait sur l&rsquo;\u00e9lection du ou de la pr\u00e9sident\u00b7e et vices-pr\u00e9sident\u00b7e\u00b7s. En voici les r\u00e9sultats : Vote \u00e0 bulletin secret Pr\u00e9sidence : 2 candidats: R. Vielfaure (Maire de Rocher &hellip; Continuer la lecture \u00ab\u00a0Le premier Conseil Communautaire &#8211; 8 juin 2020\u00a0\u00bb\" \/>\n<meta property=\"og:url\" content=\"https:\/\/demainlargentiere.fr\/index.php\/le-premier-conseil-communautaire-8-juin-2020\/\" \/>\n<meta property=\"og:site_name\" content=\"Demain LARGENTIERE !\" \/>\n<meta property=\"article:publisher\" content=\"https:\/\/www.facebook.com\/DemainLargentiere\/\" \/>\n<meta property=\"article:modified_time\" content=\"2020-06-30T10:27:00+00:00\" \/>\n<meta property=\"og:image\" content=\"http:\/\/demainlargentiere.fr\/wp-content\/uploads\/2020\/06\/FullSizeRender.jpg\" \/>\n<meta name=\"twitter:card\" content=\"summary_large_image\" \/>\n<meta name=\"twitter:label1\" content=\"Dur\u00e9e de lecture estim\u00e9e\" \/>\n\t<meta name=\"twitter:data1\" content=\"2 minutes\" \/>\n<script type=\"application\/ld+json\" class=\"yoast-schema-graph\">{\"@context\":\"https:\\\/\\\/schema.org\",\"@graph\":[{\"@type\":\"WebPage\",\"@id\":\"https:\\\/\\\/demainlargentiere.fr\\\/index.php\\\/le-premier-conseil-communautaire-8-juin-2020\\\/\",\"url\":\"https:\\\/\\\/demainlargentiere.fr\\\/index.php\\\/le-premier-conseil-communautaire-8-juin-2020\\\/\",\"name\":\"Le premier Conseil Communautaire - 8 juin 2020 - Demain LARGENTIERE !\",\"isPartOf\":{\"@id\":\"http:\\\/\\\/demainlargentiere.fr\\\/#website\"},\"primaryImageOfPage\":{\"@id\":\"https:\\\/\\\/demainlargentiere.fr\\\/index.php\\\/le-premier-conseil-communautaire-8-juin-2020\\\/#primaryimage\"},\"image\":{\"@id\":\"https:\\\/\\\/demainlargentiere.fr\\\/index.php\\\/le-premier-conseil-communautaire-8-juin-2020\\\/#primaryimage\"},\"thumbnailUrl\":\"http:\\\/\\\/demainlargentiere.fr\\\/wp-content\\\/uploads\\\/2020\\\/06\\\/FullSizeRender.jpg\",\"datePublished\":\"2020-06-09T20:55:07+00:00\",\"dateModified\":\"2020-06-30T10:27:00+00:00\",\"breadcrumb\":{\"@id\":\"https:\\\/\\\/demainlargentiere.fr\\\/index.php\\\/le-premier-conseil-communautaire-8-juin-2020\\\/#breadcrumb\"},\"inLanguage\":\"fr-FR\",\"potentialAction\":[{\"@type\":\"ReadAction\",\"target\":[\"https:\\\/\\\/demainlargentiere.fr\\\/index.php\\\/le-premier-conseil-communautaire-8-juin-2020\\\/\"]}]},{\"@type\":\"ImageObject\",\"inLanguage\":\"fr-FR\",\"@id\":\"https:\\\/\\\/demainlargentiere.fr\\\/index.php\\\/le-premier-conseil-communautaire-8-juin-2020\\\/#primaryimage\",\"url\":\"https:\\\/\\\/demainlargentiere.fr\\\/wp-content\\\/uploads\\\/2020\\\/06\\\/FullSizeRender.jpg\",\"contentUrl\":\"https:\\\/\\\/demainlargentiere.fr\\\/wp-content\\\/uploads\\\/2020\\\/06\\\/FullSizeRender.jpg\",\"width\":485,\"height\":512},{\"@type\":\"BreadcrumbList\",\"@id\":\"https:\\\/\\\/demainlargentiere.fr\\\/index.php\\\/le-premier-conseil-communautaire-8-juin-2020\\\/#breadcrumb\",\"itemListElement\":[{\"@type\":\"ListItem\",\"position\":1,\"name\":\"Accueil\",\"item\":\"https:\\\/\\\/demainlargentiere.fr\\\/\"},{\"@type\":\"ListItem\",\"position\":2,\"name\":\"Le premier Conseil Communautaire &#8211; 8 juin 2020\"}]},{\"@type\":\"WebSite\",\"@id\":\"http:\\\/\\\/demainlargentiere.fr\\\/#website\",\"url\":\"http:\\\/\\\/demainlargentiere.fr\\\/\",\"name\":\"Demain LARGENTIERE !\",\"description\":\"Ensemble, cr\u00e9ons demain.\",\"publisher\":{\"@id\":\"http:\\\/\\\/demainlargentiere.fr\\\/#organization\"},\"potentialAction\":[{\"@type\":\"SearchAction\",\"target\":{\"@type\":\"EntryPoint\",\"urlTemplate\":\"http:\\\/\\\/demainlargentiere.fr\\\/?s={search_term_string}\"},\"query-input\":{\"@type\":\"PropertyValueSpecification\",\"valueRequired\":true,\"valueName\":\"search_term_string\"}}],\"inLanguage\":\"fr-FR\"},{\"@type\":\"Organization\",\"@id\":\"http:\\\/\\\/demainlargentiere.fr\\\/#organization\",\"name\":\"DemainLargentiere\",\"url\":\"http:\\\/\\\/demainlargentiere.fr\\\/\",\"logo\":{\"@type\":\"ImageObject\",\"inLanguage\":\"fr-FR\",\"@id\":\"http:\\\/\\\/demainlargentiere.fr\\\/#\\\/schema\\\/logo\\\/image\\\/\",\"url\":\"http:\\\/\\\/demainlargentiere.fr\\\/wp-content\\\/uploads\\\/2020\\\/02\\\/logo-250x250-1.png\",\"contentUrl\":\"http:\\\/\\\/demainlargentiere.fr\\\/wp-content\\\/uploads\\\/2020\\\/02\\\/logo-250x250-1.png\",\"width\":250,\"height\":250,\"caption\":\"DemainLargentiere\"},\"image\":{\"@id\":\"http:\\\/\\\/demainlargentiere.fr\\\/#\\\/schema\\\/logo\\\/image\\\/\"},\"sameAs\":[\"https:\\\/\\\/www.facebook.com\\\/DemainLargentiere\\\/\"]}]}<\/script>\n<!-- \/ Yoast SEO plugin. -->","yoast_head_json":{"title":"Le premier Conseil Communautaire - 8 juin 2020 - Demain LARGENTIERE !","robots":{"index":"index","follow":"follow","max-snippet":"max-snippet:-1","max-image-preview":"max-image-preview:large","max-video-preview":"max-video-preview:-1"},"canonical":"https:\/\/demainlargentiere.fr\/index.php\/le-premier-conseil-communautaire-8-juin-2020\/","og_locale":"fr_FR","og_type":"article","og_title":"Le premier Conseil Communautaire - 8 juin 2020 - Demain LARGENTIERE !","og_description":"Le 8 juin 2020, les 25 d\u00e9l\u00e9gu\u00e9\u00b7e\u00b7s des 11 communes composant le Val de Ligne \u00e9taient r\u00e9uni\u00b7e\u00b7s pour le premier conseil communautaire du mandat. L&rsquo;ordre du jour portait sur l&rsquo;\u00e9lection du ou de la pr\u00e9sident\u00b7e et vices-pr\u00e9sident\u00b7e\u00b7s. En voici les r\u00e9sultats : Vote \u00e0 bulletin secret Pr\u00e9sidence : 2 candidats: R. Vielfaure (Maire de Rocher &hellip; Continuer la lecture \u00ab\u00a0Le premier Conseil Communautaire &#8211; 8 juin 2020\u00a0\u00bb","og_url":"https:\/\/demainlargentiere.fr\/index.php\/le-premier-conseil-communautaire-8-juin-2020\/","og_site_name":"Demain LARGENTIERE !","article_publisher":"https:\/\/www.facebook.com\/DemainLargentiere\/","article_modified_time":"2020-06-30T10:27:00+00:00","og_image":[{"url":"http:\/\/demainlargentiere.fr\/wp-content\/uploads\/2020\/06\/FullSizeRender.jpg","type":"","width":"","height":""}],"twitter_card":"summary_large_image","twitter_misc":{"Dur\u00e9e de lecture estim\u00e9e":"2 minutes"},"schema":{"@context":"https:\/\/schema.org","@graph":[{"@type":"WebPage","@id":"https:\/\/demainlargentiere.fr\/index.php\/le-premier-conseil-communautaire-8-juin-2020\/","url":"https:\/\/demainlargentiere.fr\/index.php\/le-premier-conseil-communautaire-8-juin-2020\/","name":"Le premier Conseil Communautaire - 8 juin 2020 - Demain LARGENTIERE !","isPartOf":{"@id":"http:\/\/demainlargentiere.fr\/#website"},"primaryImageOfPage":{"@id":"https:\/\/demainlargentiere.fr\/index.php\/le-premier-conseil-communautaire-8-juin-2020\/#primaryimage"},"image":{"@id":"https:\/\/demainlargentiere.fr\/index.php\/le-premier-conseil-communautaire-8-juin-2020\/#primaryimage"},"thumbnailUrl":"http:\/\/demainlargentiere.fr\/wp-content\/uploads\/2020\/06\/FullSizeRender.jpg","datePublished":"2020-06-09T20:55:07+00:00","dateModified":"2020-06-30T10:27:00+00:00","breadcrumb":{"@id":"https:\/\/demainlargentiere.fr\/index.php\/le-premier-conseil-communautaire-8-juin-2020\/#breadcrumb"},"inLanguage":"fr-FR","potentialAction":[{"@type":"ReadAction","target":["https:\/\/demainlargentiere.fr\/index.php\/le-premier-conseil-communautaire-8-juin-2020\/"]}]},{"@type":"ImageObject","inLanguage":"fr-FR","@id":"https:\/\/demainlargentiere.fr\/index.php\/le-premier-conseil-communautaire-8-juin-2020\/#primaryimage","url":"https:\/\/demainlargentiere.fr\/wp-content\/uploads\/2020\/06\/FullSizeRender.jpg","contentUrl":"https:\/\/demainlargentiere.fr\/wp-content\/uploads\/2020\/06\/FullSizeRender.jpg","width":485,"height":512},{"@type":"BreadcrumbList","@id":"https:\/\/demainlargentiere.fr\/index.php\/le-premier-conseil-communautaire-8-juin-2020\/#breadcrumb","itemListElement":[{"@type":"ListItem","position":1,"name":"Accueil","item":"https:\/\/demainlargentiere.fr\/"},{"@type":"ListItem","position":2,"name":"Le premier Conseil Communautaire &#8211; 8 juin 2020"}]},{"@type":"WebSite","@id":"http:\/\/demainlargentiere.fr\/#website","url":"http:\/\/demainlargentiere.fr\/","name":"Demain LARGENTIERE !","description":"Ensemble, cr\u00e9ons demain.","publisher":{"@id":"http:\/\/demainlargentiere.fr\/#organization"},"potentialAction":[{"@type":"SearchAction","target":{"@type":"EntryPoint","urlTemplate":"http:\/\/demainlargentiere.fr\/?s={search_term_string}"},"query-input":{"@type":"PropertyValueSpecification","valueRequired":true,"valueName":"search_term_string"}}],"inLanguage":"fr-FR"},{"@type":"Organization","@id":"http:\/\/demainlargentiere.fr\/#organization","name":"DemainLargentiere","url":"http:\/\/demainlargentiere.fr\/","logo":{"@type":"ImageObject","inLanguage":"fr-FR","@id":"http:\/\/demainlargentiere.fr\/#\/schema\/logo\/image\/","url":"http:\/\/demainlargentiere.fr\/wp-content\/uploads\/2020\/02\/logo-250x250-1.png","contentUrl":"http:\/\/demainlargentiere.fr\/wp-content\/uploads\/2020\/02\/logo-250x250-1.png","width":250,"height":250,"caption":"DemainLargentiere"},"image":{"@id":"http:\/\/demainlargentiere.fr\/#\/schema\/logo\/image\/"},"sameAs":["https:\/\/www.facebook.com\/DemainLargentiere\/"]}]}},"_links":{"self":[{"href":"https:\/\/demainlargentiere.fr\/index.php\/wp-json\/wp\/v2\/pages\/1941","targetHints":{"allow":["GET"]}}],"collection":[{"href":"https:\/\/demainlargentiere.fr\/index.php\/wp-json\/wp\/v2\/pages"}],"about":[{"href":"https:\/\/demainlargentiere.fr\/index.php\/wp-json\/wp\/v2\/types\/page"}],"author":[{"embeddable":true,"href":"https:\/\/demainlargentiere.fr\/index.php\/wp-json\/wp\/v2\/users\/2"}],"replies":[{"embeddable":true,"href":"https:\/\/demainlargentiere.fr\/index.php\/wp-json\/wp\/v2\/comments?post=1941"}],"version-history":[{"count":17,"href":"https:\/\/demainlargentiere.fr\/index.php\/wp-json\/wp\/v2\/pages\/1941\/revisions"}],"predecessor-version":[{"id":2232,"href":"https:\/\/demainlargentiere.fr\/index.php\/wp-json\/wp\/v2\/pages\/1941\/revisions\/2232"}],"wp:attachment":[{"href":"https:\/\/demainlargentiere.fr\/index.php\/wp-json\/wp\/v2\/media?parent=1941"}],"curies":[{"name":"wp","href":"https:\/\/api.w.org\/{rel}","templated":true}]}}