{"id":203,"date":"2020-02-05T11:18:17","date_gmt":"2020-02-05T10:18:17","guid":{"rendered":"http:\/\/demainlargentiere.fr\/?page_id=203"},"modified":"2026-03-24T16:25:53","modified_gmt":"2026-03-24T15:25:53","slug":"historique","status":"publish","type":"page","link":"https:\/\/demainlargentiere.fr\/index.php\/historique\/","title":{"rendered":"Qui sommes-nous ?"},"content":{"rendered":"\n<p>N\u00e9e d\u2019un engagement citoyen local, <strong>Demain Largenti\u00e8re<\/strong> \u0153uvre depuis 2019 <strong>en tant qu\u2019association<\/strong> <strong>pour renforcer la d\u00e9mocratie locale, d\u00e9fendre l\u2019int\u00e9r\u00eat g\u00e9n\u00e9ral et pr\u00e9server la qualit\u00e9 de vie \u00e0 Largenti\u00e8re<\/strong>.<\/p>\n\n\n\n<p>Demain Largenti\u00e8re, plus qu&rsquo;une association et qu&rsquo;une \u00e9quipe comp\u00e9tente, c&rsquo;est un mouvement !<br>Aujourd\u2019hui, fort de cette exp\u00e9rience collective et de ce travail de terrain, Demain Largenti\u00e8re constitue une <strong>liste de rassemblement divers gauche et centre gauche<\/strong>, progressiste, \u00e9cologiste et <strong>ind\u00e9pendante des partis<\/strong>, conduite par <strong>Claudine Fournet<\/strong>, en vue des \u00e9lections municipales des 15 et 22 mars 2026.<\/p>\n\n\n\n<hr class=\"wp-block-separator has-alpha-channel-opacity\"\/>\n\n\n\n<h3 class=\"wp-block-heading\">D\u2019une initiative citoyenne \u00e0 une opposition constructive<\/h3>\n\n\n\n<p>\u00c0 l\u2019automne 2018, des habitantes et habitants de Largenti\u00e8re se r\u00e9unissent pour \u00e9changer sur le manque d\u2019information, de concertation et de dialogue entre la municipalit\u00e9 et la population. De ces \u00e9changes na\u00eet la volont\u00e9 d\u2019agir collectivement.<\/p>\n\n\n\n<p><strong>En f\u00e9vrier 2019, l\u2019association Demain Largenti\u00e8re est cr\u00e9\u00e9e<\/strong>. Elle se structure autour de commissions th\u00e9matiques (social, sant\u00e9, \u00e9conomie locale, culture, sport, urbanisme, \u00e9ducation), avec une attention particuli\u00e8re port\u00e9e \u00e0 la jeunesse et \u00e0 l\u2019environnement, alors largement absents des politiques locales.<\/p>\n\n\n\n<p>Le collectif se forme \u00e0 la <strong>gouvernance partag\u00e9e<\/strong> (avec Tristan R\u00e9chid) et place les habitantes et habitants au c\u0153ur des r\u00e9flexions et des propositions.<\/p>\n\n\n\n<p>En mars 2020, 43 % des suffrages se portent sur la liste Demain Largenti\u00e8re, permettant l\u2019\u00e9lection de <strong>4 conseill\u00e8res municipales<\/strong>.<br>Depuis, le groupe m\u00e8ne une <strong>opposition active, argument\u00e9e et responsable<\/strong>, soutenue par les membres de l&rsquo;association Demain Largenti\u00e8re toujours mobilis\u00e9s.<\/p>\n\n\n\n<hr class=\"wp-block-separator has-alpha-channel-opacity\"\/>\n\n\n\n<h3 class=\"wp-block-heading\">Une opposition utile : ce que Demain Largenti\u00e8re a permis entre 2020 et 2026<\/h3>\n\n\n\n<p>Entre 2020 et 2026, Demain Largenti\u00e8re, avec 4 \u00e9lu.e.s au conseil municipal, a jou\u00e9 pleinement son r\u00f4le de <strong>contre-pouvoir d\u00e9mocratique<\/strong>, \u00e9vitant des d\u00e9cisions h\u00e2tives ou mal concert\u00e9es et d\u00e9fendant l\u2019int\u00e9r\u00eat communal.<\/p>\n\n\n\n<p>Nos actions ont permis : <\/p>\n\n\n\n<ul class=\"wp-block-list\">\n<li>Le lancement d&rsquo;une p\u00e9tition <strong>pour la conservation de la chemin\u00e9e de l&rsquo;usine la Palluat<\/strong>, \u00e9l\u00e9ment patrimonial embl\u00e9matique, qui a permis de conserver une partie de la chemin\u00e9e<\/li>\n\n\n\n<li>Le lancement d&rsquo;un d\u00e9bat sur la sant\u00e9 et une p\u00e9tition <strong>pour \u00ab\u00a0d\u00e9fendre l&rsquo;h\u00f4pital public de Rocher-Largenti\u00e8re<\/strong>\u00a0\u00bb avec un courrier au d\u00e9put\u00e9 et \u00e0 la s\u00e9natrice<\/li>\n\n\n\n<li>Un courrier pour <strong>d\u00e9fendre nos services publics<\/strong> notamment une lettre \u00e0 la d\u00e9l\u00e9gu\u00e9e territoriale de La Poste<\/li>\n\n\n\n<li>De nombreux courriers ou prises de parole pour questionner sur<strong> le projet Ch\u00e2teau<\/strong><\/li>\n\n\n\n<li>Des demandes sur un conventionnement et le soutien \u00e0 la mobilisation citoyenne pour <strong>pr\u00e9server le stade de la Prade<\/strong><\/li>\n\n\n\n<li>Un contr\u00f4le <strong>attentif des d\u00e9cisions budg\u00e9taires et d\u2019urbanisme<\/strong> (PLUi)<\/li>\n\n\n\n<li>Une attention particuli\u00e8re pour <strong>les conventionnements et les attributions de subvention aux associations<\/strong>, le soutien constant au tissu associatif et aux initiatives locales.<\/li>\n\n\n\n<li>Un <strong>enregistrement audio syst\u00e9matique des conseils municipaux qui ont permis plus de transparence<\/strong> et de lisibilit\u00e9 avec sur certain sujet des retranscriptions des conseils municipaux<\/li>\n<\/ul>\n\n\n\n<p>Sans blocage syst\u00e9matique, mais <strong>avec vigilance et toujours des propositions<\/strong>, Demain Largenti\u00e8re a \u0153uvr\u00e9 pour la transparence et la communication des d\u00e9cisions importantes.<\/p>\n\n\n\n<p>Mais aussi c\u00f4t\u00e9 asso : <\/p>\n\n\n\n<ul class=\"wp-block-list\">\n<li>Des <strong>actions environnementales<\/strong> de nettoyage de la Ligne, de pr\u00e9vention contre la prolif\u00e9ration de l&rsquo;ambroisie, de connaissance du compostage, des balades g\u00e9ologique, etc. <strong>ou sociales<\/strong> comme la cr\u00e9ation d&rsquo;un r\u00e9seau d&rsquo;entraide d&rsquo;urgence pendant le COVID <\/li>\n\n\n\n<li>Nous avons r\u00e9alis\u00e9 <strong>plusieurs consultations \u00e0 la population<\/strong> : <strong>\u00ab\u00a0R\u00e9inventons le tribunal\u00a0\u00bb<\/strong> et <strong>\u00ab\u00a0Et vous, dans quelle ville voulez-vous vivre demain ?\u00a0\u00bb<\/strong><\/li>\n<\/ul>\n\n\n\n<hr class=\"wp-block-separator has-alpha-channel-opacity\"\/>\n\n\n\n<h3 class=\"wp-block-heading\">Les \u00e9lections municipales de mars 2026 : 2 si\u00e8ges pour Demain Largenti\u00e8re<\/h3>\n\n\n\n<p>Demain Largenti\u00e8re obtient 2 si\u00e8ges au conseil municipal. Nous r\u00e9fl\u00e9chissons \u00e0 un investissement quelque peu diff\u00e9rent de ces 6 derni\u00e8res ann\u00e9es, mais d\u2019une mani\u00e8re ou d\u2019une autre nous <strong>continuerons \u00e0 porter les id\u00e9es port\u00e9es avec vous et \u00e0 faire vivre Largenti\u00e8re avec vous.<\/strong><\/p>\n","protected":false},"excerpt":{"rendered":"<p>N\u00e9e d\u2019un engagement citoyen local, Demain Largenti\u00e8re \u0153uvre depuis 2019 en tant qu\u2019association pour renforcer la d\u00e9mocratie locale, d\u00e9fendre l\u2019int\u00e9r\u00eat g\u00e9n\u00e9ral et pr\u00e9server la qualit\u00e9 de vie \u00e0 Largenti\u00e8re. Demain Largenti\u00e8re, plus qu&rsquo;une association et qu&rsquo;une \u00e9quipe comp\u00e9tente, c&rsquo;est un mouvement !Aujourd\u2019hui, fort de cette exp\u00e9rience collective et de ce travail de terrain, Demain Largenti\u00e8re &hellip; <\/p>\n<p class=\"link-more\"><a href=\"https:\/\/demainlargentiere.fr\/index.php\/historique\/\" class=\"more-link\">Continuer la lecture <span class=\"screen-reader-text\"> \u00ab\u00a0Qui sommes-nous ?\u00a0\u00bb<\/span><\/a><\/p>\n","protected":false},"author":1,"featured_media":0,"parent":0,"menu_order":0,"comment_status":"closed","ping_status":"closed","template":"","meta":{"ngg_post_thumbnail":0,"footnotes":""},"class_list":["post-203","page","type-page","status-publish","hentry","entry"],"yoast_head":"<!-- This site is optimized with the Yoast SEO plugin v27.4 - https:\/\/yoast.com\/product\/yoast-seo-wordpress\/ -->\n<title>Qui sommes-nous ? - Demain LARGENTIERE !<\/title>\n<meta name=\"robots\" content=\"index, follow, max-snippet:-1, max-image-preview:large, max-video-preview:-1\" \/>\n<link rel=\"canonical\" href=\"https:\/\/demainlargentiere.fr\/index.php\/historique\/\" \/>\n<meta property=\"og:locale\" content=\"fr_FR\" \/>\n<meta property=\"og:type\" content=\"article\" \/>\n<meta property=\"og:title\" content=\"Qui sommes-nous ? - Demain LARGENTIERE !\" \/>\n<meta property=\"og:description\" content=\"N\u00e9e d\u2019un engagement citoyen local, Demain Largenti\u00e8re \u0153uvre depuis 2019 en tant qu\u2019association pour renforcer la d\u00e9mocratie locale, d\u00e9fendre l\u2019int\u00e9r\u00eat g\u00e9n\u00e9ral et pr\u00e9server la qualit\u00e9 de vie \u00e0 Largenti\u00e8re. Demain Largenti\u00e8re, plus qu&rsquo;une association et qu&rsquo;une \u00e9quipe comp\u00e9tente, c&rsquo;est un mouvement !Aujourd\u2019hui, fort de cette exp\u00e9rience collective et de ce travail de terrain, Demain Largenti\u00e8re &hellip; Continuer la lecture \u00ab\u00a0Qui sommes-nous ?\u00a0\u00bb\" \/>\n<meta property=\"og:url\" content=\"https:\/\/demainlargentiere.fr\/index.php\/historique\/\" \/>\n<meta property=\"og:site_name\" content=\"Demain LARGENTIERE !\" \/>\n<meta property=\"article:publisher\" content=\"https:\/\/www.facebook.com\/DemainLargentiere\/\" \/>\n<meta property=\"article:modified_time\" content=\"2026-03-24T15:25:53+00:00\" \/>\n<meta name=\"twitter:card\" content=\"summary_large_image\" \/>\n<meta name=\"twitter:label1\" content=\"Dur\u00e9e de lecture estim\u00e9e\" \/>\n\t<meta name=\"twitter:data1\" content=\"3 minutes\" \/>\n<script type=\"application\/ld+json\" class=\"yoast-schema-graph\">{\"@context\":\"https:\\\/\\\/schema.org\",\"@graph\":[{\"@type\":\"WebPage\",\"@id\":\"https:\\\/\\\/demainlargentiere.fr\\\/index.php\\\/historique\\\/\",\"url\":\"https:\\\/\\\/demainlargentiere.fr\\\/index.php\\\/historique\\\/\",\"name\":\"Qui sommes-nous ? - Demain LARGENTIERE !\",\"isPartOf\":{\"@id\":\"http:\\\/\\\/demainlargentiere.fr\\\/#website\"},\"datePublished\":\"2020-02-05T10:18:17+00:00\",\"dateModified\":\"2026-03-24T15:25:53+00:00\",\"breadcrumb\":{\"@id\":\"https:\\\/\\\/demainlargentiere.fr\\\/index.php\\\/historique\\\/#breadcrumb\"},\"inLanguage\":\"fr-FR\",\"potentialAction\":[{\"@type\":\"ReadAction\",\"target\":[\"https:\\\/\\\/demainlargentiere.fr\\\/index.php\\\/historique\\\/\"]}]},{\"@type\":\"BreadcrumbList\",\"@id\":\"https:\\\/\\\/demainlargentiere.fr\\\/index.php\\\/historique\\\/#breadcrumb\",\"itemListElement\":[{\"@type\":\"ListItem\",\"position\":1,\"name\":\"Accueil\",\"item\":\"https:\\\/\\\/demainlargentiere.fr\\\/\"},{\"@type\":\"ListItem\",\"position\":2,\"name\":\"Qui sommes-nous ?\"}]},{\"@type\":\"WebSite\",\"@id\":\"http:\\\/\\\/demainlargentiere.fr\\\/#website\",\"url\":\"http:\\\/\\\/demainlargentiere.fr\\\/\",\"name\":\"Demain LARGENTIERE !\",\"description\":\"Ensemble, cr\u00e9ons demain.\",\"publisher\":{\"@id\":\"http:\\\/\\\/demainlargentiere.fr\\\/#organization\"},\"potentialAction\":[{\"@type\":\"SearchAction\",\"target\":{\"@type\":\"EntryPoint\",\"urlTemplate\":\"http:\\\/\\\/demainlargentiere.fr\\\/?s={search_term_string}\"},\"query-input\":{\"@type\":\"PropertyValueSpecification\",\"valueRequired\":true,\"valueName\":\"search_term_string\"}}],\"inLanguage\":\"fr-FR\"},{\"@type\":\"Organization\",\"@id\":\"http:\\\/\\\/demainlargentiere.fr\\\/#organization\",\"name\":\"DemainLargentiere\",\"url\":\"http:\\\/\\\/demainlargentiere.fr\\\/\",\"logo\":{\"@type\":\"ImageObject\",\"inLanguage\":\"fr-FR\",\"@id\":\"http:\\\/\\\/demainlargentiere.fr\\\/#\\\/schema\\\/logo\\\/image\\\/\",\"url\":\"http:\\\/\\\/demainlargentiere.fr\\\/wp-content\\\/uploads\\\/2020\\\/02\\\/logo-250x250-1.png\",\"contentUrl\":\"http:\\\/\\\/demainlargentiere.fr\\\/wp-content\\\/uploads\\\/2020\\\/02\\\/logo-250x250-1.png\",\"width\":250,\"height\":250,\"caption\":\"DemainLargentiere\"},\"image\":{\"@id\":\"http:\\\/\\\/demainlargentiere.fr\\\/#\\\/schema\\\/logo\\\/image\\\/\"},\"sameAs\":[\"https:\\\/\\\/www.facebook.com\\\/DemainLargentiere\\\/\"]}]}<\/script>\n<!-- \/ Yoast SEO plugin. -->","yoast_head_json":{"title":"Qui sommes-nous ? - Demain LARGENTIERE !","robots":{"index":"index","follow":"follow","max-snippet":"max-snippet:-1","max-image-preview":"max-image-preview:large","max-video-preview":"max-video-preview:-1"},"canonical":"https:\/\/demainlargentiere.fr\/index.php\/historique\/","og_locale":"fr_FR","og_type":"article","og_title":"Qui sommes-nous ? - Demain LARGENTIERE !","og_description":"N\u00e9e d\u2019un engagement citoyen local, Demain Largenti\u00e8re \u0153uvre depuis 2019 en tant qu\u2019association pour renforcer la d\u00e9mocratie locale, d\u00e9fendre l\u2019int\u00e9r\u00eat g\u00e9n\u00e9ral et pr\u00e9server la qualit\u00e9 de vie \u00e0 Largenti\u00e8re. Demain Largenti\u00e8re, plus qu&rsquo;une association et qu&rsquo;une \u00e9quipe comp\u00e9tente, c&rsquo;est un mouvement !Aujourd\u2019hui, fort de cette exp\u00e9rience collective et de ce travail de terrain, Demain Largenti\u00e8re &hellip; Continuer la lecture \u00ab\u00a0Qui sommes-nous ?\u00a0\u00bb","og_url":"https:\/\/demainlargentiere.fr\/index.php\/historique\/","og_site_name":"Demain LARGENTIERE !","article_publisher":"https:\/\/www.facebook.com\/DemainLargentiere\/","article_modified_time":"2026-03-24T15:25:53+00:00","twitter_card":"summary_large_image","twitter_misc":{"Dur\u00e9e de lecture estim\u00e9e":"3 minutes"},"schema":{"@context":"https:\/\/schema.org","@graph":[{"@type":"WebPage","@id":"https:\/\/demainlargentiere.fr\/index.php\/historique\/","url":"https:\/\/demainlargentiere.fr\/index.php\/historique\/","name":"Qui sommes-nous ? - Demain LARGENTIERE !","isPartOf":{"@id":"http:\/\/demainlargentiere.fr\/#website"},"datePublished":"2020-02-05T10:18:17+00:00","dateModified":"2026-03-24T15:25:53+00:00","breadcrumb":{"@id":"https:\/\/demainlargentiere.fr\/index.php\/historique\/#breadcrumb"},"inLanguage":"fr-FR","potentialAction":[{"@type":"ReadAction","target":["https:\/\/demainlargentiere.fr\/index.php\/historique\/"]}]},{"@type":"BreadcrumbList","@id":"https:\/\/demainlargentiere.fr\/index.php\/historique\/#breadcrumb","itemListElement":[{"@type":"ListItem","position":1,"name":"Accueil","item":"https:\/\/demainlargentiere.fr\/"},{"@type":"ListItem","position":2,"name":"Qui sommes-nous ?"}]},{"@type":"WebSite","@id":"http:\/\/demainlargentiere.fr\/#website","url":"http:\/\/demainlargentiere.fr\/","name":"Demain LARGENTIERE !","description":"Ensemble, cr\u00e9ons demain.","publisher":{"@id":"http:\/\/demainlargentiere.fr\/#organization"},"potentialAction":[{"@type":"SearchAction","target":{"@type":"EntryPoint","urlTemplate":"http:\/\/demainlargentiere.fr\/?s={search_term_string}"},"query-input":{"@type":"PropertyValueSpecification","valueRequired":true,"valueName":"search_term_string"}}],"inLanguage":"fr-FR"},{"@type":"Organization","@id":"http:\/\/demainlargentiere.fr\/#organization","name":"DemainLargentiere","url":"http:\/\/demainlargentiere.fr\/","logo":{"@type":"ImageObject","inLanguage":"fr-FR","@id":"http:\/\/demainlargentiere.fr\/#\/schema\/logo\/image\/","url":"http:\/\/demainlargentiere.fr\/wp-content\/uploads\/2020\/02\/logo-250x250-1.png","contentUrl":"http:\/\/demainlargentiere.fr\/wp-content\/uploads\/2020\/02\/logo-250x250-1.png","width":250,"height":250,"caption":"DemainLargentiere"},"image":{"@id":"http:\/\/demainlargentiere.fr\/#\/schema\/logo\/image\/"},"sameAs":["https:\/\/www.facebook.com\/DemainLargentiere\/"]}]}},"_links":{"self":[{"href":"https:\/\/demainlargentiere.fr\/index.php\/wp-json\/wp\/v2\/pages\/203","targetHints":{"allow":["GET"]}}],"collection":[{"href":"https:\/\/demainlargentiere.fr\/index.php\/wp-json\/wp\/v2\/pages"}],"about":[{"href":"https:\/\/demainlargentiere.fr\/index.php\/wp-json\/wp\/v2\/types\/page"}],"author":[{"embeddable":true,"href":"https:\/\/demainlargentiere.fr\/index.php\/wp-json\/wp\/v2\/users\/1"}],"replies":[{"embeddable":true,"href":"https:\/\/demainlargentiere.fr\/index.php\/wp-json\/wp\/v2\/comments?post=203"}],"version-history":[{"count":39,"href":"https:\/\/demainlargentiere.fr\/index.php\/wp-json\/wp\/v2\/pages\/203\/revisions"}],"predecessor-version":[{"id":5989,"href":"https:\/\/demainlargentiere.fr\/index.php\/wp-json\/wp\/v2\/pages\/203\/revisions\/5989"}],"wp:attachment":[{"href":"https:\/\/demainlargentiere.fr\/index.php\/wp-json\/wp\/v2\/media?parent=203"}],"curies":[{"name":"wp","href":"https:\/\/api.w.org\/{rel}","templated":true}]}}