{"id":2048,"date":"2020-06-11T11:41:27","date_gmt":"2020-06-11T09:41:27","guid":{"rendered":"http:\/\/demainlargentiere.fr\/?page_id=2048"},"modified":"2020-12-20T12:02:21","modified_gmt":"2020-12-20T11:02:21","slug":"conseil-municipal-16-juin-2020","status":"publish","type":"page","link":"https:\/\/demainlargentiere.fr\/index.php\/conseil-municipal-16-juin-2020\/","title":{"rendered":"Conseil Municipal &#8211; 16 juin 2020"},"content":{"rendered":"\n<p>Le conseil municipal du 16 juin a trait\u00e9 des d\u00e9l\u00e9gu\u00e9\u00b7e\u00b7s &nbsp;(E.P.C.I. &#8211; lieux de pouvoir local), des commissions (le lieu de travail pr\u00e9paratoire de l&rsquo;\u00e9quipe municipale) et des d\u00e9l\u00e9gations d&rsquo;attribution faites au Maire (tout ou partie). Il a r\u00e9pondu \u00e0 ses deux questions :&nbsp;<\/p>\n\n\n\n<ol class=\"wp-block-list\"><li><strong>Quelle place pour les \u00e9lu\u00b7e\u00b7s minoritaires ?<\/strong><\/li><li><strong>Quels pouvoirs d\u00e9l\u00e9gu\u00e9s au Maire ?<\/strong><\/li><\/ol>\n\n\n\n<h4 class=\"wp-block-heading\">Nos prises de paroles <img loading=\"lazy\" decoding=\"async\" width=\"40\" height=\"40\" class=\"wp-image-1132\" style=\"width: 40px;\" src=\"http:\/\/demainlargentiere.fr\/wp-content\/uploads\/2020\/02\/rencontre.png\" alt=\"Picto rencontre Largenti\u00e8re\" srcset=\"https:\/\/demainlargentiere.fr\/wp-content\/uploads\/2020\/02\/rencontre.png 418w, https:\/\/demainlargentiere.fr\/wp-content\/uploads\/2020\/02\/rencontre-300x300.png 300w, https:\/\/demainlargentiere.fr\/wp-content\/uploads\/2020\/02\/rencontre-150x150.png 150w\" sizes=\"auto, (max-width: 40px) 100vw, 40px\" \/><\/h4>\n\n\n\n<p><em>Claudine Fournet, Jean-Philippe Smadja, Mil\u00e8ne Villard et Bruno Descombe, \u00e9lu\u00b7e\u00b7s de Demain Largenti\u00e8re ont pris la parole pour\u00a0:<\/em><\/p>\n\n\n\n<p>&#8211; Re-pr\u00e9ciser la <a rel=\"noreferrer noopener\" href=\"http:\/\/demainlargentiere.fr\/index.php\/lettre-de-proposition-en-tant-que-delegue\/\" target=\"_blank\">Lettre de proposition envoy\u00e9e en amont \u00e0 tous les \u00e9lus: d\u00e9l\u00e9gu\u00e9\u00b7e\u00b7s, commissions, quelle place pour les \u00e9lu\u00b7e\u00b7s minoritaires ?<\/a> pour souligner que nous souhaitons participer activement \u00e0 la vie de la commune en la repr\u00e9sentant dans les EPCI et organismes du territoire outre les \u00ab conflits de liste \u00bb. <\/p>\n\n\n\n<p><strong>&gt; Nous n\u2019avons pas obtenu d\u2019autres postes que ceux obligatoires par la repr\u00e9sentation proportionnelle (CAO &#8211; Commission d&rsquo;Appel d&rsquo;Offre et CCAS &#8211; Centre Communal d&rsquo;Action Sociale).<\/strong><\/p>\n\n\n\n<p>&#8211; Souligner que les commissions sont vastes et que nous proposons 2 personnes pour apporter comp\u00e9tence et dynamisme. <\/p>\n\n\n\n<p><strong>&gt; Nous n\u2019avons obtenu qu\u20191 si\u00e8ge sur 6, le minimum obligatoire, dans les 4 commissions propos\u00e9es :<\/strong><br>Commission Jeunesse , Sport, Vie Associative et Culture : Jean-Philippe &nbsp;SMADJA<br>Commission Patrimoine, Bourg Centre, Travaux et Environnement : Claudine Fournet. <em><strong>Cette commission se voit dot\u00e9e de la th\u00e9matique Environnement qui fait suite \u00e0 l&rsquo;une de nos demandes dans la \u00ab\u00a0<a rel=\"noreferrer noopener\" href=\"http:\/\/demainlargentiere.fr\/index.php\/lettre-de-proposition-en-tant-que-delegue\/\" target=\"_blank\">lettre de proposition<\/a>\u00ab\u00a0.<\/strong><\/em><br>Commission communication, animations et festivit\u00e9s : Mil\u00e8ne Villard<br>Commission Largenti\u00e8re au quotidien et s\u00e9curit\u00e9 : Bruno DESCOMBE<\/p>\n\n\n\n<p>&#8211; souligner que le Conseil Municipal n\u2019est pas oblig\u00e9 de d\u00e9l\u00e9guer l\u2019ensemble des 29 attributions d\u00e9taill\u00e9es par le code (<a rel=\"noreferrer noopener\" href=\"https:\/\/www.legifrance.gouv.fr\/affichCodeArticle.do?idArticle=LEGIARTI000037666566&amp;cidTexte=LEGITEXT000006070633&amp;dateTexte=20181125\" target=\"_blank\">article L2122-22 du CGCT<\/a>). Ce dernier peut, en effet, d\u00e9l\u00e9guer au maire \u00ab tout ou partie \u00bb des 29 attributions. Et appuyer que les d\u00e9l\u00e9gations ne peuvent \u00eatre vot\u00e9es dans leur globalit\u00e9, et attacher un regard particulier sur 10 des 29 d\u00e9l\u00e9gations dont les limites doivent \u00eatre fix\u00e9es par le Conseil Municipal, ce qui n&rsquo;a pas \u00e9t\u00e9 fait.<\/p>\n\n\n\n<p><strong>&gt; Le Maire a obtenu 15 voix pour avoir l&rsquo;attribution de l&rsquo;int\u00e9gralit\u00e9 de ces d\u00e9l\u00e9gations contre 4.<\/strong> <\/p>\n\n\n\n<p>&#8211; Approuver la prime des agents et le t\u00e9l\u00e9travail.<br>&#8211; Questionner le rapport prix\/efficacit\u00e9 de la vid\u00e9o protection<br>&#8211; Interrog\u00e9 sur l&rsquo;ouverture au public des prochains CM<\/p>\n\n\n\n<h4 class=\"wp-block-heading\">En r\u00e9sum\u00e9 : <\/h4>\n\n\n\n<ol class=\"wp-block-list\"><li><strong>Aucune place \u00e0 la minorit\u00e9 n&rsquo;a \u00e9t\u00e9 donn\u00e9e, sauf selon l&rsquo;obligation l\u00e9gale.<\/strong><\/li><li><strong>Le Maire a toutes les d\u00e9l\u00e9gations de pouvoir qui sont au nombre de 29<\/strong>.<\/li><li><strong>La commission Patrimoine, Bourg Centre, Travaux<em> <\/em>s&rsquo;est vue doter de la th\u00e9matique Environnement<\/strong>, comme nous l&rsquo;avions soulign\u00e9 !<\/li><\/ol>\n\n\n\n<h4 class=\"wp-block-heading\">La retranscription du CM <img loading=\"lazy\" decoding=\"async\" width=\"40\" height=\"40\" class=\"wp-image-1131\" style=\"width: 40px;\" src=\"http:\/\/demainlargentiere.fr\/wp-content\/uploads\/2020\/02\/programme.png\" alt=\"Picto campagne Demain Largenti\u00e8re\" srcset=\"https:\/\/demainlargentiere.fr\/wp-content\/uploads\/2020\/02\/programme.png 417w, https:\/\/demainlargentiere.fr\/wp-content\/uploads\/2020\/02\/programme-300x300.png 300w, https:\/\/demainlargentiere.fr\/wp-content\/uploads\/2020\/02\/programme-150x150.png 150w\" sizes=\"auto, (max-width: 40px) 100vw, 40px\" \/><\/h4>\n\n\n<div class=\"sdm_download_button_box_default\"><div class=\"sdm_download_link\"><a href=\"https:\/\/demainlargentiere.fr\/?sdm_process_download=1&download_id=2791\" class=\"sdm_download green\" title=\"Retranscription 16 juin\" target=&quot;_blank&quot;>T\u00e9l\u00e9charger la retranscription<\/a><\/div><\/div>\n\n\n\n<p><em>C&rsquo;est un travail tr\u00e8s long, 10 mn d&rsquo;audio est \u00e9gal \u00e0 1 h de travail de retranscription<\/em>. <em>Bonne lecture !<\/em><\/p>\n\n\n\n<h4 class=\"wp-block-heading\">Le podcast du CM <img loading=\"lazy\" decoding=\"async\" width=\"40\" height=\"40\" class=\"wp-image-1128\" style=\"width: 40px;\" src=\"http:\/\/demainlargentiere.fr\/wp-content\/uploads\/2020\/02\/conference.png\" alt=\"Picto conf \u00e9lection\" srcset=\"https:\/\/demainlargentiere.fr\/wp-content\/uploads\/2020\/02\/conference.png 417w, https:\/\/demainlargentiere.fr\/wp-content\/uploads\/2020\/02\/conference-300x300.png 300w, https:\/\/demainlargentiere.fr\/wp-content\/uploads\/2020\/02\/conference-150x150.png 150w\" sizes=\"auto, (max-width: 40px) 100vw, 40px\" \/><\/h4>\n\n\n\n<figure class=\"wp-block-audio\"><audio controls src=\"http:\/\/demainlargentiere.fr\/wp-content\/uploads\/2020\/06\/conseil-muni-16-06-20-2.mp3\"><\/audio><\/figure>\n\n\n\n<div class=\"wp-block-media-text alignwide is-stacked-on-mobile\" style=\"grid-template-columns:48% auto\"><figure class=\"wp-block-media-text__media\"><img loading=\"lazy\" decoding=\"async\" width=\"724\" height=\"1024\" src=\"http:\/\/demainlargentiere.fr\/wp-content\/uploads\/2020\/06\/Convocation-conseil-Municipal-LARGENTIERE-16.06.2020-1-724x1024.jpg\" alt=\"\" class=\"wp-image-2050\" srcset=\"https:\/\/demainlargentiere.fr\/wp-content\/uploads\/2020\/06\/Convocation-conseil-Municipal-LARGENTIERE-16.06.2020-1-724x1024.jpg 724w, https:\/\/demainlargentiere.fr\/wp-content\/uploads\/2020\/06\/Convocation-conseil-Municipal-LARGENTIERE-16.06.2020-1-212x300.jpg 212w, https:\/\/demainlargentiere.fr\/wp-content\/uploads\/2020\/06\/Convocation-conseil-Municipal-LARGENTIERE-16.06.2020-1-768x1087.jpg 768w, https:\/\/demainlargentiere.fr\/wp-content\/uploads\/2020\/06\/Convocation-conseil-Municipal-LARGENTIERE-16.06.2020-1-1086x1536.jpg 1086w, https:\/\/demainlargentiere.fr\/wp-content\/uploads\/2020\/06\/Convocation-conseil-Municipal-LARGENTIERE-16.06.2020-1-1448x2048.jpg 1448w, https:\/\/demainlargentiere.fr\/wp-content\/uploads\/2020\/06\/Convocation-conseil-Municipal-LARGENTIERE-16.06.2020-1-1568x2218.jpg 1568w, https:\/\/demainlargentiere.fr\/wp-content\/uploads\/2020\/06\/Convocation-conseil-Municipal-LARGENTIERE-16.06.2020-1-rotated.jpg 1654w\" sizes=\"auto, (max-width: 724px) 100vw, 724px\" \/><\/figure><div class=\"wp-block-media-text__content\">\n<p><\/p>\n<\/div><\/div>\n\n\n\n<hr class=\"wp-block-separator\"\/>\n\n\n\n<p>Le&nbsp;<a href=\"https:\/\/www.largentiere.fr\/mairie\/comptes-rendus-des-conseils-municipaux\/\">compte rendu du conseil municipa<\/a>l dans son int\u00e9gralit\u00e9&nbsp;sur le site de la commune de Largenti\u00e8re.<\/p>\n\n\n\n<hr class=\"wp-block-separator\"\/>\n\n\n\n<p><\/p>\n","protected":false},"excerpt":{"rendered":"<p>Le conseil municipal du 16 juin a trait\u00e9 des d\u00e9l\u00e9gu\u00e9\u00b7e\u00b7s &nbsp;(E.P.C.I. &#8211; lieux de pouvoir local), des commissions (le lieu de travail pr\u00e9paratoire de l&rsquo;\u00e9quipe municipale) et des d\u00e9l\u00e9gations d&rsquo;attribution faites au Maire (tout ou partie). Il a r\u00e9pondu \u00e0 ses deux questions :&nbsp; Quelle place pour les \u00e9lu\u00b7e\u00b7s minoritaires ? Quels pouvoirs d\u00e9l\u00e9gu\u00e9s au &hellip; <\/p>\n<p class=\"link-more\"><a href=\"https:\/\/demainlargentiere.fr\/index.php\/conseil-municipal-16-juin-2020\/\" class=\"more-link\">Continuer la lecture <span class=\"screen-reader-text\"> \u00ab\u00a0Conseil Municipal &#8211; 16 juin 2020\u00a0\u00bb<\/span><\/a><\/p>\n","protected":false},"author":2,"featured_media":0,"parent":0,"menu_order":0,"comment_status":"closed","ping_status":"closed","template":"","meta":{"ngg_post_thumbnail":0,"footnotes":""},"class_list":["post-2048","page","type-page","status-publish","hentry","entry"],"yoast_head":"<!-- This site is optimized with the Yoast SEO plugin v27.4 - https:\/\/yoast.com\/product\/yoast-seo-wordpress\/ -->\n<title>Conseil Municipal - 16 juin 2020 - Demain LARGENTIERE !<\/title>\n<meta name=\"robots\" content=\"index, follow, max-snippet:-1, max-image-preview:large, max-video-preview:-1\" \/>\n<link rel=\"canonical\" href=\"https:\/\/demainlargentiere.fr\/index.php\/conseil-municipal-16-juin-2020\/\" \/>\n<meta property=\"og:locale\" content=\"fr_FR\" \/>\n<meta property=\"og:type\" content=\"article\" \/>\n<meta property=\"og:title\" content=\"Conseil Municipal - 16 juin 2020 - Demain LARGENTIERE !\" \/>\n<meta property=\"og:description\" content=\"Le conseil municipal du 16 juin a trait\u00e9 des d\u00e9l\u00e9gu\u00e9\u00b7e\u00b7s &nbsp;(E.P.C.I. &#8211; lieux de pouvoir local), des commissions (le lieu de travail pr\u00e9paratoire de l&rsquo;\u00e9quipe municipale) et des d\u00e9l\u00e9gations d&rsquo;attribution faites au Maire (tout ou partie). Il a r\u00e9pondu \u00e0 ses deux questions :&nbsp; Quelle place pour les \u00e9lu\u00b7e\u00b7s minoritaires ? Quels pouvoirs d\u00e9l\u00e9gu\u00e9s au &hellip; Continuer la lecture \u00ab\u00a0Conseil Municipal &#8211; 16 juin 2020\u00a0\u00bb\" \/>\n<meta property=\"og:url\" content=\"https:\/\/demainlargentiere.fr\/index.php\/conseil-municipal-16-juin-2020\/\" \/>\n<meta property=\"og:site_name\" content=\"Demain LARGENTIERE !\" \/>\n<meta property=\"article:publisher\" content=\"https:\/\/www.facebook.com\/DemainLargentiere\/\" \/>\n<meta property=\"article:modified_time\" content=\"2020-12-20T11:02:21+00:00\" \/>\n<meta property=\"og:image\" content=\"http:\/\/demainlargentiere.fr\/wp-content\/uploads\/2020\/02\/rencontre.png\" \/>\n<meta name=\"twitter:card\" content=\"summary_large_image\" \/>\n<meta name=\"twitter:label1\" content=\"Dur\u00e9e de lecture estim\u00e9e\" \/>\n\t<meta name=\"twitter:data1\" content=\"3 minutes\" \/>\n<script type=\"application\/ld+json\" class=\"yoast-schema-graph\">{\"@context\":\"https:\\\/\\\/schema.org\",\"@graph\":[{\"@type\":\"WebPage\",\"@id\":\"https:\\\/\\\/demainlargentiere.fr\\\/index.php\\\/conseil-municipal-16-juin-2020\\\/\",\"url\":\"https:\\\/\\\/demainlargentiere.fr\\\/index.php\\\/conseil-municipal-16-juin-2020\\\/\",\"name\":\"Conseil Municipal - 16 juin 2020 - Demain LARGENTIERE !\",\"isPartOf\":{\"@id\":\"http:\\\/\\\/demainlargentiere.fr\\\/#website\"},\"primaryImageOfPage\":{\"@id\":\"https:\\\/\\\/demainlargentiere.fr\\\/index.php\\\/conseil-municipal-16-juin-2020\\\/#primaryimage\"},\"image\":{\"@id\":\"https:\\\/\\\/demainlargentiere.fr\\\/index.php\\\/conseil-municipal-16-juin-2020\\\/#primaryimage\"},\"thumbnailUrl\":\"http:\\\/\\\/demainlargentiere.fr\\\/wp-content\\\/uploads\\\/2020\\\/02\\\/rencontre.png\",\"datePublished\":\"2020-06-11T09:41:27+00:00\",\"dateModified\":\"2020-12-20T11:02:21+00:00\",\"breadcrumb\":{\"@id\":\"https:\\\/\\\/demainlargentiere.fr\\\/index.php\\\/conseil-municipal-16-juin-2020\\\/#breadcrumb\"},\"inLanguage\":\"fr-FR\",\"potentialAction\":[{\"@type\":\"ReadAction\",\"target\":[\"https:\\\/\\\/demainlargentiere.fr\\\/index.php\\\/conseil-municipal-16-juin-2020\\\/\"]}]},{\"@type\":\"ImageObject\",\"inLanguage\":\"fr-FR\",\"@id\":\"https:\\\/\\\/demainlargentiere.fr\\\/index.php\\\/conseil-municipal-16-juin-2020\\\/#primaryimage\",\"url\":\"https:\\\/\\\/demainlargentiere.fr\\\/wp-content\\\/uploads\\\/2020\\\/02\\\/rencontre.png\",\"contentUrl\":\"https:\\\/\\\/demainlargentiere.fr\\\/wp-content\\\/uploads\\\/2020\\\/02\\\/rencontre.png\",\"width\":418,\"height\":417,\"caption\":\"Picto rencontre Largenti\u00e8re\"},{\"@type\":\"BreadcrumbList\",\"@id\":\"https:\\\/\\\/demainlargentiere.fr\\\/index.php\\\/conseil-municipal-16-juin-2020\\\/#breadcrumb\",\"itemListElement\":[{\"@type\":\"ListItem\",\"position\":1,\"name\":\"Accueil\",\"item\":\"https:\\\/\\\/demainlargentiere.fr\\\/\"},{\"@type\":\"ListItem\",\"position\":2,\"name\":\"Conseil Municipal &#8211; 16 juin 2020\"}]},{\"@type\":\"WebSite\",\"@id\":\"http:\\\/\\\/demainlargentiere.fr\\\/#website\",\"url\":\"http:\\\/\\\/demainlargentiere.fr\\\/\",\"name\":\"Demain LARGENTIERE !\",\"description\":\"Ensemble, cr\u00e9ons demain.\",\"publisher\":{\"@id\":\"http:\\\/\\\/demainlargentiere.fr\\\/#organization\"},\"potentialAction\":[{\"@type\":\"SearchAction\",\"target\":{\"@type\":\"EntryPoint\",\"urlTemplate\":\"http:\\\/\\\/demainlargentiere.fr\\\/?s={search_term_string}\"},\"query-input\":{\"@type\":\"PropertyValueSpecification\",\"valueRequired\":true,\"valueName\":\"search_term_string\"}}],\"inLanguage\":\"fr-FR\"},{\"@type\":\"Organization\",\"@id\":\"http:\\\/\\\/demainlargentiere.fr\\\/#organization\",\"name\":\"DemainLargentiere\",\"url\":\"http:\\\/\\\/demainlargentiere.fr\\\/\",\"logo\":{\"@type\":\"ImageObject\",\"inLanguage\":\"fr-FR\",\"@id\":\"http:\\\/\\\/demainlargentiere.fr\\\/#\\\/schema\\\/logo\\\/image\\\/\",\"url\":\"http:\\\/\\\/demainlargentiere.fr\\\/wp-content\\\/uploads\\\/2020\\\/02\\\/logo-250x250-1.png\",\"contentUrl\":\"http:\\\/\\\/demainlargentiere.fr\\\/wp-content\\\/uploads\\\/2020\\\/02\\\/logo-250x250-1.png\",\"width\":250,\"height\":250,\"caption\":\"DemainLargentiere\"},\"image\":{\"@id\":\"http:\\\/\\\/demainlargentiere.fr\\\/#\\\/schema\\\/logo\\\/image\\\/\"},\"sameAs\":[\"https:\\\/\\\/www.facebook.com\\\/DemainLargentiere\\\/\"]}]}<\/script>\n<!-- \/ Yoast SEO plugin. -->","yoast_head_json":{"title":"Conseil Municipal - 16 juin 2020 - Demain LARGENTIERE !","robots":{"index":"index","follow":"follow","max-snippet":"max-snippet:-1","max-image-preview":"max-image-preview:large","max-video-preview":"max-video-preview:-1"},"canonical":"https:\/\/demainlargentiere.fr\/index.php\/conseil-municipal-16-juin-2020\/","og_locale":"fr_FR","og_type":"article","og_title":"Conseil Municipal - 16 juin 2020 - Demain LARGENTIERE !","og_description":"Le conseil municipal du 16 juin a trait\u00e9 des d\u00e9l\u00e9gu\u00e9\u00b7e\u00b7s &nbsp;(E.P.C.I. &#8211; lieux de pouvoir local), des commissions (le lieu de travail pr\u00e9paratoire de l&rsquo;\u00e9quipe municipale) et des d\u00e9l\u00e9gations d&rsquo;attribution faites au Maire (tout ou partie). Il a r\u00e9pondu \u00e0 ses deux questions :&nbsp; Quelle place pour les \u00e9lu\u00b7e\u00b7s minoritaires ? Quels pouvoirs d\u00e9l\u00e9gu\u00e9s au &hellip; Continuer la lecture \u00ab\u00a0Conseil Municipal &#8211; 16 juin 2020\u00a0\u00bb","og_url":"https:\/\/demainlargentiere.fr\/index.php\/conseil-municipal-16-juin-2020\/","og_site_name":"Demain LARGENTIERE !","article_publisher":"https:\/\/www.facebook.com\/DemainLargentiere\/","article_modified_time":"2020-12-20T11:02:21+00:00","og_image":[{"url":"http:\/\/demainlargentiere.fr\/wp-content\/uploads\/2020\/02\/rencontre.png","type":"","width":"","height":""}],"twitter_card":"summary_large_image","twitter_misc":{"Dur\u00e9e de lecture estim\u00e9e":"3 minutes"},"schema":{"@context":"https:\/\/schema.org","@graph":[{"@type":"WebPage","@id":"https:\/\/demainlargentiere.fr\/index.php\/conseil-municipal-16-juin-2020\/","url":"https:\/\/demainlargentiere.fr\/index.php\/conseil-municipal-16-juin-2020\/","name":"Conseil Municipal - 16 juin 2020 - Demain LARGENTIERE !","isPartOf":{"@id":"http:\/\/demainlargentiere.fr\/#website"},"primaryImageOfPage":{"@id":"https:\/\/demainlargentiere.fr\/index.php\/conseil-municipal-16-juin-2020\/#primaryimage"},"image":{"@id":"https:\/\/demainlargentiere.fr\/index.php\/conseil-municipal-16-juin-2020\/#primaryimage"},"thumbnailUrl":"http:\/\/demainlargentiere.fr\/wp-content\/uploads\/2020\/02\/rencontre.png","datePublished":"2020-06-11T09:41:27+00:00","dateModified":"2020-12-20T11:02:21+00:00","breadcrumb":{"@id":"https:\/\/demainlargentiere.fr\/index.php\/conseil-municipal-16-juin-2020\/#breadcrumb"},"inLanguage":"fr-FR","potentialAction":[{"@type":"ReadAction","target":["https:\/\/demainlargentiere.fr\/index.php\/conseil-municipal-16-juin-2020\/"]}]},{"@type":"ImageObject","inLanguage":"fr-FR","@id":"https:\/\/demainlargentiere.fr\/index.php\/conseil-municipal-16-juin-2020\/#primaryimage","url":"https:\/\/demainlargentiere.fr\/wp-content\/uploads\/2020\/02\/rencontre.png","contentUrl":"https:\/\/demainlargentiere.fr\/wp-content\/uploads\/2020\/02\/rencontre.png","width":418,"height":417,"caption":"Picto rencontre Largenti\u00e8re"},{"@type":"BreadcrumbList","@id":"https:\/\/demainlargentiere.fr\/index.php\/conseil-municipal-16-juin-2020\/#breadcrumb","itemListElement":[{"@type":"ListItem","position":1,"name":"Accueil","item":"https:\/\/demainlargentiere.fr\/"},{"@type":"ListItem","position":2,"name":"Conseil Municipal &#8211; 16 juin 2020"}]},{"@type":"WebSite","@id":"http:\/\/demainlargentiere.fr\/#website","url":"http:\/\/demainlargentiere.fr\/","name":"Demain LARGENTIERE !","description":"Ensemble, cr\u00e9ons demain.","publisher":{"@id":"http:\/\/demainlargentiere.fr\/#organization"},"potentialAction":[{"@type":"SearchAction","target":{"@type":"EntryPoint","urlTemplate":"http:\/\/demainlargentiere.fr\/?s={search_term_string}"},"query-input":{"@type":"PropertyValueSpecification","valueRequired":true,"valueName":"search_term_string"}}],"inLanguage":"fr-FR"},{"@type":"Organization","@id":"http:\/\/demainlargentiere.fr\/#organization","name":"DemainLargentiere","url":"http:\/\/demainlargentiere.fr\/","logo":{"@type":"ImageObject","inLanguage":"fr-FR","@id":"http:\/\/demainlargentiere.fr\/#\/schema\/logo\/image\/","url":"http:\/\/demainlargentiere.fr\/wp-content\/uploads\/2020\/02\/logo-250x250-1.png","contentUrl":"http:\/\/demainlargentiere.fr\/wp-content\/uploads\/2020\/02\/logo-250x250-1.png","width":250,"height":250,"caption":"DemainLargentiere"},"image":{"@id":"http:\/\/demainlargentiere.fr\/#\/schema\/logo\/image\/"},"sameAs":["https:\/\/www.facebook.com\/DemainLargentiere\/"]}]}},"_links":{"self":[{"href":"https:\/\/demainlargentiere.fr\/index.php\/wp-json\/wp\/v2\/pages\/2048","targetHints":{"allow":["GET"]}}],"collection":[{"href":"https:\/\/demainlargentiere.fr\/index.php\/wp-json\/wp\/v2\/pages"}],"about":[{"href":"https:\/\/demainlargentiere.fr\/index.php\/wp-json\/wp\/v2\/types\/page"}],"author":[{"embeddable":true,"href":"https:\/\/demainlargentiere.fr\/index.php\/wp-json\/wp\/v2\/users\/2"}],"replies":[{"embeddable":true,"href":"https:\/\/demainlargentiere.fr\/index.php\/wp-json\/wp\/v2\/comments?post=2048"}],"version-history":[{"count":47,"href":"https:\/\/demainlargentiere.fr\/index.php\/wp-json\/wp\/v2\/pages\/2048\/revisions"}],"predecessor-version":[{"id":2849,"href":"https:\/\/demainlargentiere.fr\/index.php\/wp-json\/wp\/v2\/pages\/2048\/revisions\/2849"}],"wp:attachment":[{"href":"https:\/\/demainlargentiere.fr\/index.php\/wp-json\/wp\/v2\/media?parent=2048"}],"curies":[{"name":"wp","href":"https:\/\/api.w.org\/{rel}","templated":true}]}}