{"id":2166,"date":"2020-06-20T22:45:32","date_gmt":"2020-06-20T20:45:32","guid":{"rendered":"http:\/\/demainlargentiere.fr\/?page_id=2166"},"modified":"2020-12-20T11:47:11","modified_gmt":"2020-12-20T10:47:11","slug":"conseil-municipal-25-juin-2020","status":"publish","type":"page","link":"https:\/\/demainlargentiere.fr\/index.php\/conseil-municipal-25-juin-2020\/","title":{"rendered":"Conseil Municipal &#8211; 3 juillet 2020"},"content":{"rendered":"\n<p>L&rsquo;ordre du jour pose des questions importantes pour l&rsquo;ann\u00e9e 2020 : <strong>Quelles orientations ? Quel sera le budget primitif 2020 ? Quelles taxes pour les Largenti\u00e9roi\u00b7e\u00b7s ?<\/strong><\/p>\n\n\n\n<h4 class=\"wp-block-heading\">Nos prises de paroles <img loading=\"lazy\" decoding=\"async\" width=\"40\" height=\"40\" class=\"wp-image-1132\" style=\"width: 40px;\" src=\"http:\/\/demainlargentiere.fr\/wp-content\/uploads\/2020\/02\/rencontre.png\" alt=\"Picto rencontre Largenti\u00e8re\" srcset=\"https:\/\/demainlargentiere.fr\/wp-content\/uploads\/2020\/02\/rencontre.png 418w, https:\/\/demainlargentiere.fr\/wp-content\/uploads\/2020\/02\/rencontre-300x300.png 300w, https:\/\/demainlargentiere.fr\/wp-content\/uploads\/2020\/02\/rencontre-150x150.png 150w\" sizes=\"auto, (max-width: 40px) 100vw, 40px\" \/><\/h4>\n\n\n\n<p><em>Claudine Fournet, Jean-Philippe Smadja, Mil\u00e8ne Villard et Bruno Descombe, \u00e9lu\u00b7e\u00b7s de Demain Largenti\u00e8re ont pris la parole pour\u00a0:<\/em><\/p>\n\n\n\n<ul class=\"wp-block-list\"><li>Pr\u00e9ciser qu\u2019on se souligne pas d\u2019irr\u00e9gularit\u00e9 dans le compte administratif et de gestion 2019 mais que nous nous sommes abstenus car nous n\u2019avions pas pris part aux d\u00e9cisions et n\u2019avions pas un regard suffisamment \u00e9clair\u00e9 sur le pr\u00e9c\u00e9dent mandat et l\u2019ann\u00e9e 2019.<\/li><li>Justifier de notre abstention et notre vote contre pour l\u2019affectation du r\u00e9sultat, que l\u2019on estime pouvoir \u00eatre r\u00e9attribu\u00e9 diff\u00e9remment, notamment sur les <strong>emplois \u00e0 l\u2019\u00e9cole<\/strong>. <\/li><li>Demander pourquoi la prime Covid19 vot\u00e9 lors du pr\u00e9c\u00e9dent conseil municipal n\u2019a pas \u00e9t\u00e9 attribu\u00e9e \u00e0 un agent mis \u00e0 disposition de la commune pour le Val de Ligne ayant travaill\u00e9 \u00e0 cette p\u00e9riode.<\/li><li>Souligner que le projet&nbsp;du&nbsp;parking&nbsp;sur la partie sud du site de l&rsquo;ancienne usine \u00ab\u00a0Om\u00e9ga-Pharma\u00a0\u00bb&nbsp;semble&nbsp;<strong>manquer d\u2019une r\u00e9flexion plus globale sur le stationnement&nbsp;\u00e0 Largenti\u00e8re<\/strong> :&nbsp;\u00e9tude en amont des besoins en stationnement &#8211; o\u00f9, pour qui et \u00e0 quelles p\u00e9riodes de l&rsquo;ann\u00e9e &#8211;&nbsp;<strong>V\u00e9g\u00e9talisation des espaces publics, quelle place pour les v\u00e9los, les pi\u00e9tons ?<\/strong><\/li><li>Souligner des besoins de <strong>budgets compl\u00e9mentaires pour l&rsquo;\u00e9cole <\/strong>(nous avons demand\u00e9 que le BP d&rsquo;investissement porte sur la r\u00e9habilitation de l&rsquo;\u00e9cole plut\u00f4t que sur le parking).<\/li><li>Demander plus de <strong>pr\u00e9cisions sur le projet Ch\u00e2teau<\/strong>, avec le dossier et le phasage suivi d&rsquo;une visite sur place.<\/li><li>Proposer que soit pris en compte une action suppl\u00e9mentaire dans la ligne budg\u00e9taire sur les \u00e9quipements sportifs (d\u00e9penses d\u2019investissement) car <strong>nous soutenons un projet de r\u00e9habilitation du stade de la Prades<\/strong> : un <strong>projet \u00ab&nbsp;pilote&nbsp;\u00bb pour une pelouse sportive z\u00e9ro-phyto<\/strong>. Projet port\u00e9 par <strong>M. Ollivier Dours<\/strong>, chercheur et rapporteur \u00e0 l\u2019assembl\u00e9e nationale avec un montage financier peu co\u00fbteux allant chercher des financements aupr\u00e8s de la F\u00e9d\u00e9ration Fran\u00e7aise de Football et le Minist\u00e8re de l\u2019Ecologie. <a href=\"http:\/\/demainlargentiere.fr\/index.php\/projet-de-pelouse-sportive-au-stade-de-la-prade-porte-par-un-habitant\/\" target=\"_blank\" aria-label=\"undefined (s\u2019ouvre dans un nouvel onglet)\" rel=\"noreferrer noopener\">En savoir plus<\/a> !<\/li><li>Demander, \u00e0 l\u2019occasion des questions diverses, une r\u00e9ponse \u00e0 nos demandes (notamment pour l\u2019action \u00ab&nbsp;Nettoyons la ligne&nbsp;\u00bb et pour communiquer avec l\u2019Association des Maires de France de l\u2019Ard\u00e8che).<\/li><li>Re-demander solennellement de remettre \u00e0 l\u2019ordre du jour la d\u00e9lib\u00e9ration sur les d\u00e9l\u00e9gations d\u2019attribution faites au maire car \u00ab<strong>&nbsp;la r\u00e9daction de la d\u00e9lib\u00e9ration doit d\u00e9finir tr\u00e8s pr\u00e9cis\u00e9ment les limites de la comp\u00e9tence&nbsp;\u00bb (CE) or, ici, le Conseil Municipal n\u2019a pas fix\u00e9 les limites demand\u00e9es par le Code G\u00e9n\u00e9rale des Collectivit\u00e9s Territoriales <\/strong>sur les d\u00e9l\u00e9gations faites au maire.<\/li><\/ul>\n\n\n\n<h4 class=\"wp-block-heading\">Les votes\u00a0<img loading=\"lazy\" decoding=\"async\" width=\"40\" height=\"40\" class=\"wp-image-1130\" style=\"width: 40px;\" src=\"http:\/\/demainlargentiere.fr\/wp-content\/uploads\/2020\/02\/kit-campagne.png\" alt=\"Picto vote Largenti\u00e8re\" srcset=\"https:\/\/demainlargentiere.fr\/wp-content\/uploads\/2020\/02\/kit-campagne.png 418w, https:\/\/demainlargentiere.fr\/wp-content\/uploads\/2020\/02\/kit-campagne-300x300.png 300w, https:\/\/demainlargentiere.fr\/wp-content\/uploads\/2020\/02\/kit-campagne-150x150.png 150w\" sizes=\"auto, (max-width: 40px) 100vw, 40px\" \/><\/h4>\n\n\n\n<p>Le compte administratif et de gestion a \u00e9t\u00e9 approuv\u00e9 \u00e0 15 voix et 4 abstentions.<\/p>\n\n\n\n<p>Le Budget Primitif 2020 a \u00e9t\u00e9 adopt\u00e9 tel que pr\u00e9sent\u00e9 \u00e0 15 voix et 4 contre. &nbsp;<\/p>\n\n\n\n<p>L&rsquo;affectation du r\u00e9sultat a \u00e9t\u00e9 adopt\u00e9 \u00e0 15 voix pour, 3 abstentions et 1 contre.<\/p>\n\n\n\n<p>Les taxes n\u2019ont pas subi d\u2019augmentation \u00e0 18 voix pour et 1 abstention.<\/p>\n\n\n\n<h4 class=\"wp-block-heading\">La retranscription du CM <img loading=\"lazy\" decoding=\"async\" width=\"40\" height=\"40\" class=\"wp-image-1131\" style=\"width: 40px;\" src=\"http:\/\/demainlargentiere.fr\/wp-content\/uploads\/2020\/02\/programme.png\" alt=\"Picto campagne Demain Largenti\u00e8re\" srcset=\"https:\/\/demainlargentiere.fr\/wp-content\/uploads\/2020\/02\/programme.png 417w, https:\/\/demainlargentiere.fr\/wp-content\/uploads\/2020\/02\/programme-300x300.png 300w, https:\/\/demainlargentiere.fr\/wp-content\/uploads\/2020\/02\/programme-150x150.png 150w\" sizes=\"auto, (max-width: 40px) 100vw, 40px\" \/><\/h4>\n\n\n\n<div class=\"sdm_download_button_box_default\"><div class=\"sdm_download_link\"><a href=\"https:\/\/demainlargentiere.fr\/?sdm_process_download=1&download_id=2280\" class=\"sdm_download green\" title=\"Retranscription du CM du 3 juillet 2020\" target=&quot;_blank&quot;>T\u00e9l\u00e9charger la retranscription<\/a><\/div><\/div>\n\n\n\n<p><em>Cette retranscription ne prend en compte que les 30 premi\u00e8res minutes de ce conseil, n&rsquo;h\u00e9sitez pas \u00e0 \u00e9couter le podcast car les questions ont \u00e9t\u00e9 nombreuses ou de revenir sur cette page pour consulter la retranscription partie 2 : mise en ligne fin juillet.<\/em><\/p>\n\n\n\n<h4 class=\"wp-block-heading\">Le Podcast du CM <img loading=\"lazy\" decoding=\"async\" width=\"40\" height=\"40\" class=\"wp-image-1128\" style=\"width: 40px;\" src=\"http:\/\/demainlargentiere.fr\/wp-content\/uploads\/2020\/02\/conference.png\" alt=\"Picto conf \u00e9lection\" srcset=\"https:\/\/demainlargentiere.fr\/wp-content\/uploads\/2020\/02\/conference.png 417w, https:\/\/demainlargentiere.fr\/wp-content\/uploads\/2020\/02\/conference-300x300.png 300w, https:\/\/demainlargentiere.fr\/wp-content\/uploads\/2020\/02\/conference-150x150.png 150w\" sizes=\"auto, (max-width: 40px) 100vw, 40px\" \/><\/h4>\n\n\n\n<figure class=\"wp-block-audio\"><audio controls src=\"http:\/\/demainlargentiere.fr\/wp-content\/uploads\/2020\/07\/podcast-conseil-muni-03-07-20.mp3\"><\/audio><\/figure>\n\n\n\n<h4 class=\"wp-block-heading\">Quel budget pour 2020 ?<\/h4>\n\n\n\n<figure class=\"wp-block-image size-large\"><img loading=\"lazy\" decoding=\"async\" width=\"922\" height=\"442\" src=\"http:\/\/demainlargentiere.fr\/wp-content\/uploads\/2020\/07\/compte-rendu-du-cm-du-03-07-2020-pour-elus-et-site-1.pdf-Google-Chrome.jpg\" alt=\"\" class=\"wp-image-2458\" srcset=\"https:\/\/demainlargentiere.fr\/wp-content\/uploads\/2020\/07\/compte-rendu-du-cm-du-03-07-2020-pour-elus-et-site-1.pdf-Google-Chrome.jpg 922w, https:\/\/demainlargentiere.fr\/wp-content\/uploads\/2020\/07\/compte-rendu-du-cm-du-03-07-2020-pour-elus-et-site-1.pdf-Google-Chrome-300x144.jpg 300w, https:\/\/demainlargentiere.fr\/wp-content\/uploads\/2020\/07\/compte-rendu-du-cm-du-03-07-2020-pour-elus-et-site-1.pdf-Google-Chrome-768x368.jpg 768w\" sizes=\"auto, (max-width: 922px) 100vw, 922px\" \/><figcaption>Extrait du CR du 3 juillet 2020<\/figcaption><\/figure>\n\n\n\n<figure class=\"wp-block-image size-large is-resized\"><img loading=\"lazy\" decoding=\"async\" src=\"http:\/\/demainlargentiere.fr\/wp-content\/uploads\/2020\/06\/Convocation-CM-du-26.06.2020.pdf-Adobe-Acrobat-Pro-727x1024.jpg\" alt=\"\" class=\"wp-image-2167\" width=\"419\" height=\"589\" srcset=\"https:\/\/demainlargentiere.fr\/wp-content\/uploads\/2020\/06\/Convocation-CM-du-26.06.2020.pdf-Adobe-Acrobat-Pro-727x1024.jpg 727w, https:\/\/demainlargentiere.fr\/wp-content\/uploads\/2020\/06\/Convocation-CM-du-26.06.2020.pdf-Adobe-Acrobat-Pro-213x300.jpg 213w, https:\/\/demainlargentiere.fr\/wp-content\/uploads\/2020\/06\/Convocation-CM-du-26.06.2020.pdf-Adobe-Acrobat-Pro.jpg 758w\" sizes=\"auto, (max-width: 419px) 100vw, 419px\" \/><\/figure>\n\n\n\n<hr class=\"wp-block-separator\"\/>\n\n\n\n<p>Le&nbsp;<a href=\"https:\/\/www.largentiere.fr\/mairie\/comptes-rendus-des-conseils-municipaux\/\">compte rendu du conseil municipa<\/a>l dans son int\u00e9gralit\u00e9&nbsp;sur le site de la commune de Largenti\u00e8re.<\/p>\n\n\n\n<hr class=\"wp-block-separator\"\/>\n\n\n\n<p><\/p>\n","protected":false},"excerpt":{"rendered":"<p>L&rsquo;ordre du jour pose des questions importantes pour l&rsquo;ann\u00e9e 2020 : Quelles orientations ? Quel sera le budget primitif 2020 ? Quelles taxes pour les Largenti\u00e9roi\u00b7e\u00b7s ? Nos prises de paroles Claudine Fournet, Jean-Philippe Smadja, Mil\u00e8ne Villard et Bruno Descombe, \u00e9lu\u00b7e\u00b7s de Demain Largenti\u00e8re ont pris la parole pour\u00a0: Pr\u00e9ciser qu\u2019on se souligne pas d\u2019irr\u00e9gularit\u00e9 &hellip; <\/p>\n<p class=\"link-more\"><a href=\"https:\/\/demainlargentiere.fr\/index.php\/conseil-municipal-25-juin-2020\/\" class=\"more-link\">Continuer la lecture <span class=\"screen-reader-text\"> \u00ab\u00a0Conseil Municipal &#8211; 3 juillet 2020\u00a0\u00bb<\/span><\/a><\/p>\n","protected":false},"author":2,"featured_media":0,"parent":0,"menu_order":0,"comment_status":"closed","ping_status":"closed","template":"","meta":{"ngg_post_thumbnail":0,"footnotes":""},"class_list":["post-2166","page","type-page","status-publish","hentry","entry"],"yoast_head":"<!-- This site is optimized with the Yoast SEO plugin v27.4 - https:\/\/yoast.com\/product\/yoast-seo-wordpress\/ -->\n<title>Conseil Municipal - 3 juillet 2020 - Demain LARGENTIERE !<\/title>\n<meta name=\"robots\" content=\"index, follow, max-snippet:-1, max-image-preview:large, max-video-preview:-1\" \/>\n<link rel=\"canonical\" href=\"https:\/\/demainlargentiere.fr\/index.php\/conseil-municipal-25-juin-2020\/\" \/>\n<meta property=\"og:locale\" content=\"fr_FR\" \/>\n<meta property=\"og:type\" content=\"article\" \/>\n<meta property=\"og:title\" content=\"Conseil Municipal - 3 juillet 2020 - Demain LARGENTIERE !\" \/>\n<meta property=\"og:description\" content=\"L&rsquo;ordre du jour pose des questions importantes pour l&rsquo;ann\u00e9e 2020 : Quelles orientations ? Quel sera le budget primitif 2020 ? Quelles taxes pour les Largenti\u00e9roi\u00b7e\u00b7s ? Nos prises de paroles Claudine Fournet, Jean-Philippe Smadja, Mil\u00e8ne Villard et Bruno Descombe, \u00e9lu\u00b7e\u00b7s de Demain Largenti\u00e8re ont pris la parole pour\u00a0: Pr\u00e9ciser qu\u2019on se souligne pas d\u2019irr\u00e9gularit\u00e9 &hellip; Continuer la lecture \u00ab\u00a0Conseil Municipal &#8211; 3 juillet 2020\u00a0\u00bb\" \/>\n<meta property=\"og:url\" content=\"https:\/\/demainlargentiere.fr\/index.php\/conseil-municipal-25-juin-2020\/\" \/>\n<meta property=\"og:site_name\" content=\"Demain LARGENTIERE !\" \/>\n<meta property=\"article:publisher\" content=\"https:\/\/www.facebook.com\/DemainLargentiere\/\" \/>\n<meta property=\"article:modified_time\" content=\"2020-12-20T10:47:11+00:00\" \/>\n<meta property=\"og:image\" content=\"http:\/\/demainlargentiere.fr\/wp-content\/uploads\/2020\/02\/rencontre.png\" \/>\n<meta name=\"twitter:card\" content=\"summary_large_image\" \/>\n<meta name=\"twitter:label1\" content=\"Dur\u00e9e de lecture estim\u00e9e\" \/>\n\t<meta name=\"twitter:data1\" content=\"3 minutes\" \/>\n<script type=\"application\/ld+json\" class=\"yoast-schema-graph\">{\"@context\":\"https:\\\/\\\/schema.org\",\"@graph\":[{\"@type\":\"WebPage\",\"@id\":\"https:\\\/\\\/demainlargentiere.fr\\\/index.php\\\/conseil-municipal-25-juin-2020\\\/\",\"url\":\"https:\\\/\\\/demainlargentiere.fr\\\/index.php\\\/conseil-municipal-25-juin-2020\\\/\",\"name\":\"Conseil Municipal - 3 juillet 2020 - Demain LARGENTIERE !\",\"isPartOf\":{\"@id\":\"http:\\\/\\\/demainlargentiere.fr\\\/#website\"},\"primaryImageOfPage\":{\"@id\":\"https:\\\/\\\/demainlargentiere.fr\\\/index.php\\\/conseil-municipal-25-juin-2020\\\/#primaryimage\"},\"image\":{\"@id\":\"https:\\\/\\\/demainlargentiere.fr\\\/index.php\\\/conseil-municipal-25-juin-2020\\\/#primaryimage\"},\"thumbnailUrl\":\"http:\\\/\\\/demainlargentiere.fr\\\/wp-content\\\/uploads\\\/2020\\\/02\\\/rencontre.png\",\"datePublished\":\"2020-06-20T20:45:32+00:00\",\"dateModified\":\"2020-12-20T10:47:11+00:00\",\"breadcrumb\":{\"@id\":\"https:\\\/\\\/demainlargentiere.fr\\\/index.php\\\/conseil-municipal-25-juin-2020\\\/#breadcrumb\"},\"inLanguage\":\"fr-FR\",\"potentialAction\":[{\"@type\":\"ReadAction\",\"target\":[\"https:\\\/\\\/demainlargentiere.fr\\\/index.php\\\/conseil-municipal-25-juin-2020\\\/\"]}]},{\"@type\":\"ImageObject\",\"inLanguage\":\"fr-FR\",\"@id\":\"https:\\\/\\\/demainlargentiere.fr\\\/index.php\\\/conseil-municipal-25-juin-2020\\\/#primaryimage\",\"url\":\"https:\\\/\\\/demainlargentiere.fr\\\/wp-content\\\/uploads\\\/2020\\\/02\\\/rencontre.png\",\"contentUrl\":\"https:\\\/\\\/demainlargentiere.fr\\\/wp-content\\\/uploads\\\/2020\\\/02\\\/rencontre.png\",\"width\":418,\"height\":417,\"caption\":\"Picto rencontre Largenti\u00e8re\"},{\"@type\":\"BreadcrumbList\",\"@id\":\"https:\\\/\\\/demainlargentiere.fr\\\/index.php\\\/conseil-municipal-25-juin-2020\\\/#breadcrumb\",\"itemListElement\":[{\"@type\":\"ListItem\",\"position\":1,\"name\":\"Accueil\",\"item\":\"https:\\\/\\\/demainlargentiere.fr\\\/\"},{\"@type\":\"ListItem\",\"position\":2,\"name\":\"Conseil Municipal &#8211; 3 juillet 2020\"}]},{\"@type\":\"WebSite\",\"@id\":\"http:\\\/\\\/demainlargentiere.fr\\\/#website\",\"url\":\"http:\\\/\\\/demainlargentiere.fr\\\/\",\"name\":\"Demain LARGENTIERE !\",\"description\":\"Ensemble, cr\u00e9ons demain.\",\"publisher\":{\"@id\":\"http:\\\/\\\/demainlargentiere.fr\\\/#organization\"},\"potentialAction\":[{\"@type\":\"SearchAction\",\"target\":{\"@type\":\"EntryPoint\",\"urlTemplate\":\"http:\\\/\\\/demainlargentiere.fr\\\/?s={search_term_string}\"},\"query-input\":{\"@type\":\"PropertyValueSpecification\",\"valueRequired\":true,\"valueName\":\"search_term_string\"}}],\"inLanguage\":\"fr-FR\"},{\"@type\":\"Organization\",\"@id\":\"http:\\\/\\\/demainlargentiere.fr\\\/#organization\",\"name\":\"DemainLargentiere\",\"url\":\"http:\\\/\\\/demainlargentiere.fr\\\/\",\"logo\":{\"@type\":\"ImageObject\",\"inLanguage\":\"fr-FR\",\"@id\":\"http:\\\/\\\/demainlargentiere.fr\\\/#\\\/schema\\\/logo\\\/image\\\/\",\"url\":\"http:\\\/\\\/demainlargentiere.fr\\\/wp-content\\\/uploads\\\/2020\\\/02\\\/logo-250x250-1.png\",\"contentUrl\":\"http:\\\/\\\/demainlargentiere.fr\\\/wp-content\\\/uploads\\\/2020\\\/02\\\/logo-250x250-1.png\",\"width\":250,\"height\":250,\"caption\":\"DemainLargentiere\"},\"image\":{\"@id\":\"http:\\\/\\\/demainlargentiere.fr\\\/#\\\/schema\\\/logo\\\/image\\\/\"},\"sameAs\":[\"https:\\\/\\\/www.facebook.com\\\/DemainLargentiere\\\/\"]}]}<\/script>\n<!-- \/ Yoast SEO plugin. -->","yoast_head_json":{"title":"Conseil Municipal - 3 juillet 2020 - Demain LARGENTIERE !","robots":{"index":"index","follow":"follow","max-snippet":"max-snippet:-1","max-image-preview":"max-image-preview:large","max-video-preview":"max-video-preview:-1"},"canonical":"https:\/\/demainlargentiere.fr\/index.php\/conseil-municipal-25-juin-2020\/","og_locale":"fr_FR","og_type":"article","og_title":"Conseil Municipal - 3 juillet 2020 - Demain LARGENTIERE !","og_description":"L&rsquo;ordre du jour pose des questions importantes pour l&rsquo;ann\u00e9e 2020 : Quelles orientations ? Quel sera le budget primitif 2020 ? Quelles taxes pour les Largenti\u00e9roi\u00b7e\u00b7s ? Nos prises de paroles Claudine Fournet, Jean-Philippe Smadja, Mil\u00e8ne Villard et Bruno Descombe, \u00e9lu\u00b7e\u00b7s de Demain Largenti\u00e8re ont pris la parole pour\u00a0: Pr\u00e9ciser qu\u2019on se souligne pas d\u2019irr\u00e9gularit\u00e9 &hellip; Continuer la lecture \u00ab\u00a0Conseil Municipal &#8211; 3 juillet 2020\u00a0\u00bb","og_url":"https:\/\/demainlargentiere.fr\/index.php\/conseil-municipal-25-juin-2020\/","og_site_name":"Demain LARGENTIERE !","article_publisher":"https:\/\/www.facebook.com\/DemainLargentiere\/","article_modified_time":"2020-12-20T10:47:11+00:00","og_image":[{"url":"http:\/\/demainlargentiere.fr\/wp-content\/uploads\/2020\/02\/rencontre.png","type":"","width":"","height":""}],"twitter_card":"summary_large_image","twitter_misc":{"Dur\u00e9e de lecture estim\u00e9e":"3 minutes"},"schema":{"@context":"https:\/\/schema.org","@graph":[{"@type":"WebPage","@id":"https:\/\/demainlargentiere.fr\/index.php\/conseil-municipal-25-juin-2020\/","url":"https:\/\/demainlargentiere.fr\/index.php\/conseil-municipal-25-juin-2020\/","name":"Conseil Municipal - 3 juillet 2020 - Demain LARGENTIERE !","isPartOf":{"@id":"http:\/\/demainlargentiere.fr\/#website"},"primaryImageOfPage":{"@id":"https:\/\/demainlargentiere.fr\/index.php\/conseil-municipal-25-juin-2020\/#primaryimage"},"image":{"@id":"https:\/\/demainlargentiere.fr\/index.php\/conseil-municipal-25-juin-2020\/#primaryimage"},"thumbnailUrl":"http:\/\/demainlargentiere.fr\/wp-content\/uploads\/2020\/02\/rencontre.png","datePublished":"2020-06-20T20:45:32+00:00","dateModified":"2020-12-20T10:47:11+00:00","breadcrumb":{"@id":"https:\/\/demainlargentiere.fr\/index.php\/conseil-municipal-25-juin-2020\/#breadcrumb"},"inLanguage":"fr-FR","potentialAction":[{"@type":"ReadAction","target":["https:\/\/demainlargentiere.fr\/index.php\/conseil-municipal-25-juin-2020\/"]}]},{"@type":"ImageObject","inLanguage":"fr-FR","@id":"https:\/\/demainlargentiere.fr\/index.php\/conseil-municipal-25-juin-2020\/#primaryimage","url":"https:\/\/demainlargentiere.fr\/wp-content\/uploads\/2020\/02\/rencontre.png","contentUrl":"https:\/\/demainlargentiere.fr\/wp-content\/uploads\/2020\/02\/rencontre.png","width":418,"height":417,"caption":"Picto rencontre Largenti\u00e8re"},{"@type":"BreadcrumbList","@id":"https:\/\/demainlargentiere.fr\/index.php\/conseil-municipal-25-juin-2020\/#breadcrumb","itemListElement":[{"@type":"ListItem","position":1,"name":"Accueil","item":"https:\/\/demainlargentiere.fr\/"},{"@type":"ListItem","position":2,"name":"Conseil Municipal &#8211; 3 juillet 2020"}]},{"@type":"WebSite","@id":"http:\/\/demainlargentiere.fr\/#website","url":"http:\/\/demainlargentiere.fr\/","name":"Demain LARGENTIERE !","description":"Ensemble, cr\u00e9ons demain.","publisher":{"@id":"http:\/\/demainlargentiere.fr\/#organization"},"potentialAction":[{"@type":"SearchAction","target":{"@type":"EntryPoint","urlTemplate":"http:\/\/demainlargentiere.fr\/?s={search_term_string}"},"query-input":{"@type":"PropertyValueSpecification","valueRequired":true,"valueName":"search_term_string"}}],"inLanguage":"fr-FR"},{"@type":"Organization","@id":"http:\/\/demainlargentiere.fr\/#organization","name":"DemainLargentiere","url":"http:\/\/demainlargentiere.fr\/","logo":{"@type":"ImageObject","inLanguage":"fr-FR","@id":"http:\/\/demainlargentiere.fr\/#\/schema\/logo\/image\/","url":"http:\/\/demainlargentiere.fr\/wp-content\/uploads\/2020\/02\/logo-250x250-1.png","contentUrl":"http:\/\/demainlargentiere.fr\/wp-content\/uploads\/2020\/02\/logo-250x250-1.png","width":250,"height":250,"caption":"DemainLargentiere"},"image":{"@id":"http:\/\/demainlargentiere.fr\/#\/schema\/logo\/image\/"},"sameAs":["https:\/\/www.facebook.com\/DemainLargentiere\/"]}]}},"_links":{"self":[{"href":"https:\/\/demainlargentiere.fr\/index.php\/wp-json\/wp\/v2\/pages\/2166","targetHints":{"allow":["GET"]}}],"collection":[{"href":"https:\/\/demainlargentiere.fr\/index.php\/wp-json\/wp\/v2\/pages"}],"about":[{"href":"https:\/\/demainlargentiere.fr\/index.php\/wp-json\/wp\/v2\/types\/page"}],"author":[{"embeddable":true,"href":"https:\/\/demainlargentiere.fr\/index.php\/wp-json\/wp\/v2\/users\/2"}],"replies":[{"embeddable":true,"href":"https:\/\/demainlargentiere.fr\/index.php\/wp-json\/wp\/v2\/comments?post=2166"}],"version-history":[{"count":27,"href":"https:\/\/demainlargentiere.fr\/index.php\/wp-json\/wp\/v2\/pages\/2166\/revisions"}],"predecessor-version":[{"id":2848,"href":"https:\/\/demainlargentiere.fr\/index.php\/wp-json\/wp\/v2\/pages\/2166\/revisions\/2848"}],"wp:attachment":[{"href":"https:\/\/demainlargentiere.fr\/index.php\/wp-json\/wp\/v2\/media?parent=2166"}],"curies":[{"name":"wp","href":"https:\/\/api.w.org\/{rel}","templated":true}]}}