{"id":2404,"date":"2020-07-23T12:30:31","date_gmt":"2020-07-23T10:30:31","guid":{"rendered":"http:\/\/demainlargentiere.fr\/?page_id=2404"},"modified":"2020-12-20T12:07:18","modified_gmt":"2020-12-20T11:07:18","slug":"cm-du-27-juillet-2020","status":"publish","type":"page","link":"https:\/\/demainlargentiere.fr\/index.php\/cm-du-27-juillet-2020\/","title":{"rendered":"CM du 27 juillet 2020"},"content":{"rendered":"\n<h4 class=\"wp-block-heading\">Retour sur un conseil municipal d&rsquo;importance :<\/h4>\n\n\n\n<p>En effet, les d\u00e9l\u00e9gations d&rsquo;attribution faites au Maire sont un sujet important car m\u00eame si elles permettent de simplifier la gestion des affaires de la commune et \u00e9vitent au conseil municipal d&rsquo;avoir \u00e0 d\u00e9lib\u00e9rer sur toutes les affaires, elles enl\u00e8vent&nbsp;aussi du pouvoir aux conseillers et le concentre en une seule et m\u00eame personne : le Maire, et <strong>enl\u00e8ve donc de la transparence sur les sujets du quotidien qui ne sont plus d\u00e9battus en Conseil<\/strong>. <\/p>\n\n\n\n<p>Dans <strong>une petite commune comme la notre, la transparence est rendue possible par des d\u00e9l\u00e9gations de pouvoir limit\u00e9es<\/strong>, qui renfonce l&rsquo;\u00e9quipe municipale et met m\u00eame \u00e0 l&rsquo;abri le Maire de certaines pressions. <\/p>\n\n\n\n<p>Et, au mandat pr\u00e9c\u00e9dent et jusqu&rsquo;alors, M. Durand avait toutes les d\u00e9l\u00e9gations (24 en 2014 et 29 en 2020) et elles n&rsquo;avaient pas de limites (ni financi\u00e8res et ni de domaines), elles \u00e9taient donc irr\u00e9guli\u00e8res car impr\u00e9cises. Apr\u00e8s plusieurs demandes de notre part (cf courrier ci-dessous*), le Maire a propos\u00e9 une <strong>nouvelle d\u00e9lib\u00e9ration qui annule et remplace l&rsquo;ancienne<\/strong>.<\/p>\n\n\n\n<p>Nous <strong>esp\u00e9rions un d\u00e9bat ouvert, mais aucune de nos propositions n&rsquo;a \u00e9t\u00e9 retenue<\/strong>. <strong>Le Maire a donc conserv\u00e9 les 29 d\u00e9l\u00e9gations, avec quand m\u00eame la satisfaction que les limites des 10 articles obligatoires aient \u00e9t\u00e9 fix\u00e9es<\/strong>, m\u00eame si celles-ci n&rsquo;ont pas \u00e9t\u00e9 limit\u00e9es \u00e0 la hauteur de nos esp\u00e9rances et malheureusement d&rsquo;autres qu&rsquo;on aurait souhait\u00e9 voir revenir entre les mains du conseil municipal demeurent du ressort exclusif du Maire.<\/p>\n\n\n\n<h4 class=\"wp-block-heading\">Nos prises de paroles <img loading=\"lazy\" decoding=\"async\" width=\"40\" height=\"40\" class=\"wp-image-1132\" style=\"width: 40px;\" src=\"http:\/\/demainlargentiere.fr\/wp-content\/uploads\/2020\/02\/rencontre.png\" alt=\"Picto rencontre Largenti\u00e8re\" srcset=\"https:\/\/demainlargentiere.fr\/wp-content\/uploads\/2020\/02\/rencontre.png 418w, https:\/\/demainlargentiere.fr\/wp-content\/uploads\/2020\/02\/rencontre-300x300.png 300w, https:\/\/demainlargentiere.fr\/wp-content\/uploads\/2020\/02\/rencontre-150x150.png 150w\" sizes=\"auto, (max-width: 40px) 100vw, 40px\" \/><\/h4>\n\n\n\n<p>AVAP : Aire de mise en Valeur de l\u2019Architecture et du Patrimoine, Mil\u00e8ne Villard demande la mise en place de la nouvelle commission locale \u00ab CLAVAP \u00bb et questionne sur la proc\u00e9dure pour y int\u00e9grer des habitants avec des comp\u00e9tences sur le sujet.<\/p>\n\n\n\n<p>D\u00c9L\u00c9GATIONS D&rsquo;ATTRIBUTION<\/p>\n\n\n\n<figure class=\"wp-block-gallery columns-2 is-cropped wp-block-gallery-1 is-layout-flex wp-block-gallery-is-layout-flex\"><ul class=\"blocks-gallery-grid\"><li class=\"blocks-gallery-item\"><figure><img loading=\"lazy\" decoding=\"async\" width=\"835\" height=\"1024\" src=\"http:\/\/demainlargentiere.fr\/wp-content\/uploads\/2020\/07\/1-13D\u00e9l\u00e9gation-835x1024.jpg\" alt=\"\" data-id=\"2596\" data-link=\"http:\/\/demainlargentiere.fr\/index.php\/cm-du-27-juillet-2020\/1-13delegation\/\" class=\"wp-image-2596\" srcset=\"https:\/\/demainlargentiere.fr\/wp-content\/uploads\/2020\/07\/1-13D\u00e9l\u00e9gation-835x1024.jpg 835w, https:\/\/demainlargentiere.fr\/wp-content\/uploads\/2020\/07\/1-13D\u00e9l\u00e9gation-245x300.jpg 245w, https:\/\/demainlargentiere.fr\/wp-content\/uploads\/2020\/07\/1-13D\u00e9l\u00e9gation-768x942.jpg 768w, https:\/\/demainlargentiere.fr\/wp-content\/uploads\/2020\/07\/1-13D\u00e9l\u00e9gation.jpg 879w\" sizes=\"auto, (max-width: 835px) 100vw, 835px\" \/><\/figure><\/li><li class=\"blocks-gallery-item\"><figure><img loading=\"lazy\" decoding=\"async\" width=\"872\" height=\"978\" src=\"http:\/\/demainlargentiere.fr\/wp-content\/uploads\/2020\/07\/14-\u00e0-25-d\u00e9l\u00e9gations.jpg\" alt=\"\" data-id=\"2598\" data-link=\"http:\/\/demainlargentiere.fr\/index.php\/cm-du-27-juillet-2020\/14-a-25-delegations\/\" class=\"wp-image-2598\" srcset=\"https:\/\/demainlargentiere.fr\/wp-content\/uploads\/2020\/07\/14-\u00e0-25-d\u00e9l\u00e9gations.jpg 872w, https:\/\/demainlargentiere.fr\/wp-content\/uploads\/2020\/07\/14-\u00e0-25-d\u00e9l\u00e9gations-267x300.jpg 267w, https:\/\/demainlargentiere.fr\/wp-content\/uploads\/2020\/07\/14-\u00e0-25-d\u00e9l\u00e9gations-768x861.jpg 768w\" sizes=\"auto, (max-width: 872px) 100vw, 872px\" \/><\/figure><\/li><\/ul><figcaption class=\"blocks-gallery-caption\"><a href=\"https:\/\/www.largentiere.fr\/mairie\/comptes-rendus-des-conseils-municipaux\/\" target=\"_blank\" aria-label=\"undefined (s\u2019ouvre dans un nouvel onglet)\" rel=\"noreferrer noopener\">Extrait du CR du 27 juillet 2020 <\/a><\/figcaption><\/figure>\n\n\n\n<figure class=\"wp-block-image size-large is-resized\"><img loading=\"lazy\" decoding=\"async\" src=\"http:\/\/demainlargentiere.fr\/wp-content\/uploads\/2020\/07\/26-\u00e0-29-d\u00e9l\u00e9gations.jpg\" alt=\"\" class=\"wp-image-2599\" width=\"456\" height=\"195\" srcset=\"https:\/\/demainlargentiere.fr\/wp-content\/uploads\/2020\/07\/26-\u00e0-29-d\u00e9l\u00e9gations.jpg 858w, https:\/\/demainlargentiere.fr\/wp-content\/uploads\/2020\/07\/26-\u00e0-29-d\u00e9l\u00e9gations-300x128.jpg 300w, https:\/\/demainlargentiere.fr\/wp-content\/uploads\/2020\/07\/26-\u00e0-29-d\u00e9l\u00e9gations-768x329.jpg 768w\" sizes=\"auto, (max-width: 456px) 100vw, 456px\" \/><\/figure>\n\n\n\n<figure class=\"wp-block-table\"><table><tbody><tr><td>Par num\u00e9ro de d\u00e9l\u00e9gations de l&rsquo;<a aria-label=\"undefined (s\u2019ouvre dans un nouvel onglet)\" href=\"https:\/\/www.legifrance.gouv.fr\/affichCodeArticle.do?idArticle=LEGIARTI000037666566&amp;cidTexte=LEGITEXT000006070633&amp;dateTexte=20181125\" target=\"_blank\" rel=\"noreferrer noopener\">article L 2122-22 du CGCT<\/a> :<br>2. Bruno Descombes propose que ce soit pris sur pourcentage de l&rsquo;inflation, Mil\u00e8ne Villard que cela peut aussi \u00eatre baiss\u00e9 (comme Chom\u00e9rac) \u00e0 1000 \u20ac.<br>3. Mil\u00e8ne Villard propose pour que cette d\u00e9l\u00e9gation revienne entre les mains du CM, pour nous tous les emprunts devraient \u00eatre soumis au conseil.<br>15. 21. 22. Bruno Descombes et Mil\u00e8ne Villard propose que toutes les d\u00e9l\u00e9gations portant sur le droit de pr\u00e9emption soient remises entre les mains du conseil.<br>16. Mil\u00e8ne Villard propose que cette d\u00e9l\u00e9gation soit permise pour les actions en justice qui sont soumises au conseil municipal.<br>20. Mil\u00e8ne Villard propose de limiter cette d\u00e9l\u00e9gation sur les lignes de tr\u00e9sorerie&nbsp;\u00e0 5000\u20ac.<br>26. Demande de pr\u00e9cision par Jean-Philippe Smadja.<br>&#8211; Mil\u00e8ne Villard propose que les autres d\u00e9l\u00e9gations soient discut\u00e9es, par exemple on propose que la n\u00b029 sur les sondages \u00e0 la population puisse revenir aux \u00e9lus de la commission de l&rsquo;environnement&nbsp;(1 personne de la majorit\u00e9 et 1 personne de la minorit\u00e9 par exemple). Mil\u00e8ne Villard n&rsquo;a pas eu le temps d&rsquo;aborder les autres d\u00e9l\u00e9gations, Monsieur le Maire a souhait\u00e9 clore le sujet et le remettre \u00e0 plus tard.<\/td><\/tr><\/tbody><\/table><\/figure>\n\n\n\n<p>QUESTIONS DIVERSES :<br>&#8211; 44 mn 00 : Bruno Descombes et Mil\u00e8ne Villard interrogent le Maire quant au <a aria-label=\"undefined (s\u2019ouvre dans un nouvel onglet)\" href=\"http:\/\/demainlargentiere.fr\/index.php\/2020\/07\/26\/des-conseils-municipaux-toujours-a-huis-clos\/\" target=\"_blank\" rel=\"noreferrer noopener\"><strong>Huis Clos<\/strong><\/a> et de sa pertinence dans une salle qui permet d&rsquo;accueillir du public en respectant les distances de s\u00e9curit\u00e9. D&rsquo;autant plus qu&rsquo;une <strong>dizaine de personnes sont rest\u00e9es aux portes du Conseil en esp\u00e9rant pouvoir y assister<\/strong>.<\/p>\n\n\n\n<p>&#8211; 41 mn 58 : Bruno Descombes interroge le Maire sur la \u00ab\u00a0Maison Fargier\u00a0\u00bb et lui demande de pr\u00e9ciser comment s&rsquo;est-elle d\u00e9valu\u00e9e aussi rapidement, en perdant plus de la moiti\u00e9 de sa valeur en quelques ann\u00e9es : vendue 55 000 \u20ac alors qu&rsquo;elle avait \u00e9t\u00e9 achet\u00e9e \u00e0 113 000 \u20ac.<\/p>\n\n\n\n<h4 class=\"wp-block-heading\">Les votes<img loading=\"lazy\" decoding=\"async\" width=\"40\" height=\"40\" class=\"wp-image-1130\" style=\"width: 40px;\" src=\"http:\/\/demainlargentiere.fr\/wp-content\/uploads\/2020\/02\/kit-campagne.png\" alt=\"Picto vote Largenti\u00e8re\" srcset=\"https:\/\/demainlargentiere.fr\/wp-content\/uploads\/2020\/02\/kit-campagne.png 418w, https:\/\/demainlargentiere.fr\/wp-content\/uploads\/2020\/02\/kit-campagne-300x300.png 300w, https:\/\/demainlargentiere.fr\/wp-content\/uploads\/2020\/02\/kit-campagne-150x150.png 150w\" sizes=\"auto, (max-width: 40px) 100vw, 40px\" \/><\/h4>\n\n\n\n<ul class=\"wp-block-list\"><li>Le CM approuve \u00e0 l&rsquo;unanimit\u00e9 le projet d&rsquo;Aire de mise en Valeur de l&rsquo;Architecture et du Patrimoine de la commune de Largenti\u00e8re.<\/li><li>Election d&rsquo;un repr\u00e9sentant au sein du conseil de surveillance du Centre Hospitalier Ard\u00e8che M\u00e9ridionale, candidat JR Durand : 15 voix pour et 4 abstentions (Bruno Descombes, Claudine Fournet, Jean-Philippe Smadja et Mil\u00e8ne Villard).<\/li><li>Seules 5 d\u00e9l\u00e9gations sont vot\u00e9es \u00e0 l&rsquo;unanimit\u00e9.<\/li><\/ul>\n\n\n\n<h4 class=\"wp-block-heading\">La retranscription du CM <img loading=\"lazy\" decoding=\"async\" width=\"40\" height=\"40\" class=\"wp-image-1131\" style=\"width: 40px;\" src=\"http:\/\/demainlargentiere.fr\/wp-content\/uploads\/2020\/02\/programme.png\" alt=\"Picto campagne Demain Largenti\u00e8re\" srcset=\"https:\/\/demainlargentiere.fr\/wp-content\/uploads\/2020\/02\/programme.png 417w, https:\/\/demainlargentiere.fr\/wp-content\/uploads\/2020\/02\/programme-300x300.png 300w, https:\/\/demainlargentiere.fr\/wp-content\/uploads\/2020\/02\/programme-150x150.png 150w\" sizes=\"auto, (max-width: 40px) 100vw, 40px\" \/><\/h4>\n\n\n\n<p><em>En cours<\/em><\/p>\n\n\n\n<h4 class=\"wp-block-heading\">Le podcast du CM <img loading=\"lazy\" decoding=\"async\" width=\"40\" height=\"40\" class=\"wp-image-1128\" style=\"width: 40px;\" src=\"http:\/\/demainlargentiere.fr\/wp-content\/uploads\/2020\/02\/conference.png\" alt=\"Picto conf \u00e9lection\" srcset=\"https:\/\/demainlargentiere.fr\/wp-content\/uploads\/2020\/02\/conference.png 417w, https:\/\/demainlargentiere.fr\/wp-content\/uploads\/2020\/02\/conference-300x300.png 300w, https:\/\/demainlargentiere.fr\/wp-content\/uploads\/2020\/02\/conference-150x150.png 150w\" sizes=\"auto, (max-width: 40px) 100vw, 40px\" \/><\/h4>\n\n\n\n<figure class=\"wp-block-audio\"><audio controls src=\"http:\/\/demainlargentiere.fr\/wp-content\/uploads\/2020\/07\/conseil-muni-27-07-20-2.mp3\"><\/audio><\/figure>\n\n\n\n<h4 class=\"wp-block-heading\">Nos propositions<img loading=\"lazy\" decoding=\"async\" width=\"40\" height=\"40\" class=\"wp-image-1133\" style=\"width: 40px;\" src=\"http:\/\/demainlargentiere.fr\/wp-content\/uploads\/2020\/02\/reunions.png\" alt=\"Picto id\u00e9e largenti\u00e8re\" srcset=\"https:\/\/demainlargentiere.fr\/wp-content\/uploads\/2020\/02\/reunions.png 417w, https:\/\/demainlargentiere.fr\/wp-content\/uploads\/2020\/02\/reunions-300x300.png 300w, https:\/\/demainlargentiere.fr\/wp-content\/uploads\/2020\/02\/reunions-150x150.png 150w\" sizes=\"auto, (max-width: 40px) 100vw, 40px\" \/><\/h4>\n\n\n\n<p>Le courrier envoy\u00e9 \u00e0 tous les \u00e9lus pour demander que les d\u00e9l\u00e9gations d&rsquo;attribution faites au Maire soit remise \u00e0 l&rsquo;ordre du jour :<\/p>\n\n\n\n<figure class=\"wp-block-image size-large\"><img loading=\"lazy\" decoding=\"async\" width=\"705\" height=\"920\" src=\"http:\/\/demainlargentiere.fr\/wp-content\/uploads\/2020\/07\/PDF-Architect-7-Lettre-de-demande_d\u00e9l\u00e9gations.pdf-1.jpg\" alt=\"\" class=\"wp-image-2405\" srcset=\"https:\/\/demainlargentiere.fr\/wp-content\/uploads\/2020\/07\/PDF-Architect-7-Lettre-de-demande_d\u00e9l\u00e9gations.pdf-1.jpg 705w, https:\/\/demainlargentiere.fr\/wp-content\/uploads\/2020\/07\/PDF-Architect-7-Lettre-de-demande_d\u00e9l\u00e9gations.pdf-1-230x300.jpg 230w\" sizes=\"auto, (max-width: 705px) 100vw, 705px\" \/><figcaption>Courrier du 18 juillet<\/figcaption><\/figure>\n\n\n\n<figure class=\"wp-block-image size-large is-resized\"><img loading=\"lazy\" decoding=\"async\" src=\"http:\/\/demainlargentiere.fr\/wp-content\/uploads\/2020\/07\/PDF-Architect-7-Convoc-du-CM-pour-r\u00e9union-du-27.07.2020.pdf.jpg\" alt=\"\" class=\"wp-image-2406\" width=\"543\" height=\"772\" srcset=\"https:\/\/demainlargentiere.fr\/wp-content\/uploads\/2020\/07\/PDF-Architect-7-Convoc-du-CM-pour-r\u00e9union-du-27.07.2020.pdf.jpg 681w, https:\/\/demainlargentiere.fr\/wp-content\/uploads\/2020\/07\/PDF-Architect-7-Convoc-du-CM-pour-r\u00e9union-du-27.07.2020.pdf-211x300.jpg 211w\" sizes=\"auto, (max-width: 543px) 100vw, 543px\" \/><figcaption>Ordre du jour du 27 juillet<\/figcaption><\/figure>\n\n\n\n<p>Les <a href=\"https:\/\/www.largentiere.fr\/mairie\/comptes-rendus-des-conseils-municipaux\/\" target=\"_blank\" rel=\"noreferrer noopener\">comptes rendus des conseils municipaux<\/a> sur le site de la commune de Largenti\u00e8re.<\/p>\n","protected":false},"excerpt":{"rendered":"<p>Retour sur un conseil municipal d&rsquo;importance : En effet, les d\u00e9l\u00e9gations d&rsquo;attribution faites au Maire sont un sujet important car m\u00eame si elles permettent de simplifier la gestion des affaires de la commune et \u00e9vitent au conseil municipal d&rsquo;avoir \u00e0 d\u00e9lib\u00e9rer sur toutes les affaires, elles enl\u00e8vent&nbsp;aussi du pouvoir aux conseillers et le concentre en &hellip; <\/p>\n<p class=\"link-more\"><a href=\"https:\/\/demainlargentiere.fr\/index.php\/cm-du-27-juillet-2020\/\" class=\"more-link\">Continuer la lecture <span class=\"screen-reader-text\"> \u00ab\u00a0CM du 27 juillet 2020\u00a0\u00bb<\/span><\/a><\/p>\n","protected":false},"author":2,"featured_media":0,"parent":0,"menu_order":0,"comment_status":"closed","ping_status":"closed","template":"","meta":{"ngg_post_thumbnail":0,"footnotes":""},"class_list":["post-2404","page","type-page","status-publish","hentry","entry"],"yoast_head":"<!-- This site is optimized with the Yoast SEO plugin v27.4 - https:\/\/yoast.com\/product\/yoast-seo-wordpress\/ -->\n<title>CM du 27 juillet 2020 - Demain LARGENTIERE !<\/title>\n<meta name=\"robots\" content=\"index, follow, max-snippet:-1, max-image-preview:large, max-video-preview:-1\" \/>\n<link rel=\"canonical\" href=\"https:\/\/demainlargentiere.fr\/index.php\/cm-du-27-juillet-2020\/\" \/>\n<meta property=\"og:locale\" content=\"fr_FR\" \/>\n<meta property=\"og:type\" content=\"article\" \/>\n<meta property=\"og:title\" content=\"CM du 27 juillet 2020 - Demain LARGENTIERE !\" \/>\n<meta property=\"og:description\" content=\"Retour sur un conseil municipal d&rsquo;importance : En effet, les d\u00e9l\u00e9gations d&rsquo;attribution faites au Maire sont un sujet important car m\u00eame si elles permettent de simplifier la gestion des affaires de la commune et \u00e9vitent au conseil municipal d&rsquo;avoir \u00e0 d\u00e9lib\u00e9rer sur toutes les affaires, elles enl\u00e8vent&nbsp;aussi du pouvoir aux conseillers et le concentre en &hellip; Continuer la lecture \u00ab\u00a0CM du 27 juillet 2020\u00a0\u00bb\" \/>\n<meta property=\"og:url\" content=\"https:\/\/demainlargentiere.fr\/index.php\/cm-du-27-juillet-2020\/\" \/>\n<meta property=\"og:site_name\" content=\"Demain LARGENTIERE !\" \/>\n<meta property=\"article:publisher\" content=\"https:\/\/www.facebook.com\/DemainLargentiere\/\" \/>\n<meta property=\"article:modified_time\" content=\"2020-12-20T11:07:18+00:00\" \/>\n<meta property=\"og:image\" content=\"http:\/\/demainlargentiere.fr\/wp-content\/uploads\/2020\/02\/rencontre.png\" \/>\n<meta name=\"twitter:card\" content=\"summary_large_image\" \/>\n<meta name=\"twitter:label1\" content=\"Dur\u00e9e de lecture estim\u00e9e\" \/>\n\t<meta name=\"twitter:data1\" content=\"4 minutes\" \/>\n<script type=\"application\/ld+json\" class=\"yoast-schema-graph\">{\"@context\":\"https:\\\/\\\/schema.org\",\"@graph\":[{\"@type\":\"WebPage\",\"@id\":\"https:\\\/\\\/demainlargentiere.fr\\\/index.php\\\/cm-du-27-juillet-2020\\\/\",\"url\":\"https:\\\/\\\/demainlargentiere.fr\\\/index.php\\\/cm-du-27-juillet-2020\\\/\",\"name\":\"CM du 27 juillet 2020 - Demain LARGENTIERE !\",\"isPartOf\":{\"@id\":\"http:\\\/\\\/demainlargentiere.fr\\\/#website\"},\"primaryImageOfPage\":{\"@id\":\"https:\\\/\\\/demainlargentiere.fr\\\/index.php\\\/cm-du-27-juillet-2020\\\/#primaryimage\"},\"image\":{\"@id\":\"https:\\\/\\\/demainlargentiere.fr\\\/index.php\\\/cm-du-27-juillet-2020\\\/#primaryimage\"},\"thumbnailUrl\":\"http:\\\/\\\/demainlargentiere.fr\\\/wp-content\\\/uploads\\\/2020\\\/02\\\/rencontre.png\",\"datePublished\":\"2020-07-23T10:30:31+00:00\",\"dateModified\":\"2020-12-20T11:07:18+00:00\",\"breadcrumb\":{\"@id\":\"https:\\\/\\\/demainlargentiere.fr\\\/index.php\\\/cm-du-27-juillet-2020\\\/#breadcrumb\"},\"inLanguage\":\"fr-FR\",\"potentialAction\":[{\"@type\":\"ReadAction\",\"target\":[\"https:\\\/\\\/demainlargentiere.fr\\\/index.php\\\/cm-du-27-juillet-2020\\\/\"]}]},{\"@type\":\"ImageObject\",\"inLanguage\":\"fr-FR\",\"@id\":\"https:\\\/\\\/demainlargentiere.fr\\\/index.php\\\/cm-du-27-juillet-2020\\\/#primaryimage\",\"url\":\"https:\\\/\\\/demainlargentiere.fr\\\/wp-content\\\/uploads\\\/2020\\\/02\\\/rencontre.png\",\"contentUrl\":\"https:\\\/\\\/demainlargentiere.fr\\\/wp-content\\\/uploads\\\/2020\\\/02\\\/rencontre.png\",\"width\":418,\"height\":417,\"caption\":\"Picto rencontre Largenti\u00e8re\"},{\"@type\":\"BreadcrumbList\",\"@id\":\"https:\\\/\\\/demainlargentiere.fr\\\/index.php\\\/cm-du-27-juillet-2020\\\/#breadcrumb\",\"itemListElement\":[{\"@type\":\"ListItem\",\"position\":1,\"name\":\"Accueil\",\"item\":\"https:\\\/\\\/demainlargentiere.fr\\\/\"},{\"@type\":\"ListItem\",\"position\":2,\"name\":\"CM du 27 juillet 2020\"}]},{\"@type\":\"WebSite\",\"@id\":\"http:\\\/\\\/demainlargentiere.fr\\\/#website\",\"url\":\"http:\\\/\\\/demainlargentiere.fr\\\/\",\"name\":\"Demain LARGENTIERE !\",\"description\":\"Ensemble, cr\u00e9ons demain.\",\"publisher\":{\"@id\":\"http:\\\/\\\/demainlargentiere.fr\\\/#organization\"},\"potentialAction\":[{\"@type\":\"SearchAction\",\"target\":{\"@type\":\"EntryPoint\",\"urlTemplate\":\"http:\\\/\\\/demainlargentiere.fr\\\/?s={search_term_string}\"},\"query-input\":{\"@type\":\"PropertyValueSpecification\",\"valueRequired\":true,\"valueName\":\"search_term_string\"}}],\"inLanguage\":\"fr-FR\"},{\"@type\":\"Organization\",\"@id\":\"http:\\\/\\\/demainlargentiere.fr\\\/#organization\",\"name\":\"DemainLargentiere\",\"url\":\"http:\\\/\\\/demainlargentiere.fr\\\/\",\"logo\":{\"@type\":\"ImageObject\",\"inLanguage\":\"fr-FR\",\"@id\":\"http:\\\/\\\/demainlargentiere.fr\\\/#\\\/schema\\\/logo\\\/image\\\/\",\"url\":\"http:\\\/\\\/demainlargentiere.fr\\\/wp-content\\\/uploads\\\/2020\\\/02\\\/logo-250x250-1.png\",\"contentUrl\":\"http:\\\/\\\/demainlargentiere.fr\\\/wp-content\\\/uploads\\\/2020\\\/02\\\/logo-250x250-1.png\",\"width\":250,\"height\":250,\"caption\":\"DemainLargentiere\"},\"image\":{\"@id\":\"http:\\\/\\\/demainlargentiere.fr\\\/#\\\/schema\\\/logo\\\/image\\\/\"},\"sameAs\":[\"https:\\\/\\\/www.facebook.com\\\/DemainLargentiere\\\/\"]}]}<\/script>\n<!-- \/ Yoast SEO plugin. -->","yoast_head_json":{"title":"CM du 27 juillet 2020 - Demain LARGENTIERE !","robots":{"index":"index","follow":"follow","max-snippet":"max-snippet:-1","max-image-preview":"max-image-preview:large","max-video-preview":"max-video-preview:-1"},"canonical":"https:\/\/demainlargentiere.fr\/index.php\/cm-du-27-juillet-2020\/","og_locale":"fr_FR","og_type":"article","og_title":"CM du 27 juillet 2020 - Demain LARGENTIERE !","og_description":"Retour sur un conseil municipal d&rsquo;importance : En effet, les d\u00e9l\u00e9gations d&rsquo;attribution faites au Maire sont un sujet important car m\u00eame si elles permettent de simplifier la gestion des affaires de la commune et \u00e9vitent au conseil municipal d&rsquo;avoir \u00e0 d\u00e9lib\u00e9rer sur toutes les affaires, elles enl\u00e8vent&nbsp;aussi du pouvoir aux conseillers et le concentre en &hellip; Continuer la lecture \u00ab\u00a0CM du 27 juillet 2020\u00a0\u00bb","og_url":"https:\/\/demainlargentiere.fr\/index.php\/cm-du-27-juillet-2020\/","og_site_name":"Demain LARGENTIERE !","article_publisher":"https:\/\/www.facebook.com\/DemainLargentiere\/","article_modified_time":"2020-12-20T11:07:18+00:00","og_image":[{"url":"http:\/\/demainlargentiere.fr\/wp-content\/uploads\/2020\/02\/rencontre.png","type":"","width":"","height":""}],"twitter_card":"summary_large_image","twitter_misc":{"Dur\u00e9e de lecture estim\u00e9e":"4 minutes"},"schema":{"@context":"https:\/\/schema.org","@graph":[{"@type":"WebPage","@id":"https:\/\/demainlargentiere.fr\/index.php\/cm-du-27-juillet-2020\/","url":"https:\/\/demainlargentiere.fr\/index.php\/cm-du-27-juillet-2020\/","name":"CM du 27 juillet 2020 - Demain LARGENTIERE !","isPartOf":{"@id":"http:\/\/demainlargentiere.fr\/#website"},"primaryImageOfPage":{"@id":"https:\/\/demainlargentiere.fr\/index.php\/cm-du-27-juillet-2020\/#primaryimage"},"image":{"@id":"https:\/\/demainlargentiere.fr\/index.php\/cm-du-27-juillet-2020\/#primaryimage"},"thumbnailUrl":"http:\/\/demainlargentiere.fr\/wp-content\/uploads\/2020\/02\/rencontre.png","datePublished":"2020-07-23T10:30:31+00:00","dateModified":"2020-12-20T11:07:18+00:00","breadcrumb":{"@id":"https:\/\/demainlargentiere.fr\/index.php\/cm-du-27-juillet-2020\/#breadcrumb"},"inLanguage":"fr-FR","potentialAction":[{"@type":"ReadAction","target":["https:\/\/demainlargentiere.fr\/index.php\/cm-du-27-juillet-2020\/"]}]},{"@type":"ImageObject","inLanguage":"fr-FR","@id":"https:\/\/demainlargentiere.fr\/index.php\/cm-du-27-juillet-2020\/#primaryimage","url":"https:\/\/demainlargentiere.fr\/wp-content\/uploads\/2020\/02\/rencontre.png","contentUrl":"https:\/\/demainlargentiere.fr\/wp-content\/uploads\/2020\/02\/rencontre.png","width":418,"height":417,"caption":"Picto rencontre Largenti\u00e8re"},{"@type":"BreadcrumbList","@id":"https:\/\/demainlargentiere.fr\/index.php\/cm-du-27-juillet-2020\/#breadcrumb","itemListElement":[{"@type":"ListItem","position":1,"name":"Accueil","item":"https:\/\/demainlargentiere.fr\/"},{"@type":"ListItem","position":2,"name":"CM du 27 juillet 2020"}]},{"@type":"WebSite","@id":"http:\/\/demainlargentiere.fr\/#website","url":"http:\/\/demainlargentiere.fr\/","name":"Demain LARGENTIERE !","description":"Ensemble, cr\u00e9ons demain.","publisher":{"@id":"http:\/\/demainlargentiere.fr\/#organization"},"potentialAction":[{"@type":"SearchAction","target":{"@type":"EntryPoint","urlTemplate":"http:\/\/demainlargentiere.fr\/?s={search_term_string}"},"query-input":{"@type":"PropertyValueSpecification","valueRequired":true,"valueName":"search_term_string"}}],"inLanguage":"fr-FR"},{"@type":"Organization","@id":"http:\/\/demainlargentiere.fr\/#organization","name":"DemainLargentiere","url":"http:\/\/demainlargentiere.fr\/","logo":{"@type":"ImageObject","inLanguage":"fr-FR","@id":"http:\/\/demainlargentiere.fr\/#\/schema\/logo\/image\/","url":"http:\/\/demainlargentiere.fr\/wp-content\/uploads\/2020\/02\/logo-250x250-1.png","contentUrl":"http:\/\/demainlargentiere.fr\/wp-content\/uploads\/2020\/02\/logo-250x250-1.png","width":250,"height":250,"caption":"DemainLargentiere"},"image":{"@id":"http:\/\/demainlargentiere.fr\/#\/schema\/logo\/image\/"},"sameAs":["https:\/\/www.facebook.com\/DemainLargentiere\/"]}]}},"_links":{"self":[{"href":"https:\/\/demainlargentiere.fr\/index.php\/wp-json\/wp\/v2\/pages\/2404","targetHints":{"allow":["GET"]}}],"collection":[{"href":"https:\/\/demainlargentiere.fr\/index.php\/wp-json\/wp\/v2\/pages"}],"about":[{"href":"https:\/\/demainlargentiere.fr\/index.php\/wp-json\/wp\/v2\/types\/page"}],"author":[{"embeddable":true,"href":"https:\/\/demainlargentiere.fr\/index.php\/wp-json\/wp\/v2\/users\/2"}],"replies":[{"embeddable":true,"href":"https:\/\/demainlargentiere.fr\/index.php\/wp-json\/wp\/v2\/comments?post=2404"}],"version-history":[{"count":41,"href":"https:\/\/demainlargentiere.fr\/index.php\/wp-json\/wp\/v2\/pages\/2404\/revisions"}],"predecessor-version":[{"id":2853,"href":"https:\/\/demainlargentiere.fr\/index.php\/wp-json\/wp\/v2\/pages\/2404\/revisions\/2853"}],"wp:attachment":[{"href":"https:\/\/demainlargentiere.fr\/index.php\/wp-json\/wp\/v2\/media?parent=2404"}],"curies":[{"name":"wp","href":"https:\/\/api.w.org\/{rel}","templated":true}]}}