{"id":2578,"date":"2020-07-28T12:55:24","date_gmt":"2020-07-28T10:55:24","guid":{"rendered":"http:\/\/demainlargentiere.fr\/?page_id=2578"},"modified":"2020-09-09T11:42:46","modified_gmt":"2020-09-09T09:42:46","slug":"projet-de-pelouse-sportive-au-stade-de-la-prade-porte-par-un-habitant","status":"publish","type":"page","link":"https:\/\/demainlargentiere.fr\/index.php\/projet-de-pelouse-sportive-au-stade-de-la-prade-porte-par-un-habitant\/","title":{"rendered":"Projet de pelouse sportive au stade de la Prade"},"content":{"rendered":"\n<div class=\"wp-block-media-text alignwide is-stacked-on-mobile\" style=\"grid-template-columns:35% auto\"><figure class=\"wp-block-media-text__media\"><img loading=\"lazy\" decoding=\"async\" width=\"640\" height=\"426\" src=\"http:\/\/demainlargentiere.fr\/wp-content\/uploads\/2020\/07\/pelouse.jpg\" alt=\"\" class=\"wp-image-2570\" srcset=\"https:\/\/demainlargentiere.fr\/wp-content\/uploads\/2020\/07\/pelouse.jpg 640w, https:\/\/demainlargentiere.fr\/wp-content\/uploads\/2020\/07\/pelouse-300x200.jpg 300w\" sizes=\"auto, (max-width: 640px) 100vw, 640px\" \/><\/figure><div class=\"wp-block-media-text__content\">\n<p>Les \u00e9lu\u00b7e\u00b7s de Demain Largenti\u00e8re, qui soutiennent ce projet, r\u00e9pondent aux questions \u00ab\u00a0Quoi, Qui, Comment et Combien\u00a0\u00bb m\u00e9thode empirique de questionnement qui permet de donner un cadre descriptif d&rsquo;analyse simple et logique.<\/p>\n<\/div><\/div>\n\n\n\n<p>L\u2019Union Sportive du Val de Ligne (USVL) est un club de football cr\u00e9\u00e9 en 1906 et interrompu en 2004 pendant 13 ans a d\u00e9pos\u00e9 ce projet aupr\u00e8s du <a href=\"https:\/\/jeparticipe.ardeche.fr\/dialog\/budget-participatif\/proposal\/une-pelouse-sportive-zero-phyto-a-largentiere\" target=\"_blank\" rel=\"noreferrer noopener\">Budget participatif de la Jeunesse en Ard\u00e8che <\/a>! Soutenez-le !<\/p>\n\n\n\n<p>La r\u00e9habilitation du stade de la Prade est une n\u00e9cessit\u00e9 engendr\u00e9e par la v\u00e9tust\u00e9 de ses \u00e9quipements sportifs et le besoin de son utilisation par les publics du Val de Ligne. En 2020, cette n\u00e9cessit\u00e9 rencontre une opportunit\u00e9 \u00e0 la dimension scientifique innovante\u00a0: <strong>une pelouse sportive z\u00e9ro-phyto.<\/strong><\/p>\n\n\n\n<figure class=\"wp-block-image size-large\"><img loading=\"lazy\" decoding=\"async\" width=\"663\" height=\"968\" src=\"http:\/\/demainlargentiere.fr\/wp-content\/uploads\/2020\/07\/2020.07_info-projet-de-pelouse-sportive.pdf-Adobe-Acrobat-Pro-1.jpg\" alt=\"pelouse sportive\" class=\"wp-image-2315\" srcset=\"https:\/\/demainlargentiere.fr\/wp-content\/uploads\/2020\/07\/2020.07_info-projet-de-pelouse-sportive.pdf-Adobe-Acrobat-Pro-1.jpg 663w, https:\/\/demainlargentiere.fr\/wp-content\/uploads\/2020\/07\/2020.07_info-projet-de-pelouse-sportive.pdf-Adobe-Acrobat-Pro-1-205x300.jpg 205w\" sizes=\"auto, (max-width: 663px) 100vw, 663px\" \/><\/figure>\n\n\n\n<figure class=\"wp-block-image size-large\"><a href=\"https:\/\/jeparticipe.ardeche.fr\/dialog\/budget-participatif\/proposal\/une-pelouse-sportive-zero-phyto-a-largentiere\" target=\"_blank\" rel=\"noopener noreferrer\"><img loading=\"lazy\" decoding=\"async\" width=\"549\" height=\"779\" src=\"http:\/\/demainlargentiere.fr\/wp-content\/uploads\/2020\/09\/AFFICHE-VOTE-PERSONNALISABLE-VERSION-WEB.doc-Mode-de-compatibilit\u00e9-Microsoft-Word.jpg\" alt=\"\" class=\"wp-image-2659\" srcset=\"https:\/\/demainlargentiere.fr\/wp-content\/uploads\/2020\/09\/AFFICHE-VOTE-PERSONNALISABLE-VERSION-WEB.doc-Mode-de-compatibilit\u00e9-Microsoft-Word.jpg 549w, https:\/\/demainlargentiere.fr\/wp-content\/uploads\/2020\/09\/AFFICHE-VOTE-PERSONNALISABLE-VERSION-WEB.doc-Mode-de-compatibilit\u00e9-Microsoft-Word-211x300.jpg 211w\" sizes=\"auto, (max-width: 549px) 100vw, 549px\" \/><\/a><\/figure>\n\n\n\n<p><\/p>\n","protected":false},"excerpt":{"rendered":"<p>Les \u00e9lu\u00b7e\u00b7s de Demain Largenti\u00e8re, qui soutiennent ce projet, r\u00e9pondent aux questions \u00ab\u00a0Quoi, Qui, Comment et Combien\u00a0\u00bb m\u00e9thode empirique de questionnement qui permet de donner un cadre descriptif d&rsquo;analyse simple et logique. L\u2019Union Sportive du Val de Ligne (USVL) est un club de football cr\u00e9\u00e9 en 1906 et interrompu en 2004 pendant 13 ans a &hellip; <\/p>\n<p class=\"link-more\"><a href=\"https:\/\/demainlargentiere.fr\/index.php\/projet-de-pelouse-sportive-au-stade-de-la-prade-porte-par-un-habitant\/\" class=\"more-link\">Continuer la lecture <span class=\"screen-reader-text\"> \u00ab\u00a0Projet de pelouse sportive au stade de la Prade\u00a0\u00bb<\/span><\/a><\/p>\n","protected":false},"author":2,"featured_media":0,"parent":0,"menu_order":0,"comment_status":"closed","ping_status":"closed","template":"","meta":{"ngg_post_thumbnail":0,"footnotes":""},"class_list":["post-2578","page","type-page","status-publish","hentry","entry"],"yoast_head":"<!-- This site is optimized with the Yoast SEO plugin v27.4 - https:\/\/yoast.com\/product\/yoast-seo-wordpress\/ -->\n<title>Projet de pelouse sportive au stade de la Prade - Demain LARGENTIERE !<\/title>\n<meta name=\"robots\" content=\"index, follow, max-snippet:-1, max-image-preview:large, max-video-preview:-1\" \/>\n<link rel=\"canonical\" href=\"https:\/\/demainlargentiere.fr\/index.php\/projet-de-pelouse-sportive-au-stade-de-la-prade-porte-par-un-habitant\/\" \/>\n<meta property=\"og:locale\" content=\"fr_FR\" \/>\n<meta property=\"og:type\" content=\"article\" \/>\n<meta property=\"og:title\" content=\"Projet de pelouse sportive au stade de la Prade - Demain LARGENTIERE !\" \/>\n<meta property=\"og:description\" content=\"Les \u00e9lu\u00b7e\u00b7s de Demain Largenti\u00e8re, qui soutiennent ce projet, r\u00e9pondent aux questions \u00ab\u00a0Quoi, Qui, Comment et Combien\u00a0\u00bb m\u00e9thode empirique de questionnement qui permet de donner un cadre descriptif d&rsquo;analyse simple et logique. L\u2019Union Sportive du Val de Ligne (USVL) est un club de football cr\u00e9\u00e9 en 1906 et interrompu en 2004 pendant 13 ans a &hellip; Continuer la lecture \u00ab\u00a0Projet de pelouse sportive au stade de la Prade\u00a0\u00bb\" \/>\n<meta property=\"og:url\" content=\"https:\/\/demainlargentiere.fr\/index.php\/projet-de-pelouse-sportive-au-stade-de-la-prade-porte-par-un-habitant\/\" \/>\n<meta property=\"og:site_name\" content=\"Demain LARGENTIERE !\" \/>\n<meta property=\"article:publisher\" content=\"https:\/\/www.facebook.com\/DemainLargentiere\/\" \/>\n<meta property=\"article:modified_time\" content=\"2020-09-09T09:42:46+00:00\" \/>\n<meta property=\"og:image\" content=\"http:\/\/demainlargentiere.fr\/wp-content\/uploads\/2020\/07\/pelouse.jpg\" \/>\n<meta name=\"twitter:card\" content=\"summary_large_image\" \/>\n<meta name=\"twitter:label1\" content=\"Dur\u00e9e de lecture estim\u00e9e\" \/>\n\t<meta name=\"twitter:data1\" content=\"1 minute\" \/>\n<script type=\"application\/ld+json\" class=\"yoast-schema-graph\">{\"@context\":\"https:\\\/\\\/schema.org\",\"@graph\":[{\"@type\":\"WebPage\",\"@id\":\"https:\\\/\\\/demainlargentiere.fr\\\/index.php\\\/projet-de-pelouse-sportive-au-stade-de-la-prade-porte-par-un-habitant\\\/\",\"url\":\"https:\\\/\\\/demainlargentiere.fr\\\/index.php\\\/projet-de-pelouse-sportive-au-stade-de-la-prade-porte-par-un-habitant\\\/\",\"name\":\"Projet de pelouse sportive au stade de la Prade - Demain LARGENTIERE !\",\"isPartOf\":{\"@id\":\"http:\\\/\\\/demainlargentiere.fr\\\/#website\"},\"primaryImageOfPage\":{\"@id\":\"https:\\\/\\\/demainlargentiere.fr\\\/index.php\\\/projet-de-pelouse-sportive-au-stade-de-la-prade-porte-par-un-habitant\\\/#primaryimage\"},\"image\":{\"@id\":\"https:\\\/\\\/demainlargentiere.fr\\\/index.php\\\/projet-de-pelouse-sportive-au-stade-de-la-prade-porte-par-un-habitant\\\/#primaryimage\"},\"thumbnailUrl\":\"http:\\\/\\\/demainlargentiere.fr\\\/wp-content\\\/uploads\\\/2020\\\/07\\\/pelouse.jpg\",\"datePublished\":\"2020-07-28T10:55:24+00:00\",\"dateModified\":\"2020-09-09T09:42:46+00:00\",\"breadcrumb\":{\"@id\":\"https:\\\/\\\/demainlargentiere.fr\\\/index.php\\\/projet-de-pelouse-sportive-au-stade-de-la-prade-porte-par-un-habitant\\\/#breadcrumb\"},\"inLanguage\":\"fr-FR\",\"potentialAction\":[{\"@type\":\"ReadAction\",\"target\":[\"https:\\\/\\\/demainlargentiere.fr\\\/index.php\\\/projet-de-pelouse-sportive-au-stade-de-la-prade-porte-par-un-habitant\\\/\"]}]},{\"@type\":\"ImageObject\",\"inLanguage\":\"fr-FR\",\"@id\":\"https:\\\/\\\/demainlargentiere.fr\\\/index.php\\\/projet-de-pelouse-sportive-au-stade-de-la-prade-porte-par-un-habitant\\\/#primaryimage\",\"url\":\"https:\\\/\\\/demainlargentiere.fr\\\/wp-content\\\/uploads\\\/2020\\\/07\\\/pelouse.jpg\",\"contentUrl\":\"https:\\\/\\\/demainlargentiere.fr\\\/wp-content\\\/uploads\\\/2020\\\/07\\\/pelouse.jpg\",\"width\":640,\"height\":426},{\"@type\":\"BreadcrumbList\",\"@id\":\"https:\\\/\\\/demainlargentiere.fr\\\/index.php\\\/projet-de-pelouse-sportive-au-stade-de-la-prade-porte-par-un-habitant\\\/#breadcrumb\",\"itemListElement\":[{\"@type\":\"ListItem\",\"position\":1,\"name\":\"Accueil\",\"item\":\"https:\\\/\\\/demainlargentiere.fr\\\/\"},{\"@type\":\"ListItem\",\"position\":2,\"name\":\"Projet de pelouse sportive au stade de la Prade\"}]},{\"@type\":\"WebSite\",\"@id\":\"http:\\\/\\\/demainlargentiere.fr\\\/#website\",\"url\":\"http:\\\/\\\/demainlargentiere.fr\\\/\",\"name\":\"Demain LARGENTIERE !\",\"description\":\"Ensemble, cr\u00e9ons demain.\",\"publisher\":{\"@id\":\"http:\\\/\\\/demainlargentiere.fr\\\/#organization\"},\"potentialAction\":[{\"@type\":\"SearchAction\",\"target\":{\"@type\":\"EntryPoint\",\"urlTemplate\":\"http:\\\/\\\/demainlargentiere.fr\\\/?s={search_term_string}\"},\"query-input\":{\"@type\":\"PropertyValueSpecification\",\"valueRequired\":true,\"valueName\":\"search_term_string\"}}],\"inLanguage\":\"fr-FR\"},{\"@type\":\"Organization\",\"@id\":\"http:\\\/\\\/demainlargentiere.fr\\\/#organization\",\"name\":\"DemainLargentiere\",\"url\":\"http:\\\/\\\/demainlargentiere.fr\\\/\",\"logo\":{\"@type\":\"ImageObject\",\"inLanguage\":\"fr-FR\",\"@id\":\"http:\\\/\\\/demainlargentiere.fr\\\/#\\\/schema\\\/logo\\\/image\\\/\",\"url\":\"http:\\\/\\\/demainlargentiere.fr\\\/wp-content\\\/uploads\\\/2020\\\/02\\\/logo-250x250-1.png\",\"contentUrl\":\"http:\\\/\\\/demainlargentiere.fr\\\/wp-content\\\/uploads\\\/2020\\\/02\\\/logo-250x250-1.png\",\"width\":250,\"height\":250,\"caption\":\"DemainLargentiere\"},\"image\":{\"@id\":\"http:\\\/\\\/demainlargentiere.fr\\\/#\\\/schema\\\/logo\\\/image\\\/\"},\"sameAs\":[\"https:\\\/\\\/www.facebook.com\\\/DemainLargentiere\\\/\"]}]}<\/script>\n<!-- \/ Yoast SEO plugin. -->","yoast_head_json":{"title":"Projet de pelouse sportive au stade de la Prade - Demain LARGENTIERE !","robots":{"index":"index","follow":"follow","max-snippet":"max-snippet:-1","max-image-preview":"max-image-preview:large","max-video-preview":"max-video-preview:-1"},"canonical":"https:\/\/demainlargentiere.fr\/index.php\/projet-de-pelouse-sportive-au-stade-de-la-prade-porte-par-un-habitant\/","og_locale":"fr_FR","og_type":"article","og_title":"Projet de pelouse sportive au stade de la Prade - Demain LARGENTIERE !","og_description":"Les \u00e9lu\u00b7e\u00b7s de Demain Largenti\u00e8re, qui soutiennent ce projet, r\u00e9pondent aux questions \u00ab\u00a0Quoi, Qui, Comment et Combien\u00a0\u00bb m\u00e9thode empirique de questionnement qui permet de donner un cadre descriptif d&rsquo;analyse simple et logique. L\u2019Union Sportive du Val de Ligne (USVL) est un club de football cr\u00e9\u00e9 en 1906 et interrompu en 2004 pendant 13 ans a &hellip; Continuer la lecture \u00ab\u00a0Projet de pelouse sportive au stade de la Prade\u00a0\u00bb","og_url":"https:\/\/demainlargentiere.fr\/index.php\/projet-de-pelouse-sportive-au-stade-de-la-prade-porte-par-un-habitant\/","og_site_name":"Demain LARGENTIERE !","article_publisher":"https:\/\/www.facebook.com\/DemainLargentiere\/","article_modified_time":"2020-09-09T09:42:46+00:00","og_image":[{"url":"http:\/\/demainlargentiere.fr\/wp-content\/uploads\/2020\/07\/pelouse.jpg","type":"","width":"","height":""}],"twitter_card":"summary_large_image","twitter_misc":{"Dur\u00e9e de lecture estim\u00e9e":"1 minute"},"schema":{"@context":"https:\/\/schema.org","@graph":[{"@type":"WebPage","@id":"https:\/\/demainlargentiere.fr\/index.php\/projet-de-pelouse-sportive-au-stade-de-la-prade-porte-par-un-habitant\/","url":"https:\/\/demainlargentiere.fr\/index.php\/projet-de-pelouse-sportive-au-stade-de-la-prade-porte-par-un-habitant\/","name":"Projet de pelouse sportive au stade de la Prade - Demain LARGENTIERE !","isPartOf":{"@id":"http:\/\/demainlargentiere.fr\/#website"},"primaryImageOfPage":{"@id":"https:\/\/demainlargentiere.fr\/index.php\/projet-de-pelouse-sportive-au-stade-de-la-prade-porte-par-un-habitant\/#primaryimage"},"image":{"@id":"https:\/\/demainlargentiere.fr\/index.php\/projet-de-pelouse-sportive-au-stade-de-la-prade-porte-par-un-habitant\/#primaryimage"},"thumbnailUrl":"http:\/\/demainlargentiere.fr\/wp-content\/uploads\/2020\/07\/pelouse.jpg","datePublished":"2020-07-28T10:55:24+00:00","dateModified":"2020-09-09T09:42:46+00:00","breadcrumb":{"@id":"https:\/\/demainlargentiere.fr\/index.php\/projet-de-pelouse-sportive-au-stade-de-la-prade-porte-par-un-habitant\/#breadcrumb"},"inLanguage":"fr-FR","potentialAction":[{"@type":"ReadAction","target":["https:\/\/demainlargentiere.fr\/index.php\/projet-de-pelouse-sportive-au-stade-de-la-prade-porte-par-un-habitant\/"]}]},{"@type":"ImageObject","inLanguage":"fr-FR","@id":"https:\/\/demainlargentiere.fr\/index.php\/projet-de-pelouse-sportive-au-stade-de-la-prade-porte-par-un-habitant\/#primaryimage","url":"https:\/\/demainlargentiere.fr\/wp-content\/uploads\/2020\/07\/pelouse.jpg","contentUrl":"https:\/\/demainlargentiere.fr\/wp-content\/uploads\/2020\/07\/pelouse.jpg","width":640,"height":426},{"@type":"BreadcrumbList","@id":"https:\/\/demainlargentiere.fr\/index.php\/projet-de-pelouse-sportive-au-stade-de-la-prade-porte-par-un-habitant\/#breadcrumb","itemListElement":[{"@type":"ListItem","position":1,"name":"Accueil","item":"https:\/\/demainlargentiere.fr\/"},{"@type":"ListItem","position":2,"name":"Projet de pelouse sportive au stade de la Prade"}]},{"@type":"WebSite","@id":"http:\/\/demainlargentiere.fr\/#website","url":"http:\/\/demainlargentiere.fr\/","name":"Demain LARGENTIERE !","description":"Ensemble, cr\u00e9ons demain.","publisher":{"@id":"http:\/\/demainlargentiere.fr\/#organization"},"potentialAction":[{"@type":"SearchAction","target":{"@type":"EntryPoint","urlTemplate":"http:\/\/demainlargentiere.fr\/?s={search_term_string}"},"query-input":{"@type":"PropertyValueSpecification","valueRequired":true,"valueName":"search_term_string"}}],"inLanguage":"fr-FR"},{"@type":"Organization","@id":"http:\/\/demainlargentiere.fr\/#organization","name":"DemainLargentiere","url":"http:\/\/demainlargentiere.fr\/","logo":{"@type":"ImageObject","inLanguage":"fr-FR","@id":"http:\/\/demainlargentiere.fr\/#\/schema\/logo\/image\/","url":"http:\/\/demainlargentiere.fr\/wp-content\/uploads\/2020\/02\/logo-250x250-1.png","contentUrl":"http:\/\/demainlargentiere.fr\/wp-content\/uploads\/2020\/02\/logo-250x250-1.png","width":250,"height":250,"caption":"DemainLargentiere"},"image":{"@id":"http:\/\/demainlargentiere.fr\/#\/schema\/logo\/image\/"},"sameAs":["https:\/\/www.facebook.com\/DemainLargentiere\/"]}]}},"_links":{"self":[{"href":"https:\/\/demainlargentiere.fr\/index.php\/wp-json\/wp\/v2\/pages\/2578","targetHints":{"allow":["GET"]}}],"collection":[{"href":"https:\/\/demainlargentiere.fr\/index.php\/wp-json\/wp\/v2\/pages"}],"about":[{"href":"https:\/\/demainlargentiere.fr\/index.php\/wp-json\/wp\/v2\/types\/page"}],"author":[{"embeddable":true,"href":"https:\/\/demainlargentiere.fr\/index.php\/wp-json\/wp\/v2\/users\/2"}],"replies":[{"embeddable":true,"href":"https:\/\/demainlargentiere.fr\/index.php\/wp-json\/wp\/v2\/comments?post=2578"}],"version-history":[{"count":3,"href":"https:\/\/demainlargentiere.fr\/index.php\/wp-json\/wp\/v2\/pages\/2578\/revisions"}],"predecessor-version":[{"id":2660,"href":"https:\/\/demainlargentiere.fr\/index.php\/wp-json\/wp\/v2\/pages\/2578\/revisions\/2660"}],"wp:attachment":[{"href":"https:\/\/demainlargentiere.fr\/index.php\/wp-json\/wp\/v2\/media?parent=2578"}],"curies":[{"name":"wp","href":"https:\/\/api.w.org\/{rel}","templated":true}]}}