{"id":2710,"date":"2020-12-04T22:38:45","date_gmt":"2020-12-04T21:38:45","guid":{"rendered":"http:\/\/demainlargentiere.fr\/?page_id=2710"},"modified":"2020-12-20T12:06:42","modified_gmt":"2020-12-20T11:06:42","slug":"cm-du-21-octobre-2020-question-irregularite-huis-clos-et-divers-sujets","status":"publish","type":"page","link":"https:\/\/demainlargentiere.fr\/index.php\/cm-du-21-octobre-2020-question-irregularite-huis-clos-et-divers-sujets\/","title":{"rendered":"CM du 21 octobre 2020 &#8211; Question irr\u00e9gularit\u00e9 huis clos et projets (liaisons pi\u00e9tonnes, parking, aire de jeux, gymnase)"},"content":{"rendered":"\n<p><em>Une minute de silence a \u00e9t\u00e9 observ\u00e9e en d\u00e9but de conseil municipal en m\u00e9moire de Mr Samuel Paty, enseignant et fervent d\u00e9fenseur de la libert\u00e9 d&rsquo;expression.<\/em><\/p>\n\n\n\n<h4 class=\"wp-block-heading\">Question de l&rsquo;irr\u00e9gularit\u00e9 du Huis clos <img loading=\"lazy\" decoding=\"async\" width=\"40\" height=\"40\" class=\"wp-image-1132\" style=\"width: 40px;\" src=\"http:\/\/demainlargentiere.fr\/wp-content\/uploads\/2020\/02\/rencontre.png\" alt=\"Picto rencontre Largenti\u00e8re\" srcset=\"https:\/\/demainlargentiere.fr\/wp-content\/uploads\/2020\/02\/rencontre.png 418w, https:\/\/demainlargentiere.fr\/wp-content\/uploads\/2020\/02\/rencontre-300x300.png 300w, https:\/\/demainlargentiere.fr\/wp-content\/uploads\/2020\/02\/rencontre-150x150.png 150w\" sizes=\"auto, (max-width: 40px) 100vw, 40px\" \/><\/h4>\n\n\n\n<p>Nous avons \u00e9t\u00e9 frapp\u00e9 de voir que ce CM \u00e9tait convoqu\u00e9 \u00e0 huis clos. Un courrier a donc \u00e9t\u00e9 envoy\u00e9 \u00e0 l&rsquo;ensemble des conseillers municipaux pour les questionner et nous avons interpell\u00e9 le secr\u00e9tariat du sous pr\u00e9fet. <a rel=\"noreferrer noopener\" href=\"http:\/\/demainlargentiere.fr\/index.php\/2020\/10\/17\/prochain-conseil-municipal-du-21-10-un-huis-clos-irregulier-un-manquement-aux-imperatifs-democratiques-des-plus-elementaires\/\" target=\"_blank\">Lire l&rsquo;article \u00e0 ce sujet.<\/a> Monsieur le Maire a donc tr\u00e8s rapidement commenc\u00e9 par cette question et sachant que&nbsp;l&rsquo;ordonnance 2020-562 du 13 mars 2020&nbsp;n&rsquo;\u00e9tait plus valide, le maire et plusieurs conseillers de la majorit\u00e9 ont invoqu\u00e9 le huis clos pour cette s\u00e9ance. <\/p>\n\n\n\n<p>Nous avons pris la parole pour souligner que, non seulement, la convocation \u00e9tait irr\u00e9guli\u00e8re (ainsi que nous le confirme l&rsquo;article 10 de l&rsquo;ordonnance 2020-562 du 13 mars 2020&nbsp;qui prenait fin le 30 ao\u00fbt) mais \u00e9galement que les conditions du huis clos \u00e9taient tr\u00e8s r\u00e9glement\u00e9es par l&rsquo;article L2121-18 du CGCT&nbsp;et que les conditions n&rsquo;\u00e9taient pas r\u00e9unies pour l&rsquo;invoquer (CM public, motiv\u00e9). Mme Anjolras et M. Le Maire ont invoqu\u00e9 le motif de crise sanitaire et propos\u00e9 de faire la demande de huis clos \u00e0 mains lev\u00e9es. Mil\u00e8ne Villard demande que ce vote ait lieu \u00e0 bulletin secret. <\/p>\n\n\n\n<p>R\u00e9sultat du vote pour une demande de conseil \u00e0 huis clos :&nbsp;R\u00e9sultat du vote: 13 favorables au huis clos et 5 d\u00e9favorables (Mme Lepvrier, absente, n&rsquo;avait pas donn\u00e9 procuration).<\/p>\n\n\n\n<h4 class=\"wp-block-heading\">Retranscriptions extraits CM compilation sur la question du huis clos 16.06_27.07_21.10<img loading=\"lazy\" decoding=\"async\" width=\"40\" height=\"40\" class=\"wp-image-1131\" style=\"width: 40px;\" src=\"http:\/\/demainlargentiere.fr\/wp-content\/uploads\/2020\/02\/programme.png\" alt=\"Picto campagne Demain Largenti\u00e8re\" srcset=\"https:\/\/demainlargentiere.fr\/wp-content\/uploads\/2020\/02\/programme.png 417w, https:\/\/demainlargentiere.fr\/wp-content\/uploads\/2020\/02\/programme-300x300.png 300w, https:\/\/demainlargentiere.fr\/wp-content\/uploads\/2020\/02\/programme-150x150.png 150w\" sizes=\"auto, (max-width: 40px) 100vw, 40px\" \/><\/h4>\n\n\n<div class=\"sdm_download_button_box_default\"><div class=\"sdm_download_link\"><a href=\"https:\/\/demainlargentiere.fr\/?sdm_process_download=1&download_id=2748\" class=\"sdm_download green\" title=\"Compilation Retranscriptions sur la question des huis clos\" target=&quot;_blank&quot;>T\u00e9l\u00e9charger les retranscriptions sur le huis clos<\/a><\/div><\/div>\n\n\n\n<h4 class=\"wp-block-heading\">Votes <img loading=\"lazy\" decoding=\"async\" width=\"40\" height=\"40\" class=\"wp-image-1130\" style=\"width: 40px;\" src=\"http:\/\/demainlargentiere.fr\/wp-content\/uploads\/2020\/02\/kit-campagne.png\" alt=\"Picto vote Largenti\u00e8re\" srcset=\"https:\/\/demainlargentiere.fr\/wp-content\/uploads\/2020\/02\/kit-campagne.png 418w, https:\/\/demainlargentiere.fr\/wp-content\/uploads\/2020\/02\/kit-campagne-300x300.png 300w, https:\/\/demainlargentiere.fr\/wp-content\/uploads\/2020\/02\/kit-campagne-150x150.png 150w\" sizes=\"auto, (max-width: 40px) 100vw, 40px\" \/><\/h4>\n\n\n\n<p><strong>1. Indemnit\u00e9s du Maire, des Adjoints et des Conseillers Municipaux.<\/strong>M. Le Maire pr\u00e9cise qu&rsquo;il fallait les pr\u00e9senter sous forme de tableau. Vote : 4 abstentions <\/p>\n\n\n\n<p><strong>2. Autorisation \u00e0 repr\u00e9senter la commune dans les actes en la forme administrative<\/strong> Claudine Fournet demande que la signature de ces actes soient la cons\u00e9quence d&rsquo;une d\u00e9cision prise en conseil municipal. On lui r\u00e9pond que oui. Vote : pour \u00e0 l&rsquo;unanimit\u00e9<\/p>\n\n\n\n<p><strong>3. Autorisation de d\u00e9p\u00f4t des demandes de subventions aupr\u00e8s des diff\u00e9rents organismes (Etat, R\u00e9gion, D\u00e9partement\u2026)<\/strong> Votes&nbsp;: pour \u00e0 l&rsquo;unanimit\u00e9<\/p>\n\n\n\n<p>D 305 (\u00e9glise-cit\u00e9 scolaire) : l\u2019avant-projet qui s\u2019\u00e9l\u00e8ve \u00e0 la somme de 700 000 \u20ac <\/p>\n\n\n\n<p>PARKING CITE-SCOLAIRE : l\u2019avant-projet qui s\u2019\u00e9l\u00e8ve \u00e0 la somme de 300 000 \u20ac <\/p>\n\n\n\n<p>GYMNASE COMMUNAL D\u2019AUBESSON : r\u00e9fection du sol et mise au norme de l&rsquo;\u00e9clairage : l\u2019avant-projet qui s\u2019\u00e9l\u00e8ve \u00e0 la somme de 70 000 \u20ac <\/p>\n\n\n\n<p>AIRE DE JEUX ET SKATE PARK : l\u2019avant-projet qui s\u2019\u00e9l\u00e8ve \u00e0 la somme de 300 000 \u20ac <\/p>\n\n\n\n<p>AMENAGEMENT PARKING QUARTIER AUBESSON (EX LABO) : l\u2019avant-projet qui s\u2019\u00e9l\u00e8ve \u00e0 la somme de 300 000 \u20ac <\/p>\n\n\n\n<p>LIAISONS PETONNES DU PARKING AUBESSON AU CENTRE VILLE : l\u2019avant-projet qui s\u2019\u00e9l\u00e8ve \u00e0 la somme de 250 000 \u20ac <\/p>\n\n\n\n<p><strong>4. Convention de transfert temporaire de MOT entre le SDE07 et la commune &#8211; Maitrise d\u2019ouvrage de Travaux<\/strong> Vote : Pour \u00e0 l&rsquo;unanimit\u00e9<\/p>\n\n\n\n<p><strong>5. Cr\u00e9ation d\u2019une r\u00e9gie unique, indemnit\u00e9s des r\u00e9gisseurs<\/strong> Vote : Pour \u00e0 l&rsquo;unanimit\u00e9<\/p>\n\n\n\n<p><strong>6. Acquisition et cession de v\u00e9hicules<\/strong> Vote pour \u00e0 l&rsquo;unanimit\u00e9<\/p>\n\n\n\n<p><strong>7. D\u00e9cision modificative de cr\u00e9dit N\u00b001<\/strong> Vote pour \u00e0 l&rsquo;unanimit\u00e9&nbsp;&nbsp;<\/p>\n\n\n\n<p><strong>8. Modification du tableau du personnel communal<\/strong> Vote pour \u00e0 l&rsquo;unanimit\u00e9&nbsp;&nbsp;<\/p>\n\n\n\n<p><strong>9. Rapport d\u2019activit\u00e9s 2019 de la communaut\u00e9 de communes du Val de Ligne<\/strong> Vote pour \u00e0 l&rsquo;unanimit\u00e9<\/p>\n\n\n\n<p><strong>10. Compte rendu des d\u00e9cisions prises dans le cadre des d\u00e9l\u00e9gations d\u2019attribution autoris\u00e9es par la Loi (art.L.2122-22 du CGCT)<\/strong> Un CR sur le droit de pr\u00e9emption&nbsp;a \u00e9t\u00e9 fait par le Maire. Puis a \u00e9t\u00e9 fait lecture du r\u00e9sultat des consultations pour divers travaux et achats :<\/p>\n\n\n\n<p>Achat de fuel : l&rsquo;entreprise \u00ab\u00a0Les Vans combustibles\u00a0\u00bb a \u00e9t\u00e9 retenue<\/p>\n\n\n\n<p>Travaux d&rsquo;enrochement quartier Volpilli\u00e8re : l&rsquo;entreprise Manenta \u00e9t\u00e9 retenue<\/p>\n\n\n\n<p>Travaux d&rsquo;\u00e9lagage de tilleuls \u00e0 la Calade de la Madeleine : l&rsquo;entreprise Vidal \u00e9t\u00e9 retenue;<\/p>\n\n\n\n<p><strong>11. Questions diverses<\/strong><\/p>\n\n\n\n<ul class=\"wp-block-list\"><li>Renouvellement de la convention partenariale avec Au del\u00e0 du temps 2021-2023 : vote <strong>pour<\/strong> \u00e0 l&rsquo;unanimit\u00e9.<\/li><li>Demande d&rsquo;aide exceptionnelle d&rsquo;Au del\u00e0 du temps.<\/li><li>Commission association pour d&rsquo;attribution des subvention devrait se r\u00e9unir&nbsp; tr\u00e8s rapidement<\/li><li>commission de contr\u00f4le \u00e9lectoral : 5 membres, 3 de la majorit\u00e9 et 2 de Demain Largenti\u00e8re<\/li><li>Commission Imp\u00f4t d\u00e9finie <\/li><li>CLET : Rose et Villalonga<\/li><li>Classe Ulis (unit\u00e9s localis\u00e9es pour l&rsquo;inclusion scolaire): vote <strong>Pour<\/strong> \u00e0 l&rsquo;unanimit\u00e9<\/li><\/ul>\n\n\n\n<p>Les \u00e9lus de Demain Largenti\u00e8re ont \u00e9galement interrog\u00e9 sur les ventes du b\u00e2timent nord d&rsquo;Om\u00e9ga-Pharma et de la maison Fargier.<br>R\u00e9ponse du Maire : pour Om\u00e9ga-Pharma, le notaire est en train de r\u00e9diger l&rsquo;acte et la vente doit se faire sous peu.<br>Quant \u00e0 la maison Fargier, la r\u00e9ponse du Maire a \u00e9t\u00e9: \u00ab\u00a0Nous vous avons \u00e9cout\u00e9. Finalement nous ne vendons plus, vous y \u00e9tiez oppos\u00e9s. Nous allons y faire des travaux pour remettre en \u00e9tat le toit et nous travaillerons ensemble pour savoir ce qu&rsquo;on y fait\u00a0\u00bb<\/p>\n\n\n\n<p>Il a fallu r\u00e9expliquer, encore et encore, que nous ne sommes pas oppos\u00e9 \u00e0 la vente, mais que l&rsquo;on s\u2019interroge sur la diff\u00e9rence n\u00e9gative entre le prix d&rsquo;achat et le prix de vente&#8230;.<\/p>\n\n\n\n<h4 class=\"wp-block-heading\">Retranscription partielle du CM <img loading=\"lazy\" decoding=\"async\" width=\"40\" height=\"40\" class=\"wp-image-1131\" style=\"width: 40px;\" src=\"http:\/\/demainlargentiere.fr\/wp-content\/uploads\/2020\/02\/programme.png\" alt=\"Picto campagne Demain Largenti\u00e8re\" srcset=\"https:\/\/demainlargentiere.fr\/wp-content\/uploads\/2020\/02\/programme.png 417w, https:\/\/demainlargentiere.fr\/wp-content\/uploads\/2020\/02\/programme-300x300.png 300w, https:\/\/demainlargentiere.fr\/wp-content\/uploads\/2020\/02\/programme-150x150.png 150w\" sizes=\"auto, (max-width: 40px) 100vw, 40px\" \/><\/h4>\n\n\n<div class=\"sdm_download_button_box_default\"><div class=\"sdm_download_link\"><a href=\"https:\/\/demainlargentiere.fr\/?sdm_process_download=1&download_id=2735\" class=\"sdm_download green\" title=\"Retranscription partielle du CM du 21 octobre 2020\" target=&quot;_blank&quot;>T\u00e9l\u00e9charger<\/a><\/div><\/div>\n\n\n\n<h4 class=\"wp-block-heading\">Le podcast du CM <img loading=\"lazy\" decoding=\"async\" width=\"40\" height=\"40\" class=\"wp-image-1128\" style=\"width: 40px;\" src=\"http:\/\/demainlargentiere.fr\/wp-content\/uploads\/2020\/02\/conference.png\" alt=\"Picto conf \u00e9lection\" srcset=\"https:\/\/demainlargentiere.fr\/wp-content\/uploads\/2020\/02\/conference.png 417w, https:\/\/demainlargentiere.fr\/wp-content\/uploads\/2020\/02\/conference-300x300.png 300w, https:\/\/demainlargentiere.fr\/wp-content\/uploads\/2020\/02\/conference-150x150.png 150w\" sizes=\"auto, (max-width: 40px) 100vw, 40px\" \/><\/h4>\n\n\n\n<figure class=\"wp-block-audio\"><audio controls src=\"http:\/\/demainlargentiere.fr\/wp-content\/uploads\/2020\/12\/conseil-muni-21-10-20-4.mp3\"><\/audio><\/figure>\n\n\n\n<h4 class=\"wp-block-heading\">Presse <img loading=\"lazy\" decoding=\"async\" width=\"40\" height=\"40\" class=\"wp-image-1127\" style=\"width: 40px;\" src=\"http:\/\/demainlargentiere.fr\/wp-content\/uploads\/2020\/02\/agenda.png\" alt=\"Picto programme Demain Largenti\u00e8re\" srcset=\"https:\/\/demainlargentiere.fr\/wp-content\/uploads\/2020\/02\/agenda.png 418w, https:\/\/demainlargentiere.fr\/wp-content\/uploads\/2020\/02\/agenda-300x300.png 300w, https:\/\/demainlargentiere.fr\/wp-content\/uploads\/2020\/02\/agenda-150x150.png 150w\" sizes=\"auto, (max-width: 40px) 100vw, 40px\" \/><\/h4>\n\n\n\n<figure class=\"wp-block-image size-large is-resized\"><img loading=\"lazy\" decoding=\"async\" src=\"http:\/\/demainlargentiere.fr\/wp-content\/uploads\/2020\/12\/presse.jpg\" alt=\"\" class=\"wp-image-2753\" width=\"359\" height=\"478\" srcset=\"https:\/\/demainlargentiere.fr\/wp-content\/uploads\/2020\/12\/presse.jpg 720w, https:\/\/demainlargentiere.fr\/wp-content\/uploads\/2020\/12\/presse-225x300.jpg 225w\" sizes=\"auto, (max-width: 359px) 100vw, 359px\" \/><figcaption>La Tribune du 29.10.2020 &#8211; lire l&rsquo;int\u00e9gralit\u00e9 sur <a href=\"https:\/\/www.latribune.fr\/international\/europe\/france\/ardeche\/\" target=\"_blank\" rel=\"noreferrer noopener\">La tribune Ard\u00e8che<\/a><\/figcaption><\/figure>\n\n\n\n<p>Les <a href=\"https:\/\/www.largentiere.fr\/mairie\/comptes-rendus-des-conseils-municipaux\/\" target=\"_blank\" rel=\"noreferrer noopener\">comptes rendus des conseils municipaux<\/a> sur le site de la commune de Largenti\u00e8re.<\/p>\n","protected":false},"excerpt":{"rendered":"<p>Une minute de silence a \u00e9t\u00e9 observ\u00e9e en d\u00e9but de conseil municipal en m\u00e9moire de Mr Samuel Paty, enseignant et fervent d\u00e9fenseur de la libert\u00e9 d&rsquo;expression. Question de l&rsquo;irr\u00e9gularit\u00e9 du Huis clos Nous avons \u00e9t\u00e9 frapp\u00e9 de voir que ce CM \u00e9tait convoqu\u00e9 \u00e0 huis clos. Un courrier a donc \u00e9t\u00e9 envoy\u00e9 \u00e0 l&rsquo;ensemble des &hellip; <\/p>\n<p class=\"link-more\"><a href=\"https:\/\/demainlargentiere.fr\/index.php\/cm-du-21-octobre-2020-question-irregularite-huis-clos-et-divers-sujets\/\" class=\"more-link\">Continuer la lecture <span class=\"screen-reader-text\"> \u00ab\u00a0CM du 21 octobre 2020 &#8211; Question irr\u00e9gularit\u00e9 huis clos et projets (liaisons pi\u00e9tonnes, parking, aire de jeux, gymnase)\u00a0\u00bb<\/span><\/a><\/p>\n","protected":false},"author":2,"featured_media":0,"parent":0,"menu_order":0,"comment_status":"closed","ping_status":"closed","template":"","meta":{"ngg_post_thumbnail":0,"footnotes":""},"class_list":["post-2710","page","type-page","status-publish","hentry","entry"],"yoast_head":"<!-- This site is optimized with the Yoast SEO plugin v27.4 - https:\/\/yoast.com\/product\/yoast-seo-wordpress\/ -->\n<title>CM du 21 octobre 2020 - Question irr\u00e9gularit\u00e9 huis clos et projets (liaisons pi\u00e9tonnes, parking, aire de jeux, gymnase) - Demain LARGENTIERE !<\/title>\n<meta name=\"robots\" content=\"index, follow, max-snippet:-1, max-image-preview:large, max-video-preview:-1\" \/>\n<link rel=\"canonical\" href=\"https:\/\/demainlargentiere.fr\/index.php\/cm-du-21-octobre-2020-question-irregularite-huis-clos-et-divers-sujets\/\" \/>\n<meta property=\"og:locale\" content=\"fr_FR\" \/>\n<meta property=\"og:type\" content=\"article\" \/>\n<meta property=\"og:title\" content=\"CM du 21 octobre 2020 - Question irr\u00e9gularit\u00e9 huis clos et projets (liaisons pi\u00e9tonnes, parking, aire de jeux, gymnase) - Demain LARGENTIERE !\" \/>\n<meta property=\"og:description\" content=\"Une minute de silence a \u00e9t\u00e9 observ\u00e9e en d\u00e9but de conseil municipal en m\u00e9moire de Mr Samuel Paty, enseignant et fervent d\u00e9fenseur de la libert\u00e9 d&rsquo;expression. Question de l&rsquo;irr\u00e9gularit\u00e9 du Huis clos Nous avons \u00e9t\u00e9 frapp\u00e9 de voir que ce CM \u00e9tait convoqu\u00e9 \u00e0 huis clos. Un courrier a donc \u00e9t\u00e9 envoy\u00e9 \u00e0 l&rsquo;ensemble des &hellip; Continuer la lecture \u00ab\u00a0CM du 21 octobre 2020 &#8211; Question irr\u00e9gularit\u00e9 huis clos et projets (liaisons pi\u00e9tonnes, parking, aire de jeux, gymnase)\u00a0\u00bb\" \/>\n<meta property=\"og:url\" content=\"https:\/\/demainlargentiere.fr\/index.php\/cm-du-21-octobre-2020-question-irregularite-huis-clos-et-divers-sujets\/\" \/>\n<meta property=\"og:site_name\" content=\"Demain LARGENTIERE !\" \/>\n<meta property=\"article:publisher\" content=\"https:\/\/www.facebook.com\/DemainLargentiere\/\" \/>\n<meta property=\"article:modified_time\" content=\"2020-12-20T11:06:42+00:00\" \/>\n<meta property=\"og:image\" content=\"http:\/\/demainlargentiere.fr\/wp-content\/uploads\/2020\/02\/rencontre.png\" \/>\n<meta name=\"twitter:card\" content=\"summary_large_image\" \/>\n<meta name=\"twitter:label1\" content=\"Dur\u00e9e de lecture estim\u00e9e\" \/>\n\t<meta name=\"twitter:data1\" content=\"4 minutes\" \/>\n<script type=\"application\/ld+json\" class=\"yoast-schema-graph\">{\"@context\":\"https:\\\/\\\/schema.org\",\"@graph\":[{\"@type\":\"WebPage\",\"@id\":\"https:\\\/\\\/demainlargentiere.fr\\\/index.php\\\/cm-du-21-octobre-2020-question-irregularite-huis-clos-et-divers-sujets\\\/\",\"url\":\"https:\\\/\\\/demainlargentiere.fr\\\/index.php\\\/cm-du-21-octobre-2020-question-irregularite-huis-clos-et-divers-sujets\\\/\",\"name\":\"CM du 21 octobre 2020 - Question irr\u00e9gularit\u00e9 huis clos et projets (liaisons pi\u00e9tonnes, parking, aire de jeux, gymnase) - Demain LARGENTIERE !\",\"isPartOf\":{\"@id\":\"http:\\\/\\\/demainlargentiere.fr\\\/#website\"},\"primaryImageOfPage\":{\"@id\":\"https:\\\/\\\/demainlargentiere.fr\\\/index.php\\\/cm-du-21-octobre-2020-question-irregularite-huis-clos-et-divers-sujets\\\/#primaryimage\"},\"image\":{\"@id\":\"https:\\\/\\\/demainlargentiere.fr\\\/index.php\\\/cm-du-21-octobre-2020-question-irregularite-huis-clos-et-divers-sujets\\\/#primaryimage\"},\"thumbnailUrl\":\"http:\\\/\\\/demainlargentiere.fr\\\/wp-content\\\/uploads\\\/2020\\\/02\\\/rencontre.png\",\"datePublished\":\"2020-12-04T21:38:45+00:00\",\"dateModified\":\"2020-12-20T11:06:42+00:00\",\"breadcrumb\":{\"@id\":\"https:\\\/\\\/demainlargentiere.fr\\\/index.php\\\/cm-du-21-octobre-2020-question-irregularite-huis-clos-et-divers-sujets\\\/#breadcrumb\"},\"inLanguage\":\"fr-FR\",\"potentialAction\":[{\"@type\":\"ReadAction\",\"target\":[\"https:\\\/\\\/demainlargentiere.fr\\\/index.php\\\/cm-du-21-octobre-2020-question-irregularite-huis-clos-et-divers-sujets\\\/\"]}]},{\"@type\":\"ImageObject\",\"inLanguage\":\"fr-FR\",\"@id\":\"https:\\\/\\\/demainlargentiere.fr\\\/index.php\\\/cm-du-21-octobre-2020-question-irregularite-huis-clos-et-divers-sujets\\\/#primaryimage\",\"url\":\"https:\\\/\\\/demainlargentiere.fr\\\/wp-content\\\/uploads\\\/2020\\\/02\\\/rencontre.png\",\"contentUrl\":\"https:\\\/\\\/demainlargentiere.fr\\\/wp-content\\\/uploads\\\/2020\\\/02\\\/rencontre.png\",\"width\":418,\"height\":417,\"caption\":\"Picto rencontre Largenti\u00e8re\"},{\"@type\":\"BreadcrumbList\",\"@id\":\"https:\\\/\\\/demainlargentiere.fr\\\/index.php\\\/cm-du-21-octobre-2020-question-irregularite-huis-clos-et-divers-sujets\\\/#breadcrumb\",\"itemListElement\":[{\"@type\":\"ListItem\",\"position\":1,\"name\":\"Accueil\",\"item\":\"https:\\\/\\\/demainlargentiere.fr\\\/\"},{\"@type\":\"ListItem\",\"position\":2,\"name\":\"CM du 21 octobre 2020 &#8211; Question irr\u00e9gularit\u00e9 huis clos et projets (liaisons pi\u00e9tonnes, parking, aire de jeux, gymnase)\"}]},{\"@type\":\"WebSite\",\"@id\":\"http:\\\/\\\/demainlargentiere.fr\\\/#website\",\"url\":\"http:\\\/\\\/demainlargentiere.fr\\\/\",\"name\":\"Demain LARGENTIERE !\",\"description\":\"Ensemble, cr\u00e9ons demain.\",\"publisher\":{\"@id\":\"http:\\\/\\\/demainlargentiere.fr\\\/#organization\"},\"potentialAction\":[{\"@type\":\"SearchAction\",\"target\":{\"@type\":\"EntryPoint\",\"urlTemplate\":\"http:\\\/\\\/demainlargentiere.fr\\\/?s={search_term_string}\"},\"query-input\":{\"@type\":\"PropertyValueSpecification\",\"valueRequired\":true,\"valueName\":\"search_term_string\"}}],\"inLanguage\":\"fr-FR\"},{\"@type\":\"Organization\",\"@id\":\"http:\\\/\\\/demainlargentiere.fr\\\/#organization\",\"name\":\"DemainLargentiere\",\"url\":\"http:\\\/\\\/demainlargentiere.fr\\\/\",\"logo\":{\"@type\":\"ImageObject\",\"inLanguage\":\"fr-FR\",\"@id\":\"http:\\\/\\\/demainlargentiere.fr\\\/#\\\/schema\\\/logo\\\/image\\\/\",\"url\":\"http:\\\/\\\/demainlargentiere.fr\\\/wp-content\\\/uploads\\\/2020\\\/02\\\/logo-250x250-1.png\",\"contentUrl\":\"http:\\\/\\\/demainlargentiere.fr\\\/wp-content\\\/uploads\\\/2020\\\/02\\\/logo-250x250-1.png\",\"width\":250,\"height\":250,\"caption\":\"DemainLargentiere\"},\"image\":{\"@id\":\"http:\\\/\\\/demainlargentiere.fr\\\/#\\\/schema\\\/logo\\\/image\\\/\"},\"sameAs\":[\"https:\\\/\\\/www.facebook.com\\\/DemainLargentiere\\\/\"]}]}<\/script>\n<!-- \/ Yoast SEO plugin. -->","yoast_head_json":{"title":"CM du 21 octobre 2020 - Question irr\u00e9gularit\u00e9 huis clos et projets (liaisons pi\u00e9tonnes, parking, aire de jeux, gymnase) - Demain LARGENTIERE !","robots":{"index":"index","follow":"follow","max-snippet":"max-snippet:-1","max-image-preview":"max-image-preview:large","max-video-preview":"max-video-preview:-1"},"canonical":"https:\/\/demainlargentiere.fr\/index.php\/cm-du-21-octobre-2020-question-irregularite-huis-clos-et-divers-sujets\/","og_locale":"fr_FR","og_type":"article","og_title":"CM du 21 octobre 2020 - Question irr\u00e9gularit\u00e9 huis clos et projets (liaisons pi\u00e9tonnes, parking, aire de jeux, gymnase) - Demain LARGENTIERE !","og_description":"Une minute de silence a \u00e9t\u00e9 observ\u00e9e en d\u00e9but de conseil municipal en m\u00e9moire de Mr Samuel Paty, enseignant et fervent d\u00e9fenseur de la libert\u00e9 d&rsquo;expression. Question de l&rsquo;irr\u00e9gularit\u00e9 du Huis clos Nous avons \u00e9t\u00e9 frapp\u00e9 de voir que ce CM \u00e9tait convoqu\u00e9 \u00e0 huis clos. Un courrier a donc \u00e9t\u00e9 envoy\u00e9 \u00e0 l&rsquo;ensemble des &hellip; Continuer la lecture \u00ab\u00a0CM du 21 octobre 2020 &#8211; Question irr\u00e9gularit\u00e9 huis clos et projets (liaisons pi\u00e9tonnes, parking, aire de jeux, gymnase)\u00a0\u00bb","og_url":"https:\/\/demainlargentiere.fr\/index.php\/cm-du-21-octobre-2020-question-irregularite-huis-clos-et-divers-sujets\/","og_site_name":"Demain LARGENTIERE !","article_publisher":"https:\/\/www.facebook.com\/DemainLargentiere\/","article_modified_time":"2020-12-20T11:06:42+00:00","og_image":[{"url":"http:\/\/demainlargentiere.fr\/wp-content\/uploads\/2020\/02\/rencontre.png","type":"","width":"","height":""}],"twitter_card":"summary_large_image","twitter_misc":{"Dur\u00e9e de lecture estim\u00e9e":"4 minutes"},"schema":{"@context":"https:\/\/schema.org","@graph":[{"@type":"WebPage","@id":"https:\/\/demainlargentiere.fr\/index.php\/cm-du-21-octobre-2020-question-irregularite-huis-clos-et-divers-sujets\/","url":"https:\/\/demainlargentiere.fr\/index.php\/cm-du-21-octobre-2020-question-irregularite-huis-clos-et-divers-sujets\/","name":"CM du 21 octobre 2020 - Question irr\u00e9gularit\u00e9 huis clos et projets (liaisons pi\u00e9tonnes, parking, aire de jeux, gymnase) - Demain LARGENTIERE !","isPartOf":{"@id":"http:\/\/demainlargentiere.fr\/#website"},"primaryImageOfPage":{"@id":"https:\/\/demainlargentiere.fr\/index.php\/cm-du-21-octobre-2020-question-irregularite-huis-clos-et-divers-sujets\/#primaryimage"},"image":{"@id":"https:\/\/demainlargentiere.fr\/index.php\/cm-du-21-octobre-2020-question-irregularite-huis-clos-et-divers-sujets\/#primaryimage"},"thumbnailUrl":"http:\/\/demainlargentiere.fr\/wp-content\/uploads\/2020\/02\/rencontre.png","datePublished":"2020-12-04T21:38:45+00:00","dateModified":"2020-12-20T11:06:42+00:00","breadcrumb":{"@id":"https:\/\/demainlargentiere.fr\/index.php\/cm-du-21-octobre-2020-question-irregularite-huis-clos-et-divers-sujets\/#breadcrumb"},"inLanguage":"fr-FR","potentialAction":[{"@type":"ReadAction","target":["https:\/\/demainlargentiere.fr\/index.php\/cm-du-21-octobre-2020-question-irregularite-huis-clos-et-divers-sujets\/"]}]},{"@type":"ImageObject","inLanguage":"fr-FR","@id":"https:\/\/demainlargentiere.fr\/index.php\/cm-du-21-octobre-2020-question-irregularite-huis-clos-et-divers-sujets\/#primaryimage","url":"https:\/\/demainlargentiere.fr\/wp-content\/uploads\/2020\/02\/rencontre.png","contentUrl":"https:\/\/demainlargentiere.fr\/wp-content\/uploads\/2020\/02\/rencontre.png","width":418,"height":417,"caption":"Picto rencontre Largenti\u00e8re"},{"@type":"BreadcrumbList","@id":"https:\/\/demainlargentiere.fr\/index.php\/cm-du-21-octobre-2020-question-irregularite-huis-clos-et-divers-sujets\/#breadcrumb","itemListElement":[{"@type":"ListItem","position":1,"name":"Accueil","item":"https:\/\/demainlargentiere.fr\/"},{"@type":"ListItem","position":2,"name":"CM du 21 octobre 2020 &#8211; Question irr\u00e9gularit\u00e9 huis clos et projets (liaisons pi\u00e9tonnes, parking, aire de jeux, gymnase)"}]},{"@type":"WebSite","@id":"http:\/\/demainlargentiere.fr\/#website","url":"http:\/\/demainlargentiere.fr\/","name":"Demain LARGENTIERE !","description":"Ensemble, cr\u00e9ons demain.","publisher":{"@id":"http:\/\/demainlargentiere.fr\/#organization"},"potentialAction":[{"@type":"SearchAction","target":{"@type":"EntryPoint","urlTemplate":"http:\/\/demainlargentiere.fr\/?s={search_term_string}"},"query-input":{"@type":"PropertyValueSpecification","valueRequired":true,"valueName":"search_term_string"}}],"inLanguage":"fr-FR"},{"@type":"Organization","@id":"http:\/\/demainlargentiere.fr\/#organization","name":"DemainLargentiere","url":"http:\/\/demainlargentiere.fr\/","logo":{"@type":"ImageObject","inLanguage":"fr-FR","@id":"http:\/\/demainlargentiere.fr\/#\/schema\/logo\/image\/","url":"http:\/\/demainlargentiere.fr\/wp-content\/uploads\/2020\/02\/logo-250x250-1.png","contentUrl":"http:\/\/demainlargentiere.fr\/wp-content\/uploads\/2020\/02\/logo-250x250-1.png","width":250,"height":250,"caption":"DemainLargentiere"},"image":{"@id":"http:\/\/demainlargentiere.fr\/#\/schema\/logo\/image\/"},"sameAs":["https:\/\/www.facebook.com\/DemainLargentiere\/"]}]}},"_links":{"self":[{"href":"https:\/\/demainlargentiere.fr\/index.php\/wp-json\/wp\/v2\/pages\/2710","targetHints":{"allow":["GET"]}}],"collection":[{"href":"https:\/\/demainlargentiere.fr\/index.php\/wp-json\/wp\/v2\/pages"}],"about":[{"href":"https:\/\/demainlargentiere.fr\/index.php\/wp-json\/wp\/v2\/types\/page"}],"author":[{"embeddable":true,"href":"https:\/\/demainlargentiere.fr\/index.php\/wp-json\/wp\/v2\/users\/2"}],"replies":[{"embeddable":true,"href":"https:\/\/demainlargentiere.fr\/index.php\/wp-json\/wp\/v2\/comments?post=2710"}],"version-history":[{"count":13,"href":"https:\/\/demainlargentiere.fr\/index.php\/wp-json\/wp\/v2\/pages\/2710\/revisions"}],"predecessor-version":[{"id":2852,"href":"https:\/\/demainlargentiere.fr\/index.php\/wp-json\/wp\/v2\/pages\/2710\/revisions\/2852"}],"wp:attachment":[{"href":"https:\/\/demainlargentiere.fr\/index.php\/wp-json\/wp\/v2\/media?parent=2710"}],"curies":[{"name":"wp","href":"https:\/\/api.w.org\/{rel}","templated":true}]}}