{"id":2739,"date":"2020-12-08T21:55:27","date_gmt":"2020-12-08T20:55:27","guid":{"rendered":"http:\/\/demainlargentiere.fr\/?page_id=2739"},"modified":"2025-02-17T14:14:04","modified_gmt":"2025-02-17T13:14:04","slug":"retranscriptions","status":"publish","type":"page","link":"https:\/\/demainlargentiere.fr\/index.php\/retranscriptions\/","title":{"rendered":"Retranscriptions"},"content":{"rendered":"\n<figure class=\"wp-block-image size-large is-resized\"><img loading=\"lazy\" decoding=\"async\" src=\"http:\/\/demainlargentiere.fr\/wp-content\/uploads\/2020\/02\/programme.png\" alt=\"Picto campagne Demain Largenti\u00e8re\" class=\"wp-image-1131\" width=\"82\" height=\"82\" srcset=\"https:\/\/demainlargentiere.fr\/wp-content\/uploads\/2020\/02\/programme.png 417w, https:\/\/demainlargentiere.fr\/wp-content\/uploads\/2020\/02\/programme-300x300.png 300w, https:\/\/demainlargentiere.fr\/wp-content\/uploads\/2020\/02\/programme-150x150.png 150w\" sizes=\"auto, (max-width: 82px) 100vw, 82px\" \/><\/figure>\n\n\n\n<p>Retranscription partielle du <a href=\"http:\/\/demainlargentiere.fr\/index.php\/cm-du-18-novembre-2024-subventions-aux-associations\/\" target=\"_blank\" rel=\"noreferrer noopener\">CM du 18 novembre 2024<\/a><\/p>\n\n\n<div class=\"sdm_download_button_box_default\"><div class=\"sdm_download_link\"><a href=\"https:\/\/demainlargentiere.fr\/?sdm_process_download=1&download_id=5187\" class=\"sdm_download green\" title=\"Retranscription partielle du conseil du 18 novembre 2024\" >T\u00e9l\u00e9charger la retranscription partielle du CM 18.11.2024<\/a><\/div><\/div>\n\n\n\n<p>Retranscription partielle du <a href=\"http:\/\/demainlargentiere.fr\/index.php\/cm-du-16-septembre-2024-subvention-chateau-et-stade-de-la-prade\/\" target=\"_blank\" rel=\"noreferrer noopener\">CM du 16 septembre 2024<\/a><\/p>\n\n\n<div class=\"sdm_download_button_box_default\"><div class=\"sdm_download_link\"><a href=\"https:\/\/demainlargentiere.fr\/?sdm_process_download=1&download_id=5182\" class=\"sdm_download green\" title=\"Retranscription CM 16.09.2024\" >T\u00e9l\u00e9charger la retranscription partielle du CM16.09.2024<\/a><\/div><\/div>\n\n\n\n<p>Retranscription partielle du <a href=\"http:\/\/demainlargentiere.fr\/index.php\/2024\/01\/22\/cm-du-15-janvier-2024-recensement-de-la-population-et-questions-div\/\" target=\"_blank\" rel=\"noreferrer noopener\">CM du 15 janvier 2024<\/a><\/p>\n\n\n<div class=\"sdm_download_button_box_default\"><div class=\"sdm_download_link\"><a href=\"https:\/\/demainlargentiere.fr\/?sdm_process_download=1&download_id=4845\" class=\"sdm_download green\" title=\"Retranscription partielle CM du 15.01.2024\" >T\u00e9l\u00e9charger la retranscription partielle recensement<\/a><\/div><\/div>\n\n\n\n<p>Retranscription partielle 1 du <a href=\"http:\/\/&lt;p style=&quot;color: red;&quot;&gt;Erreur\u00a0! Veuillez saisir une valeur d\u2019ID avec ce code court.&lt;\/p&gt;\" target=\"_blank\" rel=\"noreferrer noopener\">CM du 27 novembre 2023<\/a><\/p>\n\n\n<div class=\"sdm_download_button_box_default\"><div class=\"sdm_download_link\"><a href=\"https:\/\/demainlargentiere.fr\/?sdm_process_download=1&download_id=4771\" class=\"sdm_download green\" title=\"Retranscription partielle CM 27.11.23 classement de parcelle ch\u00e2teau\" >T\u00e9l\u00e9charger la retranscription partielle 1<\/a><\/div><\/div>\n\n\n\n<p>Retranscription partielle 2 du <a href=\"http:\/\/&lt;p style=&quot;color: red;&quot;&gt;Erreur\u00a0! Veuillez saisir une valeur d\u2019ID avec ce code court.&lt;\/p&gt;\/\" target=\"_blank\" rel=\"noreferrer noopener\">CM du 27 novembre 2023<\/a><\/p>\n\n\n<div class=\"sdm_download_button_box_default\"><div class=\"sdm_download_link\"><a href=\"https:\/\/demainlargentiere.fr\/?sdm_process_download=1&download_id=4768\" class=\"sdm_download green\" title=\"Retranscription partielle CM 27.11.23 subvention aux associations\" >T\u00e9l\u00e9charger la retranscription partielle 2<\/a><\/div><\/div>\n\n\n\n<p>Retranscription des questions diverses du <a href=\"http:\/\/demainlargentiere.fr\/index.php\/cm-du-15-fevrier-2023-compte-administratif-2022\/\" target=\"_blank\" rel=\"noreferrer noopener\">CM du 15 mars 2023<\/a><\/p>\n\n\n<div class=\"sdm_download_button_box_default\"><div class=\"sdm_download_link\"><a href=\"https:\/\/demainlargentiere.fr\/?sdm_process_download=1&download_id=4537\" class=\"sdm_download green\" title=\"Retranscription questions diverses CM 15.03\" >T\u00e9l\u00e9charger la retranscription des questions diverses CM 15.03<\/a><\/div><\/div>\n\n\n\n<p>Retranscription des questions diverses du <a href=\"http:\/\/demainlargentiere.fr\/index.php\/2023\/03\/02\/cm-du-27-fevrier-2023-fermeture-hopital-et-association\/\" target=\"_blank\" rel=\"noreferrer noopener\">CM du 27 f\u00e9vrier 2023<\/a><\/p>\n\n\n<div class=\"sdm_download_button_box_default\"><div class=\"sdm_download_link\"><a href=\"https:\/\/demainlargentiere.fr\/?sdm_process_download=1&download_id=4533\" class=\"sdm_download green\" title=\"Retranscription questions diverses CM 27 02 2023\" >T\u00e9l\u00e9charger la retranscription des questions diverses CM 27 02 2023<\/a><\/div><\/div>\n\n\n\n<p>Retranscription partielle du<a href=\"http:\/\/demainlargentiere.fr\/index.php\/cm-du-17-octobre-2022-bilan-videoprotection-et-subvention-aux-associations\/\" target=\"_blank\" rel=\"noreferrer noopener\"> CM du 17 octobre 2022<\/a><\/p>\n\n\n<div class=\"sdm_download_button_box_default\"><div class=\"sdm_download_link\"><a href=\"https:\/\/demainlargentiere.fr\/?sdm_process_download=1&download_id=4010\" class=\"sdm_download green\" title=\"Retranscription partielle intervention conseiller financier\" >T\u00e9l\u00e9charger la retranscription partielle<\/a><\/div><\/div>\n\n\n<div class=\"sdm_download_button_box_default\"><div class=\"sdm_download_link\"><a href=\"https:\/\/demainlargentiere.fr\/?sdm_process_download=1&download_id=4050\" class=\"sdm_download green\" title=\"Retranscription partielle question div\" >T\u00e9l\u00e9charger la retranscription partielle 2<\/a><\/div><\/div>\n\n\n\n<p>Retranscription du <a href=\"http:\/\/demainlargentiere.fr\/index.php\/cm-du-31-janvier-2022-transfert-de-propriete-du-chateau\/\" target=\"_blank\" rel=\"noreferrer noopener\">CM du 31 janvier 2022<\/a><\/p>\n\n\n<div class=\"sdm_download_button_box_default\"><div class=\"sdm_download_link\"><a href=\"https:\/\/demainlargentiere.fr\/?sdm_process_download=1&download_id=3770\" class=\"sdm_download green\" title=\"Retranscription partielle 31.01.2022\" >T\u00e9l\u00e9charger la retranscription Ventre ch\u00e2teau partie 1<\/a><\/div><\/div>\n\n\n\n<p>Retranscription du<a href=\"http:\/\/demainlargentiere.fr\/index.php\/cm-du-13-decembre-2021-aides-subventions-et-reglement-interieur-du-gymnase\/\" target=\"_blank\" rel=\"noreferrer noopener\"> CM du 13 d\u00e9cembre 202<\/a>1 : en attente<\/p>\n\n\n\n<p>Retranscription du<a href=\"http:\/\/demainlargentiere.fr\/index.php\/cm-du-09-aout-2021-quelles-subventions-2021-pour-les-associations-vers-une-convention-epora-pour-lilot-st-vincent\/\" target=\"_blank\" rel=\"noreferrer noopener\"> CM du 9 ao\u00fbt 2021<\/a> : ABS pour des raisons techniques de son et <a href=\"http:\/\/demainlargentiere.fr\/index.php\/cm-du-18-octobre-2021-2-postes-parking-et-aires-de-jeux-comment-seront-construit-les-projets-de-demain\/\" target=\"_blank\" rel=\"noreferrer noopener\">CM du 18 octobre 2021<\/a> : ABS <\/p>\n\n\n\n<p>Retranscription fin du <a href=\"http:\/\/demainlargentiere.fr\/index.php\/cm-du-16-juin-2021-quelle-aide-pour-ecole-prive-pour-lembauche-dun-manager-centre-bourg\/\" target=\"_blank\" rel=\"noreferrer noopener\">CM du 16 juin 2021<\/a><\/p>\n\n\n<div class=\"sdm_download_button_box_default\"><div class=\"sdm_download_link\"><a href=\"https:\/\/demainlargentiere.fr\/?sdm_process_download=1&download_id=3583\" class=\"sdm_download green\" title=\"Retranscription du CM du 16 juin 2021\" >T\u00e9l\u00e9charger la retranscription - fin CM<\/a><\/div><\/div>\n\n\n\n<p>Retranscription dans son int\u00e9gralit\u00e9 du <a href=\"http:\/\/demainlargentiere.fr\/index.php\/cm-du-16-avril-2021-quelles-orientations-quel-budget-primitif-2021\/\" target=\"_blank\" rel=\"noreferrer noopener\">CM du 16 avril 2021<\/a><\/p>\n\n\n<div class=\"sdm_download_button_box_default\"><div class=\"sdm_download_link\"><a href=\"https:\/\/demainlargentiere.fr\/?sdm_process_download=1&download_id=3402\" class=\"sdm_download green\" title=\"Retranscription du CM du 16 avril 2021\" >T\u00e9l\u00e9charger la retranscription<\/a><\/div><\/div>\n\n\n\n<p>Retranscription dans son int\u00e9gralit\u00e9 du <a href=\"http:\/\/demainlargentiere.fr\/index.php\/cm-du-30-mars-2021-quels-ont-ete-les-recettes-et-depenses-2020\/\" target=\"_blank\" rel=\"noreferrer noopener\">CM du 30 mars 2021<\/a><\/p>\n\n\n\n<p>En cours<\/p>\n\n\n\n<p>Retranscription dans son int\u00e9gralit\u00e9 du <a href=\"http:\/\/demainlargentiere.fr\/index.php\/cm-du-01-mars-2021-des-bonnes-resolutions-pour-la-majorite\/\" target=\"_blank\" rel=\"noreferrer noopener\">CM du 1er mars 2021<\/a><\/p>\n\n\n<div class=\"sdm_download_button_box_default\"><div class=\"sdm_download_link\"><a href=\"https:\/\/demainlargentiere.fr\/?sdm_process_download=1&download_id=3143\" class=\"sdm_download green\" title=\"Retranscription CM 1er mars 2021\" target=&quot;_blank&quot;>T\u00e9l\u00e9charger la retranscription<\/a><\/div><\/div>\n\n\n\n<p>Retranscription dans son int\u00e9gralit\u00e9 du <a href=\"http:\/\/demainlargentiere.fr\/index.php\/cm-du-09-decembre-2020-quel-reglement-interieur-pour-le-fonctionnement-du-conseil\/\" target=\"_blank\" rel=\"noreferrer noopener\">CM du 9 d\u00e9cembre 2020<\/a><\/p>\n\n\n<div class=\"sdm_download_button_box_default\"><div class=\"sdm_download_link\"><a href=\"https:\/\/demainlargentiere.fr\/?sdm_process_download=1&download_id=2802\" class=\"sdm_download green\" title=\"Retranscription du 09 d\u00e9cembre\" target=&quot;_blank&quot;>T\u00e9l\u00e9charger la retranscription<\/a><\/div><\/div>\n\n\n\n<p>Retranscription partielle du <a rel=\"noreferrer noopener\" href=\"http:\/\/demainlargentiere.fr\/index.php\/cm-du-21-octobre-2020-question-irregularite-huis-clos-et-divers-sujets\/\" target=\"_blank\">CM du 21 octobre 2020<\/a><\/p>\n\n\n<div class=\"sdm_download_button_box_default\"><div class=\"sdm_download_link\"><a href=\"https:\/\/demainlargentiere.fr\/?sdm_process_download=1&download_id=2799\" class=\"sdm_download green\" title=\"Retranscription du 21 octobre\" target=&quot;_blank&quot;>T\u00e9l\u00e9charger la retranscription<\/a><\/div><\/div>\n\n\n\n<p>Compilation des retranscriptions sur les <a href=\"http:\/\/demainlargentiere.fr\/index.php\/2020\/10\/17\/prochain-conseil-municipal-du-21-10-un-huis-clos-irregulier-un-manquement-aux-imperatifs-democratiques-des-plus-elementaires\/\" target=\"_blank\" rel=\"noreferrer noopener\">CM \u00e0 huis clos &#8211; irr\u00e9gularit\u00e9 du CM du 21 octobre 2020<\/a><\/p>\n\n\n<div class=\"sdm_download_button_box_default\"><div class=\"sdm_download_link\"><a href=\"https:\/\/demainlargentiere.fr\/?sdm_process_download=1&download_id=2748\" class=\"sdm_download green\" title=\"Compilation Retranscriptions sur la question des huis clos\" target=&quot;_blank&quot;>T\u00e9l\u00e9charger les retranscriptions sur le huis clos<\/a><\/div><\/div>\n\n\n\n<p>Retranscription partielle du <a href=\"http:\/\/demainlargentiere.fr\/index.php\/cm-du-27-juillet-2020\/\">CM du 27 juillet 2020<\/a><\/p>\n\n\n<div class=\"sdm_download_button_box_default\"><div class=\"sdm_download_link\"><a href=\"https:\/\/demainlargentiere.fr\/?sdm_process_download=1&download_id=2824\" class=\"sdm_download green\" title=\"Retranscription partielle 27.07.2020\" target=&quot;_blank&quot;>T\u00e9l\u00e9charger la retranscription<\/a><\/div><\/div>\n\n\n\n<p>Retranscription <em>en cours<\/em> du <a rel=\"noreferrer noopener\" href=\"http:\/\/demainlargentiere.fr\/index.php\/cm-du-20-juillet-2020\/\" target=\"_blank\">CM du 20 juillet 2020<\/a><\/p>\n\n\n\n<p>Retranscription partielle du <a rel=\"noreferrer noopener\" href=\"http:\/\/demainlargentiere.fr\/index.php\/cm-du-10-juillet-2020-quels-delegues-pour-les-elections-des-senateurs\/\" target=\"_blank\">CM du 10 juillet 2020<\/a><\/p>\n\n\n<div class=\"sdm_download_button_box_default\"><div class=\"sdm_download_link\"><a href=\"https:\/\/demainlargentiere.fr\/?sdm_process_download=1&download_id=2795\" class=\"sdm_download green\" title=\"Retranscription 10 juillet\" target=&quot;_blank&quot;>T\u00e9l\u00e9charger la retranscription<\/a><\/div><\/div>\n\n\n\n<p>Retranscription partielle du <a rel=\"noreferrer noopener\" href=\"http:\/\/demainlargentiere.fr\/index.php\/conseil-municipal-25-juin-2020\/\" target=\"_blank\">CM du 3 juillet 2020<\/a><\/p>\n\n\n<div class=\"sdm_download_button_box_default\"><div class=\"sdm_download_link\"><a href=\"https:\/\/demainlargentiere.fr\/?sdm_process_download=1&download_id=2280\" class=\"sdm_download green\" title=\"Retranscription du CM du 3 juillet 2020\" target=&quot;_blank&quot;>T\u00e9l\u00e9charger la retranscription<\/a><\/div><\/div>\n\n\n\n<p>Retranscription dans son int\u00e9gralit\u00e9 du <a href=\"http:\/\/demainlargentiere.fr\/index.php\/conseil-municipal-16-juin-2020\/\" target=\"_blank\" rel=\"noreferrer noopener\">CM du 16 juin 2020<\/a><\/p>\n\n\n<div class=\"sdm_download_button_box_default\"><div class=\"sdm_download_link\"><a href=\"https:\/\/demainlargentiere.fr\/?sdm_process_download=1&download_id=2791\" class=\"sdm_download green\" title=\"Retranscription 16 juin\" target=&quot;_blank&quot;>T\u00e9l\u00e9charger la retranscription<\/a><\/div><\/div>\n\n\n\n<p>Retranscription dans son int\u00e9gralit\u00e9 du <a rel=\"noreferrer noopener\" href=\"http:\/\/demainlargentiere.fr\/index.php\/le-premier-conseil-municipal-dinstallation-25-mai-2020\/\" target=\"_blank\">CM du 25 mai 2020<\/a><\/p>\n\n\n<div class=\"sdm_download_button_box_default\"><div class=\"sdm_download_link\"><a href=\"https:\/\/demainlargentiere.fr\/?sdm_process_download=1&download_id=2100\" class=\"sdm_download green\" title=\"Retranscription conseil-municipal-dinstallation-25-mai-2020\" target=&quot;_blank&quot;>T\u00e9l\u00e9charger la retranscription<\/a><\/div><\/div>\n\n\n\n<!-- PAGE VISITS COUNTER - LIGHT -->\n<div id=\"strcpv-page-counter\">N\/A<\/div>\n<style>\n#strcpv-page-counter {\ntext-align: right;\n}\n#strcpv-page-counter p {\ndisplay: inline-block !important;\npadding-top: 0 !important;\npadding-bottom: 0 !important;\npadding-left: 5px !important;\npadding-right: 1px !important;\nletter-spacing: 5px !important;\nbackground-color: #d8d8d8 !important;\ncolor: #333333 !important;\nborder-radius: 4px !important;\nfont-weight: bold !important;\nfont-size: 12px !important;\n}\n<\/style>\n","protected":false},"excerpt":{"rendered":"<p>Retranscription partielle du CM du 18 novembre 2024 Retranscription partielle du CM du 16 septembre 2024 Retranscription partielle du CM du 15 janvier 2024 Retranscription partielle 1 du CM du 27 novembre 2023 Retranscription partielle 2 du CM du 27 novembre 2023 Retranscription des questions diverses du CM du 15 mars 2023 Retranscription des questions &hellip; <\/p>\n<p class=\"link-more\"><a href=\"https:\/\/demainlargentiere.fr\/index.php\/retranscriptions\/\" class=\"more-link\">Continuer la lecture <span class=\"screen-reader-text\"> \u00ab\u00a0Retranscriptions\u00a0\u00bb<\/span><\/a><\/p>\n","protected":false},"author":2,"featured_media":0,"parent":0,"menu_order":0,"comment_status":"closed","ping_status":"closed","template":"","meta":{"ngg_post_thumbnail":0,"footnotes":""},"class_list":["post-2739","page","type-page","status-publish","hentry","entry"],"yoast_head":"<!-- This site is optimized with the Yoast SEO plugin v27.4 - https:\/\/yoast.com\/product\/yoast-seo-wordpress\/ -->\n<title>Retranscriptions - Demain LARGENTIERE !<\/title>\n<meta name=\"robots\" content=\"index, follow, max-snippet:-1, max-image-preview:large, max-video-preview:-1\" \/>\n<link rel=\"canonical\" href=\"https:\/\/demainlargentiere.fr\/index.php\/retranscriptions\/\" \/>\n<meta property=\"og:locale\" content=\"fr_FR\" \/>\n<meta property=\"og:type\" content=\"article\" \/>\n<meta property=\"og:title\" content=\"Retranscriptions - Demain LARGENTIERE !\" \/>\n<meta property=\"og:description\" content=\"Retranscription partielle du CM du 18 novembre 2024 Retranscription partielle du CM du 16 septembre 2024 Retranscription partielle du CM du 15 janvier 2024 Retranscription partielle 1 du CM du 27 novembre 2023 Retranscription partielle 2 du CM du 27 novembre 2023 Retranscription des questions diverses du CM du 15 mars 2023 Retranscription des questions &hellip; Continuer la lecture \u00ab\u00a0Retranscriptions\u00a0\u00bb\" \/>\n<meta property=\"og:url\" content=\"https:\/\/demainlargentiere.fr\/index.php\/retranscriptions\/\" \/>\n<meta property=\"og:site_name\" content=\"Demain LARGENTIERE !\" \/>\n<meta property=\"article:publisher\" content=\"https:\/\/www.facebook.com\/DemainLargentiere\/\" \/>\n<meta property=\"article:modified_time\" content=\"2025-02-17T13:14:04+00:00\" \/>\n<meta property=\"og:image\" content=\"http:\/\/demainlargentiere.fr\/wp-content\/uploads\/2020\/02\/programme.png\" \/>\n<meta name=\"twitter:card\" content=\"summary_large_image\" \/>\n<meta name=\"twitter:label1\" content=\"Dur\u00e9e de lecture estim\u00e9e\" \/>\n\t<meta name=\"twitter:data1\" content=\"2 minutes\" \/>\n<script type=\"application\/ld+json\" class=\"yoast-schema-graph\">{\"@context\":\"https:\\\/\\\/schema.org\",\"@graph\":[{\"@type\":\"WebPage\",\"@id\":\"https:\\\/\\\/demainlargentiere.fr\\\/index.php\\\/retranscriptions\\\/\",\"url\":\"https:\\\/\\\/demainlargentiere.fr\\\/index.php\\\/retranscriptions\\\/\",\"name\":\"Retranscriptions - Demain LARGENTIERE !\",\"isPartOf\":{\"@id\":\"http:\\\/\\\/demainlargentiere.fr\\\/#website\"},\"primaryImageOfPage\":{\"@id\":\"https:\\\/\\\/demainlargentiere.fr\\\/index.php\\\/retranscriptions\\\/#primaryimage\"},\"image\":{\"@id\":\"https:\\\/\\\/demainlargentiere.fr\\\/index.php\\\/retranscriptions\\\/#primaryimage\"},\"thumbnailUrl\":\"http:\\\/\\\/demainlargentiere.fr\\\/wp-content\\\/uploads\\\/2020\\\/02\\\/programme.png\",\"datePublished\":\"2020-12-08T20:55:27+00:00\",\"dateModified\":\"2025-02-17T13:14:04+00:00\",\"breadcrumb\":{\"@id\":\"https:\\\/\\\/demainlargentiere.fr\\\/index.php\\\/retranscriptions\\\/#breadcrumb\"},\"inLanguage\":\"fr-FR\",\"potentialAction\":[{\"@type\":\"ReadAction\",\"target\":[\"https:\\\/\\\/demainlargentiere.fr\\\/index.php\\\/retranscriptions\\\/\"]}]},{\"@type\":\"ImageObject\",\"inLanguage\":\"fr-FR\",\"@id\":\"https:\\\/\\\/demainlargentiere.fr\\\/index.php\\\/retranscriptions\\\/#primaryimage\",\"url\":\"https:\\\/\\\/demainlargentiere.fr\\\/wp-content\\\/uploads\\\/2020\\\/02\\\/programme.png\",\"contentUrl\":\"https:\\\/\\\/demainlargentiere.fr\\\/wp-content\\\/uploads\\\/2020\\\/02\\\/programme.png\",\"width\":417,\"height\":417,\"caption\":\"Picto campagne Demain Largenti\u00e8re\"},{\"@type\":\"BreadcrumbList\",\"@id\":\"https:\\\/\\\/demainlargentiere.fr\\\/index.php\\\/retranscriptions\\\/#breadcrumb\",\"itemListElement\":[{\"@type\":\"ListItem\",\"position\":1,\"name\":\"Accueil\",\"item\":\"https:\\\/\\\/demainlargentiere.fr\\\/\"},{\"@type\":\"ListItem\",\"position\":2,\"name\":\"Retranscriptions\"}]},{\"@type\":\"WebSite\",\"@id\":\"http:\\\/\\\/demainlargentiere.fr\\\/#website\",\"url\":\"http:\\\/\\\/demainlargentiere.fr\\\/\",\"name\":\"Demain LARGENTIERE !\",\"description\":\"Ensemble, cr\u00e9ons demain.\",\"publisher\":{\"@id\":\"http:\\\/\\\/demainlargentiere.fr\\\/#organization\"},\"potentialAction\":[{\"@type\":\"SearchAction\",\"target\":{\"@type\":\"EntryPoint\",\"urlTemplate\":\"http:\\\/\\\/demainlargentiere.fr\\\/?s={search_term_string}\"},\"query-input\":{\"@type\":\"PropertyValueSpecification\",\"valueRequired\":true,\"valueName\":\"search_term_string\"}}],\"inLanguage\":\"fr-FR\"},{\"@type\":\"Organization\",\"@id\":\"http:\\\/\\\/demainlargentiere.fr\\\/#organization\",\"name\":\"DemainLargentiere\",\"url\":\"http:\\\/\\\/demainlargentiere.fr\\\/\",\"logo\":{\"@type\":\"ImageObject\",\"inLanguage\":\"fr-FR\",\"@id\":\"http:\\\/\\\/demainlargentiere.fr\\\/#\\\/schema\\\/logo\\\/image\\\/\",\"url\":\"http:\\\/\\\/demainlargentiere.fr\\\/wp-content\\\/uploads\\\/2020\\\/02\\\/logo-250x250-1.png\",\"contentUrl\":\"http:\\\/\\\/demainlargentiere.fr\\\/wp-content\\\/uploads\\\/2020\\\/02\\\/logo-250x250-1.png\",\"width\":250,\"height\":250,\"caption\":\"DemainLargentiere\"},\"image\":{\"@id\":\"http:\\\/\\\/demainlargentiere.fr\\\/#\\\/schema\\\/logo\\\/image\\\/\"},\"sameAs\":[\"https:\\\/\\\/www.facebook.com\\\/DemainLargentiere\\\/\"]}]}<\/script>\n<!-- \/ Yoast SEO plugin. -->","yoast_head_json":{"title":"Retranscriptions - Demain LARGENTIERE !","robots":{"index":"index","follow":"follow","max-snippet":"max-snippet:-1","max-image-preview":"max-image-preview:large","max-video-preview":"max-video-preview:-1"},"canonical":"https:\/\/demainlargentiere.fr\/index.php\/retranscriptions\/","og_locale":"fr_FR","og_type":"article","og_title":"Retranscriptions - Demain LARGENTIERE !","og_description":"Retranscription partielle du CM du 18 novembre 2024 Retranscription partielle du CM du 16 septembre 2024 Retranscription partielle du CM du 15 janvier 2024 Retranscription partielle 1 du CM du 27 novembre 2023 Retranscription partielle 2 du CM du 27 novembre 2023 Retranscription des questions diverses du CM du 15 mars 2023 Retranscription des questions &hellip; Continuer la lecture \u00ab\u00a0Retranscriptions\u00a0\u00bb","og_url":"https:\/\/demainlargentiere.fr\/index.php\/retranscriptions\/","og_site_name":"Demain LARGENTIERE !","article_publisher":"https:\/\/www.facebook.com\/DemainLargentiere\/","article_modified_time":"2025-02-17T13:14:04+00:00","og_image":[{"url":"http:\/\/demainlargentiere.fr\/wp-content\/uploads\/2020\/02\/programme.png","type":"","width":"","height":""}],"twitter_card":"summary_large_image","twitter_misc":{"Dur\u00e9e de lecture estim\u00e9e":"2 minutes"},"schema":{"@context":"https:\/\/schema.org","@graph":[{"@type":"WebPage","@id":"https:\/\/demainlargentiere.fr\/index.php\/retranscriptions\/","url":"https:\/\/demainlargentiere.fr\/index.php\/retranscriptions\/","name":"Retranscriptions - Demain LARGENTIERE !","isPartOf":{"@id":"http:\/\/demainlargentiere.fr\/#website"},"primaryImageOfPage":{"@id":"https:\/\/demainlargentiere.fr\/index.php\/retranscriptions\/#primaryimage"},"image":{"@id":"https:\/\/demainlargentiere.fr\/index.php\/retranscriptions\/#primaryimage"},"thumbnailUrl":"http:\/\/demainlargentiere.fr\/wp-content\/uploads\/2020\/02\/programme.png","datePublished":"2020-12-08T20:55:27+00:00","dateModified":"2025-02-17T13:14:04+00:00","breadcrumb":{"@id":"https:\/\/demainlargentiere.fr\/index.php\/retranscriptions\/#breadcrumb"},"inLanguage":"fr-FR","potentialAction":[{"@type":"ReadAction","target":["https:\/\/demainlargentiere.fr\/index.php\/retranscriptions\/"]}]},{"@type":"ImageObject","inLanguage":"fr-FR","@id":"https:\/\/demainlargentiere.fr\/index.php\/retranscriptions\/#primaryimage","url":"https:\/\/demainlargentiere.fr\/wp-content\/uploads\/2020\/02\/programme.png","contentUrl":"https:\/\/demainlargentiere.fr\/wp-content\/uploads\/2020\/02\/programme.png","width":417,"height":417,"caption":"Picto campagne Demain Largenti\u00e8re"},{"@type":"BreadcrumbList","@id":"https:\/\/demainlargentiere.fr\/index.php\/retranscriptions\/#breadcrumb","itemListElement":[{"@type":"ListItem","position":1,"name":"Accueil","item":"https:\/\/demainlargentiere.fr\/"},{"@type":"ListItem","position":2,"name":"Retranscriptions"}]},{"@type":"WebSite","@id":"http:\/\/demainlargentiere.fr\/#website","url":"http:\/\/demainlargentiere.fr\/","name":"Demain LARGENTIERE !","description":"Ensemble, cr\u00e9ons demain.","publisher":{"@id":"http:\/\/demainlargentiere.fr\/#organization"},"potentialAction":[{"@type":"SearchAction","target":{"@type":"EntryPoint","urlTemplate":"http:\/\/demainlargentiere.fr\/?s={search_term_string}"},"query-input":{"@type":"PropertyValueSpecification","valueRequired":true,"valueName":"search_term_string"}}],"inLanguage":"fr-FR"},{"@type":"Organization","@id":"http:\/\/demainlargentiere.fr\/#organization","name":"DemainLargentiere","url":"http:\/\/demainlargentiere.fr\/","logo":{"@type":"ImageObject","inLanguage":"fr-FR","@id":"http:\/\/demainlargentiere.fr\/#\/schema\/logo\/image\/","url":"http:\/\/demainlargentiere.fr\/wp-content\/uploads\/2020\/02\/logo-250x250-1.png","contentUrl":"http:\/\/demainlargentiere.fr\/wp-content\/uploads\/2020\/02\/logo-250x250-1.png","width":250,"height":250,"caption":"DemainLargentiere"},"image":{"@id":"http:\/\/demainlargentiere.fr\/#\/schema\/logo\/image\/"},"sameAs":["https:\/\/www.facebook.com\/DemainLargentiere\/"]}]}},"_links":{"self":[{"href":"https:\/\/demainlargentiere.fr\/index.php\/wp-json\/wp\/v2\/pages\/2739","targetHints":{"allow":["GET"]}}],"collection":[{"href":"https:\/\/demainlargentiere.fr\/index.php\/wp-json\/wp\/v2\/pages"}],"about":[{"href":"https:\/\/demainlargentiere.fr\/index.php\/wp-json\/wp\/v2\/types\/page"}],"author":[{"embeddable":true,"href":"https:\/\/demainlargentiere.fr\/index.php\/wp-json\/wp\/v2\/users\/2"}],"replies":[{"embeddable":true,"href":"https:\/\/demainlargentiere.fr\/index.php\/wp-json\/wp\/v2\/comments?post=2739"}],"version-history":[{"count":24,"href":"https:\/\/demainlargentiere.fr\/index.php\/wp-json\/wp\/v2\/pages\/2739\/revisions"}],"predecessor-version":[{"id":5190,"href":"https:\/\/demainlargentiere.fr\/index.php\/wp-json\/wp\/v2\/pages\/2739\/revisions\/5190"}],"wp:attachment":[{"href":"https:\/\/demainlargentiere.fr\/index.php\/wp-json\/wp\/v2\/media?parent=2739"}],"curies":[{"name":"wp","href":"https:\/\/api.w.org\/{rel}","templated":true}]}}