{"id":3245,"date":"2021-03-27T17:06:17","date_gmt":"2021-03-27T16:06:17","guid":{"rendered":"http:\/\/demainlargentiere.fr\/?page_id=3245"},"modified":"2021-04-08T13:05:41","modified_gmt":"2021-04-08T11:05:41","slug":"cm-du-30-mars-2021-quels-ont-ete-les-recettes-et-depenses-2020","status":"publish","type":"page","link":"https:\/\/demainlargentiere.fr\/index.php\/cm-du-30-mars-2021-quels-ont-ete-les-recettes-et-depenses-2020\/","title":{"rendered":"CM du 30 mars 2021 : quels ont \u00e9t\u00e9 les recettes et d\u00e9penses 2020 ?"},"content":{"rendered":"\n<figure class=\"wp-block-image size-large is-resized\"><img loading=\"lazy\" decoding=\"async\" src=\"http:\/\/demainlargentiere.fr\/wp-content\/uploads\/2021\/03\/20210324165035229.pdf-Adobe-Acrobat-Pro.jpg\" alt=\"\" class=\"wp-image-3248\" width=\"400\" height=\"582\" srcset=\"https:\/\/demainlargentiere.fr\/wp-content\/uploads\/2021\/03\/20210324165035229.pdf-Adobe-Acrobat-Pro.jpg 600w, https:\/\/demainlargentiere.fr\/wp-content\/uploads\/2021\/03\/20210324165035229.pdf-Adobe-Acrobat-Pro-206x300.jpg 206w\" sizes=\"auto, (max-width: 400px) 100vw, 400px\" \/><\/figure>\n\n\n\n<p>Le <strong>compte administratif&nbsp;<\/strong>d&rsquo;une collectivit\u00e9 est un&nbsp;document \u00e9labor\u00e9 et&nbsp;pr\u00e9sent\u00e9 par le Maire au conseil municipal pour approbation. Celui-ci reprend toutes les recettes et d\u00e9penses sur chaque section (fonctionnement et investissement) de l&rsquo;ann\u00e9e \u00e9coul\u00e9e et certifie de la bonne application du budget primitif et des budgets rectificatifs.<\/p>\n\n\n\n<p>Ce document est pr\u00e9sent\u00e9 et vot\u00e9 une fois par an par le Conseil municipal au mois de mars.<\/p>\n\n\n\n<p>Le <strong>compte de gestion&nbsp;<\/strong>est quant \u00e0 lui un document \u00e9labor\u00e9 par la DGFIP (Direction g\u00e9n\u00e9rale des finances publiques) qui <strong>retrace l&rsquo;ensemble des op\u00e9rations budg\u00e9taires <\/strong>en d\u00e9penses et en recettes pour l&rsquo;ann\u00e9e \u00e9coul\u00e9e. Il est soumis \u00e0 approbation du conseil municipal qui peut ainsi constater la stricte concordance de celui-ci avec le <strong>compte administratif<\/strong> pr\u00e9sent\u00e9 par le Maire.<\/p>\n\n\n\n<h4 class=\"wp-block-heading\">Nos prises de parole<img loading=\"lazy\" decoding=\"async\" width=\"40\" height=\"40\" class=\"wp-image-1132\" style=\"width: 40px;\" src=\"http:\/\/demainlargentiere.fr\/wp-content\/uploads\/2020\/02\/rencontre.png\" alt=\"Picto rencontre Largenti\u00e8re\" srcset=\"https:\/\/demainlargentiere.fr\/wp-content\/uploads\/2020\/02\/rencontre.png 418w, https:\/\/demainlargentiere.fr\/wp-content\/uploads\/2020\/02\/rencontre-300x300.png 300w, https:\/\/demainlargentiere.fr\/wp-content\/uploads\/2020\/02\/rencontre-150x150.png 150w\" sizes=\"auto, (max-width: 40px) 100vw, 40px\" \/><\/h4>\n\n\n\n<p>COMPTE ADMINISTRATIF : Jean-Phillipe Smadja a pos\u00e9 plusieurs questions \u00e9claircissement  \u00e0 Thierry Toulouse, d\u00e9l\u00e9gu\u00e9 aux finances, qui a pr\u00e9sent\u00e9 les principales variations de l&rsquo;exercice 2020.<\/p>\n\n\n\n<p>AFFECTATION DU R\u00c9SULTAT : Bruno Descombe souligne que l&rsquo;on regrette que le r\u00e9sultat ne soit pas affect\u00e9 plus au fonctionnement pour augmenter les aides et accompagnements sociaux (comme le CCAS, poste d&rsquo;\u00e9ducateur de rue, etc.)<\/p>\n\n\n\n<p>NON-RESPECT DE LA L\u00c9GALIT\u00c9 : Mil\u00e8ne Villard signale le non-respect de l&rsquo;obligation de diffusion en direct des d\u00e9bats du conseil lorsqu&rsquo;il est tenu sans public et le non-respect des droits des \u00e9lus d&rsquo;opposition dans tous les supports de communication de la commune.<\/p>\n\n\n\n<p>S\u00c9CURISATION DU CROISEMENT DE TAURIER : Claudine Fournet c&rsquo;est fait relais de la parole d&rsquo;un habitant pour demander la s\u00e9curisation du croisement de Taurier.<\/p>\n\n\n\n<h4 class=\"wp-block-heading\">Les votes <img loading=\"lazy\" decoding=\"async\" width=\"40\" height=\"40\" class=\"wp-image-1130\" style=\"width: 40px;\" src=\"http:\/\/demainlargentiere.fr\/wp-content\/uploads\/2020\/02\/kit-campagne.png\" alt=\"Picto vote Largenti\u00e8re\" srcset=\"https:\/\/demainlargentiere.fr\/wp-content\/uploads\/2020\/02\/kit-campagne.png 418w, https:\/\/demainlargentiere.fr\/wp-content\/uploads\/2020\/02\/kit-campagne-300x300.png 300w, https:\/\/demainlargentiere.fr\/wp-content\/uploads\/2020\/02\/kit-campagne-150x150.png 150w\" sizes=\"auto, (max-width: 40px) 100vw, 40px\" \/><\/h4>\n\n\n\n<p>Les postes de deuxi\u00e8me adjoint et de d\u00e9l\u00e9gu\u00e9 au Val de Ligne sont confi\u00e9s \u00e0 Andr\u00e9 Paul \u00e0 : 13 voix en faveur d&rsquo;Andr\u00e9 Paul, 1 voix pour Nathalie Porquet, 1 pour Bernard Lacroix et 3 blancs. <\/p>\n\n\n\n<p>Bernard Lacroix devient d\u00e9l\u00e9gu\u00e9 urbanisme, travaux et direction des services techniques et Huguette Anjolras devient titulaire \u00e0 la commission d&rsquo;appel d&rsquo;offres.<\/p>\n\n\n\n<p>Compte Administratif : adopt\u00e9 \u00e0 l\u2019unanimit\u00e9<\/p>\n\n\n\n<p>Proposition de r\u00e9affectation du r\u00e9sultat : 15 voix pour, 3 abstentions et 1 contre.<\/p>\n\n\n\n<h4 class=\"wp-block-heading\">Retranscription du CM <img loading=\"lazy\" decoding=\"async\" width=\"40\" height=\"40\" class=\"wp-image-1131\" style=\"width: 40px;\" src=\"http:\/\/demainlargentiere.fr\/wp-content\/uploads\/2020\/02\/programme.png\" alt=\"Picto campagne Demain Largenti\u00e8re\" srcset=\"https:\/\/demainlargentiere.fr\/wp-content\/uploads\/2020\/02\/programme.png 417w, https:\/\/demainlargentiere.fr\/wp-content\/uploads\/2020\/02\/programme-300x300.png 300w, https:\/\/demainlargentiere.fr\/wp-content\/uploads\/2020\/02\/programme-150x150.png 150w\" sizes=\"auto, (max-width: 40px) 100vw, 40px\" \/><\/h4>\n\n\n\n<p>En cours<\/p>\n\n\n\n<h4 class=\"wp-block-heading\">Podcast du CM <img loading=\"lazy\" decoding=\"async\" width=\"40\" height=\"40\" class=\"wp-image-1128\" style=\"width: 40px;\" src=\"http:\/\/demainlargentiere.fr\/wp-content\/uploads\/2020\/02\/conference.png\" alt=\"Picto conf \u00e9lection\" srcset=\"https:\/\/demainlargentiere.fr\/wp-content\/uploads\/2020\/02\/conference.png 417w, https:\/\/demainlargentiere.fr\/wp-content\/uploads\/2020\/02\/conference-300x300.png 300w, https:\/\/demainlargentiere.fr\/wp-content\/uploads\/2020\/02\/conference-150x150.png 150w\" sizes=\"auto, (max-width: 40px) 100vw, 40px\" \/><\/h4>\n\n\n\n<figure class=\"wp-block-audio\"><audio controls src=\"http:\/\/demainlargentiere.fr\/wp-content\/uploads\/2021\/04\/10-conseil-muni-30-03-21-3-PART-1.mp3\"><\/audio><\/figure>\n\n\n\n<figure class=\"wp-block-audio\"><audio controls src=\"http:\/\/demainlargentiere.fr\/wp-content\/uploads\/2021\/04\/10-conseil-muni-30-03-21-3-PART-2.mp3\"><\/audio><\/figure>\n\n\n\n<h4 class=\"wp-block-heading\">Retour Presse Extrait<\/h4>\n\n\n\n<figure class=\"wp-block-gallery columns-2 is-cropped wp-block-gallery-1 is-layout-flex wp-block-gallery-is-layout-flex\"><ul class=\"blocks-gallery-grid\"><li class=\"blocks-gallery-item\"><figure><img loading=\"lazy\" decoding=\"async\" width=\"779\" height=\"1024\" src=\"http:\/\/demainlargentiere.fr\/wp-content\/uploads\/2021\/04\/Article-Tribune-CM-30.03.21-779x1024.jpg\" alt=\"\" data-id=\"3286\" data-full-url=\"http:\/\/demainlargentiere.fr\/wp-content\/uploads\/2021\/04\/Article-Tribune-CM-30.03.21.jpg\" data-link=\"http:\/\/demainlargentiere.fr\/index.php\/cm-du-30-mars-2021-quels-ont-ete-les-recettes-et-depenses-2020\/article-tribune-cm-30-03-21\/\" class=\"wp-image-3286\" srcset=\"https:\/\/demainlargentiere.fr\/wp-content\/uploads\/2021\/04\/Article-Tribune-CM-30.03.21-779x1024.jpg 779w, https:\/\/demainlargentiere.fr\/wp-content\/uploads\/2021\/04\/Article-Tribune-CM-30.03.21-228x300.jpg 228w, https:\/\/demainlargentiere.fr\/wp-content\/uploads\/2021\/04\/Article-Tribune-CM-30.03.21-768x1010.jpg 768w, https:\/\/demainlargentiere.fr\/wp-content\/uploads\/2021\/04\/Article-Tribune-CM-30.03.21-1168x1536.jpg 1168w, https:\/\/demainlargentiere.fr\/wp-content\/uploads\/2021\/04\/Article-Tribune-CM-30.03.21-1558x2048.jpg 1558w, https:\/\/demainlargentiere.fr\/wp-content\/uploads\/2021\/04\/Article-Tribune-CM-30.03.21.jpg 1566w\" sizes=\"auto, (max-width: 779px) 100vw, 779px\" \/><figcaption class=\"blocks-gallery-item__caption\">La Tribune du 08.04.2021<\/figcaption><\/figure><\/li><li class=\"blocks-gallery-item\"><figure><img loading=\"lazy\" decoding=\"async\" width=\"612\" height=\"411\" src=\"http:\/\/demainlargentiere.fr\/wp-content\/uploads\/2021\/04\/Photos.jpg\" alt=\"\" data-id=\"3270\" data-full-url=\"http:\/\/demainlargentiere.fr\/wp-content\/uploads\/2021\/04\/Photos.jpg\" data-link=\"http:\/\/demainlargentiere.fr\/index.php\/cm-du-30-mars-2021-quels-ont-ete-les-recettes-et-depenses-2020\/photos\/\" class=\"wp-image-3270\" srcset=\"https:\/\/demainlargentiere.fr\/wp-content\/uploads\/2021\/04\/Photos.jpg 612w, https:\/\/demainlargentiere.fr\/wp-content\/uploads\/2021\/04\/Photos-300x201.jpg 300w\" sizes=\"auto, (max-width: 612px) 100vw, 612px\" \/><figcaption class=\"blocks-gallery-item__caption\">Le Dauphin\u00e9 du 02.04.2021<\/figcaption><\/figure><\/li><\/ul><\/figure>\n\n\n\n<p>Lire les articles dans leur int\u00e9gralit\u00e9 sur <a rel=\"noreferrer noopener\" href=\"https:\/\/www.ledauphine.com\/ardeche\" target=\"_blank\">Le Dauphin\u00e9 Ard\u00e8che<\/a> et <a rel=\"noreferrer noopener\" href=\"https:\/\/www.latribune.fr\/international\/europe\/france\/ardeche\/\" target=\"_blank\">La Tribune Ard\u00e8che<\/a><\/p>\n","protected":false},"excerpt":{"rendered":"<p>Le compte administratif&nbsp;d&rsquo;une collectivit\u00e9 est un&nbsp;document \u00e9labor\u00e9 et&nbsp;pr\u00e9sent\u00e9 par le Maire au conseil municipal pour approbation. Celui-ci reprend toutes les recettes et d\u00e9penses sur chaque section (fonctionnement et investissement) de l&rsquo;ann\u00e9e \u00e9coul\u00e9e et certifie de la bonne application du budget primitif et des budgets rectificatifs. Ce document est pr\u00e9sent\u00e9 et vot\u00e9 une fois par an &hellip; <\/p>\n<p class=\"link-more\"><a href=\"https:\/\/demainlargentiere.fr\/index.php\/cm-du-30-mars-2021-quels-ont-ete-les-recettes-et-depenses-2020\/\" class=\"more-link\">Continuer la lecture <span class=\"screen-reader-text\"> \u00ab\u00a0CM du 30 mars 2021 : quels ont \u00e9t\u00e9 les recettes et d\u00e9penses 2020 ?\u00a0\u00bb<\/span><\/a><\/p>\n","protected":false},"author":2,"featured_media":0,"parent":0,"menu_order":0,"comment_status":"closed","ping_status":"closed","template":"","meta":{"ngg_post_thumbnail":0,"footnotes":""},"class_list":["post-3245","page","type-page","status-publish","hentry","entry"],"yoast_head":"<!-- This site is optimized with the Yoast SEO plugin v27.4 - https:\/\/yoast.com\/product\/yoast-seo-wordpress\/ -->\n<title>CM du 30 mars 2021 : quels ont \u00e9t\u00e9 les recettes et d\u00e9penses 2020 ? - Demain LARGENTIERE !<\/title>\n<meta name=\"robots\" content=\"index, follow, max-snippet:-1, max-image-preview:large, max-video-preview:-1\" \/>\n<link rel=\"canonical\" href=\"https:\/\/demainlargentiere.fr\/index.php\/cm-du-30-mars-2021-quels-ont-ete-les-recettes-et-depenses-2020\/\" \/>\n<meta property=\"og:locale\" content=\"fr_FR\" \/>\n<meta property=\"og:type\" content=\"article\" \/>\n<meta property=\"og:title\" content=\"CM du 30 mars 2021 : quels ont \u00e9t\u00e9 les recettes et d\u00e9penses 2020 ? - Demain LARGENTIERE !\" \/>\n<meta property=\"og:description\" content=\"Le compte administratif&nbsp;d&rsquo;une collectivit\u00e9 est un&nbsp;document \u00e9labor\u00e9 et&nbsp;pr\u00e9sent\u00e9 par le Maire au conseil municipal pour approbation. Celui-ci reprend toutes les recettes et d\u00e9penses sur chaque section (fonctionnement et investissement) de l&rsquo;ann\u00e9e \u00e9coul\u00e9e et certifie de la bonne application du budget primitif et des budgets rectificatifs. Ce document est pr\u00e9sent\u00e9 et vot\u00e9 une fois par an &hellip; Continuer la lecture \u00ab\u00a0CM du 30 mars 2021 : quels ont \u00e9t\u00e9 les recettes et d\u00e9penses 2020 ?\u00a0\u00bb\" \/>\n<meta property=\"og:url\" content=\"https:\/\/demainlargentiere.fr\/index.php\/cm-du-30-mars-2021-quels-ont-ete-les-recettes-et-depenses-2020\/\" \/>\n<meta property=\"og:site_name\" content=\"Demain LARGENTIERE !\" \/>\n<meta property=\"article:publisher\" content=\"https:\/\/www.facebook.com\/DemainLargentiere\/\" \/>\n<meta property=\"article:modified_time\" content=\"2021-04-08T11:05:41+00:00\" \/>\n<meta property=\"og:image\" content=\"http:\/\/demainlargentiere.fr\/wp-content\/uploads\/2021\/03\/20210324165035229.pdf-Adobe-Acrobat-Pro.jpg\" \/>\n<meta name=\"twitter:card\" content=\"summary_large_image\" \/>\n<meta name=\"twitter:label1\" content=\"Dur\u00e9e de lecture estim\u00e9e\" \/>\n\t<meta name=\"twitter:data1\" content=\"3 minutes\" \/>\n<script type=\"application\/ld+json\" class=\"yoast-schema-graph\">{\"@context\":\"https:\\\/\\\/schema.org\",\"@graph\":[{\"@type\":\"WebPage\",\"@id\":\"https:\\\/\\\/demainlargentiere.fr\\\/index.php\\\/cm-du-30-mars-2021-quels-ont-ete-les-recettes-et-depenses-2020\\\/\",\"url\":\"https:\\\/\\\/demainlargentiere.fr\\\/index.php\\\/cm-du-30-mars-2021-quels-ont-ete-les-recettes-et-depenses-2020\\\/\",\"name\":\"CM du 30 mars 2021 : quels ont \u00e9t\u00e9 les recettes et d\u00e9penses 2020 ? - Demain LARGENTIERE !\",\"isPartOf\":{\"@id\":\"http:\\\/\\\/demainlargentiere.fr\\\/#website\"},\"primaryImageOfPage\":{\"@id\":\"https:\\\/\\\/demainlargentiere.fr\\\/index.php\\\/cm-du-30-mars-2021-quels-ont-ete-les-recettes-et-depenses-2020\\\/#primaryimage\"},\"image\":{\"@id\":\"https:\\\/\\\/demainlargentiere.fr\\\/index.php\\\/cm-du-30-mars-2021-quels-ont-ete-les-recettes-et-depenses-2020\\\/#primaryimage\"},\"thumbnailUrl\":\"http:\\\/\\\/demainlargentiere.fr\\\/wp-content\\\/uploads\\\/2021\\\/03\\\/20210324165035229.pdf-Adobe-Acrobat-Pro.jpg\",\"datePublished\":\"2021-03-27T16:06:17+00:00\",\"dateModified\":\"2021-04-08T11:05:41+00:00\",\"breadcrumb\":{\"@id\":\"https:\\\/\\\/demainlargentiere.fr\\\/index.php\\\/cm-du-30-mars-2021-quels-ont-ete-les-recettes-et-depenses-2020\\\/#breadcrumb\"},\"inLanguage\":\"fr-FR\",\"potentialAction\":[{\"@type\":\"ReadAction\",\"target\":[\"https:\\\/\\\/demainlargentiere.fr\\\/index.php\\\/cm-du-30-mars-2021-quels-ont-ete-les-recettes-et-depenses-2020\\\/\"]}]},{\"@type\":\"ImageObject\",\"inLanguage\":\"fr-FR\",\"@id\":\"https:\\\/\\\/demainlargentiere.fr\\\/index.php\\\/cm-du-30-mars-2021-quels-ont-ete-les-recettes-et-depenses-2020\\\/#primaryimage\",\"url\":\"https:\\\/\\\/demainlargentiere.fr\\\/wp-content\\\/uploads\\\/2021\\\/03\\\/20210324165035229.pdf-Adobe-Acrobat-Pro.jpg\",\"contentUrl\":\"https:\\\/\\\/demainlargentiere.fr\\\/wp-content\\\/uploads\\\/2021\\\/03\\\/20210324165035229.pdf-Adobe-Acrobat-Pro.jpg\",\"width\":600,\"height\":873},{\"@type\":\"BreadcrumbList\",\"@id\":\"https:\\\/\\\/demainlargentiere.fr\\\/index.php\\\/cm-du-30-mars-2021-quels-ont-ete-les-recettes-et-depenses-2020\\\/#breadcrumb\",\"itemListElement\":[{\"@type\":\"ListItem\",\"position\":1,\"name\":\"Accueil\",\"item\":\"https:\\\/\\\/demainlargentiere.fr\\\/\"},{\"@type\":\"ListItem\",\"position\":2,\"name\":\"CM du 30 mars 2021 : quels ont \u00e9t\u00e9 les recettes et d\u00e9penses 2020 ?\"}]},{\"@type\":\"WebSite\",\"@id\":\"http:\\\/\\\/demainlargentiere.fr\\\/#website\",\"url\":\"http:\\\/\\\/demainlargentiere.fr\\\/\",\"name\":\"Demain LARGENTIERE !\",\"description\":\"Ensemble, cr\u00e9ons demain.\",\"publisher\":{\"@id\":\"http:\\\/\\\/demainlargentiere.fr\\\/#organization\"},\"potentialAction\":[{\"@type\":\"SearchAction\",\"target\":{\"@type\":\"EntryPoint\",\"urlTemplate\":\"http:\\\/\\\/demainlargentiere.fr\\\/?s={search_term_string}\"},\"query-input\":{\"@type\":\"PropertyValueSpecification\",\"valueRequired\":true,\"valueName\":\"search_term_string\"}}],\"inLanguage\":\"fr-FR\"},{\"@type\":\"Organization\",\"@id\":\"http:\\\/\\\/demainlargentiere.fr\\\/#organization\",\"name\":\"DemainLargentiere\",\"url\":\"http:\\\/\\\/demainlargentiere.fr\\\/\",\"logo\":{\"@type\":\"ImageObject\",\"inLanguage\":\"fr-FR\",\"@id\":\"http:\\\/\\\/demainlargentiere.fr\\\/#\\\/schema\\\/logo\\\/image\\\/\",\"url\":\"http:\\\/\\\/demainlargentiere.fr\\\/wp-content\\\/uploads\\\/2020\\\/02\\\/logo-250x250-1.png\",\"contentUrl\":\"http:\\\/\\\/demainlargentiere.fr\\\/wp-content\\\/uploads\\\/2020\\\/02\\\/logo-250x250-1.png\",\"width\":250,\"height\":250,\"caption\":\"DemainLargentiere\"},\"image\":{\"@id\":\"http:\\\/\\\/demainlargentiere.fr\\\/#\\\/schema\\\/logo\\\/image\\\/\"},\"sameAs\":[\"https:\\\/\\\/www.facebook.com\\\/DemainLargentiere\\\/\"]}]}<\/script>\n<!-- \/ Yoast SEO plugin. -->","yoast_head_json":{"title":"CM du 30 mars 2021 : quels ont \u00e9t\u00e9 les recettes et d\u00e9penses 2020 ? - Demain LARGENTIERE !","robots":{"index":"index","follow":"follow","max-snippet":"max-snippet:-1","max-image-preview":"max-image-preview:large","max-video-preview":"max-video-preview:-1"},"canonical":"https:\/\/demainlargentiere.fr\/index.php\/cm-du-30-mars-2021-quels-ont-ete-les-recettes-et-depenses-2020\/","og_locale":"fr_FR","og_type":"article","og_title":"CM du 30 mars 2021 : quels ont \u00e9t\u00e9 les recettes et d\u00e9penses 2020 ? - Demain LARGENTIERE !","og_description":"Le compte administratif&nbsp;d&rsquo;une collectivit\u00e9 est un&nbsp;document \u00e9labor\u00e9 et&nbsp;pr\u00e9sent\u00e9 par le Maire au conseil municipal pour approbation. Celui-ci reprend toutes les recettes et d\u00e9penses sur chaque section (fonctionnement et investissement) de l&rsquo;ann\u00e9e \u00e9coul\u00e9e et certifie de la bonne application du budget primitif et des budgets rectificatifs. Ce document est pr\u00e9sent\u00e9 et vot\u00e9 une fois par an &hellip; Continuer la lecture \u00ab\u00a0CM du 30 mars 2021 : quels ont \u00e9t\u00e9 les recettes et d\u00e9penses 2020 ?\u00a0\u00bb","og_url":"https:\/\/demainlargentiere.fr\/index.php\/cm-du-30-mars-2021-quels-ont-ete-les-recettes-et-depenses-2020\/","og_site_name":"Demain LARGENTIERE !","article_publisher":"https:\/\/www.facebook.com\/DemainLargentiere\/","article_modified_time":"2021-04-08T11:05:41+00:00","og_image":[{"url":"http:\/\/demainlargentiere.fr\/wp-content\/uploads\/2021\/03\/20210324165035229.pdf-Adobe-Acrobat-Pro.jpg","type":"","width":"","height":""}],"twitter_card":"summary_large_image","twitter_misc":{"Dur\u00e9e de lecture estim\u00e9e":"3 minutes"},"schema":{"@context":"https:\/\/schema.org","@graph":[{"@type":"WebPage","@id":"https:\/\/demainlargentiere.fr\/index.php\/cm-du-30-mars-2021-quels-ont-ete-les-recettes-et-depenses-2020\/","url":"https:\/\/demainlargentiere.fr\/index.php\/cm-du-30-mars-2021-quels-ont-ete-les-recettes-et-depenses-2020\/","name":"CM du 30 mars 2021 : quels ont \u00e9t\u00e9 les recettes et d\u00e9penses 2020 ? - Demain LARGENTIERE !","isPartOf":{"@id":"http:\/\/demainlargentiere.fr\/#website"},"primaryImageOfPage":{"@id":"https:\/\/demainlargentiere.fr\/index.php\/cm-du-30-mars-2021-quels-ont-ete-les-recettes-et-depenses-2020\/#primaryimage"},"image":{"@id":"https:\/\/demainlargentiere.fr\/index.php\/cm-du-30-mars-2021-quels-ont-ete-les-recettes-et-depenses-2020\/#primaryimage"},"thumbnailUrl":"http:\/\/demainlargentiere.fr\/wp-content\/uploads\/2021\/03\/20210324165035229.pdf-Adobe-Acrobat-Pro.jpg","datePublished":"2021-03-27T16:06:17+00:00","dateModified":"2021-04-08T11:05:41+00:00","breadcrumb":{"@id":"https:\/\/demainlargentiere.fr\/index.php\/cm-du-30-mars-2021-quels-ont-ete-les-recettes-et-depenses-2020\/#breadcrumb"},"inLanguage":"fr-FR","potentialAction":[{"@type":"ReadAction","target":["https:\/\/demainlargentiere.fr\/index.php\/cm-du-30-mars-2021-quels-ont-ete-les-recettes-et-depenses-2020\/"]}]},{"@type":"ImageObject","inLanguage":"fr-FR","@id":"https:\/\/demainlargentiere.fr\/index.php\/cm-du-30-mars-2021-quels-ont-ete-les-recettes-et-depenses-2020\/#primaryimage","url":"https:\/\/demainlargentiere.fr\/wp-content\/uploads\/2021\/03\/20210324165035229.pdf-Adobe-Acrobat-Pro.jpg","contentUrl":"https:\/\/demainlargentiere.fr\/wp-content\/uploads\/2021\/03\/20210324165035229.pdf-Adobe-Acrobat-Pro.jpg","width":600,"height":873},{"@type":"BreadcrumbList","@id":"https:\/\/demainlargentiere.fr\/index.php\/cm-du-30-mars-2021-quels-ont-ete-les-recettes-et-depenses-2020\/#breadcrumb","itemListElement":[{"@type":"ListItem","position":1,"name":"Accueil","item":"https:\/\/demainlargentiere.fr\/"},{"@type":"ListItem","position":2,"name":"CM du 30 mars 2021 : quels ont \u00e9t\u00e9 les recettes et d\u00e9penses 2020 ?"}]},{"@type":"WebSite","@id":"http:\/\/demainlargentiere.fr\/#website","url":"http:\/\/demainlargentiere.fr\/","name":"Demain LARGENTIERE !","description":"Ensemble, cr\u00e9ons demain.","publisher":{"@id":"http:\/\/demainlargentiere.fr\/#organization"},"potentialAction":[{"@type":"SearchAction","target":{"@type":"EntryPoint","urlTemplate":"http:\/\/demainlargentiere.fr\/?s={search_term_string}"},"query-input":{"@type":"PropertyValueSpecification","valueRequired":true,"valueName":"search_term_string"}}],"inLanguage":"fr-FR"},{"@type":"Organization","@id":"http:\/\/demainlargentiere.fr\/#organization","name":"DemainLargentiere","url":"http:\/\/demainlargentiere.fr\/","logo":{"@type":"ImageObject","inLanguage":"fr-FR","@id":"http:\/\/demainlargentiere.fr\/#\/schema\/logo\/image\/","url":"http:\/\/demainlargentiere.fr\/wp-content\/uploads\/2020\/02\/logo-250x250-1.png","contentUrl":"http:\/\/demainlargentiere.fr\/wp-content\/uploads\/2020\/02\/logo-250x250-1.png","width":250,"height":250,"caption":"DemainLargentiere"},"image":{"@id":"http:\/\/demainlargentiere.fr\/#\/schema\/logo\/image\/"},"sameAs":["https:\/\/www.facebook.com\/DemainLargentiere\/"]}]}},"_links":{"self":[{"href":"https:\/\/demainlargentiere.fr\/index.php\/wp-json\/wp\/v2\/pages\/3245","targetHints":{"allow":["GET"]}}],"collection":[{"href":"https:\/\/demainlargentiere.fr\/index.php\/wp-json\/wp\/v2\/pages"}],"about":[{"href":"https:\/\/demainlargentiere.fr\/index.php\/wp-json\/wp\/v2\/types\/page"}],"author":[{"embeddable":true,"href":"https:\/\/demainlargentiere.fr\/index.php\/wp-json\/wp\/v2\/users\/2"}],"replies":[{"embeddable":true,"href":"https:\/\/demainlargentiere.fr\/index.php\/wp-json\/wp\/v2\/comments?post=3245"}],"version-history":[{"count":12,"href":"https:\/\/demainlargentiere.fr\/index.php\/wp-json\/wp\/v2\/pages\/3245\/revisions"}],"predecessor-version":[{"id":3290,"href":"https:\/\/demainlargentiere.fr\/index.php\/wp-json\/wp\/v2\/pages\/3245\/revisions\/3290"}],"wp:attachment":[{"href":"https:\/\/demainlargentiere.fr\/index.php\/wp-json\/wp\/v2\/media?parent=3245"}],"curies":[{"name":"wp","href":"https:\/\/api.w.org\/{rel}","templated":true}]}}