{"id":3468,"date":"2021-05-14T22:11:29","date_gmt":"2021-05-14T20:11:29","guid":{"rendered":"http:\/\/demainlargentiere.fr\/?page_id=3468"},"modified":"2021-06-07T21:52:46","modified_gmt":"2021-06-07T19:52:46","slug":"cm-du-19-mai-2021-largenitere-prochainement-sous-video-surveillance","status":"publish","type":"page","link":"https:\/\/demainlargentiere.fr\/index.php\/cm-du-19-mai-2021-largenitere-prochainement-sous-video-surveillance\/","title":{"rendered":"CM du 19 mai 2021 \u2013 Largenti\u00e8re prochainement sous vid\u00e9o surveillance ?"},"content":{"rendered":"\n<figure class=\"wp-block-image size-large is-resized\"><img loading=\"lazy\" decoding=\"async\" src=\"http:\/\/demainlargentiere.fr\/wp-content\/uploads\/2021\/05\/image0000001.jpg\" alt=\"\" class=\"wp-image-3469\" width=\"361\" height=\"452\" srcset=\"https:\/\/demainlargentiere.fr\/wp-content\/uploads\/2021\/05\/image0000001.jpg 728w, https:\/\/demainlargentiere.fr\/wp-content\/uploads\/2021\/05\/image0000001-240x300.jpg 240w\" sizes=\"auto, (max-width: 361px) 100vw, 361px\" \/><\/figure>\n\n\n\n<p>Les s\u00e9ances des conseils municipaux redeviennent publiques, heureux que les citoyen\u00b7nes puissent de nouveau avoir acc\u00e8s \u00e0 cette instance d\u00e9mocratique, 7 habitants et habitantes \u00e9taient pr\u00e9sents.<\/p>\n\n\n\n<h4 class=\"wp-block-heading\">CR et prises de paroles<img loading=\"lazy\" decoding=\"async\" width=\"40\" height=\"40\" class=\"wp-image-1132\" style=\"width: 40px;\" src=\"http:\/\/demainlargentiere.fr\/wp-content\/uploads\/2020\/02\/rencontre.png\" alt=\"Picto rencontre Largenti\u00e8re\" srcset=\"https:\/\/demainlargentiere.fr\/wp-content\/uploads\/2020\/02\/rencontre.png 418w, https:\/\/demainlargentiere.fr\/wp-content\/uploads\/2020\/02\/rencontre-300x300.png 300w, https:\/\/demainlargentiere.fr\/wp-content\/uploads\/2020\/02\/rencontre-150x150.png 150w\" sizes=\"auto, (max-width: 40px) 100vw, 40px\" \/><\/h4>\n\n\n\n<p>Nous sommes d\u00e9sol\u00e9 mais ce conseil n&rsquo;aura pas de podcast et de ce fait de retranscription, nous avons pas eu la possibilit\u00e9 d&rsquo;enregistrer, nous n&rsquo;avions pas en notre possession le micro ce jour l\u00e0&#8230;<\/p>\n\n\n\n<p><strong>1-D\u00e9cision modificative n\u00b01&nbsp;:<\/strong><\/p>\n\n\n\n<p>A la demande de la tr\u00e9sorerie<\/p>\n\n\n\n<p><strong>2-Contrat d\u2019assurance des risques statutaires&nbsp;:<\/strong><\/p>\n\n\n\n<p>Cette assurance est destin\u00e9e \u00e0 couvrir les d\u00e9penses engag\u00e9es pour l\u2019indemnisation des agents titulaires lors d\u2019un arr\u00eat maladie.<\/p>\n\n\n\n<p>Cette assurance est prise par l\u2019interm\u00e9diaire du centre de gestion de la fonction territoriale (CGFT) qui lance un appel d\u2019offre aupr\u00e8s d\u2019assureurs. Lorsque le CGFT a choisi l\u2019assureur, il propose \u00e0 la commune d\u2019adh\u00e9rer ou pas \u00e0 ce contrat.<\/p>\n\n\n\n<p><strong>3-Convention de transports scolaires R\u00e9gion\/Commune&nbsp;:<\/strong><\/p>\n\n\n\n<p>La r\u00e9gion assure le ramassage scolaire des enfants&nbsp; entre le Ginestet et&nbsp; l\u2019\u00e9cole Albin Mazon.<\/p>\n\n\n\n<p>La R\u00e9gion demande \u00e0 la commune une participation de 206 euros par an pendant 3 ans.<\/p>\n\n\n\n<p><strong>4-Cessions d\u2019actifs<\/strong><\/p>\n\n\n\n<ul class=\"wp-block-list\"><li><strong>Vente de 3 terrains au Lotissement Volpilliaire&nbsp;:<\/strong><\/li><\/ul>\n\n\n\n<p>Le notaire demande que soit prise une d\u00e9lib\u00e9ration du CM par lot vendu.<\/p>\n\n\n\n<p>Les terrains sont vendus au prix respectif de 44000 euros, 40000 euros et 66000 euros.<\/p>\n\n\n\n<ul class=\"wp-block-list\"><li><strong>Vente de la Maison Fargier&nbsp;:<\/strong><\/li><\/ul>\n\n\n\n<p>H. Anjolras explique&nbsp;: un appel a \u00e9t\u00e9 lanc\u00e9 par la commune pour trouver un acqu\u00e9reur. Une seule r\u00e9ponse a \u00e9t\u00e9 re\u00e7ue&nbsp;: l\u2019entreprise Capella Construstion d&nbsp;\u2018Aubenas fait une offre \u00e0 65000 euros. Cette offre a \u00e9t\u00e9 pr\u00e9sent\u00e9 par le g\u00e9rant de la soci\u00e9t\u00e9 en commission en date du 9 avril 2021&nbsp;: le projet est de cr\u00e9er 3 logements destin\u00e9s \u00e0 la location touristique et d\u2019ouvrir un fond de commerce de p\u00e2tisserie dans le local commercial&nbsp;.<\/p>\n\n\n\n<p><strong>La parole est donn\u00e9e \u00e0 N. Porquet, conseill\u00e8re municipale et propri\u00e9taire du restaurant la Cal\u00e8che. Elle explique que c\u2019est elle qui va racheter le local commercial pour que son p\u00e2tissier <\/strong>(salari\u00e9 de son restaurant) puisse cr\u00e9er son activit\u00e9, car lui-m\u00eame n\u2019a pas les fonds pour le faire. Le prix sera fix\u00e9 au prorata de la surface.<\/p>\n\n\n\n<p>C. Fournet demande pourquoi ce projet n\u2019a pas \u00e9t\u00e9 expliqu\u00e9 lors de la commission du 9 avril.<\/p>\n\n\n\n<p>N. Porquet explique que cela a \u00e9t\u00e9 convenu avec Mr Capella, qu\u2019elle conna\u00eet personnellement, apr\u00e8s la tenue de cette commission.<\/p>\n\n\n\n<p><strong>5- Vid\u00e9o surveillance&nbsp;<\/strong><\/p>\n\n\n\n<p>Lors du vote du budget primitif 2021 le 16 avril 2021, le conseil municipal proposait une enveloppe de 100 000\u20ac, pour <strong>19 cam\u00e9ras de vid\u00e9o-surveillance<\/strong>. <a href=\"http:\/\/demainlargentiere.fr\/index.php\/cm-du-16-avril-2021-quelles-orientations-quel-budget-primitif-2021\/\" target=\"_blank\" rel=\"noreferrer noopener\">Lire la retranscription<\/a><\/p>\n\n\n\n<p>JP SMADJA demande qu&rsquo;un bilan soit r\u00e9alis\u00e9 et demande ce que la mairie propose si ce dernier n&rsquo;est pas significatif ? Pas de r\u00e9ponse de la majorit\u00e9.<\/p>\n\n\n\n<p>De plus, l&rsquo;efficacit\u00e9 de ce dispositif pose toujours question. Le sociologue Laurent Mucchielli, directeur de recherches au CNRS, d\u00e9montre la faible efficacit\u00e9 de la vid\u00e9osurveillance &#8211; dans un article du Monde &#8211; et r\u00e9pond \u00e0 ces quelques questions cl\u00e9s : <\/p>\n\n\n\n<ul class=\"wp-block-list\"><li>A-t-elle un effet dissuasif sur les d\u00e9linquants&nbsp;? Cela d\u00e9pend des cas<\/li><\/ul>\n\n\n\n<ul class=\"wp-block-list\"><li>Prot\u00e8ge-t-elle du terrorisme&nbsp;? Non<\/li><\/ul>\n\n\n\n<ul class=\"wp-block-list\"><li>R\u00e9duit-elle la d\u00e9linquance sans la d\u00e9placer&nbsp;? Non<\/li><\/ul>\n\n\n\n<ul class=\"wp-block-list\"><li>Aide-t-elle \u00e0 \u00e9lucider les infractions&nbsp;? Oui\u2026 mais dans tr\u00e8s peu de cas<\/li><\/ul>\n\n\n\n<p><strong>6- transfert de comp\u00e9tence PLUi mairie\/communaut\u00e9 de communes&nbsp;<\/strong><\/p>\n\n\n\n<p><strong>7. Question diverses<\/strong><\/p>\n\n\n\n<ul class=\"wp-block-list\"><li>\u00c9lections D\u00e9partementales et R\u00e9gionales des 20 et 27 Juin 2021 se d\u00e9rouleront \u00e0 la Salle des F\u00eates de LARGENTIERE pour des raisons sanitaires et d\u2019organisation du double scrutin.<\/li><\/ul>\n\n\n\n<ul class=\"wp-block-list\"><li>Petites villes de Demain de nouveau abord\u00e9e.<\/li><\/ul>\n\n\n\n<ul class=\"wp-block-list\"><li>Suite \u00e0 la demande de C. Fournet, le miroir pour la route descendant de Tauriers est faite, mais le service des routes du D\u00e9partement n\u2019est pour l\u2019instant pas favorable. Un RDV sur place est demand\u00e9 par M. Bernard LACROIX. (Le dossier est en cours).<\/li><\/ul>\n\n\n\n<ul class=\"wp-block-list\"><li>Mme FOURNET informe du renouvellement de l\u2019op\u00e9ration AMBROISIE. Le service technique pourra r\u00e9cup\u00e9rer les d\u00e9chets le samedi 19 juin 2021 \u00e0 midi.<\/li><li>Mme FOURNET : demande si la vente de \u00ab OMEGA PHARMA \u00bb est sign\u00e9e.<br>L\u2019acte a \u00e9t\u00e9 sign\u00e9 le 30.03.2021 chez le notaire. Le Maire rencontre les nouveaux propri\u00e9taires ce jeudi pour \u00e9tudier les aides dans le cadre de l\u2019ANAH.<\/li><li>Mme VILLARD demande la mise en service de micro pour que les personnes du public puissent mieux entendre. Il se pose quand m\u00eame la question de l\u2019hygi\u00e8ne en cette p\u00e9riode de pand\u00e9mie.<\/li><li>M. VILLARD, d\u00e9sign\u00e9e comme secr\u00e9taire de s\u00e9ance pour le Proc\u00e8s-Verbal, consid\u00e8re qu&rsquo;il n&rsquo;est pas utile de produire ce document puisqu&rsquo;il n&rsquo;est pas rendu public et demande \u00e0 ne plus le r\u00e9aliser<\/li><\/ul>\n\n\n\n<h4 class=\"wp-block-heading\">Les votes <img loading=\"lazy\" decoding=\"async\" width=\"40\" height=\"40\" class=\"wp-image-1130\" style=\"width: 40px;\" src=\"http:\/\/demainlargentiere.fr\/wp-content\/uploads\/2020\/02\/kit-campagne.png\" alt=\"Picto vote Largenti\u00e8re\" srcset=\"https:\/\/demainlargentiere.fr\/wp-content\/uploads\/2020\/02\/kit-campagne.png 418w, https:\/\/demainlargentiere.fr\/wp-content\/uploads\/2020\/02\/kit-campagne-300x300.png 300w, https:\/\/demainlargentiere.fr\/wp-content\/uploads\/2020\/02\/kit-campagne-150x150.png 150w\" sizes=\"auto, (max-width: 40px) 100vw, 40px\" \/><\/h4>\n\n\n\n<p>D\u00c9CISION MODIFICATIVE N\u00b001 : vote pour<\/p>\n\n\n\n<p>CONTRAT D\u2019ASSURANCE DES RISQUES STATUTAIRES : vote pour<\/p>\n\n\n\n<p>CONVENTION DE TRANSPORTS SCOLAIRES ENTRE LA REGION AURA ET LA COMMUNE : vote pour<\/p>\n\n\n\n<p>CESSION D\u2019UN TERRAIN SIS VOLPILLIAIRE PARCELLE A1411 : vote pour<\/p>\n\n\n\n<p>CESSION D\u2019UN TERRAIN SIS VOLPILLIAIRE PARCELLE A1404 : vote pour<\/p>\n\n\n\n<p>CESSION D\u2019UN TERRAIN SIS VOLPILLIAIRE PARCELLE A1406 : vote pour<\/p>\n\n\n\n<p>CESSION D\u2019ACTIF Maison Fargier : 2 abstentions<\/p>\n\n\n\n<p>N\u00b0 2021-033 : VIDEO PROTECTION accepter la proposition de la commission : 1 abstention<\/p>\n\n\n\n<p>P.L.U.I. : TRANSFERT DE COMPETENCES MAIRIE \/ CDC : vote pour<\/p>\n\n\n\n<h2 class=\"wp-block-heading\">Retour presse<\/h2>\n\n\n\n<figure class=\"wp-block-image size-large is-resized\"><img loading=\"lazy\" decoding=\"async\" src=\"http:\/\/demainlargentiere.fr\/wp-content\/uploads\/2021\/06\/CM-du-19.05.21-web-1024x862.jpg\" alt=\"\" class=\"wp-image-3528\" width=\"702\" height=\"591\" srcset=\"https:\/\/demainlargentiere.fr\/wp-content\/uploads\/2021\/06\/CM-du-19.05.21-web-1024x862.jpg 1024w, https:\/\/demainlargentiere.fr\/wp-content\/uploads\/2021\/06\/CM-du-19.05.21-web-300x253.jpg 300w, https:\/\/demainlargentiere.fr\/wp-content\/uploads\/2021\/06\/CM-du-19.05.21-web-768x647.jpg 768w, https:\/\/demainlargentiere.fr\/wp-content\/uploads\/2021\/06\/CM-du-19.05.21-web-1536x1294.jpg 1536w, https:\/\/demainlargentiere.fr\/wp-content\/uploads\/2021\/06\/CM-du-19.05.21-web-2048x1725.jpg 2048w, https:\/\/demainlargentiere.fr\/wp-content\/uploads\/2021\/06\/CM-du-19.05.21-web-1568x1321.jpg 1568w\" sizes=\"auto, (max-width: 702px) 100vw, 702px\" \/><figcaption>La Tribune du 27.06.2021<\/figcaption><\/figure>\n\n\n\n<figure class=\"wp-block-image size-large is-resized\"><img loading=\"lazy\" decoding=\"async\" src=\"http:\/\/demainlargentiere.fr\/wp-content\/uploads\/2021\/06\/Dauphine-CM-19.05.2021-1-1024x482.jpg\" alt=\"\" class=\"wp-image-3533\" width=\"702\" height=\"330\" srcset=\"https:\/\/demainlargentiere.fr\/wp-content\/uploads\/2021\/06\/Dauphine-CM-19.05.2021-1-1024x482.jpg 1024w, https:\/\/demainlargentiere.fr\/wp-content\/uploads\/2021\/06\/Dauphine-CM-19.05.2021-1-300x141.jpg 300w, https:\/\/demainlargentiere.fr\/wp-content\/uploads\/2021\/06\/Dauphine-CM-19.05.2021-1-768x362.jpg 768w, https:\/\/demainlargentiere.fr\/wp-content\/uploads\/2021\/06\/Dauphine-CM-19.05.2021-1-1536x723.jpg 1536w, https:\/\/demainlargentiere.fr\/wp-content\/uploads\/2021\/06\/Dauphine-CM-19.05.2021-1-2048x964.jpg 2048w, https:\/\/demainlargentiere.fr\/wp-content\/uploads\/2021\/06\/Dauphine-CM-19.05.2021-1-1568x738.jpg 1568w\" sizes=\"auto, (max-width: 702px) 100vw, 702px\" \/><figcaption>Dauphin\u00e9 <\/figcaption><\/figure>\n","protected":false},"excerpt":{"rendered":"<p>Les s\u00e9ances des conseils municipaux redeviennent publiques, heureux que les citoyen\u00b7nes puissent de nouveau avoir acc\u00e8s \u00e0 cette instance d\u00e9mocratique, 7 habitants et habitantes \u00e9taient pr\u00e9sents. CR et prises de paroles Nous sommes d\u00e9sol\u00e9 mais ce conseil n&rsquo;aura pas de podcast et de ce fait de retranscription, nous avons pas eu la possibilit\u00e9 d&rsquo;enregistrer, nous &hellip; <\/p>\n<p class=\"link-more\"><a href=\"https:\/\/demainlargentiere.fr\/index.php\/cm-du-19-mai-2021-largenitere-prochainement-sous-video-surveillance\/\" class=\"more-link\">Continuer la lecture <span class=\"screen-reader-text\"> \u00ab\u00a0CM du 19 mai 2021 \u2013 Largenti\u00e8re prochainement sous vid\u00e9o surveillance ?\u00a0\u00bb<\/span><\/a><\/p>\n","protected":false},"author":2,"featured_media":0,"parent":0,"menu_order":0,"comment_status":"closed","ping_status":"closed","template":"","meta":{"ngg_post_thumbnail":0,"footnotes":""},"class_list":["post-3468","page","type-page","status-publish","hentry","entry"],"yoast_head":"<!-- This site is optimized with the Yoast SEO plugin v27.4 - https:\/\/yoast.com\/product\/yoast-seo-wordpress\/ -->\n<title>CM du 19 mai 2021 \u2013 Largenti\u00e8re prochainement sous vid\u00e9o surveillance ? - Demain LARGENTIERE !<\/title>\n<meta name=\"robots\" content=\"index, follow, max-snippet:-1, max-image-preview:large, max-video-preview:-1\" \/>\n<link rel=\"canonical\" href=\"https:\/\/demainlargentiere.fr\/index.php\/cm-du-19-mai-2021-largenitere-prochainement-sous-video-surveillance\/\" \/>\n<meta property=\"og:locale\" content=\"fr_FR\" \/>\n<meta property=\"og:type\" content=\"article\" \/>\n<meta property=\"og:title\" content=\"CM du 19 mai 2021 \u2013 Largenti\u00e8re prochainement sous vid\u00e9o surveillance ? - Demain LARGENTIERE !\" \/>\n<meta property=\"og:description\" content=\"Les s\u00e9ances des conseils municipaux redeviennent publiques, heureux que les citoyen\u00b7nes puissent de nouveau avoir acc\u00e8s \u00e0 cette instance d\u00e9mocratique, 7 habitants et habitantes \u00e9taient pr\u00e9sents. CR et prises de paroles Nous sommes d\u00e9sol\u00e9 mais ce conseil n&rsquo;aura pas de podcast et de ce fait de retranscription, nous avons pas eu la possibilit\u00e9 d&rsquo;enregistrer, nous &hellip; Continuer la lecture \u00ab\u00a0CM du 19 mai 2021 \u2013 Largenti\u00e8re prochainement sous vid\u00e9o surveillance ?\u00a0\u00bb\" \/>\n<meta property=\"og:url\" content=\"https:\/\/demainlargentiere.fr\/index.php\/cm-du-19-mai-2021-largenitere-prochainement-sous-video-surveillance\/\" \/>\n<meta property=\"og:site_name\" content=\"Demain LARGENTIERE !\" \/>\n<meta property=\"article:publisher\" content=\"https:\/\/www.facebook.com\/DemainLargentiere\/\" \/>\n<meta property=\"article:modified_time\" content=\"2021-06-07T19:52:46+00:00\" \/>\n<meta property=\"og:image\" content=\"http:\/\/demainlargentiere.fr\/wp-content\/uploads\/2021\/05\/image0000001.jpg\" \/>\n<meta name=\"twitter:card\" content=\"summary_large_image\" \/>\n<meta name=\"twitter:label1\" content=\"Dur\u00e9e de lecture estim\u00e9e\" \/>\n\t<meta name=\"twitter:data1\" content=\"5 minutes\" \/>\n<script type=\"application\/ld+json\" class=\"yoast-schema-graph\">{\"@context\":\"https:\\\/\\\/schema.org\",\"@graph\":[{\"@type\":\"WebPage\",\"@id\":\"https:\\\/\\\/demainlargentiere.fr\\\/index.php\\\/cm-du-19-mai-2021-largenitere-prochainement-sous-video-surveillance\\\/\",\"url\":\"https:\\\/\\\/demainlargentiere.fr\\\/index.php\\\/cm-du-19-mai-2021-largenitere-prochainement-sous-video-surveillance\\\/\",\"name\":\"CM du 19 mai 2021 \u2013 Largenti\u00e8re prochainement sous vid\u00e9o surveillance ? - Demain LARGENTIERE !\",\"isPartOf\":{\"@id\":\"http:\\\/\\\/demainlargentiere.fr\\\/#website\"},\"primaryImageOfPage\":{\"@id\":\"https:\\\/\\\/demainlargentiere.fr\\\/index.php\\\/cm-du-19-mai-2021-largenitere-prochainement-sous-video-surveillance\\\/#primaryimage\"},\"image\":{\"@id\":\"https:\\\/\\\/demainlargentiere.fr\\\/index.php\\\/cm-du-19-mai-2021-largenitere-prochainement-sous-video-surveillance\\\/#primaryimage\"},\"thumbnailUrl\":\"http:\\\/\\\/demainlargentiere.fr\\\/wp-content\\\/uploads\\\/2021\\\/05\\\/image0000001.jpg\",\"datePublished\":\"2021-05-14T20:11:29+00:00\",\"dateModified\":\"2021-06-07T19:52:46+00:00\",\"breadcrumb\":{\"@id\":\"https:\\\/\\\/demainlargentiere.fr\\\/index.php\\\/cm-du-19-mai-2021-largenitere-prochainement-sous-video-surveillance\\\/#breadcrumb\"},\"inLanguage\":\"fr-FR\",\"potentialAction\":[{\"@type\":\"ReadAction\",\"target\":[\"https:\\\/\\\/demainlargentiere.fr\\\/index.php\\\/cm-du-19-mai-2021-largenitere-prochainement-sous-video-surveillance\\\/\"]}]},{\"@type\":\"ImageObject\",\"inLanguage\":\"fr-FR\",\"@id\":\"https:\\\/\\\/demainlargentiere.fr\\\/index.php\\\/cm-du-19-mai-2021-largenitere-prochainement-sous-video-surveillance\\\/#primaryimage\",\"url\":\"https:\\\/\\\/demainlargentiere.fr\\\/wp-content\\\/uploads\\\/2021\\\/05\\\/image0000001.jpg\",\"contentUrl\":\"https:\\\/\\\/demainlargentiere.fr\\\/wp-content\\\/uploads\\\/2021\\\/05\\\/image0000001.jpg\",\"width\":728,\"height\":911},{\"@type\":\"BreadcrumbList\",\"@id\":\"https:\\\/\\\/demainlargentiere.fr\\\/index.php\\\/cm-du-19-mai-2021-largenitere-prochainement-sous-video-surveillance\\\/#breadcrumb\",\"itemListElement\":[{\"@type\":\"ListItem\",\"position\":1,\"name\":\"Accueil\",\"item\":\"https:\\\/\\\/demainlargentiere.fr\\\/\"},{\"@type\":\"ListItem\",\"position\":2,\"name\":\"CM du 19 mai 2021 \u2013 Largenti\u00e8re prochainement sous vid\u00e9o surveillance ?\"}]},{\"@type\":\"WebSite\",\"@id\":\"http:\\\/\\\/demainlargentiere.fr\\\/#website\",\"url\":\"http:\\\/\\\/demainlargentiere.fr\\\/\",\"name\":\"Demain LARGENTIERE !\",\"description\":\"Ensemble, cr\u00e9ons demain.\",\"publisher\":{\"@id\":\"http:\\\/\\\/demainlargentiere.fr\\\/#organization\"},\"potentialAction\":[{\"@type\":\"SearchAction\",\"target\":{\"@type\":\"EntryPoint\",\"urlTemplate\":\"http:\\\/\\\/demainlargentiere.fr\\\/?s={search_term_string}\"},\"query-input\":{\"@type\":\"PropertyValueSpecification\",\"valueRequired\":true,\"valueName\":\"search_term_string\"}}],\"inLanguage\":\"fr-FR\"},{\"@type\":\"Organization\",\"@id\":\"http:\\\/\\\/demainlargentiere.fr\\\/#organization\",\"name\":\"DemainLargentiere\",\"url\":\"http:\\\/\\\/demainlargentiere.fr\\\/\",\"logo\":{\"@type\":\"ImageObject\",\"inLanguage\":\"fr-FR\",\"@id\":\"http:\\\/\\\/demainlargentiere.fr\\\/#\\\/schema\\\/logo\\\/image\\\/\",\"url\":\"http:\\\/\\\/demainlargentiere.fr\\\/wp-content\\\/uploads\\\/2020\\\/02\\\/logo-250x250-1.png\",\"contentUrl\":\"http:\\\/\\\/demainlargentiere.fr\\\/wp-content\\\/uploads\\\/2020\\\/02\\\/logo-250x250-1.png\",\"width\":250,\"height\":250,\"caption\":\"DemainLargentiere\"},\"image\":{\"@id\":\"http:\\\/\\\/demainlargentiere.fr\\\/#\\\/schema\\\/logo\\\/image\\\/\"},\"sameAs\":[\"https:\\\/\\\/www.facebook.com\\\/DemainLargentiere\\\/\"]}]}<\/script>\n<!-- \/ Yoast SEO plugin. -->","yoast_head_json":{"title":"CM du 19 mai 2021 \u2013 Largenti\u00e8re prochainement sous vid\u00e9o surveillance ? - Demain LARGENTIERE !","robots":{"index":"index","follow":"follow","max-snippet":"max-snippet:-1","max-image-preview":"max-image-preview:large","max-video-preview":"max-video-preview:-1"},"canonical":"https:\/\/demainlargentiere.fr\/index.php\/cm-du-19-mai-2021-largenitere-prochainement-sous-video-surveillance\/","og_locale":"fr_FR","og_type":"article","og_title":"CM du 19 mai 2021 \u2013 Largenti\u00e8re prochainement sous vid\u00e9o surveillance ? - Demain LARGENTIERE !","og_description":"Les s\u00e9ances des conseils municipaux redeviennent publiques, heureux que les citoyen\u00b7nes puissent de nouveau avoir acc\u00e8s \u00e0 cette instance d\u00e9mocratique, 7 habitants et habitantes \u00e9taient pr\u00e9sents. CR et prises de paroles Nous sommes d\u00e9sol\u00e9 mais ce conseil n&rsquo;aura pas de podcast et de ce fait de retranscription, nous avons pas eu la possibilit\u00e9 d&rsquo;enregistrer, nous &hellip; Continuer la lecture \u00ab\u00a0CM du 19 mai 2021 \u2013 Largenti\u00e8re prochainement sous vid\u00e9o surveillance ?\u00a0\u00bb","og_url":"https:\/\/demainlargentiere.fr\/index.php\/cm-du-19-mai-2021-largenitere-prochainement-sous-video-surveillance\/","og_site_name":"Demain LARGENTIERE !","article_publisher":"https:\/\/www.facebook.com\/DemainLargentiere\/","article_modified_time":"2021-06-07T19:52:46+00:00","og_image":[{"url":"http:\/\/demainlargentiere.fr\/wp-content\/uploads\/2021\/05\/image0000001.jpg","type":"","width":"","height":""}],"twitter_card":"summary_large_image","twitter_misc":{"Dur\u00e9e de lecture estim\u00e9e":"5 minutes"},"schema":{"@context":"https:\/\/schema.org","@graph":[{"@type":"WebPage","@id":"https:\/\/demainlargentiere.fr\/index.php\/cm-du-19-mai-2021-largenitere-prochainement-sous-video-surveillance\/","url":"https:\/\/demainlargentiere.fr\/index.php\/cm-du-19-mai-2021-largenitere-prochainement-sous-video-surveillance\/","name":"CM du 19 mai 2021 \u2013 Largenti\u00e8re prochainement sous vid\u00e9o surveillance ? - Demain LARGENTIERE !","isPartOf":{"@id":"http:\/\/demainlargentiere.fr\/#website"},"primaryImageOfPage":{"@id":"https:\/\/demainlargentiere.fr\/index.php\/cm-du-19-mai-2021-largenitere-prochainement-sous-video-surveillance\/#primaryimage"},"image":{"@id":"https:\/\/demainlargentiere.fr\/index.php\/cm-du-19-mai-2021-largenitere-prochainement-sous-video-surveillance\/#primaryimage"},"thumbnailUrl":"http:\/\/demainlargentiere.fr\/wp-content\/uploads\/2021\/05\/image0000001.jpg","datePublished":"2021-05-14T20:11:29+00:00","dateModified":"2021-06-07T19:52:46+00:00","breadcrumb":{"@id":"https:\/\/demainlargentiere.fr\/index.php\/cm-du-19-mai-2021-largenitere-prochainement-sous-video-surveillance\/#breadcrumb"},"inLanguage":"fr-FR","potentialAction":[{"@type":"ReadAction","target":["https:\/\/demainlargentiere.fr\/index.php\/cm-du-19-mai-2021-largenitere-prochainement-sous-video-surveillance\/"]}]},{"@type":"ImageObject","inLanguage":"fr-FR","@id":"https:\/\/demainlargentiere.fr\/index.php\/cm-du-19-mai-2021-largenitere-prochainement-sous-video-surveillance\/#primaryimage","url":"https:\/\/demainlargentiere.fr\/wp-content\/uploads\/2021\/05\/image0000001.jpg","contentUrl":"https:\/\/demainlargentiere.fr\/wp-content\/uploads\/2021\/05\/image0000001.jpg","width":728,"height":911},{"@type":"BreadcrumbList","@id":"https:\/\/demainlargentiere.fr\/index.php\/cm-du-19-mai-2021-largenitere-prochainement-sous-video-surveillance\/#breadcrumb","itemListElement":[{"@type":"ListItem","position":1,"name":"Accueil","item":"https:\/\/demainlargentiere.fr\/"},{"@type":"ListItem","position":2,"name":"CM du 19 mai 2021 \u2013 Largenti\u00e8re prochainement sous vid\u00e9o surveillance ?"}]},{"@type":"WebSite","@id":"http:\/\/demainlargentiere.fr\/#website","url":"http:\/\/demainlargentiere.fr\/","name":"Demain LARGENTIERE !","description":"Ensemble, cr\u00e9ons demain.","publisher":{"@id":"http:\/\/demainlargentiere.fr\/#organization"},"potentialAction":[{"@type":"SearchAction","target":{"@type":"EntryPoint","urlTemplate":"http:\/\/demainlargentiere.fr\/?s={search_term_string}"},"query-input":{"@type":"PropertyValueSpecification","valueRequired":true,"valueName":"search_term_string"}}],"inLanguage":"fr-FR"},{"@type":"Organization","@id":"http:\/\/demainlargentiere.fr\/#organization","name":"DemainLargentiere","url":"http:\/\/demainlargentiere.fr\/","logo":{"@type":"ImageObject","inLanguage":"fr-FR","@id":"http:\/\/demainlargentiere.fr\/#\/schema\/logo\/image\/","url":"http:\/\/demainlargentiere.fr\/wp-content\/uploads\/2020\/02\/logo-250x250-1.png","contentUrl":"http:\/\/demainlargentiere.fr\/wp-content\/uploads\/2020\/02\/logo-250x250-1.png","width":250,"height":250,"caption":"DemainLargentiere"},"image":{"@id":"http:\/\/demainlargentiere.fr\/#\/schema\/logo\/image\/"},"sameAs":["https:\/\/www.facebook.com\/DemainLargentiere\/"]}]}},"_links":{"self":[{"href":"https:\/\/demainlargentiere.fr\/index.php\/wp-json\/wp\/v2\/pages\/3468","targetHints":{"allow":["GET"]}}],"collection":[{"href":"https:\/\/demainlargentiere.fr\/index.php\/wp-json\/wp\/v2\/pages"}],"about":[{"href":"https:\/\/demainlargentiere.fr\/index.php\/wp-json\/wp\/v2\/types\/page"}],"author":[{"embeddable":true,"href":"https:\/\/demainlargentiere.fr\/index.php\/wp-json\/wp\/v2\/users\/2"}],"replies":[{"embeddable":true,"href":"https:\/\/demainlargentiere.fr\/index.php\/wp-json\/wp\/v2\/comments?post=3468"}],"version-history":[{"count":9,"href":"https:\/\/demainlargentiere.fr\/index.php\/wp-json\/wp\/v2\/pages\/3468\/revisions"}],"predecessor-version":[{"id":3535,"href":"https:\/\/demainlargentiere.fr\/index.php\/wp-json\/wp\/v2\/pages\/3468\/revisions\/3535"}],"wp:attachment":[{"href":"https:\/\/demainlargentiere.fr\/index.php\/wp-json\/wp\/v2\/media?parent=3468"}],"curies":[{"name":"wp","href":"https:\/\/api.w.org\/{rel}","templated":true}]}}