{"id":3853,"date":"2022-04-11T10:32:07","date_gmt":"2022-04-11T08:32:07","guid":{"rendered":"http:\/\/demainlargentiere.fr\/?page_id=3853"},"modified":"2022-04-15T21:51:50","modified_gmt":"2022-04-15T19:51:50","slug":"cm-du-21-mars-2022-compte-administratif-et-de-resultat-2021","status":"publish","type":"page","link":"https:\/\/demainlargentiere.fr\/index.php\/cm-du-21-mars-2022-compte-administratif-et-de-resultat-2021\/","title":{"rendered":"CM du 21 mars 2022 &#8211; Compte administratif et de r\u00e9sultat 2021"},"content":{"rendered":"\n<figure class=\"wp-block-image size-large is-resized\"><img loading=\"lazy\" decoding=\"async\" src=\"http:\/\/demainlargentiere.fr\/wp-content\/uploads\/2022\/04\/Invitation-CM-du-21.03.2022-724x1024.jpg\" alt=\"\" class=\"wp-image-3854\" width=\"430\" height=\"608\" srcset=\"https:\/\/demainlargentiere.fr\/wp-content\/uploads\/2022\/04\/Invitation-CM-du-21.03.2022-724x1024.jpg 724w, https:\/\/demainlargentiere.fr\/wp-content\/uploads\/2022\/04\/Invitation-CM-du-21.03.2022-212x300.jpg 212w, https:\/\/demainlargentiere.fr\/wp-content\/uploads\/2022\/04\/Invitation-CM-du-21.03.2022-768x1086.jpg 768w, https:\/\/demainlargentiere.fr\/wp-content\/uploads\/2022\/04\/Invitation-CM-du-21.03.2022-1086x1536.jpg 1086w, https:\/\/demainlargentiere.fr\/wp-content\/uploads\/2022\/04\/Invitation-CM-du-21.03.2022-1448x2048.jpg 1448w, https:\/\/demainlargentiere.fr\/wp-content\/uploads\/2022\/04\/Invitation-CM-du-21.03.2022-1568x2217.jpg 1568w, https:\/\/demainlargentiere.fr\/wp-content\/uploads\/2022\/04\/Invitation-CM-du-21.03.2022-scaled.jpg 1810w\" sizes=\"auto, (max-width: 430px) 100vw, 430px\" \/><\/figure>\n\n\n\n<p>En r\u00e9sum\u00e9 la politique budg\u00e9taire en 2021 \u00e9tait ax\u00e9e sur financer le priv\u00e9, la s\u00e9curit\u00e9 (avec les alarmes dans les \u00e9coles, la vid\u00e9oprotection&#8230;) et b\u00e9tonner avec le projet parking r\u00e9alis\u00e9. Ci-dessous un extrait du compte administratif  ou en t\u00e9l\u00e9chargement dans son int\u00e9gralit\u00e9.<\/p>\n\n\n\n<figure class=\"wp-block-image size-large\"><img loading=\"lazy\" decoding=\"async\" width=\"1024\" height=\"426\" src=\"http:\/\/demainlargentiere.fr\/wp-content\/uploads\/2022\/04\/Projet-CA-2021.pdf-Adobe-Acrobat-Pro-1024x426.jpg\" alt=\"\" class=\"wp-image-3864\" srcset=\"https:\/\/demainlargentiere.fr\/wp-content\/uploads\/2022\/04\/Projet-CA-2021.pdf-Adobe-Acrobat-Pro-1024x426.jpg 1024w, https:\/\/demainlargentiere.fr\/wp-content\/uploads\/2022\/04\/Projet-CA-2021.pdf-Adobe-Acrobat-Pro-300x125.jpg 300w, https:\/\/demainlargentiere.fr\/wp-content\/uploads\/2022\/04\/Projet-CA-2021.pdf-Adobe-Acrobat-Pro-768x320.jpg 768w, https:\/\/demainlargentiere.fr\/wp-content\/uploads\/2022\/04\/Projet-CA-2021.pdf-Adobe-Acrobat-Pro.jpg 1100w\" sizes=\"auto, (max-width: 1024px) 100vw, 1024px\" \/><\/figure>\n\n\n<div class=\"sdm_download_button_box_default\"><div class=\"sdm_download_link\"><a href=\"https:\/\/demainlargentiere.fr\/?sdm_process_download=1&download_id=3862\" class=\"sdm_download green\" title=\"Compte admin 2021\" >T\u00e9l\u00e9charg\u00e9 le compte admin 2021 valid\u00e9 en CM<\/a><\/div><\/div>\n\n\n\n<h4 class=\"wp-block-heading\">Audio du CM : partie 1 et 2 <img loading=\"lazy\" decoding=\"async\" width=\"40\" height=\"40\" class=\"wp-image-1128\" style=\"width: 40px;\" src=\"http:\/\/demainlargentiere.fr\/wp-content\/uploads\/2020\/02\/conference.png\" alt=\"Picto conf \u00e9lection\" srcset=\"https:\/\/demainlargentiere.fr\/wp-content\/uploads\/2020\/02\/conference.png 417w, https:\/\/demainlargentiere.fr\/wp-content\/uploads\/2020\/02\/conference-300x300.png 300w, https:\/\/demainlargentiere.fr\/wp-content\/uploads\/2020\/02\/conference-150x150.png 150w\" sizes=\"auto, (max-width: 40px) 100vw, 40px\" \/><\/h4>\n\n\n\n<p><\/p>\n\n\n\n<figure class=\"wp-block-audio\"><audio controls src=\"http:\/\/demainlargentiere.fr\/wp-content\/uploads\/2022\/04\/Conseil-muni-21-03-22-part-1.mp3\"><\/audio><\/figure>\n\n\n\n<figure class=\"wp-block-audio\"><audio controls src=\"http:\/\/demainlargentiere.fr\/wp-content\/uploads\/2022\/04\/Conseil-muni-21-03-22-part-2.mp3\"><\/audio><\/figure>\n","protected":false},"excerpt":{"rendered":"<p>En r\u00e9sum\u00e9 la politique budg\u00e9taire en 2021 \u00e9tait ax\u00e9e sur financer le priv\u00e9, la s\u00e9curit\u00e9 (avec les alarmes dans les \u00e9coles, la vid\u00e9oprotection&#8230;) et b\u00e9tonner avec le projet parking r\u00e9alis\u00e9. Ci-dessous un extrait du compte administratif ou en t\u00e9l\u00e9chargement dans son int\u00e9gralit\u00e9. Audio du CM : partie 1 et 2<\/p>\n","protected":false},"author":2,"featured_media":0,"parent":0,"menu_order":0,"comment_status":"closed","ping_status":"closed","template":"","meta":{"ngg_post_thumbnail":0,"footnotes":""},"class_list":["post-3853","page","type-page","status-publish","hentry","entry"],"yoast_head":"<!-- This site is optimized with the Yoast SEO plugin v27.4 - https:\/\/yoast.com\/product\/yoast-seo-wordpress\/ -->\n<title>CM du 21 mars 2022 - Compte administratif et de r\u00e9sultat 2021 - Demain LARGENTIERE !<\/title>\n<meta name=\"robots\" content=\"index, follow, max-snippet:-1, max-image-preview:large, max-video-preview:-1\" \/>\n<link rel=\"canonical\" href=\"https:\/\/demainlargentiere.fr\/index.php\/cm-du-21-mars-2022-compte-administratif-et-de-resultat-2021\/\" \/>\n<meta property=\"og:locale\" content=\"fr_FR\" \/>\n<meta property=\"og:type\" content=\"article\" \/>\n<meta property=\"og:title\" content=\"CM du 21 mars 2022 - Compte administratif et de r\u00e9sultat 2021 - Demain LARGENTIERE !\" \/>\n<meta property=\"og:description\" content=\"En r\u00e9sum\u00e9 la politique budg\u00e9taire en 2021 \u00e9tait ax\u00e9e sur financer le priv\u00e9, la s\u00e9curit\u00e9 (avec les alarmes dans les \u00e9coles, la vid\u00e9oprotection&#8230;) et b\u00e9tonner avec le projet parking r\u00e9alis\u00e9. Ci-dessous un extrait du compte administratif ou en t\u00e9l\u00e9chargement dans son int\u00e9gralit\u00e9. Audio du CM : partie 1 et 2\" \/>\n<meta property=\"og:url\" content=\"https:\/\/demainlargentiere.fr\/index.php\/cm-du-21-mars-2022-compte-administratif-et-de-resultat-2021\/\" \/>\n<meta property=\"og:site_name\" content=\"Demain LARGENTIERE !\" \/>\n<meta property=\"article:publisher\" content=\"https:\/\/www.facebook.com\/DemainLargentiere\/\" \/>\n<meta property=\"article:modified_time\" content=\"2022-04-15T19:51:50+00:00\" \/>\n<meta property=\"og:image\" content=\"http:\/\/demainlargentiere.fr\/wp-content\/uploads\/2022\/04\/Invitation-CM-du-21.03.2022-724x1024.jpg\" \/>\n<meta name=\"twitter:card\" content=\"summary_large_image\" \/>\n<meta name=\"twitter:label1\" content=\"Dur\u00e9e de lecture estim\u00e9e\" \/>\n\t<meta name=\"twitter:data1\" content=\"1 minute\" \/>\n<script type=\"application\/ld+json\" class=\"yoast-schema-graph\">{\"@context\":\"https:\\\/\\\/schema.org\",\"@graph\":[{\"@type\":\"WebPage\",\"@id\":\"https:\\\/\\\/demainlargentiere.fr\\\/index.php\\\/cm-du-21-mars-2022-compte-administratif-et-de-resultat-2021\\\/\",\"url\":\"https:\\\/\\\/demainlargentiere.fr\\\/index.php\\\/cm-du-21-mars-2022-compte-administratif-et-de-resultat-2021\\\/\",\"name\":\"CM du 21 mars 2022 - Compte administratif et de r\u00e9sultat 2021 - Demain LARGENTIERE !\",\"isPartOf\":{\"@id\":\"http:\\\/\\\/demainlargentiere.fr\\\/#website\"},\"primaryImageOfPage\":{\"@id\":\"https:\\\/\\\/demainlargentiere.fr\\\/index.php\\\/cm-du-21-mars-2022-compte-administratif-et-de-resultat-2021\\\/#primaryimage\"},\"image\":{\"@id\":\"https:\\\/\\\/demainlargentiere.fr\\\/index.php\\\/cm-du-21-mars-2022-compte-administratif-et-de-resultat-2021\\\/#primaryimage\"},\"thumbnailUrl\":\"http:\\\/\\\/demainlargentiere.fr\\\/wp-content\\\/uploads\\\/2022\\\/04\\\/Invitation-CM-du-21.03.2022-724x1024.jpg\",\"datePublished\":\"2022-04-11T08:32:07+00:00\",\"dateModified\":\"2022-04-15T19:51:50+00:00\",\"breadcrumb\":{\"@id\":\"https:\\\/\\\/demainlargentiere.fr\\\/index.php\\\/cm-du-21-mars-2022-compte-administratif-et-de-resultat-2021\\\/#breadcrumb\"},\"inLanguage\":\"fr-FR\",\"potentialAction\":[{\"@type\":\"ReadAction\",\"target\":[\"https:\\\/\\\/demainlargentiere.fr\\\/index.php\\\/cm-du-21-mars-2022-compte-administratif-et-de-resultat-2021\\\/\"]}]},{\"@type\":\"ImageObject\",\"inLanguage\":\"fr-FR\",\"@id\":\"https:\\\/\\\/demainlargentiere.fr\\\/index.php\\\/cm-du-21-mars-2022-compte-administratif-et-de-resultat-2021\\\/#primaryimage\",\"url\":\"http:\\\/\\\/demainlargentiere.fr\\\/wp-content\\\/uploads\\\/2022\\\/04\\\/Invitation-CM-du-21.03.2022-724x1024.jpg\",\"contentUrl\":\"http:\\\/\\\/demainlargentiere.fr\\\/wp-content\\\/uploads\\\/2022\\\/04\\\/Invitation-CM-du-21.03.2022-724x1024.jpg\"},{\"@type\":\"BreadcrumbList\",\"@id\":\"https:\\\/\\\/demainlargentiere.fr\\\/index.php\\\/cm-du-21-mars-2022-compte-administratif-et-de-resultat-2021\\\/#breadcrumb\",\"itemListElement\":[{\"@type\":\"ListItem\",\"position\":1,\"name\":\"Accueil\",\"item\":\"https:\\\/\\\/demainlargentiere.fr\\\/\"},{\"@type\":\"ListItem\",\"position\":2,\"name\":\"CM du 21 mars 2022 &#8211; Compte administratif et de r\u00e9sultat 2021\"}]},{\"@type\":\"WebSite\",\"@id\":\"http:\\\/\\\/demainlargentiere.fr\\\/#website\",\"url\":\"http:\\\/\\\/demainlargentiere.fr\\\/\",\"name\":\"Demain LARGENTIERE !\",\"description\":\"Ensemble, cr\u00e9ons demain.\",\"publisher\":{\"@id\":\"http:\\\/\\\/demainlargentiere.fr\\\/#organization\"},\"potentialAction\":[{\"@type\":\"SearchAction\",\"target\":{\"@type\":\"EntryPoint\",\"urlTemplate\":\"http:\\\/\\\/demainlargentiere.fr\\\/?s={search_term_string}\"},\"query-input\":{\"@type\":\"PropertyValueSpecification\",\"valueRequired\":true,\"valueName\":\"search_term_string\"}}],\"inLanguage\":\"fr-FR\"},{\"@type\":\"Organization\",\"@id\":\"http:\\\/\\\/demainlargentiere.fr\\\/#organization\",\"name\":\"DemainLargentiere\",\"url\":\"http:\\\/\\\/demainlargentiere.fr\\\/\",\"logo\":{\"@type\":\"ImageObject\",\"inLanguage\":\"fr-FR\",\"@id\":\"http:\\\/\\\/demainlargentiere.fr\\\/#\\\/schema\\\/logo\\\/image\\\/\",\"url\":\"http:\\\/\\\/demainlargentiere.fr\\\/wp-content\\\/uploads\\\/2020\\\/02\\\/logo-250x250-1.png\",\"contentUrl\":\"http:\\\/\\\/demainlargentiere.fr\\\/wp-content\\\/uploads\\\/2020\\\/02\\\/logo-250x250-1.png\",\"width\":250,\"height\":250,\"caption\":\"DemainLargentiere\"},\"image\":{\"@id\":\"http:\\\/\\\/demainlargentiere.fr\\\/#\\\/schema\\\/logo\\\/image\\\/\"},\"sameAs\":[\"https:\\\/\\\/www.facebook.com\\\/DemainLargentiere\\\/\"]}]}<\/script>\n<!-- \/ Yoast SEO plugin. -->","yoast_head_json":{"title":"CM du 21 mars 2022 - Compte administratif et de r\u00e9sultat 2021 - Demain LARGENTIERE !","robots":{"index":"index","follow":"follow","max-snippet":"max-snippet:-1","max-image-preview":"max-image-preview:large","max-video-preview":"max-video-preview:-1"},"canonical":"https:\/\/demainlargentiere.fr\/index.php\/cm-du-21-mars-2022-compte-administratif-et-de-resultat-2021\/","og_locale":"fr_FR","og_type":"article","og_title":"CM du 21 mars 2022 - Compte administratif et de r\u00e9sultat 2021 - Demain LARGENTIERE !","og_description":"En r\u00e9sum\u00e9 la politique budg\u00e9taire en 2021 \u00e9tait ax\u00e9e sur financer le priv\u00e9, la s\u00e9curit\u00e9 (avec les alarmes dans les \u00e9coles, la vid\u00e9oprotection&#8230;) et b\u00e9tonner avec le projet parking r\u00e9alis\u00e9. Ci-dessous un extrait du compte administratif ou en t\u00e9l\u00e9chargement dans son int\u00e9gralit\u00e9. Audio du CM : partie 1 et 2","og_url":"https:\/\/demainlargentiere.fr\/index.php\/cm-du-21-mars-2022-compte-administratif-et-de-resultat-2021\/","og_site_name":"Demain LARGENTIERE !","article_publisher":"https:\/\/www.facebook.com\/DemainLargentiere\/","article_modified_time":"2022-04-15T19:51:50+00:00","og_image":[{"url":"http:\/\/demainlargentiere.fr\/wp-content\/uploads\/2022\/04\/Invitation-CM-du-21.03.2022-724x1024.jpg","type":"","width":"","height":""}],"twitter_card":"summary_large_image","twitter_misc":{"Dur\u00e9e de lecture estim\u00e9e":"1 minute"},"schema":{"@context":"https:\/\/schema.org","@graph":[{"@type":"WebPage","@id":"https:\/\/demainlargentiere.fr\/index.php\/cm-du-21-mars-2022-compte-administratif-et-de-resultat-2021\/","url":"https:\/\/demainlargentiere.fr\/index.php\/cm-du-21-mars-2022-compte-administratif-et-de-resultat-2021\/","name":"CM du 21 mars 2022 - Compte administratif et de r\u00e9sultat 2021 - Demain LARGENTIERE !","isPartOf":{"@id":"http:\/\/demainlargentiere.fr\/#website"},"primaryImageOfPage":{"@id":"https:\/\/demainlargentiere.fr\/index.php\/cm-du-21-mars-2022-compte-administratif-et-de-resultat-2021\/#primaryimage"},"image":{"@id":"https:\/\/demainlargentiere.fr\/index.php\/cm-du-21-mars-2022-compte-administratif-et-de-resultat-2021\/#primaryimage"},"thumbnailUrl":"http:\/\/demainlargentiere.fr\/wp-content\/uploads\/2022\/04\/Invitation-CM-du-21.03.2022-724x1024.jpg","datePublished":"2022-04-11T08:32:07+00:00","dateModified":"2022-04-15T19:51:50+00:00","breadcrumb":{"@id":"https:\/\/demainlargentiere.fr\/index.php\/cm-du-21-mars-2022-compte-administratif-et-de-resultat-2021\/#breadcrumb"},"inLanguage":"fr-FR","potentialAction":[{"@type":"ReadAction","target":["https:\/\/demainlargentiere.fr\/index.php\/cm-du-21-mars-2022-compte-administratif-et-de-resultat-2021\/"]}]},{"@type":"ImageObject","inLanguage":"fr-FR","@id":"https:\/\/demainlargentiere.fr\/index.php\/cm-du-21-mars-2022-compte-administratif-et-de-resultat-2021\/#primaryimage","url":"http:\/\/demainlargentiere.fr\/wp-content\/uploads\/2022\/04\/Invitation-CM-du-21.03.2022-724x1024.jpg","contentUrl":"http:\/\/demainlargentiere.fr\/wp-content\/uploads\/2022\/04\/Invitation-CM-du-21.03.2022-724x1024.jpg"},{"@type":"BreadcrumbList","@id":"https:\/\/demainlargentiere.fr\/index.php\/cm-du-21-mars-2022-compte-administratif-et-de-resultat-2021\/#breadcrumb","itemListElement":[{"@type":"ListItem","position":1,"name":"Accueil","item":"https:\/\/demainlargentiere.fr\/"},{"@type":"ListItem","position":2,"name":"CM du 21 mars 2022 &#8211; Compte administratif et de r\u00e9sultat 2021"}]},{"@type":"WebSite","@id":"http:\/\/demainlargentiere.fr\/#website","url":"http:\/\/demainlargentiere.fr\/","name":"Demain LARGENTIERE !","description":"Ensemble, cr\u00e9ons demain.","publisher":{"@id":"http:\/\/demainlargentiere.fr\/#organization"},"potentialAction":[{"@type":"SearchAction","target":{"@type":"EntryPoint","urlTemplate":"http:\/\/demainlargentiere.fr\/?s={search_term_string}"},"query-input":{"@type":"PropertyValueSpecification","valueRequired":true,"valueName":"search_term_string"}}],"inLanguage":"fr-FR"},{"@type":"Organization","@id":"http:\/\/demainlargentiere.fr\/#organization","name":"DemainLargentiere","url":"http:\/\/demainlargentiere.fr\/","logo":{"@type":"ImageObject","inLanguage":"fr-FR","@id":"http:\/\/demainlargentiere.fr\/#\/schema\/logo\/image\/","url":"http:\/\/demainlargentiere.fr\/wp-content\/uploads\/2020\/02\/logo-250x250-1.png","contentUrl":"http:\/\/demainlargentiere.fr\/wp-content\/uploads\/2020\/02\/logo-250x250-1.png","width":250,"height":250,"caption":"DemainLargentiere"},"image":{"@id":"http:\/\/demainlargentiere.fr\/#\/schema\/logo\/image\/"},"sameAs":["https:\/\/www.facebook.com\/DemainLargentiere\/"]}]}},"_links":{"self":[{"href":"https:\/\/demainlargentiere.fr\/index.php\/wp-json\/wp\/v2\/pages\/3853","targetHints":{"allow":["GET"]}}],"collection":[{"href":"https:\/\/demainlargentiere.fr\/index.php\/wp-json\/wp\/v2\/pages"}],"about":[{"href":"https:\/\/demainlargentiere.fr\/index.php\/wp-json\/wp\/v2\/types\/page"}],"author":[{"embeddable":true,"href":"https:\/\/demainlargentiere.fr\/index.php\/wp-json\/wp\/v2\/users\/2"}],"replies":[{"embeddable":true,"href":"https:\/\/demainlargentiere.fr\/index.php\/wp-json\/wp\/v2\/comments?post=3853"}],"version-history":[{"count":4,"href":"https:\/\/demainlargentiere.fr\/index.php\/wp-json\/wp\/v2\/pages\/3853\/revisions"}],"predecessor-version":[{"id":3924,"href":"https:\/\/demainlargentiere.fr\/index.php\/wp-json\/wp\/v2\/pages\/3853\/revisions\/3924"}],"wp:attachment":[{"href":"https:\/\/demainlargentiere.fr\/index.php\/wp-json\/wp\/v2\/media?parent=3853"}],"curies":[{"name":"wp","href":"https:\/\/api.w.org\/{rel}","templated":true}]}}