{"id":3952,"date":"2022-09-09T10:26:37","date_gmt":"2022-09-09T08:26:37","guid":{"rendered":"http:\/\/demainlargentiere.fr\/?page_id=3952"},"modified":"2022-10-14T21:17:42","modified_gmt":"2022-10-14T19:17:42","slug":"cm-du-12-septembre-2022-plu-credits","status":"publish","type":"page","link":"https:\/\/demainlargentiere.fr\/index.php\/cm-du-12-septembre-2022-plu-credits\/","title":{"rendered":"CM du 12 septembre 2022 &#8211; quelques formalit\u00e9s mais nombreuses questions diverses"},"content":{"rendered":"\n<figure class=\"wp-block-image size-full is-resized\"><img loading=\"lazy\" decoding=\"async\" src=\"http:\/\/demainlargentiere.fr\/wp-content\/uploads\/2022\/09\/Convocation-CM-du-12.09.2022.pdf-Adobe-Acrobat-Pro.jpg\" alt=\"\" class=\"wp-image-3953\" width=\"434\" height=\"628\" srcset=\"https:\/\/demainlargentiere.fr\/wp-content\/uploads\/2022\/09\/Convocation-CM-du-12.09.2022.pdf-Adobe-Acrobat-Pro.jpg 592w, https:\/\/demainlargentiere.fr\/wp-content\/uploads\/2022\/09\/Convocation-CM-du-12.09.2022.pdf-Adobe-Acrobat-Pro-207x300.jpg 207w\" sizes=\"auto, (max-width: 434px) 100vw, 434px\" \/><\/figure>\n\n\n\n<p>En amont du conseil nous avons soulign\u00e9, \u00e0 nouveau, au maire et les \u00e9lu\u00b7e\u00b7s, que les points inscrits \u00e0 l&rsquo;ordre du jour m\u00e9riteraient de d\u00e9velopper quelques lignes ou pourraient a minima \u00eatre plus explicites. Cela serait la marque d&rsquo;une plus grande consid\u00e9ration pour nous tous, \u00e9lus municipaux de la minorit\u00e9 comme de la majorit\u00e9 et de notre travail, et une aide indispensable \u00e0 la d\u00e9lib\u00e9ration, a fortiori dans un contexte de pluralisme politique.<\/p>\n\n\n\n<h4 class=\"wp-block-heading\">Podcast du CM <img loading=\"lazy\" decoding=\"async\" width=\"40\" height=\"40\" class=\"wp-image-1128\" style=\"width: 40px;\" src=\"http:\/\/demainlargentiere.fr\/wp-content\/uploads\/2020\/02\/conference.png\" alt=\"Picto conf \u00e9lection\" srcset=\"https:\/\/demainlargentiere.fr\/wp-content\/uploads\/2020\/02\/conference.png 417w, https:\/\/demainlargentiere.fr\/wp-content\/uploads\/2020\/02\/conference-300x300.png 300w, https:\/\/demainlargentiere.fr\/wp-content\/uploads\/2020\/02\/conference-150x150.png 150w\" sizes=\"auto, (max-width: 40px) 100vw, 40px\" \/><\/h4>\n\n\n\n<p><\/p>\n\n\n\n<figure class=\"wp-block-audio\"><audio controls src=\"http:\/\/demainlargentiere.fr\/wp-content\/uploads\/2022\/09\/18-conseil-muni-12-09-22-3.mp3\"><\/audio><\/figure>\n\n\n\n<h4 class=\"wp-block-heading\">Presse<\/h4>\n\n\n\n<figure class=\"wp-block-image is-resized\"><img loading=\"lazy\" decoding=\"async\" src=\"http:\/\/demainlargentiere.fr\/wp-content\/uploads\/2022\/10\/DL-CM-12.09.2022-591x1024.jpg\" alt=\"\" class=\"wp-image-3995\" width=\"521\" height=\"903\" srcset=\"https:\/\/demainlargentiere.fr\/wp-content\/uploads\/2022\/10\/DL-CM-12.09.2022-591x1024.jpg 591w, https:\/\/demainlargentiere.fr\/wp-content\/uploads\/2022\/10\/DL-CM-12.09.2022-173x300.jpg 173w, https:\/\/demainlargentiere.fr\/wp-content\/uploads\/2022\/10\/DL-CM-12.09.2022-768x1332.jpg 768w, https:\/\/demainlargentiere.fr\/wp-content\/uploads\/2022\/10\/DL-CM-12.09.2022-886x1536.jpg 886w, https:\/\/demainlargentiere.fr\/wp-content\/uploads\/2022\/10\/DL-CM-12.09.2022-1181x2048.jpg 1181w, https:\/\/demainlargentiere.fr\/wp-content\/uploads\/2022\/10\/DL-CM-12.09.2022-scaled.jpg 1476w\" sizes=\"auto, (max-width: 521px) 100vw, 521px\" \/><\/figure>\n","protected":false},"excerpt":{"rendered":"<p>En amont du conseil nous avons soulign\u00e9, \u00e0 nouveau, au maire et les \u00e9lu\u00b7e\u00b7s, que les points inscrits \u00e0 l&rsquo;ordre du jour m\u00e9riteraient de d\u00e9velopper quelques lignes ou pourraient a minima \u00eatre plus explicites. Cela serait la marque d&rsquo;une plus grande consid\u00e9ration pour nous tous, \u00e9lus municipaux de la minorit\u00e9 comme de la majorit\u00e9 et &hellip; <\/p>\n<p class=\"link-more\"><a href=\"https:\/\/demainlargentiere.fr\/index.php\/cm-du-12-septembre-2022-plu-credits\/\" class=\"more-link\">Continuer la lecture <span class=\"screen-reader-text\"> \u00ab\u00a0CM du 12 septembre 2022 &#8211; quelques formalit\u00e9s mais nombreuses questions diverses\u00a0\u00bb<\/span><\/a><\/p>\n","protected":false},"author":2,"featured_media":0,"parent":0,"menu_order":0,"comment_status":"closed","ping_status":"closed","template":"","meta":{"ngg_post_thumbnail":0,"footnotes":""},"class_list":["post-3952","page","type-page","status-publish","hentry","entry"],"yoast_head":"<!-- This site is optimized with the Yoast SEO plugin v27.4 - https:\/\/yoast.com\/product\/yoast-seo-wordpress\/ -->\n<title>CM du 12 septembre 2022 - quelques formalit\u00e9s mais nombreuses questions diverses - Demain LARGENTIERE !<\/title>\n<meta name=\"robots\" content=\"index, follow, max-snippet:-1, max-image-preview:large, max-video-preview:-1\" \/>\n<link rel=\"canonical\" href=\"https:\/\/demainlargentiere.fr\/index.php\/cm-du-12-septembre-2022-plu-credits\/\" \/>\n<meta property=\"og:locale\" content=\"fr_FR\" \/>\n<meta property=\"og:type\" content=\"article\" \/>\n<meta property=\"og:title\" content=\"CM du 12 septembre 2022 - quelques formalit\u00e9s mais nombreuses questions diverses - Demain LARGENTIERE !\" \/>\n<meta property=\"og:description\" content=\"En amont du conseil nous avons soulign\u00e9, \u00e0 nouveau, au maire et les \u00e9lu\u00b7e\u00b7s, que les points inscrits \u00e0 l&rsquo;ordre du jour m\u00e9riteraient de d\u00e9velopper quelques lignes ou pourraient a minima \u00eatre plus explicites. Cela serait la marque d&rsquo;une plus grande consid\u00e9ration pour nous tous, \u00e9lus municipaux de la minorit\u00e9 comme de la majorit\u00e9 et &hellip; Continuer la lecture \u00ab\u00a0CM du 12 septembre 2022 &#8211; quelques formalit\u00e9s mais nombreuses questions diverses\u00a0\u00bb\" \/>\n<meta property=\"og:url\" content=\"https:\/\/demainlargentiere.fr\/index.php\/cm-du-12-septembre-2022-plu-credits\/\" \/>\n<meta property=\"og:site_name\" content=\"Demain LARGENTIERE !\" \/>\n<meta property=\"article:publisher\" content=\"https:\/\/www.facebook.com\/DemainLargentiere\/\" \/>\n<meta property=\"article:modified_time\" content=\"2022-10-14T19:17:42+00:00\" \/>\n<meta property=\"og:image\" content=\"http:\/\/demainlargentiere.fr\/wp-content\/uploads\/2022\/09\/Convocation-CM-du-12.09.2022.pdf-Adobe-Acrobat-Pro.jpg\" \/>\n<meta name=\"twitter:card\" content=\"summary_large_image\" \/>\n<meta name=\"twitter:label1\" content=\"Dur\u00e9e de lecture estim\u00e9e\" \/>\n\t<meta name=\"twitter:data1\" content=\"1 minute\" \/>\n<script type=\"application\/ld+json\" class=\"yoast-schema-graph\">{\"@context\":\"https:\\\/\\\/schema.org\",\"@graph\":[{\"@type\":\"WebPage\",\"@id\":\"https:\\\/\\\/demainlargentiere.fr\\\/index.php\\\/cm-du-12-septembre-2022-plu-credits\\\/\",\"url\":\"https:\\\/\\\/demainlargentiere.fr\\\/index.php\\\/cm-du-12-septembre-2022-plu-credits\\\/\",\"name\":\"CM du 12 septembre 2022 - quelques formalit\u00e9s mais nombreuses questions diverses - Demain LARGENTIERE !\",\"isPartOf\":{\"@id\":\"http:\\\/\\\/demainlargentiere.fr\\\/#website\"},\"primaryImageOfPage\":{\"@id\":\"https:\\\/\\\/demainlargentiere.fr\\\/index.php\\\/cm-du-12-septembre-2022-plu-credits\\\/#primaryimage\"},\"image\":{\"@id\":\"https:\\\/\\\/demainlargentiere.fr\\\/index.php\\\/cm-du-12-septembre-2022-plu-credits\\\/#primaryimage\"},\"thumbnailUrl\":\"http:\\\/\\\/demainlargentiere.fr\\\/wp-content\\\/uploads\\\/2022\\\/09\\\/Convocation-CM-du-12.09.2022.pdf-Adobe-Acrobat-Pro.jpg\",\"datePublished\":\"2022-09-09T08:26:37+00:00\",\"dateModified\":\"2022-10-14T19:17:42+00:00\",\"breadcrumb\":{\"@id\":\"https:\\\/\\\/demainlargentiere.fr\\\/index.php\\\/cm-du-12-septembre-2022-plu-credits\\\/#breadcrumb\"},\"inLanguage\":\"fr-FR\",\"potentialAction\":[{\"@type\":\"ReadAction\",\"target\":[\"https:\\\/\\\/demainlargentiere.fr\\\/index.php\\\/cm-du-12-septembre-2022-plu-credits\\\/\"]}]},{\"@type\":\"ImageObject\",\"inLanguage\":\"fr-FR\",\"@id\":\"https:\\\/\\\/demainlargentiere.fr\\\/index.php\\\/cm-du-12-septembre-2022-plu-credits\\\/#primaryimage\",\"url\":\"https:\\\/\\\/demainlargentiere.fr\\\/wp-content\\\/uploads\\\/2022\\\/09\\\/Convocation-CM-du-12.09.2022.pdf-Adobe-Acrobat-Pro.jpg\",\"contentUrl\":\"https:\\\/\\\/demainlargentiere.fr\\\/wp-content\\\/uploads\\\/2022\\\/09\\\/Convocation-CM-du-12.09.2022.pdf-Adobe-Acrobat-Pro.jpg\",\"width\":592,\"height\":856},{\"@type\":\"BreadcrumbList\",\"@id\":\"https:\\\/\\\/demainlargentiere.fr\\\/index.php\\\/cm-du-12-septembre-2022-plu-credits\\\/#breadcrumb\",\"itemListElement\":[{\"@type\":\"ListItem\",\"position\":1,\"name\":\"Accueil\",\"item\":\"https:\\\/\\\/demainlargentiere.fr\\\/\"},{\"@type\":\"ListItem\",\"position\":2,\"name\":\"CM du 12 septembre 2022 &#8211; quelques formalit\u00e9s mais nombreuses questions diverses\"}]},{\"@type\":\"WebSite\",\"@id\":\"http:\\\/\\\/demainlargentiere.fr\\\/#website\",\"url\":\"http:\\\/\\\/demainlargentiere.fr\\\/\",\"name\":\"Demain LARGENTIERE !\",\"description\":\"Ensemble, cr\u00e9ons demain.\",\"publisher\":{\"@id\":\"http:\\\/\\\/demainlargentiere.fr\\\/#organization\"},\"potentialAction\":[{\"@type\":\"SearchAction\",\"target\":{\"@type\":\"EntryPoint\",\"urlTemplate\":\"http:\\\/\\\/demainlargentiere.fr\\\/?s={search_term_string}\"},\"query-input\":{\"@type\":\"PropertyValueSpecification\",\"valueRequired\":true,\"valueName\":\"search_term_string\"}}],\"inLanguage\":\"fr-FR\"},{\"@type\":\"Organization\",\"@id\":\"http:\\\/\\\/demainlargentiere.fr\\\/#organization\",\"name\":\"DemainLargentiere\",\"url\":\"http:\\\/\\\/demainlargentiere.fr\\\/\",\"logo\":{\"@type\":\"ImageObject\",\"inLanguage\":\"fr-FR\",\"@id\":\"http:\\\/\\\/demainlargentiere.fr\\\/#\\\/schema\\\/logo\\\/image\\\/\",\"url\":\"http:\\\/\\\/demainlargentiere.fr\\\/wp-content\\\/uploads\\\/2020\\\/02\\\/logo-250x250-1.png\",\"contentUrl\":\"http:\\\/\\\/demainlargentiere.fr\\\/wp-content\\\/uploads\\\/2020\\\/02\\\/logo-250x250-1.png\",\"width\":250,\"height\":250,\"caption\":\"DemainLargentiere\"},\"image\":{\"@id\":\"http:\\\/\\\/demainlargentiere.fr\\\/#\\\/schema\\\/logo\\\/image\\\/\"},\"sameAs\":[\"https:\\\/\\\/www.facebook.com\\\/DemainLargentiere\\\/\"]}]}<\/script>\n<!-- \/ Yoast SEO plugin. -->","yoast_head_json":{"title":"CM du 12 septembre 2022 - quelques formalit\u00e9s mais nombreuses questions diverses - Demain LARGENTIERE !","robots":{"index":"index","follow":"follow","max-snippet":"max-snippet:-1","max-image-preview":"max-image-preview:large","max-video-preview":"max-video-preview:-1"},"canonical":"https:\/\/demainlargentiere.fr\/index.php\/cm-du-12-septembre-2022-plu-credits\/","og_locale":"fr_FR","og_type":"article","og_title":"CM du 12 septembre 2022 - quelques formalit\u00e9s mais nombreuses questions diverses - Demain LARGENTIERE !","og_description":"En amont du conseil nous avons soulign\u00e9, \u00e0 nouveau, au maire et les \u00e9lu\u00b7e\u00b7s, que les points inscrits \u00e0 l&rsquo;ordre du jour m\u00e9riteraient de d\u00e9velopper quelques lignes ou pourraient a minima \u00eatre plus explicites. Cela serait la marque d&rsquo;une plus grande consid\u00e9ration pour nous tous, \u00e9lus municipaux de la minorit\u00e9 comme de la majorit\u00e9 et &hellip; Continuer la lecture \u00ab\u00a0CM du 12 septembre 2022 &#8211; quelques formalit\u00e9s mais nombreuses questions diverses\u00a0\u00bb","og_url":"https:\/\/demainlargentiere.fr\/index.php\/cm-du-12-septembre-2022-plu-credits\/","og_site_name":"Demain LARGENTIERE !","article_publisher":"https:\/\/www.facebook.com\/DemainLargentiere\/","article_modified_time":"2022-10-14T19:17:42+00:00","og_image":[{"url":"http:\/\/demainlargentiere.fr\/wp-content\/uploads\/2022\/09\/Convocation-CM-du-12.09.2022.pdf-Adobe-Acrobat-Pro.jpg","type":"","width":"","height":""}],"twitter_card":"summary_large_image","twitter_misc":{"Dur\u00e9e de lecture estim\u00e9e":"1 minute"},"schema":{"@context":"https:\/\/schema.org","@graph":[{"@type":"WebPage","@id":"https:\/\/demainlargentiere.fr\/index.php\/cm-du-12-septembre-2022-plu-credits\/","url":"https:\/\/demainlargentiere.fr\/index.php\/cm-du-12-septembre-2022-plu-credits\/","name":"CM du 12 septembre 2022 - quelques formalit\u00e9s mais nombreuses questions diverses - Demain LARGENTIERE !","isPartOf":{"@id":"http:\/\/demainlargentiere.fr\/#website"},"primaryImageOfPage":{"@id":"https:\/\/demainlargentiere.fr\/index.php\/cm-du-12-septembre-2022-plu-credits\/#primaryimage"},"image":{"@id":"https:\/\/demainlargentiere.fr\/index.php\/cm-du-12-septembre-2022-plu-credits\/#primaryimage"},"thumbnailUrl":"http:\/\/demainlargentiere.fr\/wp-content\/uploads\/2022\/09\/Convocation-CM-du-12.09.2022.pdf-Adobe-Acrobat-Pro.jpg","datePublished":"2022-09-09T08:26:37+00:00","dateModified":"2022-10-14T19:17:42+00:00","breadcrumb":{"@id":"https:\/\/demainlargentiere.fr\/index.php\/cm-du-12-septembre-2022-plu-credits\/#breadcrumb"},"inLanguage":"fr-FR","potentialAction":[{"@type":"ReadAction","target":["https:\/\/demainlargentiere.fr\/index.php\/cm-du-12-septembre-2022-plu-credits\/"]}]},{"@type":"ImageObject","inLanguage":"fr-FR","@id":"https:\/\/demainlargentiere.fr\/index.php\/cm-du-12-septembre-2022-plu-credits\/#primaryimage","url":"https:\/\/demainlargentiere.fr\/wp-content\/uploads\/2022\/09\/Convocation-CM-du-12.09.2022.pdf-Adobe-Acrobat-Pro.jpg","contentUrl":"https:\/\/demainlargentiere.fr\/wp-content\/uploads\/2022\/09\/Convocation-CM-du-12.09.2022.pdf-Adobe-Acrobat-Pro.jpg","width":592,"height":856},{"@type":"BreadcrumbList","@id":"https:\/\/demainlargentiere.fr\/index.php\/cm-du-12-septembre-2022-plu-credits\/#breadcrumb","itemListElement":[{"@type":"ListItem","position":1,"name":"Accueil","item":"https:\/\/demainlargentiere.fr\/"},{"@type":"ListItem","position":2,"name":"CM du 12 septembre 2022 &#8211; quelques formalit\u00e9s mais nombreuses questions diverses"}]},{"@type":"WebSite","@id":"http:\/\/demainlargentiere.fr\/#website","url":"http:\/\/demainlargentiere.fr\/","name":"Demain LARGENTIERE !","description":"Ensemble, cr\u00e9ons demain.","publisher":{"@id":"http:\/\/demainlargentiere.fr\/#organization"},"potentialAction":[{"@type":"SearchAction","target":{"@type":"EntryPoint","urlTemplate":"http:\/\/demainlargentiere.fr\/?s={search_term_string}"},"query-input":{"@type":"PropertyValueSpecification","valueRequired":true,"valueName":"search_term_string"}}],"inLanguage":"fr-FR"},{"@type":"Organization","@id":"http:\/\/demainlargentiere.fr\/#organization","name":"DemainLargentiere","url":"http:\/\/demainlargentiere.fr\/","logo":{"@type":"ImageObject","inLanguage":"fr-FR","@id":"http:\/\/demainlargentiere.fr\/#\/schema\/logo\/image\/","url":"http:\/\/demainlargentiere.fr\/wp-content\/uploads\/2020\/02\/logo-250x250-1.png","contentUrl":"http:\/\/demainlargentiere.fr\/wp-content\/uploads\/2020\/02\/logo-250x250-1.png","width":250,"height":250,"caption":"DemainLargentiere"},"image":{"@id":"http:\/\/demainlargentiere.fr\/#\/schema\/logo\/image\/"},"sameAs":["https:\/\/www.facebook.com\/DemainLargentiere\/"]}]}},"_links":{"self":[{"href":"https:\/\/demainlargentiere.fr\/index.php\/wp-json\/wp\/v2\/pages\/3952","targetHints":{"allow":["GET"]}}],"collection":[{"href":"https:\/\/demainlargentiere.fr\/index.php\/wp-json\/wp\/v2\/pages"}],"about":[{"href":"https:\/\/demainlargentiere.fr\/index.php\/wp-json\/wp\/v2\/types\/page"}],"author":[{"embeddable":true,"href":"https:\/\/demainlargentiere.fr\/index.php\/wp-json\/wp\/v2\/users\/2"}],"replies":[{"embeddable":true,"href":"https:\/\/demainlargentiere.fr\/index.php\/wp-json\/wp\/v2\/comments?post=3952"}],"version-history":[{"count":4,"href":"https:\/\/demainlargentiere.fr\/index.php\/wp-json\/wp\/v2\/pages\/3952\/revisions"}],"predecessor-version":[{"id":3996,"href":"https:\/\/demainlargentiere.fr\/index.php\/wp-json\/wp\/v2\/pages\/3952\/revisions\/3996"}],"wp:attachment":[{"href":"https:\/\/demainlargentiere.fr\/index.php\/wp-json\/wp\/v2\/media?parent=3952"}],"curies":[{"name":"wp","href":"https:\/\/api.w.org\/{rel}","templated":true}]}}