{"id":4182,"date":"2022-12-13T21:26:34","date_gmt":"2022-12-13T20:26:34","guid":{"rendered":"http:\/\/demainlargentiere.fr\/?page_id=4182"},"modified":"2022-12-23T11:31:10","modified_gmt":"2022-12-23T10:31:10","slug":"cm-du-13-decembre-2022-projets-communaux-et-demande-de-subvention","status":"publish","type":"page","link":"https:\/\/demainlargentiere.fr\/index.php\/cm-du-13-decembre-2022-projets-communaux-et-demande-de-subvention\/","title":{"rendered":"CM du 13 d\u00e9cembre 2022 \u2013 projets communaux et demande de subventions"},"content":{"rendered":"\n<figure class=\"wp-block-image size-full\"><img loading=\"lazy\" decoding=\"async\" width=\"575\" height=\"258\" src=\"http:\/\/demainlargentiere.fr\/wp-content\/uploads\/2022\/12\/Convocation-CM-13.12.2022.pdf-Adobe-Acrobat-Pro.jpg\" alt=\"\" class=\"wp-image-4183\" srcset=\"https:\/\/demainlargentiere.fr\/wp-content\/uploads\/2022\/12\/Convocation-CM-13.12.2022.pdf-Adobe-Acrobat-Pro.jpg 575w, https:\/\/demainlargentiere.fr\/wp-content\/uploads\/2022\/12\/Convocation-CM-13.12.2022.pdf-Adobe-Acrobat-Pro-300x135.jpg 300w\" sizes=\"auto, (max-width: 575px) 100vw, 575px\" \/><\/figure>\n\n\n\n<h4 class=\"wp-block-heading\">Nos prises de parole<\/h4>\n\n\n\n<p>Des \u00e9claircissements et plusieurs questions ont \u00e9t\u00e9 pos\u00e9es sur les recherches de subventions que la commune souhaite faire pour les projets communaux.<\/p>\n\n\n\n<p>En question diverse, il a \u00e9t\u00e9 redemand\u00e9 o\u00f9 on en est avec le ch\u00e2teau, dossier qui n&rsquo;a pas avanc\u00e9.<\/p>\n\n\n\n<p>Nous avons \u00e9galement demand\u00e9 les formations pour les agents communaux qui ont \u00e9t\u00e9 dispens\u00e9es, mais aucune en cours \u00e0 ce jour alors qu&rsquo;une enveloppe de 3500 \u20ac avait \u00e9t\u00e9 budg\u00e9t\u00e9. Or des besoins en formation ont \u00e9t\u00e9 soulign\u00e9, en particulier pour l&rsquo;\u00e9cole.<\/p>\n\n\n\n<p>Nous avons interrog\u00e9 sur la non distribution des petites valises en carton pour le tri-s\u00e9lectif.<\/p>\n\n\n\n<p>Comme la tenue des commissions ne se fait pas nous avons demand\u00e9 les bilans financiers de toutes les derni\u00e8res animations (halloween, carnaval, march\u00e9 de no\u00ebl, vide grenier&#8230;)<\/p>\n\n\n\n<h4 class=\"wp-block-heading\">Podcast : enregistrement du Conseil Municipal<\/h4>\n\n\n\n<figure class=\"wp-block-audio\"><audio controls src=\"http:\/\/demainlargentiere.fr\/wp-content\/uploads\/2022\/12\/20-conseil-muni-13-12-22.mp3\"><\/audio><\/figure>\n\n\n\n<h4 class=\"wp-block-heading\">Retour presse<\/h4>\n\n\n\n<figure class=\"wp-block-image size-large\"><img loading=\"lazy\" decoding=\"async\" width=\"1024\" height=\"383\" src=\"http:\/\/demainlargentiere.fr\/wp-content\/uploads\/2022\/12\/Art-presse-CM-13.12.202--1024x383.jpg\" alt=\"\" class=\"wp-image-4212\" srcset=\"https:\/\/demainlargentiere.fr\/wp-content\/uploads\/2022\/12\/Art-presse-CM-13.12.202--1024x383.jpg 1024w, https:\/\/demainlargentiere.fr\/wp-content\/uploads\/2022\/12\/Art-presse-CM-13.12.202--300x112.jpg 300w, https:\/\/demainlargentiere.fr\/wp-content\/uploads\/2022\/12\/Art-presse-CM-13.12.202--768x287.jpg 768w, https:\/\/demainlargentiere.fr\/wp-content\/uploads\/2022\/12\/Art-presse-CM-13.12.202--1536x575.jpg 1536w, https:\/\/demainlargentiere.fr\/wp-content\/uploads\/2022\/12\/Art-presse-CM-13.12.202--2048x766.jpg 2048w, https:\/\/demainlargentiere.fr\/wp-content\/uploads\/2022\/12\/Art-presse-CM-13.12.202--1568x587.jpg 1568w\" sizes=\"auto, (max-width: 1024px) 100vw, 1024px\" \/><\/figure>\n","protected":false},"excerpt":{"rendered":"<p>Nos prises de parole Des \u00e9claircissements et plusieurs questions ont \u00e9t\u00e9 pos\u00e9es sur les recherches de subventions que la commune souhaite faire pour les projets communaux. En question diverse, il a \u00e9t\u00e9 redemand\u00e9 o\u00f9 on en est avec le ch\u00e2teau, dossier qui n&rsquo;a pas avanc\u00e9. Nous avons \u00e9galement demand\u00e9 les formations pour les agents communaux &hellip; <\/p>\n<p class=\"link-more\"><a href=\"https:\/\/demainlargentiere.fr\/index.php\/cm-du-13-decembre-2022-projets-communaux-et-demande-de-subvention\/\" class=\"more-link\">Continuer la lecture <span class=\"screen-reader-text\"> \u00ab\u00a0CM du 13 d\u00e9cembre 2022 \u2013 projets communaux et demande de subventions\u00a0\u00bb<\/span><\/a><\/p>\n","protected":false},"author":2,"featured_media":0,"parent":0,"menu_order":0,"comment_status":"closed","ping_status":"closed","template":"","meta":{"ngg_post_thumbnail":0,"footnotes":""},"class_list":["post-4182","page","type-page","status-publish","hentry","entry"],"yoast_head":"<!-- This site is optimized with the Yoast SEO plugin v27.4 - https:\/\/yoast.com\/product\/yoast-seo-wordpress\/ -->\n<title>CM du 13 d\u00e9cembre 2022 \u2013 projets communaux et demande de subventions - Demain LARGENTIERE !<\/title>\n<meta name=\"robots\" content=\"index, follow, max-snippet:-1, max-image-preview:large, max-video-preview:-1\" \/>\n<link rel=\"canonical\" href=\"https:\/\/demainlargentiere.fr\/index.php\/cm-du-13-decembre-2022-projets-communaux-et-demande-de-subvention\/\" \/>\n<meta property=\"og:locale\" content=\"fr_FR\" \/>\n<meta property=\"og:type\" content=\"article\" \/>\n<meta property=\"og:title\" content=\"CM du 13 d\u00e9cembre 2022 \u2013 projets communaux et demande de subventions - Demain LARGENTIERE !\" \/>\n<meta property=\"og:description\" content=\"Nos prises de parole Des \u00e9claircissements et plusieurs questions ont \u00e9t\u00e9 pos\u00e9es sur les recherches de subventions que la commune souhaite faire pour les projets communaux. En question diverse, il a \u00e9t\u00e9 redemand\u00e9 o\u00f9 on en est avec le ch\u00e2teau, dossier qui n&rsquo;a pas avanc\u00e9. Nous avons \u00e9galement demand\u00e9 les formations pour les agents communaux &hellip; Continuer la lecture \u00ab\u00a0CM du 13 d\u00e9cembre 2022 \u2013 projets communaux et demande de subventions\u00a0\u00bb\" \/>\n<meta property=\"og:url\" content=\"https:\/\/demainlargentiere.fr\/index.php\/cm-du-13-decembre-2022-projets-communaux-et-demande-de-subvention\/\" \/>\n<meta property=\"og:site_name\" content=\"Demain LARGENTIERE !\" \/>\n<meta property=\"article:publisher\" content=\"https:\/\/www.facebook.com\/DemainLargentiere\/\" \/>\n<meta property=\"article:modified_time\" content=\"2022-12-23T10:31:10+00:00\" \/>\n<meta property=\"og:image\" content=\"http:\/\/demainlargentiere.fr\/wp-content\/uploads\/2022\/12\/Convocation-CM-13.12.2022.pdf-Adobe-Acrobat-Pro.jpg\" \/>\n<meta name=\"twitter:card\" content=\"summary_large_image\" \/>\n<meta name=\"twitter:label1\" content=\"Dur\u00e9e de lecture estim\u00e9e\" \/>\n\t<meta name=\"twitter:data1\" content=\"2 minutes\" \/>\n<script type=\"application\/ld+json\" class=\"yoast-schema-graph\">{\"@context\":\"https:\\\/\\\/schema.org\",\"@graph\":[{\"@type\":\"WebPage\",\"@id\":\"https:\\\/\\\/demainlargentiere.fr\\\/index.php\\\/cm-du-13-decembre-2022-projets-communaux-et-demande-de-subvention\\\/\",\"url\":\"https:\\\/\\\/demainlargentiere.fr\\\/index.php\\\/cm-du-13-decembre-2022-projets-communaux-et-demande-de-subvention\\\/\",\"name\":\"CM du 13 d\u00e9cembre 2022 \u2013 projets communaux et demande de subventions - Demain LARGENTIERE !\",\"isPartOf\":{\"@id\":\"http:\\\/\\\/demainlargentiere.fr\\\/#website\"},\"primaryImageOfPage\":{\"@id\":\"https:\\\/\\\/demainlargentiere.fr\\\/index.php\\\/cm-du-13-decembre-2022-projets-communaux-et-demande-de-subvention\\\/#primaryimage\"},\"image\":{\"@id\":\"https:\\\/\\\/demainlargentiere.fr\\\/index.php\\\/cm-du-13-decembre-2022-projets-communaux-et-demande-de-subvention\\\/#primaryimage\"},\"thumbnailUrl\":\"http:\\\/\\\/demainlargentiere.fr\\\/wp-content\\\/uploads\\\/2022\\\/12\\\/Convocation-CM-13.12.2022.pdf-Adobe-Acrobat-Pro.jpg\",\"datePublished\":\"2022-12-13T20:26:34+00:00\",\"dateModified\":\"2022-12-23T10:31:10+00:00\",\"breadcrumb\":{\"@id\":\"https:\\\/\\\/demainlargentiere.fr\\\/index.php\\\/cm-du-13-decembre-2022-projets-communaux-et-demande-de-subvention\\\/#breadcrumb\"},\"inLanguage\":\"fr-FR\",\"potentialAction\":[{\"@type\":\"ReadAction\",\"target\":[\"https:\\\/\\\/demainlargentiere.fr\\\/index.php\\\/cm-du-13-decembre-2022-projets-communaux-et-demande-de-subvention\\\/\"]}]},{\"@type\":\"ImageObject\",\"inLanguage\":\"fr-FR\",\"@id\":\"https:\\\/\\\/demainlargentiere.fr\\\/index.php\\\/cm-du-13-decembre-2022-projets-communaux-et-demande-de-subvention\\\/#primaryimage\",\"url\":\"https:\\\/\\\/demainlargentiere.fr\\\/wp-content\\\/uploads\\\/2022\\\/12\\\/Convocation-CM-13.12.2022.pdf-Adobe-Acrobat-Pro.jpg\",\"contentUrl\":\"https:\\\/\\\/demainlargentiere.fr\\\/wp-content\\\/uploads\\\/2022\\\/12\\\/Convocation-CM-13.12.2022.pdf-Adobe-Acrobat-Pro.jpg\",\"width\":575,\"height\":258},{\"@type\":\"BreadcrumbList\",\"@id\":\"https:\\\/\\\/demainlargentiere.fr\\\/index.php\\\/cm-du-13-decembre-2022-projets-communaux-et-demande-de-subvention\\\/#breadcrumb\",\"itemListElement\":[{\"@type\":\"ListItem\",\"position\":1,\"name\":\"Accueil\",\"item\":\"https:\\\/\\\/demainlargentiere.fr\\\/\"},{\"@type\":\"ListItem\",\"position\":2,\"name\":\"CM du 13 d\u00e9cembre 2022 \u2013 projets communaux et demande de subventions\"}]},{\"@type\":\"WebSite\",\"@id\":\"http:\\\/\\\/demainlargentiere.fr\\\/#website\",\"url\":\"http:\\\/\\\/demainlargentiere.fr\\\/\",\"name\":\"Demain LARGENTIERE !\",\"description\":\"Ensemble, cr\u00e9ons demain.\",\"publisher\":{\"@id\":\"http:\\\/\\\/demainlargentiere.fr\\\/#organization\"},\"potentialAction\":[{\"@type\":\"SearchAction\",\"target\":{\"@type\":\"EntryPoint\",\"urlTemplate\":\"http:\\\/\\\/demainlargentiere.fr\\\/?s={search_term_string}\"},\"query-input\":{\"@type\":\"PropertyValueSpecification\",\"valueRequired\":true,\"valueName\":\"search_term_string\"}}],\"inLanguage\":\"fr-FR\"},{\"@type\":\"Organization\",\"@id\":\"http:\\\/\\\/demainlargentiere.fr\\\/#organization\",\"name\":\"DemainLargentiere\",\"url\":\"http:\\\/\\\/demainlargentiere.fr\\\/\",\"logo\":{\"@type\":\"ImageObject\",\"inLanguage\":\"fr-FR\",\"@id\":\"http:\\\/\\\/demainlargentiere.fr\\\/#\\\/schema\\\/logo\\\/image\\\/\",\"url\":\"http:\\\/\\\/demainlargentiere.fr\\\/wp-content\\\/uploads\\\/2020\\\/02\\\/logo-250x250-1.png\",\"contentUrl\":\"http:\\\/\\\/demainlargentiere.fr\\\/wp-content\\\/uploads\\\/2020\\\/02\\\/logo-250x250-1.png\",\"width\":250,\"height\":250,\"caption\":\"DemainLargentiere\"},\"image\":{\"@id\":\"http:\\\/\\\/demainlargentiere.fr\\\/#\\\/schema\\\/logo\\\/image\\\/\"},\"sameAs\":[\"https:\\\/\\\/www.facebook.com\\\/DemainLargentiere\\\/\"]}]}<\/script>\n<!-- \/ Yoast SEO plugin. -->","yoast_head_json":{"title":"CM du 13 d\u00e9cembre 2022 \u2013 projets communaux et demande de subventions - Demain LARGENTIERE !","robots":{"index":"index","follow":"follow","max-snippet":"max-snippet:-1","max-image-preview":"max-image-preview:large","max-video-preview":"max-video-preview:-1"},"canonical":"https:\/\/demainlargentiere.fr\/index.php\/cm-du-13-decembre-2022-projets-communaux-et-demande-de-subvention\/","og_locale":"fr_FR","og_type":"article","og_title":"CM du 13 d\u00e9cembre 2022 \u2013 projets communaux et demande de subventions - Demain LARGENTIERE !","og_description":"Nos prises de parole Des \u00e9claircissements et plusieurs questions ont \u00e9t\u00e9 pos\u00e9es sur les recherches de subventions que la commune souhaite faire pour les projets communaux. En question diverse, il a \u00e9t\u00e9 redemand\u00e9 o\u00f9 on en est avec le ch\u00e2teau, dossier qui n&rsquo;a pas avanc\u00e9. Nous avons \u00e9galement demand\u00e9 les formations pour les agents communaux &hellip; Continuer la lecture \u00ab\u00a0CM du 13 d\u00e9cembre 2022 \u2013 projets communaux et demande de subventions\u00a0\u00bb","og_url":"https:\/\/demainlargentiere.fr\/index.php\/cm-du-13-decembre-2022-projets-communaux-et-demande-de-subvention\/","og_site_name":"Demain LARGENTIERE !","article_publisher":"https:\/\/www.facebook.com\/DemainLargentiere\/","article_modified_time":"2022-12-23T10:31:10+00:00","og_image":[{"url":"http:\/\/demainlargentiere.fr\/wp-content\/uploads\/2022\/12\/Convocation-CM-13.12.2022.pdf-Adobe-Acrobat-Pro.jpg","type":"","width":"","height":""}],"twitter_card":"summary_large_image","twitter_misc":{"Dur\u00e9e de lecture estim\u00e9e":"2 minutes"},"schema":{"@context":"https:\/\/schema.org","@graph":[{"@type":"WebPage","@id":"https:\/\/demainlargentiere.fr\/index.php\/cm-du-13-decembre-2022-projets-communaux-et-demande-de-subvention\/","url":"https:\/\/demainlargentiere.fr\/index.php\/cm-du-13-decembre-2022-projets-communaux-et-demande-de-subvention\/","name":"CM du 13 d\u00e9cembre 2022 \u2013 projets communaux et demande de subventions - Demain LARGENTIERE !","isPartOf":{"@id":"http:\/\/demainlargentiere.fr\/#website"},"primaryImageOfPage":{"@id":"https:\/\/demainlargentiere.fr\/index.php\/cm-du-13-decembre-2022-projets-communaux-et-demande-de-subvention\/#primaryimage"},"image":{"@id":"https:\/\/demainlargentiere.fr\/index.php\/cm-du-13-decembre-2022-projets-communaux-et-demande-de-subvention\/#primaryimage"},"thumbnailUrl":"http:\/\/demainlargentiere.fr\/wp-content\/uploads\/2022\/12\/Convocation-CM-13.12.2022.pdf-Adobe-Acrobat-Pro.jpg","datePublished":"2022-12-13T20:26:34+00:00","dateModified":"2022-12-23T10:31:10+00:00","breadcrumb":{"@id":"https:\/\/demainlargentiere.fr\/index.php\/cm-du-13-decembre-2022-projets-communaux-et-demande-de-subvention\/#breadcrumb"},"inLanguage":"fr-FR","potentialAction":[{"@type":"ReadAction","target":["https:\/\/demainlargentiere.fr\/index.php\/cm-du-13-decembre-2022-projets-communaux-et-demande-de-subvention\/"]}]},{"@type":"ImageObject","inLanguage":"fr-FR","@id":"https:\/\/demainlargentiere.fr\/index.php\/cm-du-13-decembre-2022-projets-communaux-et-demande-de-subvention\/#primaryimage","url":"https:\/\/demainlargentiere.fr\/wp-content\/uploads\/2022\/12\/Convocation-CM-13.12.2022.pdf-Adobe-Acrobat-Pro.jpg","contentUrl":"https:\/\/demainlargentiere.fr\/wp-content\/uploads\/2022\/12\/Convocation-CM-13.12.2022.pdf-Adobe-Acrobat-Pro.jpg","width":575,"height":258},{"@type":"BreadcrumbList","@id":"https:\/\/demainlargentiere.fr\/index.php\/cm-du-13-decembre-2022-projets-communaux-et-demande-de-subvention\/#breadcrumb","itemListElement":[{"@type":"ListItem","position":1,"name":"Accueil","item":"https:\/\/demainlargentiere.fr\/"},{"@type":"ListItem","position":2,"name":"CM du 13 d\u00e9cembre 2022 \u2013 projets communaux et demande de subventions"}]},{"@type":"WebSite","@id":"http:\/\/demainlargentiere.fr\/#website","url":"http:\/\/demainlargentiere.fr\/","name":"Demain LARGENTIERE !","description":"Ensemble, cr\u00e9ons demain.","publisher":{"@id":"http:\/\/demainlargentiere.fr\/#organization"},"potentialAction":[{"@type":"SearchAction","target":{"@type":"EntryPoint","urlTemplate":"http:\/\/demainlargentiere.fr\/?s={search_term_string}"},"query-input":{"@type":"PropertyValueSpecification","valueRequired":true,"valueName":"search_term_string"}}],"inLanguage":"fr-FR"},{"@type":"Organization","@id":"http:\/\/demainlargentiere.fr\/#organization","name":"DemainLargentiere","url":"http:\/\/demainlargentiere.fr\/","logo":{"@type":"ImageObject","inLanguage":"fr-FR","@id":"http:\/\/demainlargentiere.fr\/#\/schema\/logo\/image\/","url":"http:\/\/demainlargentiere.fr\/wp-content\/uploads\/2020\/02\/logo-250x250-1.png","contentUrl":"http:\/\/demainlargentiere.fr\/wp-content\/uploads\/2020\/02\/logo-250x250-1.png","width":250,"height":250,"caption":"DemainLargentiere"},"image":{"@id":"http:\/\/demainlargentiere.fr\/#\/schema\/logo\/image\/"},"sameAs":["https:\/\/www.facebook.com\/DemainLargentiere\/"]}]}},"_links":{"self":[{"href":"https:\/\/demainlargentiere.fr\/index.php\/wp-json\/wp\/v2\/pages\/4182","targetHints":{"allow":["GET"]}}],"collection":[{"href":"https:\/\/demainlargentiere.fr\/index.php\/wp-json\/wp\/v2\/pages"}],"about":[{"href":"https:\/\/demainlargentiere.fr\/index.php\/wp-json\/wp\/v2\/types\/page"}],"author":[{"embeddable":true,"href":"https:\/\/demainlargentiere.fr\/index.php\/wp-json\/wp\/v2\/users\/2"}],"replies":[{"embeddable":true,"href":"https:\/\/demainlargentiere.fr\/index.php\/wp-json\/wp\/v2\/comments?post=4182"}],"version-history":[{"count":5,"href":"https:\/\/demainlargentiere.fr\/index.php\/wp-json\/wp\/v2\/pages\/4182\/revisions"}],"predecessor-version":[{"id":4214,"href":"https:\/\/demainlargentiere.fr\/index.php\/wp-json\/wp\/v2\/pages\/4182\/revisions\/4214"}],"wp:attachment":[{"href":"https:\/\/demainlargentiere.fr\/index.php\/wp-json\/wp\/v2\/media?parent=4182"}],"curies":[{"name":"wp","href":"https:\/\/api.w.org\/{rel}","templated":true}]}}