{"id":4668,"date":"2023-10-13T15:45:08","date_gmt":"2023-10-13T13:45:08","guid":{"rendered":"https:\/\/demainlargentiere.fr\/?page_id=4668"},"modified":"2023-10-13T15:45:10","modified_gmt":"2023-10-13T13:45:10","slug":"cm-du-25-septembre-2023-demission-dun-elu-de-la-majorite","status":"publish","type":"page","link":"https:\/\/demainlargentiere.fr\/index.php\/cm-du-25-septembre-2023-demission-dun-elu-de-la-majorite\/","title":{"rendered":"CM du 25 septembre 2023 : d\u00e9mission d&rsquo;un \u00e9lu de la majorit\u00e9"},"content":{"rendered":"\n<figure class=\"wp-block-image size-large\"><img loading=\"lazy\" decoding=\"async\" width=\"740\" height=\"1024\" src=\"http:\/\/demainlargentiere.fr\/wp-content\/uploads\/2023\/10\/382760292_630294632624649_4688731879811804401_n-740x1024.jpg\" alt=\"\" class=\"wp-image-4669\" srcset=\"https:\/\/demainlargentiere.fr\/wp-content\/uploads\/2023\/10\/382760292_630294632624649_4688731879811804401_n-740x1024.jpg 740w, https:\/\/demainlargentiere.fr\/wp-content\/uploads\/2023\/10\/382760292_630294632624649_4688731879811804401_n-217x300.jpg 217w, https:\/\/demainlargentiere.fr\/wp-content\/uploads\/2023\/10\/382760292_630294632624649_4688731879811804401_n.jpg 750w\" sizes=\"auto, (max-width: 740px) 100vw, 740px\" \/><\/figure>\n\n\n\n<h4 class=\"wp-block-heading\">Nos prises de paroles<\/h4>\n\n\n\n<p>En plus de ces points \u00e0 l&rsquo;ordre du jour, de nombreuses questions diverses ont \u00e9t\u00e9 abord\u00e9es : ch\u00e2teau, eaux us\u00e9es, panneaux..<\/p>\n\n\n\n<h4 class=\"wp-block-heading\">Podcast du CM<\/h4>\n\n\n\n<figure class=\"wp-block-audio\"><audio controls src=\"http:\/\/demainlargentiere.fr\/wp-content\/uploads\/2023\/09\/Conseil-muni-26-09-23-Part-1.mp3\"><\/audio><\/figure>\n\n\n\n<figure class=\"wp-block-audio\"><audio controls src=\"http:\/\/demainlargentiere.fr\/wp-content\/uploads\/2023\/09\/Conseil-muni-26-09-23-Part-2.mp3\"><\/audio><\/figure>\n\n\n\n<h4 class=\"wp-block-heading\">Retour presse<\/h4>\n\n\n\n<figure class=\"wp-block-gallery has-nested-images columns-default is-cropped wp-block-gallery-1 is-layout-flex wp-block-gallery-is-layout-flex\">\n<figure class=\"wp-block-image size-large\"><img loading=\"lazy\" decoding=\"async\" width=\"667\" height=\"1024\" data-id=\"4671\" src=\"https:\/\/demainlargentiere.fr\/wp-content\/uploads\/2023\/10\/24491c95-e763-493f-813f-5e146c249065-667x1024.jpg\" alt=\"\" class=\"wp-image-4671\" srcset=\"https:\/\/demainlargentiere.fr\/wp-content\/uploads\/2023\/10\/24491c95-e763-493f-813f-5e146c249065-667x1024.jpg 667w, https:\/\/demainlargentiere.fr\/wp-content\/uploads\/2023\/10\/24491c95-e763-493f-813f-5e146c249065-195x300.jpg 195w, https:\/\/demainlargentiere.fr\/wp-content\/uploads\/2023\/10\/24491c95-e763-493f-813f-5e146c249065.jpg 738w\" sizes=\"auto, (max-width: 667px) 100vw, 667px\" \/><\/figure>\n\n\n\n<figure class=\"wp-block-image size-large\"><img loading=\"lazy\" decoding=\"async\" width=\"1024\" height=\"550\" data-id=\"4670\" src=\"https:\/\/demainlargentiere.fr\/wp-content\/uploads\/2023\/10\/Art-2-DL-CM-25.03.2023-1024x550.jpg\" alt=\"\" class=\"wp-image-4670\" srcset=\"https:\/\/demainlargentiere.fr\/wp-content\/uploads\/2023\/10\/Art-2-DL-CM-25.03.2023-1024x550.jpg 1024w, https:\/\/demainlargentiere.fr\/wp-content\/uploads\/2023\/10\/Art-2-DL-CM-25.03.2023-300x161.jpg 300w, https:\/\/demainlargentiere.fr\/wp-content\/uploads\/2023\/10\/Art-2-DL-CM-25.03.2023-768x413.jpg 768w, https:\/\/demainlargentiere.fr\/wp-content\/uploads\/2023\/10\/Art-2-DL-CM-25.03.2023-1536x826.jpg 1536w, https:\/\/demainlargentiere.fr\/wp-content\/uploads\/2023\/10\/Art-2-DL-CM-25.03.2023-2048x1101.jpg 2048w, https:\/\/demainlargentiere.fr\/wp-content\/uploads\/2023\/10\/Art-2-DL-CM-25.03.2023-1568x843.jpg 1568w\" sizes=\"auto, (max-width: 1024px) 100vw, 1024px\" \/><\/figure>\n<\/figure>\n","protected":false},"excerpt":{"rendered":"<p>Nos prises de paroles En plus de ces points \u00e0 l&rsquo;ordre du jour, de nombreuses questions diverses ont \u00e9t\u00e9 abord\u00e9es : ch\u00e2teau, eaux us\u00e9es, panneaux.. Podcast du CM Retour presse<\/p>\n","protected":false},"author":2,"featured_media":0,"parent":0,"menu_order":0,"comment_status":"closed","ping_status":"closed","template":"","meta":{"ngg_post_thumbnail":0,"footnotes":""},"class_list":["post-4668","page","type-page","status-publish","hentry","entry"],"yoast_head":"<!-- This site is optimized with the Yoast SEO plugin v27.4 - https:\/\/yoast.com\/product\/yoast-seo-wordpress\/ -->\n<title>CM du 25 septembre 2023 : d\u00e9mission d&#039;un \u00e9lu de la majorit\u00e9 - Demain LARGENTIERE !<\/title>\n<meta name=\"robots\" content=\"index, follow, max-snippet:-1, max-image-preview:large, max-video-preview:-1\" \/>\n<link rel=\"canonical\" href=\"https:\/\/demainlargentiere.fr\/index.php\/cm-du-25-septembre-2023-demission-dun-elu-de-la-majorite\/\" \/>\n<meta property=\"og:locale\" content=\"fr_FR\" \/>\n<meta property=\"og:type\" content=\"article\" \/>\n<meta property=\"og:title\" content=\"CM du 25 septembre 2023 : d\u00e9mission d&#039;un \u00e9lu de la majorit\u00e9 - Demain LARGENTIERE !\" \/>\n<meta property=\"og:description\" content=\"Nos prises de paroles En plus de ces points \u00e0 l&rsquo;ordre du jour, de nombreuses questions diverses ont \u00e9t\u00e9 abord\u00e9es : ch\u00e2teau, eaux us\u00e9es, panneaux.. Podcast du CM Retour presse\" \/>\n<meta property=\"og:url\" content=\"https:\/\/demainlargentiere.fr\/index.php\/cm-du-25-septembre-2023-demission-dun-elu-de-la-majorite\/\" \/>\n<meta property=\"og:site_name\" content=\"Demain LARGENTIERE !\" \/>\n<meta property=\"article:publisher\" content=\"https:\/\/www.facebook.com\/DemainLargentiere\/\" \/>\n<meta property=\"article:modified_time\" content=\"2023-10-13T13:45:10+00:00\" \/>\n<meta property=\"og:image\" content=\"http:\/\/demainlargentiere.fr\/wp-content\/uploads\/2023\/10\/382760292_630294632624649_4688731879811804401_n-740x1024.jpg\" \/>\n<meta name=\"twitter:card\" content=\"summary_large_image\" \/>\n<meta name=\"twitter:label1\" content=\"Dur\u00e9e de lecture estim\u00e9e\" \/>\n\t<meta name=\"twitter:data1\" content=\"1 minute\" \/>\n<script type=\"application\/ld+json\" class=\"yoast-schema-graph\">{\"@context\":\"https:\\\/\\\/schema.org\",\"@graph\":[{\"@type\":\"WebPage\",\"@id\":\"https:\\\/\\\/demainlargentiere.fr\\\/index.php\\\/cm-du-25-septembre-2023-demission-dun-elu-de-la-majorite\\\/\",\"url\":\"https:\\\/\\\/demainlargentiere.fr\\\/index.php\\\/cm-du-25-septembre-2023-demission-dun-elu-de-la-majorite\\\/\",\"name\":\"CM du 25 septembre 2023 : d\u00e9mission d'un \u00e9lu de la majorit\u00e9 - Demain LARGENTIERE !\",\"isPartOf\":{\"@id\":\"http:\\\/\\\/demainlargentiere.fr\\\/#website\"},\"primaryImageOfPage\":{\"@id\":\"https:\\\/\\\/demainlargentiere.fr\\\/index.php\\\/cm-du-25-septembre-2023-demission-dun-elu-de-la-majorite\\\/#primaryimage\"},\"image\":{\"@id\":\"https:\\\/\\\/demainlargentiere.fr\\\/index.php\\\/cm-du-25-septembre-2023-demission-dun-elu-de-la-majorite\\\/#primaryimage\"},\"thumbnailUrl\":\"http:\\\/\\\/demainlargentiere.fr\\\/wp-content\\\/uploads\\\/2023\\\/10\\\/382760292_630294632624649_4688731879811804401_n-740x1024.jpg\",\"datePublished\":\"2023-10-13T13:45:08+00:00\",\"dateModified\":\"2023-10-13T13:45:10+00:00\",\"breadcrumb\":{\"@id\":\"https:\\\/\\\/demainlargentiere.fr\\\/index.php\\\/cm-du-25-septembre-2023-demission-dun-elu-de-la-majorite\\\/#breadcrumb\"},\"inLanguage\":\"fr-FR\",\"potentialAction\":[{\"@type\":\"ReadAction\",\"target\":[\"https:\\\/\\\/demainlargentiere.fr\\\/index.php\\\/cm-du-25-septembre-2023-demission-dun-elu-de-la-majorite\\\/\"]}]},{\"@type\":\"ImageObject\",\"inLanguage\":\"fr-FR\",\"@id\":\"https:\\\/\\\/demainlargentiere.fr\\\/index.php\\\/cm-du-25-septembre-2023-demission-dun-elu-de-la-majorite\\\/#primaryimage\",\"url\":\"http:\\\/\\\/demainlargentiere.fr\\\/wp-content\\\/uploads\\\/2023\\\/10\\\/382760292_630294632624649_4688731879811804401_n-740x1024.jpg\",\"contentUrl\":\"http:\\\/\\\/demainlargentiere.fr\\\/wp-content\\\/uploads\\\/2023\\\/10\\\/382760292_630294632624649_4688731879811804401_n-740x1024.jpg\"},{\"@type\":\"BreadcrumbList\",\"@id\":\"https:\\\/\\\/demainlargentiere.fr\\\/index.php\\\/cm-du-25-septembre-2023-demission-dun-elu-de-la-majorite\\\/#breadcrumb\",\"itemListElement\":[{\"@type\":\"ListItem\",\"position\":1,\"name\":\"Accueil\",\"item\":\"https:\\\/\\\/demainlargentiere.fr\\\/\"},{\"@type\":\"ListItem\",\"position\":2,\"name\":\"CM du 25 septembre 2023 : d\u00e9mission d&rsquo;un \u00e9lu de la majorit\u00e9\"}]},{\"@type\":\"WebSite\",\"@id\":\"http:\\\/\\\/demainlargentiere.fr\\\/#website\",\"url\":\"http:\\\/\\\/demainlargentiere.fr\\\/\",\"name\":\"Demain LARGENTIERE !\",\"description\":\"Ensemble, cr\u00e9ons demain.\",\"publisher\":{\"@id\":\"http:\\\/\\\/demainlargentiere.fr\\\/#organization\"},\"potentialAction\":[{\"@type\":\"SearchAction\",\"target\":{\"@type\":\"EntryPoint\",\"urlTemplate\":\"http:\\\/\\\/demainlargentiere.fr\\\/?s={search_term_string}\"},\"query-input\":{\"@type\":\"PropertyValueSpecification\",\"valueRequired\":true,\"valueName\":\"search_term_string\"}}],\"inLanguage\":\"fr-FR\"},{\"@type\":\"Organization\",\"@id\":\"http:\\\/\\\/demainlargentiere.fr\\\/#organization\",\"name\":\"DemainLargentiere\",\"url\":\"http:\\\/\\\/demainlargentiere.fr\\\/\",\"logo\":{\"@type\":\"ImageObject\",\"inLanguage\":\"fr-FR\",\"@id\":\"http:\\\/\\\/demainlargentiere.fr\\\/#\\\/schema\\\/logo\\\/image\\\/\",\"url\":\"http:\\\/\\\/demainlargentiere.fr\\\/wp-content\\\/uploads\\\/2020\\\/02\\\/logo-250x250-1.png\",\"contentUrl\":\"http:\\\/\\\/demainlargentiere.fr\\\/wp-content\\\/uploads\\\/2020\\\/02\\\/logo-250x250-1.png\",\"width\":250,\"height\":250,\"caption\":\"DemainLargentiere\"},\"image\":{\"@id\":\"http:\\\/\\\/demainlargentiere.fr\\\/#\\\/schema\\\/logo\\\/image\\\/\"},\"sameAs\":[\"https:\\\/\\\/www.facebook.com\\\/DemainLargentiere\\\/\"]}]}<\/script>\n<!-- \/ Yoast SEO plugin. -->","yoast_head_json":{"title":"CM du 25 septembre 2023 : d\u00e9mission d'un \u00e9lu de la majorit\u00e9 - Demain LARGENTIERE !","robots":{"index":"index","follow":"follow","max-snippet":"max-snippet:-1","max-image-preview":"max-image-preview:large","max-video-preview":"max-video-preview:-1"},"canonical":"https:\/\/demainlargentiere.fr\/index.php\/cm-du-25-septembre-2023-demission-dun-elu-de-la-majorite\/","og_locale":"fr_FR","og_type":"article","og_title":"CM du 25 septembre 2023 : d\u00e9mission d'un \u00e9lu de la majorit\u00e9 - Demain LARGENTIERE !","og_description":"Nos prises de paroles En plus de ces points \u00e0 l&rsquo;ordre du jour, de nombreuses questions diverses ont \u00e9t\u00e9 abord\u00e9es : ch\u00e2teau, eaux us\u00e9es, panneaux.. Podcast du CM Retour presse","og_url":"https:\/\/demainlargentiere.fr\/index.php\/cm-du-25-septembre-2023-demission-dun-elu-de-la-majorite\/","og_site_name":"Demain LARGENTIERE !","article_publisher":"https:\/\/www.facebook.com\/DemainLargentiere\/","article_modified_time":"2023-10-13T13:45:10+00:00","og_image":[{"url":"http:\/\/demainlargentiere.fr\/wp-content\/uploads\/2023\/10\/382760292_630294632624649_4688731879811804401_n-740x1024.jpg","type":"","width":"","height":""}],"twitter_card":"summary_large_image","twitter_misc":{"Dur\u00e9e de lecture estim\u00e9e":"1 minute"},"schema":{"@context":"https:\/\/schema.org","@graph":[{"@type":"WebPage","@id":"https:\/\/demainlargentiere.fr\/index.php\/cm-du-25-septembre-2023-demission-dun-elu-de-la-majorite\/","url":"https:\/\/demainlargentiere.fr\/index.php\/cm-du-25-septembre-2023-demission-dun-elu-de-la-majorite\/","name":"CM du 25 septembre 2023 : d\u00e9mission d'un \u00e9lu de la majorit\u00e9 - Demain LARGENTIERE !","isPartOf":{"@id":"http:\/\/demainlargentiere.fr\/#website"},"primaryImageOfPage":{"@id":"https:\/\/demainlargentiere.fr\/index.php\/cm-du-25-septembre-2023-demission-dun-elu-de-la-majorite\/#primaryimage"},"image":{"@id":"https:\/\/demainlargentiere.fr\/index.php\/cm-du-25-septembre-2023-demission-dun-elu-de-la-majorite\/#primaryimage"},"thumbnailUrl":"http:\/\/demainlargentiere.fr\/wp-content\/uploads\/2023\/10\/382760292_630294632624649_4688731879811804401_n-740x1024.jpg","datePublished":"2023-10-13T13:45:08+00:00","dateModified":"2023-10-13T13:45:10+00:00","breadcrumb":{"@id":"https:\/\/demainlargentiere.fr\/index.php\/cm-du-25-septembre-2023-demission-dun-elu-de-la-majorite\/#breadcrumb"},"inLanguage":"fr-FR","potentialAction":[{"@type":"ReadAction","target":["https:\/\/demainlargentiere.fr\/index.php\/cm-du-25-septembre-2023-demission-dun-elu-de-la-majorite\/"]}]},{"@type":"ImageObject","inLanguage":"fr-FR","@id":"https:\/\/demainlargentiere.fr\/index.php\/cm-du-25-septembre-2023-demission-dun-elu-de-la-majorite\/#primaryimage","url":"http:\/\/demainlargentiere.fr\/wp-content\/uploads\/2023\/10\/382760292_630294632624649_4688731879811804401_n-740x1024.jpg","contentUrl":"http:\/\/demainlargentiere.fr\/wp-content\/uploads\/2023\/10\/382760292_630294632624649_4688731879811804401_n-740x1024.jpg"},{"@type":"BreadcrumbList","@id":"https:\/\/demainlargentiere.fr\/index.php\/cm-du-25-septembre-2023-demission-dun-elu-de-la-majorite\/#breadcrumb","itemListElement":[{"@type":"ListItem","position":1,"name":"Accueil","item":"https:\/\/demainlargentiere.fr\/"},{"@type":"ListItem","position":2,"name":"CM du 25 septembre 2023 : d\u00e9mission d&rsquo;un \u00e9lu de la majorit\u00e9"}]},{"@type":"WebSite","@id":"http:\/\/demainlargentiere.fr\/#website","url":"http:\/\/demainlargentiere.fr\/","name":"Demain LARGENTIERE !","description":"Ensemble, cr\u00e9ons demain.","publisher":{"@id":"http:\/\/demainlargentiere.fr\/#organization"},"potentialAction":[{"@type":"SearchAction","target":{"@type":"EntryPoint","urlTemplate":"http:\/\/demainlargentiere.fr\/?s={search_term_string}"},"query-input":{"@type":"PropertyValueSpecification","valueRequired":true,"valueName":"search_term_string"}}],"inLanguage":"fr-FR"},{"@type":"Organization","@id":"http:\/\/demainlargentiere.fr\/#organization","name":"DemainLargentiere","url":"http:\/\/demainlargentiere.fr\/","logo":{"@type":"ImageObject","inLanguage":"fr-FR","@id":"http:\/\/demainlargentiere.fr\/#\/schema\/logo\/image\/","url":"http:\/\/demainlargentiere.fr\/wp-content\/uploads\/2020\/02\/logo-250x250-1.png","contentUrl":"http:\/\/demainlargentiere.fr\/wp-content\/uploads\/2020\/02\/logo-250x250-1.png","width":250,"height":250,"caption":"DemainLargentiere"},"image":{"@id":"http:\/\/demainlargentiere.fr\/#\/schema\/logo\/image\/"},"sameAs":["https:\/\/www.facebook.com\/DemainLargentiere\/"]}]}},"_links":{"self":[{"href":"https:\/\/demainlargentiere.fr\/index.php\/wp-json\/wp\/v2\/pages\/4668","targetHints":{"allow":["GET"]}}],"collection":[{"href":"https:\/\/demainlargentiere.fr\/index.php\/wp-json\/wp\/v2\/pages"}],"about":[{"href":"https:\/\/demainlargentiere.fr\/index.php\/wp-json\/wp\/v2\/types\/page"}],"author":[{"embeddable":true,"href":"https:\/\/demainlargentiere.fr\/index.php\/wp-json\/wp\/v2\/users\/2"}],"replies":[{"embeddable":true,"href":"https:\/\/demainlargentiere.fr\/index.php\/wp-json\/wp\/v2\/comments?post=4668"}],"version-history":[{"count":1,"href":"https:\/\/demainlargentiere.fr\/index.php\/wp-json\/wp\/v2\/pages\/4668\/revisions"}],"predecessor-version":[{"id":4672,"href":"https:\/\/demainlargentiere.fr\/index.php\/wp-json\/wp\/v2\/pages\/4668\/revisions\/4672"}],"wp:attachment":[{"href":"https:\/\/demainlargentiere.fr\/index.php\/wp-json\/wp\/v2\/media?parent=4668"}],"curies":[{"name":"wp","href":"https:\/\/api.w.org\/{rel}","templated":true}]}}