{"id":4682,"date":"2023-12-02T15:31:12","date_gmt":"2023-12-02T14:31:12","guid":{"rendered":"http:\/\/demainlargentiere.fr\/?page_id=4682"},"modified":"2024-01-31T09:49:32","modified_gmt":"2024-01-31T08:49:32","slug":"cm-du-27-novembre-2023-subvention-aux-associations","status":"publish","type":"page","link":"https:\/\/demainlargentiere.fr\/index.php\/cm-du-27-novembre-2023-subvention-aux-associations\/","title":{"rendered":"CM du 27 novembre 2023 : subvention aux associations"},"content":{"rendered":"\n<figure class=\"wp-block-image size-full\"><img loading=\"lazy\" decoding=\"async\" width=\"830\" height=\"363\" src=\"http:\/\/demainlargentiere.fr\/wp-content\/uploads\/2023\/12\/Adobe-Genuine-Service-Alert.jpg\" alt=\"\" class=\"wp-image-4684\" srcset=\"https:\/\/demainlargentiere.fr\/wp-content\/uploads\/2023\/12\/Adobe-Genuine-Service-Alert.jpg 830w, https:\/\/demainlargentiere.fr\/wp-content\/uploads\/2023\/12\/Adobe-Genuine-Service-Alert-300x131.jpg 300w, https:\/\/demainlargentiere.fr\/wp-content\/uploads\/2023\/12\/Adobe-Genuine-Service-Alert-768x336.jpg 768w\" sizes=\"auto, (max-width: 830px) 100vw, 830px\" \/><\/figure>\n\n\n\n<h4 class=\"wp-block-heading\">Nos prises de paroles minut\u00e9es par rapport \u00e0 l&rsquo;audio<\/h4>\n\n\n\n<p>&#8211; d\u00e9but de l&rsquo;audio : Lettre M. Lacroix &#8211; 1mn40 Approbation PV &#8211; 2mn57 Rapport activit\u00e9 Comcom<\/p>\n\n\n\n<p>&#8211; 6mn DETR &gt; prise de parole &#8211; 38mn40 Tableau personnel &#8211; 51mn30 Avenant contrat MNT <\/p>\n\n\n\n<p>&#8211; 55mn Classement parcelles domaine public &gt; prise de parole et report &#8211; 59mn Subventions assos &gt; prise de parole et vote contre<\/p>\n\n\n\n<p>&#8211; 1h26mn Compte rendus d\u00e9cisions &#8211; 1h30 Questions diverses &gt; prise de parole<\/p>\n\n\n\n<figure class=\"wp-block-image size-full\"><img loading=\"lazy\" decoding=\"async\" width=\"782\" height=\"615\" src=\"http:\/\/demainlargentiere.fr\/wp-content\/uploads\/2024\/01\/Compte-rendu-du-CM-du-27.11.2023-villardmilene@gmail.com-Gmail-Google-Chrome.jpg\" alt=\"\" class=\"wp-image-4716\" srcset=\"https:\/\/demainlargentiere.fr\/wp-content\/uploads\/2024\/01\/Compte-rendu-du-CM-du-27.11.2023-villardmilene@gmail.com-Gmail-Google-Chrome.jpg 782w, https:\/\/demainlargentiere.fr\/wp-content\/uploads\/2024\/01\/Compte-rendu-du-CM-du-27.11.2023-villardmilene@gmail.com-Gmail-Google-Chrome-300x236.jpg 300w, https:\/\/demainlargentiere.fr\/wp-content\/uploads\/2024\/01\/Compte-rendu-du-CM-du-27.11.2023-villardmilene@gmail.com-Gmail-Google-Chrome-768x604.jpg 768w\" sizes=\"auto, (max-width: 782px) 100vw, 782px\" \/><figcaption class=\"wp-element-caption\">Extrait du CR du CM en lien sur le site de la Mairie<\/figcaption><\/figure>\n\n\n\n<p><strong>23 associations subventionn\u00e9es, oui mais\u2026 <\/strong><\/p>\n\n\n\n<p>La municipalit\u00e9 soutient majoritairement les associations qui en font la demande, ce qui pourrait nous ravir. Pourtant, <strong>depuis le d\u00e9but du mandat, Demain Largenti\u00e8re met en \u00e9vidence 4 axes d\u2019am\u00e9lioration <\/strong>qui ne sont pas suivis d\u2019effets. Cela ne permet pas une \u00e9quit\u00e9 de traitement et p\u00e9nalise le bon fonctionnement des associations en pr\u00e9carisant leur tr\u00e9sorerie.&nbsp; De plus, la totalit\u00e9 des subventions allou\u00e9es atteignent 10 980<a href=\"#_msocom_1\">[1]<\/a>&nbsp; \u20ac, alors que nous avons constat\u00e9 que les enveloppes de communes de taille \u00e9quivalente du secteur peuvent s&rsquo;\u00e9lever \u00e0 70 000 \u20ac environ.<\/p>\n\n\n\n<p><strong>Nous proposons :<\/strong><\/p>\n\n\n\n<p>1. Un soutien plus affirm\u00e9 aux associations<\/p>\n\n\n\n<p>2. Des subventions vers\u00e9es en d\u00e9but d\u2019ann\u00e9e plut\u00f4t qu\u2019\u00e0 la fin (avant le 31 mars plut\u00f4t en fin d\u2019ann\u00e9e)<\/p>\n\n\n\n<p>3. Des crit\u00e8res d\u2019attribution d\u00e9finis : <\/p>\n\n\n\n<ul class=\"wp-block-list\">\n<li>Diff\u00e9rencier subvention de fonctionnement et subvention de projet (or certaines se voit reprocher qu&rsquo;elles n&rsquo;ont pas de projet or la subvention sur du fonctionnement est tout \u00e0 fait l\u00e9gitime).<\/li>\n<\/ul>\n\n\n\n<ul class=\"wp-block-list\">\n<li>Identifier le nombre d\u2019adh\u00e9rent\u00b7e\u00b7s, les types de publics, le rayonnement territorial de la structure.<\/li>\n\n\n\n<li>Conna\u00eetre l\u2019historique et la sant\u00e9 financi\u00e8re de l\u2019association.<\/li>\n\n\n\n<li>Prendre en compte les contributions en nature de la mairie (mise \u00e0 disposition de locaux, pr\u00eat de mat\u00e9riel\u2026) et les valoriser et \u00e0 ajouter \u00e0 la contribution financi\u00e8re sollicit\u00e9e. Il y aurait peut-\u00eatre des diff\u00e9rences de traitement qui ne sont pas notable \u00e0 l&rsquo;heure actuelle<\/li>\n<\/ul>\n\n\n\n<p>4. Plus de communication et de transparence, notamment \u00e0 travers un calendrier pr\u00e9cis<\/p>\n\n\n\n<hr class=\"wp-block-separator has-alpha-channel-opacity\"\/>\n\n\n\n<p><strong>R\u00e9sultat <\/strong>: c\u2019est d\u2019une part tr\u00e8s inconfortable pour les associations, pr\u00e9carisant pour leur tr\u00e9sorerie et d&rsquo;autres part, suivant les associations, l&rsquo;honn\u00eatet\u00e9 de la demande m\u00eame est remise en question, comment peut-on r\u00e9ussir \u00e0 juger sur des donn\u00e9es aussi subjectives ?<\/p>\n\n\n\n<p>Le plus : retranscription partielle de l&rsquo;attribution des subventions ci-dessous !<\/p>\n\n\n\n<figure class=\"wp-block-image size-full\"><img loading=\"lazy\" decoding=\"async\" width=\"815\" height=\"680\" src=\"http:\/\/demainlargentiere.fr\/wp-content\/uploads\/2024\/01\/Compte-rendu-du-CM-du-27.11.2023-villardmilene@gmail.ce_.jpg\" alt=\"\" class=\"wp-image-4718\" srcset=\"https:\/\/demainlargentiere.fr\/wp-content\/uploads\/2024\/01\/Compte-rendu-du-CM-du-27.11.2023-villardmilene@gmail.ce_.jpg 815w, https:\/\/demainlargentiere.fr\/wp-content\/uploads\/2024\/01\/Compte-rendu-du-CM-du-27.11.2023-villardmilene@gmail.ce_-300x250.jpg 300w, https:\/\/demainlargentiere.fr\/wp-content\/uploads\/2024\/01\/Compte-rendu-du-CM-du-27.11.2023-villardmilene@gmail.ce_-768x641.jpg 768w\" sizes=\"auto, (max-width: 815px) 100vw, 815px\" \/><figcaption class=\"wp-element-caption\">Extrait du CR du CM en lien sur le site de la Mairie<\/figcaption><\/figure>\n\n\n\n<h4 class=\"wp-block-heading\">Podcast \/ audio du CM<\/h4>\n\n\n\n<figure class=\"wp-block-audio\"><audio controls src=\"http:\/\/demainlargentiere.fr\/wp-content\/uploads\/2023\/12\/Conseil-muni-27-11-23-Part-1.mp3\"><\/audio><\/figure>\n\n\n\n<figure class=\"wp-block-audio\"><audio controls src=\"http:\/\/demainlargentiere.fr\/wp-content\/uploads\/2023\/12\/Conseil-muni-27-11-23-Part-2.mp3\"><\/audio><\/figure>\n\n\n\n<h4 class=\"wp-block-heading\">Retranscription partielle n\u00b0 1 : classement de la parcelle du ch\u00e2teau<\/h4>\n\n\n\n<p>A plusieurs reprises depuis le d\u00e9but du mandat, nous avons demand\u00e9 que les points \u00e0 l&rsquo;ordre du jour des conseils municipaux soient plus pr\u00e9cis mais nos requ\u00eates n&rsquo;ont pas \u00e9t\u00e9 entendues. Ce qui a amen\u00e9 les 4 \u00e9lu\u00b7e\u00b7s de Demain Largenti\u00e8re \u00e0 demander le report d&rsquo;une d\u00e9lib\u00e9ration lors du conseil municipal du 27 novembre 2023. Sur la convocation \u00e9tait \u00e9crit \u00ab\u00a0classement de parcelles dans le domaine public\u00a0\u00bb. Or le souhait de la majorit\u00e9 municipale \u00e9tait d&rsquo;inscrire la parcelle du ch\u00e2teau dans le domaine priv\u00e9 de la commune, ce qui est l&rsquo;exact contraire. Nous avons donc obtenu le report de cette d\u00e9lib\u00e9ration.<\/p>\n\n\n<div class=\"sdm_download_button_box_default\"><div class=\"sdm_download_link\"><a href=\"https:\/\/demainlargentiere.fr\/?sdm_process_download=1&download_id=4771\" class=\"sdm_download green\" title=\"Retranscription partielle CM 27.11.23 classement de parcelle ch\u00e2teau\" >T\u00e9l\u00e9charger la retranscription partielle 1<\/a><\/div><\/div>\n\n\n\n<h4 class=\"wp-block-heading\">Retranscription partielle n\u00b02 : les attributions de subvention 2023<\/h4>\n\n\n\n<p>Lors du vote des subventions aux associations en conseil municipal du 27 novembre2023, Mr Guillemin (4\u00e8me adjoint \u00e0 la jeunesse, au sport, \u00e0 la vie associative et la culture) a propos\u00e9 que les subventions soient vers\u00e9es aux associations qui participeront aux animations organis\u00e9es par la mairie, comme le forum des associations.<\/p>\n\n\n\n<p>Or comme le rappelle l\u2019annexe \u00e0 la circulaire du Premier ministre relative aux relations partenariales entre les pouvoirs publics et les associations :<\/p>\n\n\n\n<p><em><strong>\u00ab L\u2019attribution d\u2019une subvention n\u2019a pas pour objet de r\u00e9pondre \u00e0 un besoin propre exprim\u00e9 au pr\u00e9alable par une autorit\u00e9 publique. \u00bb<\/strong><\/em><\/p>\n\n\n<div class=\"sdm_download_button_box_default\"><div class=\"sdm_download_link\"><a href=\"https:\/\/demainlargentiere.fr\/?sdm_process_download=1&download_id=4768\" class=\"sdm_download green\" title=\"Retranscription partielle CM 27.11.23 subvention aux associations\" >T\u00e9l\u00e9charger la retranscription partielle 2<\/a><\/div><\/div>\n\n\n\n<h4 class=\"wp-block-heading\">Retour presse<\/h4>\n\n\n\n<figure class=\"wp-block-image size-large is-resized\"><img loading=\"lazy\" decoding=\"async\" src=\"http:\/\/demainlargentiere.fr\/wp-content\/uploads\/2023\/12\/Art-DL-CM-27.112023-coupe-1001x1024.jpg\" alt=\"\" class=\"wp-image-4685\" width=\"503\" height=\"515\" srcset=\"https:\/\/demainlargentiere.fr\/wp-content\/uploads\/2023\/12\/Art-DL-CM-27.112023-coupe-1001x1024.jpg 1001w, https:\/\/demainlargentiere.fr\/wp-content\/uploads\/2023\/12\/Art-DL-CM-27.112023-coupe-293x300.jpg 293w, https:\/\/demainlargentiere.fr\/wp-content\/uploads\/2023\/12\/Art-DL-CM-27.112023-coupe-768x785.jpg 768w, https:\/\/demainlargentiere.fr\/wp-content\/uploads\/2023\/12\/Art-DL-CM-27.112023-coupe-1502x1536.jpg 1502w, https:\/\/demainlargentiere.fr\/wp-content\/uploads\/2023\/12\/Art-DL-CM-27.112023-coupe-2003x2048.jpg 2003w, https:\/\/demainlargentiere.fr\/wp-content\/uploads\/2023\/12\/Art-DL-CM-27.112023-coupe-1568x1603.jpg 1568w, https:\/\/demainlargentiere.fr\/wp-content\/uploads\/2023\/12\/Art-DL-CM-27.112023-coupe.jpg 2038w\" sizes=\"auto, (max-width: 503px) 100vw, 503px\" \/><\/figure>\n","protected":false},"excerpt":{"rendered":"<p>Nos prises de paroles minut\u00e9es par rapport \u00e0 l&rsquo;audio &#8211; d\u00e9but de l&rsquo;audio : Lettre M. Lacroix &#8211; 1mn40 Approbation PV &#8211; 2mn57 Rapport activit\u00e9 Comcom &#8211; 6mn DETR &gt; prise de parole &#8211; 38mn40 Tableau personnel &#8211; 51mn30 Avenant contrat MNT &#8211; 55mn Classement parcelles domaine public &gt; prise de parole et report &#8211; &hellip; <\/p>\n<p class=\"link-more\"><a href=\"https:\/\/demainlargentiere.fr\/index.php\/cm-du-27-novembre-2023-subvention-aux-associations\/\" class=\"more-link\">Continuer la lecture <span class=\"screen-reader-text\"> \u00ab\u00a0CM du 27 novembre 2023 : subvention aux associations\u00a0\u00bb<\/span><\/a><\/p>\n","protected":false},"author":2,"featured_media":0,"parent":0,"menu_order":0,"comment_status":"closed","ping_status":"closed","template":"","meta":{"ngg_post_thumbnail":0,"footnotes":""},"class_list":["post-4682","page","type-page","status-publish","hentry","entry"],"yoast_head":"<!-- This site is optimized with the Yoast SEO plugin v27.4 - https:\/\/yoast.com\/product\/yoast-seo-wordpress\/ -->\n<title>CM du 27 novembre 2023 : subvention aux associations - Demain LARGENTIERE !<\/title>\n<meta name=\"robots\" content=\"index, follow, max-snippet:-1, max-image-preview:large, max-video-preview:-1\" \/>\n<link rel=\"canonical\" href=\"http:\/\/demainlargentiere.fr\/index.php\/cm-du-27-novembre-2023-subvention-aux-associations\/\" \/>\n<meta property=\"og:locale\" content=\"fr_FR\" \/>\n<meta property=\"og:type\" content=\"article\" \/>\n<meta property=\"og:title\" content=\"CM du 27 novembre 2023 : subvention aux associations - Demain LARGENTIERE !\" \/>\n<meta property=\"og:description\" content=\"Nos prises de paroles minut\u00e9es par rapport \u00e0 l&rsquo;audio &#8211; d\u00e9but de l&rsquo;audio : Lettre M. Lacroix &#8211; 1mn40 Approbation PV &#8211; 2mn57 Rapport activit\u00e9 Comcom &#8211; 6mn DETR &gt; prise de parole &#8211; 38mn40 Tableau personnel &#8211; 51mn30 Avenant contrat MNT &#8211; 55mn Classement parcelles domaine public &gt; prise de parole et report &#8211; &hellip; Continuer la lecture \u00ab\u00a0CM du 27 novembre 2023 : subvention aux associations\u00a0\u00bb\" \/>\n<meta property=\"og:url\" content=\"http:\/\/demainlargentiere.fr\/index.php\/cm-du-27-novembre-2023-subvention-aux-associations\/\" \/>\n<meta property=\"og:site_name\" content=\"Demain LARGENTIERE !\" \/>\n<meta property=\"article:publisher\" content=\"https:\/\/www.facebook.com\/DemainLargentiere\/\" \/>\n<meta property=\"article:modified_time\" content=\"2024-01-31T08:49:32+00:00\" \/>\n<meta property=\"og:image\" content=\"http:\/\/demainlargentiere.fr\/wp-content\/uploads\/2023\/12\/Adobe-Genuine-Service-Alert.jpg\" \/>\n<meta name=\"twitter:card\" content=\"summary_large_image\" \/>\n<meta name=\"twitter:label1\" content=\"Dur\u00e9e de lecture estim\u00e9e\" \/>\n\t<meta name=\"twitter:data1\" content=\"4 minutes\" \/>\n<script type=\"application\/ld+json\" class=\"yoast-schema-graph\">{\"@context\":\"https:\\\/\\\/schema.org\",\"@graph\":[{\"@type\":\"WebPage\",\"@id\":\"http:\\\/\\\/demainlargentiere.fr\\\/index.php\\\/cm-du-27-novembre-2023-subvention-aux-associations\\\/\",\"url\":\"http:\\\/\\\/demainlargentiere.fr\\\/index.php\\\/cm-du-27-novembre-2023-subvention-aux-associations\\\/\",\"name\":\"CM du 27 novembre 2023 : subvention aux associations - Demain LARGENTIERE !\",\"isPartOf\":{\"@id\":\"http:\\\/\\\/demainlargentiere.fr\\\/#website\"},\"primaryImageOfPage\":{\"@id\":\"http:\\\/\\\/demainlargentiere.fr\\\/index.php\\\/cm-du-27-novembre-2023-subvention-aux-associations\\\/#primaryimage\"},\"image\":{\"@id\":\"http:\\\/\\\/demainlargentiere.fr\\\/index.php\\\/cm-du-27-novembre-2023-subvention-aux-associations\\\/#primaryimage\"},\"thumbnailUrl\":\"http:\\\/\\\/demainlargentiere.fr\\\/wp-content\\\/uploads\\\/2023\\\/12\\\/Adobe-Genuine-Service-Alert.jpg\",\"datePublished\":\"2023-12-02T14:31:12+00:00\",\"dateModified\":\"2024-01-31T08:49:32+00:00\",\"breadcrumb\":{\"@id\":\"http:\\\/\\\/demainlargentiere.fr\\\/index.php\\\/cm-du-27-novembre-2023-subvention-aux-associations\\\/#breadcrumb\"},\"inLanguage\":\"fr-FR\",\"potentialAction\":[{\"@type\":\"ReadAction\",\"target\":[\"http:\\\/\\\/demainlargentiere.fr\\\/index.php\\\/cm-du-27-novembre-2023-subvention-aux-associations\\\/\"]}]},{\"@type\":\"ImageObject\",\"inLanguage\":\"fr-FR\",\"@id\":\"http:\\\/\\\/demainlargentiere.fr\\\/index.php\\\/cm-du-27-novembre-2023-subvention-aux-associations\\\/#primaryimage\",\"url\":\"https:\\\/\\\/demainlargentiere.fr\\\/wp-content\\\/uploads\\\/2023\\\/12\\\/Adobe-Genuine-Service-Alert.jpg\",\"contentUrl\":\"https:\\\/\\\/demainlargentiere.fr\\\/wp-content\\\/uploads\\\/2023\\\/12\\\/Adobe-Genuine-Service-Alert.jpg\",\"width\":830,\"height\":363},{\"@type\":\"BreadcrumbList\",\"@id\":\"http:\\\/\\\/demainlargentiere.fr\\\/index.php\\\/cm-du-27-novembre-2023-subvention-aux-associations\\\/#breadcrumb\",\"itemListElement\":[{\"@type\":\"ListItem\",\"position\":1,\"name\":\"Accueil\",\"item\":\"https:\\\/\\\/demainlargentiere.fr\\\/\"},{\"@type\":\"ListItem\",\"position\":2,\"name\":\"CM du 27 novembre 2023 : subvention aux associations\"}]},{\"@type\":\"WebSite\",\"@id\":\"http:\\\/\\\/demainlargentiere.fr\\\/#website\",\"url\":\"http:\\\/\\\/demainlargentiere.fr\\\/\",\"name\":\"Demain LARGENTIERE !\",\"description\":\"Ensemble, cr\u00e9ons demain.\",\"publisher\":{\"@id\":\"http:\\\/\\\/demainlargentiere.fr\\\/#organization\"},\"potentialAction\":[{\"@type\":\"SearchAction\",\"target\":{\"@type\":\"EntryPoint\",\"urlTemplate\":\"http:\\\/\\\/demainlargentiere.fr\\\/?s={search_term_string}\"},\"query-input\":{\"@type\":\"PropertyValueSpecification\",\"valueRequired\":true,\"valueName\":\"search_term_string\"}}],\"inLanguage\":\"fr-FR\"},{\"@type\":\"Organization\",\"@id\":\"http:\\\/\\\/demainlargentiere.fr\\\/#organization\",\"name\":\"DemainLargentiere\",\"url\":\"http:\\\/\\\/demainlargentiere.fr\\\/\",\"logo\":{\"@type\":\"ImageObject\",\"inLanguage\":\"fr-FR\",\"@id\":\"http:\\\/\\\/demainlargentiere.fr\\\/#\\\/schema\\\/logo\\\/image\\\/\",\"url\":\"http:\\\/\\\/demainlargentiere.fr\\\/wp-content\\\/uploads\\\/2020\\\/02\\\/logo-250x250-1.png\",\"contentUrl\":\"http:\\\/\\\/demainlargentiere.fr\\\/wp-content\\\/uploads\\\/2020\\\/02\\\/logo-250x250-1.png\",\"width\":250,\"height\":250,\"caption\":\"DemainLargentiere\"},\"image\":{\"@id\":\"http:\\\/\\\/demainlargentiere.fr\\\/#\\\/schema\\\/logo\\\/image\\\/\"},\"sameAs\":[\"https:\\\/\\\/www.facebook.com\\\/DemainLargentiere\\\/\"]}]}<\/script>\n<!-- \/ Yoast SEO plugin. -->","yoast_head_json":{"title":"CM du 27 novembre 2023 : subvention aux associations - Demain LARGENTIERE !","robots":{"index":"index","follow":"follow","max-snippet":"max-snippet:-1","max-image-preview":"max-image-preview:large","max-video-preview":"max-video-preview:-1"},"canonical":"http:\/\/demainlargentiere.fr\/index.php\/cm-du-27-novembre-2023-subvention-aux-associations\/","og_locale":"fr_FR","og_type":"article","og_title":"CM du 27 novembre 2023 : subvention aux associations - Demain LARGENTIERE !","og_description":"Nos prises de paroles minut\u00e9es par rapport \u00e0 l&rsquo;audio &#8211; d\u00e9but de l&rsquo;audio : Lettre M. Lacroix &#8211; 1mn40 Approbation PV &#8211; 2mn57 Rapport activit\u00e9 Comcom &#8211; 6mn DETR &gt; prise de parole &#8211; 38mn40 Tableau personnel &#8211; 51mn30 Avenant contrat MNT &#8211; 55mn Classement parcelles domaine public &gt; prise de parole et report &#8211; &hellip; Continuer la lecture \u00ab\u00a0CM du 27 novembre 2023 : subvention aux associations\u00a0\u00bb","og_url":"http:\/\/demainlargentiere.fr\/index.php\/cm-du-27-novembre-2023-subvention-aux-associations\/","og_site_name":"Demain LARGENTIERE !","article_publisher":"https:\/\/www.facebook.com\/DemainLargentiere\/","article_modified_time":"2024-01-31T08:49:32+00:00","og_image":[{"url":"http:\/\/demainlargentiere.fr\/wp-content\/uploads\/2023\/12\/Adobe-Genuine-Service-Alert.jpg","type":"","width":"","height":""}],"twitter_card":"summary_large_image","twitter_misc":{"Dur\u00e9e de lecture estim\u00e9e":"4 minutes"},"schema":{"@context":"https:\/\/schema.org","@graph":[{"@type":"WebPage","@id":"http:\/\/demainlargentiere.fr\/index.php\/cm-du-27-novembre-2023-subvention-aux-associations\/","url":"http:\/\/demainlargentiere.fr\/index.php\/cm-du-27-novembre-2023-subvention-aux-associations\/","name":"CM du 27 novembre 2023 : subvention aux associations - Demain LARGENTIERE !","isPartOf":{"@id":"http:\/\/demainlargentiere.fr\/#website"},"primaryImageOfPage":{"@id":"http:\/\/demainlargentiere.fr\/index.php\/cm-du-27-novembre-2023-subvention-aux-associations\/#primaryimage"},"image":{"@id":"http:\/\/demainlargentiere.fr\/index.php\/cm-du-27-novembre-2023-subvention-aux-associations\/#primaryimage"},"thumbnailUrl":"http:\/\/demainlargentiere.fr\/wp-content\/uploads\/2023\/12\/Adobe-Genuine-Service-Alert.jpg","datePublished":"2023-12-02T14:31:12+00:00","dateModified":"2024-01-31T08:49:32+00:00","breadcrumb":{"@id":"http:\/\/demainlargentiere.fr\/index.php\/cm-du-27-novembre-2023-subvention-aux-associations\/#breadcrumb"},"inLanguage":"fr-FR","potentialAction":[{"@type":"ReadAction","target":["http:\/\/demainlargentiere.fr\/index.php\/cm-du-27-novembre-2023-subvention-aux-associations\/"]}]},{"@type":"ImageObject","inLanguage":"fr-FR","@id":"http:\/\/demainlargentiere.fr\/index.php\/cm-du-27-novembre-2023-subvention-aux-associations\/#primaryimage","url":"https:\/\/demainlargentiere.fr\/wp-content\/uploads\/2023\/12\/Adobe-Genuine-Service-Alert.jpg","contentUrl":"https:\/\/demainlargentiere.fr\/wp-content\/uploads\/2023\/12\/Adobe-Genuine-Service-Alert.jpg","width":830,"height":363},{"@type":"BreadcrumbList","@id":"http:\/\/demainlargentiere.fr\/index.php\/cm-du-27-novembre-2023-subvention-aux-associations\/#breadcrumb","itemListElement":[{"@type":"ListItem","position":1,"name":"Accueil","item":"https:\/\/demainlargentiere.fr\/"},{"@type":"ListItem","position":2,"name":"CM du 27 novembre 2023 : subvention aux associations"}]},{"@type":"WebSite","@id":"http:\/\/demainlargentiere.fr\/#website","url":"http:\/\/demainlargentiere.fr\/","name":"Demain LARGENTIERE !","description":"Ensemble, cr\u00e9ons demain.","publisher":{"@id":"http:\/\/demainlargentiere.fr\/#organization"},"potentialAction":[{"@type":"SearchAction","target":{"@type":"EntryPoint","urlTemplate":"http:\/\/demainlargentiere.fr\/?s={search_term_string}"},"query-input":{"@type":"PropertyValueSpecification","valueRequired":true,"valueName":"search_term_string"}}],"inLanguage":"fr-FR"},{"@type":"Organization","@id":"http:\/\/demainlargentiere.fr\/#organization","name":"DemainLargentiere","url":"http:\/\/demainlargentiere.fr\/","logo":{"@type":"ImageObject","inLanguage":"fr-FR","@id":"http:\/\/demainlargentiere.fr\/#\/schema\/logo\/image\/","url":"http:\/\/demainlargentiere.fr\/wp-content\/uploads\/2020\/02\/logo-250x250-1.png","contentUrl":"http:\/\/demainlargentiere.fr\/wp-content\/uploads\/2020\/02\/logo-250x250-1.png","width":250,"height":250,"caption":"DemainLargentiere"},"image":{"@id":"http:\/\/demainlargentiere.fr\/#\/schema\/logo\/image\/"},"sameAs":["https:\/\/www.facebook.com\/DemainLargentiere\/"]}]}},"_links":{"self":[{"href":"https:\/\/demainlargentiere.fr\/index.php\/wp-json\/wp\/v2\/pages\/4682","targetHints":{"allow":["GET"]}}],"collection":[{"href":"https:\/\/demainlargentiere.fr\/index.php\/wp-json\/wp\/v2\/pages"}],"about":[{"href":"https:\/\/demainlargentiere.fr\/index.php\/wp-json\/wp\/v2\/types\/page"}],"author":[{"embeddable":true,"href":"https:\/\/demainlargentiere.fr\/index.php\/wp-json\/wp\/v2\/users\/2"}],"replies":[{"embeddable":true,"href":"https:\/\/demainlargentiere.fr\/index.php\/wp-json\/wp\/v2\/comments?post=4682"}],"version-history":[{"count":11,"href":"https:\/\/demainlargentiere.fr\/index.php\/wp-json\/wp\/v2\/pages\/4682\/revisions"}],"predecessor-version":[{"id":4790,"href":"https:\/\/demainlargentiere.fr\/index.php\/wp-json\/wp\/v2\/pages\/4682\/revisions\/4790"}],"wp:attachment":[{"href":"https:\/\/demainlargentiere.fr\/index.php\/wp-json\/wp\/v2\/media?parent=4682"}],"curies":[{"name":"wp","href":"https:\/\/api.w.org\/{rel}","templated":true}]}}