{"id":4874,"date":"2024-04-16T14:29:26","date_gmt":"2024-04-16T12:29:26","guid":{"rendered":"http:\/\/demainlargentiere.fr\/?page_id=4874"},"modified":"2024-04-17T10:41:01","modified_gmt":"2024-04-17T08:41:01","slug":"cm-du-12-avril-2024-quelles-orientations-le-budget-primitif-2024","status":"publish","type":"page","link":"https:\/\/demainlargentiere.fr\/index.php\/cm-du-12-avril-2024-quelles-orientations-le-budget-primitif-2024\/","title":{"rendered":"CM du 12 avril 2024 &#8211; Quelles orientations : le budget primitif 2024"},"content":{"rendered":"\n<figure class=\"wp-block-image size-large is-resized\"><img loading=\"lazy\" decoding=\"async\" src=\"http:\/\/demainlargentiere.fr\/wp-content\/uploads\/2024\/04\/odj-edited.jpg\" alt=\"\" class=\"wp-image-4878\" width=\"629\" height=\"1119\" srcset=\"https:\/\/demainlargentiere.fr\/wp-content\/uploads\/2024\/04\/odj-edited.jpg 713w, https:\/\/demainlargentiere.fr\/wp-content\/uploads\/2024\/04\/odj-edited-169x300.jpg 169w, https:\/\/demainlargentiere.fr\/wp-content\/uploads\/2024\/04\/odj-edited-576x1024.jpg 576w\" sizes=\"auto, (max-width: 629px) 100vw, 629px\" \/><\/figure>\n\n\n\n<h4 class=\"wp-block-heading\">Nos prises de parole sur le budget<\/h4>\n\n\n\n<p>Nous nous sommes abstenus sur le vote du budget pr\u00e9visionnel 2024 car&nbsp;<strong>nous n&rsquo;aurions pas fait les m\u00eames choix budg\u00e9taires.<\/strong>&nbsp;La majorit\u00e9 municipale a choisi de faire intervenir plusieurs entreprises pour r\u00e9aliser certaines prestations: pour exemple citons l&rsquo;entreprise Ozil pour le ramassage des cartons (4200 euros), l&rsquo;ESAT de Lalevade pour le d\u00e9sherbage des rues et du cimeti\u00e8re (28800 euros), l&rsquo;entreprise Vidal pour le d\u00e9broussaillage de la Ligne (4500 euros)&nbsp; ou encore l&rsquo;entreprise Pro Impec pour le m\u00e9nage des b\u00e2timents communaux dont l&rsquo;\u00e9cole (18600 euros), soit un montant de d\u00e9penses de&nbsp;<strong>56100<\/strong>&nbsp;euros<\/p>\n\n\n\n<p>Pour les \u00e9lu-e-s de Demain Largenti\u00e8re, il serait pr\u00e9f\u00e9rable d&rsquo;<strong>augmenter le temps de travail d&rsquo;agents \u00e0 temps non-complet ou d&#8217;embaucher un nouvel agent.<\/strong><\/p>\n\n\n\n<p>Le maire a justifi\u00e9 cette politique d&rsquo;utilisation de prestataires ext\u00e9rieurs par un \u00ab\u00a0<strong>taux d&rsquo;absent\u00e9isme par les personnels titulaires tr\u00e8s \u00e9lev\u00e9<\/strong>\u00a0\u00bb (sic)<\/p>\n\n\n\n<h3 class=\"wp-block-heading\">Podcast du conseil<\/h3>\n\n\n\n<figure class=\"wp-block-audio\"><audio controls src=\"http:\/\/demainlargentiere.fr\/wp-content\/uploads\/2024\/04\/31-CM-12.04.2024.mp3\"><\/audio><\/figure>\n","protected":false},"excerpt":{"rendered":"<p>Nos prises de parole sur le budget Nous nous sommes abstenus sur le vote du budget pr\u00e9visionnel 2024 car&nbsp;nous n&rsquo;aurions pas fait les m\u00eames choix budg\u00e9taires.&nbsp;La majorit\u00e9 municipale a choisi de faire intervenir plusieurs entreprises pour r\u00e9aliser certaines prestations: pour exemple citons l&rsquo;entreprise Ozil pour le ramassage des cartons (4200 euros), l&rsquo;ESAT de Lalevade pour &hellip; <\/p>\n<p class=\"link-more\"><a href=\"https:\/\/demainlargentiere.fr\/index.php\/cm-du-12-avril-2024-quelles-orientations-le-budget-primitif-2024\/\" class=\"more-link\">Continuer la lecture <span class=\"screen-reader-text\"> \u00ab\u00a0CM du 12 avril 2024 &#8211; Quelles orientations : le budget primitif 2024\u00a0\u00bb<\/span><\/a><\/p>\n","protected":false},"author":2,"featured_media":0,"parent":0,"menu_order":0,"comment_status":"closed","ping_status":"closed","template":"","meta":{"ngg_post_thumbnail":0,"footnotes":""},"class_list":["post-4874","page","type-page","status-publish","hentry","entry"],"yoast_head":"<!-- This site is optimized with the Yoast SEO plugin v27.4 - https:\/\/yoast.com\/product\/yoast-seo-wordpress\/ -->\n<title>CM du 12 avril 2024 - Quelles orientations : le budget primitif 2024 - Demain LARGENTIERE !<\/title>\n<meta name=\"robots\" content=\"index, follow, max-snippet:-1, max-image-preview:large, max-video-preview:-1\" \/>\n<link rel=\"canonical\" href=\"https:\/\/demainlargentiere.fr\/index.php\/cm-du-12-avril-2024-quelles-orientations-le-budget-primitif-2024\/\" \/>\n<meta property=\"og:locale\" content=\"fr_FR\" \/>\n<meta property=\"og:type\" content=\"article\" \/>\n<meta property=\"og:title\" content=\"CM du 12 avril 2024 - Quelles orientations : le budget primitif 2024 - Demain LARGENTIERE !\" \/>\n<meta property=\"og:description\" content=\"Nos prises de parole sur le budget Nous nous sommes abstenus sur le vote du budget pr\u00e9visionnel 2024 car&nbsp;nous n&rsquo;aurions pas fait les m\u00eames choix budg\u00e9taires.&nbsp;La majorit\u00e9 municipale a choisi de faire intervenir plusieurs entreprises pour r\u00e9aliser certaines prestations: pour exemple citons l&rsquo;entreprise Ozil pour le ramassage des cartons (4200 euros), l&rsquo;ESAT de Lalevade pour &hellip; Continuer la lecture \u00ab\u00a0CM du 12 avril 2024 &#8211; Quelles orientations : le budget primitif 2024\u00a0\u00bb\" \/>\n<meta property=\"og:url\" content=\"https:\/\/demainlargentiere.fr\/index.php\/cm-du-12-avril-2024-quelles-orientations-le-budget-primitif-2024\/\" \/>\n<meta property=\"og:site_name\" content=\"Demain LARGENTIERE !\" \/>\n<meta property=\"article:publisher\" content=\"https:\/\/www.facebook.com\/DemainLargentiere\/\" \/>\n<meta property=\"article:modified_time\" content=\"2024-04-17T08:41:01+00:00\" \/>\n<meta property=\"og:image\" content=\"http:\/\/demainlargentiere.fr\/wp-content\/uploads\/2024\/04\/odj-edited.jpg\" \/>\n<meta name=\"twitter:card\" content=\"summary_large_image\" \/>\n<meta name=\"twitter:label1\" content=\"Dur\u00e9e de lecture estim\u00e9e\" \/>\n\t<meta name=\"twitter:data1\" content=\"1 minute\" \/>\n<script type=\"application\/ld+json\" class=\"yoast-schema-graph\">{\"@context\":\"https:\\\/\\\/schema.org\",\"@graph\":[{\"@type\":\"WebPage\",\"@id\":\"https:\\\/\\\/demainlargentiere.fr\\\/index.php\\\/cm-du-12-avril-2024-quelles-orientations-le-budget-primitif-2024\\\/\",\"url\":\"https:\\\/\\\/demainlargentiere.fr\\\/index.php\\\/cm-du-12-avril-2024-quelles-orientations-le-budget-primitif-2024\\\/\",\"name\":\"CM du 12 avril 2024 - Quelles orientations : le budget primitif 2024 - Demain LARGENTIERE !\",\"isPartOf\":{\"@id\":\"http:\\\/\\\/demainlargentiere.fr\\\/#website\"},\"primaryImageOfPage\":{\"@id\":\"https:\\\/\\\/demainlargentiere.fr\\\/index.php\\\/cm-du-12-avril-2024-quelles-orientations-le-budget-primitif-2024\\\/#primaryimage\"},\"image\":{\"@id\":\"https:\\\/\\\/demainlargentiere.fr\\\/index.php\\\/cm-du-12-avril-2024-quelles-orientations-le-budget-primitif-2024\\\/#primaryimage\"},\"thumbnailUrl\":\"http:\\\/\\\/demainlargentiere.fr\\\/wp-content\\\/uploads\\\/2024\\\/04\\\/odj-edited.jpg\",\"datePublished\":\"2024-04-16T12:29:26+00:00\",\"dateModified\":\"2024-04-17T08:41:01+00:00\",\"breadcrumb\":{\"@id\":\"https:\\\/\\\/demainlargentiere.fr\\\/index.php\\\/cm-du-12-avril-2024-quelles-orientations-le-budget-primitif-2024\\\/#breadcrumb\"},\"inLanguage\":\"fr-FR\",\"potentialAction\":[{\"@type\":\"ReadAction\",\"target\":[\"https:\\\/\\\/demainlargentiere.fr\\\/index.php\\\/cm-du-12-avril-2024-quelles-orientations-le-budget-primitif-2024\\\/\"]}]},{\"@type\":\"ImageObject\",\"inLanguage\":\"fr-FR\",\"@id\":\"https:\\\/\\\/demainlargentiere.fr\\\/index.php\\\/cm-du-12-avril-2024-quelles-orientations-le-budget-primitif-2024\\\/#primaryimage\",\"url\":\"https:\\\/\\\/demainlargentiere.fr\\\/wp-content\\\/uploads\\\/2024\\\/04\\\/odj-edited.jpg\",\"contentUrl\":\"https:\\\/\\\/demainlargentiere.fr\\\/wp-content\\\/uploads\\\/2024\\\/04\\\/odj-edited.jpg\",\"width\":713,\"height\":1268},{\"@type\":\"BreadcrumbList\",\"@id\":\"https:\\\/\\\/demainlargentiere.fr\\\/index.php\\\/cm-du-12-avril-2024-quelles-orientations-le-budget-primitif-2024\\\/#breadcrumb\",\"itemListElement\":[{\"@type\":\"ListItem\",\"position\":1,\"name\":\"Accueil\",\"item\":\"https:\\\/\\\/demainlargentiere.fr\\\/\"},{\"@type\":\"ListItem\",\"position\":2,\"name\":\"CM du 12 avril 2024 &#8211; Quelles orientations : le budget primitif 2024\"}]},{\"@type\":\"WebSite\",\"@id\":\"http:\\\/\\\/demainlargentiere.fr\\\/#website\",\"url\":\"http:\\\/\\\/demainlargentiere.fr\\\/\",\"name\":\"Demain LARGENTIERE !\",\"description\":\"Ensemble, cr\u00e9ons demain.\",\"publisher\":{\"@id\":\"http:\\\/\\\/demainlargentiere.fr\\\/#organization\"},\"potentialAction\":[{\"@type\":\"SearchAction\",\"target\":{\"@type\":\"EntryPoint\",\"urlTemplate\":\"http:\\\/\\\/demainlargentiere.fr\\\/?s={search_term_string}\"},\"query-input\":{\"@type\":\"PropertyValueSpecification\",\"valueRequired\":true,\"valueName\":\"search_term_string\"}}],\"inLanguage\":\"fr-FR\"},{\"@type\":\"Organization\",\"@id\":\"http:\\\/\\\/demainlargentiere.fr\\\/#organization\",\"name\":\"DemainLargentiere\",\"url\":\"http:\\\/\\\/demainlargentiere.fr\\\/\",\"logo\":{\"@type\":\"ImageObject\",\"inLanguage\":\"fr-FR\",\"@id\":\"http:\\\/\\\/demainlargentiere.fr\\\/#\\\/schema\\\/logo\\\/image\\\/\",\"url\":\"http:\\\/\\\/demainlargentiere.fr\\\/wp-content\\\/uploads\\\/2020\\\/02\\\/logo-250x250-1.png\",\"contentUrl\":\"http:\\\/\\\/demainlargentiere.fr\\\/wp-content\\\/uploads\\\/2020\\\/02\\\/logo-250x250-1.png\",\"width\":250,\"height\":250,\"caption\":\"DemainLargentiere\"},\"image\":{\"@id\":\"http:\\\/\\\/demainlargentiere.fr\\\/#\\\/schema\\\/logo\\\/image\\\/\"},\"sameAs\":[\"https:\\\/\\\/www.facebook.com\\\/DemainLargentiere\\\/\"]}]}<\/script>\n<!-- \/ Yoast SEO plugin. -->","yoast_head_json":{"title":"CM du 12 avril 2024 - Quelles orientations : le budget primitif 2024 - Demain LARGENTIERE !","robots":{"index":"index","follow":"follow","max-snippet":"max-snippet:-1","max-image-preview":"max-image-preview:large","max-video-preview":"max-video-preview:-1"},"canonical":"https:\/\/demainlargentiere.fr\/index.php\/cm-du-12-avril-2024-quelles-orientations-le-budget-primitif-2024\/","og_locale":"fr_FR","og_type":"article","og_title":"CM du 12 avril 2024 - Quelles orientations : le budget primitif 2024 - Demain LARGENTIERE !","og_description":"Nos prises de parole sur le budget Nous nous sommes abstenus sur le vote du budget pr\u00e9visionnel 2024 car&nbsp;nous n&rsquo;aurions pas fait les m\u00eames choix budg\u00e9taires.&nbsp;La majorit\u00e9 municipale a choisi de faire intervenir plusieurs entreprises pour r\u00e9aliser certaines prestations: pour exemple citons l&rsquo;entreprise Ozil pour le ramassage des cartons (4200 euros), l&rsquo;ESAT de Lalevade pour &hellip; Continuer la lecture \u00ab\u00a0CM du 12 avril 2024 &#8211; Quelles orientations : le budget primitif 2024\u00a0\u00bb","og_url":"https:\/\/demainlargentiere.fr\/index.php\/cm-du-12-avril-2024-quelles-orientations-le-budget-primitif-2024\/","og_site_name":"Demain LARGENTIERE !","article_publisher":"https:\/\/www.facebook.com\/DemainLargentiere\/","article_modified_time":"2024-04-17T08:41:01+00:00","og_image":[{"url":"http:\/\/demainlargentiere.fr\/wp-content\/uploads\/2024\/04\/odj-edited.jpg","type":"","width":"","height":""}],"twitter_card":"summary_large_image","twitter_misc":{"Dur\u00e9e de lecture estim\u00e9e":"1 minute"},"schema":{"@context":"https:\/\/schema.org","@graph":[{"@type":"WebPage","@id":"https:\/\/demainlargentiere.fr\/index.php\/cm-du-12-avril-2024-quelles-orientations-le-budget-primitif-2024\/","url":"https:\/\/demainlargentiere.fr\/index.php\/cm-du-12-avril-2024-quelles-orientations-le-budget-primitif-2024\/","name":"CM du 12 avril 2024 - Quelles orientations : le budget primitif 2024 - Demain LARGENTIERE !","isPartOf":{"@id":"http:\/\/demainlargentiere.fr\/#website"},"primaryImageOfPage":{"@id":"https:\/\/demainlargentiere.fr\/index.php\/cm-du-12-avril-2024-quelles-orientations-le-budget-primitif-2024\/#primaryimage"},"image":{"@id":"https:\/\/demainlargentiere.fr\/index.php\/cm-du-12-avril-2024-quelles-orientations-le-budget-primitif-2024\/#primaryimage"},"thumbnailUrl":"http:\/\/demainlargentiere.fr\/wp-content\/uploads\/2024\/04\/odj-edited.jpg","datePublished":"2024-04-16T12:29:26+00:00","dateModified":"2024-04-17T08:41:01+00:00","breadcrumb":{"@id":"https:\/\/demainlargentiere.fr\/index.php\/cm-du-12-avril-2024-quelles-orientations-le-budget-primitif-2024\/#breadcrumb"},"inLanguage":"fr-FR","potentialAction":[{"@type":"ReadAction","target":["https:\/\/demainlargentiere.fr\/index.php\/cm-du-12-avril-2024-quelles-orientations-le-budget-primitif-2024\/"]}]},{"@type":"ImageObject","inLanguage":"fr-FR","@id":"https:\/\/demainlargentiere.fr\/index.php\/cm-du-12-avril-2024-quelles-orientations-le-budget-primitif-2024\/#primaryimage","url":"https:\/\/demainlargentiere.fr\/wp-content\/uploads\/2024\/04\/odj-edited.jpg","contentUrl":"https:\/\/demainlargentiere.fr\/wp-content\/uploads\/2024\/04\/odj-edited.jpg","width":713,"height":1268},{"@type":"BreadcrumbList","@id":"https:\/\/demainlargentiere.fr\/index.php\/cm-du-12-avril-2024-quelles-orientations-le-budget-primitif-2024\/#breadcrumb","itemListElement":[{"@type":"ListItem","position":1,"name":"Accueil","item":"https:\/\/demainlargentiere.fr\/"},{"@type":"ListItem","position":2,"name":"CM du 12 avril 2024 &#8211; Quelles orientations : le budget primitif 2024"}]},{"@type":"WebSite","@id":"http:\/\/demainlargentiere.fr\/#website","url":"http:\/\/demainlargentiere.fr\/","name":"Demain LARGENTIERE !","description":"Ensemble, cr\u00e9ons demain.","publisher":{"@id":"http:\/\/demainlargentiere.fr\/#organization"},"potentialAction":[{"@type":"SearchAction","target":{"@type":"EntryPoint","urlTemplate":"http:\/\/demainlargentiere.fr\/?s={search_term_string}"},"query-input":{"@type":"PropertyValueSpecification","valueRequired":true,"valueName":"search_term_string"}}],"inLanguage":"fr-FR"},{"@type":"Organization","@id":"http:\/\/demainlargentiere.fr\/#organization","name":"DemainLargentiere","url":"http:\/\/demainlargentiere.fr\/","logo":{"@type":"ImageObject","inLanguage":"fr-FR","@id":"http:\/\/demainlargentiere.fr\/#\/schema\/logo\/image\/","url":"http:\/\/demainlargentiere.fr\/wp-content\/uploads\/2020\/02\/logo-250x250-1.png","contentUrl":"http:\/\/demainlargentiere.fr\/wp-content\/uploads\/2020\/02\/logo-250x250-1.png","width":250,"height":250,"caption":"DemainLargentiere"},"image":{"@id":"http:\/\/demainlargentiere.fr\/#\/schema\/logo\/image\/"},"sameAs":["https:\/\/www.facebook.com\/DemainLargentiere\/"]}]}},"_links":{"self":[{"href":"https:\/\/demainlargentiere.fr\/index.php\/wp-json\/wp\/v2\/pages\/4874","targetHints":{"allow":["GET"]}}],"collection":[{"href":"https:\/\/demainlargentiere.fr\/index.php\/wp-json\/wp\/v2\/pages"}],"about":[{"href":"https:\/\/demainlargentiere.fr\/index.php\/wp-json\/wp\/v2\/types\/page"}],"author":[{"embeddable":true,"href":"https:\/\/demainlargentiere.fr\/index.php\/wp-json\/wp\/v2\/users\/2"}],"replies":[{"embeddable":true,"href":"https:\/\/demainlargentiere.fr\/index.php\/wp-json\/wp\/v2\/comments?post=4874"}],"version-history":[{"count":3,"href":"https:\/\/demainlargentiere.fr\/index.php\/wp-json\/wp\/v2\/pages\/4874\/revisions"}],"predecessor-version":[{"id":4884,"href":"https:\/\/demainlargentiere.fr\/index.php\/wp-json\/wp\/v2\/pages\/4874\/revisions\/4884"}],"wp:attachment":[{"href":"https:\/\/demainlargentiere.fr\/index.php\/wp-json\/wp\/v2\/media?parent=4874"}],"curies":[{"name":"wp","href":"https:\/\/api.w.org\/{rel}","templated":true}]}}