{"id":4996,"date":"2024-09-17T15:23:39","date_gmt":"2024-09-17T13:23:39","guid":{"rendered":"http:\/\/demainlargentiere.fr\/?page_id=4996"},"modified":"2025-02-17T14:08:38","modified_gmt":"2025-02-17T13:08:38","slug":"cm-du-16-septembre-2024-subvention-chateau-et-stade-de-la-prade","status":"publish","type":"page","link":"https:\/\/demainlargentiere.fr\/index.php\/cm-du-16-septembre-2024-subvention-chateau-et-stade-de-la-prade\/","title":{"rendered":"CM du 16 septembre 2024 : subvention Ch\u00e2teau et stade de la Prade"},"content":{"rendered":"\n<figure class=\"wp-block-image size-full\"><img loading=\"lazy\" decoding=\"async\" width=\"890\" height=\"394\" src=\"http:\/\/demainlargentiere.fr\/wp-content\/uploads\/2024\/09\/convoc-1.jpg\" alt=\"\" class=\"wp-image-4997\" srcset=\"https:\/\/demainlargentiere.fr\/wp-content\/uploads\/2024\/09\/convoc-1.jpg 890w, https:\/\/demainlargentiere.fr\/wp-content\/uploads\/2024\/09\/convoc-1-300x133.jpg 300w, https:\/\/demainlargentiere.fr\/wp-content\/uploads\/2024\/09\/convoc-1-768x340.jpg 768w\" sizes=\"auto, (max-width: 890px) 100vw, 890px\" \/><\/figure>\n\n\n\n<h4 class=\"wp-block-heading\">Nos prises de parole<\/h4>\n\n\n\n<p><strong>Synth\u00e8se<\/strong><\/p>\n\n\n\n<p>Pour une ville apais\u00e9e !<\/p>\n\n\n\n<p>Une ville apais\u00e9e, c\u2019est une ville dans laquelle le d\u00e9bat n\u2019est pas emp\u00each\u00e9.<\/p>\n\n\n\n<p>Lors de l\u2019avant-dernier conseil municipal, le 22 juillet, la majorit\u00e9 avait affirm\u00e9 que la mise \u00e0 disposition du stade de la Prade, sur lequel des am\u00e9nagements \u00e9taient d\u00e9j\u00e0 en cours, n&rsquo;avait pas \u00e0 \u00eatre d\u00e9lib\u00e9r\u00e9e par le conseil municipal. Nous avons d\u00fb \u00e9crire au Maire et au sous-pr\u00e9fet afin de rappeler que l\u2019occupation du domaine public doit toujours faire l\u2019objet d\u2019une d\u00e9lib\u00e9ration du conseil municipal. Ce point a finalement \u00e9t\u00e9 inscrit \u00e0 l\u2019ordre du jour de la s\u00e9ance du 16 septembre 2024. Mais un d\u00e9bat serein et constructif \u00e9tait-il possible alors que les travaux d&rsquo;am\u00e9nagements avaient d\u00e9j\u00e0 d\u00e9but\u00e9 ?&nbsp;<\/p>\n\n\n\n<p>Dans le m\u00eame registre, nous avons rappel\u00e9 lundi que le texte que nous avons fourni pour la derni\u00e8re lettre d\u2019info de la municipalit\u00e9 avait \u00e9t\u00e9 tronqu\u00e9 et que nos coordonn\u00e9es avaient \u00e9t\u00e9 supprim\u00e9es. \u201cJe n\u2019ai rien \u00e0 justifier\u201d a r\u00e9pondu la 3\u00e8me adjointe. <\/p>\n\n\n\n<p>Une ville apais\u00e9e, c\u2019est une vie au sein de laquelle la circulation motoris\u00e9e est elle-m\u00eame apais\u00e9e et qui place la vie de ses habitants au c\u0153ur de ses pr\u00e9occupations. Or, le projet de r\u00e9hausse du pont de fer \u00e0 l\u2019entr\u00e9e de ville se traduirait par une circulation de poids lourds accrue sur la route d\u00e9partementale et avenue de la R\u00e9publique, alors m\u00eame que des alternatives permettent de desservir la destination des poids lourds. Notre commune ne m\u00e9rite-t-elle pas d\u2019autres investissements que celui-l\u00e0 ?<\/p>\n\n\n\n<p>De m\u00eame, concernant l\u2019occupation du stade de la Prade par une association de moto trial, nos interrogations portaient sur le niveau de bruit mentionn\u00e9 dans la convention (jusqu\u2019\u00e0 106dB, soit l\u2019\u00e9quivalent d\u2019une tron\u00e7onneuse), sur l\u2019accueil de sports plus populaires comme le football et l\u2019organisation de festivit\u00e9s et d\u2019animations sur le site du stade de la Prade qui ne seront d\u00e9sormais plus envisageables et enfin sur la pollution au plomb qui existe dans ce secteur aux abords de La Ligne, l&rsquo;activit\u00e9 de moto pouvant g\u00e9n\u00e9rer de la poussi\u00e8re et augmenter le risque.<\/p>\n\n\n\n<p><strong>Ch\u00e2teau<\/strong><\/p>\n\n\n\n<p>Nous nous sommes Abstenus ou avons vot\u00e9 Pour avec la r\u00e9serve qu&rsquo;\u00e0 l&rsquo;heure d&rsquo;aujourd&rsquo;hui, nous n&rsquo;avons pas la certitude que ce projet ne soit pas une charge \u00e0 long terme car nous n&rsquo;avons pas suffisamment d&rsquo;\u00e9l\u00e9ments sur le montage financier. Cela dit, la majorit\u00e9 nous a invit\u00e9 en mairie pour consulter les dossiers ainsi que le montage financier. Nous regrettons que ce n&rsquo;est pas \u00e9t\u00e9 fait avant ce conseil et le vote.<\/p>\n\n\n\n<p><strong>Convention desserte transports scolaire<\/strong><\/p>\n\n\n\n<p>Nous avons demand\u00e9 que soit annex\u00e9 les lieux de ramassage de ce transport.<\/p>\n\n\n\n<p><strong>Convention du stade de la Prade<\/strong><\/p>\n\n\n\n<p>Ce point a \u00e9t\u00e9 inscrit \u00e0 l&rsquo;ordre du jour suite \u00e0 notre courrier du 6 septembre 2024.<\/p>\n\n\n\n<p>Extrait :  \u00ab\u00a0Nous d\u00e9plorons une d\u00e9cision irr\u00e9guli\u00e8re :&nbsp;Contrairement \u00e0 ce que vous avez affirm\u00e9 en s\u00e9ance du conseil municipal, l\u2019occupation du stade par une association aurait d\u00fb faire l\u2019objet d\u2019une d\u00e9lib\u00e9ration du conseil municipal : les r\u00e8gles de gestion des biens communaux, parmi lesquels les terrains de sport, sont fix\u00e9es par le conseil municipal en vertu des articles L 2121-29 et L 2241-1 du CGCT, selon lesquels il r\u00e8gle par ses d\u00e9lib\u00e9rations les affaires de la commune et d\u00e9lib\u00e8re \u00ab sur la gestion des biens et les op\u00e9rations immobili\u00e8res de la commune \u00bb. Le maire, quant \u00e0 lui, prend les d\u00e9cisions qui, bien que concernant la gestion des biens, rel\u00e8vent de la mesure d&rsquo;ex\u00e9cution. Aucune des d\u00e9l\u00e9gations de l&rsquo;article L 2122-22 du CGCT ne pr\u00e9voit la signature de ce type de convention d&rsquo;occupation du domaine public.\u00a0\u00bb<\/p>\n\n\n\n<p>Nous soulignons de nouveau que nous avons propos\u00e9 que d\u2019autres sites puissent \u00eatre envisag\u00e9s afin que le stade de la Prade conserve sa vocation de terrain de football, d\u2019autant que des jeunes Largenti\u00e9rois auraient fait part de leur volont\u00e9 de constituer un club. Par ailleurs, l\u2019organisation de festivit\u00e9s et d\u2019animations sur le site du stade sont d\u00e9sormais compromises par ces am\u00e9nagements, ce que nous regrettons. Le terrain de football de Volpilliaire, d\u00e9saffect\u00e9 depuis longtemps, aurait constitu\u00e9 un site plus appropri\u00e9.&nbsp;<\/p>\n\n\n\n<p>Nous questionnons aussi sur le volume sonore de l&rsquo;activit\u00e9 et sur la pulv\u00e9risation que pourrait induire les v\u00e9hicules motoris\u00e9s des pollutions que nous avons sur le sol \u00e0 Largenti\u00e8re (r\u00e9sultat de l&rsquo;<a href=\"\/Users\/Utilisateur\/Downloads\/2020202DE-20ARA24050.pdf\" target=\"_blank\" rel=\"noreferrer noopener\">enqu\u00eate de la DREAL <\/a>qui indique du plomb et de l&rsquo;arsenic \u00e0 proximit\u00e9).<\/p>\n\n\n\n<p>Cette situation (convention \u00e0 post\u00e9riori) refl\u00e8te l\u2019opacit\u00e9 qui caract\u00e9rise la gestion communale car la proc\u00e9dure n&rsquo;a pas \u00e9t\u00e9 respect\u00e9e. Nous appelons de nos v\u0153ux une plus grande consid\u00e9ration pour le conseil municipal et un meilleur respect des proc\u00e9dures, dans l\u2019int\u00e9r\u00eat public local.&nbsp;<\/p>\n\n\n\n<p>Nous nous sommes abstenus sur ce projet de convention.<\/p>\n\n\n\n<h4 class=\"wp-block-heading\">Podcast du Conseil Municipal<\/h4>\n\n\n\n<figure class=\"wp-block-audio\"><audio controls src=\"http:\/\/demainlargentiere.fr\/wp-content\/uploads\/2024\/09\/2024.16.09-CM.mp3\"><\/audio><\/figure>\n\n\n\n<h4 class=\"wp-block-heading\">Retranscription partielle du conseil<\/h4>\n\n\n<div class=\"sdm_download_button_box_default\"><div class=\"sdm_download_link\"><a href=\"https:\/\/demainlargentiere.fr\/?sdm_process_download=1&download_id=5182\" class=\"sdm_download green\" title=\"Retranscription CM 16.09.2024\" >T\u00e9l\u00e9charger la retranscription partielle du CM16.09.2024<\/a><\/div><\/div>\n\n\n\n<h4 class=\"wp-block-heading\">Retour presse<\/h4>\n\n\n\n<figure class=\"wp-block-image size-large is-resized\"><img loading=\"lazy\" decoding=\"async\" src=\"http:\/\/demainlargentiere.fr\/wp-content\/uploads\/2024\/09\/presse-1-683x1024.jpg\" alt=\"\" class=\"wp-image-5037\" width=\"359\" height=\"538\" srcset=\"https:\/\/demainlargentiere.fr\/wp-content\/uploads\/2024\/09\/presse-1-683x1024.jpg 683w, https:\/\/demainlargentiere.fr\/wp-content\/uploads\/2024\/09\/presse-1-200x300.jpg 200w, https:\/\/demainlargentiere.fr\/wp-content\/uploads\/2024\/09\/presse-1-768x1152.jpg 768w, https:\/\/demainlargentiere.fr\/wp-content\/uploads\/2024\/09\/presse-1.jpg 955w\" sizes=\"auto, (max-width: 359px) 100vw, 359px\" \/><figcaption class=\"wp-element-caption\">19.09.2024 Lire en entier sur<a href=\"https:\/\/www.latribune.fr\/international\/europe\/france\/ardeche\/\" target=\"_blank\" rel=\"noreferrer noopener\"> la tribune<\/a><\/figcaption><\/figure>\n\n\n\n<figure class=\"wp-block-image size-large is-resized\"><img loading=\"lazy\" decoding=\"async\" src=\"http:\/\/demainlargentiere.fr\/wp-content\/uploads\/2024\/09\/art-1024x358.jpg\" alt=\"\" class=\"wp-image-5038\" width=\"487\" height=\"169\" srcset=\"https:\/\/demainlargentiere.fr\/wp-content\/uploads\/2024\/09\/art-1024x358.jpg 1024w, https:\/\/demainlargentiere.fr\/wp-content\/uploads\/2024\/09\/art-300x105.jpg 300w, https:\/\/demainlargentiere.fr\/wp-content\/uploads\/2024\/09\/art-768x268.jpg 768w, https:\/\/demainlargentiere.fr\/wp-content\/uploads\/2024\/09\/art-1536x536.jpg 1536w, https:\/\/demainlargentiere.fr\/wp-content\/uploads\/2024\/09\/art-1568x548.jpg 1568w, https:\/\/demainlargentiere.fr\/wp-content\/uploads\/2024\/09\/art.jpg 1784w\" sizes=\"auto, (max-width: 487px) 100vw, 487px\" \/><figcaption class=\"wp-element-caption\">19.09.2024 Lire en entier sur<a href=\"https:\/\/www.latribune.fr\/international\/europe\/france\/ardeche\/\" target=\"_blank\" rel=\"noreferrer noopener\"> la tribune<\/a><\/figcaption><\/figure>\n","protected":false},"excerpt":{"rendered":"<p>Nos prises de parole Synth\u00e8se Pour une ville apais\u00e9e ! Une ville apais\u00e9e, c\u2019est une ville dans laquelle le d\u00e9bat n\u2019est pas emp\u00each\u00e9. Lors de l\u2019avant-dernier conseil municipal, le 22 juillet, la majorit\u00e9 avait affirm\u00e9 que la mise \u00e0 disposition du stade de la Prade, sur lequel des am\u00e9nagements \u00e9taient d\u00e9j\u00e0 en cours, n&rsquo;avait pas &hellip; <\/p>\n<p class=\"link-more\"><a href=\"https:\/\/demainlargentiere.fr\/index.php\/cm-du-16-septembre-2024-subvention-chateau-et-stade-de-la-prade\/\" class=\"more-link\">Continuer la lecture <span class=\"screen-reader-text\"> \u00ab\u00a0CM du 16 septembre 2024 : subvention Ch\u00e2teau et stade de la Prade\u00a0\u00bb<\/span><\/a><\/p>\n","protected":false},"author":2,"featured_media":0,"parent":0,"menu_order":0,"comment_status":"closed","ping_status":"closed","template":"","meta":{"ngg_post_thumbnail":0,"footnotes":""},"class_list":["post-4996","page","type-page","status-publish","hentry","entry"],"yoast_head":"<!-- This site is optimized with the Yoast SEO plugin v27.4 - https:\/\/yoast.com\/product\/yoast-seo-wordpress\/ -->\n<title>CM du 16 septembre 2024 : subvention Ch\u00e2teau et stade de la Prade - Demain LARGENTIERE !<\/title>\n<meta name=\"robots\" content=\"index, follow, max-snippet:-1, max-image-preview:large, max-video-preview:-1\" \/>\n<link rel=\"canonical\" href=\"https:\/\/demainlargentiere.fr\/index.php\/cm-du-16-septembre-2024-subvention-chateau-et-stade-de-la-prade\/\" \/>\n<meta property=\"og:locale\" content=\"fr_FR\" \/>\n<meta property=\"og:type\" content=\"article\" \/>\n<meta property=\"og:title\" content=\"CM du 16 septembre 2024 : subvention Ch\u00e2teau et stade de la Prade - Demain LARGENTIERE !\" \/>\n<meta property=\"og:description\" content=\"Nos prises de parole Synth\u00e8se Pour une ville apais\u00e9e ! Une ville apais\u00e9e, c\u2019est une ville dans laquelle le d\u00e9bat n\u2019est pas emp\u00each\u00e9. Lors de l\u2019avant-dernier conseil municipal, le 22 juillet, la majorit\u00e9 avait affirm\u00e9 que la mise \u00e0 disposition du stade de la Prade, sur lequel des am\u00e9nagements \u00e9taient d\u00e9j\u00e0 en cours, n&rsquo;avait pas &hellip; Continuer la lecture \u00ab\u00a0CM du 16 septembre 2024 : subvention Ch\u00e2teau et stade de la Prade\u00a0\u00bb\" \/>\n<meta property=\"og:url\" content=\"https:\/\/demainlargentiere.fr\/index.php\/cm-du-16-septembre-2024-subvention-chateau-et-stade-de-la-prade\/\" \/>\n<meta property=\"og:site_name\" content=\"Demain LARGENTIERE !\" \/>\n<meta property=\"article:publisher\" content=\"https:\/\/www.facebook.com\/DemainLargentiere\/\" \/>\n<meta property=\"article:modified_time\" content=\"2025-02-17T13:08:38+00:00\" \/>\n<meta property=\"og:image\" content=\"http:\/\/demainlargentiere.fr\/wp-content\/uploads\/2024\/09\/convoc-1.jpg\" \/>\n<meta name=\"twitter:card\" content=\"summary_large_image\" \/>\n<meta name=\"twitter:label1\" content=\"Dur\u00e9e de lecture estim\u00e9e\" \/>\n\t<meta name=\"twitter:data1\" content=\"5 minutes\" \/>\n<script type=\"application\/ld+json\" class=\"yoast-schema-graph\">{\"@context\":\"https:\\\/\\\/schema.org\",\"@graph\":[{\"@type\":\"WebPage\",\"@id\":\"https:\\\/\\\/demainlargentiere.fr\\\/index.php\\\/cm-du-16-septembre-2024-subvention-chateau-et-stade-de-la-prade\\\/\",\"url\":\"https:\\\/\\\/demainlargentiere.fr\\\/index.php\\\/cm-du-16-septembre-2024-subvention-chateau-et-stade-de-la-prade\\\/\",\"name\":\"CM du 16 septembre 2024 : subvention Ch\u00e2teau et stade de la Prade - Demain LARGENTIERE !\",\"isPartOf\":{\"@id\":\"http:\\\/\\\/demainlargentiere.fr\\\/#website\"},\"primaryImageOfPage\":{\"@id\":\"https:\\\/\\\/demainlargentiere.fr\\\/index.php\\\/cm-du-16-septembre-2024-subvention-chateau-et-stade-de-la-prade\\\/#primaryimage\"},\"image\":{\"@id\":\"https:\\\/\\\/demainlargentiere.fr\\\/index.php\\\/cm-du-16-septembre-2024-subvention-chateau-et-stade-de-la-prade\\\/#primaryimage\"},\"thumbnailUrl\":\"http:\\\/\\\/demainlargentiere.fr\\\/wp-content\\\/uploads\\\/2024\\\/09\\\/convoc-1.jpg\",\"datePublished\":\"2024-09-17T13:23:39+00:00\",\"dateModified\":\"2025-02-17T13:08:38+00:00\",\"breadcrumb\":{\"@id\":\"https:\\\/\\\/demainlargentiere.fr\\\/index.php\\\/cm-du-16-septembre-2024-subvention-chateau-et-stade-de-la-prade\\\/#breadcrumb\"},\"inLanguage\":\"fr-FR\",\"potentialAction\":[{\"@type\":\"ReadAction\",\"target\":[\"https:\\\/\\\/demainlargentiere.fr\\\/index.php\\\/cm-du-16-septembre-2024-subvention-chateau-et-stade-de-la-prade\\\/\"]}]},{\"@type\":\"ImageObject\",\"inLanguage\":\"fr-FR\",\"@id\":\"https:\\\/\\\/demainlargentiere.fr\\\/index.php\\\/cm-du-16-septembre-2024-subvention-chateau-et-stade-de-la-prade\\\/#primaryimage\",\"url\":\"http:\\\/\\\/demainlargentiere.fr\\\/wp-content\\\/uploads\\\/2024\\\/09\\\/convoc-1.jpg\",\"contentUrl\":\"http:\\\/\\\/demainlargentiere.fr\\\/wp-content\\\/uploads\\\/2024\\\/09\\\/convoc-1.jpg\"},{\"@type\":\"BreadcrumbList\",\"@id\":\"https:\\\/\\\/demainlargentiere.fr\\\/index.php\\\/cm-du-16-septembre-2024-subvention-chateau-et-stade-de-la-prade\\\/#breadcrumb\",\"itemListElement\":[{\"@type\":\"ListItem\",\"position\":1,\"name\":\"Accueil\",\"item\":\"https:\\\/\\\/demainlargentiere.fr\\\/\"},{\"@type\":\"ListItem\",\"position\":2,\"name\":\"CM du 16 septembre 2024 : subvention Ch\u00e2teau et stade de la Prade\"}]},{\"@type\":\"WebSite\",\"@id\":\"http:\\\/\\\/demainlargentiere.fr\\\/#website\",\"url\":\"http:\\\/\\\/demainlargentiere.fr\\\/\",\"name\":\"Demain LARGENTIERE !\",\"description\":\"Ensemble, cr\u00e9ons demain.\",\"publisher\":{\"@id\":\"http:\\\/\\\/demainlargentiere.fr\\\/#organization\"},\"potentialAction\":[{\"@type\":\"SearchAction\",\"target\":{\"@type\":\"EntryPoint\",\"urlTemplate\":\"http:\\\/\\\/demainlargentiere.fr\\\/?s={search_term_string}\"},\"query-input\":{\"@type\":\"PropertyValueSpecification\",\"valueRequired\":true,\"valueName\":\"search_term_string\"}}],\"inLanguage\":\"fr-FR\"},{\"@type\":\"Organization\",\"@id\":\"http:\\\/\\\/demainlargentiere.fr\\\/#organization\",\"name\":\"DemainLargentiere\",\"url\":\"http:\\\/\\\/demainlargentiere.fr\\\/\",\"logo\":{\"@type\":\"ImageObject\",\"inLanguage\":\"fr-FR\",\"@id\":\"http:\\\/\\\/demainlargentiere.fr\\\/#\\\/schema\\\/logo\\\/image\\\/\",\"url\":\"http:\\\/\\\/demainlargentiere.fr\\\/wp-content\\\/uploads\\\/2020\\\/02\\\/logo-250x250-1.png\",\"contentUrl\":\"http:\\\/\\\/demainlargentiere.fr\\\/wp-content\\\/uploads\\\/2020\\\/02\\\/logo-250x250-1.png\",\"width\":250,\"height\":250,\"caption\":\"DemainLargentiere\"},\"image\":{\"@id\":\"http:\\\/\\\/demainlargentiere.fr\\\/#\\\/schema\\\/logo\\\/image\\\/\"},\"sameAs\":[\"https:\\\/\\\/www.facebook.com\\\/DemainLargentiere\\\/\"]}]}<\/script>\n<!-- \/ Yoast SEO plugin. -->","yoast_head_json":{"title":"CM du 16 septembre 2024 : subvention Ch\u00e2teau et stade de la Prade - Demain LARGENTIERE !","robots":{"index":"index","follow":"follow","max-snippet":"max-snippet:-1","max-image-preview":"max-image-preview:large","max-video-preview":"max-video-preview:-1"},"canonical":"https:\/\/demainlargentiere.fr\/index.php\/cm-du-16-septembre-2024-subvention-chateau-et-stade-de-la-prade\/","og_locale":"fr_FR","og_type":"article","og_title":"CM du 16 septembre 2024 : subvention Ch\u00e2teau et stade de la Prade - Demain LARGENTIERE !","og_description":"Nos prises de parole Synth\u00e8se Pour une ville apais\u00e9e ! Une ville apais\u00e9e, c\u2019est une ville dans laquelle le d\u00e9bat n\u2019est pas emp\u00each\u00e9. Lors de l\u2019avant-dernier conseil municipal, le 22 juillet, la majorit\u00e9 avait affirm\u00e9 que la mise \u00e0 disposition du stade de la Prade, sur lequel des am\u00e9nagements \u00e9taient d\u00e9j\u00e0 en cours, n&rsquo;avait pas &hellip; Continuer la lecture \u00ab\u00a0CM du 16 septembre 2024 : subvention Ch\u00e2teau et stade de la Prade\u00a0\u00bb","og_url":"https:\/\/demainlargentiere.fr\/index.php\/cm-du-16-septembre-2024-subvention-chateau-et-stade-de-la-prade\/","og_site_name":"Demain LARGENTIERE !","article_publisher":"https:\/\/www.facebook.com\/DemainLargentiere\/","article_modified_time":"2025-02-17T13:08:38+00:00","og_image":[{"url":"http:\/\/demainlargentiere.fr\/wp-content\/uploads\/2024\/09\/convoc-1.jpg","type":"","width":"","height":""}],"twitter_card":"summary_large_image","twitter_misc":{"Dur\u00e9e de lecture estim\u00e9e":"5 minutes"},"schema":{"@context":"https:\/\/schema.org","@graph":[{"@type":"WebPage","@id":"https:\/\/demainlargentiere.fr\/index.php\/cm-du-16-septembre-2024-subvention-chateau-et-stade-de-la-prade\/","url":"https:\/\/demainlargentiere.fr\/index.php\/cm-du-16-septembre-2024-subvention-chateau-et-stade-de-la-prade\/","name":"CM du 16 septembre 2024 : subvention Ch\u00e2teau et stade de la Prade - Demain LARGENTIERE !","isPartOf":{"@id":"http:\/\/demainlargentiere.fr\/#website"},"primaryImageOfPage":{"@id":"https:\/\/demainlargentiere.fr\/index.php\/cm-du-16-septembre-2024-subvention-chateau-et-stade-de-la-prade\/#primaryimage"},"image":{"@id":"https:\/\/demainlargentiere.fr\/index.php\/cm-du-16-septembre-2024-subvention-chateau-et-stade-de-la-prade\/#primaryimage"},"thumbnailUrl":"http:\/\/demainlargentiere.fr\/wp-content\/uploads\/2024\/09\/convoc-1.jpg","datePublished":"2024-09-17T13:23:39+00:00","dateModified":"2025-02-17T13:08:38+00:00","breadcrumb":{"@id":"https:\/\/demainlargentiere.fr\/index.php\/cm-du-16-septembre-2024-subvention-chateau-et-stade-de-la-prade\/#breadcrumb"},"inLanguage":"fr-FR","potentialAction":[{"@type":"ReadAction","target":["https:\/\/demainlargentiere.fr\/index.php\/cm-du-16-septembre-2024-subvention-chateau-et-stade-de-la-prade\/"]}]},{"@type":"ImageObject","inLanguage":"fr-FR","@id":"https:\/\/demainlargentiere.fr\/index.php\/cm-du-16-septembre-2024-subvention-chateau-et-stade-de-la-prade\/#primaryimage","url":"http:\/\/demainlargentiere.fr\/wp-content\/uploads\/2024\/09\/convoc-1.jpg","contentUrl":"http:\/\/demainlargentiere.fr\/wp-content\/uploads\/2024\/09\/convoc-1.jpg"},{"@type":"BreadcrumbList","@id":"https:\/\/demainlargentiere.fr\/index.php\/cm-du-16-septembre-2024-subvention-chateau-et-stade-de-la-prade\/#breadcrumb","itemListElement":[{"@type":"ListItem","position":1,"name":"Accueil","item":"https:\/\/demainlargentiere.fr\/"},{"@type":"ListItem","position":2,"name":"CM du 16 septembre 2024 : subvention Ch\u00e2teau et stade de la Prade"}]},{"@type":"WebSite","@id":"http:\/\/demainlargentiere.fr\/#website","url":"http:\/\/demainlargentiere.fr\/","name":"Demain LARGENTIERE !","description":"Ensemble, cr\u00e9ons demain.","publisher":{"@id":"http:\/\/demainlargentiere.fr\/#organization"},"potentialAction":[{"@type":"SearchAction","target":{"@type":"EntryPoint","urlTemplate":"http:\/\/demainlargentiere.fr\/?s={search_term_string}"},"query-input":{"@type":"PropertyValueSpecification","valueRequired":true,"valueName":"search_term_string"}}],"inLanguage":"fr-FR"},{"@type":"Organization","@id":"http:\/\/demainlargentiere.fr\/#organization","name":"DemainLargentiere","url":"http:\/\/demainlargentiere.fr\/","logo":{"@type":"ImageObject","inLanguage":"fr-FR","@id":"http:\/\/demainlargentiere.fr\/#\/schema\/logo\/image\/","url":"http:\/\/demainlargentiere.fr\/wp-content\/uploads\/2020\/02\/logo-250x250-1.png","contentUrl":"http:\/\/demainlargentiere.fr\/wp-content\/uploads\/2020\/02\/logo-250x250-1.png","width":250,"height":250,"caption":"DemainLargentiere"},"image":{"@id":"http:\/\/demainlargentiere.fr\/#\/schema\/logo\/image\/"},"sameAs":["https:\/\/www.facebook.com\/DemainLargentiere\/"]}]}},"_links":{"self":[{"href":"https:\/\/demainlargentiere.fr\/index.php\/wp-json\/wp\/v2\/pages\/4996","targetHints":{"allow":["GET"]}}],"collection":[{"href":"https:\/\/demainlargentiere.fr\/index.php\/wp-json\/wp\/v2\/pages"}],"about":[{"href":"https:\/\/demainlargentiere.fr\/index.php\/wp-json\/wp\/v2\/types\/page"}],"author":[{"embeddable":true,"href":"https:\/\/demainlargentiere.fr\/index.php\/wp-json\/wp\/v2\/users\/2"}],"replies":[{"embeddable":true,"href":"https:\/\/demainlargentiere.fr\/index.php\/wp-json\/wp\/v2\/comments?post=4996"}],"version-history":[{"count":10,"href":"https:\/\/demainlargentiere.fr\/index.php\/wp-json\/wp\/v2\/pages\/4996\/revisions"}],"predecessor-version":[{"id":5184,"href":"https:\/\/demainlargentiere.fr\/index.php\/wp-json\/wp\/v2\/pages\/4996\/revisions\/5184"}],"wp:attachment":[{"href":"https:\/\/demainlargentiere.fr\/index.php\/wp-json\/wp\/v2\/media?parent=4996"}],"curies":[{"name":"wp","href":"https:\/\/api.w.org\/{rel}","templated":true}]}}