{"id":5066,"date":"2024-11-20T13:44:54","date_gmt":"2024-11-20T12:44:54","guid":{"rendered":"http:\/\/demainlargentiere.fr\/?page_id=5066"},"modified":"2025-02-17T14:15:24","modified_gmt":"2025-02-17T13:15:24","slug":"cm-du-18-novembre-2024-subventions-aux-associations","status":"publish","type":"page","link":"https:\/\/demainlargentiere.fr\/index.php\/cm-du-18-novembre-2024-subventions-aux-associations\/","title":{"rendered":"CM du 18 novembre 2024 : subventions aux associations"},"content":{"rendered":"\n<figure class=\"wp-block-image size-full\"><img loading=\"lazy\" decoding=\"async\" width=\"651\" height=\"702\" src=\"http:\/\/demainlargentiere.fr\/wp-content\/uploads\/2024\/11\/ODJ.jpg\" alt=\"\" class=\"wp-image-5068\" srcset=\"https:\/\/demainlargentiere.fr\/wp-content\/uploads\/2024\/11\/ODJ.jpg 651w, https:\/\/demainlargentiere.fr\/wp-content\/uploads\/2024\/11\/ODJ-278x300.jpg 278w\" sizes=\"auto, (max-width: 651px) 100vw, 651px\" \/><\/figure>\n\n\n\n<h4 class=\"wp-block-heading\">Nos prises de paroles<\/h4>\n\n\n\n<ul class=\"wp-block-list\">\n<li>Nous avons soulign\u00e9 des omissions dans le pr\u00e9c\u00e9dent PV et ne l&rsquo;avons pas adopt\u00e9 en l&rsquo;\u00e9tat<\/li>\n\n\n\n<li>La majorit\u00e9 des points \u00e0 l&rsquo;ordre du jour a \u00e9t\u00e9 vot\u00e9 \u00e0 l&rsquo;unanimit\u00e9<\/li>\n\n\n\n<li>Nous nous sommes abstenues sur les subventions aux associations \u00e9tant dans l&rsquo;attente du suivi d&rsquo;une demande de subvention exceptionnelle<\/li>\n\n\n\n<li>En questions diverses, nous soulignons que de mauvaises informations ont \u00e9t\u00e9 donn\u00e9es par la majorit\u00e9 lors du conseil municipal du 16 septembre: sur la subvention faite par la communaut\u00e9 de commune Val de Ligne pour la remise en \u00e9tat du terrain de football de Montr\u00e9al (subvention de 2000\u20ac au lieu des plusieurs millions annonc\u00e9s), sur les \u00e9quipes de football pour la saison 2024\/2025 \u00e0 Vinezac (8 \u00e9quipes existes au lieu de z\u00e9ro annonc\u00e9), sur la demande pour le dispositif \u00ab cantine \u00e0 1\u20ac \u00bb (23 familles en demande au lieu de z\u00e9ro annonc\u00e9). <strong>Il nous para\u00eet essentiel que ne soient pas donn\u00e9es de mauvaises informations lors de la tenue des CM<\/strong><\/li>\n\n\n\n<li>En questions diverses toujours ont \u00e9t\u00e9 abord\u00e9s les sujets de la biblioth\u00e8que, le trap\u00e8ze volant (l&rsquo;art d&rsquo;en faire) qui est parti \u00e0 Uzer, le recensement&#8230;<\/li>\n<\/ul>\n\n\n\n<h4 class=\"wp-block-heading\">Le podcast du conseil<\/h4>\n\n\n\n<figure class=\"wp-block-audio\"><audio controls src=\"http:\/\/demainlargentiere.fr\/wp-content\/uploads\/2024\/11\/CM18.11.2024.mp3\"><\/audio><\/figure>\n\n\n\n<h4 class=\"wp-block-heading\">Retranscription partielle du conseil<\/h4>\n\n\n<div class=\"sdm_download_button_box_default\"><div class=\"sdm_download_link\"><a href=\"https:\/\/demainlargentiere.fr\/?sdm_process_download=1&download_id=5187\" class=\"sdm_download green\" title=\"Retranscription partielle du conseil du 18 novembre 2024\" >T\u00e9l\u00e9charger la retranscription partielle du CM 18.11.2024<\/a><\/div><\/div>\n\n\n\n<h4 class=\"wp-block-heading\">Retour presse<\/h4>\n\n\n\n<figure class=\"wp-block-gallery has-nested-images columns-default is-cropped wp-block-gallery-1 is-layout-flex wp-block-gallery-is-layout-flex\">\n<figure class=\"wp-block-image size-large\"><img loading=\"lazy\" decoding=\"async\" width=\"416\" height=\"450\" data-id=\"5103\" src=\"http:\/\/demainlargentiere.fr\/wp-content\/uploads\/2025\/02\/467623740_893480452972731_449643912106116341_n.jpg\" alt=\"\" class=\"wp-image-5103\" srcset=\"https:\/\/demainlargentiere.fr\/wp-content\/uploads\/2025\/02\/467623740_893480452972731_449643912106116341_n.jpg 416w, https:\/\/demainlargentiere.fr\/wp-content\/uploads\/2025\/02\/467623740_893480452972731_449643912106116341_n-277x300.jpg 277w\" sizes=\"auto, (max-width: 416px) 100vw, 416px\" \/><\/figure>\n\n\n\n<figure class=\"wp-block-image size-large\"><img loading=\"lazy\" decoding=\"async\" width=\"560\" height=\"600\" data-id=\"5104\" src=\"http:\/\/demainlargentiere.fr\/wp-content\/uploads\/2025\/02\/467865244_893480466306063_2384489898886981453_n.jpg\" alt=\"\" class=\"wp-image-5104\" srcset=\"https:\/\/demainlargentiere.fr\/wp-content\/uploads\/2025\/02\/467865244_893480466306063_2384489898886981453_n.jpg 560w, https:\/\/demainlargentiere.fr\/wp-content\/uploads\/2025\/02\/467865244_893480466306063_2384489898886981453_n-280x300.jpg 280w\" sizes=\"auto, (max-width: 560px) 100vw, 560px\" \/><\/figure>\n<\/figure>\n\n\n\n<p>A lire dans le Dauphin\u00e9 et la Tribune<\/p>\n","protected":false},"excerpt":{"rendered":"<p>Nos prises de paroles Le podcast du conseil Retranscription partielle du conseil Retour presse A lire dans le Dauphin\u00e9 et la Tribune<\/p>\n","protected":false},"author":2,"featured_media":0,"parent":0,"menu_order":0,"comment_status":"closed","ping_status":"closed","template":"","meta":{"ngg_post_thumbnail":0,"footnotes":""},"class_list":["post-5066","page","type-page","status-publish","hentry","entry"],"yoast_head":"<!-- This site is optimized with the Yoast SEO plugin v27.3 - https:\/\/yoast.com\/product\/yoast-seo-wordpress\/ -->\n<title>CM du 18 novembre 2024 : subventions aux associations - Demain LARGENTIERE !<\/title>\n<meta name=\"robots\" content=\"index, follow, max-snippet:-1, max-image-preview:large, max-video-preview:-1\" \/>\n<link rel=\"canonical\" href=\"https:\/\/demainlargentiere.fr\/index.php\/cm-du-18-novembre-2024-subventions-aux-associations\/\" \/>\n<meta property=\"og:locale\" content=\"fr_FR\" \/>\n<meta property=\"og:type\" content=\"article\" \/>\n<meta property=\"og:title\" content=\"CM du 18 novembre 2024 : subventions aux associations - Demain LARGENTIERE !\" \/>\n<meta property=\"og:description\" content=\"Nos prises de paroles Le podcast du conseil Retranscription partielle du conseil Retour presse A lire dans le Dauphin\u00e9 et la Tribune\" \/>\n<meta property=\"og:url\" content=\"https:\/\/demainlargentiere.fr\/index.php\/cm-du-18-novembre-2024-subventions-aux-associations\/\" \/>\n<meta property=\"og:site_name\" content=\"Demain LARGENTIERE !\" \/>\n<meta property=\"article:publisher\" content=\"https:\/\/www.facebook.com\/DemainLargentiere\/\" \/>\n<meta property=\"article:modified_time\" content=\"2025-02-17T13:15:24+00:00\" \/>\n<meta property=\"og:image\" content=\"http:\/\/demainlargentiere.fr\/wp-content\/uploads\/2024\/11\/ODJ.jpg\" \/>\n<meta name=\"twitter:card\" content=\"summary_large_image\" \/>\n<meta name=\"twitter:label1\" content=\"Dur\u00e9e de lecture estim\u00e9e\" \/>\n\t<meta name=\"twitter:data1\" content=\"2 minutes\" \/>\n<script type=\"application\/ld+json\" class=\"yoast-schema-graph\">{\"@context\":\"https:\\\/\\\/schema.org\",\"@graph\":[{\"@type\":\"WebPage\",\"@id\":\"https:\\\/\\\/demainlargentiere.fr\\\/index.php\\\/cm-du-18-novembre-2024-subventions-aux-associations\\\/\",\"url\":\"https:\\\/\\\/demainlargentiere.fr\\\/index.php\\\/cm-du-18-novembre-2024-subventions-aux-associations\\\/\",\"name\":\"CM du 18 novembre 2024 : subventions aux associations - Demain LARGENTIERE !\",\"isPartOf\":{\"@id\":\"http:\\\/\\\/demainlargentiere.fr\\\/#website\"},\"primaryImageOfPage\":{\"@id\":\"https:\\\/\\\/demainlargentiere.fr\\\/index.php\\\/cm-du-18-novembre-2024-subventions-aux-associations\\\/#primaryimage\"},\"image\":{\"@id\":\"https:\\\/\\\/demainlargentiere.fr\\\/index.php\\\/cm-du-18-novembre-2024-subventions-aux-associations\\\/#primaryimage\"},\"thumbnailUrl\":\"http:\\\/\\\/demainlargentiere.fr\\\/wp-content\\\/uploads\\\/2024\\\/11\\\/ODJ.jpg\",\"datePublished\":\"2024-11-20T12:44:54+00:00\",\"dateModified\":\"2025-02-17T13:15:24+00:00\",\"breadcrumb\":{\"@id\":\"https:\\\/\\\/demainlargentiere.fr\\\/index.php\\\/cm-du-18-novembre-2024-subventions-aux-associations\\\/#breadcrumb\"},\"inLanguage\":\"fr-FR\",\"potentialAction\":[{\"@type\":\"ReadAction\",\"target\":[\"https:\\\/\\\/demainlargentiere.fr\\\/index.php\\\/cm-du-18-novembre-2024-subventions-aux-associations\\\/\"]}]},{\"@type\":\"ImageObject\",\"inLanguage\":\"fr-FR\",\"@id\":\"https:\\\/\\\/demainlargentiere.fr\\\/index.php\\\/cm-du-18-novembre-2024-subventions-aux-associations\\\/#primaryimage\",\"url\":\"https:\\\/\\\/demainlargentiere.fr\\\/wp-content\\\/uploads\\\/2024\\\/11\\\/ODJ.jpg\",\"contentUrl\":\"https:\\\/\\\/demainlargentiere.fr\\\/wp-content\\\/uploads\\\/2024\\\/11\\\/ODJ.jpg\",\"width\":651,\"height\":702},{\"@type\":\"BreadcrumbList\",\"@id\":\"https:\\\/\\\/demainlargentiere.fr\\\/index.php\\\/cm-du-18-novembre-2024-subventions-aux-associations\\\/#breadcrumb\",\"itemListElement\":[{\"@type\":\"ListItem\",\"position\":1,\"name\":\"Accueil\",\"item\":\"https:\\\/\\\/demainlargentiere.fr\\\/\"},{\"@type\":\"ListItem\",\"position\":2,\"name\":\"CM du 18 novembre 2024 : subventions aux associations\"}]},{\"@type\":\"WebSite\",\"@id\":\"http:\\\/\\\/demainlargentiere.fr\\\/#website\",\"url\":\"http:\\\/\\\/demainlargentiere.fr\\\/\",\"name\":\"Demain LARGENTIERE !\",\"description\":\"Ensemble, cr\u00e9ons demain.\",\"publisher\":{\"@id\":\"http:\\\/\\\/demainlargentiere.fr\\\/#organization\"},\"potentialAction\":[{\"@type\":\"SearchAction\",\"target\":{\"@type\":\"EntryPoint\",\"urlTemplate\":\"http:\\\/\\\/demainlargentiere.fr\\\/?s={search_term_string}\"},\"query-input\":{\"@type\":\"PropertyValueSpecification\",\"valueRequired\":true,\"valueName\":\"search_term_string\"}}],\"inLanguage\":\"fr-FR\"},{\"@type\":\"Organization\",\"@id\":\"http:\\\/\\\/demainlargentiere.fr\\\/#organization\",\"name\":\"DemainLargentiere\",\"url\":\"http:\\\/\\\/demainlargentiere.fr\\\/\",\"logo\":{\"@type\":\"ImageObject\",\"inLanguage\":\"fr-FR\",\"@id\":\"http:\\\/\\\/demainlargentiere.fr\\\/#\\\/schema\\\/logo\\\/image\\\/\",\"url\":\"http:\\\/\\\/demainlargentiere.fr\\\/wp-content\\\/uploads\\\/2020\\\/02\\\/logo-250x250-1.png\",\"contentUrl\":\"http:\\\/\\\/demainlargentiere.fr\\\/wp-content\\\/uploads\\\/2020\\\/02\\\/logo-250x250-1.png\",\"width\":250,\"height\":250,\"caption\":\"DemainLargentiere\"},\"image\":{\"@id\":\"http:\\\/\\\/demainlargentiere.fr\\\/#\\\/schema\\\/logo\\\/image\\\/\"},\"sameAs\":[\"https:\\\/\\\/www.facebook.com\\\/DemainLargentiere\\\/\"]}]}<\/script>\n<!-- \/ Yoast SEO plugin. -->","yoast_head_json":{"title":"CM du 18 novembre 2024 : subventions aux associations - Demain LARGENTIERE !","robots":{"index":"index","follow":"follow","max-snippet":"max-snippet:-1","max-image-preview":"max-image-preview:large","max-video-preview":"max-video-preview:-1"},"canonical":"https:\/\/demainlargentiere.fr\/index.php\/cm-du-18-novembre-2024-subventions-aux-associations\/","og_locale":"fr_FR","og_type":"article","og_title":"CM du 18 novembre 2024 : subventions aux associations - Demain LARGENTIERE !","og_description":"Nos prises de paroles Le podcast du conseil Retranscription partielle du conseil Retour presse A lire dans le Dauphin\u00e9 et la Tribune","og_url":"https:\/\/demainlargentiere.fr\/index.php\/cm-du-18-novembre-2024-subventions-aux-associations\/","og_site_name":"Demain LARGENTIERE !","article_publisher":"https:\/\/www.facebook.com\/DemainLargentiere\/","article_modified_time":"2025-02-17T13:15:24+00:00","og_image":[{"url":"http:\/\/demainlargentiere.fr\/wp-content\/uploads\/2024\/11\/ODJ.jpg","type":"","width":"","height":""}],"twitter_card":"summary_large_image","twitter_misc":{"Dur\u00e9e de lecture estim\u00e9e":"2 minutes"},"schema":{"@context":"https:\/\/schema.org","@graph":[{"@type":"WebPage","@id":"https:\/\/demainlargentiere.fr\/index.php\/cm-du-18-novembre-2024-subventions-aux-associations\/","url":"https:\/\/demainlargentiere.fr\/index.php\/cm-du-18-novembre-2024-subventions-aux-associations\/","name":"CM du 18 novembre 2024 : subventions aux associations - Demain LARGENTIERE !","isPartOf":{"@id":"http:\/\/demainlargentiere.fr\/#website"},"primaryImageOfPage":{"@id":"https:\/\/demainlargentiere.fr\/index.php\/cm-du-18-novembre-2024-subventions-aux-associations\/#primaryimage"},"image":{"@id":"https:\/\/demainlargentiere.fr\/index.php\/cm-du-18-novembre-2024-subventions-aux-associations\/#primaryimage"},"thumbnailUrl":"http:\/\/demainlargentiere.fr\/wp-content\/uploads\/2024\/11\/ODJ.jpg","datePublished":"2024-11-20T12:44:54+00:00","dateModified":"2025-02-17T13:15:24+00:00","breadcrumb":{"@id":"https:\/\/demainlargentiere.fr\/index.php\/cm-du-18-novembre-2024-subventions-aux-associations\/#breadcrumb"},"inLanguage":"fr-FR","potentialAction":[{"@type":"ReadAction","target":["https:\/\/demainlargentiere.fr\/index.php\/cm-du-18-novembre-2024-subventions-aux-associations\/"]}]},{"@type":"ImageObject","inLanguage":"fr-FR","@id":"https:\/\/demainlargentiere.fr\/index.php\/cm-du-18-novembre-2024-subventions-aux-associations\/#primaryimage","url":"https:\/\/demainlargentiere.fr\/wp-content\/uploads\/2024\/11\/ODJ.jpg","contentUrl":"https:\/\/demainlargentiere.fr\/wp-content\/uploads\/2024\/11\/ODJ.jpg","width":651,"height":702},{"@type":"BreadcrumbList","@id":"https:\/\/demainlargentiere.fr\/index.php\/cm-du-18-novembre-2024-subventions-aux-associations\/#breadcrumb","itemListElement":[{"@type":"ListItem","position":1,"name":"Accueil","item":"https:\/\/demainlargentiere.fr\/"},{"@type":"ListItem","position":2,"name":"CM du 18 novembre 2024 : subventions aux associations"}]},{"@type":"WebSite","@id":"http:\/\/demainlargentiere.fr\/#website","url":"http:\/\/demainlargentiere.fr\/","name":"Demain LARGENTIERE !","description":"Ensemble, cr\u00e9ons demain.","publisher":{"@id":"http:\/\/demainlargentiere.fr\/#organization"},"potentialAction":[{"@type":"SearchAction","target":{"@type":"EntryPoint","urlTemplate":"http:\/\/demainlargentiere.fr\/?s={search_term_string}"},"query-input":{"@type":"PropertyValueSpecification","valueRequired":true,"valueName":"search_term_string"}}],"inLanguage":"fr-FR"},{"@type":"Organization","@id":"http:\/\/demainlargentiere.fr\/#organization","name":"DemainLargentiere","url":"http:\/\/demainlargentiere.fr\/","logo":{"@type":"ImageObject","inLanguage":"fr-FR","@id":"http:\/\/demainlargentiere.fr\/#\/schema\/logo\/image\/","url":"http:\/\/demainlargentiere.fr\/wp-content\/uploads\/2020\/02\/logo-250x250-1.png","contentUrl":"http:\/\/demainlargentiere.fr\/wp-content\/uploads\/2020\/02\/logo-250x250-1.png","width":250,"height":250,"caption":"DemainLargentiere"},"image":{"@id":"http:\/\/demainlargentiere.fr\/#\/schema\/logo\/image\/"},"sameAs":["https:\/\/www.facebook.com\/DemainLargentiere\/"]}]}},"_links":{"self":[{"href":"https:\/\/demainlargentiere.fr\/index.php\/wp-json\/wp\/v2\/pages\/5066","targetHints":{"allow":["GET"]}}],"collection":[{"href":"https:\/\/demainlargentiere.fr\/index.php\/wp-json\/wp\/v2\/pages"}],"about":[{"href":"https:\/\/demainlargentiere.fr\/index.php\/wp-json\/wp\/v2\/types\/page"}],"author":[{"embeddable":true,"href":"https:\/\/demainlargentiere.fr\/index.php\/wp-json\/wp\/v2\/users\/2"}],"replies":[{"embeddable":true,"href":"https:\/\/demainlargentiere.fr\/index.php\/wp-json\/wp\/v2\/comments?post=5066"}],"version-history":[{"count":9,"href":"https:\/\/demainlargentiere.fr\/index.php\/wp-json\/wp\/v2\/pages\/5066\/revisions"}],"predecessor-version":[{"id":5191,"href":"https:\/\/demainlargentiere.fr\/index.php\/wp-json\/wp\/v2\/pages\/5066\/revisions\/5191"}],"wp:attachment":[{"href":"https:\/\/demainlargentiere.fr\/index.php\/wp-json\/wp\/v2\/media?parent=5066"}],"curies":[{"name":"wp","href":"https:\/\/api.w.org\/{rel}","templated":true}]}}