{"id":5161,"date":"2025-02-10T09:51:13","date_gmt":"2025-02-10T08:51:13","guid":{"rendered":"http:\/\/demainlargentiere.fr\/?page_id=5161"},"modified":"2025-02-18T15:08:35","modified_gmt":"2025-02-18T14:08:35","slug":"cm-du-27janvier-2025","status":"publish","type":"page","link":"https:\/\/demainlargentiere.fr\/index.php\/cm-du-27janvier-2025\/","title":{"rendered":"CM du 27 janvier 2025 : mandater d\u00e9penses d&rsquo;investissement"},"content":{"rendered":"\n<p><\/p>\n\n\n\n<figure class=\"wp-block-image size-full is-resized\"><img loading=\"lazy\" decoding=\"async\" src=\"http:\/\/demainlargentiere.fr\/wp-content\/uploads\/2025\/02\/474977558_939472811706828_1848538325213571692_n.jpg\" alt=\"\" class=\"wp-image-5162\" width=\"365\" height=\"504\" srcset=\"https:\/\/demainlargentiere.fr\/wp-content\/uploads\/2025\/02\/474977558_939472811706828_1848538325213571692_n.jpg 521w, https:\/\/demainlargentiere.fr\/wp-content\/uploads\/2025\/02\/474977558_939472811706828_1848538325213571692_n-217x300.jpg 217w\" sizes=\"auto, (max-width: 365px) 100vw, 365px\" \/><\/figure>\n\n\n\n<h4 class=\"wp-block-heading\">Nos prises de paroles<\/h4>\n\n\n\n<ul class=\"wp-block-list\">\n<li>Demande d&rsquo;une modification du PV du conseil municipal de d\u00e9cembre \u00ab\u00a0<em>En questions diverses Mme Fournet pr\u00e9cise \u00ab\u00a0la non installation du trap\u00e8ze \u00e0 la Prade ne peut pas \u00eatre due au PPRI<\/em> <em>car il autorise ce type d\u2019installation en zone inondable : sont admises les occupations et<\/em><br><em>utilisations du sol suivantes :1.6. Les am\u00e9nagements de terrain de plein air, de sports et de<\/em><br><em>loisirs au niveau du sol sans implantation de construction.\u00a0\u00bb<\/em><br><em>M. GUILLEMIN explique que le premier lieu ne b\u00e9n\u00e9ficiait pas d\u2019une surface suffisante et le<\/em><br><em>second se trouvait en zone inondable, le projet a par cons\u00e9quent \u00e9t\u00e9 abandonn\u00e9<\/em>\u00ab\u00a0<\/li>\n<\/ul>\n\n\n\n<ul class=\"wp-block-list\">\n<li>Dans le compte 6232 \u00ab\u00a0f\u00eates et c\u00e9r\u00e9monies\u00a0\u00bb nous retrouverons dor\u00e9navant les d\u00e9penses concernant : fleurs, gerbes, gravures, m\u00e9dailles, pr\u00e9sents divers, r\u00e9ceptions officielles, concerts, spectacles, frais d&rsquo;annonce, sasem\/pub, frais de restauration\/inaugurations, v\u0153ux du maire<\/li>\n<\/ul>\n\n\n\n<ul class=\"wp-block-list\">\n<li>Site patrimonial remarquable : demande de r\u00e9vision du r\u00e8glement, nous y sommes favorable et proposons :<\/li>\n<\/ul>\n\n\n\n<p>1. d&rsquo;aller au-del\u00e0 de la simple r\u00e9vision du r\u00e8glement, par exemple autoriser les terrasses \u00ab\u00a0trop\u00e9ziennes\u00a0\u00bb actuellement interdites <\/p>\n\n\n\n<p>2. proposer des permanences du CAUE &#8211; Conseil d&rsquo;Architecture, d&rsquo;Urbanisme et d&rsquo;Environnement &#8211; en plus des permanences de l&rsquo;ABF &#8211; Architecte des B\u00e2timents de France &#8211;<\/p>\n\n\n\n<p>3. travailler \u00e0 ces fiches conseils avec l&rsquo;ABF pour les particuliers sur diff\u00e9rents th\u00e8mes.<\/p>\n\n\n\n<h4 class=\"wp-block-heading\">Le podcast du conseil municipal<\/h4>\n\n\n\n<figure class=\"wp-block-audio\"><audio controls src=\"http:\/\/demainlargentiere.fr\/wp-content\/uploads\/2025\/02\/CM27janvier25V.mp3\"><\/audio><figcaption class=\"wp-element-caption\">(manque le d\u00e9but, \u00e0 venir)<\/figcaption><\/figure>\n","protected":false},"excerpt":{"rendered":"<p>Nos prises de paroles 1. d&rsquo;aller au-del\u00e0 de la simple r\u00e9vision du r\u00e8glement, par exemple autoriser les terrasses \u00ab\u00a0trop\u00e9ziennes\u00a0\u00bb actuellement interdites 2. proposer des permanences du CAUE &#8211; Conseil d&rsquo;Architecture, d&rsquo;Urbanisme et d&rsquo;Environnement &#8211; en plus des permanences de l&rsquo;ABF &#8211; Architecte des B\u00e2timents de France &#8211; 3. travailler \u00e0 ces fiches conseils avec l&rsquo;ABF &hellip; <\/p>\n<p class=\"link-more\"><a href=\"https:\/\/demainlargentiere.fr\/index.php\/cm-du-27janvier-2025\/\" class=\"more-link\">Continuer la lecture <span class=\"screen-reader-text\"> \u00ab\u00a0CM du 27 janvier 2025 : mandater d\u00e9penses d&rsquo;investissement\u00a0\u00bb<\/span><\/a><\/p>\n","protected":false},"author":2,"featured_media":0,"parent":0,"menu_order":0,"comment_status":"closed","ping_status":"closed","template":"","meta":{"ngg_post_thumbnail":0,"footnotes":""},"class_list":["post-5161","page","type-page","status-publish","hentry","entry"],"yoast_head":"<!-- This site is optimized with the Yoast SEO plugin v27.4 - https:\/\/yoast.com\/product\/yoast-seo-wordpress\/ -->\n<title>CM du 27 janvier 2025 : mandater d\u00e9penses d&#039;investissement - Demain LARGENTIERE !<\/title>\n<meta name=\"robots\" content=\"index, follow, max-snippet:-1, max-image-preview:large, max-video-preview:-1\" \/>\n<link rel=\"canonical\" href=\"https:\/\/demainlargentiere.fr\/index.php\/cm-du-27janvier-2025\/\" \/>\n<meta property=\"og:locale\" content=\"fr_FR\" \/>\n<meta property=\"og:type\" content=\"article\" \/>\n<meta property=\"og:title\" content=\"CM du 27 janvier 2025 : mandater d\u00e9penses d&#039;investissement - Demain LARGENTIERE !\" \/>\n<meta property=\"og:description\" content=\"Nos prises de paroles 1. d&rsquo;aller au-del\u00e0 de la simple r\u00e9vision du r\u00e8glement, par exemple autoriser les terrasses \u00ab\u00a0trop\u00e9ziennes\u00a0\u00bb actuellement interdites 2. proposer des permanences du CAUE &#8211; Conseil d&rsquo;Architecture, d&rsquo;Urbanisme et d&rsquo;Environnement &#8211; en plus des permanences de l&rsquo;ABF &#8211; Architecte des B\u00e2timents de France &#8211; 3. travailler \u00e0 ces fiches conseils avec l&rsquo;ABF &hellip; Continuer la lecture \u00ab\u00a0CM du 27 janvier 2025 : mandater d\u00e9penses d&rsquo;investissement\u00a0\u00bb\" \/>\n<meta property=\"og:url\" content=\"https:\/\/demainlargentiere.fr\/index.php\/cm-du-27janvier-2025\/\" \/>\n<meta property=\"og:site_name\" content=\"Demain LARGENTIERE !\" \/>\n<meta property=\"article:publisher\" content=\"https:\/\/www.facebook.com\/DemainLargentiere\/\" \/>\n<meta property=\"article:modified_time\" content=\"2025-02-18T14:08:35+00:00\" \/>\n<meta property=\"og:image\" content=\"http:\/\/demainlargentiere.fr\/wp-content\/uploads\/2025\/02\/474977558_939472811706828_1848538325213571692_n.jpg\" \/>\n<meta name=\"twitter:card\" content=\"summary_large_image\" \/>\n<meta name=\"twitter:label1\" content=\"Dur\u00e9e de lecture estim\u00e9e\" \/>\n\t<meta name=\"twitter:data1\" content=\"2 minutes\" \/>\n<script type=\"application\/ld+json\" class=\"yoast-schema-graph\">{\"@context\":\"https:\\\/\\\/schema.org\",\"@graph\":[{\"@type\":\"WebPage\",\"@id\":\"https:\\\/\\\/demainlargentiere.fr\\\/index.php\\\/cm-du-27janvier-2025\\\/\",\"url\":\"https:\\\/\\\/demainlargentiere.fr\\\/index.php\\\/cm-du-27janvier-2025\\\/\",\"name\":\"CM du 27 janvier 2025 : mandater d\u00e9penses d'investissement - Demain LARGENTIERE !\",\"isPartOf\":{\"@id\":\"http:\\\/\\\/demainlargentiere.fr\\\/#website\"},\"primaryImageOfPage\":{\"@id\":\"https:\\\/\\\/demainlargentiere.fr\\\/index.php\\\/cm-du-27janvier-2025\\\/#primaryimage\"},\"image\":{\"@id\":\"https:\\\/\\\/demainlargentiere.fr\\\/index.php\\\/cm-du-27janvier-2025\\\/#primaryimage\"},\"thumbnailUrl\":\"http:\\\/\\\/demainlargentiere.fr\\\/wp-content\\\/uploads\\\/2025\\\/02\\\/474977558_939472811706828_1848538325213571692_n.jpg\",\"datePublished\":\"2025-02-10T08:51:13+00:00\",\"dateModified\":\"2025-02-18T14:08:35+00:00\",\"breadcrumb\":{\"@id\":\"https:\\\/\\\/demainlargentiere.fr\\\/index.php\\\/cm-du-27janvier-2025\\\/#breadcrumb\"},\"inLanguage\":\"fr-FR\",\"potentialAction\":[{\"@type\":\"ReadAction\",\"target\":[\"https:\\\/\\\/demainlargentiere.fr\\\/index.php\\\/cm-du-27janvier-2025\\\/\"]}]},{\"@type\":\"ImageObject\",\"inLanguage\":\"fr-FR\",\"@id\":\"https:\\\/\\\/demainlargentiere.fr\\\/index.php\\\/cm-du-27janvier-2025\\\/#primaryimage\",\"url\":\"https:\\\/\\\/demainlargentiere.fr\\\/wp-content\\\/uploads\\\/2025\\\/02\\\/474977558_939472811706828_1848538325213571692_n.jpg\",\"contentUrl\":\"https:\\\/\\\/demainlargentiere.fr\\\/wp-content\\\/uploads\\\/2025\\\/02\\\/474977558_939472811706828_1848538325213571692_n.jpg\",\"width\":521,\"height\":720},{\"@type\":\"BreadcrumbList\",\"@id\":\"https:\\\/\\\/demainlargentiere.fr\\\/index.php\\\/cm-du-27janvier-2025\\\/#breadcrumb\",\"itemListElement\":[{\"@type\":\"ListItem\",\"position\":1,\"name\":\"Accueil\",\"item\":\"https:\\\/\\\/demainlargentiere.fr\\\/\"},{\"@type\":\"ListItem\",\"position\":2,\"name\":\"CM du 27 janvier 2025 : mandater d\u00e9penses d&rsquo;investissement\"}]},{\"@type\":\"WebSite\",\"@id\":\"http:\\\/\\\/demainlargentiere.fr\\\/#website\",\"url\":\"http:\\\/\\\/demainlargentiere.fr\\\/\",\"name\":\"Demain LARGENTIERE !\",\"description\":\"Ensemble, cr\u00e9ons demain.\",\"publisher\":{\"@id\":\"http:\\\/\\\/demainlargentiere.fr\\\/#organization\"},\"potentialAction\":[{\"@type\":\"SearchAction\",\"target\":{\"@type\":\"EntryPoint\",\"urlTemplate\":\"http:\\\/\\\/demainlargentiere.fr\\\/?s={search_term_string}\"},\"query-input\":{\"@type\":\"PropertyValueSpecification\",\"valueRequired\":true,\"valueName\":\"search_term_string\"}}],\"inLanguage\":\"fr-FR\"},{\"@type\":\"Organization\",\"@id\":\"http:\\\/\\\/demainlargentiere.fr\\\/#organization\",\"name\":\"DemainLargentiere\",\"url\":\"http:\\\/\\\/demainlargentiere.fr\\\/\",\"logo\":{\"@type\":\"ImageObject\",\"inLanguage\":\"fr-FR\",\"@id\":\"http:\\\/\\\/demainlargentiere.fr\\\/#\\\/schema\\\/logo\\\/image\\\/\",\"url\":\"http:\\\/\\\/demainlargentiere.fr\\\/wp-content\\\/uploads\\\/2020\\\/02\\\/logo-250x250-1.png\",\"contentUrl\":\"http:\\\/\\\/demainlargentiere.fr\\\/wp-content\\\/uploads\\\/2020\\\/02\\\/logo-250x250-1.png\",\"width\":250,\"height\":250,\"caption\":\"DemainLargentiere\"},\"image\":{\"@id\":\"http:\\\/\\\/demainlargentiere.fr\\\/#\\\/schema\\\/logo\\\/image\\\/\"},\"sameAs\":[\"https:\\\/\\\/www.facebook.com\\\/DemainLargentiere\\\/\"]}]}<\/script>\n<!-- \/ Yoast SEO plugin. -->","yoast_head_json":{"title":"CM du 27 janvier 2025 : mandater d\u00e9penses d'investissement - Demain LARGENTIERE !","robots":{"index":"index","follow":"follow","max-snippet":"max-snippet:-1","max-image-preview":"max-image-preview:large","max-video-preview":"max-video-preview:-1"},"canonical":"https:\/\/demainlargentiere.fr\/index.php\/cm-du-27janvier-2025\/","og_locale":"fr_FR","og_type":"article","og_title":"CM du 27 janvier 2025 : mandater d\u00e9penses d'investissement - Demain LARGENTIERE !","og_description":"Nos prises de paroles 1. d&rsquo;aller au-del\u00e0 de la simple r\u00e9vision du r\u00e8glement, par exemple autoriser les terrasses \u00ab\u00a0trop\u00e9ziennes\u00a0\u00bb actuellement interdites 2. proposer des permanences du CAUE &#8211; Conseil d&rsquo;Architecture, d&rsquo;Urbanisme et d&rsquo;Environnement &#8211; en plus des permanences de l&rsquo;ABF &#8211; Architecte des B\u00e2timents de France &#8211; 3. travailler \u00e0 ces fiches conseils avec l&rsquo;ABF &hellip; Continuer la lecture \u00ab\u00a0CM du 27 janvier 2025 : mandater d\u00e9penses d&rsquo;investissement\u00a0\u00bb","og_url":"https:\/\/demainlargentiere.fr\/index.php\/cm-du-27janvier-2025\/","og_site_name":"Demain LARGENTIERE !","article_publisher":"https:\/\/www.facebook.com\/DemainLargentiere\/","article_modified_time":"2025-02-18T14:08:35+00:00","og_image":[{"url":"http:\/\/demainlargentiere.fr\/wp-content\/uploads\/2025\/02\/474977558_939472811706828_1848538325213571692_n.jpg","type":"","width":"","height":""}],"twitter_card":"summary_large_image","twitter_misc":{"Dur\u00e9e de lecture estim\u00e9e":"2 minutes"},"schema":{"@context":"https:\/\/schema.org","@graph":[{"@type":"WebPage","@id":"https:\/\/demainlargentiere.fr\/index.php\/cm-du-27janvier-2025\/","url":"https:\/\/demainlargentiere.fr\/index.php\/cm-du-27janvier-2025\/","name":"CM du 27 janvier 2025 : mandater d\u00e9penses d'investissement - Demain LARGENTIERE !","isPartOf":{"@id":"http:\/\/demainlargentiere.fr\/#website"},"primaryImageOfPage":{"@id":"https:\/\/demainlargentiere.fr\/index.php\/cm-du-27janvier-2025\/#primaryimage"},"image":{"@id":"https:\/\/demainlargentiere.fr\/index.php\/cm-du-27janvier-2025\/#primaryimage"},"thumbnailUrl":"http:\/\/demainlargentiere.fr\/wp-content\/uploads\/2025\/02\/474977558_939472811706828_1848538325213571692_n.jpg","datePublished":"2025-02-10T08:51:13+00:00","dateModified":"2025-02-18T14:08:35+00:00","breadcrumb":{"@id":"https:\/\/demainlargentiere.fr\/index.php\/cm-du-27janvier-2025\/#breadcrumb"},"inLanguage":"fr-FR","potentialAction":[{"@type":"ReadAction","target":["https:\/\/demainlargentiere.fr\/index.php\/cm-du-27janvier-2025\/"]}]},{"@type":"ImageObject","inLanguage":"fr-FR","@id":"https:\/\/demainlargentiere.fr\/index.php\/cm-du-27janvier-2025\/#primaryimage","url":"https:\/\/demainlargentiere.fr\/wp-content\/uploads\/2025\/02\/474977558_939472811706828_1848538325213571692_n.jpg","contentUrl":"https:\/\/demainlargentiere.fr\/wp-content\/uploads\/2025\/02\/474977558_939472811706828_1848538325213571692_n.jpg","width":521,"height":720},{"@type":"BreadcrumbList","@id":"https:\/\/demainlargentiere.fr\/index.php\/cm-du-27janvier-2025\/#breadcrumb","itemListElement":[{"@type":"ListItem","position":1,"name":"Accueil","item":"https:\/\/demainlargentiere.fr\/"},{"@type":"ListItem","position":2,"name":"CM du 27 janvier 2025 : mandater d\u00e9penses d&rsquo;investissement"}]},{"@type":"WebSite","@id":"http:\/\/demainlargentiere.fr\/#website","url":"http:\/\/demainlargentiere.fr\/","name":"Demain LARGENTIERE !","description":"Ensemble, cr\u00e9ons demain.","publisher":{"@id":"http:\/\/demainlargentiere.fr\/#organization"},"potentialAction":[{"@type":"SearchAction","target":{"@type":"EntryPoint","urlTemplate":"http:\/\/demainlargentiere.fr\/?s={search_term_string}"},"query-input":{"@type":"PropertyValueSpecification","valueRequired":true,"valueName":"search_term_string"}}],"inLanguage":"fr-FR"},{"@type":"Organization","@id":"http:\/\/demainlargentiere.fr\/#organization","name":"DemainLargentiere","url":"http:\/\/demainlargentiere.fr\/","logo":{"@type":"ImageObject","inLanguage":"fr-FR","@id":"http:\/\/demainlargentiere.fr\/#\/schema\/logo\/image\/","url":"http:\/\/demainlargentiere.fr\/wp-content\/uploads\/2020\/02\/logo-250x250-1.png","contentUrl":"http:\/\/demainlargentiere.fr\/wp-content\/uploads\/2020\/02\/logo-250x250-1.png","width":250,"height":250,"caption":"DemainLargentiere"},"image":{"@id":"http:\/\/demainlargentiere.fr\/#\/schema\/logo\/image\/"},"sameAs":["https:\/\/www.facebook.com\/DemainLargentiere\/"]}]}},"_links":{"self":[{"href":"https:\/\/demainlargentiere.fr\/index.php\/wp-json\/wp\/v2\/pages\/5161","targetHints":{"allow":["GET"]}}],"collection":[{"href":"https:\/\/demainlargentiere.fr\/index.php\/wp-json\/wp\/v2\/pages"}],"about":[{"href":"https:\/\/demainlargentiere.fr\/index.php\/wp-json\/wp\/v2\/types\/page"}],"author":[{"embeddable":true,"href":"https:\/\/demainlargentiere.fr\/index.php\/wp-json\/wp\/v2\/users\/2"}],"replies":[{"embeddable":true,"href":"https:\/\/demainlargentiere.fr\/index.php\/wp-json\/wp\/v2\/comments?post=5161"}],"version-history":[{"count":6,"href":"https:\/\/demainlargentiere.fr\/index.php\/wp-json\/wp\/v2\/pages\/5161\/revisions"}],"predecessor-version":[{"id":5211,"href":"https:\/\/demainlargentiere.fr\/index.php\/wp-json\/wp\/v2\/pages\/5161\/revisions\/5211"}],"wp:attachment":[{"href":"https:\/\/demainlargentiere.fr\/index.php\/wp-json\/wp\/v2\/media?parent=5161"}],"curies":[{"name":"wp","href":"https:\/\/api.w.org\/{rel}","templated":true}]}}