{"id":5264,"date":"2025-04-16T09:51:55","date_gmt":"2025-04-16T07:51:55","guid":{"rendered":"https:\/\/demainlargentiere.fr\/?page_id=5264"},"modified":"2025-04-16T15:46:19","modified_gmt":"2025-04-16T13:46:19","slug":"cm-du-14-avril-2025-quelles-orientations-le-budget-primitif-2025","status":"publish","type":"page","link":"https:\/\/demainlargentiere.fr\/index.php\/cm-du-14-avril-2025-quelles-orientations-le-budget-primitif-2025\/","title":{"rendered":"CM du 14 avril 2025 : quelles orientations : le budget primitif 2025"},"content":{"rendered":"\n<figure class=\"wp-block-image size-large is-resized\"><img loading=\"lazy\" decoding=\"async\" src=\"http:\/\/demainlargentiere.fr\/wp-content\/uploads\/2025\/04\/cm-724x1024.jpg\" alt=\"\" class=\"wp-image-5265\" width=\"299\" height=\"423\" srcset=\"https:\/\/demainlargentiere.fr\/wp-content\/uploads\/2025\/04\/cm-724x1024.jpg 724w, https:\/\/demainlargentiere.fr\/wp-content\/uploads\/2025\/04\/cm-212x300.jpg 212w, https:\/\/demainlargentiere.fr\/wp-content\/uploads\/2025\/04\/cm-768x1086.jpg 768w, https:\/\/demainlargentiere.fr\/wp-content\/uploads\/2025\/04\/cm-1086x1536.jpg 1086w, https:\/\/demainlargentiere.fr\/wp-content\/uploads\/2025\/04\/cm.jpg 1448w\" sizes=\"auto, (max-width: 299px) 100vw, 299px\" \/><\/figure>\n\n\n\n<h4 class=\"wp-block-heading\">Nos prises de parole<\/h4>\n\n\n\n<ol class=\"wp-block-list\">\n<li>De nombreuses questions ont \u00e9t\u00e9 pos\u00e9es par les \u00e9lues de l&rsquo;opposition sur le budget.<\/li>\n<\/ol>\n\n\n\n<p>Une prise de parole sur les d\u00e9penses inscrites au Budget Pr\u00e9visionnel (Art 64111 et 64131) pour les agents titulaires (190 000 \u20ac) sont proches des d\u00e9penses inscrites pour le personnel contractuel (176 000\u20ac), ce qui montre un recours disproportionn\u00e9 aux contrats. Le contrat est par nature pr\u00e9caire, ce qui peut g\u00e9n\u00e9rer du stress et de l&rsquo;incertitude pour l&rsquo;agent.e, qui ne dispose pas de la m\u00eame stabilit\u00e9 que dans un emploi de titulaire et impacter la fid\u00e9lisation du personnel. Cela peut aussi, par exemple, entrainer des difficult\u00e9s \u00e0 obtenir un pr\u00eat bancaire pour l&rsquo;achat de son logement ou d&rsquo;un v\u00e9hicule.<\/p>\n\n\n\n<p>Une prise de parole sur le compte 6232 F\u00eates et C\u00e9r\u00e9monie &#8211; 60 000\u20ac car la majorit\u00e9 souligne souvent la satisfaction d&rsquo;avoir plus d&rsquo;\u00e9v\u00e8nements. Or m\u00eame si l\u2019on peut saluer l\u2019engagement de la mairie pour animer la vie locale, il est essentiel de rappeler que son r\u00f4le ne devrait pas se limiter \u00e0 celui d\u2019un comit\u00e9 des f\u00eates. De plus, lorsqu&rsquo;une municipalit\u00e9 d\u00e9cide de retirer des \u00e9v\u00e9nements aux associations locales pour les organiser directement sous son nom, cela peut soulever plusieurs questions sur la r\u00e9partition des r\u00f4les entre les pouvoirs publics et les acteurs associatifs.  Ce choix peut avoir des cons\u00e9quences sur le dynamisme associatif, la diversit\u00e9 des initiatives, et la perception des citoyens. La mairie devrait \u00eatre un facilitateur des initiatives associatives, non un concurrent. Elle devrait encourager la collaboration avec les associations pour optimiser les ressources et garantir une meilleure qualit\u00e9 des \u00e9v\u00e9nements.\u00a0<\/p>\n\n\n\n<p>2. Nous avons vot\u00e9 contre le budget primitif. Ce vote est justifi\u00e9 par le fait que :<\/p>\n\n\n\n<ul class=\"wp-block-list\">\n<li>Le budget ne r\u00e9pond pas aux besoins essentiels de la commune (entretien, r\u00e9novation \u00e9nerg\u00e9tique des b\u00e2timents publics, \u00e9cole publique), avec une r\u00e9duction des d\u00e9penses d&rsquo;entretien des b\u00e2timents publics.<\/li>\n\n\n\n<li>Si la dette diminue, c\u2019est parce qu\u2019un des 12 emprunts est arriv\u00e9 \u00e0 son terme. Elle reste \u00e0 un niveau \u00e9lev\u00e9 sans perspective de diminution dans les ann\u00e9es \u00e0 venir (284 650\u20ac d\u2019annuit\u00e9s jusqu\u2019en 2029 au moins) ;<\/li>\n\n\n\n<li>Avec l\u2019inflation, les d\u00e9penses de fonctionnement auraient d\u00fb \u00e9voluer, or elles diminuent : 1,6 M\u20ac en 2022, 1,5 M\u20ac en 2023, 1,4 M\u20ac en 2024\u2026 La majorit\u00e9 comprime les d\u00e9penses de fonctionnement. Pourtant, chaque nouvel investissement (comme le jardin public) devrait engendrer de nouvelles d\u00e9penses de fonctionnement.<\/li>\n<\/ul>\n\n\n\n<h4 class=\"wp-block-heading\">Podcast du conseil municipal<\/h4>\n\n\n\n<figure class=\"wp-block-audio\"><audio controls src=\"http:\/\/demainlargentiere.fr\/wp-content\/uploads\/2025\/04\/ZOOM0025.mp3\"><\/audio><\/figure>\n","protected":false},"excerpt":{"rendered":"<p>Nos prises de parole Une prise de parole sur les d\u00e9penses inscrites au Budget Pr\u00e9visionnel (Art 64111 et 64131) pour les agents titulaires (190 000 \u20ac) sont proches des d\u00e9penses inscrites pour le personnel contractuel (176 000\u20ac), ce qui montre un recours disproportionn\u00e9 aux contrats. Le contrat est par nature pr\u00e9caire, ce qui peut g\u00e9n\u00e9rer &hellip; <\/p>\n<p class=\"link-more\"><a href=\"https:\/\/demainlargentiere.fr\/index.php\/cm-du-14-avril-2025-quelles-orientations-le-budget-primitif-2025\/\" class=\"more-link\">Continuer la lecture <span class=\"screen-reader-text\"> \u00ab\u00a0CM du 14 avril 2025 : quelles orientations : le budget primitif 2025\u00a0\u00bb<\/span><\/a><\/p>\n","protected":false},"author":2,"featured_media":0,"parent":0,"menu_order":0,"comment_status":"closed","ping_status":"closed","template":"","meta":{"ngg_post_thumbnail":0,"footnotes":""},"class_list":["post-5264","page","type-page","status-publish","hentry","entry"],"yoast_head":"<!-- This site is optimized with the Yoast SEO plugin v27.4 - https:\/\/yoast.com\/product\/yoast-seo-wordpress\/ -->\n<title>CM du 14 avril 2025 : quelles orientations : le budget primitif 2025 - Demain LARGENTIERE !<\/title>\n<meta name=\"robots\" content=\"index, follow, max-snippet:-1, max-image-preview:large, max-video-preview:-1\" \/>\n<link rel=\"canonical\" href=\"https:\/\/demainlargentiere.fr\/index.php\/cm-du-14-avril-2025-quelles-orientations-le-budget-primitif-2025\/\" \/>\n<meta property=\"og:locale\" content=\"fr_FR\" \/>\n<meta property=\"og:type\" content=\"article\" \/>\n<meta property=\"og:title\" content=\"CM du 14 avril 2025 : quelles orientations : le budget primitif 2025 - Demain LARGENTIERE !\" \/>\n<meta property=\"og:description\" content=\"Nos prises de parole Une prise de parole sur les d\u00e9penses inscrites au Budget Pr\u00e9visionnel (Art 64111 et 64131) pour les agents titulaires (190 000 \u20ac) sont proches des d\u00e9penses inscrites pour le personnel contractuel (176 000\u20ac), ce qui montre un recours disproportionn\u00e9 aux contrats. Le contrat est par nature pr\u00e9caire, ce qui peut g\u00e9n\u00e9rer &hellip; Continuer la lecture \u00ab\u00a0CM du 14 avril 2025 : quelles orientations : le budget primitif 2025\u00a0\u00bb\" \/>\n<meta property=\"og:url\" content=\"https:\/\/demainlargentiere.fr\/index.php\/cm-du-14-avril-2025-quelles-orientations-le-budget-primitif-2025\/\" \/>\n<meta property=\"og:site_name\" content=\"Demain LARGENTIERE !\" \/>\n<meta property=\"article:publisher\" content=\"https:\/\/www.facebook.com\/DemainLargentiere\/\" \/>\n<meta property=\"article:modified_time\" content=\"2025-04-16T13:46:19+00:00\" \/>\n<meta property=\"og:image\" content=\"http:\/\/demainlargentiere.fr\/wp-content\/uploads\/2025\/04\/cm-724x1024.jpg\" \/>\n<meta name=\"twitter:card\" content=\"summary_large_image\" \/>\n<meta name=\"twitter:label1\" content=\"Dur\u00e9e de lecture estim\u00e9e\" \/>\n\t<meta name=\"twitter:data1\" content=\"3 minutes\" \/>\n<script type=\"application\/ld+json\" class=\"yoast-schema-graph\">{\"@context\":\"https:\\\/\\\/schema.org\",\"@graph\":[{\"@type\":\"WebPage\",\"@id\":\"https:\\\/\\\/demainlargentiere.fr\\\/index.php\\\/cm-du-14-avril-2025-quelles-orientations-le-budget-primitif-2025\\\/\",\"url\":\"https:\\\/\\\/demainlargentiere.fr\\\/index.php\\\/cm-du-14-avril-2025-quelles-orientations-le-budget-primitif-2025\\\/\",\"name\":\"CM du 14 avril 2025 : quelles orientations : le budget primitif 2025 - Demain LARGENTIERE !\",\"isPartOf\":{\"@id\":\"http:\\\/\\\/demainlargentiere.fr\\\/#website\"},\"primaryImageOfPage\":{\"@id\":\"https:\\\/\\\/demainlargentiere.fr\\\/index.php\\\/cm-du-14-avril-2025-quelles-orientations-le-budget-primitif-2025\\\/#primaryimage\"},\"image\":{\"@id\":\"https:\\\/\\\/demainlargentiere.fr\\\/index.php\\\/cm-du-14-avril-2025-quelles-orientations-le-budget-primitif-2025\\\/#primaryimage\"},\"thumbnailUrl\":\"http:\\\/\\\/demainlargentiere.fr\\\/wp-content\\\/uploads\\\/2025\\\/04\\\/cm-724x1024.jpg\",\"datePublished\":\"2025-04-16T07:51:55+00:00\",\"dateModified\":\"2025-04-16T13:46:19+00:00\",\"breadcrumb\":{\"@id\":\"https:\\\/\\\/demainlargentiere.fr\\\/index.php\\\/cm-du-14-avril-2025-quelles-orientations-le-budget-primitif-2025\\\/#breadcrumb\"},\"inLanguage\":\"fr-FR\",\"potentialAction\":[{\"@type\":\"ReadAction\",\"target\":[\"https:\\\/\\\/demainlargentiere.fr\\\/index.php\\\/cm-du-14-avril-2025-quelles-orientations-le-budget-primitif-2025\\\/\"]}]},{\"@type\":\"ImageObject\",\"inLanguage\":\"fr-FR\",\"@id\":\"https:\\\/\\\/demainlargentiere.fr\\\/index.php\\\/cm-du-14-avril-2025-quelles-orientations-le-budget-primitif-2025\\\/#primaryimage\",\"url\":\"http:\\\/\\\/demainlargentiere.fr\\\/wp-content\\\/uploads\\\/2025\\\/04\\\/cm-724x1024.jpg\",\"contentUrl\":\"http:\\\/\\\/demainlargentiere.fr\\\/wp-content\\\/uploads\\\/2025\\\/04\\\/cm-724x1024.jpg\"},{\"@type\":\"BreadcrumbList\",\"@id\":\"https:\\\/\\\/demainlargentiere.fr\\\/index.php\\\/cm-du-14-avril-2025-quelles-orientations-le-budget-primitif-2025\\\/#breadcrumb\",\"itemListElement\":[{\"@type\":\"ListItem\",\"position\":1,\"name\":\"Accueil\",\"item\":\"https:\\\/\\\/demainlargentiere.fr\\\/\"},{\"@type\":\"ListItem\",\"position\":2,\"name\":\"CM du 14 avril 2025 : quelles orientations : le budget primitif 2025\"}]},{\"@type\":\"WebSite\",\"@id\":\"http:\\\/\\\/demainlargentiere.fr\\\/#website\",\"url\":\"http:\\\/\\\/demainlargentiere.fr\\\/\",\"name\":\"Demain LARGENTIERE !\",\"description\":\"Ensemble, cr\u00e9ons demain.\",\"publisher\":{\"@id\":\"http:\\\/\\\/demainlargentiere.fr\\\/#organization\"},\"potentialAction\":[{\"@type\":\"SearchAction\",\"target\":{\"@type\":\"EntryPoint\",\"urlTemplate\":\"http:\\\/\\\/demainlargentiere.fr\\\/?s={search_term_string}\"},\"query-input\":{\"@type\":\"PropertyValueSpecification\",\"valueRequired\":true,\"valueName\":\"search_term_string\"}}],\"inLanguage\":\"fr-FR\"},{\"@type\":\"Organization\",\"@id\":\"http:\\\/\\\/demainlargentiere.fr\\\/#organization\",\"name\":\"DemainLargentiere\",\"url\":\"http:\\\/\\\/demainlargentiere.fr\\\/\",\"logo\":{\"@type\":\"ImageObject\",\"inLanguage\":\"fr-FR\",\"@id\":\"http:\\\/\\\/demainlargentiere.fr\\\/#\\\/schema\\\/logo\\\/image\\\/\",\"url\":\"http:\\\/\\\/demainlargentiere.fr\\\/wp-content\\\/uploads\\\/2020\\\/02\\\/logo-250x250-1.png\",\"contentUrl\":\"http:\\\/\\\/demainlargentiere.fr\\\/wp-content\\\/uploads\\\/2020\\\/02\\\/logo-250x250-1.png\",\"width\":250,\"height\":250,\"caption\":\"DemainLargentiere\"},\"image\":{\"@id\":\"http:\\\/\\\/demainlargentiere.fr\\\/#\\\/schema\\\/logo\\\/image\\\/\"},\"sameAs\":[\"https:\\\/\\\/www.facebook.com\\\/DemainLargentiere\\\/\"]}]}<\/script>\n<!-- \/ Yoast SEO plugin. -->","yoast_head_json":{"title":"CM du 14 avril 2025 : quelles orientations : le budget primitif 2025 - Demain LARGENTIERE !","robots":{"index":"index","follow":"follow","max-snippet":"max-snippet:-1","max-image-preview":"max-image-preview:large","max-video-preview":"max-video-preview:-1"},"canonical":"https:\/\/demainlargentiere.fr\/index.php\/cm-du-14-avril-2025-quelles-orientations-le-budget-primitif-2025\/","og_locale":"fr_FR","og_type":"article","og_title":"CM du 14 avril 2025 : quelles orientations : le budget primitif 2025 - Demain LARGENTIERE !","og_description":"Nos prises de parole Une prise de parole sur les d\u00e9penses inscrites au Budget Pr\u00e9visionnel (Art 64111 et 64131) pour les agents titulaires (190 000 \u20ac) sont proches des d\u00e9penses inscrites pour le personnel contractuel (176 000\u20ac), ce qui montre un recours disproportionn\u00e9 aux contrats. Le contrat est par nature pr\u00e9caire, ce qui peut g\u00e9n\u00e9rer &hellip; Continuer la lecture \u00ab\u00a0CM du 14 avril 2025 : quelles orientations : le budget primitif 2025\u00a0\u00bb","og_url":"https:\/\/demainlargentiere.fr\/index.php\/cm-du-14-avril-2025-quelles-orientations-le-budget-primitif-2025\/","og_site_name":"Demain LARGENTIERE !","article_publisher":"https:\/\/www.facebook.com\/DemainLargentiere\/","article_modified_time":"2025-04-16T13:46:19+00:00","og_image":[{"url":"http:\/\/demainlargentiere.fr\/wp-content\/uploads\/2025\/04\/cm-724x1024.jpg","type":"","width":"","height":""}],"twitter_card":"summary_large_image","twitter_misc":{"Dur\u00e9e de lecture estim\u00e9e":"3 minutes"},"schema":{"@context":"https:\/\/schema.org","@graph":[{"@type":"WebPage","@id":"https:\/\/demainlargentiere.fr\/index.php\/cm-du-14-avril-2025-quelles-orientations-le-budget-primitif-2025\/","url":"https:\/\/demainlargentiere.fr\/index.php\/cm-du-14-avril-2025-quelles-orientations-le-budget-primitif-2025\/","name":"CM du 14 avril 2025 : quelles orientations : le budget primitif 2025 - Demain LARGENTIERE !","isPartOf":{"@id":"http:\/\/demainlargentiere.fr\/#website"},"primaryImageOfPage":{"@id":"https:\/\/demainlargentiere.fr\/index.php\/cm-du-14-avril-2025-quelles-orientations-le-budget-primitif-2025\/#primaryimage"},"image":{"@id":"https:\/\/demainlargentiere.fr\/index.php\/cm-du-14-avril-2025-quelles-orientations-le-budget-primitif-2025\/#primaryimage"},"thumbnailUrl":"http:\/\/demainlargentiere.fr\/wp-content\/uploads\/2025\/04\/cm-724x1024.jpg","datePublished":"2025-04-16T07:51:55+00:00","dateModified":"2025-04-16T13:46:19+00:00","breadcrumb":{"@id":"https:\/\/demainlargentiere.fr\/index.php\/cm-du-14-avril-2025-quelles-orientations-le-budget-primitif-2025\/#breadcrumb"},"inLanguage":"fr-FR","potentialAction":[{"@type":"ReadAction","target":["https:\/\/demainlargentiere.fr\/index.php\/cm-du-14-avril-2025-quelles-orientations-le-budget-primitif-2025\/"]}]},{"@type":"ImageObject","inLanguage":"fr-FR","@id":"https:\/\/demainlargentiere.fr\/index.php\/cm-du-14-avril-2025-quelles-orientations-le-budget-primitif-2025\/#primaryimage","url":"http:\/\/demainlargentiere.fr\/wp-content\/uploads\/2025\/04\/cm-724x1024.jpg","contentUrl":"http:\/\/demainlargentiere.fr\/wp-content\/uploads\/2025\/04\/cm-724x1024.jpg"},{"@type":"BreadcrumbList","@id":"https:\/\/demainlargentiere.fr\/index.php\/cm-du-14-avril-2025-quelles-orientations-le-budget-primitif-2025\/#breadcrumb","itemListElement":[{"@type":"ListItem","position":1,"name":"Accueil","item":"https:\/\/demainlargentiere.fr\/"},{"@type":"ListItem","position":2,"name":"CM du 14 avril 2025 : quelles orientations : le budget primitif 2025"}]},{"@type":"WebSite","@id":"http:\/\/demainlargentiere.fr\/#website","url":"http:\/\/demainlargentiere.fr\/","name":"Demain LARGENTIERE !","description":"Ensemble, cr\u00e9ons demain.","publisher":{"@id":"http:\/\/demainlargentiere.fr\/#organization"},"potentialAction":[{"@type":"SearchAction","target":{"@type":"EntryPoint","urlTemplate":"http:\/\/demainlargentiere.fr\/?s={search_term_string}"},"query-input":{"@type":"PropertyValueSpecification","valueRequired":true,"valueName":"search_term_string"}}],"inLanguage":"fr-FR"},{"@type":"Organization","@id":"http:\/\/demainlargentiere.fr\/#organization","name":"DemainLargentiere","url":"http:\/\/demainlargentiere.fr\/","logo":{"@type":"ImageObject","inLanguage":"fr-FR","@id":"http:\/\/demainlargentiere.fr\/#\/schema\/logo\/image\/","url":"http:\/\/demainlargentiere.fr\/wp-content\/uploads\/2020\/02\/logo-250x250-1.png","contentUrl":"http:\/\/demainlargentiere.fr\/wp-content\/uploads\/2020\/02\/logo-250x250-1.png","width":250,"height":250,"caption":"DemainLargentiere"},"image":{"@id":"http:\/\/demainlargentiere.fr\/#\/schema\/logo\/image\/"},"sameAs":["https:\/\/www.facebook.com\/DemainLargentiere\/"]}]}},"_links":{"self":[{"href":"https:\/\/demainlargentiere.fr\/index.php\/wp-json\/wp\/v2\/pages\/5264","targetHints":{"allow":["GET"]}}],"collection":[{"href":"https:\/\/demainlargentiere.fr\/index.php\/wp-json\/wp\/v2\/pages"}],"about":[{"href":"https:\/\/demainlargentiere.fr\/index.php\/wp-json\/wp\/v2\/types\/page"}],"author":[{"embeddable":true,"href":"https:\/\/demainlargentiere.fr\/index.php\/wp-json\/wp\/v2\/users\/2"}],"replies":[{"embeddable":true,"href":"https:\/\/demainlargentiere.fr\/index.php\/wp-json\/wp\/v2\/comments?post=5264"}],"version-history":[{"count":7,"href":"https:\/\/demainlargentiere.fr\/index.php\/wp-json\/wp\/v2\/pages\/5264\/revisions"}],"predecessor-version":[{"id":5279,"href":"https:\/\/demainlargentiere.fr\/index.php\/wp-json\/wp\/v2\/pages\/5264\/revisions\/5279"}],"wp:attachment":[{"href":"https:\/\/demainlargentiere.fr\/index.php\/wp-json\/wp\/v2\/media?parent=5264"}],"curies":[{"name":"wp","href":"https:\/\/api.w.org\/{rel}","templated":true}]}}