{"id":5398,"date":"2025-11-17T22:09:02","date_gmt":"2025-11-17T21:09:02","guid":{"rendered":"https:\/\/demainlargentiere.fr\/?page_id=5398"},"modified":"2025-11-26T12:34:48","modified_gmt":"2025-11-26T11:34:48","slug":"cm-du-17-novembre-2025-subventions-aux-associations-plui","status":"publish","type":"page","link":"https:\/\/demainlargentiere.fr\/index.php\/cm-du-17-novembre-2025-subventions-aux-associations-plui\/","title":{"rendered":"CM du 17 novembre 2025 : subventions aux associations, PLUI&#8230;"},"content":{"rendered":"\n<figure class=\"wp-block-image size-full\"><img loading=\"lazy\" decoding=\"async\" width=\"866\" height=\"456\" src=\"http:\/\/demainlargentiere.fr\/wp-content\/uploads\/2025\/11\/ODJ.jpg\" alt=\"\" class=\"wp-image-5399\" srcset=\"https:\/\/demainlargentiere.fr\/wp-content\/uploads\/2025\/11\/ODJ.jpg 866w, https:\/\/demainlargentiere.fr\/wp-content\/uploads\/2025\/11\/ODJ-300x158.jpg 300w, https:\/\/demainlargentiere.fr\/wp-content\/uploads\/2025\/11\/ODJ-768x404.jpg 768w\" sizes=\"auto, (max-width: 866px) 100vw, 866px\" \/><\/figure>\n\n\n\n<h3 class=\"wp-block-heading\">Nos prises de position : <\/h3>\n\n\n\n<p>Vote pour le bail notari\u00e9 local ex Casino<\/p>\n\n\n\n<p>Vote pour les subventions aux associations : en mettant l&rsquo;accent sur un probl\u00e8me de date buttoir, de communication et de m\u00e9thode. Egalement, l<strong>es subventions aux associations largenti\u00e9roises stagnent <\/strong>alors que le budget \u201cF\u00eates et c\u00e9r\u00e9monies\u201d, pour sa part, a presque tripl\u00e9 en 3 ans. Nous alertons, de nouveau, sur le fait que son r\u00f4le ne devrait pas se limiter \u00e0 celui d\u2019un \u201ccomit\u00e9 des f\u00eates\u201d, au risque de perdre de vue ses missions prioritaires. La commune devrait \u00eatre un facilitateur des initiatives associatives et encourager la collaboration avec et entre toutes les associations, elle garantirait une meilleure qualit\u00e9 des \u00e9v\u00e9nements.<\/p>\n\n\n\n<p>Vote pour les march\u00e9s<\/p>\n\n\n\n<p>PLU VS PLUI<br>Les \u00e9lus de la majorit\u00e9 ont vot\u00e9 pour r\u00e9cup\u00e9rer la comp\u00e9tence urbanisme \/ Plan local d\u2019urbanisme (PLU), exerc\u00e9e depuis 2021 par la communaut\u00e9 de communes. En r\u00e9alit\u00e9, la loi interdit \u00e0 une commune de reprendre seule une comp\u00e9tence d\u00e9j\u00e0 transf\u00e9r\u00e9e \u00e0 un EPCI \u00e0 fiscalit\u00e9 propre. Nous demandons le report de cette d\u00e9lib\u00e9ration, ce qui est refus\u00e9, puis nous nous abstenons. <a href=\"https:\/\/demainlargentiere.fr\/index.php\/2025\/11\/18\/plu-vs-plui-deliberation-illegale-ce-que-vous-devez-savoir\/\">Article sur ce que vous devriez savoir en lien<\/a><\/p>\n\n\n\n<p>Vote pour les modifications concernant le poste d&rsquo;adjoint technique<\/p>\n\n\n\n<p>Questions diverses : <\/p>\n\n\n\n<ul class=\"wp-block-list\">\n<li>Nous interrogeons sur le stade de la Prade r\u00e9cemment remis en \u00e9tat, nous sommes heureux d&rsquo;apprendre que l&rsquo;\u00e9quipe de rugby d&rsquo;Ard\u00e8che m\u00e9ridionale pour les 6-13 ans revient \u00e0 Largenti\u00e8re.<\/li>\n\n\n\n<li>Le kiosque informatique : il devrait reprendre en janvier<\/li>\n\n\n\n<li>Cantine \u00e0 1 \u20ac : la commune n&rsquo;a jamais d\u00e9pos\u00e9 le dossier, mais a \u00e9t\u00e9 inform\u00e9e d&rsquo;un manque de cr\u00e9dit<\/li>\n\n\n\n<li>Les fanions : ils devraient \u00eatre enlev\u00e9s pour laisser la place aux guirlandes<\/li>\n\n\n\n<li>La circulation du tribunal : le sens de circulation a \u00e9t\u00e9 choisir pour ne pas engorger dans le virage.<\/li>\n\n\n\n<li>R\u00e9ouverture du tribunal : pr\u00e9vu d\u00e9but 2026<\/li>\n<\/ul>\n\n\n\n<h3 class=\"wp-block-heading\">Podcast du conseil<\/h3>\n\n\n\n<figure class=\"wp-block-audio\"><audio controls src=\"http:\/\/demainlargentiere.fr\/wp-content\/uploads\/2025\/11\/17.11.2025-CM.mp3\"><\/audio><\/figure>\n","protected":false},"excerpt":{"rendered":"<p>Nos prises de position : Vote pour le bail notari\u00e9 local ex Casino Vote pour les subventions aux associations : en mettant l&rsquo;accent sur un probl\u00e8me de date buttoir, de communication et de m\u00e9thode. Egalement, les subventions aux associations largenti\u00e9roises stagnent alors que le budget \u201cF\u00eates et c\u00e9r\u00e9monies\u201d, pour sa part, a presque tripl\u00e9 en &hellip; <\/p>\n<p class=\"link-more\"><a href=\"https:\/\/demainlargentiere.fr\/index.php\/cm-du-17-novembre-2025-subventions-aux-associations-plui\/\" class=\"more-link\">Continuer la lecture <span class=\"screen-reader-text\"> \u00ab\u00a0CM du 17 novembre 2025 : subventions aux associations, PLUI&#8230;\u00a0\u00bb<\/span><\/a><\/p>\n","protected":false},"author":2,"featured_media":0,"parent":0,"menu_order":0,"comment_status":"closed","ping_status":"closed","template":"","meta":{"ngg_post_thumbnail":0,"footnotes":""},"class_list":["post-5398","page","type-page","status-publish","hentry","entry"],"yoast_head":"<!-- This site is optimized with the Yoast SEO plugin v27.4 - https:\/\/yoast.com\/product\/yoast-seo-wordpress\/ -->\n<title>CM du 17 novembre 2025 : subventions aux associations, PLUI... - Demain LARGENTIERE !<\/title>\n<meta name=\"robots\" content=\"index, follow, max-snippet:-1, max-image-preview:large, max-video-preview:-1\" \/>\n<link rel=\"canonical\" href=\"https:\/\/demainlargentiere.fr\/index.php\/cm-du-17-novembre-2025-subventions-aux-associations-plui\/\" \/>\n<meta property=\"og:locale\" content=\"fr_FR\" \/>\n<meta property=\"og:type\" content=\"article\" \/>\n<meta property=\"og:title\" content=\"CM du 17 novembre 2025 : subventions aux associations, PLUI... - Demain LARGENTIERE !\" \/>\n<meta property=\"og:description\" content=\"Nos prises de position : Vote pour le bail notari\u00e9 local ex Casino Vote pour les subventions aux associations : en mettant l&rsquo;accent sur un probl\u00e8me de date buttoir, de communication et de m\u00e9thode. Egalement, les subventions aux associations largenti\u00e9roises stagnent alors que le budget \u201cF\u00eates et c\u00e9r\u00e9monies\u201d, pour sa part, a presque tripl\u00e9 en &hellip; Continuer la lecture \u00ab\u00a0CM du 17 novembre 2025 : subventions aux associations, PLUI&#8230;\u00a0\u00bb\" \/>\n<meta property=\"og:url\" content=\"https:\/\/demainlargentiere.fr\/index.php\/cm-du-17-novembre-2025-subventions-aux-associations-plui\/\" \/>\n<meta property=\"og:site_name\" content=\"Demain LARGENTIERE !\" \/>\n<meta property=\"article:publisher\" content=\"https:\/\/www.facebook.com\/DemainLargentiere\/\" \/>\n<meta property=\"article:modified_time\" content=\"2025-11-26T11:34:48+00:00\" \/>\n<meta property=\"og:image\" content=\"https:\/\/demainlargentiere.fr\/wp-content\/uploads\/2025\/11\/ODJ.jpg\" \/>\n\t<meta property=\"og:image:width\" content=\"866\" \/>\n\t<meta property=\"og:image:height\" content=\"456\" \/>\n\t<meta property=\"og:image:type\" content=\"image\/jpeg\" \/>\n<meta name=\"twitter:card\" content=\"summary_large_image\" \/>\n<meta name=\"twitter:label1\" content=\"Dur\u00e9e de lecture estim\u00e9e\" \/>\n\t<meta name=\"twitter:data1\" content=\"2 minutes\" \/>\n<script type=\"application\/ld+json\" class=\"yoast-schema-graph\">{\"@context\":\"https:\\\/\\\/schema.org\",\"@graph\":[{\"@type\":\"WebPage\",\"@id\":\"https:\\\/\\\/demainlargentiere.fr\\\/index.php\\\/cm-du-17-novembre-2025-subventions-aux-associations-plui\\\/\",\"url\":\"https:\\\/\\\/demainlargentiere.fr\\\/index.php\\\/cm-du-17-novembre-2025-subventions-aux-associations-plui\\\/\",\"name\":\"CM du 17 novembre 2025 : subventions aux associations, PLUI... - Demain LARGENTIERE !\",\"isPartOf\":{\"@id\":\"http:\\\/\\\/demainlargentiere.fr\\\/#website\"},\"primaryImageOfPage\":{\"@id\":\"https:\\\/\\\/demainlargentiere.fr\\\/index.php\\\/cm-du-17-novembre-2025-subventions-aux-associations-plui\\\/#primaryimage\"},\"image\":{\"@id\":\"https:\\\/\\\/demainlargentiere.fr\\\/index.php\\\/cm-du-17-novembre-2025-subventions-aux-associations-plui\\\/#primaryimage\"},\"thumbnailUrl\":\"http:\\\/\\\/demainlargentiere.fr\\\/wp-content\\\/uploads\\\/2025\\\/11\\\/ODJ.jpg\",\"datePublished\":\"2025-11-17T21:09:02+00:00\",\"dateModified\":\"2025-11-26T11:34:48+00:00\",\"breadcrumb\":{\"@id\":\"https:\\\/\\\/demainlargentiere.fr\\\/index.php\\\/cm-du-17-novembre-2025-subventions-aux-associations-plui\\\/#breadcrumb\"},\"inLanguage\":\"fr-FR\",\"potentialAction\":[{\"@type\":\"ReadAction\",\"target\":[\"https:\\\/\\\/demainlargentiere.fr\\\/index.php\\\/cm-du-17-novembre-2025-subventions-aux-associations-plui\\\/\"]}]},{\"@type\":\"ImageObject\",\"inLanguage\":\"fr-FR\",\"@id\":\"https:\\\/\\\/demainlargentiere.fr\\\/index.php\\\/cm-du-17-novembre-2025-subventions-aux-associations-plui\\\/#primaryimage\",\"url\":\"https:\\\/\\\/demainlargentiere.fr\\\/wp-content\\\/uploads\\\/2025\\\/11\\\/ODJ.jpg\",\"contentUrl\":\"https:\\\/\\\/demainlargentiere.fr\\\/wp-content\\\/uploads\\\/2025\\\/11\\\/ODJ.jpg\",\"width\":866,\"height\":456},{\"@type\":\"BreadcrumbList\",\"@id\":\"https:\\\/\\\/demainlargentiere.fr\\\/index.php\\\/cm-du-17-novembre-2025-subventions-aux-associations-plui\\\/#breadcrumb\",\"itemListElement\":[{\"@type\":\"ListItem\",\"position\":1,\"name\":\"Accueil\",\"item\":\"https:\\\/\\\/demainlargentiere.fr\\\/\"},{\"@type\":\"ListItem\",\"position\":2,\"name\":\"CM du 17 novembre 2025 : subventions aux associations, PLUI&#8230;\"}]},{\"@type\":\"WebSite\",\"@id\":\"http:\\\/\\\/demainlargentiere.fr\\\/#website\",\"url\":\"http:\\\/\\\/demainlargentiere.fr\\\/\",\"name\":\"Demain LARGENTIERE !\",\"description\":\"Ensemble, cr\u00e9ons demain.\",\"publisher\":{\"@id\":\"http:\\\/\\\/demainlargentiere.fr\\\/#organization\"},\"potentialAction\":[{\"@type\":\"SearchAction\",\"target\":{\"@type\":\"EntryPoint\",\"urlTemplate\":\"http:\\\/\\\/demainlargentiere.fr\\\/?s={search_term_string}\"},\"query-input\":{\"@type\":\"PropertyValueSpecification\",\"valueRequired\":true,\"valueName\":\"search_term_string\"}}],\"inLanguage\":\"fr-FR\"},{\"@type\":\"Organization\",\"@id\":\"http:\\\/\\\/demainlargentiere.fr\\\/#organization\",\"name\":\"DemainLargentiere\",\"url\":\"http:\\\/\\\/demainlargentiere.fr\\\/\",\"logo\":{\"@type\":\"ImageObject\",\"inLanguage\":\"fr-FR\",\"@id\":\"http:\\\/\\\/demainlargentiere.fr\\\/#\\\/schema\\\/logo\\\/image\\\/\",\"url\":\"http:\\\/\\\/demainlargentiere.fr\\\/wp-content\\\/uploads\\\/2020\\\/02\\\/logo-250x250-1.png\",\"contentUrl\":\"http:\\\/\\\/demainlargentiere.fr\\\/wp-content\\\/uploads\\\/2020\\\/02\\\/logo-250x250-1.png\",\"width\":250,\"height\":250,\"caption\":\"DemainLargentiere\"},\"image\":{\"@id\":\"http:\\\/\\\/demainlargentiere.fr\\\/#\\\/schema\\\/logo\\\/image\\\/\"},\"sameAs\":[\"https:\\\/\\\/www.facebook.com\\\/DemainLargentiere\\\/\"]}]}<\/script>\n<!-- \/ Yoast SEO plugin. -->","yoast_head_json":{"title":"CM du 17 novembre 2025 : subventions aux associations, PLUI... - Demain LARGENTIERE !","robots":{"index":"index","follow":"follow","max-snippet":"max-snippet:-1","max-image-preview":"max-image-preview:large","max-video-preview":"max-video-preview:-1"},"canonical":"https:\/\/demainlargentiere.fr\/index.php\/cm-du-17-novembre-2025-subventions-aux-associations-plui\/","og_locale":"fr_FR","og_type":"article","og_title":"CM du 17 novembre 2025 : subventions aux associations, PLUI... - Demain LARGENTIERE !","og_description":"Nos prises de position : Vote pour le bail notari\u00e9 local ex Casino Vote pour les subventions aux associations : en mettant l&rsquo;accent sur un probl\u00e8me de date buttoir, de communication et de m\u00e9thode. Egalement, les subventions aux associations largenti\u00e9roises stagnent alors que le budget \u201cF\u00eates et c\u00e9r\u00e9monies\u201d, pour sa part, a presque tripl\u00e9 en &hellip; Continuer la lecture \u00ab\u00a0CM du 17 novembre 2025 : subventions aux associations, PLUI&#8230;\u00a0\u00bb","og_url":"https:\/\/demainlargentiere.fr\/index.php\/cm-du-17-novembre-2025-subventions-aux-associations-plui\/","og_site_name":"Demain LARGENTIERE !","article_publisher":"https:\/\/www.facebook.com\/DemainLargentiere\/","article_modified_time":"2025-11-26T11:34:48+00:00","og_image":[{"width":866,"height":456,"url":"https:\/\/demainlargentiere.fr\/wp-content\/uploads\/2025\/11\/ODJ.jpg","type":"image\/jpeg"}],"twitter_card":"summary_large_image","twitter_misc":{"Dur\u00e9e de lecture estim\u00e9e":"2 minutes"},"schema":{"@context":"https:\/\/schema.org","@graph":[{"@type":"WebPage","@id":"https:\/\/demainlargentiere.fr\/index.php\/cm-du-17-novembre-2025-subventions-aux-associations-plui\/","url":"https:\/\/demainlargentiere.fr\/index.php\/cm-du-17-novembre-2025-subventions-aux-associations-plui\/","name":"CM du 17 novembre 2025 : subventions aux associations, PLUI... - Demain LARGENTIERE !","isPartOf":{"@id":"http:\/\/demainlargentiere.fr\/#website"},"primaryImageOfPage":{"@id":"https:\/\/demainlargentiere.fr\/index.php\/cm-du-17-novembre-2025-subventions-aux-associations-plui\/#primaryimage"},"image":{"@id":"https:\/\/demainlargentiere.fr\/index.php\/cm-du-17-novembre-2025-subventions-aux-associations-plui\/#primaryimage"},"thumbnailUrl":"http:\/\/demainlargentiere.fr\/wp-content\/uploads\/2025\/11\/ODJ.jpg","datePublished":"2025-11-17T21:09:02+00:00","dateModified":"2025-11-26T11:34:48+00:00","breadcrumb":{"@id":"https:\/\/demainlargentiere.fr\/index.php\/cm-du-17-novembre-2025-subventions-aux-associations-plui\/#breadcrumb"},"inLanguage":"fr-FR","potentialAction":[{"@type":"ReadAction","target":["https:\/\/demainlargentiere.fr\/index.php\/cm-du-17-novembre-2025-subventions-aux-associations-plui\/"]}]},{"@type":"ImageObject","inLanguage":"fr-FR","@id":"https:\/\/demainlargentiere.fr\/index.php\/cm-du-17-novembre-2025-subventions-aux-associations-plui\/#primaryimage","url":"https:\/\/demainlargentiere.fr\/wp-content\/uploads\/2025\/11\/ODJ.jpg","contentUrl":"https:\/\/demainlargentiere.fr\/wp-content\/uploads\/2025\/11\/ODJ.jpg","width":866,"height":456},{"@type":"BreadcrumbList","@id":"https:\/\/demainlargentiere.fr\/index.php\/cm-du-17-novembre-2025-subventions-aux-associations-plui\/#breadcrumb","itemListElement":[{"@type":"ListItem","position":1,"name":"Accueil","item":"https:\/\/demainlargentiere.fr\/"},{"@type":"ListItem","position":2,"name":"CM du 17 novembre 2025 : subventions aux associations, PLUI&#8230;"}]},{"@type":"WebSite","@id":"http:\/\/demainlargentiere.fr\/#website","url":"http:\/\/demainlargentiere.fr\/","name":"Demain LARGENTIERE !","description":"Ensemble, cr\u00e9ons demain.","publisher":{"@id":"http:\/\/demainlargentiere.fr\/#organization"},"potentialAction":[{"@type":"SearchAction","target":{"@type":"EntryPoint","urlTemplate":"http:\/\/demainlargentiere.fr\/?s={search_term_string}"},"query-input":{"@type":"PropertyValueSpecification","valueRequired":true,"valueName":"search_term_string"}}],"inLanguage":"fr-FR"},{"@type":"Organization","@id":"http:\/\/demainlargentiere.fr\/#organization","name":"DemainLargentiere","url":"http:\/\/demainlargentiere.fr\/","logo":{"@type":"ImageObject","inLanguage":"fr-FR","@id":"http:\/\/demainlargentiere.fr\/#\/schema\/logo\/image\/","url":"http:\/\/demainlargentiere.fr\/wp-content\/uploads\/2020\/02\/logo-250x250-1.png","contentUrl":"http:\/\/demainlargentiere.fr\/wp-content\/uploads\/2020\/02\/logo-250x250-1.png","width":250,"height":250,"caption":"DemainLargentiere"},"image":{"@id":"http:\/\/demainlargentiere.fr\/#\/schema\/logo\/image\/"},"sameAs":["https:\/\/www.facebook.com\/DemainLargentiere\/"]}]}},"_links":{"self":[{"href":"https:\/\/demainlargentiere.fr\/index.php\/wp-json\/wp\/v2\/pages\/5398","targetHints":{"allow":["GET"]}}],"collection":[{"href":"https:\/\/demainlargentiere.fr\/index.php\/wp-json\/wp\/v2\/pages"}],"about":[{"href":"https:\/\/demainlargentiere.fr\/index.php\/wp-json\/wp\/v2\/types\/page"}],"author":[{"embeddable":true,"href":"https:\/\/demainlargentiere.fr\/index.php\/wp-json\/wp\/v2\/users\/2"}],"replies":[{"embeddable":true,"href":"https:\/\/demainlargentiere.fr\/index.php\/wp-json\/wp\/v2\/comments?post=5398"}],"version-history":[{"count":5,"href":"https:\/\/demainlargentiere.fr\/index.php\/wp-json\/wp\/v2\/pages\/5398\/revisions"}],"predecessor-version":[{"id":5426,"href":"https:\/\/demainlargentiere.fr\/index.php\/wp-json\/wp\/v2\/pages\/5398\/revisions\/5426"}],"wp:attachment":[{"href":"https:\/\/demainlargentiere.fr\/index.php\/wp-json\/wp\/v2\/media?parent=5398"}],"curies":[{"name":"wp","href":"https:\/\/api.w.org\/{rel}","templated":true}]}}