{"id":5666,"date":"2026-02-20T12:04:17","date_gmt":"2026-02-20T11:04:17","guid":{"rendered":"https:\/\/demainlargentiere.fr\/?page_id=5666"},"modified":"2026-03-11T09:58:24","modified_gmt":"2026-03-11T08:58:24","slug":"notre-programme-complet","status":"publish","type":"page","link":"https:\/\/demainlargentiere.fr\/index.php\/notre-programme-complet\/","title":{"rendered":"Campagne 2026"},"content":{"rendered":"\n<h3 class=\"wp-block-heading\">Mars 2026 notre programme pour 2026-2033<\/h3>\n\n\n\n<p>D\u00e9couvrez la liste et le programme, il est compos\u00e9 de 7 axes et 66 actions !<\/p>\n\n\n\n<figure class=\"wp-block-image size-full is-resized\"><img loading=\"lazy\" decoding=\"async\" width=\"799\" height=\"165\" src=\"http:\/\/demainlargentiere.fr\/wp-content\/uploads\/2026\/02\/Programme-1.jpg\" alt=\"\" class=\"wp-image-5827\" style=\"width:589px;height:auto\" srcset=\"https:\/\/demainlargentiere.fr\/wp-content\/uploads\/2026\/02\/Programme-1.jpg 799w, https:\/\/demainlargentiere.fr\/wp-content\/uploads\/2026\/02\/Programme-1-300x62.jpg 300w, https:\/\/demainlargentiere.fr\/wp-content\/uploads\/2026\/02\/Programme-1-768x159.jpg 768w\" sizes=\"auto, (max-width: 799px) 100vw, 799px\" \/><\/figure>\n\n\n<div class=\"sdm_download_button_box_default\"><div class=\"sdm_download_link\"><a href=\"https:\/\/demainlargentiere.fr\/?sdm_process_download=1&download_id=5829\" class=\"sdm_download green\" title=\"Liste et programme\" >T\u00e9l\u00e9charger la liste et programme<\/a><\/div><\/div>\n\n\n\n<p>D\u00e9couvrez le programme complet<\/p>\n\n\n\n<figure class=\"wp-block-image size-full is-resized\"><img loading=\"lazy\" decoding=\"async\" width=\"903\" height=\"385\" src=\"http:\/\/demainlargentiere.fr\/wp-content\/uploads\/2026\/02\/Prog1.jpg\" alt=\"\" class=\"wp-image-5818\" style=\"width:591px;height:auto\" srcset=\"https:\/\/demainlargentiere.fr\/wp-content\/uploads\/2026\/02\/Prog1.jpg 903w, https:\/\/demainlargentiere.fr\/wp-content\/uploads\/2026\/02\/Prog1-300x128.jpg 300w, https:\/\/demainlargentiere.fr\/wp-content\/uploads\/2026\/02\/Prog1-768x327.jpg 768w\" sizes=\"auto, (max-width: 903px) 100vw, 903px\" \/><\/figure>\n\n\n<div class=\"sdm_download_button_box_default\"><div class=\"sdm_download_link\"><a href=\"https:\/\/demainlargentiere.fr\/?sdm_process_download=1&download_id=5832\" class=\"sdm_download green\" title=\"Programme complet\" >T\u00e9l\u00e9charger le programme complet<\/a><\/div><\/div>\n\n\n\n<h3 class=\"wp-block-heading\">Mars 2026 : 3 r\u00e9unions publiques<\/h3>\n\n\n\n<p><img loading=\"lazy\" decoding=\"async\" height=\"16\" width=\"16\" src=\"https:\/\/static.xx.fbcdn.net\/images\/emoji.php\/v9\/t2d\/1\/16\/1f4cd.png\" alt=\"\ud83d\udccd\"> Vendredi 27 f\u00e9vrier \u00e0 18h30 |<strong> Salle des f\u00eates de Largenti\u00e8re<\/strong><\/p>\n\n\n\n<p><img loading=\"lazy\" decoding=\"async\" height=\"16\" width=\"16\" src=\"https:\/\/static.xx.fbcdn.net\/images\/emoji.php\/v9\/t2d\/1\/16\/1f4cd.png\" alt=\"\ud83d\udccd\"> Samedi 7 mars \u00e0 11h |&nbsp;<strong>Salle communale du Ginestet<\/strong><\/p>\n\n\n\n<p><img loading=\"lazy\" decoding=\"async\" height=\"16\" width=\"16\" src=\"https:\/\/static.xx.fbcdn.net\/images\/emoji.php\/v9\/t2d\/1\/16\/1f4cd.png\" alt=\"\ud83d\udccd\">Dimanche 8 mars \u00e0 10h30 | <strong>Salle Sarrazine<\/strong><\/p>\n\n\n\n<h3 class=\"wp-block-heading\">F\u00e9vrier 2026 : 10 propositions concr\u00e8tes<\/h3>\n\n\n\n<figure class=\"wp-block-image size-full is-resized\"><img loading=\"lazy\" decoding=\"async\" width=\"556\" height=\"351\" src=\"http:\/\/demainlargentiere.fr\/wp-content\/uploads\/2026\/02\/1-Facebook-Google-Chrome.jpg\" alt=\"\" class=\"wp-image-5623\" style=\"width:308px;height:auto\" srcset=\"https:\/\/demainlargentiere.fr\/wp-content\/uploads\/2026\/02\/1-Facebook-Google-Chrome.jpg 556w, https:\/\/demainlargentiere.fr\/wp-content\/uploads\/2026\/02\/1-Facebook-Google-Chrome-300x189.jpg 300w\" sizes=\"auto, (max-width: 556px) 100vw, 556px\" \/><\/figure>\n\n\n<div class=\"sdm_download_button_box_default\"><div class=\"sdm_download_link\"><a href=\"https:\/\/demainlargentiere.fr\/?sdm_process_download=1&download_id=5606\" class=\"sdm_download green\" title=\"10 projets concrets\" >T\u00e9l\u00e9charger nos 10 projets concrets<\/a><\/div><\/div>\n\n\n\n<h3 class=\"wp-block-heading\">Janvier 2026 : Le journal d&rsquo;information de Demain Largenti\u00e8re<\/h3>\n\n\n\n<figure class=\"wp-block-image size-full is-resized\"><img loading=\"lazy\" decoding=\"async\" width=\"849\" height=\"662\" src=\"http:\/\/demainlargentiere.fr\/wp-content\/uploads\/2026\/01\/journal2026.jpg\" alt=\"\" class=\"wp-image-5518\" style=\"width:342px;height:auto\" srcset=\"https:\/\/demainlargentiere.fr\/wp-content\/uploads\/2026\/01\/journal2026.jpg 849w, https:\/\/demainlargentiere.fr\/wp-content\/uploads\/2026\/01\/journal2026-300x234.jpg 300w, https:\/\/demainlargentiere.fr\/wp-content\/uploads\/2026\/01\/journal2026-768x599.jpg 768w\" sizes=\"auto, (max-width: 849px) 100vw, 849px\" \/><\/figure>\n\n\n\n<p>La 5\u00e8me \u00e9dition de notre journal et ses 8 pages, retrouvez la version informatique du <strong>journal d&rsquo;infos 2026<\/strong> : <\/p>\n\n\n<div class=\"sdm_download_button_box_default\"><div class=\"sdm_download_link\"><a href=\"https:\/\/demainlargentiere.fr\/?sdm_process_download=1&download_id=5514\" class=\"sdm_download green\" title=\"Journal Mine d\u2019infos 2026\" >T\u00e9l\u00e9charger le Mine d&#039;infos 2026<\/a><\/div><\/div>\n\n\n\n<h3 class=\"wp-block-heading\">Janvier 2026 : invitation \u00ab\u00a0faire village\u00a0\u00bb<\/h3>\n\n\n\n<p>Anciens et nouveaux habitants sont invit\u00e9s \u00e0 se retrouver samedi 10 janvier \u00e0 17h pour la nouvelle ann\u00e9e, dans un esprit de \u00ab\u00a0faire village\u00a0\u00bb.<\/p>\n\n\n\n<p>Si nous sommes \u00e9lus, nous soutiendrons toutes les initiatives permettant aux habitants de se conna\u00eetre et de \u00ab faire village \u00bb ensemble. Cela passera notamment par le r\u00e9tablissement du repas des a\u00een\u00e9s et l\u2019organisation annuelle d\u2019une rencontre entre les nouveaux habitants, les associations locales et les commer\u00e7ants.<\/p>\n\n\n\n<h3 class=\"wp-block-heading\">Janvier 2026 : demain votons !<\/h3>\n\n\n\n<p>S&rsquo;inscrire, c\u2019est faire entendre sa voix et participer \u00e0 la vie d\u00e9mocratique.<\/p>\n\n\n\n<figure class=\"wp-block-gallery has-nested-images columns-default is-cropped wp-block-gallery-1 is-layout-flex wp-block-gallery-is-layout-flex\">\n<figure class=\"wp-block-image size-large\"><img loading=\"lazy\" decoding=\"async\" width=\"730\" height=\"1024\" data-id=\"5488\" src=\"https:\/\/demainlargentiere.fr\/wp-content\/uploads\/2026\/01\/listeelec-730x1024.jpg\" alt=\"\" class=\"wp-image-5488\" srcset=\"https:\/\/demainlargentiere.fr\/wp-content\/uploads\/2026\/01\/listeelec-730x1024.jpg 730w, https:\/\/demainlargentiere.fr\/wp-content\/uploads\/2026\/01\/listeelec-214x300.jpg 214w, https:\/\/demainlargentiere.fr\/wp-content\/uploads\/2026\/01\/listeelec-768x1077.jpg 768w, https:\/\/demainlargentiere.fr\/wp-content\/uploads\/2026\/01\/listeelec.jpg 910w\" sizes=\"auto, (max-width: 730px) 100vw, 730px\" \/><\/figure>\n\n\n\n<figure class=\"wp-block-image size-large\"><img loading=\"lazy\" decoding=\"async\" width=\"730\" height=\"1024\" data-id=\"5489\" src=\"https:\/\/demainlargentiere.fr\/wp-content\/uploads\/2026\/01\/liste-elec2-730x1024.jpg\" alt=\"\" class=\"wp-image-5489\" srcset=\"https:\/\/demainlargentiere.fr\/wp-content\/uploads\/2026\/01\/liste-elec2-730x1024.jpg 730w, https:\/\/demainlargentiere.fr\/wp-content\/uploads\/2026\/01\/liste-elec2-214x300.jpg 214w, https:\/\/demainlargentiere.fr\/wp-content\/uploads\/2026\/01\/liste-elec2-768x1077.jpg 768w, https:\/\/demainlargentiere.fr\/wp-content\/uploads\/2026\/01\/liste-elec2.jpg 910w\" sizes=\"auto, (max-width: 730px) 100vw, 730px\" \/><\/figure>\n<\/figure>\n\n\n\n<h3 class=\"wp-block-heading\">Fin 2025 et janv-mars 2026 : on se rencontre !<\/h3>\n\n\n\n<figure class=\"wp-block-image size-full\"><img loading=\"lazy\" decoding=\"async\" width=\"454\" height=\"271\" src=\"http:\/\/demainlargentiere.fr\/wp-content\/uploads\/2026\/02\/A4-8-pages-DL-MineDinfo_Janvier26-A4-8-pages-DL-MineDinfo_Janvier26.pdf-\u2014-Mozilla-Firefox.jpg\" alt=\"\" class=\"wp-image-5718\" srcset=\"https:\/\/demainlargentiere.fr\/wp-content\/uploads\/2026\/02\/A4-8-pages-DL-MineDinfo_Janvier26-A4-8-pages-DL-MineDinfo_Janvier26.pdf-\u2014-Mozilla-Firefox.jpg 454w, https:\/\/demainlargentiere.fr\/wp-content\/uploads\/2026\/02\/A4-8-pages-DL-MineDinfo_Janvier26-A4-8-pages-DL-MineDinfo_Janvier26.pdf-\u2014-Mozilla-Firefox-300x179.jpg 300w\" sizes=\"auto, (max-width: 454px) 100vw, 454px\" \/><\/figure>\n\n\n\n<p>L\u2019\u00e9quipe de Demain Largenti\u00e8re vous re\u00e7oit les mardis matin de 9h30 \u00e0 11h lors de ses <strong>permanences au local de campagne : 22 rue Jean-Louis Soulavie<\/strong> (ancien tabac L\u2019Occitan, dit \u00ab Mendras \u00bb) \u00e0 Largenti\u00e8re, mais nous venons aussi \u00e0 votre rencontre les mardis matin&nbsp;<strong>sur le march\u00e9<\/strong>, ou nous pouvons se rencontrer <strong>sur RDV<\/strong> ou lors de <strong>r\u00e9unions d&rsquo;appartement<\/strong>.<\/p>\n\n\n\n<p>En parall\u00e8le, <strong>des \u00e9changes<\/strong> ont \u00e9t\u00e9 initi\u00e9s avec les associations (action \u00ab\u00a0Et si le soutien municipal aux associations se construisait avec vous\u00a0\u00bb) ainsi qu&rsquo;aupr\u00e8s des commer\u00e7ants.<\/p>\n\n\n\n<h3 class=\"wp-block-heading\">1er octobre 2025 : Restitution de la consultation citoyenne et inauguration du local de campagne<\/h3>\n\n\n\n<p>Consultation citoyenne, un nouveau cap pour Largenti\u00e8re !<\/p>\n\n\n\n<figure class=\"wp-block-image size-full is-resized\"><img loading=\"lazy\" decoding=\"async\" width=\"470\" height=\"173\" src=\"http:\/\/demainlargentiere.fr\/wp-content\/uploads\/2026\/02\/Modifier.jpg\" alt=\"\" class=\"wp-image-5715\" style=\"width:336px;height:auto\" srcset=\"https:\/\/demainlargentiere.fr\/wp-content\/uploads\/2026\/02\/Modifier.jpg 470w, https:\/\/demainlargentiere.fr\/wp-content\/uploads\/2026\/02\/Modifier-300x110.jpg 300w\" sizes=\"auto, (max-width: 470px) 100vw, 470px\" \/><\/figure>\n\n\n\n<p>En 2024, vous \u00e9tiez pr\u00e8s de 140 \u00e0 vous mobiliser pour imaginer l\u2019avenir de l\u2019ancien tribunal. \u00c0 l\u2019approche des municipales de mars 2026, Demain Largenti\u00e8re a lanc\u00e9 une consultation citoyenne durant l&rsquo;\u00e9t\u00e9 2025, qui a receuillir 138 participations.<\/p>\n\n\n\n<figure class=\"wp-block-image size-large is-resized is-style-default\"><img loading=\"lazy\" decoding=\"async\" width=\"424\" height=\"409\" src=\"https:\/\/demainlargentiere.fr\/wp-content\/uploads\/2026\/02\/Modifier-la-page-Campagne-2026-\u2039-Demain-LARGENTIERE-\u2014-WordPress-\u2014-Mozilla-Firefox.jpg\" alt=\"\" class=\"wp-image-5714\" style=\"width:303px;height:auto\" srcset=\"https:\/\/demainlargentiere.fr\/wp-content\/uploads\/2026\/02\/Modifier-la-page-Campagne-2026-\u2039-Demain-LARGENTIERE-\u2014-WordPress-\u2014-Mozilla-Firefox.jpg 424w, https:\/\/demainlargentiere.fr\/wp-content\/uploads\/2026\/02\/Modifier-la-page-Campagne-2026-\u2039-Demain-LARGENTIERE-\u2014-WordPress-\u2014-Mozilla-Firefox-300x289.jpg 300w\" sizes=\"auto, (max-width: 424px) 100vw, 424px\" \/><\/figure>\n\n\n\n<p><\/p>\n","protected":false},"excerpt":{"rendered":"<p>Mars 2026 notre programme pour 2026-2033 D\u00e9couvrez la liste et le programme, il est compos\u00e9 de 7 axes et 66 actions ! D\u00e9couvrez le programme complet Mars 2026 : 3 r\u00e9unions publiques Vendredi 27 f\u00e9vrier \u00e0 18h30 | Salle des f\u00eates de Largenti\u00e8re Samedi 7 mars \u00e0 11h |&nbsp;Salle communale du Ginestet Dimanche 8 mars &hellip; <\/p>\n<p class=\"link-more\"><a href=\"https:\/\/demainlargentiere.fr\/index.php\/notre-programme-complet\/\" class=\"more-link\">Continuer la lecture <span class=\"screen-reader-text\"> \u00ab\u00a0Campagne 2026\u00a0\u00bb<\/span><\/a><\/p>\n","protected":false},"author":2,"featured_media":0,"parent":0,"menu_order":0,"comment_status":"closed","ping_status":"closed","template":"","meta":{"ngg_post_thumbnail":0,"footnotes":""},"class_list":["post-5666","page","type-page","status-publish","hentry","entry"],"yoast_head":"<!-- This site is optimized with the Yoast SEO plugin v27.4 - https:\/\/yoast.com\/product\/yoast-seo-wordpress\/ -->\n<title>Campagne 2026 - Demain LARGENTIERE !<\/title>\n<meta name=\"robots\" content=\"index, follow, max-snippet:-1, max-image-preview:large, max-video-preview:-1\" \/>\n<link rel=\"canonical\" href=\"https:\/\/demainlargentiere.fr\/index.php\/notre-programme-complet\/\" \/>\n<meta property=\"og:locale\" content=\"fr_FR\" \/>\n<meta property=\"og:type\" content=\"article\" \/>\n<meta property=\"og:title\" content=\"Campagne 2026 - Demain LARGENTIERE !\" \/>\n<meta property=\"og:description\" content=\"Mars 2026 notre programme pour 2026-2033 D\u00e9couvrez la liste et le programme, il est compos\u00e9 de 7 axes et 66 actions ! D\u00e9couvrez le programme complet Mars 2026 : 3 r\u00e9unions publiques Vendredi 27 f\u00e9vrier \u00e0 18h30 | Salle des f\u00eates de Largenti\u00e8re Samedi 7 mars \u00e0 11h |&nbsp;Salle communale du Ginestet Dimanche 8 mars &hellip; Continuer la lecture \u00ab\u00a0Campagne 2026\u00a0\u00bb\" \/>\n<meta property=\"og:url\" content=\"https:\/\/demainlargentiere.fr\/index.php\/notre-programme-complet\/\" \/>\n<meta property=\"og:site_name\" content=\"Demain LARGENTIERE !\" \/>\n<meta property=\"article:publisher\" content=\"https:\/\/www.facebook.com\/DemainLargentiere\/\" \/>\n<meta property=\"article:modified_time\" content=\"2026-03-11T08:58:24+00:00\" \/>\n<meta property=\"og:image\" content=\"https:\/\/demainlargentiere.fr\/wp-content\/uploads\/2026\/02\/Programme-1.jpg\" \/>\n\t<meta property=\"og:image:width\" content=\"799\" \/>\n\t<meta property=\"og:image:height\" content=\"165\" \/>\n\t<meta property=\"og:image:type\" content=\"image\/jpeg\" \/>\n<meta name=\"twitter:card\" content=\"summary_large_image\" \/>\n<meta name=\"twitter:label1\" content=\"Dur\u00e9e de lecture estim\u00e9e\" \/>\n\t<meta name=\"twitter:data1\" content=\"5 minutes\" \/>\n<script type=\"application\/ld+json\" class=\"yoast-schema-graph\">{\"@context\":\"https:\\\/\\\/schema.org\",\"@graph\":[{\"@type\":\"WebPage\",\"@id\":\"https:\\\/\\\/demainlargentiere.fr\\\/index.php\\\/notre-programme-complet\\\/\",\"url\":\"https:\\\/\\\/demainlargentiere.fr\\\/index.php\\\/notre-programme-complet\\\/\",\"name\":\"Campagne 2026 - Demain LARGENTIERE !\",\"isPartOf\":{\"@id\":\"http:\\\/\\\/demainlargentiere.fr\\\/#website\"},\"primaryImageOfPage\":{\"@id\":\"https:\\\/\\\/demainlargentiere.fr\\\/index.php\\\/notre-programme-complet\\\/#primaryimage\"},\"image\":{\"@id\":\"https:\\\/\\\/demainlargentiere.fr\\\/index.php\\\/notre-programme-complet\\\/#primaryimage\"},\"thumbnailUrl\":\"http:\\\/\\\/demainlargentiere.fr\\\/wp-content\\\/uploads\\\/2026\\\/02\\\/Programme-1.jpg\",\"datePublished\":\"2026-02-20T11:04:17+00:00\",\"dateModified\":\"2026-03-11T08:58:24+00:00\",\"breadcrumb\":{\"@id\":\"https:\\\/\\\/demainlargentiere.fr\\\/index.php\\\/notre-programme-complet\\\/#breadcrumb\"},\"inLanguage\":\"fr-FR\",\"potentialAction\":[{\"@type\":\"ReadAction\",\"target\":[\"https:\\\/\\\/demainlargentiere.fr\\\/index.php\\\/notre-programme-complet\\\/\"]}]},{\"@type\":\"ImageObject\",\"inLanguage\":\"fr-FR\",\"@id\":\"https:\\\/\\\/demainlargentiere.fr\\\/index.php\\\/notre-programme-complet\\\/#primaryimage\",\"url\":\"https:\\\/\\\/demainlargentiere.fr\\\/wp-content\\\/uploads\\\/2026\\\/02\\\/Programme-1.jpg\",\"contentUrl\":\"https:\\\/\\\/demainlargentiere.fr\\\/wp-content\\\/uploads\\\/2026\\\/02\\\/Programme-1.jpg\",\"width\":799,\"height\":165},{\"@type\":\"BreadcrumbList\",\"@id\":\"https:\\\/\\\/demainlargentiere.fr\\\/index.php\\\/notre-programme-complet\\\/#breadcrumb\",\"itemListElement\":[{\"@type\":\"ListItem\",\"position\":1,\"name\":\"Accueil\",\"item\":\"https:\\\/\\\/demainlargentiere.fr\\\/\"},{\"@type\":\"ListItem\",\"position\":2,\"name\":\"Campagne 2026\"}]},{\"@type\":\"WebSite\",\"@id\":\"http:\\\/\\\/demainlargentiere.fr\\\/#website\",\"url\":\"http:\\\/\\\/demainlargentiere.fr\\\/\",\"name\":\"Demain LARGENTIERE !\",\"description\":\"Ensemble, cr\u00e9ons demain.\",\"publisher\":{\"@id\":\"http:\\\/\\\/demainlargentiere.fr\\\/#organization\"},\"potentialAction\":[{\"@type\":\"SearchAction\",\"target\":{\"@type\":\"EntryPoint\",\"urlTemplate\":\"http:\\\/\\\/demainlargentiere.fr\\\/?s={search_term_string}\"},\"query-input\":{\"@type\":\"PropertyValueSpecification\",\"valueRequired\":true,\"valueName\":\"search_term_string\"}}],\"inLanguage\":\"fr-FR\"},{\"@type\":\"Organization\",\"@id\":\"http:\\\/\\\/demainlargentiere.fr\\\/#organization\",\"name\":\"DemainLargentiere\",\"url\":\"http:\\\/\\\/demainlargentiere.fr\\\/\",\"logo\":{\"@type\":\"ImageObject\",\"inLanguage\":\"fr-FR\",\"@id\":\"http:\\\/\\\/demainlargentiere.fr\\\/#\\\/schema\\\/logo\\\/image\\\/\",\"url\":\"http:\\\/\\\/demainlargentiere.fr\\\/wp-content\\\/uploads\\\/2020\\\/02\\\/logo-250x250-1.png\",\"contentUrl\":\"http:\\\/\\\/demainlargentiere.fr\\\/wp-content\\\/uploads\\\/2020\\\/02\\\/logo-250x250-1.png\",\"width\":250,\"height\":250,\"caption\":\"DemainLargentiere\"},\"image\":{\"@id\":\"http:\\\/\\\/demainlargentiere.fr\\\/#\\\/schema\\\/logo\\\/image\\\/\"},\"sameAs\":[\"https:\\\/\\\/www.facebook.com\\\/DemainLargentiere\\\/\"]}]}<\/script>\n<!-- \/ Yoast SEO plugin. -->","yoast_head_json":{"title":"Campagne 2026 - Demain LARGENTIERE !","robots":{"index":"index","follow":"follow","max-snippet":"max-snippet:-1","max-image-preview":"max-image-preview:large","max-video-preview":"max-video-preview:-1"},"canonical":"https:\/\/demainlargentiere.fr\/index.php\/notre-programme-complet\/","og_locale":"fr_FR","og_type":"article","og_title":"Campagne 2026 - Demain LARGENTIERE !","og_description":"Mars 2026 notre programme pour 2026-2033 D\u00e9couvrez la liste et le programme, il est compos\u00e9 de 7 axes et 66 actions ! D\u00e9couvrez le programme complet Mars 2026 : 3 r\u00e9unions publiques Vendredi 27 f\u00e9vrier \u00e0 18h30 | Salle des f\u00eates de Largenti\u00e8re Samedi 7 mars \u00e0 11h |&nbsp;Salle communale du Ginestet Dimanche 8 mars &hellip; Continuer la lecture \u00ab\u00a0Campagne 2026\u00a0\u00bb","og_url":"https:\/\/demainlargentiere.fr\/index.php\/notre-programme-complet\/","og_site_name":"Demain LARGENTIERE !","article_publisher":"https:\/\/www.facebook.com\/DemainLargentiere\/","article_modified_time":"2026-03-11T08:58:24+00:00","og_image":[{"width":799,"height":165,"url":"https:\/\/demainlargentiere.fr\/wp-content\/uploads\/2026\/02\/Programme-1.jpg","type":"image\/jpeg"}],"twitter_card":"summary_large_image","twitter_misc":{"Dur\u00e9e de lecture estim\u00e9e":"5 minutes"},"schema":{"@context":"https:\/\/schema.org","@graph":[{"@type":"WebPage","@id":"https:\/\/demainlargentiere.fr\/index.php\/notre-programme-complet\/","url":"https:\/\/demainlargentiere.fr\/index.php\/notre-programme-complet\/","name":"Campagne 2026 - Demain LARGENTIERE !","isPartOf":{"@id":"http:\/\/demainlargentiere.fr\/#website"},"primaryImageOfPage":{"@id":"https:\/\/demainlargentiere.fr\/index.php\/notre-programme-complet\/#primaryimage"},"image":{"@id":"https:\/\/demainlargentiere.fr\/index.php\/notre-programme-complet\/#primaryimage"},"thumbnailUrl":"http:\/\/demainlargentiere.fr\/wp-content\/uploads\/2026\/02\/Programme-1.jpg","datePublished":"2026-02-20T11:04:17+00:00","dateModified":"2026-03-11T08:58:24+00:00","breadcrumb":{"@id":"https:\/\/demainlargentiere.fr\/index.php\/notre-programme-complet\/#breadcrumb"},"inLanguage":"fr-FR","potentialAction":[{"@type":"ReadAction","target":["https:\/\/demainlargentiere.fr\/index.php\/notre-programme-complet\/"]}]},{"@type":"ImageObject","inLanguage":"fr-FR","@id":"https:\/\/demainlargentiere.fr\/index.php\/notre-programme-complet\/#primaryimage","url":"https:\/\/demainlargentiere.fr\/wp-content\/uploads\/2026\/02\/Programme-1.jpg","contentUrl":"https:\/\/demainlargentiere.fr\/wp-content\/uploads\/2026\/02\/Programme-1.jpg","width":799,"height":165},{"@type":"BreadcrumbList","@id":"https:\/\/demainlargentiere.fr\/index.php\/notre-programme-complet\/#breadcrumb","itemListElement":[{"@type":"ListItem","position":1,"name":"Accueil","item":"https:\/\/demainlargentiere.fr\/"},{"@type":"ListItem","position":2,"name":"Campagne 2026"}]},{"@type":"WebSite","@id":"http:\/\/demainlargentiere.fr\/#website","url":"http:\/\/demainlargentiere.fr\/","name":"Demain LARGENTIERE !","description":"Ensemble, cr\u00e9ons demain.","publisher":{"@id":"http:\/\/demainlargentiere.fr\/#organization"},"potentialAction":[{"@type":"SearchAction","target":{"@type":"EntryPoint","urlTemplate":"http:\/\/demainlargentiere.fr\/?s={search_term_string}"},"query-input":{"@type":"PropertyValueSpecification","valueRequired":true,"valueName":"search_term_string"}}],"inLanguage":"fr-FR"},{"@type":"Organization","@id":"http:\/\/demainlargentiere.fr\/#organization","name":"DemainLargentiere","url":"http:\/\/demainlargentiere.fr\/","logo":{"@type":"ImageObject","inLanguage":"fr-FR","@id":"http:\/\/demainlargentiere.fr\/#\/schema\/logo\/image\/","url":"http:\/\/demainlargentiere.fr\/wp-content\/uploads\/2020\/02\/logo-250x250-1.png","contentUrl":"http:\/\/demainlargentiere.fr\/wp-content\/uploads\/2020\/02\/logo-250x250-1.png","width":250,"height":250,"caption":"DemainLargentiere"},"image":{"@id":"http:\/\/demainlargentiere.fr\/#\/schema\/logo\/image\/"},"sameAs":["https:\/\/www.facebook.com\/DemainLargentiere\/"]}]}},"_links":{"self":[{"href":"https:\/\/demainlargentiere.fr\/index.php\/wp-json\/wp\/v2\/pages\/5666","targetHints":{"allow":["GET"]}}],"collection":[{"href":"https:\/\/demainlargentiere.fr\/index.php\/wp-json\/wp\/v2\/pages"}],"about":[{"href":"https:\/\/demainlargentiere.fr\/index.php\/wp-json\/wp\/v2\/types\/page"}],"author":[{"embeddable":true,"href":"https:\/\/demainlargentiere.fr\/index.php\/wp-json\/wp\/v2\/users\/2"}],"replies":[{"embeddable":true,"href":"https:\/\/demainlargentiere.fr\/index.php\/wp-json\/wp\/v2\/comments?post=5666"}],"version-history":[{"count":9,"href":"https:\/\/demainlargentiere.fr\/index.php\/wp-json\/wp\/v2\/pages\/5666\/revisions"}],"predecessor-version":[{"id":5930,"href":"https:\/\/demainlargentiere.fr\/index.php\/wp-json\/wp\/v2\/pages\/5666\/revisions\/5930"}],"wp:attachment":[{"href":"https:\/\/demainlargentiere.fr\/index.php\/wp-json\/wp\/v2\/media?parent=5666"}],"curies":[{"name":"wp","href":"https:\/\/api.w.org\/{rel}","templated":true}]}}