{"id":5763,"date":"2026-02-24T14:01:43","date_gmt":"2026-02-24T13:01:43","guid":{"rendered":"https:\/\/demainlargentiere.fr\/?page_id=5763"},"modified":"2026-03-20T14:57:52","modified_gmt":"2026-03-20T13:57:52","slug":"liste-2026","status":"publish","type":"page","link":"https:\/\/demainlargentiere.fr\/index.php\/liste-2026\/","title":{"rendered":"Vos \u00e9lu.e.s"},"content":{"rendered":"\n<p>Les \u00e9lu.e.s de Demain Largenti\u00e8re qui si\u00e8gent au Conseil Municipal :<\/p>\n\n\n\n<div class=\"wp-block-group is-layout-grid wp-container-core-group-is-layout-9649a0d9 wp-block-group-is-layout-grid\">\n<figure class=\"wp-block-image size-medium wp-container-content-69bc4bdf\"><img loading=\"lazy\" decoding=\"async\" width=\"300\" height=\"300\" src=\"https:\/\/demainlargentiere.fr\/wp-content\/uploads\/2026\/02\/P1150756-300x300.jpg\" alt=\"\" class=\"wp-image-5544\" style=\"aspect-ratio:1;object-fit:cover\" srcset=\"https:\/\/demainlargentiere.fr\/wp-content\/uploads\/2026\/02\/P1150756-300x300.jpg 300w, https:\/\/demainlargentiere.fr\/wp-content\/uploads\/2026\/02\/P1150756-1024x1024.jpg 1024w, https:\/\/demainlargentiere.fr\/wp-content\/uploads\/2026\/02\/P1150756-150x150.jpg 150w, https:\/\/demainlargentiere.fr\/wp-content\/uploads\/2026\/02\/P1150756-768x768.jpg 768w, https:\/\/demainlargentiere.fr\/wp-content\/uploads\/2026\/02\/P1150756-1536x1536.jpg 1536w, https:\/\/demainlargentiere.fr\/wp-content\/uploads\/2026\/02\/P1150756-2048x2048.jpg 2048w, https:\/\/demainlargentiere.fr\/wp-content\/uploads\/2026\/02\/P1150756-1568x1568.jpg 1568w\" sizes=\"auto, (max-width: 300px) 100vw, 300px\" \/><figcaption class=\"wp-element-caption\"><strong>Claudine FOURNET<\/strong><br>64 ans, Commer\u00e7ante retrait\u00e9e, Conseill\u00e8re municipale d&rsquo;opposition depuis 2020, D\u00e9l\u00e9gu\u00e9e \u00e0 la communaut\u00e9 de communes du Val de Ligne, D\u00e9l\u00e9gu\u00e9e au Parc Naturel R\u00e9gional des Monts d&rsquo;Ard\u00e8che, \u00c9lue \u00e0 l\u2019Office Intercommunal du Tourisme <a href=\"https:\/\/demainlargentiere.fr\/index.php\/claudine-fournet\/\">En savoir plus&#8230;<\/a><\/figcaption><\/figure>\n\n\n\n<figure class=\"wp-block-image size-medium\"><img loading=\"lazy\" decoding=\"async\" width=\"300\" height=\"300\" src=\"https:\/\/demainlargentiere.fr\/wp-content\/uploads\/2026\/02\/P1150762-300x300.jpg\" alt=\"\" class=\"wp-image-5547\" style=\"aspect-ratio:1;object-fit:cover\" srcset=\"https:\/\/demainlargentiere.fr\/wp-content\/uploads\/2026\/02\/P1150762-300x300.jpg 300w, https:\/\/demainlargentiere.fr\/wp-content\/uploads\/2026\/02\/P1150762-1024x1024.jpg 1024w, https:\/\/demainlargentiere.fr\/wp-content\/uploads\/2026\/02\/P1150762-150x150.jpg 150w, https:\/\/demainlargentiere.fr\/wp-content\/uploads\/2026\/02\/P1150762-768x768.jpg 768w, https:\/\/demainlargentiere.fr\/wp-content\/uploads\/2026\/02\/P1150762-1536x1536.jpg 1536w, https:\/\/demainlargentiere.fr\/wp-content\/uploads\/2026\/02\/P1150762-2048x2048.jpg 2048w, https:\/\/demainlargentiere.fr\/wp-content\/uploads\/2026\/02\/P1150762-1568x1568.jpg 1568w\" sizes=\"auto, (max-width: 300px) 100vw, 300px\" \/><figcaption class=\"wp-element-caption\"><strong>Emmanuel SAMANIEGO<\/strong><br>34 ans, Cadre territorial, Directeur g\u00e9n\u00e9ral des services <br><a href=\"https:\/\/demainlargentiere.fr\/index.php\/emmanuel-samaniego\/\">En savoir plus&#8230;<\/a><\/figcaption><\/figure>\n<\/div>\n\n\n<div class=\"wp-block-image\">\n<figure class=\"aligncenter size-large\"><img loading=\"lazy\" decoding=\"async\" width=\"1024\" height=\"282\" src=\"http:\/\/demainlargentiere.fr\/wp-content\/uploads\/2026\/03\/groupe2-1024x282.jpg\" alt=\"\" class=\"wp-image-5933\" srcset=\"https:\/\/demainlargentiere.fr\/wp-content\/uploads\/2026\/03\/groupe2-1024x282.jpg 1024w, https:\/\/demainlargentiere.fr\/wp-content\/uploads\/2026\/03\/groupe2-300x83.jpg 300w, https:\/\/demainlargentiere.fr\/wp-content\/uploads\/2026\/03\/groupe2-768x212.jpg 768w, https:\/\/demainlargentiere.fr\/wp-content\/uploads\/2026\/03\/groupe2-1536x423.jpg 1536w, https:\/\/demainlargentiere.fr\/wp-content\/uploads\/2026\/03\/groupe2-2048x564.jpg 2048w, https:\/\/demainlargentiere.fr\/wp-content\/uploads\/2026\/03\/groupe2-1568x432.jpg 1568w\" sizes=\"auto, (max-width: 1024px) 100vw, 1024px\" \/><figcaption class=\"wp-element-caption\">Colisitier.\u00e8re.s de Demain Largenti\u00e8re 2026<\/figcaption><\/figure><\/div>","protected":false},"excerpt":{"rendered":"<p>Les \u00e9lu.e.s de Demain Largenti\u00e8re qui si\u00e8gent au Conseil Municipal :<\/p>\n","protected":false},"author":2,"featured_media":0,"parent":0,"menu_order":0,"comment_status":"closed","ping_status":"closed","template":"","meta":{"ngg_post_thumbnail":0,"footnotes":""},"class_list":["post-5763","page","type-page","status-publish","hentry","entry"],"yoast_head":"<!-- This site is optimized with the Yoast SEO plugin v27.3 - https:\/\/yoast.com\/product\/yoast-seo-wordpress\/ -->\n<title>Vos \u00e9lu.e.s - Demain LARGENTIERE !<\/title>\n<meta name=\"robots\" content=\"index, follow, max-snippet:-1, max-image-preview:large, max-video-preview:-1\" \/>\n<link rel=\"canonical\" href=\"https:\/\/demainlargentiere.fr\/index.php\/liste-2026\/\" \/>\n<meta property=\"og:locale\" content=\"fr_FR\" \/>\n<meta property=\"og:type\" content=\"article\" \/>\n<meta property=\"og:title\" content=\"Vos \u00e9lu.e.s - Demain LARGENTIERE !\" \/>\n<meta property=\"og:description\" content=\"Les \u00e9lu.e.s de Demain Largenti\u00e8re qui si\u00e8gent au Conseil Municipal :\" \/>\n<meta property=\"og:url\" content=\"https:\/\/demainlargentiere.fr\/index.php\/liste-2026\/\" \/>\n<meta property=\"og:site_name\" content=\"Demain LARGENTIERE !\" \/>\n<meta property=\"article:publisher\" content=\"https:\/\/www.facebook.com\/DemainLargentiere\/\" \/>\n<meta property=\"article:modified_time\" content=\"2026-03-20T13:57:52+00:00\" \/>\n<meta property=\"og:image\" content=\"https:\/\/demainlargentiere.fr\/wp-content\/uploads\/2026\/02\/P1150756-scaled.jpg\" \/>\n\t<meta property=\"og:image:width\" content=\"2560\" \/>\n\t<meta property=\"og:image:height\" content=\"2560\" \/>\n\t<meta property=\"og:image:type\" content=\"image\/jpeg\" \/>\n<meta name=\"twitter:card\" content=\"summary_large_image\" \/>\n<meta name=\"twitter:label1\" content=\"Dur\u00e9e de lecture estim\u00e9e\" \/>\n\t<meta name=\"twitter:data1\" content=\"1 minute\" \/>\n<script type=\"application\/ld+json\" class=\"yoast-schema-graph\">{\"@context\":\"https:\\\/\\\/schema.org\",\"@graph\":[{\"@type\":\"WebPage\",\"@id\":\"https:\\\/\\\/demainlargentiere.fr\\\/index.php\\\/liste-2026\\\/\",\"url\":\"https:\\\/\\\/demainlargentiere.fr\\\/index.php\\\/liste-2026\\\/\",\"name\":\"Vos \u00e9lu.e.s - Demain LARGENTIERE !\",\"isPartOf\":{\"@id\":\"http:\\\/\\\/demainlargentiere.fr\\\/#website\"},\"primaryImageOfPage\":{\"@id\":\"https:\\\/\\\/demainlargentiere.fr\\\/index.php\\\/liste-2026\\\/#primaryimage\"},\"image\":{\"@id\":\"https:\\\/\\\/demainlargentiere.fr\\\/index.php\\\/liste-2026\\\/#primaryimage\"},\"thumbnailUrl\":\"https:\\\/\\\/demainlargentiere.fr\\\/wp-content\\\/uploads\\\/2026\\\/02\\\/P1150756-300x300.jpg\",\"datePublished\":\"2026-02-24T13:01:43+00:00\",\"dateModified\":\"2026-03-20T13:57:52+00:00\",\"breadcrumb\":{\"@id\":\"https:\\\/\\\/demainlargentiere.fr\\\/index.php\\\/liste-2026\\\/#breadcrumb\"},\"inLanguage\":\"fr-FR\",\"potentialAction\":[{\"@type\":\"ReadAction\",\"target\":[\"https:\\\/\\\/demainlargentiere.fr\\\/index.php\\\/liste-2026\\\/\"]}]},{\"@type\":\"ImageObject\",\"inLanguage\":\"fr-FR\",\"@id\":\"https:\\\/\\\/demainlargentiere.fr\\\/index.php\\\/liste-2026\\\/#primaryimage\",\"url\":\"https:\\\/\\\/demainlargentiere.fr\\\/wp-content\\\/uploads\\\/2026\\\/02\\\/P1150756-scaled.jpg\",\"contentUrl\":\"https:\\\/\\\/demainlargentiere.fr\\\/wp-content\\\/uploads\\\/2026\\\/02\\\/P1150756-scaled.jpg\",\"width\":2560,\"height\":2560},{\"@type\":\"BreadcrumbList\",\"@id\":\"https:\\\/\\\/demainlargentiere.fr\\\/index.php\\\/liste-2026\\\/#breadcrumb\",\"itemListElement\":[{\"@type\":\"ListItem\",\"position\":1,\"name\":\"Accueil\",\"item\":\"https:\\\/\\\/demainlargentiere.fr\\\/\"},{\"@type\":\"ListItem\",\"position\":2,\"name\":\"Vos \u00e9lu.e.s\"}]},{\"@type\":\"WebSite\",\"@id\":\"http:\\\/\\\/demainlargentiere.fr\\\/#website\",\"url\":\"http:\\\/\\\/demainlargentiere.fr\\\/\",\"name\":\"Demain LARGENTIERE !\",\"description\":\"Ensemble, cr\u00e9ons demain.\",\"publisher\":{\"@id\":\"http:\\\/\\\/demainlargentiere.fr\\\/#organization\"},\"potentialAction\":[{\"@type\":\"SearchAction\",\"target\":{\"@type\":\"EntryPoint\",\"urlTemplate\":\"http:\\\/\\\/demainlargentiere.fr\\\/?s={search_term_string}\"},\"query-input\":{\"@type\":\"PropertyValueSpecification\",\"valueRequired\":true,\"valueName\":\"search_term_string\"}}],\"inLanguage\":\"fr-FR\"},{\"@type\":\"Organization\",\"@id\":\"http:\\\/\\\/demainlargentiere.fr\\\/#organization\",\"name\":\"DemainLargentiere\",\"url\":\"http:\\\/\\\/demainlargentiere.fr\\\/\",\"logo\":{\"@type\":\"ImageObject\",\"inLanguage\":\"fr-FR\",\"@id\":\"http:\\\/\\\/demainlargentiere.fr\\\/#\\\/schema\\\/logo\\\/image\\\/\",\"url\":\"http:\\\/\\\/demainlargentiere.fr\\\/wp-content\\\/uploads\\\/2020\\\/02\\\/logo-250x250-1.png\",\"contentUrl\":\"http:\\\/\\\/demainlargentiere.fr\\\/wp-content\\\/uploads\\\/2020\\\/02\\\/logo-250x250-1.png\",\"width\":250,\"height\":250,\"caption\":\"DemainLargentiere\"},\"image\":{\"@id\":\"http:\\\/\\\/demainlargentiere.fr\\\/#\\\/schema\\\/logo\\\/image\\\/\"},\"sameAs\":[\"https:\\\/\\\/www.facebook.com\\\/DemainLargentiere\\\/\"]}]}<\/script>\n<!-- \/ Yoast SEO plugin. -->","yoast_head_json":{"title":"Vos \u00e9lu.e.s - Demain LARGENTIERE !","robots":{"index":"index","follow":"follow","max-snippet":"max-snippet:-1","max-image-preview":"max-image-preview:large","max-video-preview":"max-video-preview:-1"},"canonical":"https:\/\/demainlargentiere.fr\/index.php\/liste-2026\/","og_locale":"fr_FR","og_type":"article","og_title":"Vos \u00e9lu.e.s - Demain LARGENTIERE !","og_description":"Les \u00e9lu.e.s de Demain Largenti\u00e8re qui si\u00e8gent au Conseil Municipal :","og_url":"https:\/\/demainlargentiere.fr\/index.php\/liste-2026\/","og_site_name":"Demain LARGENTIERE !","article_publisher":"https:\/\/www.facebook.com\/DemainLargentiere\/","article_modified_time":"2026-03-20T13:57:52+00:00","og_image":[{"width":2560,"height":2560,"url":"https:\/\/demainlargentiere.fr\/wp-content\/uploads\/2026\/02\/P1150756-scaled.jpg","type":"image\/jpeg"}],"twitter_card":"summary_large_image","twitter_misc":{"Dur\u00e9e de lecture estim\u00e9e":"1 minute"},"schema":{"@context":"https:\/\/schema.org","@graph":[{"@type":"WebPage","@id":"https:\/\/demainlargentiere.fr\/index.php\/liste-2026\/","url":"https:\/\/demainlargentiere.fr\/index.php\/liste-2026\/","name":"Vos \u00e9lu.e.s - Demain LARGENTIERE !","isPartOf":{"@id":"http:\/\/demainlargentiere.fr\/#website"},"primaryImageOfPage":{"@id":"https:\/\/demainlargentiere.fr\/index.php\/liste-2026\/#primaryimage"},"image":{"@id":"https:\/\/demainlargentiere.fr\/index.php\/liste-2026\/#primaryimage"},"thumbnailUrl":"https:\/\/demainlargentiere.fr\/wp-content\/uploads\/2026\/02\/P1150756-300x300.jpg","datePublished":"2026-02-24T13:01:43+00:00","dateModified":"2026-03-20T13:57:52+00:00","breadcrumb":{"@id":"https:\/\/demainlargentiere.fr\/index.php\/liste-2026\/#breadcrumb"},"inLanguage":"fr-FR","potentialAction":[{"@type":"ReadAction","target":["https:\/\/demainlargentiere.fr\/index.php\/liste-2026\/"]}]},{"@type":"ImageObject","inLanguage":"fr-FR","@id":"https:\/\/demainlargentiere.fr\/index.php\/liste-2026\/#primaryimage","url":"https:\/\/demainlargentiere.fr\/wp-content\/uploads\/2026\/02\/P1150756-scaled.jpg","contentUrl":"https:\/\/demainlargentiere.fr\/wp-content\/uploads\/2026\/02\/P1150756-scaled.jpg","width":2560,"height":2560},{"@type":"BreadcrumbList","@id":"https:\/\/demainlargentiere.fr\/index.php\/liste-2026\/#breadcrumb","itemListElement":[{"@type":"ListItem","position":1,"name":"Accueil","item":"https:\/\/demainlargentiere.fr\/"},{"@type":"ListItem","position":2,"name":"Vos \u00e9lu.e.s"}]},{"@type":"WebSite","@id":"http:\/\/demainlargentiere.fr\/#website","url":"http:\/\/demainlargentiere.fr\/","name":"Demain LARGENTIERE !","description":"Ensemble, cr\u00e9ons demain.","publisher":{"@id":"http:\/\/demainlargentiere.fr\/#organization"},"potentialAction":[{"@type":"SearchAction","target":{"@type":"EntryPoint","urlTemplate":"http:\/\/demainlargentiere.fr\/?s={search_term_string}"},"query-input":{"@type":"PropertyValueSpecification","valueRequired":true,"valueName":"search_term_string"}}],"inLanguage":"fr-FR"},{"@type":"Organization","@id":"http:\/\/demainlargentiere.fr\/#organization","name":"DemainLargentiere","url":"http:\/\/demainlargentiere.fr\/","logo":{"@type":"ImageObject","inLanguage":"fr-FR","@id":"http:\/\/demainlargentiere.fr\/#\/schema\/logo\/image\/","url":"http:\/\/demainlargentiere.fr\/wp-content\/uploads\/2020\/02\/logo-250x250-1.png","contentUrl":"http:\/\/demainlargentiere.fr\/wp-content\/uploads\/2020\/02\/logo-250x250-1.png","width":250,"height":250,"caption":"DemainLargentiere"},"image":{"@id":"http:\/\/demainlargentiere.fr\/#\/schema\/logo\/image\/"},"sameAs":["https:\/\/www.facebook.com\/DemainLargentiere\/"]}]}},"_links":{"self":[{"href":"https:\/\/demainlargentiere.fr\/index.php\/wp-json\/wp\/v2\/pages\/5763","targetHints":{"allow":["GET"]}}],"collection":[{"href":"https:\/\/demainlargentiere.fr\/index.php\/wp-json\/wp\/v2\/pages"}],"about":[{"href":"https:\/\/demainlargentiere.fr\/index.php\/wp-json\/wp\/v2\/types\/page"}],"author":[{"embeddable":true,"href":"https:\/\/demainlargentiere.fr\/index.php\/wp-json\/wp\/v2\/users\/2"}],"replies":[{"embeddable":true,"href":"https:\/\/demainlargentiere.fr\/index.php\/wp-json\/wp\/v2\/comments?post=5763"}],"version-history":[{"count":8,"href":"https:\/\/demainlargentiere.fr\/index.php\/wp-json\/wp\/v2\/pages\/5763\/revisions"}],"predecessor-version":[{"id":5977,"href":"https:\/\/demainlargentiere.fr\/index.php\/wp-json\/wp\/v2\/pages\/5763\/revisions\/5977"}],"wp:attachment":[{"href":"https:\/\/demainlargentiere.fr\/index.php\/wp-json\/wp\/v2\/media?parent=5763"}],"curies":[{"name":"wp","href":"https:\/\/api.w.org\/{rel}","templated":true}]}}