{"id":5856,"date":"2026-03-03T11:45:32","date_gmt":"2026-03-03T10:45:32","guid":{"rendered":"https:\/\/demainlargentiere.fr\/?page_id=5856"},"modified":"2026-03-03T11:45:33","modified_gmt":"2026-03-03T10:45:33","slug":"claudine-fournet","status":"publish","type":"page","link":"https:\/\/demainlargentiere.fr\/index.php\/claudine-fournet\/","title":{"rendered":"Claudine Fournet"},"content":{"rendered":"\n<p>\ud835\udc7c\ud835\udc8f\ud835\udc86 \ud835\udc82\ud835\udc96\ud835\udc95\ud835\udc93\ud835\udc86 \ud835\udc88\ud835\udc86\ud835\udc94\ud835\udc95\ud835\udc8a\ud835\udc90\ud835\udc8f \ud835\udc8e\ud835\udc96\ud835\udc8f\ud835\udc8a\ud835\udc84\ud835\udc8a\ud835\udc91\ud835\udc82\ud835\udc8d\ud835\udc86 \ud835\udc86\ud835\udc94\ud835\udc95 \ud835\udc91\ud835\udc90\ud835\udc94\ud835\udc94\ud835\udc8a\ud835\udc83\ud835\udc8d\ud835\udc86<\/p>\n\n\n\n<p>Ch\u00e8res Largenti\u00e9roises, chers Largenti\u00e9rois,<\/p>\n\n\n\n<p>A quelques semaines des \u00e9lections municipales, notre cit\u00e9 de 1450 habitants, sous-pr\u00e9fecture de l\u2019Ard\u00e8che, est \u00e0 un moment charni\u00e8re de son histoire. Nous savons combien elle est riche de son patrimoine, de son cadre de vie et de ses forces vives, \u00e9conomiques et associatives. Mais nous voyons aussi les difficult\u00e9s : des services publics qui reculent, une population qui diminue, des b\u00e2timents, publics et priv\u00e9s, qui se fragilisent.<\/p>\n\n\n\n<p>Face \u00e0 ces constats, notre conviction est que rien n\u2019est irr\u00e9versible. Dans les semaines \u00e0 venir, nous partagerons notre programme. Rigueur dans la gestion, pers\u00e9v\u00e9rance et \u00e9coute, sens du collectif : oui, notre commune peut retrouver de l\u2019\u00e9lan.<\/p>\n\n\n\n<p>L\u2019avenir que nous voulons dessiner pour Largenti\u00e8re repose sur trois piliers : donner la priorit\u00e9, avec la communaut\u00e9 de communes, \u00e0 nos \u00e9coles et notre jeunesse, prot\u00e9ger et mettre en valeur notre patrimoine pour en faire un atout culturel et \u00e9conomique et recr\u00e9er du lien social autour de projets solidaires et citoyens.<\/p>\n\n\n\n<p>Cependant, certains projets n\u00e9cessiteront de voir au-del\u00e0 du budget annuel ou du mandat \u00e9lectif de six ans. Nous prendrons le temps de les construire avec vous. Nous ne formulerons pas de promesses spectaculaires, mais des engagements r\u00e9alisables.<\/p>\n\n\n\n<p>Avec humilit\u00e9 mais avec d\u00e9termination, nous souhaitons ouvrir cette nouvelle page pour que Largenti\u00e8re reste une cit\u00e9 ard\u00e9choise fi\u00e8re de son histoire et tourn\u00e9e vers un avenir de solidarit\u00e9, de culture et de vitalit\u00e9.<\/p>\n\n\n\n<figure class=\"wp-block-video\"><video controls src=\"http:\/\/demainlargentiere.fr\/wp-content\/uploads\/2025\/12\/DL-Claudine-version-allegee.mp4\"><\/video><\/figure>\n","protected":false},"excerpt":{"rendered":"<p>\ud835\udc7c\ud835\udc8f\ud835\udc86 \ud835\udc82\ud835\udc96\ud835\udc95\ud835\udc93\ud835\udc86 \ud835\udc88\ud835\udc86\ud835\udc94\ud835\udc95\ud835\udc8a\ud835\udc90\ud835\udc8f \ud835\udc8e\ud835\udc96\ud835\udc8f\ud835\udc8a\ud835\udc84\ud835\udc8a\ud835\udc91\ud835\udc82\ud835\udc8d\ud835\udc86 \ud835\udc86\ud835\udc94\ud835\udc95 \ud835\udc91\ud835\udc90\ud835\udc94\ud835\udc94\ud835\udc8a\ud835\udc83\ud835\udc8d\ud835\udc86 Ch\u00e8res Largenti\u00e9roises, chers Largenti\u00e9rois, A quelques semaines des \u00e9lections municipales, notre cit\u00e9 de 1450 habitants, sous-pr\u00e9fecture de l\u2019Ard\u00e8che, est \u00e0 un moment charni\u00e8re de son histoire. Nous savons combien elle est riche de son patrimoine, de son cadre de vie et de ses forces vives, \u00e9conomiques et associatives. Mais &hellip; <\/p>\n<p class=\"link-more\"><a href=\"https:\/\/demainlargentiere.fr\/index.php\/claudine-fournet\/\" class=\"more-link\">Continuer la lecture <span class=\"screen-reader-text\"> \u00ab\u00a0Claudine Fournet\u00a0\u00bb<\/span><\/a><\/p>\n","protected":false},"author":2,"featured_media":0,"parent":0,"menu_order":0,"comment_status":"closed","ping_status":"closed","template":"","meta":{"ngg_post_thumbnail":0,"footnotes":""},"class_list":["post-5856","page","type-page","status-publish","hentry","entry"],"yoast_head":"<!-- This site is optimized with the Yoast SEO plugin v27.4 - https:\/\/yoast.com\/product\/yoast-seo-wordpress\/ -->\n<title>Claudine Fournet - Demain LARGENTIERE !<\/title>\n<meta name=\"robots\" content=\"index, follow, max-snippet:-1, max-image-preview:large, max-video-preview:-1\" \/>\n<link rel=\"canonical\" href=\"https:\/\/demainlargentiere.fr\/index.php\/claudine-fournet\/\" \/>\n<meta property=\"og:locale\" content=\"fr_FR\" \/>\n<meta property=\"og:type\" content=\"article\" \/>\n<meta property=\"og:title\" content=\"Claudine Fournet - Demain LARGENTIERE !\" \/>\n<meta property=\"og:description\" content=\"\ud835\udc7c\ud835\udc8f\ud835\udc86 \ud835\udc82\ud835\udc96\ud835\udc95\ud835\udc93\ud835\udc86 \ud835\udc88\ud835\udc86\ud835\udc94\ud835\udc95\ud835\udc8a\ud835\udc90\ud835\udc8f \ud835\udc8e\ud835\udc96\ud835\udc8f\ud835\udc8a\ud835\udc84\ud835\udc8a\ud835\udc91\ud835\udc82\ud835\udc8d\ud835\udc86 \ud835\udc86\ud835\udc94\ud835\udc95 \ud835\udc91\ud835\udc90\ud835\udc94\ud835\udc94\ud835\udc8a\ud835\udc83\ud835\udc8d\ud835\udc86 Ch\u00e8res Largenti\u00e9roises, chers Largenti\u00e9rois, A quelques semaines des \u00e9lections municipales, notre cit\u00e9 de 1450 habitants, sous-pr\u00e9fecture de l\u2019Ard\u00e8che, est \u00e0 un moment charni\u00e8re de son histoire. Nous savons combien elle est riche de son patrimoine, de son cadre de vie et de ses forces vives, \u00e9conomiques et associatives. Mais &hellip; Continuer la lecture \u00ab\u00a0Claudine Fournet\u00a0\u00bb\" \/>\n<meta property=\"og:url\" content=\"https:\/\/demainlargentiere.fr\/index.php\/claudine-fournet\/\" \/>\n<meta property=\"og:site_name\" content=\"Demain LARGENTIERE !\" \/>\n<meta property=\"article:publisher\" content=\"https:\/\/www.facebook.com\/DemainLargentiere\/\" \/>\n<meta property=\"article:modified_time\" content=\"2026-03-03T10:45:33+00:00\" \/>\n<meta name=\"twitter:card\" content=\"summary_large_image\" \/>\n<meta name=\"twitter:label1\" content=\"Dur\u00e9e de lecture estim\u00e9e\" \/>\n\t<meta name=\"twitter:data1\" content=\"2 minutes\" \/>\n<script type=\"application\/ld+json\" class=\"yoast-schema-graph\">{\"@context\":\"https:\\\/\\\/schema.org\",\"@graph\":[{\"@type\":\"WebPage\",\"@id\":\"https:\\\/\\\/demainlargentiere.fr\\\/index.php\\\/claudine-fournet\\\/\",\"url\":\"https:\\\/\\\/demainlargentiere.fr\\\/index.php\\\/claudine-fournet\\\/\",\"name\":\"Claudine Fournet - Demain LARGENTIERE !\",\"isPartOf\":{\"@id\":\"http:\\\/\\\/demainlargentiere.fr\\\/#website\"},\"datePublished\":\"2026-03-03T10:45:32+00:00\",\"dateModified\":\"2026-03-03T10:45:33+00:00\",\"breadcrumb\":{\"@id\":\"https:\\\/\\\/demainlargentiere.fr\\\/index.php\\\/claudine-fournet\\\/#breadcrumb\"},\"inLanguage\":\"fr-FR\",\"potentialAction\":[{\"@type\":\"ReadAction\",\"target\":[\"https:\\\/\\\/demainlargentiere.fr\\\/index.php\\\/claudine-fournet\\\/\"]}]},{\"@type\":\"BreadcrumbList\",\"@id\":\"https:\\\/\\\/demainlargentiere.fr\\\/index.php\\\/claudine-fournet\\\/#breadcrumb\",\"itemListElement\":[{\"@type\":\"ListItem\",\"position\":1,\"name\":\"Accueil\",\"item\":\"https:\\\/\\\/demainlargentiere.fr\\\/\"},{\"@type\":\"ListItem\",\"position\":2,\"name\":\"Claudine Fournet\"}]},{\"@type\":\"WebSite\",\"@id\":\"http:\\\/\\\/demainlargentiere.fr\\\/#website\",\"url\":\"http:\\\/\\\/demainlargentiere.fr\\\/\",\"name\":\"Demain LARGENTIERE !\",\"description\":\"Ensemble, cr\u00e9ons demain.\",\"publisher\":{\"@id\":\"http:\\\/\\\/demainlargentiere.fr\\\/#organization\"},\"potentialAction\":[{\"@type\":\"SearchAction\",\"target\":{\"@type\":\"EntryPoint\",\"urlTemplate\":\"http:\\\/\\\/demainlargentiere.fr\\\/?s={search_term_string}\"},\"query-input\":{\"@type\":\"PropertyValueSpecification\",\"valueRequired\":true,\"valueName\":\"search_term_string\"}}],\"inLanguage\":\"fr-FR\"},{\"@type\":\"Organization\",\"@id\":\"http:\\\/\\\/demainlargentiere.fr\\\/#organization\",\"name\":\"DemainLargentiere\",\"url\":\"http:\\\/\\\/demainlargentiere.fr\\\/\",\"logo\":{\"@type\":\"ImageObject\",\"inLanguage\":\"fr-FR\",\"@id\":\"http:\\\/\\\/demainlargentiere.fr\\\/#\\\/schema\\\/logo\\\/image\\\/\",\"url\":\"http:\\\/\\\/demainlargentiere.fr\\\/wp-content\\\/uploads\\\/2020\\\/02\\\/logo-250x250-1.png\",\"contentUrl\":\"http:\\\/\\\/demainlargentiere.fr\\\/wp-content\\\/uploads\\\/2020\\\/02\\\/logo-250x250-1.png\",\"width\":250,\"height\":250,\"caption\":\"DemainLargentiere\"},\"image\":{\"@id\":\"http:\\\/\\\/demainlargentiere.fr\\\/#\\\/schema\\\/logo\\\/image\\\/\"},\"sameAs\":[\"https:\\\/\\\/www.facebook.com\\\/DemainLargentiere\\\/\"]}]}<\/script>\n<!-- \/ Yoast SEO plugin. -->","yoast_head_json":{"title":"Claudine Fournet - Demain LARGENTIERE !","robots":{"index":"index","follow":"follow","max-snippet":"max-snippet:-1","max-image-preview":"max-image-preview:large","max-video-preview":"max-video-preview:-1"},"canonical":"https:\/\/demainlargentiere.fr\/index.php\/claudine-fournet\/","og_locale":"fr_FR","og_type":"article","og_title":"Claudine Fournet - Demain LARGENTIERE !","og_description":"\ud835\udc7c\ud835\udc8f\ud835\udc86 \ud835\udc82\ud835\udc96\ud835\udc95\ud835\udc93\ud835\udc86 \ud835\udc88\ud835\udc86\ud835\udc94\ud835\udc95\ud835\udc8a\ud835\udc90\ud835\udc8f \ud835\udc8e\ud835\udc96\ud835\udc8f\ud835\udc8a\ud835\udc84\ud835\udc8a\ud835\udc91\ud835\udc82\ud835\udc8d\ud835\udc86 \ud835\udc86\ud835\udc94\ud835\udc95 \ud835\udc91\ud835\udc90\ud835\udc94\ud835\udc94\ud835\udc8a\ud835\udc83\ud835\udc8d\ud835\udc86 Ch\u00e8res Largenti\u00e9roises, chers Largenti\u00e9rois, A quelques semaines des \u00e9lections municipales, notre cit\u00e9 de 1450 habitants, sous-pr\u00e9fecture de l\u2019Ard\u00e8che, est \u00e0 un moment charni\u00e8re de son histoire. Nous savons combien elle est riche de son patrimoine, de son cadre de vie et de ses forces vives, \u00e9conomiques et associatives. Mais &hellip; Continuer la lecture \u00ab\u00a0Claudine Fournet\u00a0\u00bb","og_url":"https:\/\/demainlargentiere.fr\/index.php\/claudine-fournet\/","og_site_name":"Demain LARGENTIERE !","article_publisher":"https:\/\/www.facebook.com\/DemainLargentiere\/","article_modified_time":"2026-03-03T10:45:33+00:00","twitter_card":"summary_large_image","twitter_misc":{"Dur\u00e9e de lecture estim\u00e9e":"2 minutes"},"schema":{"@context":"https:\/\/schema.org","@graph":[{"@type":"WebPage","@id":"https:\/\/demainlargentiere.fr\/index.php\/claudine-fournet\/","url":"https:\/\/demainlargentiere.fr\/index.php\/claudine-fournet\/","name":"Claudine Fournet - Demain LARGENTIERE !","isPartOf":{"@id":"http:\/\/demainlargentiere.fr\/#website"},"datePublished":"2026-03-03T10:45:32+00:00","dateModified":"2026-03-03T10:45:33+00:00","breadcrumb":{"@id":"https:\/\/demainlargentiere.fr\/index.php\/claudine-fournet\/#breadcrumb"},"inLanguage":"fr-FR","potentialAction":[{"@type":"ReadAction","target":["https:\/\/demainlargentiere.fr\/index.php\/claudine-fournet\/"]}]},{"@type":"BreadcrumbList","@id":"https:\/\/demainlargentiere.fr\/index.php\/claudine-fournet\/#breadcrumb","itemListElement":[{"@type":"ListItem","position":1,"name":"Accueil","item":"https:\/\/demainlargentiere.fr\/"},{"@type":"ListItem","position":2,"name":"Claudine Fournet"}]},{"@type":"WebSite","@id":"http:\/\/demainlargentiere.fr\/#website","url":"http:\/\/demainlargentiere.fr\/","name":"Demain LARGENTIERE !","description":"Ensemble, cr\u00e9ons demain.","publisher":{"@id":"http:\/\/demainlargentiere.fr\/#organization"},"potentialAction":[{"@type":"SearchAction","target":{"@type":"EntryPoint","urlTemplate":"http:\/\/demainlargentiere.fr\/?s={search_term_string}"},"query-input":{"@type":"PropertyValueSpecification","valueRequired":true,"valueName":"search_term_string"}}],"inLanguage":"fr-FR"},{"@type":"Organization","@id":"http:\/\/demainlargentiere.fr\/#organization","name":"DemainLargentiere","url":"http:\/\/demainlargentiere.fr\/","logo":{"@type":"ImageObject","inLanguage":"fr-FR","@id":"http:\/\/demainlargentiere.fr\/#\/schema\/logo\/image\/","url":"http:\/\/demainlargentiere.fr\/wp-content\/uploads\/2020\/02\/logo-250x250-1.png","contentUrl":"http:\/\/demainlargentiere.fr\/wp-content\/uploads\/2020\/02\/logo-250x250-1.png","width":250,"height":250,"caption":"DemainLargentiere"},"image":{"@id":"http:\/\/demainlargentiere.fr\/#\/schema\/logo\/image\/"},"sameAs":["https:\/\/www.facebook.com\/DemainLargentiere\/"]}]}},"_links":{"self":[{"href":"https:\/\/demainlargentiere.fr\/index.php\/wp-json\/wp\/v2\/pages\/5856","targetHints":{"allow":["GET"]}}],"collection":[{"href":"https:\/\/demainlargentiere.fr\/index.php\/wp-json\/wp\/v2\/pages"}],"about":[{"href":"https:\/\/demainlargentiere.fr\/index.php\/wp-json\/wp\/v2\/types\/page"}],"author":[{"embeddable":true,"href":"https:\/\/demainlargentiere.fr\/index.php\/wp-json\/wp\/v2\/users\/2"}],"replies":[{"embeddable":true,"href":"https:\/\/demainlargentiere.fr\/index.php\/wp-json\/wp\/v2\/comments?post=5856"}],"version-history":[{"count":1,"href":"https:\/\/demainlargentiere.fr\/index.php\/wp-json\/wp\/v2\/pages\/5856\/revisions"}],"predecessor-version":[{"id":5858,"href":"https:\/\/demainlargentiere.fr\/index.php\/wp-json\/wp\/v2\/pages\/5856\/revisions\/5858"}],"wp:attachment":[{"href":"https:\/\/demainlargentiere.fr\/index.php\/wp-json\/wp\/v2\/media?parent=5856"}],"curies":[{"name":"wp","href":"https:\/\/api.w.org\/{rel}","templated":true}]}}