{"id":5859,"date":"2026-03-03T11:54:12","date_gmt":"2026-03-03T10:54:12","guid":{"rendered":"https:\/\/demainlargentiere.fr\/?page_id=5859"},"modified":"2026-03-03T11:58:13","modified_gmt":"2026-03-03T10:58:13","slug":"florence-laroche","status":"publish","type":"page","link":"https:\/\/demainlargentiere.fr\/index.php\/florence-laroche\/","title":{"rendered":"Florence Laroche"},"content":{"rendered":"\n<p>PORTRAIT : Rencontrez Florence Laroche : \u00ab\u00a0Le bien vieillir : un enjeu de solidarit\u00e9 essentiel pour notre cit\u00e9\u00a0\u00bb<\/p>\n\n\n\n<p>Largenti\u00e9roise de c\u0153ur et fid\u00e8le \u00e0 l&rsquo;\u00e9quipe de Demain Largenti\u00e8re depuis 2020, Florence met aujourd&rsquo;hui ses comp\u00e9tences en comptabilit\u00e9 publique et son lien avec notre tissu associatif au service de notre commune.<\/p>\n\n\n\n<p><img loading=\"lazy\" decoding=\"async\" height=\"16\" width=\"16\" alt=\"\ud83c\udfe0\" src=\"https:\/\/static.xx.fbcdn.net\/images\/emoji.php\/v9\/tf6\/1\/16\/1f3e0.png\"> Son projet phare ? La \u00ab\u00a0maison en partage\u00a0\u00bb. Une alternative humaine entre le domicile individuel et la maison de retraite pour pr\u00e9server l&rsquo;autonomie et favoriser le lien social de nos a\u00een\u00e9s.<\/p>\n\n\n\n<div class=\"wp-block-media-text is-stacked-on-mobile\"><figure class=\"wp-block-media-text__media\"><video controls src=\"http:\/\/demainlargentiere.fr\/wp-content\/uploads\/2026\/02\/DL-Flo-light.mp4\"><\/video><\/figure><div class=\"wp-block-media-text__content\">\n<p><img loading=\"lazy\" decoding=\"async\" height=\"16\" width=\"16\" src=\"https:\/\/static.xx.fbcdn.net\/images\/emoji.php\/v9\/ta\/1\/16\/1f4fd.png\" alt=\"\ud83d\udcfd\ufe0f\"> D\u00e9couvrez son parcours et sa vision pour notre cit\u00e9 en vid\u00e9o !<\/p>\n<\/div><\/div>\n","protected":false},"excerpt":{"rendered":"<p>PORTRAIT : Rencontrez Florence Laroche : \u00ab\u00a0Le bien vieillir : un enjeu de solidarit\u00e9 essentiel pour notre cit\u00e9\u00a0\u00bb Largenti\u00e9roise de c\u0153ur et fid\u00e8le \u00e0 l&rsquo;\u00e9quipe de Demain Largenti\u00e8re depuis 2020, Florence met aujourd&rsquo;hui ses comp\u00e9tences en comptabilit\u00e9 publique et son lien avec notre tissu associatif au service de notre commune. Son projet phare ? La &hellip; <\/p>\n<p class=\"link-more\"><a href=\"https:\/\/demainlargentiere.fr\/index.php\/florence-laroche\/\" class=\"more-link\">Continuer la lecture <span class=\"screen-reader-text\"> \u00ab\u00a0Florence Laroche\u00a0\u00bb<\/span><\/a><\/p>\n","protected":false},"author":2,"featured_media":0,"parent":0,"menu_order":0,"comment_status":"closed","ping_status":"closed","template":"","meta":{"ngg_post_thumbnail":0,"footnotes":""},"class_list":["post-5859","page","type-page","status-publish","hentry","entry"],"yoast_head":"<!-- This site is optimized with the Yoast SEO plugin v27.4 - https:\/\/yoast.com\/product\/yoast-seo-wordpress\/ -->\n<title>Florence Laroche - Demain LARGENTIERE !<\/title>\n<meta name=\"robots\" content=\"index, follow, max-snippet:-1, max-image-preview:large, max-video-preview:-1\" \/>\n<link rel=\"canonical\" href=\"https:\/\/demainlargentiere.fr\/index.php\/florence-laroche\/\" \/>\n<meta property=\"og:locale\" content=\"fr_FR\" \/>\n<meta property=\"og:type\" content=\"article\" \/>\n<meta property=\"og:title\" content=\"Florence Laroche - Demain LARGENTIERE !\" \/>\n<meta property=\"og:description\" content=\"PORTRAIT : Rencontrez Florence Laroche : \u00ab\u00a0Le bien vieillir : un enjeu de solidarit\u00e9 essentiel pour notre cit\u00e9\u00a0\u00bb Largenti\u00e9roise de c\u0153ur et fid\u00e8le \u00e0 l&rsquo;\u00e9quipe de Demain Largenti\u00e8re depuis 2020, Florence met aujourd&rsquo;hui ses comp\u00e9tences en comptabilit\u00e9 publique et son lien avec notre tissu associatif au service de notre commune. Son projet phare ? La &hellip; Continuer la lecture \u00ab\u00a0Florence Laroche\u00a0\u00bb\" \/>\n<meta property=\"og:url\" content=\"https:\/\/demainlargentiere.fr\/index.php\/florence-laroche\/\" \/>\n<meta property=\"og:site_name\" content=\"Demain LARGENTIERE !\" \/>\n<meta property=\"article:publisher\" content=\"https:\/\/www.facebook.com\/DemainLargentiere\/\" \/>\n<meta property=\"article:modified_time\" content=\"2026-03-03T10:58:13+00:00\" \/>\n<meta property=\"og:image\" content=\"https:\/\/static.xx.fbcdn.net\/images\/emoji.php\/v9\/tf6\/1\/16\/1f3e0.png\" \/>\n<meta name=\"twitter:card\" content=\"summary_large_image\" \/>\n<meta name=\"twitter:label1\" content=\"Dur\u00e9e de lecture estim\u00e9e\" \/>\n\t<meta name=\"twitter:data1\" content=\"1 minute\" \/>\n<script type=\"application\/ld+json\" class=\"yoast-schema-graph\">{\"@context\":\"https:\\\/\\\/schema.org\",\"@graph\":[{\"@type\":\"WebPage\",\"@id\":\"https:\\\/\\\/demainlargentiere.fr\\\/index.php\\\/florence-laroche\\\/\",\"url\":\"https:\\\/\\\/demainlargentiere.fr\\\/index.php\\\/florence-laroche\\\/\",\"name\":\"Florence Laroche - Demain LARGENTIERE !\",\"isPartOf\":{\"@id\":\"http:\\\/\\\/demainlargentiere.fr\\\/#website\"},\"primaryImageOfPage\":{\"@id\":\"https:\\\/\\\/demainlargentiere.fr\\\/index.php\\\/florence-laroche\\\/#primaryimage\"},\"image\":{\"@id\":\"https:\\\/\\\/demainlargentiere.fr\\\/index.php\\\/florence-laroche\\\/#primaryimage\"},\"thumbnailUrl\":\"https:\\\/\\\/static.xx.fbcdn.net\\\/images\\\/emoji.php\\\/v9\\\/tf6\\\/1\\\/16\\\/1f3e0.png\",\"datePublished\":\"2026-03-03T10:54:12+00:00\",\"dateModified\":\"2026-03-03T10:58:13+00:00\",\"breadcrumb\":{\"@id\":\"https:\\\/\\\/demainlargentiere.fr\\\/index.php\\\/florence-laroche\\\/#breadcrumb\"},\"inLanguage\":\"fr-FR\",\"potentialAction\":[{\"@type\":\"ReadAction\",\"target\":[\"https:\\\/\\\/demainlargentiere.fr\\\/index.php\\\/florence-laroche\\\/\"]}]},{\"@type\":\"ImageObject\",\"inLanguage\":\"fr-FR\",\"@id\":\"https:\\\/\\\/demainlargentiere.fr\\\/index.php\\\/florence-laroche\\\/#primaryimage\",\"url\":\"https:\\\/\\\/static.xx.fbcdn.net\\\/images\\\/emoji.php\\\/v9\\\/tf6\\\/1\\\/16\\\/1f3e0.png\",\"contentUrl\":\"https:\\\/\\\/static.xx.fbcdn.net\\\/images\\\/emoji.php\\\/v9\\\/tf6\\\/1\\\/16\\\/1f3e0.png\"},{\"@type\":\"BreadcrumbList\",\"@id\":\"https:\\\/\\\/demainlargentiere.fr\\\/index.php\\\/florence-laroche\\\/#breadcrumb\",\"itemListElement\":[{\"@type\":\"ListItem\",\"position\":1,\"name\":\"Accueil\",\"item\":\"https:\\\/\\\/demainlargentiere.fr\\\/\"},{\"@type\":\"ListItem\",\"position\":2,\"name\":\"Florence Laroche\"}]},{\"@type\":\"WebSite\",\"@id\":\"http:\\\/\\\/demainlargentiere.fr\\\/#website\",\"url\":\"http:\\\/\\\/demainlargentiere.fr\\\/\",\"name\":\"Demain LARGENTIERE !\",\"description\":\"Ensemble, cr\u00e9ons demain.\",\"publisher\":{\"@id\":\"http:\\\/\\\/demainlargentiere.fr\\\/#organization\"},\"potentialAction\":[{\"@type\":\"SearchAction\",\"target\":{\"@type\":\"EntryPoint\",\"urlTemplate\":\"http:\\\/\\\/demainlargentiere.fr\\\/?s={search_term_string}\"},\"query-input\":{\"@type\":\"PropertyValueSpecification\",\"valueRequired\":true,\"valueName\":\"search_term_string\"}}],\"inLanguage\":\"fr-FR\"},{\"@type\":\"Organization\",\"@id\":\"http:\\\/\\\/demainlargentiere.fr\\\/#organization\",\"name\":\"DemainLargentiere\",\"url\":\"http:\\\/\\\/demainlargentiere.fr\\\/\",\"logo\":{\"@type\":\"ImageObject\",\"inLanguage\":\"fr-FR\",\"@id\":\"http:\\\/\\\/demainlargentiere.fr\\\/#\\\/schema\\\/logo\\\/image\\\/\",\"url\":\"http:\\\/\\\/demainlargentiere.fr\\\/wp-content\\\/uploads\\\/2020\\\/02\\\/logo-250x250-1.png\",\"contentUrl\":\"http:\\\/\\\/demainlargentiere.fr\\\/wp-content\\\/uploads\\\/2020\\\/02\\\/logo-250x250-1.png\",\"width\":250,\"height\":250,\"caption\":\"DemainLargentiere\"},\"image\":{\"@id\":\"http:\\\/\\\/demainlargentiere.fr\\\/#\\\/schema\\\/logo\\\/image\\\/\"},\"sameAs\":[\"https:\\\/\\\/www.facebook.com\\\/DemainLargentiere\\\/\"]}]}<\/script>\n<!-- \/ Yoast SEO plugin. -->","yoast_head_json":{"title":"Florence Laroche - Demain LARGENTIERE !","robots":{"index":"index","follow":"follow","max-snippet":"max-snippet:-1","max-image-preview":"max-image-preview:large","max-video-preview":"max-video-preview:-1"},"canonical":"https:\/\/demainlargentiere.fr\/index.php\/florence-laroche\/","og_locale":"fr_FR","og_type":"article","og_title":"Florence Laroche - Demain LARGENTIERE !","og_description":"PORTRAIT : Rencontrez Florence Laroche : \u00ab\u00a0Le bien vieillir : un enjeu de solidarit\u00e9 essentiel pour notre cit\u00e9\u00a0\u00bb Largenti\u00e9roise de c\u0153ur et fid\u00e8le \u00e0 l&rsquo;\u00e9quipe de Demain Largenti\u00e8re depuis 2020, Florence met aujourd&rsquo;hui ses comp\u00e9tences en comptabilit\u00e9 publique et son lien avec notre tissu associatif au service de notre commune. Son projet phare ? La &hellip; Continuer la lecture \u00ab\u00a0Florence Laroche\u00a0\u00bb","og_url":"https:\/\/demainlargentiere.fr\/index.php\/florence-laroche\/","og_site_name":"Demain LARGENTIERE !","article_publisher":"https:\/\/www.facebook.com\/DemainLargentiere\/","article_modified_time":"2026-03-03T10:58:13+00:00","og_image":[{"url":"https:\/\/static.xx.fbcdn.net\/images\/emoji.php\/v9\/tf6\/1\/16\/1f3e0.png","type":"","width":"","height":""}],"twitter_card":"summary_large_image","twitter_misc":{"Dur\u00e9e de lecture estim\u00e9e":"1 minute"},"schema":{"@context":"https:\/\/schema.org","@graph":[{"@type":"WebPage","@id":"https:\/\/demainlargentiere.fr\/index.php\/florence-laroche\/","url":"https:\/\/demainlargentiere.fr\/index.php\/florence-laroche\/","name":"Florence Laroche - Demain LARGENTIERE !","isPartOf":{"@id":"http:\/\/demainlargentiere.fr\/#website"},"primaryImageOfPage":{"@id":"https:\/\/demainlargentiere.fr\/index.php\/florence-laroche\/#primaryimage"},"image":{"@id":"https:\/\/demainlargentiere.fr\/index.php\/florence-laroche\/#primaryimage"},"thumbnailUrl":"https:\/\/static.xx.fbcdn.net\/images\/emoji.php\/v9\/tf6\/1\/16\/1f3e0.png","datePublished":"2026-03-03T10:54:12+00:00","dateModified":"2026-03-03T10:58:13+00:00","breadcrumb":{"@id":"https:\/\/demainlargentiere.fr\/index.php\/florence-laroche\/#breadcrumb"},"inLanguage":"fr-FR","potentialAction":[{"@type":"ReadAction","target":["https:\/\/demainlargentiere.fr\/index.php\/florence-laroche\/"]}]},{"@type":"ImageObject","inLanguage":"fr-FR","@id":"https:\/\/demainlargentiere.fr\/index.php\/florence-laroche\/#primaryimage","url":"https:\/\/static.xx.fbcdn.net\/images\/emoji.php\/v9\/tf6\/1\/16\/1f3e0.png","contentUrl":"https:\/\/static.xx.fbcdn.net\/images\/emoji.php\/v9\/tf6\/1\/16\/1f3e0.png"},{"@type":"BreadcrumbList","@id":"https:\/\/demainlargentiere.fr\/index.php\/florence-laroche\/#breadcrumb","itemListElement":[{"@type":"ListItem","position":1,"name":"Accueil","item":"https:\/\/demainlargentiere.fr\/"},{"@type":"ListItem","position":2,"name":"Florence Laroche"}]},{"@type":"WebSite","@id":"http:\/\/demainlargentiere.fr\/#website","url":"http:\/\/demainlargentiere.fr\/","name":"Demain LARGENTIERE !","description":"Ensemble, cr\u00e9ons demain.","publisher":{"@id":"http:\/\/demainlargentiere.fr\/#organization"},"potentialAction":[{"@type":"SearchAction","target":{"@type":"EntryPoint","urlTemplate":"http:\/\/demainlargentiere.fr\/?s={search_term_string}"},"query-input":{"@type":"PropertyValueSpecification","valueRequired":true,"valueName":"search_term_string"}}],"inLanguage":"fr-FR"},{"@type":"Organization","@id":"http:\/\/demainlargentiere.fr\/#organization","name":"DemainLargentiere","url":"http:\/\/demainlargentiere.fr\/","logo":{"@type":"ImageObject","inLanguage":"fr-FR","@id":"http:\/\/demainlargentiere.fr\/#\/schema\/logo\/image\/","url":"http:\/\/demainlargentiere.fr\/wp-content\/uploads\/2020\/02\/logo-250x250-1.png","contentUrl":"http:\/\/demainlargentiere.fr\/wp-content\/uploads\/2020\/02\/logo-250x250-1.png","width":250,"height":250,"caption":"DemainLargentiere"},"image":{"@id":"http:\/\/demainlargentiere.fr\/#\/schema\/logo\/image\/"},"sameAs":["https:\/\/www.facebook.com\/DemainLargentiere\/"]}]}},"_links":{"self":[{"href":"https:\/\/demainlargentiere.fr\/index.php\/wp-json\/wp\/v2\/pages\/5859","targetHints":{"allow":["GET"]}}],"collection":[{"href":"https:\/\/demainlargentiere.fr\/index.php\/wp-json\/wp\/v2\/pages"}],"about":[{"href":"https:\/\/demainlargentiere.fr\/index.php\/wp-json\/wp\/v2\/types\/page"}],"author":[{"embeddable":true,"href":"https:\/\/demainlargentiere.fr\/index.php\/wp-json\/wp\/v2\/users\/2"}],"replies":[{"embeddable":true,"href":"https:\/\/demainlargentiere.fr\/index.php\/wp-json\/wp\/v2\/comments?post=5859"}],"version-history":[{"count":2,"href":"https:\/\/demainlargentiere.fr\/index.php\/wp-json\/wp\/v2\/pages\/5859\/revisions"}],"predecessor-version":[{"id":5863,"href":"https:\/\/demainlargentiere.fr\/index.php\/wp-json\/wp\/v2\/pages\/5859\/revisions\/5863"}],"wp:attachment":[{"href":"https:\/\/demainlargentiere.fr\/index.php\/wp-json\/wp\/v2\/media?parent=5859"}],"curies":[{"name":"wp","href":"https:\/\/api.w.org\/{rel}","templated":true}]}}