{"id":5864,"date":"2026-03-03T11:59:39","date_gmt":"2026-03-03T10:59:39","guid":{"rendered":"https:\/\/demainlargentiere.fr\/?page_id=5864"},"modified":"2026-03-03T11:59:40","modified_gmt":"2026-03-03T10:59:40","slug":"said-debousse","status":"publish","type":"page","link":"https:\/\/demainlargentiere.fr\/index.php\/said-debousse\/","title":{"rendered":"Sa\u00efd Debousse"},"content":{"rendered":"\n<p>PORTRAIT Rencontrez Sa\u00efd Debousse : \u00ab\u00a0Revitaliser le centre-ville : un enjeu essentiel pour l&rsquo;avenir de notre commune\u00a0\u00bb<\/p>\n\n\n\n<p>Enfant du pays, Sa\u00efd est profond\u00e9ment attach\u00e9 \u00e0 notre territoire. Ma\u00eetre d\u2019\u0153uvre dans les travaux publics et pr\u00e9sident d&rsquo;une compagnie de th\u00e9\u00e2tre, il allie expertise technique et engagement associatif au sein de l&rsquo;\u00e9quipe de Demain Largenti\u00e8re.<\/p>\n\n\n\n<p><img loading=\"lazy\" decoding=\"async\" height=\"16\" width=\"16\" alt=\"\ud83c\udfe0\" src=\"https:\/\/static.xx.fbcdn.net\/images\/emoji.php\/v9\/tf6\/1\/16\/1f3e0.png\"> Son projet phare ? Accompagner individuellement les propri\u00e9taires pour r\u00e9nover les logements vacants, afin d&rsquo;attirer de nouveaux habitants et de pr\u00e9server ainsi nos \u00e9coles, nos services publics et nos commerces de proximit\u00e9.<\/p>\n\n\n\n<div class=\"wp-block-media-text is-stacked-on-mobile\"><figure class=\"wp-block-media-text__media\"><video controls src=\"http:\/\/demainlargentiere.fr\/wp-content\/uploads\/2026\/02\/DL-Said-light.mp4\"><\/video><\/figure><div class=\"wp-block-media-text__content\">\n<p>D\u00e9couvrez son parcours et son engagement pour Largenti\u00e8re en vid\u00e9o ! <img loading=\"lazy\" decoding=\"async\" height=\"16\" width=\"16\" src=\"https:\/\/static.xx.fbcdn.net\/images\/emoji.php\/v9\/t2d\/1\/16\/1f3ac.png\" alt=\"\ud83c\udfac\"><\/p>\n<\/div><\/div>\n","protected":false},"excerpt":{"rendered":"<p>PORTRAIT Rencontrez Sa\u00efd Debousse : \u00ab\u00a0Revitaliser le centre-ville : un enjeu essentiel pour l&rsquo;avenir de notre commune\u00a0\u00bb Enfant du pays, Sa\u00efd est profond\u00e9ment attach\u00e9 \u00e0 notre territoire. Ma\u00eetre d\u2019\u0153uvre dans les travaux publics et pr\u00e9sident d&rsquo;une compagnie de th\u00e9\u00e2tre, il allie expertise technique et engagement associatif au sein de l&rsquo;\u00e9quipe de Demain Largenti\u00e8re. Son projet &hellip; <\/p>\n<p class=\"link-more\"><a href=\"https:\/\/demainlargentiere.fr\/index.php\/said-debousse\/\" class=\"more-link\">Continuer la lecture <span class=\"screen-reader-text\"> \u00ab\u00a0Sa\u00efd Debousse\u00a0\u00bb<\/span><\/a><\/p>\n","protected":false},"author":2,"featured_media":0,"parent":0,"menu_order":0,"comment_status":"closed","ping_status":"closed","template":"","meta":{"ngg_post_thumbnail":0,"footnotes":""},"class_list":["post-5864","page","type-page","status-publish","hentry","entry"],"yoast_head":"<!-- This site is optimized with the Yoast SEO plugin v27.4 - https:\/\/yoast.com\/product\/yoast-seo-wordpress\/ -->\n<title>Sa\u00efd Debousse - Demain LARGENTIERE !<\/title>\n<meta name=\"robots\" content=\"index, follow, max-snippet:-1, max-image-preview:large, max-video-preview:-1\" \/>\n<link rel=\"canonical\" href=\"https:\/\/demainlargentiere.fr\/index.php\/said-debousse\/\" \/>\n<meta property=\"og:locale\" content=\"fr_FR\" \/>\n<meta property=\"og:type\" content=\"article\" \/>\n<meta property=\"og:title\" content=\"Sa\u00efd Debousse - Demain LARGENTIERE !\" \/>\n<meta property=\"og:description\" content=\"PORTRAIT Rencontrez Sa\u00efd Debousse : \u00ab\u00a0Revitaliser le centre-ville : un enjeu essentiel pour l&rsquo;avenir de notre commune\u00a0\u00bb Enfant du pays, Sa\u00efd est profond\u00e9ment attach\u00e9 \u00e0 notre territoire. Ma\u00eetre d\u2019\u0153uvre dans les travaux publics et pr\u00e9sident d&rsquo;une compagnie de th\u00e9\u00e2tre, il allie expertise technique et engagement associatif au sein de l&rsquo;\u00e9quipe de Demain Largenti\u00e8re. Son projet &hellip; Continuer la lecture \u00ab\u00a0Sa\u00efd Debousse\u00a0\u00bb\" \/>\n<meta property=\"og:url\" content=\"https:\/\/demainlargentiere.fr\/index.php\/said-debousse\/\" \/>\n<meta property=\"og:site_name\" content=\"Demain LARGENTIERE !\" \/>\n<meta property=\"article:publisher\" content=\"https:\/\/www.facebook.com\/DemainLargentiere\/\" \/>\n<meta property=\"article:modified_time\" content=\"2026-03-03T10:59:40+00:00\" \/>\n<meta property=\"og:image\" content=\"https:\/\/static.xx.fbcdn.net\/images\/emoji.php\/v9\/tf6\/1\/16\/1f3e0.png\" \/>\n<meta name=\"twitter:card\" content=\"summary_large_image\" \/>\n<meta name=\"twitter:label1\" content=\"Dur\u00e9e de lecture estim\u00e9e\" \/>\n\t<meta name=\"twitter:data1\" content=\"1 minute\" \/>\n<script type=\"application\/ld+json\" class=\"yoast-schema-graph\">{\"@context\":\"https:\\\/\\\/schema.org\",\"@graph\":[{\"@type\":\"WebPage\",\"@id\":\"https:\\\/\\\/demainlargentiere.fr\\\/index.php\\\/said-debousse\\\/\",\"url\":\"https:\\\/\\\/demainlargentiere.fr\\\/index.php\\\/said-debousse\\\/\",\"name\":\"Sa\u00efd Debousse - Demain LARGENTIERE !\",\"isPartOf\":{\"@id\":\"http:\\\/\\\/demainlargentiere.fr\\\/#website\"},\"primaryImageOfPage\":{\"@id\":\"https:\\\/\\\/demainlargentiere.fr\\\/index.php\\\/said-debousse\\\/#primaryimage\"},\"image\":{\"@id\":\"https:\\\/\\\/demainlargentiere.fr\\\/index.php\\\/said-debousse\\\/#primaryimage\"},\"thumbnailUrl\":\"https:\\\/\\\/static.xx.fbcdn.net\\\/images\\\/emoji.php\\\/v9\\\/tf6\\\/1\\\/16\\\/1f3e0.png\",\"datePublished\":\"2026-03-03T10:59:39+00:00\",\"dateModified\":\"2026-03-03T10:59:40+00:00\",\"breadcrumb\":{\"@id\":\"https:\\\/\\\/demainlargentiere.fr\\\/index.php\\\/said-debousse\\\/#breadcrumb\"},\"inLanguage\":\"fr-FR\",\"potentialAction\":[{\"@type\":\"ReadAction\",\"target\":[\"https:\\\/\\\/demainlargentiere.fr\\\/index.php\\\/said-debousse\\\/\"]}]},{\"@type\":\"ImageObject\",\"inLanguage\":\"fr-FR\",\"@id\":\"https:\\\/\\\/demainlargentiere.fr\\\/index.php\\\/said-debousse\\\/#primaryimage\",\"url\":\"https:\\\/\\\/static.xx.fbcdn.net\\\/images\\\/emoji.php\\\/v9\\\/tf6\\\/1\\\/16\\\/1f3e0.png\",\"contentUrl\":\"https:\\\/\\\/static.xx.fbcdn.net\\\/images\\\/emoji.php\\\/v9\\\/tf6\\\/1\\\/16\\\/1f3e0.png\"},{\"@type\":\"BreadcrumbList\",\"@id\":\"https:\\\/\\\/demainlargentiere.fr\\\/index.php\\\/said-debousse\\\/#breadcrumb\",\"itemListElement\":[{\"@type\":\"ListItem\",\"position\":1,\"name\":\"Accueil\",\"item\":\"https:\\\/\\\/demainlargentiere.fr\\\/\"},{\"@type\":\"ListItem\",\"position\":2,\"name\":\"Sa\u00efd Debousse\"}]},{\"@type\":\"WebSite\",\"@id\":\"http:\\\/\\\/demainlargentiere.fr\\\/#website\",\"url\":\"http:\\\/\\\/demainlargentiere.fr\\\/\",\"name\":\"Demain LARGENTIERE !\",\"description\":\"Ensemble, cr\u00e9ons demain.\",\"publisher\":{\"@id\":\"http:\\\/\\\/demainlargentiere.fr\\\/#organization\"},\"potentialAction\":[{\"@type\":\"SearchAction\",\"target\":{\"@type\":\"EntryPoint\",\"urlTemplate\":\"http:\\\/\\\/demainlargentiere.fr\\\/?s={search_term_string}\"},\"query-input\":{\"@type\":\"PropertyValueSpecification\",\"valueRequired\":true,\"valueName\":\"search_term_string\"}}],\"inLanguage\":\"fr-FR\"},{\"@type\":\"Organization\",\"@id\":\"http:\\\/\\\/demainlargentiere.fr\\\/#organization\",\"name\":\"DemainLargentiere\",\"url\":\"http:\\\/\\\/demainlargentiere.fr\\\/\",\"logo\":{\"@type\":\"ImageObject\",\"inLanguage\":\"fr-FR\",\"@id\":\"http:\\\/\\\/demainlargentiere.fr\\\/#\\\/schema\\\/logo\\\/image\\\/\",\"url\":\"http:\\\/\\\/demainlargentiere.fr\\\/wp-content\\\/uploads\\\/2020\\\/02\\\/logo-250x250-1.png\",\"contentUrl\":\"http:\\\/\\\/demainlargentiere.fr\\\/wp-content\\\/uploads\\\/2020\\\/02\\\/logo-250x250-1.png\",\"width\":250,\"height\":250,\"caption\":\"DemainLargentiere\"},\"image\":{\"@id\":\"http:\\\/\\\/demainlargentiere.fr\\\/#\\\/schema\\\/logo\\\/image\\\/\"},\"sameAs\":[\"https:\\\/\\\/www.facebook.com\\\/DemainLargentiere\\\/\"]}]}<\/script>\n<!-- \/ Yoast SEO plugin. -->","yoast_head_json":{"title":"Sa\u00efd Debousse - Demain LARGENTIERE !","robots":{"index":"index","follow":"follow","max-snippet":"max-snippet:-1","max-image-preview":"max-image-preview:large","max-video-preview":"max-video-preview:-1"},"canonical":"https:\/\/demainlargentiere.fr\/index.php\/said-debousse\/","og_locale":"fr_FR","og_type":"article","og_title":"Sa\u00efd Debousse - Demain LARGENTIERE !","og_description":"PORTRAIT Rencontrez Sa\u00efd Debousse : \u00ab\u00a0Revitaliser le centre-ville : un enjeu essentiel pour l&rsquo;avenir de notre commune\u00a0\u00bb Enfant du pays, Sa\u00efd est profond\u00e9ment attach\u00e9 \u00e0 notre territoire. Ma\u00eetre d\u2019\u0153uvre dans les travaux publics et pr\u00e9sident d&rsquo;une compagnie de th\u00e9\u00e2tre, il allie expertise technique et engagement associatif au sein de l&rsquo;\u00e9quipe de Demain Largenti\u00e8re. Son projet &hellip; Continuer la lecture \u00ab\u00a0Sa\u00efd Debousse\u00a0\u00bb","og_url":"https:\/\/demainlargentiere.fr\/index.php\/said-debousse\/","og_site_name":"Demain LARGENTIERE !","article_publisher":"https:\/\/www.facebook.com\/DemainLargentiere\/","article_modified_time":"2026-03-03T10:59:40+00:00","og_image":[{"url":"https:\/\/static.xx.fbcdn.net\/images\/emoji.php\/v9\/tf6\/1\/16\/1f3e0.png","type":"","width":"","height":""}],"twitter_card":"summary_large_image","twitter_misc":{"Dur\u00e9e de lecture estim\u00e9e":"1 minute"},"schema":{"@context":"https:\/\/schema.org","@graph":[{"@type":"WebPage","@id":"https:\/\/demainlargentiere.fr\/index.php\/said-debousse\/","url":"https:\/\/demainlargentiere.fr\/index.php\/said-debousse\/","name":"Sa\u00efd Debousse - Demain LARGENTIERE !","isPartOf":{"@id":"http:\/\/demainlargentiere.fr\/#website"},"primaryImageOfPage":{"@id":"https:\/\/demainlargentiere.fr\/index.php\/said-debousse\/#primaryimage"},"image":{"@id":"https:\/\/demainlargentiere.fr\/index.php\/said-debousse\/#primaryimage"},"thumbnailUrl":"https:\/\/static.xx.fbcdn.net\/images\/emoji.php\/v9\/tf6\/1\/16\/1f3e0.png","datePublished":"2026-03-03T10:59:39+00:00","dateModified":"2026-03-03T10:59:40+00:00","breadcrumb":{"@id":"https:\/\/demainlargentiere.fr\/index.php\/said-debousse\/#breadcrumb"},"inLanguage":"fr-FR","potentialAction":[{"@type":"ReadAction","target":["https:\/\/demainlargentiere.fr\/index.php\/said-debousse\/"]}]},{"@type":"ImageObject","inLanguage":"fr-FR","@id":"https:\/\/demainlargentiere.fr\/index.php\/said-debousse\/#primaryimage","url":"https:\/\/static.xx.fbcdn.net\/images\/emoji.php\/v9\/tf6\/1\/16\/1f3e0.png","contentUrl":"https:\/\/static.xx.fbcdn.net\/images\/emoji.php\/v9\/tf6\/1\/16\/1f3e0.png"},{"@type":"BreadcrumbList","@id":"https:\/\/demainlargentiere.fr\/index.php\/said-debousse\/#breadcrumb","itemListElement":[{"@type":"ListItem","position":1,"name":"Accueil","item":"https:\/\/demainlargentiere.fr\/"},{"@type":"ListItem","position":2,"name":"Sa\u00efd Debousse"}]},{"@type":"WebSite","@id":"http:\/\/demainlargentiere.fr\/#website","url":"http:\/\/demainlargentiere.fr\/","name":"Demain LARGENTIERE !","description":"Ensemble, cr\u00e9ons demain.","publisher":{"@id":"http:\/\/demainlargentiere.fr\/#organization"},"potentialAction":[{"@type":"SearchAction","target":{"@type":"EntryPoint","urlTemplate":"http:\/\/demainlargentiere.fr\/?s={search_term_string}"},"query-input":{"@type":"PropertyValueSpecification","valueRequired":true,"valueName":"search_term_string"}}],"inLanguage":"fr-FR"},{"@type":"Organization","@id":"http:\/\/demainlargentiere.fr\/#organization","name":"DemainLargentiere","url":"http:\/\/demainlargentiere.fr\/","logo":{"@type":"ImageObject","inLanguage":"fr-FR","@id":"http:\/\/demainlargentiere.fr\/#\/schema\/logo\/image\/","url":"http:\/\/demainlargentiere.fr\/wp-content\/uploads\/2020\/02\/logo-250x250-1.png","contentUrl":"http:\/\/demainlargentiere.fr\/wp-content\/uploads\/2020\/02\/logo-250x250-1.png","width":250,"height":250,"caption":"DemainLargentiere"},"image":{"@id":"http:\/\/demainlargentiere.fr\/#\/schema\/logo\/image\/"},"sameAs":["https:\/\/www.facebook.com\/DemainLargentiere\/"]}]}},"_links":{"self":[{"href":"https:\/\/demainlargentiere.fr\/index.php\/wp-json\/wp\/v2\/pages\/5864","targetHints":{"allow":["GET"]}}],"collection":[{"href":"https:\/\/demainlargentiere.fr\/index.php\/wp-json\/wp\/v2\/pages"}],"about":[{"href":"https:\/\/demainlargentiere.fr\/index.php\/wp-json\/wp\/v2\/types\/page"}],"author":[{"embeddable":true,"href":"https:\/\/demainlargentiere.fr\/index.php\/wp-json\/wp\/v2\/users\/2"}],"replies":[{"embeddable":true,"href":"https:\/\/demainlargentiere.fr\/index.php\/wp-json\/wp\/v2\/comments?post=5864"}],"version-history":[{"count":1,"href":"https:\/\/demainlargentiere.fr\/index.php\/wp-json\/wp\/v2\/pages\/5864\/revisions"}],"predecessor-version":[{"id":5865,"href":"https:\/\/demainlargentiere.fr\/index.php\/wp-json\/wp\/v2\/pages\/5864\/revisions\/5865"}],"wp:attachment":[{"href":"https:\/\/demainlargentiere.fr\/index.php\/wp-json\/wp\/v2\/media?parent=5864"}],"curies":[{"name":"wp","href":"https:\/\/api.w.org\/{rel}","templated":true}]}}