{"id":5868,"date":"2026-03-03T12:01:58","date_gmt":"2026-03-03T11:01:58","guid":{"rendered":"https:\/\/demainlargentiere.fr\/?page_id=5868"},"modified":"2026-03-03T12:02:38","modified_gmt":"2026-03-03T11:02:38","slug":"5868-2","status":"publish","type":"page","link":"https:\/\/demainlargentiere.fr\/index.php\/5868-2\/","title":{"rendered":"Laurent Th\u00e9veny"},"content":{"rendered":"\n<p>PORTRAIT Rencontrez Laurent : \u00ab\u00a0R\u00e9nover et agir pour tous : une priorit\u00e9 pour dynamiser Largenti\u00e8re\u00a0\u00bb<\/p>\n\n\n\n<p>Laurent est un retrait\u00e9 actif au parcours solide. Ancien expert au sein d&rsquo;un institut de recherche sp\u00e9cialis\u00e9 en sant\u00e9 au travail et pr\u00e9vention des risques, il apporte \u00e0 l&rsquo;\u00e9quipe de Demain Largenti\u00e8re sa rigueur technique et son profond sens de l&rsquo;engagement social.<\/p>\n\n\n\n<p><img loading=\"lazy\" decoding=\"async\" height=\"16\" width=\"16\" alt=\"\ud83d\udccd\" src=\"https:\/\/static.xx.fbcdn.net\/images\/emoji.php\/v9\/t2d\/1\/16\/1f4cd.png\"> Ses missions au c\u0153ur du projet ? L&rsquo;action sociale et la r\u00e9novation. Laurent souhaite r\u00e9activer la solidarit\u00e9 locale, notamment en r\u00e9tablissant le repas des a\u00een\u00e9s. C\u00f4t\u00e9 infrastructures, il mettra son expertise au service de la commune pour piloter la r\u00e9novation des b\u00e2timents et de l&rsquo;habitat : de l&rsquo;\u00e9laboration des cahiers des charges \u00e0 la recherche de subventions et de financements.<\/p>\n\n\n\n<p>Pour lui, le futur de Largenti\u00e8re repose sur une gestion technique ma\u00eetris\u00e9e mise au service du bien-\u00eatre collectif et de l&rsquo;accompagnement des plus fragiles.<\/p>\n\n\n\n<div class=\"wp-block-media-text is-stacked-on-mobile\"><figure class=\"wp-block-media-text__media\"><video controls src=\"http:\/\/demainlargentiere.fr\/wp-content\/uploads\/2026\/02\/DL-Laurent-T-light.mp4\"><\/video><\/figure><div class=\"wp-block-media-text__content\">\n<p>D\u00e9couvrez son parcours et ses ambitions pour notre patrimoine et notre lien social en vid\u00e9o ! <img loading=\"lazy\" decoding=\"async\" height=\"16\" width=\"16\" src=\"https:\/\/static.xx.fbcdn.net\/images\/emoji.php\/v9\/t2d\/1\/16\/1f3ac.png\" alt=\"\ud83c\udfac\"><\/p>\n<\/div><\/div>\n","protected":false},"excerpt":{"rendered":"<p>PORTRAIT Rencontrez Laurent : \u00ab\u00a0R\u00e9nover et agir pour tous : une priorit\u00e9 pour dynamiser Largenti\u00e8re\u00a0\u00bb Laurent est un retrait\u00e9 actif au parcours solide. Ancien expert au sein d&rsquo;un institut de recherche sp\u00e9cialis\u00e9 en sant\u00e9 au travail et pr\u00e9vention des risques, il apporte \u00e0 l&rsquo;\u00e9quipe de Demain Largenti\u00e8re sa rigueur technique et son profond sens de &hellip; <\/p>\n<p class=\"link-more\"><a href=\"https:\/\/demainlargentiere.fr\/index.php\/5868-2\/\" class=\"more-link\">Continuer la lecture <span class=\"screen-reader-text\"> \u00ab\u00a0Laurent Th\u00e9veny\u00a0\u00bb<\/span><\/a><\/p>\n","protected":false},"author":2,"featured_media":0,"parent":0,"menu_order":0,"comment_status":"closed","ping_status":"closed","template":"","meta":{"ngg_post_thumbnail":0,"footnotes":""},"class_list":["post-5868","page","type-page","status-publish","hentry","entry"],"yoast_head":"<!-- This site is optimized with the Yoast SEO plugin v27.4 - https:\/\/yoast.com\/product\/yoast-seo-wordpress\/ -->\n<title>Laurent Th\u00e9veny - Demain LARGENTIERE !<\/title>\n<meta name=\"robots\" content=\"index, follow, max-snippet:-1, max-image-preview:large, max-video-preview:-1\" \/>\n<link rel=\"canonical\" href=\"https:\/\/demainlargentiere.fr\/index.php\/5868-2\/\" \/>\n<meta property=\"og:locale\" content=\"fr_FR\" \/>\n<meta property=\"og:type\" content=\"article\" \/>\n<meta property=\"og:title\" content=\"Laurent Th\u00e9veny - Demain LARGENTIERE !\" \/>\n<meta property=\"og:description\" content=\"PORTRAIT Rencontrez Laurent : \u00ab\u00a0R\u00e9nover et agir pour tous : une priorit\u00e9 pour dynamiser Largenti\u00e8re\u00a0\u00bb Laurent est un retrait\u00e9 actif au parcours solide. Ancien expert au sein d&rsquo;un institut de recherche sp\u00e9cialis\u00e9 en sant\u00e9 au travail et pr\u00e9vention des risques, il apporte \u00e0 l&rsquo;\u00e9quipe de Demain Largenti\u00e8re sa rigueur technique et son profond sens de &hellip; Continuer la lecture \u00ab\u00a0Laurent Th\u00e9veny\u00a0\u00bb\" \/>\n<meta property=\"og:url\" content=\"https:\/\/demainlargentiere.fr\/index.php\/5868-2\/\" \/>\n<meta property=\"og:site_name\" content=\"Demain LARGENTIERE !\" \/>\n<meta property=\"article:publisher\" content=\"https:\/\/www.facebook.com\/DemainLargentiere\/\" \/>\n<meta property=\"article:modified_time\" content=\"2026-03-03T11:02:38+00:00\" \/>\n<meta property=\"og:image\" content=\"https:\/\/static.xx.fbcdn.net\/images\/emoji.php\/v9\/t2d\/1\/16\/1f4cd.png\" \/>\n<meta name=\"twitter:card\" content=\"summary_large_image\" \/>\n<meta name=\"twitter:label1\" content=\"Dur\u00e9e de lecture estim\u00e9e\" \/>\n\t<meta name=\"twitter:data1\" content=\"2 minutes\" \/>\n<script type=\"application\/ld+json\" class=\"yoast-schema-graph\">{\"@context\":\"https:\\\/\\\/schema.org\",\"@graph\":[{\"@type\":\"WebPage\",\"@id\":\"https:\\\/\\\/demainlargentiere.fr\\\/index.php\\\/5868-2\\\/\",\"url\":\"https:\\\/\\\/demainlargentiere.fr\\\/index.php\\\/5868-2\\\/\",\"name\":\"Laurent Th\u00e9veny - Demain LARGENTIERE !\",\"isPartOf\":{\"@id\":\"http:\\\/\\\/demainlargentiere.fr\\\/#website\"},\"primaryImageOfPage\":{\"@id\":\"https:\\\/\\\/demainlargentiere.fr\\\/index.php\\\/5868-2\\\/#primaryimage\"},\"image\":{\"@id\":\"https:\\\/\\\/demainlargentiere.fr\\\/index.php\\\/5868-2\\\/#primaryimage\"},\"thumbnailUrl\":\"https:\\\/\\\/static.xx.fbcdn.net\\\/images\\\/emoji.php\\\/v9\\\/t2d\\\/1\\\/16\\\/1f4cd.png\",\"datePublished\":\"2026-03-03T11:01:58+00:00\",\"dateModified\":\"2026-03-03T11:02:38+00:00\",\"breadcrumb\":{\"@id\":\"https:\\\/\\\/demainlargentiere.fr\\\/index.php\\\/5868-2\\\/#breadcrumb\"},\"inLanguage\":\"fr-FR\",\"potentialAction\":[{\"@type\":\"ReadAction\",\"target\":[\"https:\\\/\\\/demainlargentiere.fr\\\/index.php\\\/5868-2\\\/\"]}]},{\"@type\":\"ImageObject\",\"inLanguage\":\"fr-FR\",\"@id\":\"https:\\\/\\\/demainlargentiere.fr\\\/index.php\\\/5868-2\\\/#primaryimage\",\"url\":\"https:\\\/\\\/static.xx.fbcdn.net\\\/images\\\/emoji.php\\\/v9\\\/t2d\\\/1\\\/16\\\/1f4cd.png\",\"contentUrl\":\"https:\\\/\\\/static.xx.fbcdn.net\\\/images\\\/emoji.php\\\/v9\\\/t2d\\\/1\\\/16\\\/1f4cd.png\"},{\"@type\":\"BreadcrumbList\",\"@id\":\"https:\\\/\\\/demainlargentiere.fr\\\/index.php\\\/5868-2\\\/#breadcrumb\",\"itemListElement\":[{\"@type\":\"ListItem\",\"position\":1,\"name\":\"Accueil\",\"item\":\"https:\\\/\\\/demainlargentiere.fr\\\/\"},{\"@type\":\"ListItem\",\"position\":2,\"name\":\"Laurent Th\u00e9veny\"}]},{\"@type\":\"WebSite\",\"@id\":\"http:\\\/\\\/demainlargentiere.fr\\\/#website\",\"url\":\"http:\\\/\\\/demainlargentiere.fr\\\/\",\"name\":\"Demain LARGENTIERE !\",\"description\":\"Ensemble, cr\u00e9ons demain.\",\"publisher\":{\"@id\":\"http:\\\/\\\/demainlargentiere.fr\\\/#organization\"},\"potentialAction\":[{\"@type\":\"SearchAction\",\"target\":{\"@type\":\"EntryPoint\",\"urlTemplate\":\"http:\\\/\\\/demainlargentiere.fr\\\/?s={search_term_string}\"},\"query-input\":{\"@type\":\"PropertyValueSpecification\",\"valueRequired\":true,\"valueName\":\"search_term_string\"}}],\"inLanguage\":\"fr-FR\"},{\"@type\":\"Organization\",\"@id\":\"http:\\\/\\\/demainlargentiere.fr\\\/#organization\",\"name\":\"DemainLargentiere\",\"url\":\"http:\\\/\\\/demainlargentiere.fr\\\/\",\"logo\":{\"@type\":\"ImageObject\",\"inLanguage\":\"fr-FR\",\"@id\":\"http:\\\/\\\/demainlargentiere.fr\\\/#\\\/schema\\\/logo\\\/image\\\/\",\"url\":\"http:\\\/\\\/demainlargentiere.fr\\\/wp-content\\\/uploads\\\/2020\\\/02\\\/logo-250x250-1.png\",\"contentUrl\":\"http:\\\/\\\/demainlargentiere.fr\\\/wp-content\\\/uploads\\\/2020\\\/02\\\/logo-250x250-1.png\",\"width\":250,\"height\":250,\"caption\":\"DemainLargentiere\"},\"image\":{\"@id\":\"http:\\\/\\\/demainlargentiere.fr\\\/#\\\/schema\\\/logo\\\/image\\\/\"},\"sameAs\":[\"https:\\\/\\\/www.facebook.com\\\/DemainLargentiere\\\/\"]}]}<\/script>\n<!-- \/ Yoast SEO plugin. -->","yoast_head_json":{"title":"Laurent Th\u00e9veny - Demain LARGENTIERE !","robots":{"index":"index","follow":"follow","max-snippet":"max-snippet:-1","max-image-preview":"max-image-preview:large","max-video-preview":"max-video-preview:-1"},"canonical":"https:\/\/demainlargentiere.fr\/index.php\/5868-2\/","og_locale":"fr_FR","og_type":"article","og_title":"Laurent Th\u00e9veny - Demain LARGENTIERE !","og_description":"PORTRAIT Rencontrez Laurent : \u00ab\u00a0R\u00e9nover et agir pour tous : une priorit\u00e9 pour dynamiser Largenti\u00e8re\u00a0\u00bb Laurent est un retrait\u00e9 actif au parcours solide. Ancien expert au sein d&rsquo;un institut de recherche sp\u00e9cialis\u00e9 en sant\u00e9 au travail et pr\u00e9vention des risques, il apporte \u00e0 l&rsquo;\u00e9quipe de Demain Largenti\u00e8re sa rigueur technique et son profond sens de &hellip; Continuer la lecture \u00ab\u00a0Laurent Th\u00e9veny\u00a0\u00bb","og_url":"https:\/\/demainlargentiere.fr\/index.php\/5868-2\/","og_site_name":"Demain LARGENTIERE !","article_publisher":"https:\/\/www.facebook.com\/DemainLargentiere\/","article_modified_time":"2026-03-03T11:02:38+00:00","og_image":[{"url":"https:\/\/static.xx.fbcdn.net\/images\/emoji.php\/v9\/t2d\/1\/16\/1f4cd.png","type":"","width":"","height":""}],"twitter_card":"summary_large_image","twitter_misc":{"Dur\u00e9e de lecture estim\u00e9e":"2 minutes"},"schema":{"@context":"https:\/\/schema.org","@graph":[{"@type":"WebPage","@id":"https:\/\/demainlargentiere.fr\/index.php\/5868-2\/","url":"https:\/\/demainlargentiere.fr\/index.php\/5868-2\/","name":"Laurent Th\u00e9veny - Demain LARGENTIERE !","isPartOf":{"@id":"http:\/\/demainlargentiere.fr\/#website"},"primaryImageOfPage":{"@id":"https:\/\/demainlargentiere.fr\/index.php\/5868-2\/#primaryimage"},"image":{"@id":"https:\/\/demainlargentiere.fr\/index.php\/5868-2\/#primaryimage"},"thumbnailUrl":"https:\/\/static.xx.fbcdn.net\/images\/emoji.php\/v9\/t2d\/1\/16\/1f4cd.png","datePublished":"2026-03-03T11:01:58+00:00","dateModified":"2026-03-03T11:02:38+00:00","breadcrumb":{"@id":"https:\/\/demainlargentiere.fr\/index.php\/5868-2\/#breadcrumb"},"inLanguage":"fr-FR","potentialAction":[{"@type":"ReadAction","target":["https:\/\/demainlargentiere.fr\/index.php\/5868-2\/"]}]},{"@type":"ImageObject","inLanguage":"fr-FR","@id":"https:\/\/demainlargentiere.fr\/index.php\/5868-2\/#primaryimage","url":"https:\/\/static.xx.fbcdn.net\/images\/emoji.php\/v9\/t2d\/1\/16\/1f4cd.png","contentUrl":"https:\/\/static.xx.fbcdn.net\/images\/emoji.php\/v9\/t2d\/1\/16\/1f4cd.png"},{"@type":"BreadcrumbList","@id":"https:\/\/demainlargentiere.fr\/index.php\/5868-2\/#breadcrumb","itemListElement":[{"@type":"ListItem","position":1,"name":"Accueil","item":"https:\/\/demainlargentiere.fr\/"},{"@type":"ListItem","position":2,"name":"Laurent Th\u00e9veny"}]},{"@type":"WebSite","@id":"http:\/\/demainlargentiere.fr\/#website","url":"http:\/\/demainlargentiere.fr\/","name":"Demain LARGENTIERE !","description":"Ensemble, cr\u00e9ons demain.","publisher":{"@id":"http:\/\/demainlargentiere.fr\/#organization"},"potentialAction":[{"@type":"SearchAction","target":{"@type":"EntryPoint","urlTemplate":"http:\/\/demainlargentiere.fr\/?s={search_term_string}"},"query-input":{"@type":"PropertyValueSpecification","valueRequired":true,"valueName":"search_term_string"}}],"inLanguage":"fr-FR"},{"@type":"Organization","@id":"http:\/\/demainlargentiere.fr\/#organization","name":"DemainLargentiere","url":"http:\/\/demainlargentiere.fr\/","logo":{"@type":"ImageObject","inLanguage":"fr-FR","@id":"http:\/\/demainlargentiere.fr\/#\/schema\/logo\/image\/","url":"http:\/\/demainlargentiere.fr\/wp-content\/uploads\/2020\/02\/logo-250x250-1.png","contentUrl":"http:\/\/demainlargentiere.fr\/wp-content\/uploads\/2020\/02\/logo-250x250-1.png","width":250,"height":250,"caption":"DemainLargentiere"},"image":{"@id":"http:\/\/demainlargentiere.fr\/#\/schema\/logo\/image\/"},"sameAs":["https:\/\/www.facebook.com\/DemainLargentiere\/"]}]}},"_links":{"self":[{"href":"https:\/\/demainlargentiere.fr\/index.php\/wp-json\/wp\/v2\/pages\/5868","targetHints":{"allow":["GET"]}}],"collection":[{"href":"https:\/\/demainlargentiere.fr\/index.php\/wp-json\/wp\/v2\/pages"}],"about":[{"href":"https:\/\/demainlargentiere.fr\/index.php\/wp-json\/wp\/v2\/types\/page"}],"author":[{"embeddable":true,"href":"https:\/\/demainlargentiere.fr\/index.php\/wp-json\/wp\/v2\/users\/2"}],"replies":[{"embeddable":true,"href":"https:\/\/demainlargentiere.fr\/index.php\/wp-json\/wp\/v2\/comments?post=5868"}],"version-history":[{"count":2,"href":"https:\/\/demainlargentiere.fr\/index.php\/wp-json\/wp\/v2\/pages\/5868\/revisions"}],"predecessor-version":[{"id":5871,"href":"https:\/\/demainlargentiere.fr\/index.php\/wp-json\/wp\/v2\/pages\/5868\/revisions\/5871"}],"wp:attachment":[{"href":"https:\/\/demainlargentiere.fr\/index.php\/wp-json\/wp\/v2\/media?parent=5868"}],"curies":[{"name":"wp","href":"https:\/\/api.w.org\/{rel}","templated":true}]}}