{"id":5873,"date":"2026-03-03T12:06:46","date_gmt":"2026-03-03T11:06:46","guid":{"rendered":"https:\/\/demainlargentiere.fr\/?page_id=5873"},"modified":"2026-03-03T12:06:47","modified_gmt":"2026-03-03T11:06:47","slug":"laurette-deydier","status":"publish","type":"page","link":"https:\/\/demainlargentiere.fr\/index.php\/laurette-deydier\/","title":{"rendered":"Laurette Deydier"},"content":{"rendered":"\n<p>PORTRAIT Rencontrez Laurette : \u00ab\u00a0Cr\u00e9er un espace d\u00e9di\u00e9 aux jeunes et aux ados\u00a0\u00bb.<\/p>\n\n\n\n<p>Largenti\u00e9roise de naissance, Laurette est visc\u00e9ralement attach\u00e9e \u00e0 sa cit\u00e9. Entre ses souvenirs d&rsquo;enfance au centre-bourg et au Ginestet et son parcours de restauratrice pendant plus de 10 ans, elle conna\u00eet chaque ruelle et l&rsquo;importance de la convivialit\u00e9 dans notre commune.<\/p>\n\n\n\n<p>Son projet phare ? La cr\u00e9ation d\u2019un lieu de vie interg\u00e9n\u00e9rationnel ouvert \u00e0 tous. Un espace o\u00f9 nos jeunes et nos adolescents pourront se retrouver, profiter d&rsquo;activit\u00e9s \u00e9ducatives ou de loisirs, et b\u00e9n\u00e9ficier d&rsquo;un accompagnement pour que Largenti\u00e8re vibre toute l&rsquo;ann\u00e9e.<\/p>\n\n\n\n<div class=\"wp-block-media-text is-stacked-on-mobile\"><figure class=\"wp-block-media-text__media\"><video controls src=\"http:\/\/demainlargentiere.fr\/wp-content\/uploads\/2026\/03\/DL-Laurette-light.mp4\"><\/video><\/figure><div class=\"wp-block-media-text__content\">\n<p>D\u00e9couvrez son parcours et sa vision pour une ville plus solidaire et anim\u00e9e en vid\u00e9o ! <img loading=\"lazy\" decoding=\"async\" height=\"16\" width=\"16\" src=\"https:\/\/static.xx.fbcdn.net\/images\/emoji.php\/v9\/t2d\/1\/16\/1f3ac.png\" alt=\"\ud83c\udfac\"><\/p>\n<\/div><\/div>\n","protected":false},"excerpt":{"rendered":"<p>PORTRAIT Rencontrez Laurette : \u00ab\u00a0Cr\u00e9er un espace d\u00e9di\u00e9 aux jeunes et aux ados\u00a0\u00bb. Largenti\u00e9roise de naissance, Laurette est visc\u00e9ralement attach\u00e9e \u00e0 sa cit\u00e9. Entre ses souvenirs d&rsquo;enfance au centre-bourg et au Ginestet et son parcours de restauratrice pendant plus de 10 ans, elle conna\u00eet chaque ruelle et l&rsquo;importance de la convivialit\u00e9 dans notre commune. Son &hellip; <\/p>\n<p class=\"link-more\"><a href=\"https:\/\/demainlargentiere.fr\/index.php\/laurette-deydier\/\" class=\"more-link\">Continuer la lecture <span class=\"screen-reader-text\"> \u00ab\u00a0Laurette Deydier\u00a0\u00bb<\/span><\/a><\/p>\n","protected":false},"author":2,"featured_media":0,"parent":0,"menu_order":0,"comment_status":"closed","ping_status":"closed","template":"","meta":{"ngg_post_thumbnail":0,"footnotes":""},"class_list":["post-5873","page","type-page","status-publish","hentry","entry"],"yoast_head":"<!-- This site is optimized with the Yoast SEO plugin v27.4 - https:\/\/yoast.com\/product\/yoast-seo-wordpress\/ -->\n<title>Laurette Deydier - Demain LARGENTIERE !<\/title>\n<meta name=\"robots\" content=\"index, follow, max-snippet:-1, max-image-preview:large, max-video-preview:-1\" \/>\n<link rel=\"canonical\" href=\"https:\/\/demainlargentiere.fr\/index.php\/laurette-deydier\/\" \/>\n<meta property=\"og:locale\" content=\"fr_FR\" \/>\n<meta property=\"og:type\" content=\"article\" \/>\n<meta property=\"og:title\" content=\"Laurette Deydier - Demain LARGENTIERE !\" \/>\n<meta property=\"og:description\" content=\"PORTRAIT Rencontrez Laurette : \u00ab\u00a0Cr\u00e9er un espace d\u00e9di\u00e9 aux jeunes et aux ados\u00a0\u00bb. Largenti\u00e9roise de naissance, Laurette est visc\u00e9ralement attach\u00e9e \u00e0 sa cit\u00e9. Entre ses souvenirs d&rsquo;enfance au centre-bourg et au Ginestet et son parcours de restauratrice pendant plus de 10 ans, elle conna\u00eet chaque ruelle et l&rsquo;importance de la convivialit\u00e9 dans notre commune. Son &hellip; Continuer la lecture \u00ab\u00a0Laurette Deydier\u00a0\u00bb\" \/>\n<meta property=\"og:url\" content=\"https:\/\/demainlargentiere.fr\/index.php\/laurette-deydier\/\" \/>\n<meta property=\"og:site_name\" content=\"Demain LARGENTIERE !\" \/>\n<meta property=\"article:publisher\" content=\"https:\/\/www.facebook.com\/DemainLargentiere\/\" \/>\n<meta property=\"article:modified_time\" content=\"2026-03-03T11:06:47+00:00\" \/>\n<meta property=\"og:image\" content=\"https:\/\/static.xx.fbcdn.net\/images\/emoji.php\/v9\/t2d\/1\/16\/1f3ac.png\" \/>\n<meta name=\"twitter:card\" content=\"summary_large_image\" \/>\n<meta name=\"twitter:label1\" content=\"Dur\u00e9e de lecture estim\u00e9e\" \/>\n\t<meta name=\"twitter:data1\" content=\"1 minute\" \/>\n<script type=\"application\/ld+json\" class=\"yoast-schema-graph\">{\"@context\":\"https:\\\/\\\/schema.org\",\"@graph\":[{\"@type\":\"WebPage\",\"@id\":\"https:\\\/\\\/demainlargentiere.fr\\\/index.php\\\/laurette-deydier\\\/\",\"url\":\"https:\\\/\\\/demainlargentiere.fr\\\/index.php\\\/laurette-deydier\\\/\",\"name\":\"Laurette Deydier - Demain LARGENTIERE !\",\"isPartOf\":{\"@id\":\"http:\\\/\\\/demainlargentiere.fr\\\/#website\"},\"primaryImageOfPage\":{\"@id\":\"https:\\\/\\\/demainlargentiere.fr\\\/index.php\\\/laurette-deydier\\\/#primaryimage\"},\"image\":{\"@id\":\"https:\\\/\\\/demainlargentiere.fr\\\/index.php\\\/laurette-deydier\\\/#primaryimage\"},\"thumbnailUrl\":\"https:\\\/\\\/static.xx.fbcdn.net\\\/images\\\/emoji.php\\\/v9\\\/t2d\\\/1\\\/16\\\/1f3ac.png\",\"datePublished\":\"2026-03-03T11:06:46+00:00\",\"dateModified\":\"2026-03-03T11:06:47+00:00\",\"breadcrumb\":{\"@id\":\"https:\\\/\\\/demainlargentiere.fr\\\/index.php\\\/laurette-deydier\\\/#breadcrumb\"},\"inLanguage\":\"fr-FR\",\"potentialAction\":[{\"@type\":\"ReadAction\",\"target\":[\"https:\\\/\\\/demainlargentiere.fr\\\/index.php\\\/laurette-deydier\\\/\"]}]},{\"@type\":\"ImageObject\",\"inLanguage\":\"fr-FR\",\"@id\":\"https:\\\/\\\/demainlargentiere.fr\\\/index.php\\\/laurette-deydier\\\/#primaryimage\",\"url\":\"https:\\\/\\\/static.xx.fbcdn.net\\\/images\\\/emoji.php\\\/v9\\\/t2d\\\/1\\\/16\\\/1f3ac.png\",\"contentUrl\":\"https:\\\/\\\/static.xx.fbcdn.net\\\/images\\\/emoji.php\\\/v9\\\/t2d\\\/1\\\/16\\\/1f3ac.png\"},{\"@type\":\"BreadcrumbList\",\"@id\":\"https:\\\/\\\/demainlargentiere.fr\\\/index.php\\\/laurette-deydier\\\/#breadcrumb\",\"itemListElement\":[{\"@type\":\"ListItem\",\"position\":1,\"name\":\"Accueil\",\"item\":\"https:\\\/\\\/demainlargentiere.fr\\\/\"},{\"@type\":\"ListItem\",\"position\":2,\"name\":\"Laurette Deydier\"}]},{\"@type\":\"WebSite\",\"@id\":\"http:\\\/\\\/demainlargentiere.fr\\\/#website\",\"url\":\"http:\\\/\\\/demainlargentiere.fr\\\/\",\"name\":\"Demain LARGENTIERE !\",\"description\":\"Ensemble, cr\u00e9ons demain.\",\"publisher\":{\"@id\":\"http:\\\/\\\/demainlargentiere.fr\\\/#organization\"},\"potentialAction\":[{\"@type\":\"SearchAction\",\"target\":{\"@type\":\"EntryPoint\",\"urlTemplate\":\"http:\\\/\\\/demainlargentiere.fr\\\/?s={search_term_string}\"},\"query-input\":{\"@type\":\"PropertyValueSpecification\",\"valueRequired\":true,\"valueName\":\"search_term_string\"}}],\"inLanguage\":\"fr-FR\"},{\"@type\":\"Organization\",\"@id\":\"http:\\\/\\\/demainlargentiere.fr\\\/#organization\",\"name\":\"DemainLargentiere\",\"url\":\"http:\\\/\\\/demainlargentiere.fr\\\/\",\"logo\":{\"@type\":\"ImageObject\",\"inLanguage\":\"fr-FR\",\"@id\":\"http:\\\/\\\/demainlargentiere.fr\\\/#\\\/schema\\\/logo\\\/image\\\/\",\"url\":\"http:\\\/\\\/demainlargentiere.fr\\\/wp-content\\\/uploads\\\/2020\\\/02\\\/logo-250x250-1.png\",\"contentUrl\":\"http:\\\/\\\/demainlargentiere.fr\\\/wp-content\\\/uploads\\\/2020\\\/02\\\/logo-250x250-1.png\",\"width\":250,\"height\":250,\"caption\":\"DemainLargentiere\"},\"image\":{\"@id\":\"http:\\\/\\\/demainlargentiere.fr\\\/#\\\/schema\\\/logo\\\/image\\\/\"},\"sameAs\":[\"https:\\\/\\\/www.facebook.com\\\/DemainLargentiere\\\/\"]}]}<\/script>\n<!-- \/ Yoast SEO plugin. -->","yoast_head_json":{"title":"Laurette Deydier - Demain LARGENTIERE !","robots":{"index":"index","follow":"follow","max-snippet":"max-snippet:-1","max-image-preview":"max-image-preview:large","max-video-preview":"max-video-preview:-1"},"canonical":"https:\/\/demainlargentiere.fr\/index.php\/laurette-deydier\/","og_locale":"fr_FR","og_type":"article","og_title":"Laurette Deydier - Demain LARGENTIERE !","og_description":"PORTRAIT Rencontrez Laurette : \u00ab\u00a0Cr\u00e9er un espace d\u00e9di\u00e9 aux jeunes et aux ados\u00a0\u00bb. Largenti\u00e9roise de naissance, Laurette est visc\u00e9ralement attach\u00e9e \u00e0 sa cit\u00e9. Entre ses souvenirs d&rsquo;enfance au centre-bourg et au Ginestet et son parcours de restauratrice pendant plus de 10 ans, elle conna\u00eet chaque ruelle et l&rsquo;importance de la convivialit\u00e9 dans notre commune. Son &hellip; Continuer la lecture \u00ab\u00a0Laurette Deydier\u00a0\u00bb","og_url":"https:\/\/demainlargentiere.fr\/index.php\/laurette-deydier\/","og_site_name":"Demain LARGENTIERE !","article_publisher":"https:\/\/www.facebook.com\/DemainLargentiere\/","article_modified_time":"2026-03-03T11:06:47+00:00","og_image":[{"url":"https:\/\/static.xx.fbcdn.net\/images\/emoji.php\/v9\/t2d\/1\/16\/1f3ac.png","type":"","width":"","height":""}],"twitter_card":"summary_large_image","twitter_misc":{"Dur\u00e9e de lecture estim\u00e9e":"1 minute"},"schema":{"@context":"https:\/\/schema.org","@graph":[{"@type":"WebPage","@id":"https:\/\/demainlargentiere.fr\/index.php\/laurette-deydier\/","url":"https:\/\/demainlargentiere.fr\/index.php\/laurette-deydier\/","name":"Laurette Deydier - Demain LARGENTIERE !","isPartOf":{"@id":"http:\/\/demainlargentiere.fr\/#website"},"primaryImageOfPage":{"@id":"https:\/\/demainlargentiere.fr\/index.php\/laurette-deydier\/#primaryimage"},"image":{"@id":"https:\/\/demainlargentiere.fr\/index.php\/laurette-deydier\/#primaryimage"},"thumbnailUrl":"https:\/\/static.xx.fbcdn.net\/images\/emoji.php\/v9\/t2d\/1\/16\/1f3ac.png","datePublished":"2026-03-03T11:06:46+00:00","dateModified":"2026-03-03T11:06:47+00:00","breadcrumb":{"@id":"https:\/\/demainlargentiere.fr\/index.php\/laurette-deydier\/#breadcrumb"},"inLanguage":"fr-FR","potentialAction":[{"@type":"ReadAction","target":["https:\/\/demainlargentiere.fr\/index.php\/laurette-deydier\/"]}]},{"@type":"ImageObject","inLanguage":"fr-FR","@id":"https:\/\/demainlargentiere.fr\/index.php\/laurette-deydier\/#primaryimage","url":"https:\/\/static.xx.fbcdn.net\/images\/emoji.php\/v9\/t2d\/1\/16\/1f3ac.png","contentUrl":"https:\/\/static.xx.fbcdn.net\/images\/emoji.php\/v9\/t2d\/1\/16\/1f3ac.png"},{"@type":"BreadcrumbList","@id":"https:\/\/demainlargentiere.fr\/index.php\/laurette-deydier\/#breadcrumb","itemListElement":[{"@type":"ListItem","position":1,"name":"Accueil","item":"https:\/\/demainlargentiere.fr\/"},{"@type":"ListItem","position":2,"name":"Laurette Deydier"}]},{"@type":"WebSite","@id":"http:\/\/demainlargentiere.fr\/#website","url":"http:\/\/demainlargentiere.fr\/","name":"Demain LARGENTIERE !","description":"Ensemble, cr\u00e9ons demain.","publisher":{"@id":"http:\/\/demainlargentiere.fr\/#organization"},"potentialAction":[{"@type":"SearchAction","target":{"@type":"EntryPoint","urlTemplate":"http:\/\/demainlargentiere.fr\/?s={search_term_string}"},"query-input":{"@type":"PropertyValueSpecification","valueRequired":true,"valueName":"search_term_string"}}],"inLanguage":"fr-FR"},{"@type":"Organization","@id":"http:\/\/demainlargentiere.fr\/#organization","name":"DemainLargentiere","url":"http:\/\/demainlargentiere.fr\/","logo":{"@type":"ImageObject","inLanguage":"fr-FR","@id":"http:\/\/demainlargentiere.fr\/#\/schema\/logo\/image\/","url":"http:\/\/demainlargentiere.fr\/wp-content\/uploads\/2020\/02\/logo-250x250-1.png","contentUrl":"http:\/\/demainlargentiere.fr\/wp-content\/uploads\/2020\/02\/logo-250x250-1.png","width":250,"height":250,"caption":"DemainLargentiere"},"image":{"@id":"http:\/\/demainlargentiere.fr\/#\/schema\/logo\/image\/"},"sameAs":["https:\/\/www.facebook.com\/DemainLargentiere\/"]}]}},"_links":{"self":[{"href":"https:\/\/demainlargentiere.fr\/index.php\/wp-json\/wp\/v2\/pages\/5873","targetHints":{"allow":["GET"]}}],"collection":[{"href":"https:\/\/demainlargentiere.fr\/index.php\/wp-json\/wp\/v2\/pages"}],"about":[{"href":"https:\/\/demainlargentiere.fr\/index.php\/wp-json\/wp\/v2\/types\/page"}],"author":[{"embeddable":true,"href":"https:\/\/demainlargentiere.fr\/index.php\/wp-json\/wp\/v2\/users\/2"}],"replies":[{"embeddable":true,"href":"https:\/\/demainlargentiere.fr\/index.php\/wp-json\/wp\/v2\/comments?post=5873"}],"version-history":[{"count":1,"href":"https:\/\/demainlargentiere.fr\/index.php\/wp-json\/wp\/v2\/pages\/5873\/revisions"}],"predecessor-version":[{"id":5874,"href":"https:\/\/demainlargentiere.fr\/index.php\/wp-json\/wp\/v2\/pages\/5873\/revisions\/5874"}],"wp:attachment":[{"href":"https:\/\/demainlargentiere.fr\/index.php\/wp-json\/wp\/v2\/media?parent=5873"}],"curies":[{"name":"wp","href":"https:\/\/api.w.org\/{rel}","templated":true}]}}