{"id":5876,"date":"2026-03-03T12:09:04","date_gmt":"2026-03-03T11:09:04","guid":{"rendered":"https:\/\/demainlargentiere.fr\/?page_id=5876"},"modified":"2026-03-03T12:09:05","modified_gmt":"2026-03-03T11:09:05","slug":"annie-rivet","status":"publish","type":"page","link":"https:\/\/demainlargentiere.fr\/index.php\/annie-rivet\/","title":{"rendered":"Annie Rivet"},"content":{"rendered":"\n<p>PORTRAIT Rencontrez Annie Rivet : \u00ab\u00a0Mettre la culture au c\u0153ur de notre quotidien\u00a0\u00bb <img loading=\"lazy\" decoding=\"async\" height=\"16\" width=\"16\" src=\"https:\/\/static.xx.fbcdn.net\/images\/emoji.php\/v9\/t89\/1\/16\/1f3db.png\" alt=\"\ud83c\udfdb\ufe0f\"><\/p>\n\n\n\n<p>Arriv\u00e9e \u00e0 Largenti\u00e8re pour son patrimoine exceptionnel, Annie a d\u00e9cid\u00e9 de s\u2019engager avec Demain Largenti\u00e8re pour redonner au village son \u00e9clat et son dynamisme.<\/p>\n\n\n\n<p>Forte de 22 ans d\u2019exp\u00e9rience comme cadre de la fonction publique, elle veut am\u00e9liorer notre cadre de vie et faire rayonner notre bourg.<\/p>\n\n\n\n<p>Son projet phare ? Transformer l&rsquo;ancien tribunal en un lieu culturel pour tous.<\/p>\n\n\n\n<div class=\"wp-block-media-text is-stacked-on-mobile\"><figure class=\"wp-block-media-text__media\"><video controls src=\"http:\/\/demainlargentiere.fr\/wp-content\/uploads\/2026\/02\/DL-Annie-light.mp4\"><\/video><\/figure><div class=\"wp-block-media-text__content\">\n<p>D\u00e9couvrez son portrait en vid\u00e9o ! <img loading=\"lazy\" decoding=\"async\" height=\"16\" width=\"16\" src=\"https:\/\/static.xx.fbcdn.net\/images\/emoji.php\/v9\/t2d\/1\/16\/1f3ac.png\" alt=\"\ud83c\udfac\"><\/p>\n<\/div><\/div>\n","protected":false},"excerpt":{"rendered":"<p>PORTRAIT Rencontrez Annie Rivet : \u00ab\u00a0Mettre la culture au c\u0153ur de notre quotidien\u00a0\u00bb Arriv\u00e9e \u00e0 Largenti\u00e8re pour son patrimoine exceptionnel, Annie a d\u00e9cid\u00e9 de s\u2019engager avec Demain Largenti\u00e8re pour redonner au village son \u00e9clat et son dynamisme. Forte de 22 ans d\u2019exp\u00e9rience comme cadre de la fonction publique, elle veut am\u00e9liorer notre cadre de vie &hellip; <\/p>\n<p class=\"link-more\"><a href=\"https:\/\/demainlargentiere.fr\/index.php\/annie-rivet\/\" class=\"more-link\">Continuer la lecture <span class=\"screen-reader-text\"> \u00ab\u00a0Annie Rivet\u00a0\u00bb<\/span><\/a><\/p>\n","protected":false},"author":2,"featured_media":0,"parent":0,"menu_order":0,"comment_status":"closed","ping_status":"closed","template":"","meta":{"ngg_post_thumbnail":0,"footnotes":""},"class_list":["post-5876","page","type-page","status-publish","hentry","entry"],"yoast_head":"<!-- This site is optimized with the Yoast SEO plugin v27.4 - https:\/\/yoast.com\/product\/yoast-seo-wordpress\/ -->\n<title>Annie Rivet - Demain LARGENTIERE !<\/title>\n<meta name=\"robots\" content=\"index, follow, max-snippet:-1, max-image-preview:large, max-video-preview:-1\" \/>\n<link rel=\"canonical\" href=\"https:\/\/demainlargentiere.fr\/index.php\/annie-rivet\/\" \/>\n<meta property=\"og:locale\" content=\"fr_FR\" \/>\n<meta property=\"og:type\" content=\"article\" \/>\n<meta property=\"og:title\" content=\"Annie Rivet - Demain LARGENTIERE !\" \/>\n<meta property=\"og:description\" content=\"PORTRAIT Rencontrez Annie Rivet : \u00ab\u00a0Mettre la culture au c\u0153ur de notre quotidien\u00a0\u00bb Arriv\u00e9e \u00e0 Largenti\u00e8re pour son patrimoine exceptionnel, Annie a d\u00e9cid\u00e9 de s\u2019engager avec Demain Largenti\u00e8re pour redonner au village son \u00e9clat et son dynamisme. Forte de 22 ans d\u2019exp\u00e9rience comme cadre de la fonction publique, elle veut am\u00e9liorer notre cadre de vie &hellip; Continuer la lecture \u00ab\u00a0Annie Rivet\u00a0\u00bb\" \/>\n<meta property=\"og:url\" content=\"https:\/\/demainlargentiere.fr\/index.php\/annie-rivet\/\" \/>\n<meta property=\"og:site_name\" content=\"Demain LARGENTIERE !\" \/>\n<meta property=\"article:publisher\" content=\"https:\/\/www.facebook.com\/DemainLargentiere\/\" \/>\n<meta property=\"article:modified_time\" content=\"2026-03-03T11:09:05+00:00\" \/>\n<meta property=\"og:image\" content=\"https:\/\/static.xx.fbcdn.net\/images\/emoji.php\/v9\/t89\/1\/16\/1f3db.png\" \/>\n<meta name=\"twitter:card\" content=\"summary_large_image\" \/>\n<meta name=\"twitter:label1\" content=\"Dur\u00e9e de lecture estim\u00e9e\" \/>\n\t<meta name=\"twitter:data1\" content=\"1 minute\" \/>\n<script type=\"application\/ld+json\" class=\"yoast-schema-graph\">{\"@context\":\"https:\\\/\\\/schema.org\",\"@graph\":[{\"@type\":\"WebPage\",\"@id\":\"https:\\\/\\\/demainlargentiere.fr\\\/index.php\\\/annie-rivet\\\/\",\"url\":\"https:\\\/\\\/demainlargentiere.fr\\\/index.php\\\/annie-rivet\\\/\",\"name\":\"Annie Rivet - Demain LARGENTIERE !\",\"isPartOf\":{\"@id\":\"http:\\\/\\\/demainlargentiere.fr\\\/#website\"},\"primaryImageOfPage\":{\"@id\":\"https:\\\/\\\/demainlargentiere.fr\\\/index.php\\\/annie-rivet\\\/#primaryimage\"},\"image\":{\"@id\":\"https:\\\/\\\/demainlargentiere.fr\\\/index.php\\\/annie-rivet\\\/#primaryimage\"},\"thumbnailUrl\":\"https:\\\/\\\/static.xx.fbcdn.net\\\/images\\\/emoji.php\\\/v9\\\/t89\\\/1\\\/16\\\/1f3db.png\",\"datePublished\":\"2026-03-03T11:09:04+00:00\",\"dateModified\":\"2026-03-03T11:09:05+00:00\",\"breadcrumb\":{\"@id\":\"https:\\\/\\\/demainlargentiere.fr\\\/index.php\\\/annie-rivet\\\/#breadcrumb\"},\"inLanguage\":\"fr-FR\",\"potentialAction\":[{\"@type\":\"ReadAction\",\"target\":[\"https:\\\/\\\/demainlargentiere.fr\\\/index.php\\\/annie-rivet\\\/\"]}]},{\"@type\":\"ImageObject\",\"inLanguage\":\"fr-FR\",\"@id\":\"https:\\\/\\\/demainlargentiere.fr\\\/index.php\\\/annie-rivet\\\/#primaryimage\",\"url\":\"https:\\\/\\\/static.xx.fbcdn.net\\\/images\\\/emoji.php\\\/v9\\\/t89\\\/1\\\/16\\\/1f3db.png\",\"contentUrl\":\"https:\\\/\\\/static.xx.fbcdn.net\\\/images\\\/emoji.php\\\/v9\\\/t89\\\/1\\\/16\\\/1f3db.png\"},{\"@type\":\"BreadcrumbList\",\"@id\":\"https:\\\/\\\/demainlargentiere.fr\\\/index.php\\\/annie-rivet\\\/#breadcrumb\",\"itemListElement\":[{\"@type\":\"ListItem\",\"position\":1,\"name\":\"Accueil\",\"item\":\"https:\\\/\\\/demainlargentiere.fr\\\/\"},{\"@type\":\"ListItem\",\"position\":2,\"name\":\"Annie Rivet\"}]},{\"@type\":\"WebSite\",\"@id\":\"http:\\\/\\\/demainlargentiere.fr\\\/#website\",\"url\":\"http:\\\/\\\/demainlargentiere.fr\\\/\",\"name\":\"Demain LARGENTIERE !\",\"description\":\"Ensemble, cr\u00e9ons demain.\",\"publisher\":{\"@id\":\"http:\\\/\\\/demainlargentiere.fr\\\/#organization\"},\"potentialAction\":[{\"@type\":\"SearchAction\",\"target\":{\"@type\":\"EntryPoint\",\"urlTemplate\":\"http:\\\/\\\/demainlargentiere.fr\\\/?s={search_term_string}\"},\"query-input\":{\"@type\":\"PropertyValueSpecification\",\"valueRequired\":true,\"valueName\":\"search_term_string\"}}],\"inLanguage\":\"fr-FR\"},{\"@type\":\"Organization\",\"@id\":\"http:\\\/\\\/demainlargentiere.fr\\\/#organization\",\"name\":\"DemainLargentiere\",\"url\":\"http:\\\/\\\/demainlargentiere.fr\\\/\",\"logo\":{\"@type\":\"ImageObject\",\"inLanguage\":\"fr-FR\",\"@id\":\"http:\\\/\\\/demainlargentiere.fr\\\/#\\\/schema\\\/logo\\\/image\\\/\",\"url\":\"http:\\\/\\\/demainlargentiere.fr\\\/wp-content\\\/uploads\\\/2020\\\/02\\\/logo-250x250-1.png\",\"contentUrl\":\"http:\\\/\\\/demainlargentiere.fr\\\/wp-content\\\/uploads\\\/2020\\\/02\\\/logo-250x250-1.png\",\"width\":250,\"height\":250,\"caption\":\"DemainLargentiere\"},\"image\":{\"@id\":\"http:\\\/\\\/demainlargentiere.fr\\\/#\\\/schema\\\/logo\\\/image\\\/\"},\"sameAs\":[\"https:\\\/\\\/www.facebook.com\\\/DemainLargentiere\\\/\"]}]}<\/script>\n<!-- \/ Yoast SEO plugin. -->","yoast_head_json":{"title":"Annie Rivet - Demain LARGENTIERE !","robots":{"index":"index","follow":"follow","max-snippet":"max-snippet:-1","max-image-preview":"max-image-preview:large","max-video-preview":"max-video-preview:-1"},"canonical":"https:\/\/demainlargentiere.fr\/index.php\/annie-rivet\/","og_locale":"fr_FR","og_type":"article","og_title":"Annie Rivet - Demain LARGENTIERE !","og_description":"PORTRAIT Rencontrez Annie Rivet : \u00ab\u00a0Mettre la culture au c\u0153ur de notre quotidien\u00a0\u00bb Arriv\u00e9e \u00e0 Largenti\u00e8re pour son patrimoine exceptionnel, Annie a d\u00e9cid\u00e9 de s\u2019engager avec Demain Largenti\u00e8re pour redonner au village son \u00e9clat et son dynamisme. Forte de 22 ans d\u2019exp\u00e9rience comme cadre de la fonction publique, elle veut am\u00e9liorer notre cadre de vie &hellip; Continuer la lecture \u00ab\u00a0Annie Rivet\u00a0\u00bb","og_url":"https:\/\/demainlargentiere.fr\/index.php\/annie-rivet\/","og_site_name":"Demain LARGENTIERE !","article_publisher":"https:\/\/www.facebook.com\/DemainLargentiere\/","article_modified_time":"2026-03-03T11:09:05+00:00","og_image":[{"url":"https:\/\/static.xx.fbcdn.net\/images\/emoji.php\/v9\/t89\/1\/16\/1f3db.png","type":"","width":"","height":""}],"twitter_card":"summary_large_image","twitter_misc":{"Dur\u00e9e de lecture estim\u00e9e":"1 minute"},"schema":{"@context":"https:\/\/schema.org","@graph":[{"@type":"WebPage","@id":"https:\/\/demainlargentiere.fr\/index.php\/annie-rivet\/","url":"https:\/\/demainlargentiere.fr\/index.php\/annie-rivet\/","name":"Annie Rivet - Demain LARGENTIERE !","isPartOf":{"@id":"http:\/\/demainlargentiere.fr\/#website"},"primaryImageOfPage":{"@id":"https:\/\/demainlargentiere.fr\/index.php\/annie-rivet\/#primaryimage"},"image":{"@id":"https:\/\/demainlargentiere.fr\/index.php\/annie-rivet\/#primaryimage"},"thumbnailUrl":"https:\/\/static.xx.fbcdn.net\/images\/emoji.php\/v9\/t89\/1\/16\/1f3db.png","datePublished":"2026-03-03T11:09:04+00:00","dateModified":"2026-03-03T11:09:05+00:00","breadcrumb":{"@id":"https:\/\/demainlargentiere.fr\/index.php\/annie-rivet\/#breadcrumb"},"inLanguage":"fr-FR","potentialAction":[{"@type":"ReadAction","target":["https:\/\/demainlargentiere.fr\/index.php\/annie-rivet\/"]}]},{"@type":"ImageObject","inLanguage":"fr-FR","@id":"https:\/\/demainlargentiere.fr\/index.php\/annie-rivet\/#primaryimage","url":"https:\/\/static.xx.fbcdn.net\/images\/emoji.php\/v9\/t89\/1\/16\/1f3db.png","contentUrl":"https:\/\/static.xx.fbcdn.net\/images\/emoji.php\/v9\/t89\/1\/16\/1f3db.png"},{"@type":"BreadcrumbList","@id":"https:\/\/demainlargentiere.fr\/index.php\/annie-rivet\/#breadcrumb","itemListElement":[{"@type":"ListItem","position":1,"name":"Accueil","item":"https:\/\/demainlargentiere.fr\/"},{"@type":"ListItem","position":2,"name":"Annie Rivet"}]},{"@type":"WebSite","@id":"http:\/\/demainlargentiere.fr\/#website","url":"http:\/\/demainlargentiere.fr\/","name":"Demain LARGENTIERE !","description":"Ensemble, cr\u00e9ons demain.","publisher":{"@id":"http:\/\/demainlargentiere.fr\/#organization"},"potentialAction":[{"@type":"SearchAction","target":{"@type":"EntryPoint","urlTemplate":"http:\/\/demainlargentiere.fr\/?s={search_term_string}"},"query-input":{"@type":"PropertyValueSpecification","valueRequired":true,"valueName":"search_term_string"}}],"inLanguage":"fr-FR"},{"@type":"Organization","@id":"http:\/\/demainlargentiere.fr\/#organization","name":"DemainLargentiere","url":"http:\/\/demainlargentiere.fr\/","logo":{"@type":"ImageObject","inLanguage":"fr-FR","@id":"http:\/\/demainlargentiere.fr\/#\/schema\/logo\/image\/","url":"http:\/\/demainlargentiere.fr\/wp-content\/uploads\/2020\/02\/logo-250x250-1.png","contentUrl":"http:\/\/demainlargentiere.fr\/wp-content\/uploads\/2020\/02\/logo-250x250-1.png","width":250,"height":250,"caption":"DemainLargentiere"},"image":{"@id":"http:\/\/demainlargentiere.fr\/#\/schema\/logo\/image\/"},"sameAs":["https:\/\/www.facebook.com\/DemainLargentiere\/"]}]}},"_links":{"self":[{"href":"https:\/\/demainlargentiere.fr\/index.php\/wp-json\/wp\/v2\/pages\/5876","targetHints":{"allow":["GET"]}}],"collection":[{"href":"https:\/\/demainlargentiere.fr\/index.php\/wp-json\/wp\/v2\/pages"}],"about":[{"href":"https:\/\/demainlargentiere.fr\/index.php\/wp-json\/wp\/v2\/types\/page"}],"author":[{"embeddable":true,"href":"https:\/\/demainlargentiere.fr\/index.php\/wp-json\/wp\/v2\/users\/2"}],"replies":[{"embeddable":true,"href":"https:\/\/demainlargentiere.fr\/index.php\/wp-json\/wp\/v2\/comments?post=5876"}],"version-history":[{"count":1,"href":"https:\/\/demainlargentiere.fr\/index.php\/wp-json\/wp\/v2\/pages\/5876\/revisions"}],"predecessor-version":[{"id":5877,"href":"https:\/\/demainlargentiere.fr\/index.php\/wp-json\/wp\/v2\/pages\/5876\/revisions\/5877"}],"wp:attachment":[{"href":"https:\/\/demainlargentiere.fr\/index.php\/wp-json\/wp\/v2\/media?parent=5876"}],"curies":[{"name":"wp","href":"https:\/\/api.w.org\/{rel}","templated":true}]}}