{"id":5911,"date":"2026-03-09T17:06:59","date_gmt":"2026-03-09T16:06:59","guid":{"rendered":"https:\/\/demainlargentiere.fr\/?page_id=5911"},"modified":"2026-03-09T17:07:00","modified_gmt":"2026-03-09T16:07:00","slug":"lucie-angelini","status":"publish","type":"page","link":"https:\/\/demainlargentiere.fr\/index.php\/lucie-angelini\/","title":{"rendered":"Lucie Angelini"},"content":{"rendered":"\n<p>Professeure des \u00e9coles, elle a \u00e9t\u00e9 charm\u00e9e par la beaut\u00e9 et le caract\u00e8re de Largenti\u00e8re, ce qui l&rsquo;a amen\u00e9e \u00e0 venir s&rsquo;installer dans le centre-bourg en 2023. Elle souhaite que Largenti\u00e8re retrouve son prestige et son attractivit\u00e9. Elle est convaincue qu&rsquo;une vie culturelle plus riche serait un v\u00e9ritable atout pour Largenti\u00e8re<\/p>\n","protected":false},"excerpt":{"rendered":"<p>Professeure des \u00e9coles, elle a \u00e9t\u00e9 charm\u00e9e par la beaut\u00e9 et le caract\u00e8re de Largenti\u00e8re, ce qui l&rsquo;a amen\u00e9e \u00e0 venir s&rsquo;installer dans le centre-bourg en 2023. Elle souhaite que Largenti\u00e8re retrouve son prestige et son attractivit\u00e9. Elle est convaincue qu&rsquo;une vie culturelle plus riche serait un v\u00e9ritable atout pour Largenti\u00e8re<\/p>\n","protected":false},"author":2,"featured_media":0,"parent":0,"menu_order":0,"comment_status":"closed","ping_status":"closed","template":"","meta":{"ngg_post_thumbnail":0,"footnotes":""},"class_list":["post-5911","page","type-page","status-publish","hentry","entry"],"yoast_head":"<!-- This site is optimized with the Yoast SEO plugin v27.4 - https:\/\/yoast.com\/product\/yoast-seo-wordpress\/ -->\n<title>Lucie Angelini - Demain LARGENTIERE !<\/title>\n<meta name=\"robots\" content=\"index, follow, max-snippet:-1, max-image-preview:large, max-video-preview:-1\" \/>\n<link rel=\"canonical\" href=\"https:\/\/demainlargentiere.fr\/index.php\/lucie-angelini\/\" \/>\n<meta property=\"og:locale\" content=\"fr_FR\" \/>\n<meta property=\"og:type\" content=\"article\" \/>\n<meta property=\"og:title\" content=\"Lucie Angelini - Demain LARGENTIERE !\" \/>\n<meta property=\"og:description\" content=\"Professeure des \u00e9coles, elle a \u00e9t\u00e9 charm\u00e9e par la beaut\u00e9 et le caract\u00e8re de Largenti\u00e8re, ce qui l&rsquo;a amen\u00e9e \u00e0 venir s&rsquo;installer dans le centre-bourg en 2023. Elle souhaite que Largenti\u00e8re retrouve son prestige et son attractivit\u00e9. Elle est convaincue qu&rsquo;une vie culturelle plus riche serait un v\u00e9ritable atout pour Largenti\u00e8re\" \/>\n<meta property=\"og:url\" content=\"https:\/\/demainlargentiere.fr\/index.php\/lucie-angelini\/\" \/>\n<meta property=\"og:site_name\" content=\"Demain LARGENTIERE !\" \/>\n<meta property=\"article:publisher\" content=\"https:\/\/www.facebook.com\/DemainLargentiere\/\" \/>\n<meta property=\"article:modified_time\" content=\"2026-03-09T16:07:00+00:00\" \/>\n<meta name=\"twitter:card\" content=\"summary_large_image\" \/>\n<meta name=\"twitter:label1\" content=\"Dur\u00e9e de lecture estim\u00e9e\" \/>\n\t<meta name=\"twitter:data1\" content=\"1 minute\" \/>\n<script type=\"application\/ld+json\" class=\"yoast-schema-graph\">{\"@context\":\"https:\\\/\\\/schema.org\",\"@graph\":[{\"@type\":\"WebPage\",\"@id\":\"https:\\\/\\\/demainlargentiere.fr\\\/index.php\\\/lucie-angelini\\\/\",\"url\":\"https:\\\/\\\/demainlargentiere.fr\\\/index.php\\\/lucie-angelini\\\/\",\"name\":\"Lucie Angelini - Demain LARGENTIERE !\",\"isPartOf\":{\"@id\":\"http:\\\/\\\/demainlargentiere.fr\\\/#website\"},\"datePublished\":\"2026-03-09T16:06:59+00:00\",\"dateModified\":\"2026-03-09T16:07:00+00:00\",\"breadcrumb\":{\"@id\":\"https:\\\/\\\/demainlargentiere.fr\\\/index.php\\\/lucie-angelini\\\/#breadcrumb\"},\"inLanguage\":\"fr-FR\",\"potentialAction\":[{\"@type\":\"ReadAction\",\"target\":[\"https:\\\/\\\/demainlargentiere.fr\\\/index.php\\\/lucie-angelini\\\/\"]}]},{\"@type\":\"BreadcrumbList\",\"@id\":\"https:\\\/\\\/demainlargentiere.fr\\\/index.php\\\/lucie-angelini\\\/#breadcrumb\",\"itemListElement\":[{\"@type\":\"ListItem\",\"position\":1,\"name\":\"Accueil\",\"item\":\"https:\\\/\\\/demainlargentiere.fr\\\/\"},{\"@type\":\"ListItem\",\"position\":2,\"name\":\"Lucie Angelini\"}]},{\"@type\":\"WebSite\",\"@id\":\"http:\\\/\\\/demainlargentiere.fr\\\/#website\",\"url\":\"http:\\\/\\\/demainlargentiere.fr\\\/\",\"name\":\"Demain LARGENTIERE !\",\"description\":\"Ensemble, cr\u00e9ons demain.\",\"publisher\":{\"@id\":\"http:\\\/\\\/demainlargentiere.fr\\\/#organization\"},\"potentialAction\":[{\"@type\":\"SearchAction\",\"target\":{\"@type\":\"EntryPoint\",\"urlTemplate\":\"http:\\\/\\\/demainlargentiere.fr\\\/?s={search_term_string}\"},\"query-input\":{\"@type\":\"PropertyValueSpecification\",\"valueRequired\":true,\"valueName\":\"search_term_string\"}}],\"inLanguage\":\"fr-FR\"},{\"@type\":\"Organization\",\"@id\":\"http:\\\/\\\/demainlargentiere.fr\\\/#organization\",\"name\":\"DemainLargentiere\",\"url\":\"http:\\\/\\\/demainlargentiere.fr\\\/\",\"logo\":{\"@type\":\"ImageObject\",\"inLanguage\":\"fr-FR\",\"@id\":\"http:\\\/\\\/demainlargentiere.fr\\\/#\\\/schema\\\/logo\\\/image\\\/\",\"url\":\"http:\\\/\\\/demainlargentiere.fr\\\/wp-content\\\/uploads\\\/2020\\\/02\\\/logo-250x250-1.png\",\"contentUrl\":\"http:\\\/\\\/demainlargentiere.fr\\\/wp-content\\\/uploads\\\/2020\\\/02\\\/logo-250x250-1.png\",\"width\":250,\"height\":250,\"caption\":\"DemainLargentiere\"},\"image\":{\"@id\":\"http:\\\/\\\/demainlargentiere.fr\\\/#\\\/schema\\\/logo\\\/image\\\/\"},\"sameAs\":[\"https:\\\/\\\/www.facebook.com\\\/DemainLargentiere\\\/\"]}]}<\/script>\n<!-- \/ Yoast SEO plugin. -->","yoast_head_json":{"title":"Lucie Angelini - Demain LARGENTIERE !","robots":{"index":"index","follow":"follow","max-snippet":"max-snippet:-1","max-image-preview":"max-image-preview:large","max-video-preview":"max-video-preview:-1"},"canonical":"https:\/\/demainlargentiere.fr\/index.php\/lucie-angelini\/","og_locale":"fr_FR","og_type":"article","og_title":"Lucie Angelini - Demain LARGENTIERE !","og_description":"Professeure des \u00e9coles, elle a \u00e9t\u00e9 charm\u00e9e par la beaut\u00e9 et le caract\u00e8re de Largenti\u00e8re, ce qui l&rsquo;a amen\u00e9e \u00e0 venir s&rsquo;installer dans le centre-bourg en 2023. Elle souhaite que Largenti\u00e8re retrouve son prestige et son attractivit\u00e9. Elle est convaincue qu&rsquo;une vie culturelle plus riche serait un v\u00e9ritable atout pour Largenti\u00e8re","og_url":"https:\/\/demainlargentiere.fr\/index.php\/lucie-angelini\/","og_site_name":"Demain LARGENTIERE !","article_publisher":"https:\/\/www.facebook.com\/DemainLargentiere\/","article_modified_time":"2026-03-09T16:07:00+00:00","twitter_card":"summary_large_image","twitter_misc":{"Dur\u00e9e de lecture estim\u00e9e":"1 minute"},"schema":{"@context":"https:\/\/schema.org","@graph":[{"@type":"WebPage","@id":"https:\/\/demainlargentiere.fr\/index.php\/lucie-angelini\/","url":"https:\/\/demainlargentiere.fr\/index.php\/lucie-angelini\/","name":"Lucie Angelini - Demain LARGENTIERE !","isPartOf":{"@id":"http:\/\/demainlargentiere.fr\/#website"},"datePublished":"2026-03-09T16:06:59+00:00","dateModified":"2026-03-09T16:07:00+00:00","breadcrumb":{"@id":"https:\/\/demainlargentiere.fr\/index.php\/lucie-angelini\/#breadcrumb"},"inLanguage":"fr-FR","potentialAction":[{"@type":"ReadAction","target":["https:\/\/demainlargentiere.fr\/index.php\/lucie-angelini\/"]}]},{"@type":"BreadcrumbList","@id":"https:\/\/demainlargentiere.fr\/index.php\/lucie-angelini\/#breadcrumb","itemListElement":[{"@type":"ListItem","position":1,"name":"Accueil","item":"https:\/\/demainlargentiere.fr\/"},{"@type":"ListItem","position":2,"name":"Lucie Angelini"}]},{"@type":"WebSite","@id":"http:\/\/demainlargentiere.fr\/#website","url":"http:\/\/demainlargentiere.fr\/","name":"Demain LARGENTIERE !","description":"Ensemble, cr\u00e9ons demain.","publisher":{"@id":"http:\/\/demainlargentiere.fr\/#organization"},"potentialAction":[{"@type":"SearchAction","target":{"@type":"EntryPoint","urlTemplate":"http:\/\/demainlargentiere.fr\/?s={search_term_string}"},"query-input":{"@type":"PropertyValueSpecification","valueRequired":true,"valueName":"search_term_string"}}],"inLanguage":"fr-FR"},{"@type":"Organization","@id":"http:\/\/demainlargentiere.fr\/#organization","name":"DemainLargentiere","url":"http:\/\/demainlargentiere.fr\/","logo":{"@type":"ImageObject","inLanguage":"fr-FR","@id":"http:\/\/demainlargentiere.fr\/#\/schema\/logo\/image\/","url":"http:\/\/demainlargentiere.fr\/wp-content\/uploads\/2020\/02\/logo-250x250-1.png","contentUrl":"http:\/\/demainlargentiere.fr\/wp-content\/uploads\/2020\/02\/logo-250x250-1.png","width":250,"height":250,"caption":"DemainLargentiere"},"image":{"@id":"http:\/\/demainlargentiere.fr\/#\/schema\/logo\/image\/"},"sameAs":["https:\/\/www.facebook.com\/DemainLargentiere\/"]}]}},"_links":{"self":[{"href":"https:\/\/demainlargentiere.fr\/index.php\/wp-json\/wp\/v2\/pages\/5911","targetHints":{"allow":["GET"]}}],"collection":[{"href":"https:\/\/demainlargentiere.fr\/index.php\/wp-json\/wp\/v2\/pages"}],"about":[{"href":"https:\/\/demainlargentiere.fr\/index.php\/wp-json\/wp\/v2\/types\/page"}],"author":[{"embeddable":true,"href":"https:\/\/demainlargentiere.fr\/index.php\/wp-json\/wp\/v2\/users\/2"}],"replies":[{"embeddable":true,"href":"https:\/\/demainlargentiere.fr\/index.php\/wp-json\/wp\/v2\/comments?post=5911"}],"version-history":[{"count":1,"href":"https:\/\/demainlargentiere.fr\/index.php\/wp-json\/wp\/v2\/pages\/5911\/revisions"}],"predecessor-version":[{"id":5912,"href":"https:\/\/demainlargentiere.fr\/index.php\/wp-json\/wp\/v2\/pages\/5911\/revisions\/5912"}],"wp:attachment":[{"href":"https:\/\/demainlargentiere.fr\/index.php\/wp-json\/wp\/v2\/media?parent=5911"}],"curies":[{"name":"wp","href":"https:\/\/api.w.org\/{rel}","templated":true}]}}