{"id":5914,"date":"2026-03-09T17:09:21","date_gmt":"2026-03-09T16:09:21","guid":{"rendered":"https:\/\/demainlargentiere.fr\/?page_id=5914"},"modified":"2026-03-09T17:09:22","modified_gmt":"2026-03-09T16:09:22","slug":"ollivier-dours","status":"publish","type":"page","link":"https:\/\/demainlargentiere.fr\/index.php\/ollivier-dours\/","title":{"rendered":"Ollivier Dours"},"content":{"rendered":"\n<p>Je&nbsp;suis&nbsp;Ollivier&nbsp;Dours,&nbsp;j\u2019ai&nbsp;60&nbsp;ans&nbsp;encore&nbsp;actif, expert&nbsp;fili\u00e8re&nbsp;gazons&nbsp;\u00e0&nbsp;vocation&nbsp;sportifs et responsable Recherche et d\u00e9veloppement.<\/p>\n\n\n\n<p>Largenti\u00e8re,&nbsp;c\u2019est&nbsp;mon&nbsp;village,&nbsp;il&nbsp;est&nbsp;tellement&nbsp;beau&nbsp;mais&nbsp;je&nbsp;le&nbsp;vois&nbsp;tomber&nbsp;en&nbsp;ruine&nbsp;;<br>Pourtant&nbsp;je&nbsp;ne&nbsp;sais&nbsp;pas&nbsp;m\u2019en&nbsp;d\u00e9tacher,&nbsp;notre&nbsp;liste&nbsp;ne&nbsp;peut&nbsp;pas&nbsp;l\u2019abandonner&nbsp;&nbsp;;<\/p>\n\n\n\n<p>il&nbsp;ne&nbsp;se&nbsp;videra&nbsp;pas&nbsp;de&nbsp;ses&nbsp;habitants.<\/p>\n\n\n\n<p>Demain&nbsp;Largenti\u00e8re,&nbsp;notre&nbsp;liste&nbsp;a&nbsp;toute&nbsp;les &nbsp;qualit\u00e9s&nbsp;pour&nbsp;agir&nbsp;sur&nbsp;les&nbsp;leviers&nbsp;soci\u00e9taux&nbsp;et&nbsp;structurels,&nbsp;tout&nbsp;en&nbsp;gardant&nbsp;cette&nbsp;fibre&nbsp;environnementale&nbsp;tellement&nbsp;actuelle&nbsp;pour&nbsp;rendre&nbsp;\u00e0&nbsp;Largenti\u00e8re&nbsp;ses&nbsp;lettres&nbsp;de&nbsp;noblesse.&nbsp;<\/p>\n\n\n\n<p>Un&nbsp;visage&nbsp;qui&nbsp;rendra&nbsp;fier&nbsp;ses&nbsp;habitants&nbsp;attach\u00e9s&nbsp;comme&nbsp;moi&nbsp;\u00e0&nbsp;ce&nbsp;Demain&nbsp;pour&nbsp;Largenti\u00e8re.<\/p>\n\n\n\n<p>Largenti\u00e8re,&nbsp;c\u2019est&nbsp;mon&nbsp;village,&nbsp;et&nbsp;pour&nbsp;moi&nbsp;chaque&nbsp;recoin&nbsp;m\u00e9rite&nbsp;qu\u2019on&nbsp;s\u2019y&nbsp;attache,&nbsp;ma&nbsp;famille&nbsp;install\u00e9&nbsp;ici&nbsp;depuis&nbsp;des&nbsp;si\u00e8cles&nbsp;\u00e9voquent&nbsp;de&nbsp;doux&nbsp;souvenirs,&nbsp;je&nbsp;ne&nbsp;peux&nbsp;pas&nbsp;ne&nbsp;pas&nbsp;entendre&nbsp;leur&nbsp;legs.<\/p>\n\n\n\n<p>C\u2019est&nbsp;mon&nbsp;village&nbsp;Largenti \u00e8re&nbsp;:&nbsp;le&nbsp;chant&nbsp;de&nbsp;notre&nbsp;rivi\u00e8re&nbsp;La&nbsp;Ligne;&nbsp;son&nbsp;ch\u00e2teau,&nbsp;son&nbsp;tribunal,&nbsp;ses&nbsp;tr\u00e9sors&nbsp;<\/p>\n\n\n\n<p>architecturaux&nbsp;et&nbsp;\u00e9quipements,&nbsp;ses&nbsp;prairies&nbsp;et&nbsp;for\u00eats&nbsp;alentours,&nbsp;ses&nbsp;places&nbsp;qui&nbsp;restent&nbsp;\u00e0&nbsp;fleurir,&nbsp;ses&nbsp;petites&nbsp;traboules&nbsp;et&nbsp;petites&nbsp;rues&nbsp;du&nbsp;centre&nbsp;bourg. Ses&nbsp;min\u00e9raux&nbsp;qui&nbsp;ont&nbsp;fait&nbsp;l&rsquo;histoire&nbsp;de&nbsp;Largenti\u00e8re&nbsp;avec&nbsp;sa&nbsp;mine.&nbsp;Ses&nbsp;quelques&nbsp;m\u00fbriers&nbsp;servant&nbsp;de&nbsp;nourriture&nbsp;<\/p>\n\n\n\n<p>pour&nbsp;les&nbsp;vers&nbsp;de&nbsp;soie&nbsp;devenus trognes&nbsp;qui&nbsp;t\u00e9moignent&nbsp;du&nbsp;pass\u00e9&nbsp;des&nbsp;petites&nbsp;mains&nbsp;de&nbsp;la&nbsp;soie.<\/p>\n\n\n\n<p>Ses&nbsp;courtes&nbsp;promenades&nbsp;vous&nbsp;emm\u00e8ne&nbsp;sur&nbsp;les&nbsp;magnifiques&nbsp;faysses&nbsp;de&amp;#160 ;pierres&nbsp;<\/p>\n\n\n\n<p>s\u00e8ches&nbsp;gardiennent&nbsp;de&nbsp;notre&nbsp;paysage&nbsp;qu\u2019observe&nbsp;les&nbsp;jeunes&nbsp;de&nbsp;Largenti\u00e8re&nbsp;qui&nbsp;m\u00e9ritent&nbsp;leur&nbsp;\u00e9coles.&nbsp;<\/p>\n\n\n\n<p>Renaissance.<\/p>\n\n\n\n<p>Demain&nbsp;Largenti\u00e8re dis ce joli mot enti\u00e8rement&nbsp;pour&nbsp;moi.&nbsp;<\/p>\n\n\n\n<p>Gr\u00e2ce&nbsp;\u00e0&nbsp;l\u2019espoir&nbsp;de&nbsp;cette&nbsp;\u00e9lection&nbsp;que&nbsp;la&nbsp;liste&nbsp;incarne, Il&nbsp;est&nbsp;temps&nbsp;de&nbsp;voter&nbsp;pour&nbsp;elle.<\/p>\n\n\n\n<p>Largenti\u00e8re,&nbsp;c\u2019est&nbsp;mon&nbsp;village&nbsp;et&nbsp;je&nbsp;ne&nbsp;le&nbsp;vois&nbsp;que&nbsp;revivre\u2026<\/p>\n","protected":false},"excerpt":{"rendered":"<p>Je&nbsp;suis&nbsp;Ollivier&nbsp;Dours,&nbsp;j\u2019ai&nbsp;60&nbsp;ans&nbsp;encore&nbsp;actif, expert&nbsp;fili\u00e8re&nbsp;gazons&nbsp;\u00e0&nbsp;vocation&nbsp;sportifs et responsable Recherche et d\u00e9veloppement. Largenti\u00e8re,&nbsp;c\u2019est&nbsp;mon&nbsp;village,&nbsp;il&nbsp;est&nbsp;tellement&nbsp;beau&nbsp;mais&nbsp;je&nbsp;le&nbsp;vois&nbsp;tomber&nbsp;en&nbsp;ruine&nbsp;;Pourtant&nbsp;je&nbsp;ne&nbsp;sais&nbsp;pas&nbsp;m\u2019en&nbsp;d\u00e9tacher,&nbsp;notre&nbsp;liste&nbsp;ne&nbsp;peut&nbsp;pas&nbsp;l\u2019abandonner&nbsp;&nbsp;; il&nbsp;ne&nbsp;se&nbsp;videra&nbsp;pas&nbsp;de&nbsp;ses&nbsp;habitants. Demain&nbsp;Largenti\u00e8re,&nbsp;notre&nbsp;liste&nbsp;a&nbsp;toute&nbsp;les &nbsp;qualit\u00e9s&nbsp;pour&nbsp;agir&nbsp;sur&nbsp;les&nbsp;leviers&nbsp;soci\u00e9taux&nbsp;et&nbsp;structurels,&nbsp;tout&nbsp;en&nbsp;gardant&nbsp;cette&nbsp;fibre&nbsp;environnementale&nbsp;tellement&nbsp;actuelle&nbsp;pour&nbsp;rendre&nbsp;\u00e0&nbsp;Largenti\u00e8re&nbsp;ses&nbsp;lettres&nbsp;de&nbsp;noblesse.&nbsp; Un&nbsp;visage&nbsp;qui&nbsp;rendra&nbsp;fier&nbsp;ses&nbsp;habitants&nbsp;attach\u00e9s&nbsp;comme&nbsp;moi&nbsp;\u00e0&nbsp;ce&nbsp;Demain&nbsp;pour&nbsp;Largenti\u00e8re. Largenti\u00e8re,&nbsp;c\u2019est&nbsp;mon&nbsp;village,&nbsp;et&nbsp;pour&nbsp;moi&nbsp;chaque&nbsp;recoin&nbsp;m\u00e9rite&nbsp;qu\u2019on&nbsp;s\u2019y&nbsp;attache,&nbsp;ma&nbsp;famille&nbsp;install\u00e9&nbsp;ici&nbsp;depuis&nbsp;des&nbsp;si\u00e8cles&nbsp;\u00e9voquent&nbsp;de&nbsp;doux&nbsp;souvenirs,&nbsp;je&nbsp;ne&nbsp;peux&nbsp;pas&nbsp;ne&nbsp;pas&nbsp;entendre&nbsp;leur&nbsp;legs. C\u2019est&nbsp;mon&nbsp;village&nbsp;Largenti \u00e8re&nbsp;:&nbsp;le&nbsp;chant&nbsp;de&nbsp;notre&nbsp;rivi\u00e8re&nbsp;La&nbsp;Ligne;&nbsp;son&nbsp;ch\u00e2teau,&nbsp;son&nbsp;tribunal,&nbsp;ses&nbsp;tr\u00e9sors&nbsp; architecturaux&nbsp;et&nbsp;\u00e9quipements,&nbsp;ses&nbsp;prairies&nbsp;et&nbsp;for\u00eats&nbsp;alentours,&nbsp;ses&nbsp;places&nbsp;qui&nbsp;restent&nbsp;\u00e0&nbsp;fleurir,&nbsp;ses&nbsp;petites&nbsp;traboules&nbsp;et&nbsp;petites&nbsp;rues&nbsp;du&nbsp;centre&nbsp;bourg. Ses&nbsp;min\u00e9raux&nbsp;qui&nbsp;ont&nbsp;fait&nbsp;l&rsquo;histoire&nbsp;de&nbsp;Largenti\u00e8re&nbsp;avec&nbsp;sa&nbsp;mine.&nbsp;Ses&nbsp;quelques&nbsp;m\u00fbriers&nbsp;servant&nbsp;de&nbsp;nourriture&nbsp; pour&nbsp;les&nbsp;vers&nbsp;de&nbsp;soie&nbsp;devenus trognes&nbsp;qui&nbsp;t\u00e9moignent&nbsp;du&nbsp;pass\u00e9&nbsp;des&nbsp;petites&nbsp;mains&nbsp;de&nbsp;la&nbsp;soie. Ses&nbsp;courtes&nbsp;promenades&nbsp;vous&nbsp;emm\u00e8ne&nbsp;sur&nbsp;les&nbsp;magnifiques&nbsp;faysses&nbsp;de&amp;#160 ;pierres&nbsp; s\u00e8ches&nbsp;gardiennent&nbsp;de&nbsp;notre&nbsp;paysage&nbsp;qu\u2019observe&nbsp;les&nbsp;jeunes&nbsp;de&nbsp;Largenti\u00e8re&nbsp;qui&nbsp;m\u00e9ritent&nbsp;leur&nbsp;\u00e9coles.&nbsp; Renaissance. Demain&nbsp;Largenti\u00e8re dis ce joli mot enti\u00e8rement&nbsp;pour&nbsp;moi.&nbsp; Gr\u00e2ce&nbsp;\u00e0&nbsp;l\u2019espoir&nbsp;de&nbsp;cette&nbsp;\u00e9lection&nbsp;que&nbsp;la&nbsp;liste&nbsp;incarne, Il&nbsp;est&nbsp;temps&nbsp;de&nbsp;voter&nbsp;pour&nbsp;elle. Largenti\u00e8re,&nbsp;c\u2019est&nbsp;mon&nbsp;village&nbsp;et&nbsp;je&nbsp;ne&nbsp;le&nbsp;vois&nbsp;que&nbsp;revivre\u2026<\/p>\n","protected":false},"author":2,"featured_media":0,"parent":0,"menu_order":0,"comment_status":"closed","ping_status":"closed","template":"","meta":{"ngg_post_thumbnail":0,"footnotes":""},"class_list":["post-5914","page","type-page","status-publish","hentry","entry"],"yoast_head":"<!-- This site is optimized with the Yoast SEO plugin v27.4 - https:\/\/yoast.com\/product\/yoast-seo-wordpress\/ -->\n<title>Ollivier Dours - Demain LARGENTIERE !<\/title>\n<meta name=\"robots\" content=\"index, follow, max-snippet:-1, max-image-preview:large, max-video-preview:-1\" \/>\n<link rel=\"canonical\" href=\"https:\/\/demainlargentiere.fr\/index.php\/ollivier-dours\/\" \/>\n<meta property=\"og:locale\" content=\"fr_FR\" \/>\n<meta property=\"og:type\" content=\"article\" \/>\n<meta property=\"og:title\" content=\"Ollivier Dours - Demain LARGENTIERE !\" \/>\n<meta property=\"og:description\" content=\"Je&nbsp;suis&nbsp;Ollivier&nbsp;Dours,&nbsp;j\u2019ai&nbsp;60&nbsp;ans&nbsp;encore&nbsp;actif, expert&nbsp;fili\u00e8re&nbsp;gazons&nbsp;\u00e0&nbsp;vocation&nbsp;sportifs et responsable Recherche et d\u00e9veloppement. Largenti\u00e8re,&nbsp;c\u2019est&nbsp;mon&nbsp;village,&nbsp;il&nbsp;est&nbsp;tellement&nbsp;beau&nbsp;mais&nbsp;je&nbsp;le&nbsp;vois&nbsp;tomber&nbsp;en&nbsp;ruine&nbsp;;Pourtant&nbsp;je&nbsp;ne&nbsp;sais&nbsp;pas&nbsp;m\u2019en&nbsp;d\u00e9tacher,&nbsp;notre&nbsp;liste&nbsp;ne&nbsp;peut&nbsp;pas&nbsp;l\u2019abandonner&nbsp;&nbsp;; il&nbsp;ne&nbsp;se&nbsp;videra&nbsp;pas&nbsp;de&nbsp;ses&nbsp;habitants. Demain&nbsp;Largenti\u00e8re,&nbsp;notre&nbsp;liste&nbsp;a&nbsp;toute&nbsp;les &nbsp;qualit\u00e9s&nbsp;pour&nbsp;agir&nbsp;sur&nbsp;les&nbsp;leviers&nbsp;soci\u00e9taux&nbsp;et&nbsp;structurels,&nbsp;tout&nbsp;en&nbsp;gardant&nbsp;cette&nbsp;fibre&nbsp;environnementale&nbsp;tellement&nbsp;actuelle&nbsp;pour&nbsp;rendre&nbsp;\u00e0&nbsp;Largenti\u00e8re&nbsp;ses&nbsp;lettres&nbsp;de&nbsp;noblesse.&nbsp; Un&nbsp;visage&nbsp;qui&nbsp;rendra&nbsp;fier&nbsp;ses&nbsp;habitants&nbsp;attach\u00e9s&nbsp;comme&nbsp;moi&nbsp;\u00e0&nbsp;ce&nbsp;Demain&nbsp;pour&nbsp;Largenti\u00e8re. Largenti\u00e8re,&nbsp;c\u2019est&nbsp;mon&nbsp;village,&nbsp;et&nbsp;pour&nbsp;moi&nbsp;chaque&nbsp;recoin&nbsp;m\u00e9rite&nbsp;qu\u2019on&nbsp;s\u2019y&nbsp;attache,&nbsp;ma&nbsp;famille&nbsp;install\u00e9&nbsp;ici&nbsp;depuis&nbsp;des&nbsp;si\u00e8cles&nbsp;\u00e9voquent&nbsp;de&nbsp;doux&nbsp;souvenirs,&nbsp;je&nbsp;ne&nbsp;peux&nbsp;pas&nbsp;ne&nbsp;pas&nbsp;entendre&nbsp;leur&nbsp;legs. C\u2019est&nbsp;mon&nbsp;village&nbsp;Largenti \u00e8re&nbsp;:&nbsp;le&nbsp;chant&nbsp;de&nbsp;notre&nbsp;rivi\u00e8re&nbsp;La&nbsp;Ligne;&nbsp;son&nbsp;ch\u00e2teau,&nbsp;son&nbsp;tribunal,&nbsp;ses&nbsp;tr\u00e9sors&nbsp; architecturaux&nbsp;et&nbsp;\u00e9quipements,&nbsp;ses&nbsp;prairies&nbsp;et&nbsp;for\u00eats&nbsp;alentours,&nbsp;ses&nbsp;places&nbsp;qui&nbsp;restent&nbsp;\u00e0&nbsp;fleurir,&nbsp;ses&nbsp;petites&nbsp;traboules&nbsp;et&nbsp;petites&nbsp;rues&nbsp;du&nbsp;centre&nbsp;bourg. Ses&nbsp;min\u00e9raux&nbsp;qui&nbsp;ont&nbsp;fait&nbsp;l&rsquo;histoire&nbsp;de&nbsp;Largenti\u00e8re&nbsp;avec&nbsp;sa&nbsp;mine.&nbsp;Ses&nbsp;quelques&nbsp;m\u00fbriers&nbsp;servant&nbsp;de&nbsp;nourriture&nbsp; pour&nbsp;les&nbsp;vers&nbsp;de&nbsp;soie&nbsp;devenus trognes&nbsp;qui&nbsp;t\u00e9moignent&nbsp;du&nbsp;pass\u00e9&nbsp;des&nbsp;petites&nbsp;mains&nbsp;de&nbsp;la&nbsp;soie. Ses&nbsp;courtes&nbsp;promenades&nbsp;vous&nbsp;emm\u00e8ne&nbsp;sur&nbsp;les&nbsp;magnifiques&nbsp;faysses&nbsp;de&amp;#160 ;pierres&nbsp; s\u00e8ches&nbsp;gardiennent&nbsp;de&nbsp;notre&nbsp;paysage&nbsp;qu\u2019observe&nbsp;les&nbsp;jeunes&nbsp;de&nbsp;Largenti\u00e8re&nbsp;qui&nbsp;m\u00e9ritent&nbsp;leur&nbsp;\u00e9coles.&nbsp; Renaissance. Demain&nbsp;Largenti\u00e8re dis ce joli mot enti\u00e8rement&nbsp;pour&nbsp;moi.&nbsp; Gr\u00e2ce&nbsp;\u00e0&nbsp;l\u2019espoir&nbsp;de&nbsp;cette&nbsp;\u00e9lection&nbsp;que&nbsp;la&nbsp;liste&nbsp;incarne, Il&nbsp;est&nbsp;temps&nbsp;de&nbsp;voter&nbsp;pour&nbsp;elle. Largenti\u00e8re,&nbsp;c\u2019est&nbsp;mon&nbsp;village&nbsp;et&nbsp;je&nbsp;ne&nbsp;le&nbsp;vois&nbsp;que&nbsp;revivre\u2026\" \/>\n<meta property=\"og:url\" content=\"https:\/\/demainlargentiere.fr\/index.php\/ollivier-dours\/\" \/>\n<meta property=\"og:site_name\" content=\"Demain LARGENTIERE !\" \/>\n<meta property=\"article:publisher\" content=\"https:\/\/www.facebook.com\/DemainLargentiere\/\" \/>\n<meta property=\"article:modified_time\" content=\"2026-03-09T16:09:22+00:00\" \/>\n<meta name=\"twitter:card\" content=\"summary_large_image\" \/>\n<meta name=\"twitter:label1\" content=\"Dur\u00e9e de lecture estim\u00e9e\" \/>\n\t<meta name=\"twitter:data1\" content=\"2 minutes\" \/>\n<script type=\"application\/ld+json\" class=\"yoast-schema-graph\">{\"@context\":\"https:\\\/\\\/schema.org\",\"@graph\":[{\"@type\":\"WebPage\",\"@id\":\"https:\\\/\\\/demainlargentiere.fr\\\/index.php\\\/ollivier-dours\\\/\",\"url\":\"https:\\\/\\\/demainlargentiere.fr\\\/index.php\\\/ollivier-dours\\\/\",\"name\":\"Ollivier Dours - Demain LARGENTIERE !\",\"isPartOf\":{\"@id\":\"http:\\\/\\\/demainlargentiere.fr\\\/#website\"},\"datePublished\":\"2026-03-09T16:09:21+00:00\",\"dateModified\":\"2026-03-09T16:09:22+00:00\",\"breadcrumb\":{\"@id\":\"https:\\\/\\\/demainlargentiere.fr\\\/index.php\\\/ollivier-dours\\\/#breadcrumb\"},\"inLanguage\":\"fr-FR\",\"potentialAction\":[{\"@type\":\"ReadAction\",\"target\":[\"https:\\\/\\\/demainlargentiere.fr\\\/index.php\\\/ollivier-dours\\\/\"]}]},{\"@type\":\"BreadcrumbList\",\"@id\":\"https:\\\/\\\/demainlargentiere.fr\\\/index.php\\\/ollivier-dours\\\/#breadcrumb\",\"itemListElement\":[{\"@type\":\"ListItem\",\"position\":1,\"name\":\"Accueil\",\"item\":\"https:\\\/\\\/demainlargentiere.fr\\\/\"},{\"@type\":\"ListItem\",\"position\":2,\"name\":\"Ollivier Dours\"}]},{\"@type\":\"WebSite\",\"@id\":\"http:\\\/\\\/demainlargentiere.fr\\\/#website\",\"url\":\"http:\\\/\\\/demainlargentiere.fr\\\/\",\"name\":\"Demain LARGENTIERE !\",\"description\":\"Ensemble, cr\u00e9ons demain.\",\"publisher\":{\"@id\":\"http:\\\/\\\/demainlargentiere.fr\\\/#organization\"},\"potentialAction\":[{\"@type\":\"SearchAction\",\"target\":{\"@type\":\"EntryPoint\",\"urlTemplate\":\"http:\\\/\\\/demainlargentiere.fr\\\/?s={search_term_string}\"},\"query-input\":{\"@type\":\"PropertyValueSpecification\",\"valueRequired\":true,\"valueName\":\"search_term_string\"}}],\"inLanguage\":\"fr-FR\"},{\"@type\":\"Organization\",\"@id\":\"http:\\\/\\\/demainlargentiere.fr\\\/#organization\",\"name\":\"DemainLargentiere\",\"url\":\"http:\\\/\\\/demainlargentiere.fr\\\/\",\"logo\":{\"@type\":\"ImageObject\",\"inLanguage\":\"fr-FR\",\"@id\":\"http:\\\/\\\/demainlargentiere.fr\\\/#\\\/schema\\\/logo\\\/image\\\/\",\"url\":\"http:\\\/\\\/demainlargentiere.fr\\\/wp-content\\\/uploads\\\/2020\\\/02\\\/logo-250x250-1.png\",\"contentUrl\":\"http:\\\/\\\/demainlargentiere.fr\\\/wp-content\\\/uploads\\\/2020\\\/02\\\/logo-250x250-1.png\",\"width\":250,\"height\":250,\"caption\":\"DemainLargentiere\"},\"image\":{\"@id\":\"http:\\\/\\\/demainlargentiere.fr\\\/#\\\/schema\\\/logo\\\/image\\\/\"},\"sameAs\":[\"https:\\\/\\\/www.facebook.com\\\/DemainLargentiere\\\/\"]}]}<\/script>\n<!-- \/ Yoast SEO plugin. -->","yoast_head_json":{"title":"Ollivier Dours - Demain LARGENTIERE !","robots":{"index":"index","follow":"follow","max-snippet":"max-snippet:-1","max-image-preview":"max-image-preview:large","max-video-preview":"max-video-preview:-1"},"canonical":"https:\/\/demainlargentiere.fr\/index.php\/ollivier-dours\/","og_locale":"fr_FR","og_type":"article","og_title":"Ollivier Dours - Demain LARGENTIERE !","og_description":"Je&nbsp;suis&nbsp;Ollivier&nbsp;Dours,&nbsp;j\u2019ai&nbsp;60&nbsp;ans&nbsp;encore&nbsp;actif, expert&nbsp;fili\u00e8re&nbsp;gazons&nbsp;\u00e0&nbsp;vocation&nbsp;sportifs et responsable Recherche et d\u00e9veloppement. Largenti\u00e8re,&nbsp;c\u2019est&nbsp;mon&nbsp;village,&nbsp;il&nbsp;est&nbsp;tellement&nbsp;beau&nbsp;mais&nbsp;je&nbsp;le&nbsp;vois&nbsp;tomber&nbsp;en&nbsp;ruine&nbsp;;Pourtant&nbsp;je&nbsp;ne&nbsp;sais&nbsp;pas&nbsp;m\u2019en&nbsp;d\u00e9tacher,&nbsp;notre&nbsp;liste&nbsp;ne&nbsp;peut&nbsp;pas&nbsp;l\u2019abandonner&nbsp;&nbsp;; il&nbsp;ne&nbsp;se&nbsp;videra&nbsp;pas&nbsp;de&nbsp;ses&nbsp;habitants. Demain&nbsp;Largenti\u00e8re,&nbsp;notre&nbsp;liste&nbsp;a&nbsp;toute&nbsp;les &nbsp;qualit\u00e9s&nbsp;pour&nbsp;agir&nbsp;sur&nbsp;les&nbsp;leviers&nbsp;soci\u00e9taux&nbsp;et&nbsp;structurels,&nbsp;tout&nbsp;en&nbsp;gardant&nbsp;cette&nbsp;fibre&nbsp;environnementale&nbsp;tellement&nbsp;actuelle&nbsp;pour&nbsp;rendre&nbsp;\u00e0&nbsp;Largenti\u00e8re&nbsp;ses&nbsp;lettres&nbsp;de&nbsp;noblesse.&nbsp; Un&nbsp;visage&nbsp;qui&nbsp;rendra&nbsp;fier&nbsp;ses&nbsp;habitants&nbsp;attach\u00e9s&nbsp;comme&nbsp;moi&nbsp;\u00e0&nbsp;ce&nbsp;Demain&nbsp;pour&nbsp;Largenti\u00e8re. Largenti\u00e8re,&nbsp;c\u2019est&nbsp;mon&nbsp;village,&nbsp;et&nbsp;pour&nbsp;moi&nbsp;chaque&nbsp;recoin&nbsp;m\u00e9rite&nbsp;qu\u2019on&nbsp;s\u2019y&nbsp;attache,&nbsp;ma&nbsp;famille&nbsp;install\u00e9&nbsp;ici&nbsp;depuis&nbsp;des&nbsp;si\u00e8cles&nbsp;\u00e9voquent&nbsp;de&nbsp;doux&nbsp;souvenirs,&nbsp;je&nbsp;ne&nbsp;peux&nbsp;pas&nbsp;ne&nbsp;pas&nbsp;entendre&nbsp;leur&nbsp;legs. C\u2019est&nbsp;mon&nbsp;village&nbsp;Largenti \u00e8re&nbsp;:&nbsp;le&nbsp;chant&nbsp;de&nbsp;notre&nbsp;rivi\u00e8re&nbsp;La&nbsp;Ligne;&nbsp;son&nbsp;ch\u00e2teau,&nbsp;son&nbsp;tribunal,&nbsp;ses&nbsp;tr\u00e9sors&nbsp; architecturaux&nbsp;et&nbsp;\u00e9quipements,&nbsp;ses&nbsp;prairies&nbsp;et&nbsp;for\u00eats&nbsp;alentours,&nbsp;ses&nbsp;places&nbsp;qui&nbsp;restent&nbsp;\u00e0&nbsp;fleurir,&nbsp;ses&nbsp;petites&nbsp;traboules&nbsp;et&nbsp;petites&nbsp;rues&nbsp;du&nbsp;centre&nbsp;bourg. Ses&nbsp;min\u00e9raux&nbsp;qui&nbsp;ont&nbsp;fait&nbsp;l&rsquo;histoire&nbsp;de&nbsp;Largenti\u00e8re&nbsp;avec&nbsp;sa&nbsp;mine.&nbsp;Ses&nbsp;quelques&nbsp;m\u00fbriers&nbsp;servant&nbsp;de&nbsp;nourriture&nbsp; pour&nbsp;les&nbsp;vers&nbsp;de&nbsp;soie&nbsp;devenus trognes&nbsp;qui&nbsp;t\u00e9moignent&nbsp;du&nbsp;pass\u00e9&nbsp;des&nbsp;petites&nbsp;mains&nbsp;de&nbsp;la&nbsp;soie. Ses&nbsp;courtes&nbsp;promenades&nbsp;vous&nbsp;emm\u00e8ne&nbsp;sur&nbsp;les&nbsp;magnifiques&nbsp;faysses&nbsp;de&amp;#160 ;pierres&nbsp; s\u00e8ches&nbsp;gardiennent&nbsp;de&nbsp;notre&nbsp;paysage&nbsp;qu\u2019observe&nbsp;les&nbsp;jeunes&nbsp;de&nbsp;Largenti\u00e8re&nbsp;qui&nbsp;m\u00e9ritent&nbsp;leur&nbsp;\u00e9coles.&nbsp; Renaissance. Demain&nbsp;Largenti\u00e8re dis ce joli mot enti\u00e8rement&nbsp;pour&nbsp;moi.&nbsp; Gr\u00e2ce&nbsp;\u00e0&nbsp;l\u2019espoir&nbsp;de&nbsp;cette&nbsp;\u00e9lection&nbsp;que&nbsp;la&nbsp;liste&nbsp;incarne, Il&nbsp;est&nbsp;temps&nbsp;de&nbsp;voter&nbsp;pour&nbsp;elle. Largenti\u00e8re,&nbsp;c\u2019est&nbsp;mon&nbsp;village&nbsp;et&nbsp;je&nbsp;ne&nbsp;le&nbsp;vois&nbsp;que&nbsp;revivre\u2026","og_url":"https:\/\/demainlargentiere.fr\/index.php\/ollivier-dours\/","og_site_name":"Demain LARGENTIERE !","article_publisher":"https:\/\/www.facebook.com\/DemainLargentiere\/","article_modified_time":"2026-03-09T16:09:22+00:00","twitter_card":"summary_large_image","twitter_misc":{"Dur\u00e9e de lecture estim\u00e9e":"2 minutes"},"schema":{"@context":"https:\/\/schema.org","@graph":[{"@type":"WebPage","@id":"https:\/\/demainlargentiere.fr\/index.php\/ollivier-dours\/","url":"https:\/\/demainlargentiere.fr\/index.php\/ollivier-dours\/","name":"Ollivier Dours - Demain LARGENTIERE !","isPartOf":{"@id":"http:\/\/demainlargentiere.fr\/#website"},"datePublished":"2026-03-09T16:09:21+00:00","dateModified":"2026-03-09T16:09:22+00:00","breadcrumb":{"@id":"https:\/\/demainlargentiere.fr\/index.php\/ollivier-dours\/#breadcrumb"},"inLanguage":"fr-FR","potentialAction":[{"@type":"ReadAction","target":["https:\/\/demainlargentiere.fr\/index.php\/ollivier-dours\/"]}]},{"@type":"BreadcrumbList","@id":"https:\/\/demainlargentiere.fr\/index.php\/ollivier-dours\/#breadcrumb","itemListElement":[{"@type":"ListItem","position":1,"name":"Accueil","item":"https:\/\/demainlargentiere.fr\/"},{"@type":"ListItem","position":2,"name":"Ollivier Dours"}]},{"@type":"WebSite","@id":"http:\/\/demainlargentiere.fr\/#website","url":"http:\/\/demainlargentiere.fr\/","name":"Demain LARGENTIERE !","description":"Ensemble, cr\u00e9ons demain.","publisher":{"@id":"http:\/\/demainlargentiere.fr\/#organization"},"potentialAction":[{"@type":"SearchAction","target":{"@type":"EntryPoint","urlTemplate":"http:\/\/demainlargentiere.fr\/?s={search_term_string}"},"query-input":{"@type":"PropertyValueSpecification","valueRequired":true,"valueName":"search_term_string"}}],"inLanguage":"fr-FR"},{"@type":"Organization","@id":"http:\/\/demainlargentiere.fr\/#organization","name":"DemainLargentiere","url":"http:\/\/demainlargentiere.fr\/","logo":{"@type":"ImageObject","inLanguage":"fr-FR","@id":"http:\/\/demainlargentiere.fr\/#\/schema\/logo\/image\/","url":"http:\/\/demainlargentiere.fr\/wp-content\/uploads\/2020\/02\/logo-250x250-1.png","contentUrl":"http:\/\/demainlargentiere.fr\/wp-content\/uploads\/2020\/02\/logo-250x250-1.png","width":250,"height":250,"caption":"DemainLargentiere"},"image":{"@id":"http:\/\/demainlargentiere.fr\/#\/schema\/logo\/image\/"},"sameAs":["https:\/\/www.facebook.com\/DemainLargentiere\/"]}]}},"_links":{"self":[{"href":"https:\/\/demainlargentiere.fr\/index.php\/wp-json\/wp\/v2\/pages\/5914","targetHints":{"allow":["GET"]}}],"collection":[{"href":"https:\/\/demainlargentiere.fr\/index.php\/wp-json\/wp\/v2\/pages"}],"about":[{"href":"https:\/\/demainlargentiere.fr\/index.php\/wp-json\/wp\/v2\/types\/page"}],"author":[{"embeddable":true,"href":"https:\/\/demainlargentiere.fr\/index.php\/wp-json\/wp\/v2\/users\/2"}],"replies":[{"embeddable":true,"href":"https:\/\/demainlargentiere.fr\/index.php\/wp-json\/wp\/v2\/comments?post=5914"}],"version-history":[{"count":1,"href":"https:\/\/demainlargentiere.fr\/index.php\/wp-json\/wp\/v2\/pages\/5914\/revisions"}],"predecessor-version":[{"id":5915,"href":"https:\/\/demainlargentiere.fr\/index.php\/wp-json\/wp\/v2\/pages\/5914\/revisions\/5915"}],"wp:attachment":[{"href":"https:\/\/demainlargentiere.fr\/index.php\/wp-json\/wp\/v2\/media?parent=5914"}],"curies":[{"name":"wp","href":"https:\/\/api.w.org\/{rel}","templated":true}]}}