{"id":5923,"date":"2026-03-10T10:53:20","date_gmt":"2026-03-10T09:53:20","guid":{"rendered":"https:\/\/demainlargentiere.fr\/?page_id=5923"},"modified":"2026-03-10T10:53:21","modified_gmt":"2026-03-10T09:53:21","slug":"clement-prat","status":"publish","type":"page","link":"https:\/\/demainlargentiere.fr\/index.php\/clement-prat\/","title":{"rendered":"Cl\u00e9ment PRAT"},"content":{"rendered":"\n<p>Mon attachement pour le l\u2019Ard\u00e8che M\u00e9ridionale remonte \u00e0 ma petite enfance&nbsp;: je passais une grande partie des vacances ici, chez mes grands parents. Mon grand p\u00e8re, Jean PRAT, \u00e9tait un fin connaisseur de la r\u00e9gion et de son histoire, il nous transmettait \u00e7a, durant nos balades dans les bois ou dans les Gras.<br><br>Je me suis install\u00e9 il y a 8 ans de cela en Sud Ard\u00e8che et j\u2019habite depuis 5 ans le quartier du Haut C\u00e9las \u00e0 Largenti\u00e8re. J\u2019ai trouv\u00e9 mon \u00e9quilibre ici, entre nature et douceur de vivre.<br><br>Au niveau professionnel, je suis informaticien. Je travaille \u00e0 mon compte&nbsp;: je suis d\u00e9panneur et \u00e9galement d\u00e9veloppeur web (je construis des sites Internet).<\/p>\n\n\n\n<p>J\u2019ai d\u00e9cid\u00e9 de m\u2019engager dans la liste de Demain Largenti\u00e8re car cette liste incarne des valeurs importantes \u00e0 mes yeux&nbsp;: humanisme, pr\u00e9f\u00e9rence \u00e0 l\u2019int\u00e9r\u00eat g\u00e9n\u00e9ral plut\u00f4t qu\u2019\u00e0 quelques int\u00e9r\u00eats particuliers, transparence et \u00e0 l\u2019\u00e9coute des habitants&nbsp;!<\/p>\n","protected":false},"excerpt":{"rendered":"<p>Mon attachement pour le l\u2019Ard\u00e8che M\u00e9ridionale remonte \u00e0 ma petite enfance&nbsp;: je passais une grande partie des vacances ici, chez mes grands parents. Mon grand p\u00e8re, Jean PRAT, \u00e9tait un fin connaisseur de la r\u00e9gion et de son histoire, il nous transmettait \u00e7a, durant nos balades dans les bois ou dans les Gras. Je me &hellip; <\/p>\n<p class=\"link-more\"><a href=\"https:\/\/demainlargentiere.fr\/index.php\/clement-prat\/\" class=\"more-link\">Continuer la lecture <span class=\"screen-reader-text\"> \u00ab\u00a0Cl\u00e9ment PRAT\u00a0\u00bb<\/span><\/a><\/p>\n","protected":false},"author":6,"featured_media":0,"parent":0,"menu_order":0,"comment_status":"closed","ping_status":"closed","template":"","meta":{"ngg_post_thumbnail":0,"footnotes":""},"class_list":["post-5923","page","type-page","status-publish","hentry","entry"],"yoast_head":"<!-- This site is optimized with the Yoast SEO plugin v27.4 - https:\/\/yoast.com\/product\/yoast-seo-wordpress\/ -->\n<title>Cl\u00e9ment PRAT - Demain LARGENTIERE !<\/title>\n<meta name=\"robots\" content=\"index, follow, max-snippet:-1, max-image-preview:large, max-video-preview:-1\" \/>\n<link rel=\"canonical\" href=\"https:\/\/demainlargentiere.fr\/index.php\/clement-prat\/\" \/>\n<meta property=\"og:locale\" content=\"fr_FR\" \/>\n<meta property=\"og:type\" content=\"article\" \/>\n<meta property=\"og:title\" content=\"Cl\u00e9ment PRAT - Demain LARGENTIERE !\" \/>\n<meta property=\"og:description\" content=\"Mon attachement pour le l\u2019Ard\u00e8che M\u00e9ridionale remonte \u00e0 ma petite enfance&nbsp;: je passais une grande partie des vacances ici, chez mes grands parents. Mon grand p\u00e8re, Jean PRAT, \u00e9tait un fin connaisseur de la r\u00e9gion et de son histoire, il nous transmettait \u00e7a, durant nos balades dans les bois ou dans les Gras. Je me &hellip; Continuer la lecture \u00ab\u00a0Cl\u00e9ment PRAT\u00a0\u00bb\" \/>\n<meta property=\"og:url\" content=\"https:\/\/demainlargentiere.fr\/index.php\/clement-prat\/\" \/>\n<meta property=\"og:site_name\" content=\"Demain LARGENTIERE !\" \/>\n<meta property=\"article:publisher\" content=\"https:\/\/www.facebook.com\/DemainLargentiere\/\" \/>\n<meta property=\"article:modified_time\" content=\"2026-03-10T09:53:21+00:00\" \/>\n<meta name=\"twitter:card\" content=\"summary_large_image\" \/>\n<meta name=\"twitter:label1\" content=\"Dur\u00e9e de lecture estim\u00e9e\" \/>\n\t<meta name=\"twitter:data1\" content=\"1 minute\" \/>\n<script type=\"application\/ld+json\" class=\"yoast-schema-graph\">{\"@context\":\"https:\\\/\\\/schema.org\",\"@graph\":[{\"@type\":\"WebPage\",\"@id\":\"https:\\\/\\\/demainlargentiere.fr\\\/index.php\\\/clement-prat\\\/\",\"url\":\"https:\\\/\\\/demainlargentiere.fr\\\/index.php\\\/clement-prat\\\/\",\"name\":\"Cl\u00e9ment PRAT - Demain LARGENTIERE !\",\"isPartOf\":{\"@id\":\"http:\\\/\\\/demainlargentiere.fr\\\/#website\"},\"datePublished\":\"2026-03-10T09:53:20+00:00\",\"dateModified\":\"2026-03-10T09:53:21+00:00\",\"breadcrumb\":{\"@id\":\"https:\\\/\\\/demainlargentiere.fr\\\/index.php\\\/clement-prat\\\/#breadcrumb\"},\"inLanguage\":\"fr-FR\",\"potentialAction\":[{\"@type\":\"ReadAction\",\"target\":[\"https:\\\/\\\/demainlargentiere.fr\\\/index.php\\\/clement-prat\\\/\"]}]},{\"@type\":\"BreadcrumbList\",\"@id\":\"https:\\\/\\\/demainlargentiere.fr\\\/index.php\\\/clement-prat\\\/#breadcrumb\",\"itemListElement\":[{\"@type\":\"ListItem\",\"position\":1,\"name\":\"Accueil\",\"item\":\"https:\\\/\\\/demainlargentiere.fr\\\/\"},{\"@type\":\"ListItem\",\"position\":2,\"name\":\"Cl\u00e9ment PRAT\"}]},{\"@type\":\"WebSite\",\"@id\":\"http:\\\/\\\/demainlargentiere.fr\\\/#website\",\"url\":\"http:\\\/\\\/demainlargentiere.fr\\\/\",\"name\":\"Demain LARGENTIERE !\",\"description\":\"Ensemble, cr\u00e9ons demain.\",\"publisher\":{\"@id\":\"http:\\\/\\\/demainlargentiere.fr\\\/#organization\"},\"potentialAction\":[{\"@type\":\"SearchAction\",\"target\":{\"@type\":\"EntryPoint\",\"urlTemplate\":\"http:\\\/\\\/demainlargentiere.fr\\\/?s={search_term_string}\"},\"query-input\":{\"@type\":\"PropertyValueSpecification\",\"valueRequired\":true,\"valueName\":\"search_term_string\"}}],\"inLanguage\":\"fr-FR\"},{\"@type\":\"Organization\",\"@id\":\"http:\\\/\\\/demainlargentiere.fr\\\/#organization\",\"name\":\"DemainLargentiere\",\"url\":\"http:\\\/\\\/demainlargentiere.fr\\\/\",\"logo\":{\"@type\":\"ImageObject\",\"inLanguage\":\"fr-FR\",\"@id\":\"http:\\\/\\\/demainlargentiere.fr\\\/#\\\/schema\\\/logo\\\/image\\\/\",\"url\":\"http:\\\/\\\/demainlargentiere.fr\\\/wp-content\\\/uploads\\\/2020\\\/02\\\/logo-250x250-1.png\",\"contentUrl\":\"http:\\\/\\\/demainlargentiere.fr\\\/wp-content\\\/uploads\\\/2020\\\/02\\\/logo-250x250-1.png\",\"width\":250,\"height\":250,\"caption\":\"DemainLargentiere\"},\"image\":{\"@id\":\"http:\\\/\\\/demainlargentiere.fr\\\/#\\\/schema\\\/logo\\\/image\\\/\"},\"sameAs\":[\"https:\\\/\\\/www.facebook.com\\\/DemainLargentiere\\\/\"]}]}<\/script>\n<!-- \/ Yoast SEO plugin. -->","yoast_head_json":{"title":"Cl\u00e9ment PRAT - Demain LARGENTIERE !","robots":{"index":"index","follow":"follow","max-snippet":"max-snippet:-1","max-image-preview":"max-image-preview:large","max-video-preview":"max-video-preview:-1"},"canonical":"https:\/\/demainlargentiere.fr\/index.php\/clement-prat\/","og_locale":"fr_FR","og_type":"article","og_title":"Cl\u00e9ment PRAT - Demain LARGENTIERE !","og_description":"Mon attachement pour le l\u2019Ard\u00e8che M\u00e9ridionale remonte \u00e0 ma petite enfance&nbsp;: je passais une grande partie des vacances ici, chez mes grands parents. Mon grand p\u00e8re, Jean PRAT, \u00e9tait un fin connaisseur de la r\u00e9gion et de son histoire, il nous transmettait \u00e7a, durant nos balades dans les bois ou dans les Gras. Je me &hellip; Continuer la lecture \u00ab\u00a0Cl\u00e9ment PRAT\u00a0\u00bb","og_url":"https:\/\/demainlargentiere.fr\/index.php\/clement-prat\/","og_site_name":"Demain LARGENTIERE !","article_publisher":"https:\/\/www.facebook.com\/DemainLargentiere\/","article_modified_time":"2026-03-10T09:53:21+00:00","twitter_card":"summary_large_image","twitter_misc":{"Dur\u00e9e de lecture estim\u00e9e":"1 minute"},"schema":{"@context":"https:\/\/schema.org","@graph":[{"@type":"WebPage","@id":"https:\/\/demainlargentiere.fr\/index.php\/clement-prat\/","url":"https:\/\/demainlargentiere.fr\/index.php\/clement-prat\/","name":"Cl\u00e9ment PRAT - Demain LARGENTIERE !","isPartOf":{"@id":"http:\/\/demainlargentiere.fr\/#website"},"datePublished":"2026-03-10T09:53:20+00:00","dateModified":"2026-03-10T09:53:21+00:00","breadcrumb":{"@id":"https:\/\/demainlargentiere.fr\/index.php\/clement-prat\/#breadcrumb"},"inLanguage":"fr-FR","potentialAction":[{"@type":"ReadAction","target":["https:\/\/demainlargentiere.fr\/index.php\/clement-prat\/"]}]},{"@type":"BreadcrumbList","@id":"https:\/\/demainlargentiere.fr\/index.php\/clement-prat\/#breadcrumb","itemListElement":[{"@type":"ListItem","position":1,"name":"Accueil","item":"https:\/\/demainlargentiere.fr\/"},{"@type":"ListItem","position":2,"name":"Cl\u00e9ment PRAT"}]},{"@type":"WebSite","@id":"http:\/\/demainlargentiere.fr\/#website","url":"http:\/\/demainlargentiere.fr\/","name":"Demain LARGENTIERE !","description":"Ensemble, cr\u00e9ons demain.","publisher":{"@id":"http:\/\/demainlargentiere.fr\/#organization"},"potentialAction":[{"@type":"SearchAction","target":{"@type":"EntryPoint","urlTemplate":"http:\/\/demainlargentiere.fr\/?s={search_term_string}"},"query-input":{"@type":"PropertyValueSpecification","valueRequired":true,"valueName":"search_term_string"}}],"inLanguage":"fr-FR"},{"@type":"Organization","@id":"http:\/\/demainlargentiere.fr\/#organization","name":"DemainLargentiere","url":"http:\/\/demainlargentiere.fr\/","logo":{"@type":"ImageObject","inLanguage":"fr-FR","@id":"http:\/\/demainlargentiere.fr\/#\/schema\/logo\/image\/","url":"http:\/\/demainlargentiere.fr\/wp-content\/uploads\/2020\/02\/logo-250x250-1.png","contentUrl":"http:\/\/demainlargentiere.fr\/wp-content\/uploads\/2020\/02\/logo-250x250-1.png","width":250,"height":250,"caption":"DemainLargentiere"},"image":{"@id":"http:\/\/demainlargentiere.fr\/#\/schema\/logo\/image\/"},"sameAs":["https:\/\/www.facebook.com\/DemainLargentiere\/"]}]}},"_links":{"self":[{"href":"https:\/\/demainlargentiere.fr\/index.php\/wp-json\/wp\/v2\/pages\/5923","targetHints":{"allow":["GET"]}}],"collection":[{"href":"https:\/\/demainlargentiere.fr\/index.php\/wp-json\/wp\/v2\/pages"}],"about":[{"href":"https:\/\/demainlargentiere.fr\/index.php\/wp-json\/wp\/v2\/types\/page"}],"author":[{"embeddable":true,"href":"https:\/\/demainlargentiere.fr\/index.php\/wp-json\/wp\/v2\/users\/6"}],"replies":[{"embeddable":true,"href":"https:\/\/demainlargentiere.fr\/index.php\/wp-json\/wp\/v2\/comments?post=5923"}],"version-history":[{"count":1,"href":"https:\/\/demainlargentiere.fr\/index.php\/wp-json\/wp\/v2\/pages\/5923\/revisions"}],"predecessor-version":[{"id":5924,"href":"https:\/\/demainlargentiere.fr\/index.php\/wp-json\/wp\/v2\/pages\/5923\/revisions\/5924"}],"wp:attachment":[{"href":"https:\/\/demainlargentiere.fr\/index.php\/wp-json\/wp\/v2\/media?parent=5923"}],"curies":[{"name":"wp","href":"https:\/\/api.w.org\/{rel}","templated":true}]}}